{"id":13997,"date":"2025-09-16T16:57:25","date_gmt":"2025-09-16T14:57:25","guid":{"rendered":"https:\/\/miralles1986.com\/?page_id=13997"},"modified":"2025-09-16T16:57:25","modified_gmt":"2025-09-16T14:57:25","slug":"zapatillas-run-of-en-valencia","status":"publish","type":"page","link":"https:\/\/miralles1986.com\/en\/zapatillas-run-of-en-valencia\/","title":{"rendered":"Run Of sneakers in Valencia"},"content":{"rendered":"<div id=\"fws_69e3173f1f54c\"  data-column-margin=\"default\" data-midnight=\"dark\"  class=\"wpb_row vc_row-fluid vc_row\"  style=\"padding-top: 0px; padding-bottom: 0px; \"><div class=\"row-bg-wrap\" data-bg-animation=\"none\" data-bg-animation-delay=\"\" data-bg-overlay=\"false\"><div class=\"inner-wrap row-bg-layer\" ><div class=\"row-bg viewport-desktop\"  style=\"\"><\/div><\/div><\/div><div class=\"row_col_wrap_12 col span_12 dark left\">\n\t<div  class=\"vc_col-sm-12 wpb_column column_container vc_column_container col no-extra-padding inherit_tablet inherit_phone\"  data-padding-pos=\"all\" data-has-bg-color=\"false\" data-bg-color=\"\" data-bg-opacity=\"1\" data-animation=\"\" data-delay=\"0\" >\n\t\t<div class=\"vc_column-inner\" >\n\t\t\t<div class=\"wpb_wrapper\">\n\t\t\t\t<div class=\"divider-wrap\" data-alignment=\"default\"><div style=\"height: 70px;\" class=\"divider\"><\/div><\/div>\n<div class=\"wpb_text_column wpb_content_element\" >\n\t<h2 style=\"text-align: center;\">Buy Run Of sneakers online in Valencia with Miralles 1986<\/h2>\n<p style=\"text-align: center;\">Discover the collection of <strong><a href=\"https:\/\/miralles1986.com\/en\/product-category\/calzado\/zapatillas\/\">sneakers<\/a> <a href=\"https:\/\/miralles1986.com\/en\/marca\/run-of\/\">Run Of<\/a><\/strong> in <strong>Miralles 1986<\/strong>. Exclusive designs made in Italy that combine fashion, technology, and craftsmanship. Perfect for those seeking unique footwear with identity and urban style.<strong> LIMITED EDITION.<\/strong><\/p>\n<\/div>\n\n\n\n<div class=\"divider-wrap\" data-alignment=\"default\"><div style=\"height: 70px;\" class=\"divider\"><\/div><\/div>\n<div class=\"wpb_text_column wpb_content_element\" >\n\t<p style=\"text-align: center;\"><div class=\"woocommerce columns-4\">\n  <ul class=\"products columns-4\" data-n-lazy=\"off\" data-rm-m-hover=\"off\" data-n-desktop-columns=\"3\" data-n-desktop-small-columns=\"3\" data-n-tablet-columns=\"2\" data-n-phone-columns=\"1\" data-product-style=\"minimal\">\n\n\n\n\t<li class=\"minimal product type-product post-13985 status-publish first instock product_cat-calzado product_cat-zapatillas product_tag-moda-hombre product_tag-otono-invierno-2025 product_tag-run-of product_tag-zapatillas-de-deporte has-post-thumbnail featured sold-individually taxable shipping-taxable purchasable product-type-variable\" >\n\n\n\t\n\n\t\t\t\t <div class=\"background-color-expand\"><\/div>\n\t   <div class=\"product-wrap\">\n\t\t\t\n\t\t\t\t<div class=\"product-image-wrap has-hover-image\">\n\t\t\t\t\t<a href=\"https:\/\/miralles1986.com\/en\/product\/zapatillas-hike-one-m-run-of\/\" aria-label=\"Hike One M Run Of Sneakers\"><img loading=\"lazy\" decoding=\"async\" width=\"500\" height=\"500\" src=\"https:\/\/miralles1986.com\/wp-content\/uploads\/2025\/09\/zapatillas-hike-one-m-run-of-500x500.jpg\" class=\"attachment-woocommerce_thumbnail size-woocommerce_thumbnail\" alt=\"Zapatillas Hike One M Run Of\" srcset=\"https:\/\/miralles1986.com\/wp-content\/uploads\/2025\/09\/zapatillas-hike-one-m-run-of-500x500.jpg 500w, https:\/\/miralles1986.com\/wp-content\/uploads\/2025\/09\/zapatillas-hike-one-m-run-of.jpg 1000w\" sizes=\"auto, (max-width: 500px) 100vw, 500px\" \/><img loading=\"lazy\" decoding=\"async\" width=\"1000\" height=\"1000\" src=\"https:\/\/miralles1986.com\/wp-content\/uploads\/2025\/09\/zapatillas-hike-one-m-run-of-2.jpg\" class=\"hover-gallery-image\" alt=\"Zapatillas Hike One M Run Of\" srcset=\"https:\/\/miralles1986.com\/wp-content\/uploads\/2025\/09\/zapatillas-hike-one-m-run-of-2.jpg 1000w, https:\/\/miralles1986.com\/wp-content\/uploads\/2025\/09\/zapatillas-hike-one-m-run-of-2-500x500.jpg 500w\" sizes=\"auto, (max-width: 1000px) 100vw, 1000px\" \/><\/a>\n\t\t\t\t\t<div class=\"product-add-to-cart\" data-nectar-quickview=\"false\"><a href=\"https:\/\/miralles1986.com\/en\/product\/zapatillas-hike-one-m-run-of\/\" aria-describedby=\"woocommerce_loop_add_to_cart_link_describedby_13985\" data-quantity=\"1\" class=\"button product_type_variable add_to_cart_button\" data-product_id=\"13985\" data-product_sku=\"RUNOF-Hike-One-M\" aria-label=\"Select options for \u201cZapatillas Hike One M Run Of\u201d\" rel=\"nofollow\" data-no-translation-aria-label=\"\"><i class=\"normal icon-salient-cart\"><\/i><span data-no-translation=\"\" data-trp-gettext=\"\">Select options<\/span><\/a>\t<span id=\"woocommerce_loop_add_to_cart_link_describedby_13985\" class=\"screen-reader-text\">\n\t\tThis product has multiple variants. The options may be chosen on the product page\t<\/span>\n<\/div><\/div><div class=\"product-meta\"><div class=\"product-main-meta\">\n\t\t\t\t\t\t<a href=\"https:\/\/miralles1986.com\/en\/product\/zapatillas-hike-one-m-run-of\/\"><h2 class=\"woocommerce-loop-product__title\">Hike One M Run Of Sneakers<\/h2><\/a>\n\t<span class=\"price\"><span class=\"woocommerce-Price-amount amount\"><bdi>390,00&nbsp;<span class=\"woocommerce-Price-currencySymbol\">\u20ac<\/span><\/bdi><\/span> <small class=\"woocommerce-price-suffix\">VAT Included<\/small><\/span>\n<\/div><\/div><\/div>\t\t\n\t  \n\n\t\t\n\t\n\n\t\n<\/li>\n\t<li class=\"minimal product type-product post-13972 status-publish instock product_cat-calzado product_cat-zapatillas product_tag-moda-hombre product_tag-otono-invierno-2025 product_tag-run-of product_tag-zapatillas-de-deporte has-post-thumbnail featured sold-individually taxable shipping-taxable purchasable product-type-variable\" >\n\n\n\t\n\n\t\t\t\t <div class=\"background-color-expand\"><\/div>\n\t   <div class=\"product-wrap\">\n\t\t\t\n\t\t\t\t<div class=\"product-image-wrap has-hover-image\">\n\t\t\t\t\t<a href=\"https:\/\/miralles1986.com\/en\/product\/zapatillas-rev-route-burn-m-run\/\" aria-label=\"Rev Route Burn M Run Of Shoes\"><img loading=\"lazy\" decoding=\"async\" width=\"500\" height=\"500\" src=\"https:\/\/miralles1986.com\/wp-content\/uploads\/2025\/09\/zapatillas-rev-route-burn-m-run-of-500x500.jpg\" class=\"attachment-woocommerce_thumbnail size-woocommerce_thumbnail\" alt=\"Zapatillas Rev Route Burn M Run Of\" srcset=\"https:\/\/miralles1986.com\/wp-content\/uploads\/2025\/09\/zapatillas-rev-route-burn-m-run-of-500x500.jpg 500w, https:\/\/miralles1986.com\/wp-content\/uploads\/2025\/09\/zapatillas-rev-route-burn-m-run-of.jpg 1000w\" sizes=\"auto, (max-width: 500px) 100vw, 500px\" \/><img loading=\"lazy\" decoding=\"async\" width=\"1000\" height=\"1000\" src=\"https:\/\/miralles1986.com\/wp-content\/uploads\/2025\/09\/zapatillas-rev-route-burn-m-run-of-3.jpg\" class=\"hover-gallery-image\" alt=\"Zapatillas Rev Route Burn M Run Of\" srcset=\"https:\/\/miralles1986.com\/wp-content\/uploads\/2025\/09\/zapatillas-rev-route-burn-m-run-of-3.jpg 1000w, https:\/\/miralles1986.com\/wp-content\/uploads\/2025\/09\/zapatillas-rev-route-burn-m-run-of-3-500x500.jpg 500w\" sizes=\"auto, (max-width: 1000px) 100vw, 1000px\" \/><\/a>\n\t\t\t\t\t<div class=\"product-add-to-cart\" data-nectar-quickview=\"false\"><a href=\"https:\/\/miralles1986.com\/en\/product\/zapatillas-rev-route-burn-m-run\/\" aria-describedby=\"woocommerce_loop_add_to_cart_link_describedby_13972\" data-quantity=\"1\" class=\"button product_type_variable add_to_cart_button\" data-product_id=\"13972\" data-product_sku=\"RUNOF-Rev-Route-Burn-M\" aria-label=\"Select options for \u201cZapatillas Rev Route Burn M Run Of\u201d\" rel=\"nofollow\" data-no-translation-aria-label=\"\"><i class=\"normal icon-salient-cart\"><\/i><span data-no-translation=\"\" data-trp-gettext=\"\">Select options<\/span><\/a>\t<span id=\"woocommerce_loop_add_to_cart_link_describedby_13972\" class=\"screen-reader-text\">\n\t\tThis product has multiple variants. The options may be chosen on the product page\t<\/span>\n<\/div><\/div><div class=\"product-meta\"><div class=\"product-main-meta\">\n\t\t\t\t\t\t<a href=\"https:\/\/miralles1986.com\/en\/product\/zapatillas-rev-route-burn-m-run\/\"><h2 class=\"woocommerce-loop-product__title\">Rev Route Burn M Run Of Shoes<\/h2><\/a>\n\t<span class=\"price\"><span class=\"woocommerce-Price-amount amount\"><bdi>410,00&nbsp;<span class=\"woocommerce-Price-currencySymbol\">\u20ac<\/span><\/bdi><\/span> <small class=\"woocommerce-price-suffix\">VAT Included<\/small><\/span>\n<\/div><\/div><\/div>\t\t\n\t  \n\n\t\t\n\t\n\n\t\n<\/li>\n\t<li class=\"minimal product type-product post-13943 status-publish instock product_cat-calzado product_cat-zapatillas product_tag-moda-hombre product_tag-otono-invierno-2025 product_tag-run-of product_tag-zapatillas-de-deporte has-post-thumbnail featured sold-individually taxable shipping-taxable purchasable product-type-variable\" >\n\n\n\t\n\n\t\t\t\t <div class=\"background-color-expand\"><\/div>\n\t   <div class=\"product-wrap\">\n\t\t\t\n\t\t\t\t<div class=\"product-image-wrap has-hover-image\">\n\t\t\t\t\t<a href=\"https:\/\/miralles1986.com\/en\/product\/zapatillas-k2-m-run-of\/\" aria-label=\"K2 M Run Of Sneakers\"><img loading=\"lazy\" decoding=\"async\" width=\"500\" height=\"500\" src=\"https:\/\/miralles1986.com\/wp-content\/uploads\/2025\/09\/zapatillas-k2m-run-of-1-500x500.jpg\" class=\"attachment-woocommerce_thumbnail size-woocommerce_thumbnail\" alt=\"Zapatillas K2 M Run Of\" srcset=\"https:\/\/miralles1986.com\/wp-content\/uploads\/2025\/09\/zapatillas-k2m-run-of-1-500x500.jpg 500w, https:\/\/miralles1986.com\/wp-content\/uploads\/2025\/09\/zapatillas-k2m-run-of-1.jpg 1000w\" sizes=\"auto, (max-width: 500px) 100vw, 500px\" \/><img loading=\"lazy\" decoding=\"async\" width=\"1000\" height=\"1000\" src=\"https:\/\/miralles1986.com\/wp-content\/uploads\/2025\/09\/zapatillas-k2m-run-of-2.jpg\" class=\"hover-gallery-image\" alt=\"Zapatillas K2 M Run Of\" srcset=\"https:\/\/miralles1986.com\/wp-content\/uploads\/2025\/09\/zapatillas-k2m-run-of-2.jpg 1000w, https:\/\/miralles1986.com\/wp-content\/uploads\/2025\/09\/zapatillas-k2m-run-of-2-500x500.jpg 500w\" sizes=\"auto, (max-width: 1000px) 100vw, 1000px\" \/><\/a>\n\t\t\t\t\t<div class=\"product-add-to-cart\" data-nectar-quickview=\"false\"><a href=\"https:\/\/miralles1986.com\/en\/product\/zapatillas-k2-m-run-of\/\" aria-describedby=\"woocommerce_loop_add_to_cart_link_describedby_13943\" data-quantity=\"1\" class=\"button product_type_variable add_to_cart_button\" data-product_id=\"13943\" data-product_sku=\"RUNOF-KM-2\" aria-label=\"Select options for \u201cZapatillas K2 M Run Of\u201d\" rel=\"nofollow\" data-no-translation-aria-label=\"\"><i class=\"normal icon-salient-cart\"><\/i><span data-no-translation=\"\" data-trp-gettext=\"\">Select options<\/span><\/a>\t<span id=\"woocommerce_loop_add_to_cart_link_describedby_13943\" class=\"screen-reader-text\">\n\t\tThis product has multiple variants. The options may be chosen on the product page\t<\/span>\n<\/div><\/div><div class=\"product-meta\"><div class=\"product-main-meta\">\n\t\t\t\t\t\t<a href=\"https:\/\/miralles1986.com\/en\/product\/zapatillas-k2-m-run-of\/\"><h2 class=\"woocommerce-loop-product__title\">K2 M Run Of Sneakers<\/h2><\/a>\n\t<span class=\"price\"><span class=\"woocommerce-Price-amount amount\"><bdi>390,00&nbsp;<span class=\"woocommerce-Price-currencySymbol\">\u20ac<\/span><\/bdi><\/span> <small class=\"woocommerce-price-suffix\">VAT Included<\/small><\/span>\n<\/div><\/div><\/div>\t\t\n\t  \n\n\t\t\n\t\n\n\t\n<\/li><\/ul>\n<\/div>\n<\/div>\n\n\n\n\n<div class=\"wpb_text_column wpb_content_element\" >\n\t<h2 data-start=\"1201\" data-end=\"1351\">Innovative Italian Design Sneakers<\/h2>\n<p data-start=\"1201\" data-end=\"1351\">The collection <strong data-start=\"1214\" data-end=\"1232\">AW25 of <a href=\"https:\/\/miralles1986.com\/en\/marca\/run-of\/\">Run Of<\/a><\/strong> It&#039;s designed for men who want to stand out with a modern look. Our selection includes iconic models such as:<\/p>\n<ul data-start=\"1352\" data-end=\"1758\">\n<li data-start=\"1352\" data-end=\"1413\">\n<p data-start=\"1354\" data-end=\"1413\"><a href=\"https:\/\/miralles1986.com\/en\/product\/zapatillas-paris-run-of\/\"><strong data-start=\"1354\" data-end=\"1370\">Run of Paris<\/strong><\/a> \u2013 versatile urban-inspired silhouette<\/p>\n<\/li>\n<li data-start=\"1414\" data-end=\"1498\">\n<p data-start=\"1416\" data-end=\"1498\"><a href=\"https:\/\/miralles1986.com\/en\/product\/zapatillas-rev-narrows-run-of\/\"><strong data-start=\"1416\" data-end=\"1431\">Rev Narrows<\/strong><\/a> y <a href=\"https:\/\/miralles1986.com\/en\/product\/zapatillas-rev-route-burn-m-run\/\"><strong data-start=\"1434\" data-end=\"1452\">Rev Route Burn<\/strong><\/a> \u2013 designs with a mix of technical materials<\/p>\n<\/li>\n<li data-start=\"1499\" data-end=\"1568\">\n<p data-start=\"1501\" data-end=\"1568\"><a href=\"https:\/\/miralles1986.com\/en\/product\/zapatillas-howard-m-run-of\/\"><strong data-start=\"1501\" data-end=\"1513\">Howard M<\/strong><\/a> y <a href=\"https:\/\/miralles1986.com\/en\/product\/zapatillas-k2-m-run-of\/\"><strong data-start=\"1516\" data-end=\"1524\">K2 M<\/strong><\/a> \u2013 retro-futuristic inspired sneakers<\/p>\n<\/li>\n<li data-start=\"1569\" data-end=\"1634\">\n<p data-start=\"1571\" data-end=\"1634\"><a href=\"https:\/\/miralles1986.com\/en\/product\/zapatillas-hike-one-m-run-of\/\"><strong data-start=\"1571\" data-end=\"1585\">Hike One M<\/strong><\/a> \u2013 Trekking-style shoe for urban use<\/p>\n<\/li>\n<li data-start=\"1635\" data-end=\"1702\">\n<p data-start=\"1637\" data-end=\"1702\"><a href=\"https:\/\/miralles1986.com\/en\/product\/zapatillas-revolt-vip-run-of\/\"><strong data-start=\"1637\" data-end=\"1657\">Revolt Vip Woman<\/strong><\/a> \u2013 a feminine proposal with vibrant colors<\/p>\n<\/li>\n<li data-start=\"1703\" data-end=\"1758\">\n<p data-start=\"1705\" data-end=\"1758\"><a href=\"https:\/\/miralles1986.com\/en\/product\/zapatillas-black-bodrum-run-of\/\"><strong data-start=\"1705\" data-end=\"1721\">Black Bodrum<\/strong><\/a> \u2013 sobriety in a monochromatic key<\/p>\n<\/li>\n<\/ul>\n<p data-start=\"1760\" data-end=\"1911\">Each pair is made with premium materials such as leather, nylon and cotton, a high-grip rubber sole and design details that make all the difference.<\/p>\n<h3 data-start=\"2253\" data-end=\"2286\"><strong data-start=\"2257\" data-end=\"2286\">Visit us in Valencia<\/strong><\/h3>\n<p data-start=\"2287\" data-end=\"2478\">Would you prefer to see them in person? We look forward to seeing you at our store in the center of Valencia. Our team will help you find the perfect size and style to suit you.<\/p>\n<\/div>\n\n\n\n\n\t\t\t<\/div> \n\t\t<\/div>\n\t<\/div> \n<\/div><\/div>","protected":false},"excerpt":{"rendered":"Buy Run Of sneakers online in Valencia at Miralles 1986. Discover the Run Of sneaker collection at Miralles 1986. Exclusive designs made in Italy...","protected":false},"author":1,"featured_media":13996,"parent":0,"menu_order":0,"comment_status":"closed","ping_status":"closed","template":"","meta":{"footnotes":""},"class_list":["post-13997","page","type-page","status-publish","has-post-thumbnail"],"yoast_head":"<!-- This site is optimized with the Yoast SEO plugin v27.4 - https:\/\/yoast.com\/product\/yoast-seo-wordpress\/ -->\n<title>Zapatillas Run Of en Valencia - Miralles 1986<\/title>\n<meta name=\"description\" content=\"Descubre la colecci\u00f3n de zapatillas Run Of en Miralles 1986. Dise\u00f1os exclusivos, materiales premium y producci\u00f3n 100%.\" \/>\n<meta name=\"robots\" content=\"index, follow, max-snippet:-1, max-image-preview:large, max-video-preview:-1\" \/>\n<link rel=\"canonical\" href=\"https:\/\/miralles1986.com\/en\/zapatillas-run-of-en-valencia\/\" \/>\n<meta property=\"og:locale\" content=\"en_GB\" \/>\n<meta property=\"og:type\" content=\"article\" \/>\n<meta property=\"og:title\" content=\"Zapatillas Run Of en Valencia - Miralles 1986\" \/>\n<meta property=\"og:description\" content=\"Descubre la colecci\u00f3n de zapatillas Run Of en Miralles 1986. Dise\u00f1os exclusivos, materiales premium y producci\u00f3n 100%.\" \/>\n<meta property=\"og:url\" content=\"https:\/\/miralles1986.com\/en\/zapatillas-run-of-en-valencia\/\" \/>\n<meta property=\"og:site_name\" content=\"Miralles 1986\" \/>\n<meta property=\"article:publisher\" content=\"https:\/\/www.facebook.com\/miralles1986\" \/>\n<meta property=\"og:image\" content=\"https:\/\/miralles1986.com\/wp-content\/uploads\/2025\/09\/zapatillas-hike-one-m-run-of.jpg\" \/>\n\t<meta property=\"og:image:width\" content=\"1000\" \/>\n\t<meta property=\"og:image:height\" content=\"1000\" \/>\n\t<meta property=\"og:image:type\" content=\"image\/jpeg\" \/>\n<meta name=\"twitter:card\" content=\"summary_large_image\" \/>\n<meta name=\"twitter:label1\" content=\"Estimated reading time\" \/>\n\t<meta name=\"twitter:data1\" content=\"2 minutes\" \/>\n<script type=\"application\/ld+json\" class=\"yoast-schema-graph\">{\"@context\":\"https:\\\/\\\/schema.org\",\"@graph\":[{\"@type\":\"WebPage\",\"@id\":\"https:\\\/\\\/miralles1986.com\\\/zapatillas-run-of-en-valencia\\\/\",\"url\":\"https:\\\/\\\/miralles1986.com\\\/zapatillas-run-of-en-valencia\\\/\",\"name\":\"Zapatillas Run Of en Valencia - Miralles 1986\",\"isPartOf\":{\"@id\":\"https:\\\/\\\/miralles1986.com\\\/#website\"},\"primaryImageOfPage\":{\"@id\":\"https:\\\/\\\/miralles1986.com\\\/zapatillas-run-of-en-valencia\\\/#primaryimage\"},\"image\":{\"@id\":\"https:\\\/\\\/miralles1986.com\\\/zapatillas-run-of-en-valencia\\\/#primaryimage\"},\"thumbnailUrl\":\"https:\\\/\\\/miralles1986.com\\\/wp-content\\\/uploads\\\/2025\\\/09\\\/zapatillas-hike-one-m-run-of.jpg\",\"datePublished\":\"2025-09-16T14:57:25+00:00\",\"description\":\"Descubre la colecci\u00f3n de zapatillas Run Of en Miralles 1986. Dise\u00f1os exclusivos, materiales premium y producci\u00f3n 100%.\",\"breadcrumb\":{\"@id\":\"https:\\\/\\\/miralles1986.com\\\/zapatillas-run-of-en-valencia\\\/#breadcrumb\"},\"inLanguage\":\"en-GB\",\"potentialAction\":[{\"@type\":\"ReadAction\",\"target\":[\"https:\\\/\\\/miralles1986.com\\\/zapatillas-run-of-en-valencia\\\/\"]}]},{\"@type\":\"ImageObject\",\"inLanguage\":\"en-GB\",\"@id\":\"https:\\\/\\\/miralles1986.com\\\/zapatillas-run-of-en-valencia\\\/#primaryimage\",\"url\":\"https:\\\/\\\/miralles1986.com\\\/wp-content\\\/uploads\\\/2025\\\/09\\\/zapatillas-hike-one-m-run-of.jpg\",\"contentUrl\":\"https:\\\/\\\/miralles1986.com\\\/wp-content\\\/uploads\\\/2025\\\/09\\\/zapatillas-hike-one-m-run-of.jpg\",\"width\":1000,\"height\":1000,\"caption\":\"Zapatillas Hike One M Run Of\"},{\"@type\":\"BreadcrumbList\",\"@id\":\"https:\\\/\\\/miralles1986.com\\\/zapatillas-run-of-en-valencia\\\/#breadcrumb\",\"itemListElement\":[{\"@type\":\"ListItem\",\"position\":1,\"name\":\"Portada\",\"item\":\"https:\\\/\\\/miralles1986.com\\\/\"},{\"@type\":\"ListItem\",\"position\":2,\"name\":\"Zapatillas Run Of en Valencia\"}]},{\"@type\":\"WebSite\",\"@id\":\"https:\\\/\\\/miralles1986.com\\\/#website\",\"url\":\"https:\\\/\\\/miralles1986.com\\\/\",\"name\":\"Miralles 1986\",\"description\":\"Moda masculina de lujo en Valencia\",\"publisher\":{\"@id\":\"https:\\\/\\\/miralles1986.com\\\/#organization\"},\"potentialAction\":[{\"@type\":\"SearchAction\",\"target\":{\"@type\":\"EntryPoint\",\"urlTemplate\":\"https:\\\/\\\/miralles1986.com\\\/?s={search_term_string}\"},\"query-input\":{\"@type\":\"PropertyValueSpecification\",\"valueRequired\":true,\"valueName\":\"search_term_string\"}}],\"inLanguage\":\"en-GB\"},{\"@type\":\"Organization\",\"@id\":\"https:\\\/\\\/miralles1986.com\\\/#organization\",\"name\":\"Miralles 1986\",\"alternateName\":\"Miralles\",\"url\":\"https:\\\/\\\/miralles1986.com\\\/\",\"logo\":{\"@type\":\"ImageObject\",\"inLanguage\":\"en-GB\",\"@id\":\"https:\\\/\\\/miralles1986.com\\\/#\\\/schema\\\/logo\\\/image\\\/\",\"url\":\"https:\\\/\\\/miralles1986.com\\\/wp-content\\\/uploads\\\/2024\\\/09\\\/logo-miralles-1986-pequeno-bl.png\",\"contentUrl\":\"https:\\\/\\\/miralles1986.com\\\/wp-content\\\/uploads\\\/2024\\\/09\\\/logo-miralles-1986-pequeno-bl.png\",\"width\":201,\"height\":73,\"caption\":\"Miralles 1986\"},\"image\":{\"@id\":\"https:\\\/\\\/miralles1986.com\\\/#\\\/schema\\\/logo\\\/image\\\/\"},\"sameAs\":[\"https:\\\/\\\/www.facebook.com\\\/miralles1986\",\"https:\\\/\\\/www.instagram.com\\\/miralles1986_\\\/\"]}]}<\/script>\n<!-- \/ Yoast SEO plugin. -->","yoast_head_json":{"title":"Run Of sneakers in Valencia - Miralles 1986","description":"Discover the Run Of sneaker collection at Miralles 1986. Exclusive designs, premium materials, and 100% production.","robots":{"index":"index","follow":"follow","max-snippet":"max-snippet:-1","max-image-preview":"max-image-preview:large","max-video-preview":"max-video-preview:-1"},"canonical":"https:\/\/miralles1986.com\/en\/zapatillas-run-of-en-valencia\/","og_locale":"en_GB","og_type":"article","og_title":"Zapatillas Run Of en Valencia - Miralles 1986","og_description":"Descubre la colecci\u00f3n de zapatillas Run Of en Miralles 1986. Dise\u00f1os exclusivos, materiales premium y producci\u00f3n 100%.","og_url":"https:\/\/miralles1986.com\/en\/zapatillas-run-of-en-valencia\/","og_site_name":"Miralles 1986","article_publisher":"https:\/\/www.facebook.com\/miralles1986","og_image":[{"width":1000,"height":1000,"url":"https:\/\/miralles1986.com\/wp-content\/uploads\/2025\/09\/zapatillas-hike-one-m-run-of.jpg","type":"image\/jpeg"}],"twitter_card":"summary_large_image","twitter_misc":{"Estimated reading time":"2 minutes"},"schema":{"@context":"https:\/\/schema.org","@graph":[{"@type":"WebPage","@id":"https:\/\/miralles1986.com\/zapatillas-run-of-en-valencia\/","url":"https:\/\/miralles1986.com\/zapatillas-run-of-en-valencia\/","name":"Run Of sneakers in Valencia - Miralles 1986","isPartOf":{"@id":"https:\/\/miralles1986.com\/#website"},"primaryImageOfPage":{"@id":"https:\/\/miralles1986.com\/zapatillas-run-of-en-valencia\/#primaryimage"},"image":{"@id":"https:\/\/miralles1986.com\/zapatillas-run-of-en-valencia\/#primaryimage"},"thumbnailUrl":"https:\/\/miralles1986.com\/wp-content\/uploads\/2025\/09\/zapatillas-hike-one-m-run-of.jpg","datePublished":"2025-09-16T14:57:25+00:00","description":"Discover the Run Of sneaker collection at Miralles 1986. Exclusive designs, premium materials, and 100% production.","breadcrumb":{"@id":"https:\/\/miralles1986.com\/zapatillas-run-of-en-valencia\/#breadcrumb"},"inLanguage":"en-GB","potentialAction":[{"@type":"ReadAction","target":["https:\/\/miralles1986.com\/zapatillas-run-of-en-valencia\/"]}]},{"@type":"ImageObject","inLanguage":"en-GB","@id":"https:\/\/miralles1986.com\/zapatillas-run-of-en-valencia\/#primaryimage","url":"https:\/\/miralles1986.com\/wp-content\/uploads\/2025\/09\/zapatillas-hike-one-m-run-of.jpg","contentUrl":"https:\/\/miralles1986.com\/wp-content\/uploads\/2025\/09\/zapatillas-hike-one-m-run-of.jpg","width":1000,"height":1000,"caption":"Zapatillas Hike One M Run Of"},{"@type":"BreadcrumbList","@id":"https:\/\/miralles1986.com\/zapatillas-run-of-en-valencia\/#breadcrumb","itemListElement":[{"@type":"ListItem","position":1,"name":"Portada","item":"https:\/\/miralles1986.com\/"},{"@type":"ListItem","position":2,"name":"Zapatillas Run Of en Valencia"}]},{"@type":"WebSite","@id":"https:\/\/miralles1986.com\/#website","url":"https:\/\/miralles1986.com\/","name":"Miralles 1986","description":"Luxury men&#039;s fashion in Valencia","publisher":{"@id":"https:\/\/miralles1986.com\/#organization"},"potentialAction":[{"@type":"SearchAction","target":{"@type":"EntryPoint","urlTemplate":"https:\/\/miralles1986.com\/?s={search_term_string}"},"query-input":{"@type":"PropertyValueSpecification","valueRequired":true,"valueName":"search_term_string"}}],"inLanguage":"en-GB"},{"@type":"Organization","@id":"https:\/\/miralles1986.com\/#organization","name":"Miralles 1986","alternateName":"Miralles","url":"https:\/\/miralles1986.com\/","logo":{"@type":"ImageObject","inLanguage":"en-GB","@id":"https:\/\/miralles1986.com\/#\/schema\/logo\/image\/","url":"https:\/\/miralles1986.com\/wp-content\/uploads\/2024\/09\/logo-miralles-1986-pequeno-bl.png","contentUrl":"https:\/\/miralles1986.com\/wp-content\/uploads\/2024\/09\/logo-miralles-1986-pequeno-bl.png","width":201,"height":73,"caption":"Miralles 1986"},"image":{"@id":"https:\/\/miralles1986.com\/#\/schema\/logo\/image\/"},"sameAs":["https:\/\/www.facebook.com\/miralles1986","https:\/\/www.instagram.com\/miralles1986_\/"]}]}},"_links":{"self":[{"href":"https:\/\/miralles1986.com\/en\/wp-json\/wp\/v2\/pages\/13997","targetHints":{"allow":["GET"]}}],"collection":[{"href":"https:\/\/miralles1986.com\/en\/wp-json\/wp\/v2\/pages"}],"about":[{"href":"https:\/\/miralles1986.com\/en\/wp-json\/wp\/v2\/types\/page"}],"author":[{"embeddable":true,"href":"https:\/\/miralles1986.com\/en\/wp-json\/wp\/v2\/users\/1"}],"replies":[{"embeddable":true,"href":"https:\/\/miralles1986.com\/en\/wp-json\/wp\/v2\/comments?post=13997"}],"version-history":[{"count":0,"href":"https:\/\/miralles1986.com\/en\/wp-json\/wp\/v2\/pages\/13997\/revisions"}],"wp:featuredmedia":[{"embeddable":true,"href":"https:\/\/miralles1986.com\/en\/wp-json\/wp\/v2\/media\/13996"}],"wp:attachment":[{"href":"https:\/\/miralles1986.com\/en\/wp-json\/wp\/v2\/media?parent=13997"}],"curies":[{"name":"wp","href":"https:\/\/api.w.org\/{rel}","templated":true}]}}