{"id":14195,"date":"2025-09-29T15:42:20","date_gmt":"2025-09-29T13:42:20","guid":{"rendered":"https:\/\/miralles1986.com\/?page_id=14195"},"modified":"2025-09-29T19:48:20","modified_gmt":"2025-09-29T17:48:20","slug":"y-3-aw25-moda-urbana-de-lujo-por-yohji-yamamoto-y-adidas","status":"publish","type":"page","link":"https:\/\/miralles1986.com\/en\/y-3-aw25-moda-urbana-de-lujo-por-yohji-yamamoto-y-adidas\/","title":{"rendered":"Y-3 AW25 \u00b7 Luxury streetwear by Yohji Yamamoto and adidas"},"content":{"rendered":"<div style=\"height:27px\" aria-hidden=\"true\" class=\"wp-block-spacer\"><\/div>\n\n\n\n<h2 class=\"wp-block-heading has-text-align-center\"><br>Exclusive Y-3 Autumn-Winter 2025 garments available at Miralles 1986<\/h2>\n\n\n\n<div class=\"wp-block-columns is-layout-flex wp-container-core-columns-is-layout-9d6595d7 wp-block-columns-is-layout-flex\">\n<div class=\"wp-block-column is-layout-flow wp-block-column-is-layout-flow\" style=\"flex-basis:10%\">\n<p class=\"has-text-align-center\"><\/p>\n<\/div>\n\n\n\n<div class=\"wp-block-column is-layout-flow wp-block-column-is-layout-flow\" style=\"flex-basis:80%\">\n<p class=\"has-text-align-center\">The collection <strong>Y-3 AW25<\/strong> It is the ultimate expression of cutting-edge design that unites technical innovation with <strong>Adidas<\/strong> with the conceptual vision of the Japanese designer <strong>Yohji Yamamoto<\/strong>. In <strong>Miralles 1986<\/strong>, We present an exclusive selection of clothing, footwear and accessories that embody the fusion between urban aesthetics, sporty functionality and contemporary luxury.<\/p>\n\n\n\n<div class=\"wp-block-buttons is-content-justification-center is-layout-flex wp-container-core-buttons-is-layout-16018d1d wp-block-buttons-is-layout-flex\">\n<div class=\"wp-block-button is-style-outline is-style-outline--1\"><a class=\"wp-block-button__link has-white-color has-black-background-color has-text-color has-background has-link-color has-text-align-center wp-element-button\" href=\"https:\/\/miralles1986.com\/en\/product-category\/y-3-aw25\/\">Access Y-3 AW25<\/a><\/div>\n<\/div>\n<\/div>\n\n\n\n<div class=\"wp-block-column is-layout-flow wp-block-column-is-layout-flow\" style=\"flex-basis:10%\"><\/div>\n<\/div>\n\n\n\n<div style=\"height:47px\" aria-hidden=\"true\" class=\"wp-block-spacer\"><\/div>\n\n\n\n<figure class=\"wp-block-gallery has-nested-images columns-4 is-cropped wp-block-gallery-2 is-layout-flex wp-block-gallery-is-layout-flex\">\n<figure class=\"wp-block-image size-large\"><img decoding=\"async\" width=\"640\" height=\"800\" data-id=\"14197\" src=\"https:\/\/miralles1986.com\/wp-content\/uploads\/2025\/09\/H24525-Y-3FW25_DaidoMoriyama_Image7_Social_4x5-1350216_baja.jpg\" alt=\"\" class=\"wp-image-14197\"\/><\/figure>\n\n\n\n<figure class=\"wp-block-image size-large\"><img decoding=\"async\" width=\"450\" height=\"800\" data-id=\"14199\" src=\"https:\/\/miralles1986.com\/wp-content\/uploads\/2025\/09\/H24525-Y-3FW25_DaidoMoriyama_Image2_Social_9x16-1350263_baja.jpg\" alt=\"\" class=\"wp-image-14199\"\/><\/figure>\n\n\n\n<figure class=\"wp-block-image size-large\"><img decoding=\"async\" width=\"450\" height=\"800\" data-id=\"14201\" src=\"https:\/\/miralles1986.com\/wp-content\/uploads\/2025\/09\/H24525-Y-3FW25_DaidoMoriyama_Image17_Social_9x16-1350275_baja.jpg\" alt=\"\" class=\"wp-image-14201\"\/><\/figure>\n\n\n\n<figure class=\"wp-block-image size-large\"><img decoding=\"async\" width=\"600\" height=\"800\" data-id=\"14200\" src=\"https:\/\/miralles1986.com\/wp-content\/uploads\/2025\/09\/H24525-Y-3FW25_DaidoMoriyama_Image18_Master-1350180_baja.jpg\" alt=\"\" class=\"wp-image-14200\"\/><\/figure>\n\n\n\n<figure class=\"wp-block-image size-large\"><img decoding=\"async\" width=\"800\" height=\"600\" data-id=\"14202\" src=\"https:\/\/miralles1986.com\/wp-content\/uploads\/2025\/09\/H24525-Y-3FW25_DaidoMoriyama_Image4_Master-1350190_baja.jpg\" alt=\"\" class=\"wp-image-14202\"\/><\/figure>\n\n\n\n<figure class=\"wp-block-image size-large\"><img decoding=\"async\" width=\"800\" height=\"600\" data-id=\"14203\" src=\"https:\/\/miralles1986.com\/wp-content\/uploads\/2025\/09\/H24525-Y-3FW25_DaidoMoriyama_Image20_Master-1350187.jpg\" alt=\"\" class=\"wp-image-14203\"\/><\/figure>\n<\/figure>\n\n\n\n<div style=\"height:39px\" aria-hidden=\"true\" class=\"wp-block-spacer\"><\/div>\n\n\n\n<h2 class=\"wp-block-heading has-text-align-center\"> Purchase of Y-3 AW25 in Miralles 1986<\/h2>\n\n\n\n<div style=\"height:36px\" aria-hidden=\"true\" class=\"wp-block-spacer\"><\/div>\n\n\n\n<p class=\"has-text-align-center\">In <strong><a href=\"https:\/\/miralles1986.com\/en\/\">Miralles 1986<\/a><\/strong>, We carefully select each Y-3 garment to offer a unique shopping experience in luxury menswear. You can purchase your favorite pieces online or visit our physical store in Valencia to discover the complete collection.<a href=\"https:\/\/miralles1986.com\/en\/product-category\/y-3-aw25\/\"> Y-3 AW25<\/a> In person. Discover a menswear capsule collection where black, technical cuts, and graphic details define a new silhouette for autumn\/winter 2025.<\/p>\n\n\n\n<div style=\"height:30px\" aria-hidden=\"true\" class=\"wp-block-spacer\"><\/div>\n\n\n\n<div class=\"wp-block-columns is-layout-flex wp-container-core-columns-is-layout-9d6595d7 wp-block-columns-is-layout-flex\">\n<div class=\"wp-block-column is-layout-flow wp-block-column-is-layout-flow\" style=\"flex-basis:80%\">\n<div class=\"wp-block-group is-layout-constrained wp-block-group-is-layout-constrained\">\n<h3 class=\"wp-block-heading\">Featured Items from the Collection<\/h3>\n\n\n\n<p><strong><a href=\"https:\/\/miralles1986.com\/en\/product-tag\/chaquetas-y-3-aw25\/\">Jackets and Coats<\/a> Technicians:<\/strong><\/p>\n\n\n\n<ul class=\"wp-block-list\">\n<li><a>Jacket <\/a><a href=\"https:\/\/miralles1986.com\/en\/product\/chaqueta-ka9633-m-aop-coach-y-3\/\">KA9633 <\/a><a>M AOP Coach Y-3<\/a><\/li>\n\n\n\n<li><a href=\"https:\/\/miralles1986.com\/en\/product\/parka-m-padded-black-y-3\/\">Parka M Padded Black Y-3<\/a><\/li>\n\n\n\n<li><a href=\"https:\/\/miralles1986.com\/en\/product\/chaqueta-ka2363-aop-puffer-jacket-multco-y-3\/\">Multco Y-3 AOP Puffer Jacket KA2363<\/a><\/li>\n<\/ul>\n\n\n\n<p><strong><a href=\"https:\/\/miralles1986.com\/en\/product-tag\/sudaderas-y-3-aw25\/\">Sweatshirts and Tops<\/a> Technicians:<\/strong><\/p>\n\n\n\n<ul class=\"wp-block-list\">\n<li><a href=\"https:\/\/miralles1986.com\/en\/product\/sudadera-jz3207-m-track-top-granit-y-3\/\">JZ3207 M Track Top Granit Y-3 Sweatshirt<\/a><\/li>\n\n\n\n<li><a href=\"https:\/\/miralles1986.com\/en\/product\/sudadera-ka9623-aop-m-3s-tt-y-3\/\">Sweatshirt KA9623 AOP M 3S TT Y-3<\/a><\/li>\n\n\n\n<li><a href=\"https:\/\/miralles1986.com\/en\/product\/chaquetilla-m-rt-zip-top-black-jx7289-y-3\/\">Jacket M RT Zip Top Black JX7289 Y-3<\/a><\/li>\n<\/ul>\n\n\n\n<p><strong><a href=\"https:\/\/miralles1986.com\/en\/product-tag\/pantalones-y-3-aw25\/\">Pants <\/a>with Sporting DNA:<\/strong><\/p>\n\n\n\n<ul class=\"wp-block-list\">\n<li><a href=\"https:\/\/miralles1986.com\/en\/product\/pantalones-jw4624-m-3s-tp-black-y-3\/\">Pants JW4624 M 3S TP Black Y-3<\/a><\/li>\n\n\n\n<li><a href=\"https:\/\/miralles1986.com\/en\/product\/pantalones-sport-ka9621-aop-m-3s-tp-y-3\/\">KA9621 AOP M 3S TP Y-3 Trousers<\/a><\/li>\n\n\n\n<li><a href=\"https:\/\/miralles1986.com\/en\/product\/pantalones-sport-m-ry-tw-pnt-jx7283-black-y-3\/\">Sport Pants M RY TW PNT JX7283 Black Y-3<\/a><\/li>\n<\/ul>\n\n\n\n<p><strong><a href=\"https:\/\/miralles1986.com\/en\/product-tag\/camisetas-y-3-aw25\/\">T-shirts<\/a> Graphic Design:<\/strong><\/p>\n\n\n\n<ul class=\"wp-block-list\">\n<li><a href=\"https:\/\/miralles1986.com\/en\/product\/camiseta-jz0712-gfx-ss-tee-1-cwhite-y-3\/\">GFX SS Tee 1 Granit Y-3 Short Sleeve T-Shirt<\/a><\/li>\n\n\n\n<li><a href=\"https:\/\/miralles1986.com\/en\/product\/camiseta-jx4744-gfx-ss-tee-cwhite-y-3\/\">T-shirt JX4744 GFX SS Tee CWhite Y-3<\/a><\/li>\n<\/ul>\n\n\n\n<p><strong><a href=\"https:\/\/miralles1986.com\/en\/product-tag\/zapatillas-y-3-aw25\/\">Sneakers<\/a> Y-3 Futurists:<\/strong><\/p>\n\n\n\n<ul class=\"wp-block-list\">\n<li><a href=\"https:\/\/miralles1986.com\/en\/product\/zapatillas-jr4195-a3-control-orbgry-orbgry-black-y-3\/\">JR4195 A3 Control Orgbry\/Black Y-3 Sneakers<\/a><\/li>\n\n\n\n<li><a href=\"https:\/\/miralles1986.com\/en\/product\/zapatillas-jr4221-stan-smith-lbrown-black-y-3\/\">JR4221 Stan Smith LBrown\/Black Y-3 Sneakers<\/a><\/li>\n\n\n\n<li><a href=\"https:\/\/miralles1986.com\/en\/product\/zapatillas-jr7454-nizzastar-lo-black-y-3\/\">JR7454 Nizzastar Lo Black Y-3 Sneakers<\/a><\/li>\n<\/ul>\n\n\n\n<p><strong><a href=\"https:\/\/miralles1986.com\/en\/product-tag\/accesorios-y-3-aw25\/\">Accessories <\/a>Author&#039;s Note:<\/strong><\/p>\n\n\n\n<ul class=\"wp-block-list\">\n<li><a href=\"https:\/\/miralles1986.com\/en\/product\/gorra-jp1142-logo-cap-black-talc-y-3\/\">JP1142 Logo Cap Black\/Talc Y-3<\/a><\/li>\n\n\n\n<li><a href=\"https:\/\/miralles1986.com\/en\/product\/bolso-bandolera-jw6216-x-body-smal-black-y-3\/\">JW6216 X Body Small Black Y-3 Shoulder Bag<\/a><\/li>\n\n\n\n<li><a href=\"https:\/\/miralles1986.com\/en\/product\/llavero-jv9726-key-chain-black-y-3\/\">Keychain JV9726 Key Chain Black Y-3<\/a><\/li>\n<\/ul>\n\n\n\n<p>Discover the complete collection now and experience the essence of Milanese luxury in Valencia.<\/p>\n\n\n\n<h3 class=\"wp-block-heading\">Buy Y-3 in Miralles 1986<\/h3>\n\n\n\n<p>In <strong>Miralles 1986 Valencia<\/strong> you will find an exclusive selection of <strong>Y-3 FW25<\/strong>. Shopping with us means enjoying:<\/p>\n\n\n\n<ul class=\"wp-block-list\">\n<li><strong>Exclusiveness<\/strong> in premium collections.<\/li>\n\n\n\n<li><strong>Personalized advice<\/strong> in our boutique in Valencia.<\/li>\n\n\n\n<li><strong><a href=\"https:\/\/miralles1986.com\/en\/envios\/\">Free shipping<\/a><\/strong> in all products.<\/li>\n\n\n\n<li><strong><a href=\"https:\/\/miralles1986.com\/en\/envios\/\">Returns within 14 days<\/a><\/strong>, with a full guarantee.<\/li>\n<\/ul>\n\n\n\n<p><a href=\"https:\/\/miralles1986.com\/en\/product-category\/y-3-aw25\/\">\ud83d\udc49 Buy Y-3 AW25 at Miralles 1986<\/a><\/p>\n\n\n\n<div style=\"height:39px\" aria-hidden=\"true\" class=\"wp-block-spacer\"><\/div>\n<\/div>\n<\/div>\n\n\n\n<div class=\"wp-block-column is-layout-flow wp-block-column-is-layout-flow\" style=\"flex-basis:50%\">\n<div class=\"wp-block-cover\" style=\"min-height:430px;aspect-ratio:unset;\"><img decoding=\"async\" width=\"1000\" height=\"1000\" class=\"wp-block-cover__image-background wp-image-10519 size-full\" alt=\"M Merch Hoodie Sweatshirt Black Y-3\" src=\"https:\/\/miralles1986.com\/wp-content\/uploads\/2025\/05\/KB2604-sudadera-m-merch-hoddie-black-3.jpg\" data-object-fit=\"cover\" srcset=\"https:\/\/miralles1986.com\/wp-content\/uploads\/2025\/05\/KB2604-sudadera-m-merch-hoddie-black-3.jpg 1000w, https:\/\/miralles1986.com\/wp-content\/uploads\/2025\/05\/KB2604-sudadera-m-merch-hoddie-black-3-500x500.jpg 500w\" sizes=\"(max-width: 1000px) 100vw, 1000px\" \/><span aria-hidden=\"true\" class=\"wp-block-cover__background has-background-dim\" style=\"background-color:#605d5c\"><\/span><div class=\"wp-block-cover__inner-container is-layout-constrained wp-block-cover-is-layout-constrained\">\n<p class=\"has-text-align-center has-large-font-size\"><strong><a href=\"https:\/\/miralles1986.com\/en\/product\/sudadera-jz3207-m-track-top-granit-y-3\/https%3a\/\/miralles1986.com\/product-tag\/sudaderas-y-3-aw25\/\">Sweatshirts<\/a><a href=\"https:\/\/miralles1986.com\/en\/product\/sudadera-jz3207-m-track-top-granit-y-3\/\"> <\/a>and Track Tops Premium<\/strong><\/p>\n<\/div><\/div>\n\n\n\n<div style=\"height:46px\" aria-hidden=\"true\" class=\"wp-block-spacer\"><\/div>\n\n\n\n<div class=\"wp-block-cover\" style=\"min-height:430px;aspect-ratio:unset;\"><img decoding=\"async\" width=\"1000\" height=\"1000\" class=\"wp-block-cover__image-background wp-image-10380 size-full\" alt=\"JX4747 GFX LS WHITE Y-3 T-shirt for men\" src=\"https:\/\/miralles1986.com\/wp-content\/uploads\/2025\/05\/JX4747_camiseta-gfx-ls-blanca-y-3-3.jpg\" data-object-fit=\"cover\" srcset=\"https:\/\/miralles1986.com\/wp-content\/uploads\/2025\/05\/JX4747_camiseta-gfx-ls-blanca-y-3-3.jpg 1000w, https:\/\/miralles1986.com\/wp-content\/uploads\/2025\/05\/JX4747_camiseta-gfx-ls-blanca-y-3-3-500x500.jpg 500w\" sizes=\"(max-width: 1000px) 100vw, 1000px\" \/><span aria-hidden=\"true\" class=\"wp-block-cover__background has-background-dim\" style=\"background-color:#6d6c6d\"><\/span><div class=\"wp-block-cover__inner-container is-layout-constrained wp-block-cover-is-layout-constrained\">\n<p class=\"has-text-align-center has-large-font-size\"><\/p>\n<\/div><\/div>\n\n\n\n<div style=\"height:46px\" aria-hidden=\"true\" class=\"wp-block-spacer\"><\/div>\n\n\n\n<div class=\"wp-block-cover\" style=\"min-height:430px;aspect-ratio:unset;\"><img decoding=\"async\" width=\"1000\" height=\"1000\" class=\"wp-block-cover__image-background wp-image-10646 size-full\" alt=\"Men&#039;s Nylon Blazer Jacket M Black Y-3 Miralles 1986\" src=\"https:\/\/miralles1986.com\/wp-content\/uploads\/2025\/05\/KC8390-m-nylon-blazer-black-4.jpg\" data-object-fit=\"cover\" srcset=\"https:\/\/miralles1986.com\/wp-content\/uploads\/2025\/05\/KC8390-m-nylon-blazer-black-4.jpg 1000w, https:\/\/miralles1986.com\/wp-content\/uploads\/2025\/05\/KC8390-m-nylon-blazer-black-4-500x500.jpg 500w\" sizes=\"(max-width: 1000px) 100vw, 1000px\" \/><span aria-hidden=\"true\" class=\"wp-block-cover__background has-background-dim\" style=\"background-color:#746c6b\"><\/span><div class=\"wp-block-cover__inner-container is-layout-constrained wp-block-cover-is-layout-constrained\">\n<p class=\"has-text-align-center has-large-font-size\"><strong><a href=\"https:\/\/miralles1986.com\/en\/product-tag\/chaquetas-y-3-aw25\/\">Jackets<\/a> Authoring Techniques<\/strong><\/p>\n<\/div><\/div>\n<\/div>\n<\/div>\n\n\n\n<p><\/p>","protected":false},"excerpt":{"rendered":"<p>Exclusive Y-3 Autumn-Winter 2025 garments available at Miralles 1986. The Y-3 AW25 collection is the ultimate expression of avant-garde design that unites technical innovation\u2026<\/p>","protected":false},"author":1,"featured_media":14199,"parent":0,"menu_order":0,"comment_status":"closed","ping_status":"closed","template":"","meta":{"footnotes":""},"class_list":["post-14195","page","type-page","status-publish","has-post-thumbnail"],"yoast_head":"<!-- This site is optimized with the Yoast SEO plugin v27.5 - https:\/\/yoast.com\/product\/yoast-seo-wordpress\/ -->\n<title>Y-3 AW25 \u00b7 Moda urbana de lujo por Yohji Yamamoto y adidas - Miralles 1986<\/title>\n<meta name=\"description\" content=\"La colecci\u00f3n Y-3 AW25 es la expresi\u00f3n definitiva del dise\u00f1o vanguardista que une la innovaci\u00f3n t\u00e9cnica de Adidas con el concepto de Yohji Yamamoto.\" \/>\n<meta name=\"robots\" content=\"index, follow, max-snippet:-1, max-image-preview:large, max-video-preview:-1\" \/>\n<link rel=\"canonical\" href=\"https:\/\/miralles1986.com\/en\/y-3-aw25-moda-urbana-de-lujo-por-yohji-yamamoto-y-adidas\/\" \/>\n<meta property=\"og:locale\" content=\"en_GB\" \/>\n<meta property=\"og:type\" content=\"article\" \/>\n<meta property=\"og:title\" content=\"Y-3 AW25 \u00b7 Moda urbana de lujo por Yohji Yamamoto y adidas - Miralles 1986\" \/>\n<meta property=\"og:description\" content=\"La colecci\u00f3n Y-3 AW25 es la expresi\u00f3n definitiva del dise\u00f1o vanguardista que une la innovaci\u00f3n t\u00e9cnica de Adidas con el concepto de Yohji Yamamoto.\" \/>\n<meta property=\"og:url\" content=\"https:\/\/miralles1986.com\/en\/y-3-aw25-moda-urbana-de-lujo-por-yohji-yamamoto-y-adidas\/\" \/>\n<meta property=\"og:site_name\" content=\"Miralles 1986\" \/>\n<meta property=\"article:publisher\" content=\"https:\/\/www.facebook.com\/miralles1986\" \/>\n<meta property=\"article:modified_time\" content=\"2025-09-29T17:48:20+00:00\" \/>\n<meta property=\"og:image\" content=\"https:\/\/miralles1986.com\/wp-content\/uploads\/2025\/09\/H24525-Y-3FW25_DaidoMoriyama_Image2_Social_9x16-1350263_baja.jpg\" \/>\n\t<meta property=\"og:image:width\" content=\"450\" \/>\n\t<meta property=\"og:image:height\" content=\"800\" \/>\n\t<meta property=\"og:image:type\" content=\"image\/jpeg\" \/>\n<meta name=\"twitter:card\" content=\"summary_large_image\" \/>\n<meta name=\"twitter:label1\" content=\"Estimated reading time\" \/>\n\t<meta name=\"twitter:data1\" content=\"4 minutes\" \/>\n<script type=\"application\/ld+json\" class=\"yoast-schema-graph\">{\"@context\":\"https:\\\/\\\/schema.org\",\"@graph\":[{\"@type\":\"WebPage\",\"@id\":\"https:\\\/\\\/miralles1986.com\\\/y-3-aw25-moda-urbana-de-lujo-por-yohji-yamamoto-y-adidas\\\/\",\"url\":\"https:\\\/\\\/miralles1986.com\\\/y-3-aw25-moda-urbana-de-lujo-por-yohji-yamamoto-y-adidas\\\/\",\"name\":\"Y-3 AW25 \u00b7 Moda urbana de lujo por Yohji Yamamoto y adidas - Miralles 1986\",\"isPartOf\":{\"@id\":\"https:\\\/\\\/miralles1986.com\\\/#website\"},\"primaryImageOfPage\":{\"@id\":\"https:\\\/\\\/miralles1986.com\\\/y-3-aw25-moda-urbana-de-lujo-por-yohji-yamamoto-y-adidas\\\/#primaryimage\"},\"image\":{\"@id\":\"https:\\\/\\\/miralles1986.com\\\/y-3-aw25-moda-urbana-de-lujo-por-yohji-yamamoto-y-adidas\\\/#primaryimage\"},\"thumbnailUrl\":\"https:\\\/\\\/miralles1986.com\\\/wp-content\\\/uploads\\\/2025\\\/09\\\/H24525-Y-3FW25_DaidoMoriyama_Image2_Social_9x16-1350263_baja.jpg\",\"datePublished\":\"2025-09-29T13:42:20+00:00\",\"dateModified\":\"2025-09-29T17:48:20+00:00\",\"description\":\"La colecci\u00f3n Y-3 AW25 es la expresi\u00f3n definitiva del dise\u00f1o vanguardista que une la innovaci\u00f3n t\u00e9cnica de Adidas con el concepto de Yohji Yamamoto.\",\"breadcrumb\":{\"@id\":\"https:\\\/\\\/miralles1986.com\\\/y-3-aw25-moda-urbana-de-lujo-por-yohji-yamamoto-y-adidas\\\/#breadcrumb\"},\"inLanguage\":\"en-GB\",\"potentialAction\":[{\"@type\":\"ReadAction\",\"target\":[\"https:\\\/\\\/miralles1986.com\\\/y-3-aw25-moda-urbana-de-lujo-por-yohji-yamamoto-y-adidas\\\/\"]}]},{\"@type\":\"ImageObject\",\"inLanguage\":\"en-GB\",\"@id\":\"https:\\\/\\\/miralles1986.com\\\/y-3-aw25-moda-urbana-de-lujo-por-yohji-yamamoto-y-adidas\\\/#primaryimage\",\"url\":\"https:\\\/\\\/miralles1986.com\\\/wp-content\\\/uploads\\\/2025\\\/09\\\/H24525-Y-3FW25_DaidoMoriyama_Image2_Social_9x16-1350263_baja.jpg\",\"contentUrl\":\"https:\\\/\\\/miralles1986.com\\\/wp-content\\\/uploads\\\/2025\\\/09\\\/H24525-Y-3FW25_DaidoMoriyama_Image2_Social_9x16-1350263_baja.jpg\",\"width\":450,\"height\":800,\"caption\":\"Y-3 AW25 Miralles 1986 Yohji Yamamoto Adidas\"},{\"@type\":\"BreadcrumbList\",\"@id\":\"https:\\\/\\\/miralles1986.com\\\/y-3-aw25-moda-urbana-de-lujo-por-yohji-yamamoto-y-adidas\\\/#breadcrumb\",\"itemListElement\":[{\"@type\":\"ListItem\",\"position\":1,\"name\":\"Portada\",\"item\":\"https:\\\/\\\/miralles1986.com\\\/\"},{\"@type\":\"ListItem\",\"position\":2,\"name\":\"Y-3 AW25 \u00b7 Moda urbana de lujo por Yohji Yamamoto y adidas\"}]},{\"@type\":\"WebSite\",\"@id\":\"https:\\\/\\\/miralles1986.com\\\/#website\",\"url\":\"https:\\\/\\\/miralles1986.com\\\/\",\"name\":\"Miralles 1986\",\"description\":\"Moda masculina de lujo en Valencia\",\"publisher\":{\"@id\":\"https:\\\/\\\/miralles1986.com\\\/#organization\"},\"potentialAction\":[{\"@type\":\"SearchAction\",\"target\":{\"@type\":\"EntryPoint\",\"urlTemplate\":\"https:\\\/\\\/miralles1986.com\\\/?s={search_term_string}\"},\"query-input\":{\"@type\":\"PropertyValueSpecification\",\"valueRequired\":true,\"valueName\":\"search_term_string\"}}],\"inLanguage\":\"en-GB\"},{\"@type\":\"Organization\",\"@id\":\"https:\\\/\\\/miralles1986.com\\\/#organization\",\"name\":\"Miralles 1986\",\"alternateName\":\"Miralles\",\"url\":\"https:\\\/\\\/miralles1986.com\\\/\",\"logo\":{\"@type\":\"ImageObject\",\"inLanguage\":\"en-GB\",\"@id\":\"https:\\\/\\\/miralles1986.com\\\/#\\\/schema\\\/logo\\\/image\\\/\",\"url\":\"https:\\\/\\\/miralles1986.com\\\/wp-content\\\/uploads\\\/2024\\\/09\\\/logo-miralles-1986-pequeno-bl.png\",\"contentUrl\":\"https:\\\/\\\/miralles1986.com\\\/wp-content\\\/uploads\\\/2024\\\/09\\\/logo-miralles-1986-pequeno-bl.png\",\"width\":201,\"height\":73,\"caption\":\"Miralles 1986\"},\"image\":{\"@id\":\"https:\\\/\\\/miralles1986.com\\\/#\\\/schema\\\/logo\\\/image\\\/\"},\"sameAs\":[\"https:\\\/\\\/www.facebook.com\\\/miralles1986\",\"https:\\\/\\\/www.instagram.com\\\/miralles1986_\\\/\"]}]}<\/script>\n<!-- \/ Yoast SEO plugin. -->","yoast_head_json":{"title":"Y-3 AW25 \u00b7 Luxury urban fashion by Yohji Yamamoto and adidas - Miralles 1986","description":"The Y-3 AW25 collection is the ultimate expression of cutting-edge design that unites Adidas&#039; technical innovation with Yohji Yamamoto&#039;s concept.","robots":{"index":"index","follow":"follow","max-snippet":"max-snippet:-1","max-image-preview":"max-image-preview:large","max-video-preview":"max-video-preview:-1"},"canonical":"https:\/\/miralles1986.com\/en\/y-3-aw25-moda-urbana-de-lujo-por-yohji-yamamoto-y-adidas\/","og_locale":"en_GB","og_type":"article","og_title":"Y-3 AW25 \u00b7 Moda urbana de lujo por Yohji Yamamoto y adidas - Miralles 1986","og_description":"La colecci\u00f3n Y-3 AW25 es la expresi\u00f3n definitiva del dise\u00f1o vanguardista que une la innovaci\u00f3n t\u00e9cnica de Adidas con el concepto de Yohji Yamamoto.","og_url":"https:\/\/miralles1986.com\/en\/y-3-aw25-moda-urbana-de-lujo-por-yohji-yamamoto-y-adidas\/","og_site_name":"Miralles 1986","article_publisher":"https:\/\/www.facebook.com\/miralles1986","article_modified_time":"2025-09-29T17:48:20+00:00","og_image":[{"width":450,"height":800,"url":"https:\/\/miralles1986.com\/wp-content\/uploads\/2025\/09\/H24525-Y-3FW25_DaidoMoriyama_Image2_Social_9x16-1350263_baja.jpg","type":"image\/jpeg"}],"twitter_card":"summary_large_image","twitter_misc":{"Estimated reading time":"4 minutes"},"schema":{"@context":"https:\/\/schema.org","@graph":[{"@type":"WebPage","@id":"https:\/\/miralles1986.com\/y-3-aw25-moda-urbana-de-lujo-por-yohji-yamamoto-y-adidas\/","url":"https:\/\/miralles1986.com\/y-3-aw25-moda-urbana-de-lujo-por-yohji-yamamoto-y-adidas\/","name":"Y-3 AW25 \u00b7 Luxury urban fashion by Yohji Yamamoto and adidas - Miralles 1986","isPartOf":{"@id":"https:\/\/miralles1986.com\/#website"},"primaryImageOfPage":{"@id":"https:\/\/miralles1986.com\/y-3-aw25-moda-urbana-de-lujo-por-yohji-yamamoto-y-adidas\/#primaryimage"},"image":{"@id":"https:\/\/miralles1986.com\/y-3-aw25-moda-urbana-de-lujo-por-yohji-yamamoto-y-adidas\/#primaryimage"},"thumbnailUrl":"https:\/\/miralles1986.com\/wp-content\/uploads\/2025\/09\/H24525-Y-3FW25_DaidoMoriyama_Image2_Social_9x16-1350263_baja.jpg","datePublished":"2025-09-29T13:42:20+00:00","dateModified":"2025-09-29T17:48:20+00:00","description":"The Y-3 AW25 collection is the ultimate expression of cutting-edge design that unites Adidas&#039; technical innovation with Yohji Yamamoto&#039;s concept.","breadcrumb":{"@id":"https:\/\/miralles1986.com\/y-3-aw25-moda-urbana-de-lujo-por-yohji-yamamoto-y-adidas\/#breadcrumb"},"inLanguage":"en-GB","potentialAction":[{"@type":"ReadAction","target":["https:\/\/miralles1986.com\/y-3-aw25-moda-urbana-de-lujo-por-yohji-yamamoto-y-adidas\/"]}]},{"@type":"ImageObject","inLanguage":"en-GB","@id":"https:\/\/miralles1986.com\/y-3-aw25-moda-urbana-de-lujo-por-yohji-yamamoto-y-adidas\/#primaryimage","url":"https:\/\/miralles1986.com\/wp-content\/uploads\/2025\/09\/H24525-Y-3FW25_DaidoMoriyama_Image2_Social_9x16-1350263_baja.jpg","contentUrl":"https:\/\/miralles1986.com\/wp-content\/uploads\/2025\/09\/H24525-Y-3FW25_DaidoMoriyama_Image2_Social_9x16-1350263_baja.jpg","width":450,"height":800,"caption":"Y-3 AW25 Miralles 1986 Yohji Yamamoto Adidas"},{"@type":"BreadcrumbList","@id":"https:\/\/miralles1986.com\/y-3-aw25-moda-urbana-de-lujo-por-yohji-yamamoto-y-adidas\/#breadcrumb","itemListElement":[{"@type":"ListItem","position":1,"name":"Portada","item":"https:\/\/miralles1986.com\/"},{"@type":"ListItem","position":2,"name":"Y-3 AW25 \u00b7 Moda urbana de lujo por Yohji Yamamoto y adidas"}]},{"@type":"WebSite","@id":"https:\/\/miralles1986.com\/#website","url":"https:\/\/miralles1986.com\/","name":"Miralles 1986","description":"Luxury men&#039;s fashion in Valencia","publisher":{"@id":"https:\/\/miralles1986.com\/#organization"},"potentialAction":[{"@type":"SearchAction","target":{"@type":"EntryPoint","urlTemplate":"https:\/\/miralles1986.com\/?s={search_term_string}"},"query-input":{"@type":"PropertyValueSpecification","valueRequired":true,"valueName":"search_term_string"}}],"inLanguage":"en-GB"},{"@type":"Organization","@id":"https:\/\/miralles1986.com\/#organization","name":"Miralles 1986","alternateName":"Miralles","url":"https:\/\/miralles1986.com\/","logo":{"@type":"ImageObject","inLanguage":"en-GB","@id":"https:\/\/miralles1986.com\/#\/schema\/logo\/image\/","url":"https:\/\/miralles1986.com\/wp-content\/uploads\/2024\/09\/logo-miralles-1986-pequeno-bl.png","contentUrl":"https:\/\/miralles1986.com\/wp-content\/uploads\/2024\/09\/logo-miralles-1986-pequeno-bl.png","width":201,"height":73,"caption":"Miralles 1986"},"image":{"@id":"https:\/\/miralles1986.com\/#\/schema\/logo\/image\/"},"sameAs":["https:\/\/www.facebook.com\/miralles1986","https:\/\/www.instagram.com\/miralles1986_\/"]}]}},"_links":{"self":[{"href":"https:\/\/miralles1986.com\/en\/wp-json\/wp\/v2\/pages\/14195","targetHints":{"allow":["GET"]}}],"collection":[{"href":"https:\/\/miralles1986.com\/en\/wp-json\/wp\/v2\/pages"}],"about":[{"href":"https:\/\/miralles1986.com\/en\/wp-json\/wp\/v2\/types\/page"}],"author":[{"embeddable":true,"href":"https:\/\/miralles1986.com\/en\/wp-json\/wp\/v2\/users\/1"}],"replies":[{"embeddable":true,"href":"https:\/\/miralles1986.com\/en\/wp-json\/wp\/v2\/comments?post=14195"}],"version-history":[{"count":0,"href":"https:\/\/miralles1986.com\/en\/wp-json\/wp\/v2\/pages\/14195\/revisions"}],"wp:featuredmedia":[{"embeddable":true,"href":"https:\/\/miralles1986.com\/en\/wp-json\/wp\/v2\/media\/14199"}],"wp:attachment":[{"href":"https:\/\/miralles1986.com\/en\/wp-json\/wp\/v2\/media?parent=14195"}],"curies":[{"name":"wp","href":"https:\/\/api.w.org\/{rel}","templated":true}]}}