{"id":14753,"date":"2025-10-08T14:06:20","date_gmt":"2025-10-08T12:06:20","guid":{"rendered":"https:\/\/miralles1986.com\/?page_id=14753"},"modified":"2025-10-10T10:21:58","modified_gmt":"2025-10-10T08:21:58","slug":"song-for-the-mute-x-adidas-originals-adi006","status":"publish","type":"page","link":"https:\/\/miralles1986.com\/en\/song-for-the-mute-x-adidas-originals-adi006\/","title":{"rendered":"Song for the Mute \u00d7 adidas Originals ADI006"},"content":{"rendered":"<div style=\"height:36px\" aria-hidden=\"true\" class=\"wp-block-spacer\"><\/div>\n\n\n\n<figure class=\"wp-block-gallery has-nested-images columns-default is-cropped wp-block-gallery-1 is-layout-flex wp-block-gallery-is-layout-flex\">\n<figure class=\"wp-block-image size-full\"><img decoding=\"async\" width=\"1000\" height=\"1000\" data-id=\"14783\" src=\"https:\/\/miralles1986.com\/wp-content\/uploads\/2025\/10\/Song-for-the-Mute-\u00d7-adidas-Originals-ADI006-home-miralles-1986.jpg\" alt=\"\" class=\"wp-image-14783\" srcset=\"https:\/\/miralles1986.com\/wp-content\/uploads\/2025\/10\/Song-for-the-Mute-\u00d7-adidas-Originals-ADI006-home-miralles-1986.jpg 1000w, https:\/\/miralles1986.com\/wp-content\/uploads\/2025\/10\/Song-for-the-Mute-\u00d7-adidas-Originals-ADI006-home-miralles-1986-500x500.jpg 500w\" sizes=\"(max-width: 1000px) 100vw, 1000px\" \/><\/figure>\n\n\n\n<figure class=\"wp-block-image size-full\"><img decoding=\"async\" width=\"1000\" height=\"1000\" data-id=\"14782\" src=\"https:\/\/miralles1986.com\/wp-content\/uploads\/2025\/10\/Song-for-the-Mute-\u00d7-adidas-Originals-ADI006-home-miralles-1986-2.jpg\" alt=\"\" class=\"wp-image-14782\" srcset=\"https:\/\/miralles1986.com\/wp-content\/uploads\/2025\/10\/Song-for-the-Mute-\u00d7-adidas-Originals-ADI006-home-miralles-1986-2.jpg 1000w, https:\/\/miralles1986.com\/wp-content\/uploads\/2025\/10\/Song-for-the-Mute-\u00d7-adidas-Originals-ADI006-home-miralles-1986-2-500x500.jpg 500w\" sizes=\"(max-width: 1000px) 100vw, 1000px\" \/><\/figure>\n\n\n\n<figure class=\"wp-block-image size-large\"><img decoding=\"async\" width=\"1000\" height=\"1000\" data-id=\"14720\" src=\"https:\/\/miralles1986.com\/wp-content\/uploads\/2025\/10\/gorra_adidas_originals_x_song_for_the_mute_negro_kc2775_04.jpg\" alt=\"Adidas x Song for the Mute Cap KC2775 Adidas SFTM\" class=\"wp-image-14720\" srcset=\"https:\/\/miralles1986.com\/wp-content\/uploads\/2025\/10\/gorra_adidas_originals_x_song_for_the_mute_negro_kc2775_04.jpg 1000w, https:\/\/miralles1986.com\/wp-content\/uploads\/2025\/10\/gorra_adidas_originals_x_song_for_the_mute_negro_kc2775_04-500x500.jpg 500w\" sizes=\"(max-width: 1000px) 100vw, 1000px\" \/><\/figure>\n<\/figure>\n\n\n\n<div style=\"height:51px\" aria-hidden=\"true\" class=\"wp-block-spacer\"><\/div>\n\n\n\n<h2 class=\"wp-block-heading has-text-align-center\"><strong>A contemporary vision between fashion and memory<\/strong><\/h2>\n\n\n\n<div class=\"wp-block-columns is-layout-flex wp-container-core-columns-is-layout-9d6595d7 wp-block-columns-is-layout-flex\">\n<div class=\"wp-block-column is-layout-flow wp-block-column-is-layout-flow\" style=\"flex-basis:15%\">\n<p class=\"has-text-align-center\"><\/p>\n<\/div>\n\n\n\n<div class=\"wp-block-column is-layout-flow wp-block-column-is-layout-flow\" style=\"flex-basis:70%\">\n<p class=\"has-text-align-center\">The collaboration <strong>Song for the Mute \u00d7 adidas Originals ADI006<\/strong> It is much more than a collection: it is a conversation between the artisanal sensibility of <strong>Song for the Mute<\/strong> and the sporting legacy of <strong>adidas<\/strong>. Under the creative direction of <strong>Lyna Ty and Melvin Tanaya<\/strong>, This capsule explores the connection between the tactile and the emotional, merging technical materials, classic forms and an aesthetic that oscillates between minimalism and deliberate imperfection.<\/p>\n<\/div>\n\n\n\n<div class=\"wp-block-column is-layout-flow wp-block-column-is-layout-flow\" style=\"flex-basis:15%\"><\/div>\n<\/div>\n\n\n\n<div class=\"wp-block-buttons is-content-justification-center is-layout-flex wp-container-core-buttons-is-layout-16018d1d wp-block-buttons-is-layout-flex\">\n<div class=\"wp-block-button\"><a class=\"wp-block-button__link has-white-color has-black-background-color has-text-color has-background has-link-color has-text-align-center wp-element-button\" href=\"https:\/\/miralles1986.com\/en\/product-category\/song-for-the-mute-x-adidas-originals-adi006\/\">Access SFTM<\/a><\/div>\n<\/div>\n\n\n\n<div style=\"height:51px\" aria-hidden=\"true\" class=\"wp-block-spacer\"><\/div>\n\n\n\n<figure class=\"wp-block-gallery has-nested-images columns-default is-cropped wp-block-gallery-2 is-layout-flex wp-block-gallery-is-layout-flex\">\n<figure class=\"wp-block-image size-large\"><img decoding=\"async\" width=\"1000\" height=\"1000\" data-id=\"14754\" src=\"https:\/\/miralles1986.com\/wp-content\/uploads\/2025\/10\/Song-for-the-Mute-\u00d7-adidas-Originals-ADI006-1.jpg\" alt=\"\" class=\"wp-image-14754\" srcset=\"https:\/\/miralles1986.com\/wp-content\/uploads\/2025\/10\/Song-for-the-Mute-\u00d7-adidas-Originals-ADI006-1.jpg 1000w, https:\/\/miralles1986.com\/wp-content\/uploads\/2025\/10\/Song-for-the-Mute-\u00d7-adidas-Originals-ADI006-1-500x500.jpg 500w\" sizes=\"(max-width: 1000px) 100vw, 1000px\" \/><\/figure>\n\n\n\n<figure class=\"wp-block-image size-large\"><img decoding=\"async\" width=\"1638\" height=\"2048\" data-id=\"14755\" src=\"https:\/\/miralles1986.com\/wp-content\/uploads\/2025\/10\/Song-for-the-Mute-\u00d7-adidas-Originals-ADI006-6.jpg\" alt=\"\" class=\"wp-image-14755\"\/><\/figure>\n\n\n\n<figure class=\"wp-block-image size-large\"><img decoding=\"async\" width=\"1638\" height=\"2048\" data-id=\"14759\" src=\"https:\/\/miralles1986.com\/wp-content\/uploads\/2025\/10\/Song-for-the-Mute-\u00d7-adidas-Originals-ADI006-5.jpg\" alt=\"\" class=\"wp-image-14759\"\/><\/figure>\n\n\n\n<figure class=\"wp-block-image size-large\"><img decoding=\"async\" width=\"1638\" height=\"2048\" data-id=\"14756\" src=\"https:\/\/miralles1986.com\/wp-content\/uploads\/2025\/10\/Song-for-the-Mute-\u00d7-adidas-Originals-ADI006-4.jpg\" alt=\"\" class=\"wp-image-14756\"\/><\/figure>\n\n\n\n<figure class=\"wp-block-image size-large\"><img decoding=\"async\" width=\"1638\" height=\"2048\" data-id=\"14758\" src=\"https:\/\/miralles1986.com\/wp-content\/uploads\/2025\/10\/Song-for-the-Mute-\u00d7-adidas-Originals-ADI006-3.jpg\" alt=\"\" class=\"wp-image-14758\"\/><\/figure>\n\n\n\n<figure class=\"wp-block-image size-large\"><img decoding=\"async\" width=\"1638\" height=\"2048\" data-id=\"14757\" src=\"https:\/\/miralles1986.com\/wp-content\/uploads\/2025\/10\/Song-for-the-Mute-\u00d7-adidas-Originals-ADI006-2.jpg\" alt=\"\" class=\"wp-image-14757\"\/><\/figure>\n<\/figure>\n\n\n\n<div style=\"height:51px\" aria-hidden=\"true\" class=\"wp-block-spacer\"><\/div>\n\n\n\n<h2 class=\"wp-block-heading\"><strong>The story behind SFTM \u00d7 ADI006<\/strong><\/h2>\n\n\n\n<p>Inspired by the idea of reinterpreting the everyday, the capsule <strong>ADI006<\/strong> transforms icons from the archive <strong>adidas Originals<\/strong> through the poetic lens of <strong>Song for the Mute<\/strong>.<br>The result is a collection that combines <strong>natural textures, muted tones and technical details<\/strong> in balance with the intentional imperfection that characterizes the SFTM universe.<\/p>\n\n\n\n<p>From the design of the garments to the accessories, every element celebrates the <strong>beauty of the unfinished<\/strong>, An invitation to rediscover authenticity in contemporary fashion. This capsule collection maintains the essence of both brands while venturing into more expressive and experimental territories. A fusion of designer fashion and urban culture.<\/p>\n\n\n\n<h2 class=\"wp-block-heading\"><strong>Explore the full collection<\/strong><\/h2>\n\n\n\n<h3 class=\"wp-block-heading\"><strong>Exclusive selection available at Eleven Store<\/strong><\/h3>\n\n\n\n<p>Each piece in the collection <strong>SFTM \u00d7 ADI006<\/strong> It represents a fusion between the technical and the emotional.<br>Find your favorite among the creations selected by <strong>Eleven Store<\/strong>:<\/p>\n\n\n\n<ul class=\"wp-block-list\">\n<li><strong><a href=\"https:\/\/miralles1986.com\/en\/product\/gorra-adidas-x-song-for-the-mute-kc2775-adidas-sftm\/\">adidas x Song for the Mute Cap KC2775<\/a><\/strong> \u2014 Functional minimalism and textured design.<\/li>\n\n\n\n<li><strong><a href=\"https:\/\/miralles1986.com\/en\/product\/camiseta-adi006-pv-negro-kc2741-adidas-sftm\/\">T-shirt ADI006 PV Black KC2741<\/a><\/strong> \u2014 Relaxed silhouette, premium cotton and tonal graphics.<\/li>\n\n\n\n<li><strong><a href=\"https:\/\/miralles1986.com\/en\/product\/chaqueta-deportiva-adi006-kc0317-adidas-sftm\/\">ADI006 KC0317 sports jacket<\/a><\/strong> \u2014 Retro-futuristic influence with technical finishes.<\/li>\n\n\n\n<li><strong><a href=\"https:\/\/miralles1986.com\/en\/product\/pantalon-adi006-negro-kc0323-adidas-sftm\/\">ADI006 Black Trousers KC0323<\/a><\/strong> \u2014 Wide cut, utilitarian details and urban spirit.<\/li>\n\n\n\n<li><strong><a href=\"https:\/\/miralles1986.com\/en\/product\/zapatillas-taekwondo-mei-w-hp3515-sftm\/\">Mei W HP3515 Taekwondo Shoes<\/a> \/ <a href=\"https:\/\/miralles1986.com\/en\/product\/zapatillas-taekwondo-mei-w-hp3516-adidas-sftm\/\">HP3516 <\/a>\/ <\/strong><a href=\"https:\/\/miralles1986.com\/en\/product\/zapatillas-taekwondo-mei-w-hp3517-adidas-sftm\/\"><strong>HP3517<\/strong> <\/a>\u2014 Inspired by the sports archive, reinterpreted with clean lines and sculptural proportions.<\/li>\n\n\n\n<li><strong><a href=\"https:\/\/miralles1986.com\/en\/product\/sudadera-adi006-rojo-kc0327-adidas-sftm\/\">ADI006 Red Sweatshirt KC0327<\/a><\/strong> \u2014 Cotton knit with aged texture and embossed logos.<\/li>\n<\/ul>\n\n\n\n<p>Each item has been selected to reflect the <strong>experimental and artisanal spirit<\/strong> of <strong>Song for the Mute<\/strong>, becoming a tangible expression of style and authenticity.<\/p>\n\n\n\n<hr class=\"wp-block-separator has-text-color has-cyan-bluish-gray-color has-alpha-channel-opacity has-cyan-bluish-gray-background-color has-background\"\/>\n\n\n\n<h2 class=\"wp-block-heading\"><strong>Where to buy the Song for the Mute x adidas Originals collection<\/strong><\/h2>\n\n\n\n<p>The capsule <strong>ADI006<\/strong> is available <strong>exclusive and in limited units<\/strong> in our <strong>Eleven Store<\/strong> y <strong><a href=\"https:\/\/miralles1986.com\/en\/\">Miralles 1986<\/a><\/strong>, authorized distributors of <strong>adidas Originals<\/strong> and contemporary luxury brands.<br>Visit us at our physical store in Valencia or explore the complete collection online to discover every garment and accessory from this unique collaboration.<\/p>\n\n\n\n<p>Collection available while supplies last. <strong>Autumn\u2013Winter 2025.<\/strong><\/p>\n\n\n\n<div style=\"height:51px\" aria-hidden=\"true\" class=\"wp-block-spacer\"><\/div>","protected":false},"excerpt":{"rendered":"<p>A contemporary vision between fashion and memory. The Song for the Mute \u00d7 adidas Originals ADI006 collaboration is much more than a collection:\u2026<\/p>","protected":false},"author":1,"featured_media":14706,"parent":0,"menu_order":0,"comment_status":"closed","ping_status":"closed","template":"","meta":{"footnotes":""},"class_list":["post-14753","page","type-page","status-publish","has-post-thumbnail"],"yoast_head":"<!-- This site is optimized with the Yoast SEO plugin v27.5 - https:\/\/yoast.com\/product\/yoast-seo-wordpress\/ -->\n<title>Song for the Mute \u00d7 adidas Originals ADI006 - Miralles 1986<\/title>\n<meta name=\"description\" content=\"Inspirada en la idea de reinterpretar lo cotidiano, la c\u00e1psula ADI006 transforma iconos del archivo de adidas Originals con la visi\u00f3n SFTM.\" \/>\n<meta name=\"robots\" content=\"index, follow, max-snippet:-1, max-image-preview:large, max-video-preview:-1\" \/>\n<link rel=\"canonical\" href=\"https:\/\/miralles1986.com\/en\/song-for-the-mute-x-adidas-originals-adi006\/\" \/>\n<meta property=\"og:locale\" content=\"en_GB\" \/>\n<meta property=\"og:type\" content=\"article\" \/>\n<meta property=\"og:title\" content=\"Song for the Mute \u00d7 adidas Originals ADI006 - Miralles 1986\" \/>\n<meta property=\"og:description\" content=\"Inspirada en la idea de reinterpretar lo cotidiano, la c\u00e1psula ADI006 transforma iconos del archivo de adidas Originals con la visi\u00f3n SFTM.\" \/>\n<meta property=\"og:url\" content=\"https:\/\/miralles1986.com\/en\/song-for-the-mute-x-adidas-originals-adi006\/\" \/>\n<meta property=\"og:site_name\" content=\"Miralles 1986\" \/>\n<meta property=\"article:publisher\" content=\"https:\/\/www.facebook.com\/miralles1986\" \/>\n<meta property=\"article:modified_time\" content=\"2025-10-10T08:21:58+00:00\" \/>\n<meta property=\"og:image\" content=\"https:\/\/miralles1986.com\/wp-content\/uploads\/2025\/10\/camiseta_song_for_the_mute_adi006_pv_negro_kc2741_04.jpg\" \/>\n\t<meta property=\"og:image:width\" content=\"1000\" \/>\n\t<meta property=\"og:image:height\" content=\"1000\" \/>\n\t<meta property=\"og:image:type\" content=\"image\/jpeg\" \/>\n<meta name=\"twitter:card\" content=\"summary_large_image\" \/>\n<meta name=\"twitter:label1\" content=\"Estimated reading time\" \/>\n\t<meta name=\"twitter:data1\" content=\"4 minutes\" \/>\n<script type=\"application\/ld+json\" class=\"yoast-schema-graph\">{\"@context\":\"https:\\\/\\\/schema.org\",\"@graph\":[{\"@type\":\"WebPage\",\"@id\":\"https:\\\/\\\/miralles1986.com\\\/song-for-the-mute-x-adidas-originals-adi006\\\/\",\"url\":\"https:\\\/\\\/miralles1986.com\\\/song-for-the-mute-x-adidas-originals-adi006\\\/\",\"name\":\"Song for the Mute \u00d7 adidas Originals ADI006 - Miralles 1986\",\"isPartOf\":{\"@id\":\"https:\\\/\\\/miralles1986.com\\\/#website\"},\"primaryImageOfPage\":{\"@id\":\"https:\\\/\\\/miralles1986.com\\\/song-for-the-mute-x-adidas-originals-adi006\\\/#primaryimage\"},\"image\":{\"@id\":\"https:\\\/\\\/miralles1986.com\\\/song-for-the-mute-x-adidas-originals-adi006\\\/#primaryimage\"},\"thumbnailUrl\":\"https:\\\/\\\/miralles1986.com\\\/wp-content\\\/uploads\\\/2025\\\/10\\\/camiseta_song_for_the_mute_adi006_pv_negro_kc2741_04.jpg\",\"datePublished\":\"2025-10-08T12:06:20+00:00\",\"dateModified\":\"2025-10-10T08:21:58+00:00\",\"description\":\"Inspirada en la idea de reinterpretar lo cotidiano, la c\u00e1psula ADI006 transforma iconos del archivo de adidas Originals con la visi\u00f3n SFTM.\",\"breadcrumb\":{\"@id\":\"https:\\\/\\\/miralles1986.com\\\/song-for-the-mute-x-adidas-originals-adi006\\\/#breadcrumb\"},\"inLanguage\":\"en-GB\",\"potentialAction\":[{\"@type\":\"ReadAction\",\"target\":[\"https:\\\/\\\/miralles1986.com\\\/song-for-the-mute-x-adidas-originals-adi006\\\/\"]}]},{\"@type\":\"ImageObject\",\"inLanguage\":\"en-GB\",\"@id\":\"https:\\\/\\\/miralles1986.com\\\/song-for-the-mute-x-adidas-originals-adi006\\\/#primaryimage\",\"url\":\"https:\\\/\\\/miralles1986.com\\\/wp-content\\\/uploads\\\/2025\\\/10\\\/camiseta_song_for_the_mute_adi006_pv_negro_kc2741_04.jpg\",\"contentUrl\":\"https:\\\/\\\/miralles1986.com\\\/wp-content\\\/uploads\\\/2025\\\/10\\\/camiseta_song_for_the_mute_adi006_pv_negro_kc2741_04.jpg\",\"width\":1000,\"height\":1000,\"caption\":\"Camiseta ADI006 PV Negro KC2741 Adidas SFTM Song for the Mute \u00d7 adidas Originals ADI006\"},{\"@type\":\"BreadcrumbList\",\"@id\":\"https:\\\/\\\/miralles1986.com\\\/song-for-the-mute-x-adidas-originals-adi006\\\/#breadcrumb\",\"itemListElement\":[{\"@type\":\"ListItem\",\"position\":1,\"name\":\"Portada\",\"item\":\"https:\\\/\\\/miralles1986.com\\\/\"},{\"@type\":\"ListItem\",\"position\":2,\"name\":\"Song for the Mute \u00d7 adidas Originals ADI006\"}]},{\"@type\":\"WebSite\",\"@id\":\"https:\\\/\\\/miralles1986.com\\\/#website\",\"url\":\"https:\\\/\\\/miralles1986.com\\\/\",\"name\":\"Miralles 1986\",\"description\":\"Moda masculina de lujo en Valencia\",\"publisher\":{\"@id\":\"https:\\\/\\\/miralles1986.com\\\/#organization\"},\"potentialAction\":[{\"@type\":\"SearchAction\",\"target\":{\"@type\":\"EntryPoint\",\"urlTemplate\":\"https:\\\/\\\/miralles1986.com\\\/?s={search_term_string}\"},\"query-input\":{\"@type\":\"PropertyValueSpecification\",\"valueRequired\":true,\"valueName\":\"search_term_string\"}}],\"inLanguage\":\"en-GB\"},{\"@type\":\"Organization\",\"@id\":\"https:\\\/\\\/miralles1986.com\\\/#organization\",\"name\":\"Miralles 1986\",\"alternateName\":\"Miralles\",\"url\":\"https:\\\/\\\/miralles1986.com\\\/\",\"logo\":{\"@type\":\"ImageObject\",\"inLanguage\":\"en-GB\",\"@id\":\"https:\\\/\\\/miralles1986.com\\\/#\\\/schema\\\/logo\\\/image\\\/\",\"url\":\"https:\\\/\\\/miralles1986.com\\\/wp-content\\\/uploads\\\/2024\\\/09\\\/logo-miralles-1986-pequeno-bl.png\",\"contentUrl\":\"https:\\\/\\\/miralles1986.com\\\/wp-content\\\/uploads\\\/2024\\\/09\\\/logo-miralles-1986-pequeno-bl.png\",\"width\":201,\"height\":73,\"caption\":\"Miralles 1986\"},\"image\":{\"@id\":\"https:\\\/\\\/miralles1986.com\\\/#\\\/schema\\\/logo\\\/image\\\/\"},\"sameAs\":[\"https:\\\/\\\/www.facebook.com\\\/miralles1986\",\"https:\\\/\\\/www.instagram.com\\\/miralles1986_\\\/\"]}]}<\/script>\n<!-- \/ Yoast SEO plugin. -->","yoast_head_json":{"title":"Song for the Mute \u00d7 adidas Originals ADI006 - Miralles 1986","description":"Inspired by the idea of reinterpreting the everyday, the ADI006 capsule transforms icons from the adidas Originals archive with the SFTM vision.","robots":{"index":"index","follow":"follow","max-snippet":"max-snippet:-1","max-image-preview":"max-image-preview:large","max-video-preview":"max-video-preview:-1"},"canonical":"https:\/\/miralles1986.com\/en\/song-for-the-mute-x-adidas-originals-adi006\/","og_locale":"en_GB","og_type":"article","og_title":"Song for the Mute \u00d7 adidas Originals ADI006 - Miralles 1986","og_description":"Inspirada en la idea de reinterpretar lo cotidiano, la c\u00e1psula ADI006 transforma iconos del archivo de adidas Originals con la visi\u00f3n SFTM.","og_url":"https:\/\/miralles1986.com\/en\/song-for-the-mute-x-adidas-originals-adi006\/","og_site_name":"Miralles 1986","article_publisher":"https:\/\/www.facebook.com\/miralles1986","article_modified_time":"2025-10-10T08:21:58+00:00","og_image":[{"width":1000,"height":1000,"url":"https:\/\/miralles1986.com\/wp-content\/uploads\/2025\/10\/camiseta_song_for_the_mute_adi006_pv_negro_kc2741_04.jpg","type":"image\/jpeg"}],"twitter_card":"summary_large_image","twitter_misc":{"Estimated reading time":"4 minutes"},"schema":{"@context":"https:\/\/schema.org","@graph":[{"@type":"WebPage","@id":"https:\/\/miralles1986.com\/song-for-the-mute-x-adidas-originals-adi006\/","url":"https:\/\/miralles1986.com\/song-for-the-mute-x-adidas-originals-adi006\/","name":"Song for the Mute \u00d7 adidas Originals ADI006 - Miralles 1986","isPartOf":{"@id":"https:\/\/miralles1986.com\/#website"},"primaryImageOfPage":{"@id":"https:\/\/miralles1986.com\/song-for-the-mute-x-adidas-originals-adi006\/#primaryimage"},"image":{"@id":"https:\/\/miralles1986.com\/song-for-the-mute-x-adidas-originals-adi006\/#primaryimage"},"thumbnailUrl":"https:\/\/miralles1986.com\/wp-content\/uploads\/2025\/10\/camiseta_song_for_the_mute_adi006_pv_negro_kc2741_04.jpg","datePublished":"2025-10-08T12:06:20+00:00","dateModified":"2025-10-10T08:21:58+00:00","description":"Inspired by the idea of reinterpreting the everyday, the ADI006 capsule transforms icons from the adidas Originals archive with the SFTM vision.","breadcrumb":{"@id":"https:\/\/miralles1986.com\/song-for-the-mute-x-adidas-originals-adi006\/#breadcrumb"},"inLanguage":"en-GB","potentialAction":[{"@type":"ReadAction","target":["https:\/\/miralles1986.com\/song-for-the-mute-x-adidas-originals-adi006\/"]}]},{"@type":"ImageObject","inLanguage":"en-GB","@id":"https:\/\/miralles1986.com\/song-for-the-mute-x-adidas-originals-adi006\/#primaryimage","url":"https:\/\/miralles1986.com\/wp-content\/uploads\/2025\/10\/camiseta_song_for_the_mute_adi006_pv_negro_kc2741_04.jpg","contentUrl":"https:\/\/miralles1986.com\/wp-content\/uploads\/2025\/10\/camiseta_song_for_the_mute_adi006_pv_negro_kc2741_04.jpg","width":1000,"height":1000,"caption":"Camiseta ADI006 PV Negro KC2741 Adidas SFTM Song for the Mute \u00d7 adidas Originals ADI006"},{"@type":"BreadcrumbList","@id":"https:\/\/miralles1986.com\/song-for-the-mute-x-adidas-originals-adi006\/#breadcrumb","itemListElement":[{"@type":"ListItem","position":1,"name":"Portada","item":"https:\/\/miralles1986.com\/"},{"@type":"ListItem","position":2,"name":"Song for the Mute \u00d7 adidas Originals ADI006"}]},{"@type":"WebSite","@id":"https:\/\/miralles1986.com\/#website","url":"https:\/\/miralles1986.com\/","name":"Miralles 1986","description":"Luxury men&#039;s fashion in Valencia","publisher":{"@id":"https:\/\/miralles1986.com\/#organization"},"potentialAction":[{"@type":"SearchAction","target":{"@type":"EntryPoint","urlTemplate":"https:\/\/miralles1986.com\/?s={search_term_string}"},"query-input":{"@type":"PropertyValueSpecification","valueRequired":true,"valueName":"search_term_string"}}],"inLanguage":"en-GB"},{"@type":"Organization","@id":"https:\/\/miralles1986.com\/#organization","name":"Miralles 1986","alternateName":"Miralles","url":"https:\/\/miralles1986.com\/","logo":{"@type":"ImageObject","inLanguage":"en-GB","@id":"https:\/\/miralles1986.com\/#\/schema\/logo\/image\/","url":"https:\/\/miralles1986.com\/wp-content\/uploads\/2024\/09\/logo-miralles-1986-pequeno-bl.png","contentUrl":"https:\/\/miralles1986.com\/wp-content\/uploads\/2024\/09\/logo-miralles-1986-pequeno-bl.png","width":201,"height":73,"caption":"Miralles 1986"},"image":{"@id":"https:\/\/miralles1986.com\/#\/schema\/logo\/image\/"},"sameAs":["https:\/\/www.facebook.com\/miralles1986","https:\/\/www.instagram.com\/miralles1986_\/"]}]}},"_links":{"self":[{"href":"https:\/\/miralles1986.com\/en\/wp-json\/wp\/v2\/pages\/14753","targetHints":{"allow":["GET"]}}],"collection":[{"href":"https:\/\/miralles1986.com\/en\/wp-json\/wp\/v2\/pages"}],"about":[{"href":"https:\/\/miralles1986.com\/en\/wp-json\/wp\/v2\/types\/page"}],"author":[{"embeddable":true,"href":"https:\/\/miralles1986.com\/en\/wp-json\/wp\/v2\/users\/1"}],"replies":[{"embeddable":true,"href":"https:\/\/miralles1986.com\/en\/wp-json\/wp\/v2\/comments?post=14753"}],"version-history":[{"count":0,"href":"https:\/\/miralles1986.com\/en\/wp-json\/wp\/v2\/pages\/14753\/revisions"}],"wp:featuredmedia":[{"embeddable":true,"href":"https:\/\/miralles1986.com\/en\/wp-json\/wp\/v2\/media\/14706"}],"wp:attachment":[{"href":"https:\/\/miralles1986.com\/en\/wp-json\/wp\/v2\/media?parent=14753"}],"curies":[{"name":"wp","href":"https:\/\/api.w.org\/{rel}","templated":true}]}}