{"id":15186,"date":"2025-10-18T17:07:04","date_gmt":"2025-10-18T15:07:04","guid":{"rendered":"https:\/\/miralles1986.com\/?page_id=15186"},"modified":"2025-10-24T18:27:11","modified_gmt":"2025-10-24T16:27:11","slug":"neighborhood-x-y-3","status":"publish","type":"page","link":"https:\/\/miralles1986.com\/en\/neighborhood-x-y-3\/","title":{"rendered":"Y-3 x NEIGHBORHOOD"},"content":{"rendered":"<div style=\"height:36px\" aria-hidden=\"true\" class=\"wp-block-spacer\"><\/div>\n\n\n\n<figure class=\"wp-block-gallery has-nested-images columns-default is-cropped wp-block-gallery-1 is-layout-flex wp-block-gallery-is-layout-flex\">\n<figure class=\"wp-block-image size-full\"><img decoding=\"async\" width=\"1000\" height=\"1500\" data-id=\"15204\" src=\"https:\/\/miralles1986.com\/wp-content\/uploads\/2025\/10\/neigborhood-x-y-3-aw25-mobile-df.jpg\" alt=\"Neighborhood x Y-3\" class=\"wp-image-15204\"\/><\/figure>\n\n\n\n<figure class=\"wp-block-image size-full\"><img decoding=\"async\" width=\"800\" height=\"800\" data-id=\"15188\" src=\"https:\/\/miralles1986.com\/wp-content\/uploads\/2025\/10\/neigborhood-x-y-3-aw25-definitivo-4.jpg\" alt=\"Neighborhood x Y-3\" class=\"wp-image-15188\" srcset=\"https:\/\/miralles1986.com\/wp-content\/uploads\/2025\/10\/neigborhood-x-y-3-aw25-definitivo-4.jpg 800w, https:\/\/miralles1986.com\/wp-content\/uploads\/2025\/10\/neigborhood-x-y-3-aw25-definitivo-4-500x500.jpg 500w\" sizes=\"(max-width: 800px) 100vw, 800px\" \/><\/figure>\n\n\n\n<figure class=\"wp-block-image size-full\"><img decoding=\"async\" width=\"1000\" height=\"1500\" data-id=\"15189\" src=\"https:\/\/miralles1986.com\/wp-content\/uploads\/2025\/10\/neighborhood-x-y-3-banner-mobile-miralles-1986.jpg\" alt=\"\" class=\"wp-image-15189\"\/><\/figure>\n<\/figure>\n\n\n\n<div style=\"height:51px\" aria-hidden=\"true\" class=\"wp-block-spacer\"><\/div>\n\n\n\n<h2 class=\"wp-block-heading has-text-align-center\"><strong>A history of rebellion; always pioneers on the edge.<\/strong><\/h2>\n\n\n\n<div class=\"wp-block-columns is-layout-flex wp-container-core-columns-is-layout-9d6595d7 wp-block-columns-is-layout-flex\">\n<div class=\"wp-block-column is-layout-flow wp-block-column-is-layout-flow\" style=\"flex-basis:15%\">\n<p class=\"has-text-align-center\"><\/p>\n<\/div>\n\n\n\n<div class=\"wp-block-column is-layout-flow wp-block-column-is-layout-flow\" style=\"flex-basis:70%\">\n<p class=\"has-text-align-center\">Y-3 x NEIGHBORHOOD is a collaboration between Yohji Yamamoto&#039;s firm and the Japanese brand that challenges the <em>status quo<\/em>, <strong><a href=\"https:\/\/www.neighborhood.jp\/en?srsltid=AfmBOopGYFMdDAGCSXhHCMzXy6tVdi1y6iL9AJ-qDH6c6NDxXIWqpYza\">NEIGHBORHOOD<\/a><\/strong>, united in a capsule that pays tribute to the <strong>motorcycling culture<\/strong>, reinterpreting its codes through designer fashion. Founded in 1994 by <strong>Shinsuke Takizawa<\/strong>, <a href=\"https:\/\/www.neighborhood.jp\/en?srsltid=AfmBOopGYFMdDAGCSXhHCMzXy6tVdi1y6iL9AJ-qDH6c6NDxXIWqpYza\">NEIGHBORHOOD<\/a> It arises from the rebellious spirit of motorcycle subcultures in the USA and Japan. <strong>On sale from 25\/10\/25<\/strong><\/p>\n<\/div>\n\n\n\n<div class=\"wp-block-column is-layout-flow wp-block-column-is-layout-flow\" style=\"flex-basis:15%\"><\/div>\n<\/div>\n\n\n\n<div class=\"wp-block-buttons is-content-justification-center is-layout-flex wp-container-core-buttons-is-layout-16018d1d wp-block-buttons-is-layout-flex\">\n<div class=\"wp-block-button\"><a class=\"wp-block-button__link has-white-color has-black-background-color has-text-color has-background has-link-color has-text-align-center wp-element-button\" href=\"https:\/\/miralles1986.com\/en\/product-category\/neighborhood-x-y-3\/\">Access Y-3 x NEIGHBORHOOD<\/a><\/div>\n<\/div>\n\n\n\n<div style=\"height:51px\" aria-hidden=\"true\" class=\"wp-block-spacer\"><\/div>\n\n\n\n<figure class=\"wp-block-gallery has-nested-images columns-3 is-cropped wp-block-gallery-2 is-layout-flex wp-block-gallery-is-layout-flex\">\n<figure class=\"wp-block-image size-full\"><img decoding=\"async\" width=\"800\" height=\"450\" data-id=\"15193\" src=\"https:\/\/miralles1986.com\/wp-content\/uploads\/2025\/10\/neigborhood-x-y-3-aw25-definitivo-6.jpg\" alt=\"Neighborhood x Y-3\" class=\"wp-image-15193\"\/><\/figure>\n\n\n\n<figure class=\"wp-block-image size-full\"><img decoding=\"async\" width=\"800\" height=\"450\" data-id=\"15191\" src=\"https:\/\/miralles1986.com\/wp-content\/uploads\/2025\/10\/neigborhood-x-y-3-aw25-definitivo-3.jpg\" alt=\"Neighborhood x Y-3\" class=\"wp-image-15191\"\/><\/figure>\n\n\n\n<figure class=\"wp-block-image size-full\"><img decoding=\"async\" width=\"800\" height=\"450\" data-id=\"15192\" src=\"https:\/\/miralles1986.com\/wp-content\/uploads\/2025\/10\/neigborhood-x-y-3-aw25-definitivo-2.jpg\" alt=\"Neighborhood x Y-3\" class=\"wp-image-15192\"\/><\/figure>\n<\/figure>\n\n\n\n<div style=\"height:51px\" aria-hidden=\"true\" class=\"wp-block-spacer\"><\/div>\n\n\n\n<h2 class=\"wp-block-heading\"><strong>AW25 Capsule Collection<\/strong><\/h2>\n\n\n\n<p>Next to <strong>Yohji Yamamoto<\/strong>, Both designers channel that rebellious energy to explore the relationship between the <strong>urban culture and the iconography of sport<\/strong>. A proposal that combines <strong>technicality, subculture, and experimental design<\/strong>:<\/p>\n\n\n\n<ul class=\"wp-block-list\">\n<li><strong>T-shirts<\/strong> with graphics inspired by culture <em>racing<\/em>.<\/li>\n\n\n\n<li><strong>Sweatshirts and hoodies<\/strong> relaxed cut and premium finishes.<\/li>\n\n\n\n<li><strong>Accessories<\/strong> with technical and functional finishes.<\/li>\n\n\n\n<li><strong>Sneakers<\/strong> reinterpreted with utilitarian DNA and artisanal detail.<\/li>\n<\/ul>\n\n\n\n<p>Each piece reflects the encounter between the <strong>conceptual elegance of Y-3<\/strong> and the <strong>NEIGHBORHOOD&#039;S rebellious spirit<\/strong>.<\/p>\n\n\n\n<h2 class=\"wp-block-heading\"><strong>Explore the full collection<\/strong>:<\/h2>\n\n\n\n<h3 class=\"wp-block-heading\"><strong>Pants<\/strong><\/h3>\n\n\n\n<ul class=\"wp-block-list\">\n<li><a href=\"https:\/\/miralles1986.com\/en\/product\/pantalon-cargo-negro-jw7003-neighborhood-x-3\/\">Black Cargo Pants JW7003 Y-3 x NEIGHBORHOOD<\/a><\/li>\n<\/ul>\n\n\n\n<h3 class=\"wp-block-heading\"><strong>T-shirts<\/strong><\/h3>\n\n\n\n<ul class=\"wp-block-list\">\n<li><a>RCR Black KR1364<\/a><\/li>\n\n\n\n<li><a href=\"https:\/\/miralles1986.com\/en\/product\/camiseta-kc8823-graphic-neighborhood-x-y-3\/\">Graphic T-shirt Black\/Granit KC8823<\/a><\/li>\n\n\n\n<li><a href=\"https:\/\/miralles1986.com\/en\/product\/camiseta-relaxed-jw7001-logo-black-neighborhood-x-y-3\/\">Relaxed T-shirt JW7001 Logo Black<\/a><\/li>\n\n\n\n<li><a href=\"https:\/\/miralles1986.com\/en\/product\/camiseta-jw6999-logo-black-neighborhood-x-y-3\/\">JW6999 Logo Black T-Shirt<\/a><\/li>\n\n\n\n<li><a href=\"https:\/\/miralles1986.com\/en\/product\/camiseta-jw6997-football-jersey-black-neighborhood-x-y-3\/\">T-shirt JW6997 Football Jersey Black<\/a><\/li>\n<\/ul>\n\n\n\n<h3 class=\"wp-block-heading\"><strong>Sweatshirts<\/strong><\/h3>\n\n\n\n<ul class=\"wp-block-list\">\n<li><a href=\"https:\/\/miralles1986.com\/en\/product\/sudadera-graphic-hoodie-negra-jw7001-neighborhood-x-y-3\/\">Graphic Hoodie Sweatshirt Black JW7001<\/a><\/li>\n<\/ul>\n\n\n\n<h3 class=\"wp-block-heading\"><strong>Accessories<\/strong><\/h3>\n\n\n\n<ul class=\"wp-block-list\">\n<li><a href=\"https:\/\/miralles1986.com\/en\/product\/gorra-negra-ka0609-jx0050-neighborhood-x-y-3\/\">Black cap KA0609 JX0050<\/a><\/li>\n\n\n\n<li><a href=\"https:\/\/miralles1986.com\/en\/product\/gorra-trucker-negro-jx0050-neighborhood-x-y-3\/\">Black Trucker Cap JX0050<\/a><\/li>\n\n\n\n<li><a href=\"https:\/\/miralles1986.com\/en\/product\/calcetines-blancos-cana-alta-jx0050-neighborhood-x-y-3\/\">White knee-high socks JX0050<\/a><\/li>\n\n\n\n<li><a href=\"https:\/\/miralles1986.com\/en\/product\/cinturon-classic-logo-jx0049-neighborhood-x-y-3\/\">Classic Logo Belt JX0049 Y-3 x NEIGHBORHOOD<\/a><\/li>\n<\/ul>\n\n\n\n<h3 class=\"wp-block-heading\"><strong>Footwear<\/strong><\/h3>\n\n\n\n<ul class=\"wp-block-list\">\n<li><a href=\"https:\/\/miralles1986.com\/en\/product\/zapatillas-jp6454-nizza-hi-neighborhood-x-y-3\/\">JP6454 Nizza Hi Y-3 x NEIGHBORHOOD Sneakers<\/a><\/li>\n<\/ul>\n\n\n\n<h2 class=\"wp-block-heading\"> <strong>Explore the entire collection<\/strong><\/h2>\n\n\n\n<p><a href=\"https:\/\/miralles1986.com\/en\/product-category\/neighborhood-x-y-3\/\">View all Y-3 x NEIGHBORHOOD AW25 products<\/a><\/p>\n\n\n\n<hr class=\"wp-block-separator has-text-color has-cyan-bluish-gray-color has-alpha-channel-opacity has-cyan-bluish-gray-background-color has-background\"\/>\n\n\n\n<h2 class=\"wp-block-heading\"><strong>Official Launch<\/strong><\/h2>\n\n\n\n<p>\ud83d\udda4 <strong>Official Launch<\/strong><\/p>\n\n\n\n<p>\ud83d\uddd3\ufe0f <strong>October 25, 2025<\/strong><br>\ud83d\udccd <strong>Exclusive on <a href=\"https:\/\/miralles1986.com\/en\/eleven-valencia-moda-urbana-y-streetwear-para-hombre\/\">Eleven Store<\/a><\/strong><\/p>\n\n\n\n<p>The products will be available on that date with limited stock.<\/p>\n\n\n\n<div style=\"height:51px\" aria-hidden=\"true\" class=\"wp-block-spacer\"><\/div>","protected":false},"excerpt":{"rendered":"<p>A story of rebellion; always pioneering on the edge. Y-3 x NEIGHBORHOOD is a collaboration between Yohji Yamamoto&#039;s firm and the Japanese brand that\u2026<\/p>","protected":false},"author":1,"featured_media":15192,"parent":0,"menu_order":0,"comment_status":"closed","ping_status":"closed","template":"","meta":{"footnotes":""},"class_list":["post-15186","page","type-page","status-publish","has-post-thumbnail"],"yoast_head":"<!-- This site is optimized with the Yoast SEO plugin v27.5 - https:\/\/yoast.com\/product\/yoast-seo-wordpress\/ -->\n<title>Y-3 x NEIGHBORHOOD - Miralles 1986<\/title>\n<meta name=\"description\" content=\"Descubre la c\u00e1psula NEIGHBORHOOD \u00d7 Y-3: est\u00e9tica biker, dise\u00f1o t\u00e9cnico y esp\u00edritu rebelde. Lanzamiento oficial el 25\/10\/2025.\" \/>\n<meta name=\"robots\" content=\"index, follow, max-snippet:-1, max-image-preview:large, max-video-preview:-1\" \/>\n<link rel=\"canonical\" href=\"https:\/\/miralles1986.com\/en\/neighborhood-x-y-3\/\" \/>\n<meta property=\"og:locale\" content=\"en_GB\" \/>\n<meta property=\"og:type\" content=\"article\" \/>\n<meta property=\"og:title\" content=\"Y-3 x NEIGHBORHOOD - Miralles 1986\" \/>\n<meta property=\"og:description\" content=\"Descubre la c\u00e1psula NEIGHBORHOOD \u00d7 Y-3: est\u00e9tica biker, dise\u00f1o t\u00e9cnico y esp\u00edritu rebelde. Lanzamiento oficial el 25\/10\/2025.\" \/>\n<meta property=\"og:url\" content=\"https:\/\/miralles1986.com\/en\/neighborhood-x-y-3\/\" \/>\n<meta property=\"og:site_name\" content=\"Miralles 1986\" \/>\n<meta property=\"article:publisher\" content=\"https:\/\/www.facebook.com\/miralles1986\" \/>\n<meta property=\"article:modified_time\" content=\"2025-10-24T16:27:11+00:00\" \/>\n<meta property=\"og:image\" content=\"https:\/\/miralles1986.com\/wp-content\/uploads\/2025\/10\/neigborhood-x-y-3-aw25-definitivo-2.jpg\" \/>\n\t<meta property=\"og:image:width\" content=\"800\" \/>\n\t<meta property=\"og:image:height\" content=\"450\" \/>\n\t<meta property=\"og:image:type\" content=\"image\/jpeg\" \/>\n<meta name=\"twitter:card\" content=\"summary_large_image\" \/>\n<meta name=\"twitter:label1\" content=\"Estimated reading time\" \/>\n\t<meta name=\"twitter:data1\" content=\"3 minutes\" \/>\n<script type=\"application\/ld+json\" class=\"yoast-schema-graph\">{\"@context\":\"https:\\\/\\\/schema.org\",\"@graph\":[{\"@type\":\"WebPage\",\"@id\":\"https:\\\/\\\/miralles1986.com\\\/neighborhood-x-y-3\\\/\",\"url\":\"https:\\\/\\\/miralles1986.com\\\/neighborhood-x-y-3\\\/\",\"name\":\"Y-3 x NEIGHBORHOOD - Miralles 1986\",\"isPartOf\":{\"@id\":\"https:\\\/\\\/miralles1986.com\\\/#website\"},\"primaryImageOfPage\":{\"@id\":\"https:\\\/\\\/miralles1986.com\\\/neighborhood-x-y-3\\\/#primaryimage\"},\"image\":{\"@id\":\"https:\\\/\\\/miralles1986.com\\\/neighborhood-x-y-3\\\/#primaryimage\"},\"thumbnailUrl\":\"https:\\\/\\\/miralles1986.com\\\/wp-content\\\/uploads\\\/2025\\\/10\\\/neigborhood-x-y-3-aw25-definitivo-2.jpg\",\"datePublished\":\"2025-10-18T15:07:04+00:00\",\"dateModified\":\"2025-10-24T16:27:11+00:00\",\"description\":\"Descubre la c\u00e1psula NEIGHBORHOOD \u00d7 Y-3: est\u00e9tica biker, dise\u00f1o t\u00e9cnico y esp\u00edritu rebelde. Lanzamiento oficial el 25\\\/10\\\/2025.\",\"breadcrumb\":{\"@id\":\"https:\\\/\\\/miralles1986.com\\\/neighborhood-x-y-3\\\/#breadcrumb\"},\"inLanguage\":\"en-GB\",\"potentialAction\":[{\"@type\":\"ReadAction\",\"target\":[\"https:\\\/\\\/miralles1986.com\\\/neighborhood-x-y-3\\\/\"]}]},{\"@type\":\"ImageObject\",\"inLanguage\":\"en-GB\",\"@id\":\"https:\\\/\\\/miralles1986.com\\\/neighborhood-x-y-3\\\/#primaryimage\",\"url\":\"https:\\\/\\\/miralles1986.com\\\/wp-content\\\/uploads\\\/2025\\\/10\\\/neigborhood-x-y-3-aw25-definitivo-2.jpg\",\"contentUrl\":\"https:\\\/\\\/miralles1986.com\\\/wp-content\\\/uploads\\\/2025\\\/10\\\/neigborhood-x-y-3-aw25-definitivo-2.jpg\",\"width\":800,\"height\":450,\"caption\":\"Y-3 x NEIGHBORHOOD Miralles 1986\"},{\"@type\":\"BreadcrumbList\",\"@id\":\"https:\\\/\\\/miralles1986.com\\\/neighborhood-x-y-3\\\/#breadcrumb\",\"itemListElement\":[{\"@type\":\"ListItem\",\"position\":1,\"name\":\"Portada\",\"item\":\"https:\\\/\\\/miralles1986.com\\\/\"},{\"@type\":\"ListItem\",\"position\":2,\"name\":\"Y-3 x NEIGHBORHOOD\"}]},{\"@type\":\"WebSite\",\"@id\":\"https:\\\/\\\/miralles1986.com\\\/#website\",\"url\":\"https:\\\/\\\/miralles1986.com\\\/\",\"name\":\"Miralles 1986\",\"description\":\"Moda masculina de lujo en Valencia\",\"publisher\":{\"@id\":\"https:\\\/\\\/miralles1986.com\\\/#organization\"},\"potentialAction\":[{\"@type\":\"SearchAction\",\"target\":{\"@type\":\"EntryPoint\",\"urlTemplate\":\"https:\\\/\\\/miralles1986.com\\\/?s={search_term_string}\"},\"query-input\":{\"@type\":\"PropertyValueSpecification\",\"valueRequired\":true,\"valueName\":\"search_term_string\"}}],\"inLanguage\":\"en-GB\"},{\"@type\":\"Organization\",\"@id\":\"https:\\\/\\\/miralles1986.com\\\/#organization\",\"name\":\"Miralles 1986\",\"alternateName\":\"Miralles\",\"url\":\"https:\\\/\\\/miralles1986.com\\\/\",\"logo\":{\"@type\":\"ImageObject\",\"inLanguage\":\"en-GB\",\"@id\":\"https:\\\/\\\/miralles1986.com\\\/#\\\/schema\\\/logo\\\/image\\\/\",\"url\":\"https:\\\/\\\/miralles1986.com\\\/wp-content\\\/uploads\\\/2024\\\/09\\\/logo-miralles-1986-pequeno-bl.png\",\"contentUrl\":\"https:\\\/\\\/miralles1986.com\\\/wp-content\\\/uploads\\\/2024\\\/09\\\/logo-miralles-1986-pequeno-bl.png\",\"width\":201,\"height\":73,\"caption\":\"Miralles 1986\"},\"image\":{\"@id\":\"https:\\\/\\\/miralles1986.com\\\/#\\\/schema\\\/logo\\\/image\\\/\"},\"sameAs\":[\"https:\\\/\\\/www.facebook.com\\\/miralles1986\",\"https:\\\/\\\/www.instagram.com\\\/miralles1986_\\\/\"]}]}<\/script>\n<!-- \/ Yoast SEO plugin. -->","yoast_head_json":{"title":"Y-3 x NEIGHBORHOOD - Miralles 1986","description":"Discover the NEIGHBORHOOD \u00d7 Y-3 capsule collection: biker style, technical design, and a rebellious spirit. Official launch on October 25, 2025.","robots":{"index":"index","follow":"follow","max-snippet":"max-snippet:-1","max-image-preview":"max-image-preview:large","max-video-preview":"max-video-preview:-1"},"canonical":"https:\/\/miralles1986.com\/en\/neighborhood-x-y-3\/","og_locale":"en_GB","og_type":"article","og_title":"Y-3 x NEIGHBORHOOD - Miralles 1986","og_description":"Descubre la c\u00e1psula NEIGHBORHOOD \u00d7 Y-3: est\u00e9tica biker, dise\u00f1o t\u00e9cnico y esp\u00edritu rebelde. Lanzamiento oficial el 25\/10\/2025.","og_url":"https:\/\/miralles1986.com\/en\/neighborhood-x-y-3\/","og_site_name":"Miralles 1986","article_publisher":"https:\/\/www.facebook.com\/miralles1986","article_modified_time":"2025-10-24T16:27:11+00:00","og_image":[{"width":800,"height":450,"url":"https:\/\/miralles1986.com\/wp-content\/uploads\/2025\/10\/neigborhood-x-y-3-aw25-definitivo-2.jpg","type":"image\/jpeg"}],"twitter_card":"summary_large_image","twitter_misc":{"Estimated reading time":"3 minutes"},"schema":{"@context":"https:\/\/schema.org","@graph":[{"@type":"WebPage","@id":"https:\/\/miralles1986.com\/neighborhood-x-y-3\/","url":"https:\/\/miralles1986.com\/neighborhood-x-y-3\/","name":"Y-3 x NEIGHBORHOOD - Miralles 1986","isPartOf":{"@id":"https:\/\/miralles1986.com\/#website"},"primaryImageOfPage":{"@id":"https:\/\/miralles1986.com\/neighborhood-x-y-3\/#primaryimage"},"image":{"@id":"https:\/\/miralles1986.com\/neighborhood-x-y-3\/#primaryimage"},"thumbnailUrl":"https:\/\/miralles1986.com\/wp-content\/uploads\/2025\/10\/neigborhood-x-y-3-aw25-definitivo-2.jpg","datePublished":"2025-10-18T15:07:04+00:00","dateModified":"2025-10-24T16:27:11+00:00","description":"Discover the NEIGHBORHOOD \u00d7 Y-3 capsule collection: biker style, technical design, and a rebellious spirit. Official launch on October 25, 2025.","breadcrumb":{"@id":"https:\/\/miralles1986.com\/neighborhood-x-y-3\/#breadcrumb"},"inLanguage":"en-GB","potentialAction":[{"@type":"ReadAction","target":["https:\/\/miralles1986.com\/neighborhood-x-y-3\/"]}]},{"@type":"ImageObject","inLanguage":"en-GB","@id":"https:\/\/miralles1986.com\/neighborhood-x-y-3\/#primaryimage","url":"https:\/\/miralles1986.com\/wp-content\/uploads\/2025\/10\/neigborhood-x-y-3-aw25-definitivo-2.jpg","contentUrl":"https:\/\/miralles1986.com\/wp-content\/uploads\/2025\/10\/neigborhood-x-y-3-aw25-definitivo-2.jpg","width":800,"height":450,"caption":"Y-3 x NEIGHBORHOOD Miralles 1986"},{"@type":"BreadcrumbList","@id":"https:\/\/miralles1986.com\/neighborhood-x-y-3\/#breadcrumb","itemListElement":[{"@type":"ListItem","position":1,"name":"Portada","item":"https:\/\/miralles1986.com\/"},{"@type":"ListItem","position":2,"name":"Y-3 x NEIGHBORHOOD"}]},{"@type":"WebSite","@id":"https:\/\/miralles1986.com\/#website","url":"https:\/\/miralles1986.com\/","name":"Miralles 1986","description":"Luxury men&#039;s fashion in Valencia","publisher":{"@id":"https:\/\/miralles1986.com\/#organization"},"potentialAction":[{"@type":"SearchAction","target":{"@type":"EntryPoint","urlTemplate":"https:\/\/miralles1986.com\/?s={search_term_string}"},"query-input":{"@type":"PropertyValueSpecification","valueRequired":true,"valueName":"search_term_string"}}],"inLanguage":"en-GB"},{"@type":"Organization","@id":"https:\/\/miralles1986.com\/#organization","name":"Miralles 1986","alternateName":"Miralles","url":"https:\/\/miralles1986.com\/","logo":{"@type":"ImageObject","inLanguage":"en-GB","@id":"https:\/\/miralles1986.com\/#\/schema\/logo\/image\/","url":"https:\/\/miralles1986.com\/wp-content\/uploads\/2024\/09\/logo-miralles-1986-pequeno-bl.png","contentUrl":"https:\/\/miralles1986.com\/wp-content\/uploads\/2024\/09\/logo-miralles-1986-pequeno-bl.png","width":201,"height":73,"caption":"Miralles 1986"},"image":{"@id":"https:\/\/miralles1986.com\/#\/schema\/logo\/image\/"},"sameAs":["https:\/\/www.facebook.com\/miralles1986","https:\/\/www.instagram.com\/miralles1986_\/"]}]}},"_links":{"self":[{"href":"https:\/\/miralles1986.com\/en\/wp-json\/wp\/v2\/pages\/15186","targetHints":{"allow":["GET"]}}],"collection":[{"href":"https:\/\/miralles1986.com\/en\/wp-json\/wp\/v2\/pages"}],"about":[{"href":"https:\/\/miralles1986.com\/en\/wp-json\/wp\/v2\/types\/page"}],"author":[{"embeddable":true,"href":"https:\/\/miralles1986.com\/en\/wp-json\/wp\/v2\/users\/1"}],"replies":[{"embeddable":true,"href":"https:\/\/miralles1986.com\/en\/wp-json\/wp\/v2\/comments?post=15186"}],"version-history":[{"count":0,"href":"https:\/\/miralles1986.com\/en\/wp-json\/wp\/v2\/pages\/15186\/revisions"}],"wp:featuredmedia":[{"embeddable":true,"href":"https:\/\/miralles1986.com\/en\/wp-json\/wp\/v2\/media\/15192"}],"wp:attachment":[{"href":"https:\/\/miralles1986.com\/en\/wp-json\/wp\/v2\/media?parent=15186"}],"curies":[{"name":"wp","href":"https:\/\/api.w.org\/{rel}","templated":true}]}}