{"id":15530,"date":"2025-11-03T20:13:01","date_gmt":"2025-11-03T19:13:01","guid":{"rendered":"https:\/\/miralles1986.com\/?page_id=15530"},"modified":"2025-11-12T12:38:00","modified_gmt":"2025-11-12T11:38:00","slug":"eleventy-milano-aw25","status":"publish","type":"page","link":"https:\/\/miralles1986.com\/en\/eleventy-milano-aw25\/","title":{"rendered":"Eleventy Milano AW25"},"content":{"rendered":"<div style=\"height:27px\" aria-hidden=\"true\" class=\"wp-block-spacer\"><\/div>\n\n\n\n<h2 class=\"wp-block-heading has-text-align-center\"><br>Eleventy Milano AW25 \u2013 Autumn Winter 2025 Collection for Men<\/h2>\n\n\n\n<div class=\"wp-block-columns is-layout-flex wp-container-core-columns-is-layout-9d6595d7 wp-block-columns-is-layout-flex\">\n<div class=\"wp-block-column is-layout-flow wp-block-column-is-layout-flow\" style=\"flex-basis:10%\">\n<p class=\"has-text-align-center\"><\/p>\n<\/div>\n\n\n\n<div class=\"wp-block-column is-layout-flow wp-block-column-is-layout-flow\" style=\"flex-basis:80%\">\n<p class=\"has-text-align-center\">Eleventy Milano AW25 embodies the contemporary elegance of the Italian man. This season, the brand presents garments that fuse sartorial tradition, technical fabrics, and a palette of natural colors that evoke the essence of urban winter.<\/p>\n\n\n\n<div class=\"wp-block-buttons is-content-justification-center is-layout-flex wp-container-core-buttons-is-layout-16018d1d wp-block-buttons-is-layout-flex\">\n<div class=\"wp-block-button is-style-outline is-style-outline--1\"><a class=\"wp-block-button__link has-white-color has-black-background-color has-text-color has-background has-link-color has-text-align-center wp-element-button\" href=\"https:\/\/miralles1986.com\/en\/brand\/eleventy-milano\/\">Access the collection<\/a><\/div>\n<\/div>\n<\/div>\n\n\n\n<div class=\"wp-block-column is-layout-flow wp-block-column-is-layout-flow\" style=\"flex-basis:10%\"><\/div>\n<\/div>\n\n\n\n<div style=\"height:47px\" aria-hidden=\"true\" class=\"wp-block-spacer\"><\/div>\n\n\n\n<figure class=\"wp-block-gallery has-nested-images columns-4 is-cropped wp-block-gallery-2 is-layout-flex wp-block-gallery-is-layout-flex\">\n<figure class=\"wp-block-image size-full\"><img decoding=\"async\" width=\"1000\" height=\"1000\" data-id=\"15349\" src=\"https:\/\/miralles1986.com\/wp-content\/uploads\/2025\/10\/Jersey-cuello-alto-hombre-L76MAGL06-Eleventy-Milano-2.jpg\" alt=\"Men&#039;s turtleneck sweater L76MAGL06 Eleventy Milano AW25\" class=\"wp-image-15349\" srcset=\"https:\/\/miralles1986.com\/wp-content\/uploads\/2025\/10\/Jersey-cuello-alto-hombre-L76MAGL06-Eleventy-Milano-2.jpg 1000w, https:\/\/miralles1986.com\/wp-content\/uploads\/2025\/10\/Jersey-cuello-alto-hombre-L76MAGL06-Eleventy-Milano-2-500x500.jpg 500w\" sizes=\"(max-width: 1000px) 100vw, 1000px\" \/><\/figure>\n\n\n\n<figure class=\"wp-block-image size-full\"><img decoding=\"async\" width=\"1000\" height=\"1000\" data-id=\"15286\" src=\"https:\/\/miralles1986.com\/wp-content\/uploads\/2025\/10\/chaqueta-abotonada-eleventy-L75GBTL08-02-sabbia-2.jpg\" alt=\"Men&#039;s jacket L75GBTL08 sand Eleventy Milano Eleventy Milano AW25\" class=\"wp-image-15286\" srcset=\"https:\/\/miralles1986.com\/wp-content\/uploads\/2025\/10\/chaqueta-abotonada-eleventy-L75GBTL08-02-sabbia-2.jpg 1000w, https:\/\/miralles1986.com\/wp-content\/uploads\/2025\/10\/chaqueta-abotonada-eleventy-L75GBTL08-02-sabbia-2-500x500.jpg 500w\" sizes=\"(max-width: 1000px) 100vw, 1000px\" \/><\/figure>\n\n\n\n<figure class=\"wp-block-image size-full\"><img decoding=\"async\" width=\"1000\" height=\"1000\" data-id=\"15284\" src=\"https:\/\/miralles1986.com\/wp-content\/uploads\/2025\/10\/chaqueta-abotonada-eleventy-L75GBTL08-02-sabbia-5.jpg\" alt=\"Men&#039;s jacket L75GBTL08 sand Eleventy Milano Eleventy Milano AW25\" class=\"wp-image-15284\" srcset=\"https:\/\/miralles1986.com\/wp-content\/uploads\/2025\/10\/chaqueta-abotonada-eleventy-L75GBTL08-02-sabbia-5.jpg 1000w, https:\/\/miralles1986.com\/wp-content\/uploads\/2025\/10\/chaqueta-abotonada-eleventy-L75GBTL08-02-sabbia-5-500x500.jpg 500w\" sizes=\"(max-width: 1000px) 100vw, 1000px\" \/><\/figure>\n\n\n\n<figure class=\"wp-block-image size-full\"><img decoding=\"async\" width=\"1000\" height=\"1000\" data-id=\"15502\" src=\"https:\/\/miralles1986.com\/wp-content\/uploads\/2025\/10\/sueter-L76MAGL79-MAG0L029-15-02-eleventy-milano.jpg\" alt=\"Men&#039;s sweater L76MAGL79 Eleventy Milano Eleventy Milano AW25\" class=\"wp-image-15502\" srcset=\"https:\/\/miralles1986.com\/wp-content\/uploads\/2025\/10\/sueter-L76MAGL79-MAG0L029-15-02-eleventy-milano.jpg 1000w, https:\/\/miralles1986.com\/wp-content\/uploads\/2025\/10\/sueter-L76MAGL79-MAG0L029-15-02-eleventy-milano-500x500.jpg 500w\" sizes=\"(max-width: 1000px) 100vw, 1000px\" \/><\/figure>\n\n\n\n<figure class=\"wp-block-image size-full\"><img decoding=\"async\" width=\"1000\" height=\"1000\" data-id=\"15257\" src=\"https:\/\/miralles1986.com\/wp-content\/uploads\/2025\/10\/l70giak01-bt-crn-tes0I190_11-chaqueta-hibrida-algodon-eleventy-milano-azul-2.jpg\" alt=\"Eleventy Milano L70GIAK01BT Hybrid Cotton Hooded Jacket AW25\" class=\"wp-image-15257\" srcset=\"https:\/\/miralles1986.com\/wp-content\/uploads\/2025\/10\/l70giak01-bt-crn-tes0I190_11-chaqueta-hibrida-algodon-eleventy-milano-azul-2.jpg 1000w, https:\/\/miralles1986.com\/wp-content\/uploads\/2025\/10\/l70giak01-bt-crn-tes0I190_11-chaqueta-hibrida-algodon-eleventy-milano-azul-2-500x500.jpg 500w\" sizes=\"(max-width: 1000px) 100vw, 1000px\" \/><\/figure>\n\n\n\n<figure class=\"wp-block-image size-full\"><img decoding=\"async\" width=\"1000\" height=\"1000\" data-id=\"15273\" src=\"https:\/\/miralles1986.com\/wp-content\/uploads\/2025\/10\/L75CAML05-camisa-a-cuadros-eleventy-beige-en-algodon-2.jpg\" alt=\"Men&#039;s shirt L75CAML05 Beige Eleventy Milano Eleventy Milano AW25\" class=\"wp-image-15273\" srcset=\"https:\/\/miralles1986.com\/wp-content\/uploads\/2025\/10\/L75CAML05-camisa-a-cuadros-eleventy-beige-en-algodon-2.jpg 1000w, https:\/\/miralles1986.com\/wp-content\/uploads\/2025\/10\/L75CAML05-camisa-a-cuadros-eleventy-beige-en-algodon-2-500x500.jpg 500w\" sizes=\"(max-width: 1000px) 100vw, 1000px\" \/><\/figure>\n<\/figure>\n\n\n\n<div style=\"height:39px\" aria-hidden=\"true\" class=\"wp-block-spacer\"><\/div>\n\n\n\n<h2 class=\"wp-block-heading has-text-align-center\">Buy Eleventy Milano AW25 at Miralles 1986<\/h2>\n\n\n\n<div style=\"height:36px\" aria-hidden=\"true\" class=\"wp-block-spacer\"><\/div>\n\n\n\n<p class=\"has-text-align-center\">In <strong><a href=\"https:\/\/miralles1986.com\/en\/\">Miralles 1986<\/a><\/strong>, We carefully select each garment to offer a unique shopping experience in luxury menswear. You can purchase your favorite pieces online or visit our physical store in Valencia to discover the complete collection.<a href=\"https:\/\/miralles1986.com\/en\/product-category\/y-3-aw25\/\"> <\/a><a href=\"https:\/\/miralles1986.com\/en\/product-category\/y-3-aw25\/https%3a\/\/miralles1986.com\/brand\/eleventy-milano\/\">Eleventy Milano AW25<\/a> in person. <\/p>\n\n\n\n<div style=\"height:30px\" aria-hidden=\"true\" class=\"wp-block-spacer\"><\/div>\n\n\n\n<div class=\"wp-block-columns is-layout-flex wp-container-core-columns-is-layout-9d6595d7 wp-block-columns-is-layout-flex\">\n<div class=\"wp-block-column is-layout-flow wp-block-column-is-layout-flow\" style=\"flex-basis:80%\">\n<div class=\"wp-block-group is-layout-constrained wp-block-group-is-layout-constrained\">\n<h3 class=\"wp-block-heading\">Featured Items from the Collection:<\/h3>\n\n\n\n<ul class=\"wp-block-list\">\n<li><a href=\"https:\/\/miralles1986.com\/en\/product\/pantalon-l75pang03-arena-eleventy-milano\/\">L75PANG03 Sand Trousers<\/a><\/li>\n\n\n\n<li><a href=\"https:\/\/miralles1986.com\/en\/product\/camisa-hombre-l75gbtl08-arena-eleventy-milano\/\">L75GBTL08 Sand Jacket<\/a><\/li>\n\n\n\n<li><a href=\"https:\/\/miralles1986.com\/en\/product\/camisa-hombre-l75caml05-beige-eleventy-milano\/\">Shirt L75CAML05 Beige<\/a><\/li>\n\n\n\n<li><a href=\"https:\/\/miralles1986.com\/en\/product\/sueter-hombre-l76magl79-gris-eleventy-milano\/\">L76MAGL79 Dark Gray Sweater<\/a><\/li>\n\n\n\n<li><a href=\"https:\/\/miralles1986.com\/en\/product\/pantalon-vaquero-x75panl09-tet0l012-08n-eleventy-milano\/\">Jeans X75PANL09<\/a><\/li>\n\n\n\n<li><a href=\"https:\/\/miralles1986.com\/en\/product\/chaqueta-hibrida-con-capucha-l70giak01-eleventy-milano\/\">Hybrid Jacket with Hood L70GIAK01 Blue<\/a><\/li>\n<\/ul>\n\n\n\n<h3 class=\"wp-block-heading\"><strong>Premium design and materials<\/strong><\/h3>\n\n\n\n<p>Each garment in Eleventy Milano&#039;s AW25 line reflects the balance between understated luxury and functionality. Premium Italian fabrics, virgin wool, stretch cotton, and technical blends guarantee comfort and durability without sacrificing elegance.<\/p>\n\n\n\n<h3 class=\"wp-block-heading\"><strong>Style<\/strong><\/h3>\n\n\n\n<p>Eleventy is synonymous with modern sophistication. Its &quot;Smart Luxury&quot; philosophy redefines menswear with a clean, versatile, and refined aesthetic. Ideal for men who value quality and Italian authenticity in every detail.<\/p>\n\n\n\n<h3 class=\"wp-block-heading\"><strong>Buy the collection at Miralles 1986<\/strong><\/h3>\n\n\n\n<p>Discover the latest arrivals from Eleventy Milano AW25 at Miralles 1986 and complete your wardrobe with exclusive pieces. Fast shipping, personalized service, and the finest selection of luxury men&#039;s fashion.<\/p>\n\n\n\n<p><a href=\"https:\/\/miralles1986.com\/en\/brand\/eleventy-milano\/\">\ud83d\udc49 Buy Eleventy Milano AW25 at Miralles 1986<\/a><\/p>\n\n\n\n<div style=\"height:39px\" aria-hidden=\"true\" class=\"wp-block-spacer\"><\/div>\n<\/div>\n<\/div>\n\n\n\n<div class=\"wp-block-column is-layout-flow wp-block-column-is-layout-flow\" style=\"flex-basis:50%\">\n<div class=\"wp-block-cover is-light\" style=\"min-height:430px;aspect-ratio:unset;\"><img decoding=\"async\" width=\"1000\" height=\"1000\" class=\"wp-block-cover__image-background wp-image-15271 size-full\" alt=\"Men&#039;s Shirt L75CAML05 Beige Eleventy Milano\" src=\"https:\/\/miralles1986.com\/wp-content\/uploads\/2025\/10\/L75CAML05-camisa-a-cuadros-eleventy-beige-en-algodon-4.jpg\" data-object-fit=\"cover\" srcset=\"https:\/\/miralles1986.com\/wp-content\/uploads\/2025\/10\/L75CAML05-camisa-a-cuadros-eleventy-beige-en-algodon-4.jpg 1000w, https:\/\/miralles1986.com\/wp-content\/uploads\/2025\/10\/L75CAML05-camisa-a-cuadros-eleventy-beige-en-algodon-4-500x500.jpg 500w\" sizes=\"(max-width: 1000px) 100vw, 1000px\" \/><span aria-hidden=\"true\" class=\"wp-block-cover__background has-background-dim\" style=\"background-color:#ded9d7\"><\/span><div class=\"wp-block-cover__inner-container is-layout-constrained wp-block-cover-is-layout-constrained\">\n<p class=\"has-text-align-center has-large-font-size\"><strong>Shirts with premium materials<\/strong><\/p>\n<\/div><\/div>\n\n\n\n<div style=\"height:46px\" aria-hidden=\"true\" class=\"wp-block-spacer\"><\/div>\n\n\n\n<div style=\"height:46px\" aria-hidden=\"true\" class=\"wp-block-spacer\"><\/div>\n\n\n\n<div class=\"wp-block-cover\" style=\"min-height:430px;aspect-ratio:unset;\"><img decoding=\"async\" width=\"1000\" height=\"1000\" class=\"wp-block-cover__image-background wp-image-15501 size-full\" alt=\"Men&#039;s sweater L76MAGL79 Eleventy Milano\" src=\"https:\/\/miralles1986.com\/wp-content\/uploads\/2025\/10\/sueter-L76MAGL79-MAG0L029-15-02-eleventy-milano-2.jpg\" data-object-fit=\"cover\" srcset=\"https:\/\/miralles1986.com\/wp-content\/uploads\/2025\/10\/sueter-L76MAGL79-MAG0L029-15-02-eleventy-milano-2.jpg 1000w, https:\/\/miralles1986.com\/wp-content\/uploads\/2025\/10\/sueter-L76MAGL79-MAG0L029-15-02-eleventy-milano-2-500x500.jpg 500w\" sizes=\"(max-width: 1000px) 100vw, 1000px\" \/><span aria-hidden=\"true\" class=\"wp-block-cover__background has-background-dim\" style=\"background-color:#756c67\"><\/span><div class=\"wp-block-cover__inner-container is-layout-constrained wp-block-cover-is-layout-constrained\">\n<p class=\"has-text-align-center has-large-font-size\"><strong>Sweaters with contemporary elegance<\/strong><\/p>\n<\/div><\/div>\n<\/div>\n<\/div>\n\n\n\n<p><\/p>","protected":false},"excerpt":{"rendered":"<p>Eleventy Milano AW25 \u2013 Fall\/Winter 2025 Men&#039;s Collection. Eleventy Milano AW25 embodies the contemporary elegance of the Italian man. This season, the brand presents\u2026<\/p>","protected":false},"author":1,"featured_media":15283,"parent":0,"menu_order":0,"comment_status":"closed","ping_status":"closed","template":"","meta":{"footnotes":""},"class_list":["post-15530","page","type-page","status-publish","has-post-thumbnail"],"yoast_head":"<!-- This site is optimized with the Yoast SEO plugin v27.5 - https:\/\/yoast.com\/product\/yoast-seo-wordpress\/ -->\n<title>Eleventy Milano AW25 - Miralles 1986<\/title>\n<meta name=\"description\" content=\"La colecci\u00f3n Eleventy Milano AW25 representa la elegancia contempor\u00e1nea del hombre italiano. Disponible en el cat\u00e1logo de Miralles 1986.\" \/>\n<meta name=\"robots\" content=\"index, follow, max-snippet:-1, max-image-preview:large, max-video-preview:-1\" \/>\n<link rel=\"canonical\" href=\"https:\/\/miralles1986.com\/en\/eleventy-milano-aw25\/\" \/>\n<meta property=\"og:locale\" content=\"en_GB\" \/>\n<meta property=\"og:type\" content=\"article\" \/>\n<meta property=\"og:title\" content=\"Eleventy Milano AW25 - Miralles 1986\" \/>\n<meta property=\"og:description\" content=\"La colecci\u00f3n Eleventy Milano AW25 representa la elegancia contempor\u00e1nea del hombre italiano. Disponible en el cat\u00e1logo de Miralles 1986.\" \/>\n<meta property=\"og:url\" content=\"https:\/\/miralles1986.com\/en\/eleventy-milano-aw25\/\" \/>\n<meta property=\"og:site_name\" content=\"Miralles 1986\" \/>\n<meta property=\"article:publisher\" content=\"https:\/\/www.facebook.com\/miralles1986\" \/>\n<meta property=\"article:modified_time\" content=\"2025-11-12T11:38:00+00:00\" \/>\n<meta property=\"og:image\" content=\"https:\/\/miralles1986.com\/wp-content\/uploads\/2025\/10\/chaqueta-abotonada-eleventy-L75GBTL08-02-sabbia.jpg\" \/>\n\t<meta property=\"og:image:width\" content=\"1000\" \/>\n\t<meta property=\"og:image:height\" content=\"1000\" \/>\n\t<meta property=\"og:image:type\" content=\"image\/jpeg\" \/>\n<meta name=\"twitter:card\" content=\"summary_large_image\" \/>\n<meta name=\"twitter:label1\" content=\"Estimated reading time\" \/>\n\t<meta name=\"twitter:data1\" content=\"3 minutes\" \/>\n<script type=\"application\/ld+json\" class=\"yoast-schema-graph\">{\"@context\":\"https:\\\/\\\/schema.org\",\"@graph\":[{\"@type\":\"WebPage\",\"@id\":\"https:\\\/\\\/miralles1986.com\\\/eleventy-milano-aw25\\\/\",\"url\":\"https:\\\/\\\/miralles1986.com\\\/eleventy-milano-aw25\\\/\",\"name\":\"Eleventy Milano AW25 - Miralles 1986\",\"isPartOf\":{\"@id\":\"https:\\\/\\\/miralles1986.com\\\/#website\"},\"primaryImageOfPage\":{\"@id\":\"https:\\\/\\\/miralles1986.com\\\/eleventy-milano-aw25\\\/#primaryimage\"},\"image\":{\"@id\":\"https:\\\/\\\/miralles1986.com\\\/eleventy-milano-aw25\\\/#primaryimage\"},\"thumbnailUrl\":\"https:\\\/\\\/miralles1986.com\\\/wp-content\\\/uploads\\\/2025\\\/10\\\/chaqueta-abotonada-eleventy-L75GBTL08-02-sabbia.jpg\",\"datePublished\":\"2025-11-03T19:13:01+00:00\",\"dateModified\":\"2025-11-12T11:38:00+00:00\",\"description\":\"La colecci\u00f3n Eleventy Milano AW25 representa la elegancia contempor\u00e1nea del hombre italiano. Disponible en el cat\u00e1logo de Miralles 1986.\",\"breadcrumb\":{\"@id\":\"https:\\\/\\\/miralles1986.com\\\/eleventy-milano-aw25\\\/#breadcrumb\"},\"inLanguage\":\"en-GB\",\"potentialAction\":[{\"@type\":\"ReadAction\",\"target\":[\"https:\\\/\\\/miralles1986.com\\\/eleventy-milano-aw25\\\/\"]}]},{\"@type\":\"ImageObject\",\"inLanguage\":\"en-GB\",\"@id\":\"https:\\\/\\\/miralles1986.com\\\/eleventy-milano-aw25\\\/#primaryimage\",\"url\":\"https:\\\/\\\/miralles1986.com\\\/wp-content\\\/uploads\\\/2025\\\/10\\\/chaqueta-abotonada-eleventy-L75GBTL08-02-sabbia.jpg\",\"contentUrl\":\"https:\\\/\\\/miralles1986.com\\\/wp-content\\\/uploads\\\/2025\\\/10\\\/chaqueta-abotonada-eleventy-L75GBTL08-02-sabbia.jpg\",\"width\":1000,\"height\":1000,\"caption\":\"Chaqueta hombre L75GBTL08 arena Eleventy Milano AW25\"},{\"@type\":\"BreadcrumbList\",\"@id\":\"https:\\\/\\\/miralles1986.com\\\/eleventy-milano-aw25\\\/#breadcrumb\",\"itemListElement\":[{\"@type\":\"ListItem\",\"position\":1,\"name\":\"Portada\",\"item\":\"https:\\\/\\\/miralles1986.com\\\/\"},{\"@type\":\"ListItem\",\"position\":2,\"name\":\"Eleventy Milano AW25\"}]},{\"@type\":\"WebSite\",\"@id\":\"https:\\\/\\\/miralles1986.com\\\/#website\",\"url\":\"https:\\\/\\\/miralles1986.com\\\/\",\"name\":\"Miralles 1986\",\"description\":\"Moda masculina de lujo en Valencia\",\"publisher\":{\"@id\":\"https:\\\/\\\/miralles1986.com\\\/#organization\"},\"potentialAction\":[{\"@type\":\"SearchAction\",\"target\":{\"@type\":\"EntryPoint\",\"urlTemplate\":\"https:\\\/\\\/miralles1986.com\\\/?s={search_term_string}\"},\"query-input\":{\"@type\":\"PropertyValueSpecification\",\"valueRequired\":true,\"valueName\":\"search_term_string\"}}],\"inLanguage\":\"en-GB\"},{\"@type\":\"Organization\",\"@id\":\"https:\\\/\\\/miralles1986.com\\\/#organization\",\"name\":\"Miralles 1986\",\"alternateName\":\"Miralles\",\"url\":\"https:\\\/\\\/miralles1986.com\\\/\",\"logo\":{\"@type\":\"ImageObject\",\"inLanguage\":\"en-GB\",\"@id\":\"https:\\\/\\\/miralles1986.com\\\/#\\\/schema\\\/logo\\\/image\\\/\",\"url\":\"https:\\\/\\\/miralles1986.com\\\/wp-content\\\/uploads\\\/2024\\\/09\\\/logo-miralles-1986-pequeno-bl.png\",\"contentUrl\":\"https:\\\/\\\/miralles1986.com\\\/wp-content\\\/uploads\\\/2024\\\/09\\\/logo-miralles-1986-pequeno-bl.png\",\"width\":201,\"height\":73,\"caption\":\"Miralles 1986\"},\"image\":{\"@id\":\"https:\\\/\\\/miralles1986.com\\\/#\\\/schema\\\/logo\\\/image\\\/\"},\"sameAs\":[\"https:\\\/\\\/www.facebook.com\\\/miralles1986\",\"https:\\\/\\\/www.instagram.com\\\/miralles1986_\\\/\"]}]}<\/script>\n<!-- \/ Yoast SEO plugin. -->","yoast_head_json":{"title":"Eleventy Milano AW25 - Miralles 1986","description":"The Eleventy Milano AW25 collection embodies the contemporary elegance of the Italian man. Available in the Miralles 1986 catalog.","robots":{"index":"index","follow":"follow","max-snippet":"max-snippet:-1","max-image-preview":"max-image-preview:large","max-video-preview":"max-video-preview:-1"},"canonical":"https:\/\/miralles1986.com\/en\/eleventy-milano-aw25\/","og_locale":"en_GB","og_type":"article","og_title":"Eleventy Milano AW25 - Miralles 1986","og_description":"La colecci\u00f3n Eleventy Milano AW25 representa la elegancia contempor\u00e1nea del hombre italiano. Disponible en el cat\u00e1logo de Miralles 1986.","og_url":"https:\/\/miralles1986.com\/en\/eleventy-milano-aw25\/","og_site_name":"Miralles 1986","article_publisher":"https:\/\/www.facebook.com\/miralles1986","article_modified_time":"2025-11-12T11:38:00+00:00","og_image":[{"width":1000,"height":1000,"url":"https:\/\/miralles1986.com\/wp-content\/uploads\/2025\/10\/chaqueta-abotonada-eleventy-L75GBTL08-02-sabbia.jpg","type":"image\/jpeg"}],"twitter_card":"summary_large_image","twitter_misc":{"Estimated reading time":"3 minutes"},"schema":{"@context":"https:\/\/schema.org","@graph":[{"@type":"WebPage","@id":"https:\/\/miralles1986.com\/eleventy-milano-aw25\/","url":"https:\/\/miralles1986.com\/eleventy-milano-aw25\/","name":"Eleventy Milano AW25 - Miralles 1986","isPartOf":{"@id":"https:\/\/miralles1986.com\/#website"},"primaryImageOfPage":{"@id":"https:\/\/miralles1986.com\/eleventy-milano-aw25\/#primaryimage"},"image":{"@id":"https:\/\/miralles1986.com\/eleventy-milano-aw25\/#primaryimage"},"thumbnailUrl":"https:\/\/miralles1986.com\/wp-content\/uploads\/2025\/10\/chaqueta-abotonada-eleventy-L75GBTL08-02-sabbia.jpg","datePublished":"2025-11-03T19:13:01+00:00","dateModified":"2025-11-12T11:38:00+00:00","description":"The Eleventy Milano AW25 collection embodies the contemporary elegance of the Italian man. Available in the Miralles 1986 catalog.","breadcrumb":{"@id":"https:\/\/miralles1986.com\/eleventy-milano-aw25\/#breadcrumb"},"inLanguage":"en-GB","potentialAction":[{"@type":"ReadAction","target":["https:\/\/miralles1986.com\/eleventy-milano-aw25\/"]}]},{"@type":"ImageObject","inLanguage":"en-GB","@id":"https:\/\/miralles1986.com\/eleventy-milano-aw25\/#primaryimage","url":"https:\/\/miralles1986.com\/wp-content\/uploads\/2025\/10\/chaqueta-abotonada-eleventy-L75GBTL08-02-sabbia.jpg","contentUrl":"https:\/\/miralles1986.com\/wp-content\/uploads\/2025\/10\/chaqueta-abotonada-eleventy-L75GBTL08-02-sabbia.jpg","width":1000,"height":1000,"caption":"Chaqueta hombre L75GBTL08 arena Eleventy Milano AW25"},{"@type":"BreadcrumbList","@id":"https:\/\/miralles1986.com\/eleventy-milano-aw25\/#breadcrumb","itemListElement":[{"@type":"ListItem","position":1,"name":"Portada","item":"https:\/\/miralles1986.com\/"},{"@type":"ListItem","position":2,"name":"Eleventy Milano AW25"}]},{"@type":"WebSite","@id":"https:\/\/miralles1986.com\/#website","url":"https:\/\/miralles1986.com\/","name":"Miralles 1986","description":"Luxury men&#039;s fashion in Valencia","publisher":{"@id":"https:\/\/miralles1986.com\/#organization"},"potentialAction":[{"@type":"SearchAction","target":{"@type":"EntryPoint","urlTemplate":"https:\/\/miralles1986.com\/?s={search_term_string}"},"query-input":{"@type":"PropertyValueSpecification","valueRequired":true,"valueName":"search_term_string"}}],"inLanguage":"en-GB"},{"@type":"Organization","@id":"https:\/\/miralles1986.com\/#organization","name":"Miralles 1986","alternateName":"Miralles","url":"https:\/\/miralles1986.com\/","logo":{"@type":"ImageObject","inLanguage":"en-GB","@id":"https:\/\/miralles1986.com\/#\/schema\/logo\/image\/","url":"https:\/\/miralles1986.com\/wp-content\/uploads\/2024\/09\/logo-miralles-1986-pequeno-bl.png","contentUrl":"https:\/\/miralles1986.com\/wp-content\/uploads\/2024\/09\/logo-miralles-1986-pequeno-bl.png","width":201,"height":73,"caption":"Miralles 1986"},"image":{"@id":"https:\/\/miralles1986.com\/#\/schema\/logo\/image\/"},"sameAs":["https:\/\/www.facebook.com\/miralles1986","https:\/\/www.instagram.com\/miralles1986_\/"]}]}},"_links":{"self":[{"href":"https:\/\/miralles1986.com\/en\/wp-json\/wp\/v2\/pages\/15530","targetHints":{"allow":["GET"]}}],"collection":[{"href":"https:\/\/miralles1986.com\/en\/wp-json\/wp\/v2\/pages"}],"about":[{"href":"https:\/\/miralles1986.com\/en\/wp-json\/wp\/v2\/types\/page"}],"author":[{"embeddable":true,"href":"https:\/\/miralles1986.com\/en\/wp-json\/wp\/v2\/users\/1"}],"replies":[{"embeddable":true,"href":"https:\/\/miralles1986.com\/en\/wp-json\/wp\/v2\/comments?post=15530"}],"version-history":[{"count":0,"href":"https:\/\/miralles1986.com\/en\/wp-json\/wp\/v2\/pages\/15530\/revisions"}],"wp:featuredmedia":[{"embeddable":true,"href":"https:\/\/miralles1986.com\/en\/wp-json\/wp\/v2\/media\/15283"}],"wp:attachment":[{"href":"https:\/\/miralles1986.com\/en\/wp-json\/wp\/v2\/media?parent=15530"}],"curies":[{"name":"wp","href":"https:\/\/api.w.org\/{rel}","templated":true}]}}