{"id":10310,"date":"2025-09-26T21:41:52","date_gmt":"2025-09-26T19:41:52","guid":{"rendered":"https:\/\/miralles1986.com\/?post_type=product&#038;p=10310"},"modified":"2026-01-13T21:14:00","modified_gmt":"2026-01-13T20:14:00","slug":"calcetines-run-sock-black-ik7231-y-3","status":"publish","type":"product","link":"https:\/\/miralles1986.com\/en\/producto\/calcetines-run-sock-black-ik7231-y-3\/","title":{"rendered":"Run Sock Black IK7231 Y-3 Socks"},"content":{"rendered":"<p><strong>The <a href=\"https:\/\/miralles1986.com\/en\/product-category\/accessories\/socks\/\">socks<\/a> Run Sock Black IK7231 Socks <a href=\"https:\/\/miralles1986.com\/en\/brand\/y-3\/\">Y-3<\/a><\/strong> They&#039;re designed to support you with every stride thanks to their anatomically shaped, cushioned panels that offer excellent shock absorption and support. Made from a lightweight fabric with HEAT.RDY technology and mesh inserts that promote airflow, they keep your feet cool and dry even during the most intense workouts. Plus, this product contains at least 60% recycled materials, actively contributing to the reduction of plastic waste. A sustainable, high-performance option for your running sessions.<\/p>\n<h3 data-start=\"969\" data-end=\"1002\"><strong data-start=\"969\" data-end=\"1000\">Key features:<\/strong><\/h3>\n<ul data-start=\"1003\" data-end=\"1318\">\n<li data-start=\"1003\" data-end=\"1060\">\n<p data-start=\"1005\" data-end=\"1060\">High-performance black socks with Y-3 design.<\/p>\n<\/li>\n<li data-start=\"1061\" data-end=\"1114\">\n<p data-start=\"1063\" data-end=\"1114\">Breathable technical fabric for greater comfort.<\/p>\n<\/li>\n<li data-start=\"1115\" data-end=\"1175\">\n<p data-start=\"1117\" data-end=\"1175\">Compression adjustment at arch and heel for extra support.<\/p>\n<\/li>\n<li data-start=\"1176\" data-end=\"1223\">\n<p data-start=\"1178\" data-end=\"1223\">Y-3 logo in contrasting color at the top.<\/p>\n<\/li>\n<li data-start=\"1224\" data-end=\"1274\">\n<p data-start=\"1226\" data-end=\"1274\">Lightweight and comfortable for everyday or sports use.<\/p>\n<\/li>\n<li data-start=\"1275\" data-end=\"1318\">\n<p data-start=\"1277\" data-end=\"1318\">Elastic material that adapts to the foot.<\/p>\n<\/li>\n<\/ul>\n<p><strong>The <a href=\"https:\/\/miralles1986.com\/en\/product-category\/accessories\/socks\/\">socks<\/a> Run Sock Black IK7231 Socks <a href=\"https:\/\/miralles1986.com\/en\/brand\/y-3\/\">Y-3<\/a> They are available in the Y-3 catalog <a href=\"https:\/\/miralles1986.com\/en\/product-category\/y-3-aw25\/\">AW25<\/a> of <a href=\"https:\/\/miralles1986.com\/en\/\">Miralles 1986<\/a>.<\/strong><\/p>","protected":false},"excerpt":{"rendered":"<p>Technical running socks with anatomical cushioning panels, lightweight fabric, and HEAT.RDY technology for enhanced ventilation. Made with at least 60% recycled materials.<\/p>","protected":false},"featured_media":10313,"comment_status":"closed","ping_status":"closed","template":"","meta":[],"pwb-brand":[163],"product_brand":[819],"product_cat":[215,379,914],"product_tag":[916,755,842,1030,915],"class_list":{"0":"post-10310","1":"product","2":"type-product","3":"status-publish","4":"has-post-thumbnail","6":"pwb-brand-y-3","7":"product_brand-tienda-eleven","8":"product_cat-accesorios","9":"product_cat-calcetines","10":"product_cat-y-3-aw25","11":"product_tag-calcetines-y-3","12":"product_tag-moda-hombre","13":"product_tag-otono-invierno-2025","14":"product_tag-rebajas-enero-2026-y-3","15":"product_tag-y-3-aw25","16":"pa_color-negro","17":"pa_composicion-poliester","18":"pa_tamano-l","19":"pa_tamano-m","20":"pa_tamano-s","21":"pa_tamano-xl","22":"pa_tamano-xs","23":"pa_tamano-xxl","25":"first","26":"instock","27":"featured","28":"sold-individually","29":"taxable","30":"shipping-taxable","31":"purchasable","32":"product-type-variable"},"supplier_id":null,"supplier_sku":"","barcode":null,"atum_controlled":true,"out_stock_date":null,"out_stock_threshold":null,"inheritable":true,"inbound_stock":0,"stock_on_hold":0,"sold_today":0,"sales_last_days":0,"reserved_stock":0,"customer_returns":null,"warehouse_damage":null,"lost_in_post":null,"other_logs":null,"out_stock_days":0,"lost_sales":0,"has_location":false,"update_date":"2026-05-11T16:10:00","atum_locations":[],"atum_stock_status":"instock","restock_status":false,"low_stock_amount":"","sales_update_date":"2026-05-11T16:10:00","calc_backorders":null,"yoast_head":"<!-- This site is optimized with the Yoast SEO plugin v27.5 - https:\/\/yoast.com\/product\/yoast-seo-wordpress\/ -->\n<title>Calcetines Run Sock Black IK7231 Y-3 - Miralles 1986<\/title>\n<meta name=\"description\" content=\"Los calcetines Calcetines Run Sock Black IK7231 de Y-3 est\u00e1n dise\u00f1ados para acompa\u00f1arte en cada zancada gracias a sus paneles acolchados\" \/>\n<meta name=\"robots\" content=\"index, follow, max-snippet:-1, max-image-preview:large, max-video-preview:-1\" \/>\n<link rel=\"canonical\" href=\"https:\/\/miralles1986.com\/en\/product\/calcetines-run-sock-black-ik7231-y-3\/\" \/>\n<meta property=\"og:locale\" content=\"en_GB\" \/>\n<meta property=\"og:type\" content=\"article\" \/>\n<meta property=\"og:title\" content=\"Calcetines Run Sock Black IK7231 Y-3 - Miralles 1986\" \/>\n<meta property=\"og:description\" content=\"Los calcetines Calcetines Run Sock Black IK7231 de Y-3 est\u00e1n dise\u00f1ados para acompa\u00f1arte en cada zancada gracias a sus paneles acolchados\" \/>\n<meta property=\"og:url\" content=\"https:\/\/miralles1986.com\/en\/product\/calcetines-run-sock-black-ik7231-y-3\/\" \/>\n<meta property=\"og:site_name\" content=\"Miralles 1986\" \/>\n<meta property=\"article:publisher\" content=\"https:\/\/www.facebook.com\/miralles1986\" \/>\n<meta property=\"article:modified_time\" content=\"2026-01-13T20:14:00+00:00\" \/>\n<meta property=\"og:image\" content=\"https:\/\/miralles1986.com\/wp-content\/uploads\/2025\/05\/IK7231-calcetines-run-sock-black.jpg\" \/>\n\t<meta property=\"og:image:width\" content=\"1000\" \/>\n\t<meta property=\"og:image:height\" content=\"1000\" \/>\n\t<meta property=\"og:image:type\" content=\"image\/jpeg\" \/>\n<meta name=\"twitter:card\" content=\"summary_large_image\" \/>\n<meta name=\"twitter:label1\" content=\"Estimated reading time\" \/>\n\t<meta name=\"twitter:data1\" content=\"1 minute\" \/>\n<script type=\"application\/ld+json\" class=\"yoast-schema-graph\">{\"@context\":\"https:\\\/\\\/schema.org\",\"@graph\":[{\"@type\":\"WebPage\",\"@id\":\"https:\\\/\\\/miralles1986.com\\\/producto\\\/calcetines-run-sock-black-ik7231-y-3\\\/\",\"url\":\"https:\\\/\\\/miralles1986.com\\\/producto\\\/calcetines-run-sock-black-ik7231-y-3\\\/\",\"name\":\"Calcetines Run Sock Black IK7231 Y-3 - Miralles 1986\",\"isPartOf\":{\"@id\":\"https:\\\/\\\/miralles1986.com\\\/#website\"},\"primaryImageOfPage\":{\"@id\":\"https:\\\/\\\/miralles1986.com\\\/producto\\\/calcetines-run-sock-black-ik7231-y-3\\\/#primaryimage\"},\"image\":{\"@id\":\"https:\\\/\\\/miralles1986.com\\\/producto\\\/calcetines-run-sock-black-ik7231-y-3\\\/#primaryimage\"},\"thumbnailUrl\":\"https:\\\/\\\/miralles1986.com\\\/wp-content\\\/uploads\\\/2025\\\/05\\\/IK7231-calcetines-run-sock-black.jpg\",\"datePublished\":\"2025-09-26T19:41:52+00:00\",\"dateModified\":\"2026-01-13T20:14:00+00:00\",\"description\":\"Los calcetines Calcetines Run Sock Black IK7231 de Y-3 est\u00e1n dise\u00f1ados para acompa\u00f1arte en cada zancada gracias a sus paneles acolchados\",\"breadcrumb\":{\"@id\":\"https:\\\/\\\/miralles1986.com\\\/producto\\\/calcetines-run-sock-black-ik7231-y-3\\\/#breadcrumb\"},\"inLanguage\":\"en-GB\",\"potentialAction\":[{\"@type\":\"ReadAction\",\"target\":[\"https:\\\/\\\/miralles1986.com\\\/producto\\\/calcetines-run-sock-black-ik7231-y-3\\\/\"]}]},{\"@type\":\"ImageObject\",\"inLanguage\":\"en-GB\",\"@id\":\"https:\\\/\\\/miralles1986.com\\\/producto\\\/calcetines-run-sock-black-ik7231-y-3\\\/#primaryimage\",\"url\":\"https:\\\/\\\/miralles1986.com\\\/wp-content\\\/uploads\\\/2025\\\/05\\\/IK7231-calcetines-run-sock-black.jpg\",\"contentUrl\":\"https:\\\/\\\/miralles1986.com\\\/wp-content\\\/uploads\\\/2025\\\/05\\\/IK7231-calcetines-run-sock-black.jpg\",\"width\":1000,\"height\":1000,\"caption\":\"Calcetines Run Sock Black Y-3\"},{\"@type\":\"BreadcrumbList\",\"@id\":\"https:\\\/\\\/miralles1986.com\\\/producto\\\/calcetines-run-sock-black-ik7231-y-3\\\/#breadcrumb\",\"itemListElement\":[{\"@type\":\"ListItem\",\"position\":1,\"name\":\"Portada\",\"item\":\"https:\\\/\\\/miralles1986.com\\\/\"},{\"@type\":\"ListItem\",\"position\":2,\"name\":\"Ropa de lujo para hombre | Stone Island, Y-3, C.P. Company\",\"item\":\"https:\\\/\\\/miralles1986.com\\\/tienda\\\/\"},{\"@type\":\"ListItem\",\"position\":3,\"name\":\"Calcetines Run Sock Black IK7231 Y-3\"}]},{\"@type\":\"WebSite\",\"@id\":\"https:\\\/\\\/miralles1986.com\\\/#website\",\"url\":\"https:\\\/\\\/miralles1986.com\\\/\",\"name\":\"Miralles 1986\",\"description\":\"Moda masculina de lujo en Valencia\",\"publisher\":{\"@id\":\"https:\\\/\\\/miralles1986.com\\\/#organization\"},\"potentialAction\":[{\"@type\":\"SearchAction\",\"target\":{\"@type\":\"EntryPoint\",\"urlTemplate\":\"https:\\\/\\\/miralles1986.com\\\/?s={search_term_string}\"},\"query-input\":{\"@type\":\"PropertyValueSpecification\",\"valueRequired\":true,\"valueName\":\"search_term_string\"}}],\"inLanguage\":\"en-GB\"},{\"@type\":\"Organization\",\"@id\":\"https:\\\/\\\/miralles1986.com\\\/#organization\",\"name\":\"Miralles 1986\",\"alternateName\":\"Miralles\",\"url\":\"https:\\\/\\\/miralles1986.com\\\/\",\"logo\":{\"@type\":\"ImageObject\",\"inLanguage\":\"en-GB\",\"@id\":\"https:\\\/\\\/miralles1986.com\\\/#\\\/schema\\\/logo\\\/image\\\/\",\"url\":\"https:\\\/\\\/miralles1986.com\\\/wp-content\\\/uploads\\\/2024\\\/09\\\/logo-miralles-1986-pequeno-bl.png\",\"contentUrl\":\"https:\\\/\\\/miralles1986.com\\\/wp-content\\\/uploads\\\/2024\\\/09\\\/logo-miralles-1986-pequeno-bl.png\",\"width\":201,\"height\":73,\"caption\":\"Miralles 1986\"},\"image\":{\"@id\":\"https:\\\/\\\/miralles1986.com\\\/#\\\/schema\\\/logo\\\/image\\\/\"},\"sameAs\":[\"https:\\\/\\\/www.facebook.com\\\/miralles1986\",\"https:\\\/\\\/www.instagram.com\\\/miralles1986_\\\/\"]}]}<\/script>\n<!-- \/ Yoast SEO plugin. -->","yoast_head_json":{"title":"Run Sock Black IK7231 Y-3 Socks - Miralles 1986","description":"The Y-3 Run Sock Black IK7231 socks are designed to support you with every stride thanks to their cushioned panels.","robots":{"index":"index","follow":"follow","max-snippet":"max-snippet:-1","max-image-preview":"max-image-preview:large","max-video-preview":"max-video-preview:-1"},"canonical":"https:\/\/miralles1986.com\/en\/product\/calcetines-run-sock-black-ik7231-y-3\/","og_locale":"en_GB","og_type":"article","og_title":"Calcetines Run Sock Black IK7231 Y-3 - Miralles 1986","og_description":"Los calcetines Calcetines Run Sock Black IK7231 de Y-3 est\u00e1n dise\u00f1ados para acompa\u00f1arte en cada zancada gracias a sus paneles acolchados","og_url":"https:\/\/miralles1986.com\/en\/product\/calcetines-run-sock-black-ik7231-y-3\/","og_site_name":"Miralles 1986","article_publisher":"https:\/\/www.facebook.com\/miralles1986","article_modified_time":"2026-01-13T20:14:00+00:00","og_image":[{"width":1000,"height":1000,"url":"https:\/\/miralles1986.com\/wp-content\/uploads\/2025\/05\/IK7231-calcetines-run-sock-black.jpg","type":"image\/jpeg"}],"twitter_card":"summary_large_image","twitter_misc":{"Estimated reading time":"1 minute"},"schema":{"@context":"https:\/\/schema.org","@graph":[{"@type":"WebPage","@id":"https:\/\/miralles1986.com\/producto\/calcetines-run-sock-black-ik7231-y-3\/","url":"https:\/\/miralles1986.com\/producto\/calcetines-run-sock-black-ik7231-y-3\/","name":"Run Sock Black IK7231 Y-3 Socks - Miralles 1986","isPartOf":{"@id":"https:\/\/miralles1986.com\/#website"},"primaryImageOfPage":{"@id":"https:\/\/miralles1986.com\/producto\/calcetines-run-sock-black-ik7231-y-3\/#primaryimage"},"image":{"@id":"https:\/\/miralles1986.com\/producto\/calcetines-run-sock-black-ik7231-y-3\/#primaryimage"},"thumbnailUrl":"https:\/\/miralles1986.com\/wp-content\/uploads\/2025\/05\/IK7231-calcetines-run-sock-black.jpg","datePublished":"2025-09-26T19:41:52+00:00","dateModified":"2026-01-13T20:14:00+00:00","description":"The Y-3 Run Sock Black IK7231 socks are designed to support you with every stride thanks to their cushioned panels.","breadcrumb":{"@id":"https:\/\/miralles1986.com\/producto\/calcetines-run-sock-black-ik7231-y-3\/#breadcrumb"},"inLanguage":"en-GB","potentialAction":[{"@type":"ReadAction","target":["https:\/\/miralles1986.com\/producto\/calcetines-run-sock-black-ik7231-y-3\/"]}]},{"@type":"ImageObject","inLanguage":"en-GB","@id":"https:\/\/miralles1986.com\/producto\/calcetines-run-sock-black-ik7231-y-3\/#primaryimage","url":"https:\/\/miralles1986.com\/wp-content\/uploads\/2025\/05\/IK7231-calcetines-run-sock-black.jpg","contentUrl":"https:\/\/miralles1986.com\/wp-content\/uploads\/2025\/05\/IK7231-calcetines-run-sock-black.jpg","width":1000,"height":1000,"caption":"Calcetines Run Sock Black Y-3"},{"@type":"BreadcrumbList","@id":"https:\/\/miralles1986.com\/producto\/calcetines-run-sock-black-ik7231-y-3\/#breadcrumb","itemListElement":[{"@type":"ListItem","position":1,"name":"Portada","item":"https:\/\/miralles1986.com\/"},{"@type":"ListItem","position":2,"name":"Ropa de lujo para hombre | Stone Island, Y-3, C.P. Company","item":"https:\/\/miralles1986.com\/tienda\/"},{"@type":"ListItem","position":3,"name":"Calcetines Run Sock Black IK7231 Y-3"}]},{"@type":"WebSite","@id":"https:\/\/miralles1986.com\/#website","url":"https:\/\/miralles1986.com\/","name":"Miralles 1986","description":"Luxury men&#039;s fashion in Valencia","publisher":{"@id":"https:\/\/miralles1986.com\/#organization"},"potentialAction":[{"@type":"SearchAction","target":{"@type":"EntryPoint","urlTemplate":"https:\/\/miralles1986.com\/?s={search_term_string}"},"query-input":{"@type":"PropertyValueSpecification","valueRequired":true,"valueName":"search_term_string"}}],"inLanguage":"en-GB"},{"@type":"Organization","@id":"https:\/\/miralles1986.com\/#organization","name":"Miralles 1986","alternateName":"Miralles","url":"https:\/\/miralles1986.com\/","logo":{"@type":"ImageObject","inLanguage":"en-GB","@id":"https:\/\/miralles1986.com\/#\/schema\/logo\/image\/","url":"https:\/\/miralles1986.com\/wp-content\/uploads\/2024\/09\/logo-miralles-1986-pequeno-bl.png","contentUrl":"https:\/\/miralles1986.com\/wp-content\/uploads\/2024\/09\/logo-miralles-1986-pequeno-bl.png","width":201,"height":73,"caption":"Miralles 1986"},"image":{"@id":"https:\/\/miralles1986.com\/#\/schema\/logo\/image\/"},"sameAs":["https:\/\/www.facebook.com\/miralles1986","https:\/\/www.instagram.com\/miralles1986_\/"]}]}},"brands":[{"id":163,"name":"Y-3","slug":"y-3"}],"_links":{"self":[{"href":"https:\/\/miralles1986.com\/en\/wp-json\/wp\/v2\/product\/10310","targetHints":{"allow":["GET"]}}],"collection":[{"href":"https:\/\/miralles1986.com\/en\/wp-json\/wp\/v2\/product"}],"about":[{"href":"https:\/\/miralles1986.com\/en\/wp-json\/wp\/v2\/types\/product"}],"replies":[{"embeddable":true,"href":"https:\/\/miralles1986.com\/en\/wp-json\/wp\/v2\/comments?post=10310"}],"wp:featuredmedia":[{"embeddable":true,"href":"https:\/\/miralles1986.com\/en\/wp-json\/wp\/v2\/media\/10313"}],"wp:attachment":[{"href":"https:\/\/miralles1986.com\/en\/wp-json\/wp\/v2\/media?parent=10310"}],"wp:term":[{"taxonomy":"pwb-brand","embeddable":true,"href":"https:\/\/miralles1986.com\/en\/wp-json\/wp\/v2\/pwb-brand?post=10310"},{"taxonomy":"product_brand","embeddable":true,"href":"https:\/\/miralles1986.com\/en\/wp-json\/wp\/v2\/product_brand?post=10310"},{"taxonomy":"product_cat","embeddable":true,"href":"https:\/\/miralles1986.com\/en\/wp-json\/wp\/v2\/product_cat?post=10310"},{"taxonomy":"product_tag","embeddable":true,"href":"https:\/\/miralles1986.com\/en\/wp-json\/wp\/v2\/product_tag?post=10310"}],"curies":[{"name":"wp","href":"https:\/\/api.w.org\/{rel}","templated":true}]}}