{"id":10483,"date":"2025-09-27T09:41:54","date_gmt":"2025-09-27T07:41:54","guid":{"rendered":"https:\/\/miralles1986.com\/?post_type=product&#038;p=10483"},"modified":"2026-02-02T17:56:28","modified_gmt":"2026-02-02T16:56:28","slug":"mochila-kb5854-small-backpack-granit-y-3","status":"publish","type":"product","link":"https:\/\/miralles1986.com\/en\/producto\/mochila-kb5854-small-backpack-granit-y-3\/","title":{"rendered":"Backpack KB5854 Small Backpack Granit Y-3"},"content":{"rendered":"<p>The KB5854 Small Backpack Granit backpack <strong><a href=\"https:\/\/miralles1986.com\/en\/brand\/y-3\/\">Y-3<\/a><\/strong>\u00a0It&#039;s a modern reinterpretation of the urban backpack. Its minimalist and contemporary design is crafted from high-strength 100% polyamide, ideal for everyday use or urban getaways. Despite its compact size, it offers a spacious interior and multiple compartments for easy organization. Adjustable straps ensure all-day comfort. Perfect for those seeking a balance between functionality, durability, and the unmistakable Y-3 style.<\/p>\n<p data-start=\"1050\" data-end=\"1083\"><strong data-start=\"1050\" data-end=\"1081\">Key features:<\/strong><\/p>\n<ul data-start=\"1084\" data-end=\"1431\">\n<li data-start=\"1084\" data-end=\"1125\">\n<p data-start=\"1086\" data-end=\"1125\">Y-3 compact backpack in Granit color.<\/p>\n<\/li>\n<li data-start=\"1126\" data-end=\"1175\">\n<p data-start=\"1128\" data-end=\"1175\">Material: 100% high-strength polyamide.<\/p>\n<\/li>\n<li data-start=\"1176\" data-end=\"1236\">\n<p data-start=\"1178\" data-end=\"1236\">Spacious interior with compartments for organization.<\/p>\n<\/li>\n<li data-start=\"1237\" data-end=\"1279\">\n<p data-start=\"1239\" data-end=\"1279\">Adjustable straps for greater comfort.<\/p>\n<\/li>\n<li data-start=\"1280\" data-end=\"1319\">\n<p data-start=\"1282\" data-end=\"1319\">Minimalist and contemporary design.<\/p>\n<\/li>\n<li data-start=\"1320\" data-end=\"1378\">\n<p data-start=\"1322\" data-end=\"1378\">Lightweight and practical for everyday use or urban getaways.<\/p>\n<\/li>\n<\/ul>\n<p>The <strong><a href=\"https:\/\/miralles1986.com\/en\/product-category\/accessories\/backpacks\/\">backpack<\/a> <\/strong>KB5854 Small Backpack Granit <strong><a href=\"https:\/\/miralles1986.com\/en\/brand\/y-3\/\">Y-3<\/a> It is available in the catalog <a href=\"https:\/\/miralles1986.com\/en\/product-category\/y-3-aw25\/\">Y-3 AW25<\/a> by Miralles 1986.<\/strong><\/p>","protected":false},"excerpt":{"rendered":"<p>Y-3 Compact and functional backpack made of durable polyamide, with multiple compartments and a modern design.<\/p>","protected":false},"featured_media":10484,"comment_status":"closed","ping_status":"closed","template":"","meta":[],"pwb-brand":[163],"product_brand":[819],"product_cat":[215,639,243,244,168,914],"product_tag":[922,768,755,842,1030,915],"class_list":{"0":"post-10483","1":"product","2":"type-product","3":"status-publish","4":"has-post-thumbnail","6":"pwb-brand-y-3","7":"product_brand-tienda-eleven","8":"product_cat-accesorios","9":"product_cat-bandoleras","10":"product_cat-camisetas","11":"product_cat-camisetas-manga-corta","12":"product_cat-ropa","13":"product_cat-y-3-aw25","14":"product_tag-accesorios-y-3-aw25","15":"product_tag-mochilas","16":"product_tag-moda-hombre","17":"product_tag-otono-invierno-2025","18":"product_tag-rebajas-enero-2026-y-3","19":"product_tag-y-3-aw25","20":"pa_color-gris","21":"pa_composicion-poliamida","23":"first","24":"instock","25":"featured","26":"sold-individually","27":"taxable","28":"shipping-taxable","29":"purchasable","30":"product-type-simple"},"supplier_id":null,"supplier_sku":"","barcode":null,"atum_controlled":true,"out_stock_date":null,"out_stock_threshold":null,"inheritable":false,"inbound_stock":0,"stock_on_hold":0,"sold_today":0,"sales_last_days":0,"reserved_stock":0,"customer_returns":0,"warehouse_damage":0,"lost_in_post":0,"other_logs":0,"out_stock_days":0,"lost_sales":0,"has_location":false,"update_date":"2026-05-11T16:06:39","atum_locations":[],"atum_stock_status":"instock","restock_status":false,"low_stock_amount":"","sales_update_date":"2026-05-11T16:06:39","calc_backorders":null,"yoast_head":"<!-- This site is optimized with the Yoast SEO plugin v27.5 - https:\/\/yoast.com\/product\/yoast-seo-wordpress\/ -->\n<title>Mochila KB5854 Small Backpack Granit Y-3 - Miralles 1986<\/title>\n<meta name=\"description\" content=\"La mochila KB5854 Small Backpack Granit Y-3\u00a0es una reinterpretaci\u00f3n moderna de la mochila urbana. Dise\u00f1o minimalista y contempor\u00e1neo\" \/>\n<meta name=\"robots\" content=\"index, follow, max-snippet:-1, max-image-preview:large, max-video-preview:-1\" \/>\n<link rel=\"canonical\" href=\"https:\/\/miralles1986.com\/en\/product\/mochila-kb5854-small-backpack-granit-y-3\/\" \/>\n<meta property=\"og:locale\" content=\"en_GB\" \/>\n<meta property=\"og:type\" content=\"article\" \/>\n<meta property=\"og:title\" content=\"Mochila KB5854 Small Backpack Granit Y-3 - Miralles 1986\" \/>\n<meta property=\"og:description\" content=\"La mochila KB5854 Small Backpack Granit Y-3\u00a0es una reinterpretaci\u00f3n moderna de la mochila urbana. Dise\u00f1o minimalista y contempor\u00e1neo\" \/>\n<meta property=\"og:url\" content=\"https:\/\/miralles1986.com\/en\/product\/mochila-kb5854-small-backpack-granit-y-3\/\" \/>\n<meta property=\"og:site_name\" content=\"Miralles 1986\" \/>\n<meta property=\"article:publisher\" content=\"https:\/\/www.facebook.com\/miralles1986\" \/>\n<meta property=\"article:modified_time\" content=\"2026-02-02T16:56:28+00:00\" \/>\n<meta property=\"og:image\" content=\"https:\/\/miralles1986.com\/wp-content\/uploads\/2025\/05\/KB5854_mochila-y-3-small-backpack-granit-1.jpg\" \/>\n\t<meta property=\"og:image:width\" content=\"1000\" \/>\n\t<meta property=\"og:image:height\" content=\"1000\" \/>\n\t<meta property=\"og:image:type\" content=\"image\/jpeg\" \/>\n<meta name=\"twitter:card\" content=\"summary_large_image\" \/>\n<meta name=\"twitter:label1\" content=\"Estimated reading time\" \/>\n\t<meta name=\"twitter:data1\" content=\"1 minute\" \/>\n<script type=\"application\/ld+json\" class=\"yoast-schema-graph\">{\"@context\":\"https:\\\/\\\/schema.org\",\"@graph\":[{\"@type\":\"WebPage\",\"@id\":\"https:\\\/\\\/miralles1986.com\\\/producto\\\/mochila-kb5854-small-backpack-granit-y-3\\\/\",\"url\":\"https:\\\/\\\/miralles1986.com\\\/producto\\\/mochila-kb5854-small-backpack-granit-y-3\\\/\",\"name\":\"Mochila KB5854 Small Backpack Granit Y-3 - Miralles 1986\",\"isPartOf\":{\"@id\":\"https:\\\/\\\/miralles1986.com\\\/#website\"},\"primaryImageOfPage\":{\"@id\":\"https:\\\/\\\/miralles1986.com\\\/producto\\\/mochila-kb5854-small-backpack-granit-y-3\\\/#primaryimage\"},\"image\":{\"@id\":\"https:\\\/\\\/miralles1986.com\\\/producto\\\/mochila-kb5854-small-backpack-granit-y-3\\\/#primaryimage\"},\"thumbnailUrl\":\"https:\\\/\\\/miralles1986.com\\\/wp-content\\\/uploads\\\/2025\\\/05\\\/KB5854_mochila-y-3-small-backpack-granit-1.jpg\",\"datePublished\":\"2025-09-27T07:41:54+00:00\",\"dateModified\":\"2026-02-02T16:56:28+00:00\",\"description\":\"La mochila KB5854 Small Backpack Granit Y-3\u00a0es una reinterpretaci\u00f3n moderna de la mochila urbana. Dise\u00f1o minimalista y contempor\u00e1neo\",\"breadcrumb\":{\"@id\":\"https:\\\/\\\/miralles1986.com\\\/producto\\\/mochila-kb5854-small-backpack-granit-y-3\\\/#breadcrumb\"},\"inLanguage\":\"en-GB\",\"potentialAction\":[{\"@type\":\"ReadAction\",\"target\":[\"https:\\\/\\\/miralles1986.com\\\/producto\\\/mochila-kb5854-small-backpack-granit-y-3\\\/\"]}]},{\"@type\":\"ImageObject\",\"inLanguage\":\"en-GB\",\"@id\":\"https:\\\/\\\/miralles1986.com\\\/producto\\\/mochila-kb5854-small-backpack-granit-y-3\\\/#primaryimage\",\"url\":\"https:\\\/\\\/miralles1986.com\\\/wp-content\\\/uploads\\\/2025\\\/05\\\/KB5854_mochila-y-3-small-backpack-granit-1.jpg\",\"contentUrl\":\"https:\\\/\\\/miralles1986.com\\\/wp-content\\\/uploads\\\/2025\\\/05\\\/KB5854_mochila-y-3-small-backpack-granit-1.jpg\",\"width\":1000,\"height\":1000,\"caption\":\"Mochila KB5854 small backpack granit 1 Y-3\"},{\"@type\":\"BreadcrumbList\",\"@id\":\"https:\\\/\\\/miralles1986.com\\\/producto\\\/mochila-kb5854-small-backpack-granit-y-3\\\/#breadcrumb\",\"itemListElement\":[{\"@type\":\"ListItem\",\"position\":1,\"name\":\"Portada\",\"item\":\"https:\\\/\\\/miralles1986.com\\\/\"},{\"@type\":\"ListItem\",\"position\":2,\"name\":\"Ropa de lujo para hombre | Stone Island, Y-3, C.P. Company\",\"item\":\"https:\\\/\\\/miralles1986.com\\\/tienda\\\/\"},{\"@type\":\"ListItem\",\"position\":3,\"name\":\"Mochila KB5854 Small Backpack Granit Y-3\"}]},{\"@type\":\"WebSite\",\"@id\":\"https:\\\/\\\/miralles1986.com\\\/#website\",\"url\":\"https:\\\/\\\/miralles1986.com\\\/\",\"name\":\"Miralles 1986\",\"description\":\"Moda masculina de lujo en Valencia\",\"publisher\":{\"@id\":\"https:\\\/\\\/miralles1986.com\\\/#organization\"},\"potentialAction\":[{\"@type\":\"SearchAction\",\"target\":{\"@type\":\"EntryPoint\",\"urlTemplate\":\"https:\\\/\\\/miralles1986.com\\\/?s={search_term_string}\"},\"query-input\":{\"@type\":\"PropertyValueSpecification\",\"valueRequired\":true,\"valueName\":\"search_term_string\"}}],\"inLanguage\":\"en-GB\"},{\"@type\":\"Organization\",\"@id\":\"https:\\\/\\\/miralles1986.com\\\/#organization\",\"name\":\"Miralles 1986\",\"alternateName\":\"Miralles\",\"url\":\"https:\\\/\\\/miralles1986.com\\\/\",\"logo\":{\"@type\":\"ImageObject\",\"inLanguage\":\"en-GB\",\"@id\":\"https:\\\/\\\/miralles1986.com\\\/#\\\/schema\\\/logo\\\/image\\\/\",\"url\":\"https:\\\/\\\/miralles1986.com\\\/wp-content\\\/uploads\\\/2024\\\/09\\\/logo-miralles-1986-pequeno-bl.png\",\"contentUrl\":\"https:\\\/\\\/miralles1986.com\\\/wp-content\\\/uploads\\\/2024\\\/09\\\/logo-miralles-1986-pequeno-bl.png\",\"width\":201,\"height\":73,\"caption\":\"Miralles 1986\"},\"image\":{\"@id\":\"https:\\\/\\\/miralles1986.com\\\/#\\\/schema\\\/logo\\\/image\\\/\"},\"sameAs\":[\"https:\\\/\\\/www.facebook.com\\\/miralles1986\",\"https:\\\/\\\/www.instagram.com\\\/miralles1986_\\\/\"]}]}<\/script>\n<!-- \/ Yoast SEO plugin. -->","yoast_head_json":{"title":"KB5854 Small Backpack Granit Y-3 - Miralles 1986","description":"The KB5854 Small Backpack Granit Y-3 is a modern reinterpretation of the urban backpack. Minimalist and contemporary design.","robots":{"index":"index","follow":"follow","max-snippet":"max-snippet:-1","max-image-preview":"max-image-preview:large","max-video-preview":"max-video-preview:-1"},"canonical":"https:\/\/miralles1986.com\/en\/product\/mochila-kb5854-small-backpack-granit-y-3\/","og_locale":"en_GB","og_type":"article","og_title":"Mochila KB5854 Small Backpack Granit Y-3 - Miralles 1986","og_description":"La mochila KB5854 Small Backpack Granit Y-3\u00a0es una reinterpretaci\u00f3n moderna de la mochila urbana. Dise\u00f1o minimalista y contempor\u00e1neo","og_url":"https:\/\/miralles1986.com\/en\/product\/mochila-kb5854-small-backpack-granit-y-3\/","og_site_name":"Miralles 1986","article_publisher":"https:\/\/www.facebook.com\/miralles1986","article_modified_time":"2026-02-02T16:56:28+00:00","og_image":[{"width":1000,"height":1000,"url":"https:\/\/miralles1986.com\/wp-content\/uploads\/2025\/05\/KB5854_mochila-y-3-small-backpack-granit-1.jpg","type":"image\/jpeg"}],"twitter_card":"summary_large_image","twitter_misc":{"Estimated reading time":"1 minute"},"schema":{"@context":"https:\/\/schema.org","@graph":[{"@type":"WebPage","@id":"https:\/\/miralles1986.com\/producto\/mochila-kb5854-small-backpack-granit-y-3\/","url":"https:\/\/miralles1986.com\/producto\/mochila-kb5854-small-backpack-granit-y-3\/","name":"KB5854 Small Backpack Granit Y-3 - Miralles 1986","isPartOf":{"@id":"https:\/\/miralles1986.com\/#website"},"primaryImageOfPage":{"@id":"https:\/\/miralles1986.com\/producto\/mochila-kb5854-small-backpack-granit-y-3\/#primaryimage"},"image":{"@id":"https:\/\/miralles1986.com\/producto\/mochila-kb5854-small-backpack-granit-y-3\/#primaryimage"},"thumbnailUrl":"https:\/\/miralles1986.com\/wp-content\/uploads\/2025\/05\/KB5854_mochila-y-3-small-backpack-granit-1.jpg","datePublished":"2025-09-27T07:41:54+00:00","dateModified":"2026-02-02T16:56:28+00:00","description":"The KB5854 Small Backpack Granit Y-3 is a modern reinterpretation of the urban backpack. Minimalist and contemporary design.","breadcrumb":{"@id":"https:\/\/miralles1986.com\/producto\/mochila-kb5854-small-backpack-granit-y-3\/#breadcrumb"},"inLanguage":"en-GB","potentialAction":[{"@type":"ReadAction","target":["https:\/\/miralles1986.com\/producto\/mochila-kb5854-small-backpack-granit-y-3\/"]}]},{"@type":"ImageObject","inLanguage":"en-GB","@id":"https:\/\/miralles1986.com\/producto\/mochila-kb5854-small-backpack-granit-y-3\/#primaryimage","url":"https:\/\/miralles1986.com\/wp-content\/uploads\/2025\/05\/KB5854_mochila-y-3-small-backpack-granit-1.jpg","contentUrl":"https:\/\/miralles1986.com\/wp-content\/uploads\/2025\/05\/KB5854_mochila-y-3-small-backpack-granit-1.jpg","width":1000,"height":1000,"caption":"Mochila KB5854 small backpack granit 1 Y-3"},{"@type":"BreadcrumbList","@id":"https:\/\/miralles1986.com\/producto\/mochila-kb5854-small-backpack-granit-y-3\/#breadcrumb","itemListElement":[{"@type":"ListItem","position":1,"name":"Portada","item":"https:\/\/miralles1986.com\/"},{"@type":"ListItem","position":2,"name":"Ropa de lujo para hombre | Stone Island, Y-3, C.P. Company","item":"https:\/\/miralles1986.com\/tienda\/"},{"@type":"ListItem","position":3,"name":"Mochila KB5854 Small Backpack Granit Y-3"}]},{"@type":"WebSite","@id":"https:\/\/miralles1986.com\/#website","url":"https:\/\/miralles1986.com\/","name":"Miralles 1986","description":"Luxury men&#039;s fashion in Valencia","publisher":{"@id":"https:\/\/miralles1986.com\/#organization"},"potentialAction":[{"@type":"SearchAction","target":{"@type":"EntryPoint","urlTemplate":"https:\/\/miralles1986.com\/?s={search_term_string}"},"query-input":{"@type":"PropertyValueSpecification","valueRequired":true,"valueName":"search_term_string"}}],"inLanguage":"en-GB"},{"@type":"Organization","@id":"https:\/\/miralles1986.com\/#organization","name":"Miralles 1986","alternateName":"Miralles","url":"https:\/\/miralles1986.com\/","logo":{"@type":"ImageObject","inLanguage":"en-GB","@id":"https:\/\/miralles1986.com\/#\/schema\/logo\/image\/","url":"https:\/\/miralles1986.com\/wp-content\/uploads\/2024\/09\/logo-miralles-1986-pequeno-bl.png","contentUrl":"https:\/\/miralles1986.com\/wp-content\/uploads\/2024\/09\/logo-miralles-1986-pequeno-bl.png","width":201,"height":73,"caption":"Miralles 1986"},"image":{"@id":"https:\/\/miralles1986.com\/#\/schema\/logo\/image\/"},"sameAs":["https:\/\/www.facebook.com\/miralles1986","https:\/\/www.instagram.com\/miralles1986_\/"]}]}},"brands":[{"id":163,"name":"Y-3","slug":"y-3"}],"_links":{"self":[{"href":"https:\/\/miralles1986.com\/en\/wp-json\/wp\/v2\/product\/10483","targetHints":{"allow":["GET"]}}],"collection":[{"href":"https:\/\/miralles1986.com\/en\/wp-json\/wp\/v2\/product"}],"about":[{"href":"https:\/\/miralles1986.com\/en\/wp-json\/wp\/v2\/types\/product"}],"replies":[{"embeddable":true,"href":"https:\/\/miralles1986.com\/en\/wp-json\/wp\/v2\/comments?post=10483"}],"wp:featuredmedia":[{"embeddable":true,"href":"https:\/\/miralles1986.com\/en\/wp-json\/wp\/v2\/media\/10484"}],"wp:attachment":[{"href":"https:\/\/miralles1986.com\/en\/wp-json\/wp\/v2\/media?parent=10483"}],"wp:term":[{"taxonomy":"pwb-brand","embeddable":true,"href":"https:\/\/miralles1986.com\/en\/wp-json\/wp\/v2\/pwb-brand?post=10483"},{"taxonomy":"product_brand","embeddable":true,"href":"https:\/\/miralles1986.com\/en\/wp-json\/wp\/v2\/product_brand?post=10483"},{"taxonomy":"product_cat","embeddable":true,"href":"https:\/\/miralles1986.com\/en\/wp-json\/wp\/v2\/product_cat?post=10483"},{"taxonomy":"product_tag","embeddable":true,"href":"https:\/\/miralles1986.com\/en\/wp-json\/wp\/v2\/product_tag?post=10483"}],"curies":[{"name":"wp","href":"https:\/\/api.w.org\/{rel}","templated":true}]}}