{"id":10511,"date":"2025-09-27T09:41:55","date_gmt":"2025-09-27T07:41:55","guid":{"rendered":"https:\/\/miralles1986.com\/?post_type=product&#038;p=10511"},"modified":"2026-05-11T19:03:09","modified_gmt":"2026-05-11T17:03:09","slug":"sudadera-kb2604-m-merch-hoddie-black-y-3","status":"publish","type":"product","link":"https:\/\/miralles1986.com\/en\/producto\/sudadera-kb2604-m-merch-hoddie-black-y-3\/","title":{"rendered":"Sweatshirt KB2604 M Merch Hoddie Black Y-3"},"content":{"rendered":"<p>The <strong><a href=\"https:\/\/miralles1986.com\/en\/product-category\/clothes\/sweatshirts\/\">hoodie<\/a> KB2604 M Merch Hoodie Black<\/strong>\u00a0<strong><a href=\"https:\/\/miralles1986.com\/en\/brand\/y-3\/\">Y-3<\/a><\/strong>\u00a0It&#039;s a statement of minimalist style and elevated comfort. Designed in a soft, brushed cotton fabric, it offers a warm and inviting texture perfect for everyday wear. Ribbed cuffs and hem ensure a comfortable and structured fit, while the printed Y-3 logo adds the brand&#039;s signature touch. A unisex garment ideal for those who appreciate the fusion of sporty and sophisticated.<\/p>\n<h3 data-start=\"1196\" data-end=\"1229\"><strong data-start=\"1196\" data-end=\"1227\">Key features:<\/strong><\/h3>\n<ul data-start=\"1230\" data-end=\"1542\">\n<li data-start=\"1230\" data-end=\"1262\">\n<p data-start=\"1232\" data-end=\"1262\">Unisex hoodie.<\/p>\n<\/li>\n<li data-start=\"1263\" data-end=\"1280\">\n<p data-start=\"1265\" data-end=\"1280\">Color: black.<\/p>\n<\/li>\n<li data-start=\"1281\" data-end=\"1329\">\n<p data-start=\"1283\" data-end=\"1329\">Brushed cotton fabric, warm and soft.<\/p>\n<\/li>\n<li data-start=\"1330\" data-end=\"1369\">\n<p data-start=\"1332\" data-end=\"1369\">Y-3 logo printed on the chest.<\/p>\n<\/li>\n<li data-start=\"1370\" data-end=\"1424\">\n<p data-start=\"1372\" data-end=\"1424\">Ribbed cuffs and hem for a perfect fit.<\/p>\n<\/li>\n<li data-start=\"1425\" data-end=\"1489\">\n<p data-start=\"1427\" data-end=\"1489\">Relaxed fit, ideal for casual or streetwear outfits.<\/p>\n<\/li>\n<li data-start=\"1490\" data-end=\"1542\">\n<p data-start=\"1492\" data-end=\"1542\">Part of the Y-3 AW25 collection by Miralles 1986.<\/p>\n<\/li>\n<\/ul>\n<p>The <strong><a href=\"https:\/\/miralles1986.com\/en\/product-category\/clothes\/sweatshirts\/\">hoodie<\/a> KB2604 M Merch Hoodie Black<\/strong>\u00a0<strong><a href=\"https:\/\/miralles1986.com\/en\/brand\/y-3\/\">Y-3<\/a> It is available in the catalog <a href=\"https:\/\/miralles1986.com\/en\/product-category\/y-3-aw25\/\">Y-3 AW25<\/a> by Miralles 1986.<\/strong><\/p>","protected":false},"excerpt":{"rendered":"<p>Y-3 unisex hoodie made from brushed cotton. Premium style with a distinctive graphic logo.<\/p>","protected":false},"featured_media":10517,"comment_status":"closed","ping_status":"closed","template":"","meta":[],"pwb-brand":[163],"product_brand":[819],"product_cat":[168,238,914],"product_tag":[755,842,1030,239,918,915],"class_list":{"0":"post-10511","1":"product","2":"type-product","3":"status-publish","4":"has-post-thumbnail","6":"pwb-brand-y-3","7":"product_brand-tienda-eleven","8":"product_cat-ropa","9":"product_cat-sudaderas","10":"product_cat-y-3-aw25","11":"product_tag-moda-hombre","12":"product_tag-otono-invierno-2025","13":"product_tag-rebajas-enero-2026-y-3","14":"product_tag-sudadera","15":"product_tag-sudaderas-y-3-aw25","16":"product_tag-y-3-aw25","17":"pa_color-negro","18":"pa_composicion-poliester","19":"pa_tamano-l","20":"pa_tamano-m","21":"pa_tamano-s","22":"pa_tamano-xl","23":"pa_tamano-xs","24":"pa_tamano-xxl","26":"first","27":"outofstock","28":"featured","29":"sold-individually","30":"taxable","31":"shipping-taxable","32":"product-type-variable"},"supplier_id":null,"supplier_sku":"","barcode":null,"atum_controlled":true,"out_stock_date":null,"out_stock_threshold":null,"inheritable":true,"inbound_stock":0,"stock_on_hold":0,"sold_today":0,"sales_last_days":0,"reserved_stock":0,"customer_returns":null,"warehouse_damage":null,"lost_in_post":null,"other_logs":null,"out_stock_days":0,"lost_sales":0,"has_location":false,"update_date":"2026-05-11T16:06:39","atum_locations":[],"atum_stock_status":"instock","restock_status":false,"low_stock_amount":"","sales_update_date":"2026-05-11T16:06:39","calc_backorders":null,"yoast_head":"<!-- This site is optimized with the Yoast SEO plugin v27.5 - https:\/\/yoast.com\/product\/yoast-seo-wordpress\/ -->\n<title>Sudadera KB2604 M Merch Hoddie Black Y-3 - Miralles 1986<\/title>\n<meta name=\"description\" content=\"La sudadera KB2604 M Merch Hoddie Black\u00a0Y-3\u00a0es una declaraci\u00f3n de estilo minimalista y comodidad elevada. Dise\u00f1ada en un suave tejido de algod\u00f3n cepillado\" \/>\n<meta name=\"robots\" content=\"index, follow, max-snippet:-1, max-image-preview:large, max-video-preview:-1\" \/>\n<link rel=\"canonical\" href=\"https:\/\/miralles1986.com\/en\/product\/sudadera-kb2604-m-merch-hoddie-black-y-3\/\" \/>\n<meta property=\"og:locale\" content=\"en_GB\" \/>\n<meta property=\"og:type\" content=\"article\" \/>\n<meta property=\"og:title\" content=\"Sudadera KB2604 M Merch Hoddie Black Y-3 - Miralles 1986\" \/>\n<meta property=\"og:description\" content=\"La sudadera KB2604 M Merch Hoddie Black\u00a0Y-3\u00a0es una declaraci\u00f3n de estilo minimalista y comodidad elevada. Dise\u00f1ada en un suave tejido de algod\u00f3n cepillado\" \/>\n<meta property=\"og:url\" content=\"https:\/\/miralles1986.com\/en\/product\/sudadera-kb2604-m-merch-hoddie-black-y-3\/\" \/>\n<meta property=\"og:site_name\" content=\"Miralles 1986\" \/>\n<meta property=\"article:publisher\" content=\"https:\/\/www.facebook.com\/miralles1986\" \/>\n<meta property=\"article:modified_time\" content=\"2026-05-11T17:03:09+00:00\" \/>\n<meta property=\"og:image\" content=\"https:\/\/miralles1986.com\/wp-content\/uploads\/2025\/05\/KB2604-sudadera-m-merch-hoddie-black.jpg\" \/>\n\t<meta property=\"og:image:width\" content=\"1000\" \/>\n\t<meta property=\"og:image:height\" content=\"1000\" \/>\n\t<meta property=\"og:image:type\" content=\"image\/jpeg\" \/>\n<meta name=\"twitter:card\" content=\"summary_large_image\" \/>\n<meta name=\"twitter:label1\" content=\"Estimated reading time\" \/>\n\t<meta name=\"twitter:data1\" content=\"1 minute\" \/>\n<script type=\"application\/ld+json\" class=\"yoast-schema-graph\">{\"@context\":\"https:\\\/\\\/schema.org\",\"@graph\":[{\"@type\":\"WebPage\",\"@id\":\"https:\\\/\\\/miralles1986.com\\\/producto\\\/sudadera-kb2604-m-merch-hoddie-black-y-3\\\/\",\"url\":\"https:\\\/\\\/miralles1986.com\\\/producto\\\/sudadera-kb2604-m-merch-hoddie-black-y-3\\\/\",\"name\":\"Sudadera KB2604 M Merch Hoddie Black Y-3 - Miralles 1986\",\"isPartOf\":{\"@id\":\"https:\\\/\\\/miralles1986.com\\\/#website\"},\"primaryImageOfPage\":{\"@id\":\"https:\\\/\\\/miralles1986.com\\\/producto\\\/sudadera-kb2604-m-merch-hoddie-black-y-3\\\/#primaryimage\"},\"image\":{\"@id\":\"https:\\\/\\\/miralles1986.com\\\/producto\\\/sudadera-kb2604-m-merch-hoddie-black-y-3\\\/#primaryimage\"},\"thumbnailUrl\":\"https:\\\/\\\/miralles1986.com\\\/wp-content\\\/uploads\\\/2025\\\/05\\\/KB2604-sudadera-m-merch-hoddie-black.jpg\",\"datePublished\":\"2025-09-27T07:41:55+00:00\",\"dateModified\":\"2026-05-11T17:03:09+00:00\",\"description\":\"La sudadera KB2604 M Merch Hoddie Black\u00a0Y-3\u00a0es una declaraci\u00f3n de estilo minimalista y comodidad elevada. Dise\u00f1ada en un suave tejido de algod\u00f3n cepillado\",\"breadcrumb\":{\"@id\":\"https:\\\/\\\/miralles1986.com\\\/producto\\\/sudadera-kb2604-m-merch-hoddie-black-y-3\\\/#breadcrumb\"},\"inLanguage\":\"en-GB\",\"potentialAction\":[{\"@type\":\"ReadAction\",\"target\":[\"https:\\\/\\\/miralles1986.com\\\/producto\\\/sudadera-kb2604-m-merch-hoddie-black-y-3\\\/\"]}]},{\"@type\":\"ImageObject\",\"inLanguage\":\"en-GB\",\"@id\":\"https:\\\/\\\/miralles1986.com\\\/producto\\\/sudadera-kb2604-m-merch-hoddie-black-y-3\\\/#primaryimage\",\"url\":\"https:\\\/\\\/miralles1986.com\\\/wp-content\\\/uploads\\\/2025\\\/05\\\/KB2604-sudadera-m-merch-hoddie-black.jpg\",\"contentUrl\":\"https:\\\/\\\/miralles1986.com\\\/wp-content\\\/uploads\\\/2025\\\/05\\\/KB2604-sudadera-m-merch-hoddie-black.jpg\",\"width\":1000,\"height\":1000,\"caption\":\"Sudadera M Merch Hoddie Black Y-3\"},{\"@type\":\"BreadcrumbList\",\"@id\":\"https:\\\/\\\/miralles1986.com\\\/producto\\\/sudadera-kb2604-m-merch-hoddie-black-y-3\\\/#breadcrumb\",\"itemListElement\":[{\"@type\":\"ListItem\",\"position\":1,\"name\":\"Portada\",\"item\":\"https:\\\/\\\/miralles1986.com\\\/\"},{\"@type\":\"ListItem\",\"position\":2,\"name\":\"Ropa de lujo para hombre | Stone Island, Y-3, C.P. Company\",\"item\":\"https:\\\/\\\/miralles1986.com\\\/tienda\\\/\"},{\"@type\":\"ListItem\",\"position\":3,\"name\":\"Sudadera KB2604 M Merch Hoddie Black Y-3\"}]},{\"@type\":\"WebSite\",\"@id\":\"https:\\\/\\\/miralles1986.com\\\/#website\",\"url\":\"https:\\\/\\\/miralles1986.com\\\/\",\"name\":\"Miralles 1986\",\"description\":\"Moda masculina de lujo en Valencia\",\"publisher\":{\"@id\":\"https:\\\/\\\/miralles1986.com\\\/#organization\"},\"potentialAction\":[{\"@type\":\"SearchAction\",\"target\":{\"@type\":\"EntryPoint\",\"urlTemplate\":\"https:\\\/\\\/miralles1986.com\\\/?s={search_term_string}\"},\"query-input\":{\"@type\":\"PropertyValueSpecification\",\"valueRequired\":true,\"valueName\":\"search_term_string\"}}],\"inLanguage\":\"en-GB\"},{\"@type\":\"Organization\",\"@id\":\"https:\\\/\\\/miralles1986.com\\\/#organization\",\"name\":\"Miralles 1986\",\"alternateName\":\"Miralles\",\"url\":\"https:\\\/\\\/miralles1986.com\\\/\",\"logo\":{\"@type\":\"ImageObject\",\"inLanguage\":\"en-GB\",\"@id\":\"https:\\\/\\\/miralles1986.com\\\/#\\\/schema\\\/logo\\\/image\\\/\",\"url\":\"https:\\\/\\\/miralles1986.com\\\/wp-content\\\/uploads\\\/2024\\\/09\\\/logo-miralles-1986-pequeno-bl.png\",\"contentUrl\":\"https:\\\/\\\/miralles1986.com\\\/wp-content\\\/uploads\\\/2024\\\/09\\\/logo-miralles-1986-pequeno-bl.png\",\"width\":201,\"height\":73,\"caption\":\"Miralles 1986\"},\"image\":{\"@id\":\"https:\\\/\\\/miralles1986.com\\\/#\\\/schema\\\/logo\\\/image\\\/\"},\"sameAs\":[\"https:\\\/\\\/www.facebook.com\\\/miralles1986\",\"https:\\\/\\\/www.instagram.com\\\/miralles1986_\\\/\"]}]}<\/script>\n<!-- \/ Yoast SEO plugin. -->","yoast_head_json":{"title":"KB2604 M Merch Hoodie Sweatshirt Black Y-3 - Miralles 1986","description":"The KB2604 M Merch Hoodie Black Y-3 is a statement of minimalist style and elevated comfort. Designed in a soft, brushed cotton fabric.","robots":{"index":"index","follow":"follow","max-snippet":"max-snippet:-1","max-image-preview":"max-image-preview:large","max-video-preview":"max-video-preview:-1"},"canonical":"https:\/\/miralles1986.com\/en\/product\/sudadera-kb2604-m-merch-hoddie-black-y-3\/","og_locale":"en_GB","og_type":"article","og_title":"Sudadera KB2604 M Merch Hoddie Black Y-3 - Miralles 1986","og_description":"La sudadera KB2604 M Merch Hoddie Black\u00a0Y-3\u00a0es una declaraci\u00f3n de estilo minimalista y comodidad elevada. Dise\u00f1ada en un suave tejido de algod\u00f3n cepillado","og_url":"https:\/\/miralles1986.com\/en\/product\/sudadera-kb2604-m-merch-hoddie-black-y-3\/","og_site_name":"Miralles 1986","article_publisher":"https:\/\/www.facebook.com\/miralles1986","article_modified_time":"2026-05-11T17:03:09+00:00","og_image":[{"width":1000,"height":1000,"url":"https:\/\/miralles1986.com\/wp-content\/uploads\/2025\/05\/KB2604-sudadera-m-merch-hoddie-black.jpg","type":"image\/jpeg"}],"twitter_card":"summary_large_image","twitter_misc":{"Estimated reading time":"1 minute"},"schema":{"@context":"https:\/\/schema.org","@graph":[{"@type":"WebPage","@id":"https:\/\/miralles1986.com\/producto\/sudadera-kb2604-m-merch-hoddie-black-y-3\/","url":"https:\/\/miralles1986.com\/producto\/sudadera-kb2604-m-merch-hoddie-black-y-3\/","name":"KB2604 M Merch Hoodie Sweatshirt Black Y-3 - Miralles 1986","isPartOf":{"@id":"https:\/\/miralles1986.com\/#website"},"primaryImageOfPage":{"@id":"https:\/\/miralles1986.com\/producto\/sudadera-kb2604-m-merch-hoddie-black-y-3\/#primaryimage"},"image":{"@id":"https:\/\/miralles1986.com\/producto\/sudadera-kb2604-m-merch-hoddie-black-y-3\/#primaryimage"},"thumbnailUrl":"https:\/\/miralles1986.com\/wp-content\/uploads\/2025\/05\/KB2604-sudadera-m-merch-hoddie-black.jpg","datePublished":"2025-09-27T07:41:55+00:00","dateModified":"2026-05-11T17:03:09+00:00","description":"The KB2604 M Merch Hoodie Black Y-3 is a statement of minimalist style and elevated comfort. Designed in a soft, brushed cotton fabric.","breadcrumb":{"@id":"https:\/\/miralles1986.com\/producto\/sudadera-kb2604-m-merch-hoddie-black-y-3\/#breadcrumb"},"inLanguage":"en-GB","potentialAction":[{"@type":"ReadAction","target":["https:\/\/miralles1986.com\/producto\/sudadera-kb2604-m-merch-hoddie-black-y-3\/"]}]},{"@type":"ImageObject","inLanguage":"en-GB","@id":"https:\/\/miralles1986.com\/producto\/sudadera-kb2604-m-merch-hoddie-black-y-3\/#primaryimage","url":"https:\/\/miralles1986.com\/wp-content\/uploads\/2025\/05\/KB2604-sudadera-m-merch-hoddie-black.jpg","contentUrl":"https:\/\/miralles1986.com\/wp-content\/uploads\/2025\/05\/KB2604-sudadera-m-merch-hoddie-black.jpg","width":1000,"height":1000,"caption":"Sudadera M Merch Hoddie Black Y-3"},{"@type":"BreadcrumbList","@id":"https:\/\/miralles1986.com\/producto\/sudadera-kb2604-m-merch-hoddie-black-y-3\/#breadcrumb","itemListElement":[{"@type":"ListItem","position":1,"name":"Portada","item":"https:\/\/miralles1986.com\/"},{"@type":"ListItem","position":2,"name":"Ropa de lujo para hombre | Stone Island, Y-3, C.P. Company","item":"https:\/\/miralles1986.com\/tienda\/"},{"@type":"ListItem","position":3,"name":"Sudadera KB2604 M Merch Hoddie Black Y-3"}]},{"@type":"WebSite","@id":"https:\/\/miralles1986.com\/#website","url":"https:\/\/miralles1986.com\/","name":"Miralles 1986","description":"Luxury men&#039;s fashion in Valencia","publisher":{"@id":"https:\/\/miralles1986.com\/#organization"},"potentialAction":[{"@type":"SearchAction","target":{"@type":"EntryPoint","urlTemplate":"https:\/\/miralles1986.com\/?s={search_term_string}"},"query-input":{"@type":"PropertyValueSpecification","valueRequired":true,"valueName":"search_term_string"}}],"inLanguage":"en-GB"},{"@type":"Organization","@id":"https:\/\/miralles1986.com\/#organization","name":"Miralles 1986","alternateName":"Miralles","url":"https:\/\/miralles1986.com\/","logo":{"@type":"ImageObject","inLanguage":"en-GB","@id":"https:\/\/miralles1986.com\/#\/schema\/logo\/image\/","url":"https:\/\/miralles1986.com\/wp-content\/uploads\/2024\/09\/logo-miralles-1986-pequeno-bl.png","contentUrl":"https:\/\/miralles1986.com\/wp-content\/uploads\/2024\/09\/logo-miralles-1986-pequeno-bl.png","width":201,"height":73,"caption":"Miralles 1986"},"image":{"@id":"https:\/\/miralles1986.com\/#\/schema\/logo\/image\/"},"sameAs":["https:\/\/www.facebook.com\/miralles1986","https:\/\/www.instagram.com\/miralles1986_\/"]}]}},"brands":[{"id":163,"name":"Y-3","slug":"y-3"}],"_links":{"self":[{"href":"https:\/\/miralles1986.com\/en\/wp-json\/wp\/v2\/product\/10511","targetHints":{"allow":["GET"]}}],"collection":[{"href":"https:\/\/miralles1986.com\/en\/wp-json\/wp\/v2\/product"}],"about":[{"href":"https:\/\/miralles1986.com\/en\/wp-json\/wp\/v2\/types\/product"}],"replies":[{"embeddable":true,"href":"https:\/\/miralles1986.com\/en\/wp-json\/wp\/v2\/comments?post=10511"}],"wp:featuredmedia":[{"embeddable":true,"href":"https:\/\/miralles1986.com\/en\/wp-json\/wp\/v2\/media\/10517"}],"wp:attachment":[{"href":"https:\/\/miralles1986.com\/en\/wp-json\/wp\/v2\/media?parent=10511"}],"wp:term":[{"taxonomy":"pwb-brand","embeddable":true,"href":"https:\/\/miralles1986.com\/en\/wp-json\/wp\/v2\/pwb-brand?post=10511"},{"taxonomy":"product_brand","embeddable":true,"href":"https:\/\/miralles1986.com\/en\/wp-json\/wp\/v2\/product_brand?post=10511"},{"taxonomy":"product_cat","embeddable":true,"href":"https:\/\/miralles1986.com\/en\/wp-json\/wp\/v2\/product_cat?post=10511"},{"taxonomy":"product_tag","embeddable":true,"href":"https:\/\/miralles1986.com\/en\/wp-json\/wp\/v2\/product_tag?post=10511"}],"curies":[{"name":"wp","href":"https:\/\/api.w.org\/{rel}","templated":true}]}}