{"id":10533,"date":"2025-09-26T18:41:55","date_gmt":"2025-09-26T16:41:55","guid":{"rendered":"https:\/\/miralles1986.com\/?post_type=product&#038;p=10533"},"modified":"2026-05-11T19:10:46","modified_gmt":"2026-05-11T17:10:46","slug":"gorra-jp1143-logo-cap-black-y-3","status":"publish","type":"product","link":"https:\/\/miralles1986.com\/en\/producto\/gorra-jp1143-logo-cap-black-y-3\/","title":{"rendered":"JP1143 Logo Cap Black Y-3"},"content":{"rendered":"<p>The <strong><a href=\"https:\/\/miralles1986.com\/en\/product-category\/accessories\/caps\/\">cap<\/a><\/strong> <strong data-start=\"379\" data-end=\"414\">JP1143 Logo Cap Black<\/strong> of <strong><a href=\"https:\/\/miralles1986.com\/en\/brand\/y-3\/\">Y-3<\/a><\/strong> This urban fashion staple, designed by Yohji Yamamoto in collaboration with adidas, is crafted from high-quality cotton. It combines comfort and style in a timeless design. The deep black color and tone-on-tone embroidered Y-3 logo make it a versatile accessory to complete any look, from casual to sporty. The curved visor protects from the sun, and the adjustable closure ensures a perfect fit for all head sizes.<\/p>\n<h3 data-start=\"877\" data-end=\"910\"><strong data-start=\"877\" data-end=\"908\">Key features:<\/strong><\/h3>\n<ul data-start=\"911\" data-end=\"1173\">\n<li data-start=\"911\" data-end=\"963\">\n<p data-start=\"913\" data-end=\"963\">Black cap with tone-on-tone embroidered Y-3 logo.<\/p>\n<\/li>\n<li data-start=\"964\" data-end=\"1002\">\n<p data-start=\"966\" data-end=\"1002\">Material: High-quality cotton.<\/p>\n<\/li>\n<li data-start=\"1003\" data-end=\"1048\">\n<p data-start=\"1005\" data-end=\"1048\">Curved visor for greater sun protection.<\/p>\n<\/li>\n<li data-start=\"1049\" data-end=\"1100\">\n<p data-start=\"1051\" data-end=\"1100\">Adjustable back closure for a comfortable fit.<\/p>\n<\/li>\n<li data-start=\"1101\" data-end=\"1161\">\n<p data-start=\"1103\" data-end=\"1161\">Minimalist and versatile design, ideal for urban looks.<\/p>\n<\/li>\n<li data-start=\"1162\" data-end=\"1173\">\n<p data-start=\"1164\" data-end=\"1173\">Unisex.<\/p>\n<\/li>\n<\/ul>\n<p>The <strong><a href=\"https:\/\/miralles1986.com\/en\/product-category\/accessories\/caps\/\">cap<\/a><\/strong> <strong data-start=\"379\" data-end=\"414\">JP1143 Logo Cap Black<\/strong> of <strong><a href=\"https:\/\/miralles1986.com\/en\/brand\/y-3\/\">Y-3<\/a> It is part of the catalog <a href=\"https:\/\/miralles1986.com\/en\/product-category\/y-3-aw25\/\">Y3 AW25<\/a> of <a href=\"https:\/\/miralles1986.com\/en\/\">Miralles 1986<\/a>.<\/strong><\/p>\n<p>&nbsp;<\/p>","protected":false},"excerpt":{"rendered":"<p>Unisex black Y-3 cap with embroidered tonal logo. Minimalist design with soft cotton fabric and adjustable metal closure.<\/p>","protected":false},"featured_media":10537,"comment_status":"closed","ping_status":"closed","template":"","meta":[],"pwb-brand":[163],"product_brand":[819],"product_cat":[215,335,914],"product_tag":[922,1022,339,755,842,1030,915,1020],"class_list":{"0":"post-10533","1":"product","2":"type-product","3":"status-publish","4":"has-post-thumbnail","6":"pwb-brand-y-3","7":"product_brand-tienda-eleven","8":"product_cat-accesorios","9":"product_cat-gorras","10":"product_cat-y-3-aw25","11":"product_tag-accesorios-y-3-aw25","12":"product_tag-accesorios-y-3-ss26","13":"product_tag-gorras","14":"product_tag-moda-hombre","15":"product_tag-otono-invierno-2025","16":"product_tag-rebajas-enero-2026-y-3","17":"product_tag-y-3-aw25","18":"product_tag-y-3-ss-2026","19":"pa_color-negro","20":"pa_composicion-algodon-organico","21":"pa_tamano-osfl","22":"pa_tamano-osfm","23":"pa_tamano-osfw","25":"first","26":"outofstock","27":"featured","28":"sold-individually","29":"taxable","30":"shipping-taxable","31":"product-type-variable"},"supplier_id":null,"supplier_sku":"","barcode":null,"atum_controlled":true,"out_stock_date":null,"out_stock_threshold":null,"inheritable":true,"inbound_stock":0,"stock_on_hold":0,"sold_today":0,"sales_last_days":0,"reserved_stock":0,"customer_returns":null,"warehouse_damage":null,"lost_in_post":null,"other_logs":null,"out_stock_days":0,"lost_sales":0,"has_location":false,"update_date":"2026-05-11T16:10:01","atum_locations":[],"atum_stock_status":"instock","restock_status":false,"low_stock_amount":"","sales_update_date":"2026-05-11T16:10:01","calc_backorders":null,"yoast_head":"<!-- This site is optimized with the Yoast SEO plugin v27.6 - https:\/\/yoast.com\/product\/yoast-seo-wordpress\/ -->\n<title>Gorra JP1143 Logo Cap Black Y-3 - Miralles 1986<\/title>\n<meta name=\"description\" content=\"La gorra JP1143 Logo Cap Black de Y-3 es un b\u00e1sico de la moda urbana dise\u00f1ado por Yohji Yamamoto en colaboraci\u00f3n con adidas.\" \/>\n<meta name=\"robots\" content=\"index, follow, max-snippet:-1, max-image-preview:large, max-video-preview:-1\" \/>\n<link rel=\"canonical\" href=\"https:\/\/miralles1986.com\/en\/product\/gorra-jp1143-logo-cap-black-y-3\/\" \/>\n<meta property=\"og:locale\" content=\"en_GB\" \/>\n<meta property=\"og:type\" content=\"article\" \/>\n<meta property=\"og:title\" content=\"Gorra JP1143 Logo Cap Black Y-3 - Miralles 1986\" \/>\n<meta property=\"og:description\" content=\"La gorra JP1143 Logo Cap Black de Y-3 es un b\u00e1sico de la moda urbana dise\u00f1ado por Yohji Yamamoto en colaboraci\u00f3n con adidas.\" \/>\n<meta property=\"og:url\" content=\"https:\/\/miralles1986.com\/en\/product\/gorra-jp1143-logo-cap-black-y-3\/\" \/>\n<meta property=\"og:site_name\" content=\"Miralles 1986\" \/>\n<meta property=\"article:publisher\" content=\"https:\/\/www.facebook.com\/miralles1986\" \/>\n<meta property=\"article:modified_time\" content=\"2026-05-11T17:10:46+00:00\" \/>\n<meta property=\"og:image\" content=\"https:\/\/miralles1986.com\/wp-content\/uploads\/2025\/05\/JP1143_gorra-y-3-logo-cap-black-1-1.jpg\" \/>\n\t<meta property=\"og:image:width\" content=\"1000\" \/>\n\t<meta property=\"og:image:height\" content=\"1000\" \/>\n\t<meta property=\"og:image:type\" content=\"image\/jpeg\" \/>\n<meta name=\"twitter:card\" content=\"summary_large_image\" \/>\n<meta name=\"twitter:label1\" content=\"Estimated reading time\" \/>\n\t<meta name=\"twitter:data1\" content=\"1 minute\" \/>\n<script type=\"application\/ld+json\" class=\"yoast-schema-graph\">{\"@context\":\"https:\\\/\\\/schema.org\",\"@graph\":[{\"@type\":\"WebPage\",\"@id\":\"https:\\\/\\\/miralles1986.com\\\/producto\\\/gorra-jp1143-logo-cap-black-y-3\\\/\",\"url\":\"https:\\\/\\\/miralles1986.com\\\/producto\\\/gorra-jp1143-logo-cap-black-y-3\\\/\",\"name\":\"Gorra JP1143 Logo Cap Black Y-3 - Miralles 1986\",\"isPartOf\":{\"@id\":\"https:\\\/\\\/miralles1986.com\\\/#website\"},\"primaryImageOfPage\":{\"@id\":\"https:\\\/\\\/miralles1986.com\\\/producto\\\/gorra-jp1143-logo-cap-black-y-3\\\/#primaryimage\"},\"image\":{\"@id\":\"https:\\\/\\\/miralles1986.com\\\/producto\\\/gorra-jp1143-logo-cap-black-y-3\\\/#primaryimage\"},\"thumbnailUrl\":\"https:\\\/\\\/miralles1986.com\\\/wp-content\\\/uploads\\\/2025\\\/05\\\/JP1143_gorra-y-3-logo-cap-black-1-1.jpg\",\"datePublished\":\"2025-09-26T16:41:55+00:00\",\"dateModified\":\"2026-05-11T17:10:46+00:00\",\"description\":\"La gorra JP1143 Logo Cap Black de Y-3 es un b\u00e1sico de la moda urbana dise\u00f1ado por Yohji Yamamoto en colaboraci\u00f3n con adidas.\",\"breadcrumb\":{\"@id\":\"https:\\\/\\\/miralles1986.com\\\/producto\\\/gorra-jp1143-logo-cap-black-y-3\\\/#breadcrumb\"},\"inLanguage\":\"en-GB\",\"potentialAction\":[{\"@type\":\"ReadAction\",\"target\":[\"https:\\\/\\\/miralles1986.com\\\/producto\\\/gorra-jp1143-logo-cap-black-y-3\\\/\"]}]},{\"@type\":\"ImageObject\",\"inLanguage\":\"en-GB\",\"@id\":\"https:\\\/\\\/miralles1986.com\\\/producto\\\/gorra-jp1143-logo-cap-black-y-3\\\/#primaryimage\",\"url\":\"https:\\\/\\\/miralles1986.com\\\/wp-content\\\/uploads\\\/2025\\\/05\\\/JP1143_gorra-y-3-logo-cap-black-1-1.jpg\",\"contentUrl\":\"https:\\\/\\\/miralles1986.com\\\/wp-content\\\/uploads\\\/2025\\\/05\\\/JP1143_gorra-y-3-logo-cap-black-1-1.jpg\",\"width\":1000,\"height\":1000,\"caption\":\"JP1143 Gorra Y-3 Logo Cap Black\"},{\"@type\":\"BreadcrumbList\",\"@id\":\"https:\\\/\\\/miralles1986.com\\\/producto\\\/gorra-jp1143-logo-cap-black-y-3\\\/#breadcrumb\",\"itemListElement\":[{\"@type\":\"ListItem\",\"position\":1,\"name\":\"Portada\",\"item\":\"https:\\\/\\\/miralles1986.com\\\/\"},{\"@type\":\"ListItem\",\"position\":2,\"name\":\"Ropa de lujo para hombre | Stone Island, Y-3, C.P. Company\",\"item\":\"https:\\\/\\\/miralles1986.com\\\/tienda\\\/\"},{\"@type\":\"ListItem\",\"position\":3,\"name\":\"Gorra JP1143 Logo Cap Black Y-3\"}]},{\"@type\":\"WebSite\",\"@id\":\"https:\\\/\\\/miralles1986.com\\\/#website\",\"url\":\"https:\\\/\\\/miralles1986.com\\\/\",\"name\":\"Miralles 1986\",\"description\":\"Moda masculina de lujo en Valencia\",\"publisher\":{\"@id\":\"https:\\\/\\\/miralles1986.com\\\/#organization\"},\"potentialAction\":[{\"@type\":\"SearchAction\",\"target\":{\"@type\":\"EntryPoint\",\"urlTemplate\":\"https:\\\/\\\/miralles1986.com\\\/?s={search_term_string}\"},\"query-input\":{\"@type\":\"PropertyValueSpecification\",\"valueRequired\":true,\"valueName\":\"search_term_string\"}}],\"inLanguage\":\"en-GB\"},{\"@type\":\"Organization\",\"@id\":\"https:\\\/\\\/miralles1986.com\\\/#organization\",\"name\":\"Miralles 1986\",\"alternateName\":\"Miralles\",\"url\":\"https:\\\/\\\/miralles1986.com\\\/\",\"logo\":{\"@type\":\"ImageObject\",\"inLanguage\":\"en-GB\",\"@id\":\"https:\\\/\\\/miralles1986.com\\\/#\\\/schema\\\/logo\\\/image\\\/\",\"url\":\"https:\\\/\\\/miralles1986.com\\\/wp-content\\\/uploads\\\/2024\\\/09\\\/logo-miralles-1986-pequeno-bl.png\",\"contentUrl\":\"https:\\\/\\\/miralles1986.com\\\/wp-content\\\/uploads\\\/2024\\\/09\\\/logo-miralles-1986-pequeno-bl.png\",\"width\":201,\"height\":73,\"caption\":\"Miralles 1986\"},\"image\":{\"@id\":\"https:\\\/\\\/miralles1986.com\\\/#\\\/schema\\\/logo\\\/image\\\/\"},\"sameAs\":[\"https:\\\/\\\/www.facebook.com\\\/miralles1986\",\"https:\\\/\\\/www.instagram.com\\\/miralles1986_\\\/\"]}]}<\/script>\n<!-- \/ Yoast SEO plugin. -->","yoast_head_json":{"title":"JP1143 Logo Cap Black Y-3 - Miralles 1986","description":"The Y-3 JP1143 Logo Cap Black is a streetwear staple designed by Yohji Yamamoto in collaboration with adidas.","robots":{"index":"index","follow":"follow","max-snippet":"max-snippet:-1","max-image-preview":"max-image-preview:large","max-video-preview":"max-video-preview:-1"},"canonical":"https:\/\/miralles1986.com\/en\/product\/gorra-jp1143-logo-cap-black-y-3\/","og_locale":"en_GB","og_type":"article","og_title":"Gorra JP1143 Logo Cap Black Y-3 - Miralles 1986","og_description":"La gorra JP1143 Logo Cap Black de Y-3 es un b\u00e1sico de la moda urbana dise\u00f1ado por Yohji Yamamoto en colaboraci\u00f3n con adidas.","og_url":"https:\/\/miralles1986.com\/en\/product\/gorra-jp1143-logo-cap-black-y-3\/","og_site_name":"Miralles 1986","article_publisher":"https:\/\/www.facebook.com\/miralles1986","article_modified_time":"2026-05-11T17:10:46+00:00","og_image":[{"width":1000,"height":1000,"url":"https:\/\/miralles1986.com\/wp-content\/uploads\/2025\/05\/JP1143_gorra-y-3-logo-cap-black-1-1.jpg","type":"image\/jpeg"}],"twitter_card":"summary_large_image","twitter_misc":{"Estimated reading time":"1 minute"},"schema":{"@context":"https:\/\/schema.org","@graph":[{"@type":"WebPage","@id":"https:\/\/miralles1986.com\/producto\/gorra-jp1143-logo-cap-black-y-3\/","url":"https:\/\/miralles1986.com\/producto\/gorra-jp1143-logo-cap-black-y-3\/","name":"JP1143 Logo Cap Black Y-3 - Miralles 1986","isPartOf":{"@id":"https:\/\/miralles1986.com\/#website"},"primaryImageOfPage":{"@id":"https:\/\/miralles1986.com\/producto\/gorra-jp1143-logo-cap-black-y-3\/#primaryimage"},"image":{"@id":"https:\/\/miralles1986.com\/producto\/gorra-jp1143-logo-cap-black-y-3\/#primaryimage"},"thumbnailUrl":"https:\/\/miralles1986.com\/wp-content\/uploads\/2025\/05\/JP1143_gorra-y-3-logo-cap-black-1-1.jpg","datePublished":"2025-09-26T16:41:55+00:00","dateModified":"2026-05-11T17:10:46+00:00","description":"The Y-3 JP1143 Logo Cap Black is a streetwear staple designed by Yohji Yamamoto in collaboration with adidas.","breadcrumb":{"@id":"https:\/\/miralles1986.com\/producto\/gorra-jp1143-logo-cap-black-y-3\/#breadcrumb"},"inLanguage":"en-GB","potentialAction":[{"@type":"ReadAction","target":["https:\/\/miralles1986.com\/producto\/gorra-jp1143-logo-cap-black-y-3\/"]}]},{"@type":"ImageObject","inLanguage":"en-GB","@id":"https:\/\/miralles1986.com\/producto\/gorra-jp1143-logo-cap-black-y-3\/#primaryimage","url":"https:\/\/miralles1986.com\/wp-content\/uploads\/2025\/05\/JP1143_gorra-y-3-logo-cap-black-1-1.jpg","contentUrl":"https:\/\/miralles1986.com\/wp-content\/uploads\/2025\/05\/JP1143_gorra-y-3-logo-cap-black-1-1.jpg","width":1000,"height":1000,"caption":"JP1143 Gorra Y-3 Logo Cap Black"},{"@type":"BreadcrumbList","@id":"https:\/\/miralles1986.com\/producto\/gorra-jp1143-logo-cap-black-y-3\/#breadcrumb","itemListElement":[{"@type":"ListItem","position":1,"name":"Portada","item":"https:\/\/miralles1986.com\/"},{"@type":"ListItem","position":2,"name":"Ropa de lujo para hombre | Stone Island, Y-3, C.P. Company","item":"https:\/\/miralles1986.com\/tienda\/"},{"@type":"ListItem","position":3,"name":"Gorra JP1143 Logo Cap Black Y-3"}]},{"@type":"WebSite","@id":"https:\/\/miralles1986.com\/#website","url":"https:\/\/miralles1986.com\/","name":"Miralles 1986","description":"Luxury men&#039;s fashion in Valencia","publisher":{"@id":"https:\/\/miralles1986.com\/#organization"},"potentialAction":[{"@type":"SearchAction","target":{"@type":"EntryPoint","urlTemplate":"https:\/\/miralles1986.com\/?s={search_term_string}"},"query-input":{"@type":"PropertyValueSpecification","valueRequired":true,"valueName":"search_term_string"}}],"inLanguage":"en-GB"},{"@type":"Organization","@id":"https:\/\/miralles1986.com\/#organization","name":"Miralles 1986","alternateName":"Miralles","url":"https:\/\/miralles1986.com\/","logo":{"@type":"ImageObject","inLanguage":"en-GB","@id":"https:\/\/miralles1986.com\/#\/schema\/logo\/image\/","url":"https:\/\/miralles1986.com\/wp-content\/uploads\/2024\/09\/logo-miralles-1986-pequeno-bl.png","contentUrl":"https:\/\/miralles1986.com\/wp-content\/uploads\/2024\/09\/logo-miralles-1986-pequeno-bl.png","width":201,"height":73,"caption":"Miralles 1986"},"image":{"@id":"https:\/\/miralles1986.com\/#\/schema\/logo\/image\/"},"sameAs":["https:\/\/www.facebook.com\/miralles1986","https:\/\/www.instagram.com\/miralles1986_\/"]}]}},"brands":[{"id":163,"name":"Y-3","slug":"y-3"}],"_links":{"self":[{"href":"https:\/\/miralles1986.com\/en\/wp-json\/wp\/v2\/product\/10533","targetHints":{"allow":["GET"]}}],"collection":[{"href":"https:\/\/miralles1986.com\/en\/wp-json\/wp\/v2\/product"}],"about":[{"href":"https:\/\/miralles1986.com\/en\/wp-json\/wp\/v2\/types\/product"}],"replies":[{"embeddable":true,"href":"https:\/\/miralles1986.com\/en\/wp-json\/wp\/v2\/comments?post=10533"}],"wp:featuredmedia":[{"embeddable":true,"href":"https:\/\/miralles1986.com\/en\/wp-json\/wp\/v2\/media\/10537"}],"wp:attachment":[{"href":"https:\/\/miralles1986.com\/en\/wp-json\/wp\/v2\/media?parent=10533"}],"wp:term":[{"taxonomy":"pwb-brand","embeddable":true,"href":"https:\/\/miralles1986.com\/en\/wp-json\/wp\/v2\/pwb-brand?post=10533"},{"taxonomy":"product_brand","embeddable":true,"href":"https:\/\/miralles1986.com\/en\/wp-json\/wp\/v2\/product_brand?post=10533"},{"taxonomy":"product_cat","embeddable":true,"href":"https:\/\/miralles1986.com\/en\/wp-json\/wp\/v2\/product_cat?post=10533"},{"taxonomy":"product_tag","embeddable":true,"href":"https:\/\/miralles1986.com\/en\/wp-json\/wp\/v2\/product_tag?post=10533"}],"curies":[{"name":"wp","href":"https:\/\/api.w.org\/{rel}","templated":true}]}}