{"id":10605,"date":"2025-09-27T09:41:56","date_gmt":"2025-09-27T07:41:56","guid":{"rendered":"https:\/\/miralles1986.com\/?post_type=product&#038;p=10605"},"modified":"2026-03-25T18:06:50","modified_gmt":"2026-03-25T17:06:50","slug":"pantalones-jw4624-m-3s-tp-black-y-3","status":"publish","type":"product","link":"https:\/\/miralles1986.com\/en\/producto\/pantalones-jw4624-m-3s-tp-black-y-3\/","title":{"rendered":"Pants JW4624 M 3S TP Black Y-3"},"content":{"rendered":"<p>The <strong><a href=\"https:\/\/miralles1986.com\/en\/product-category\/clothes\/pants\/miralles-sport-trousers-1986\/\">pants<\/a> JW4624 <\/strong>M 3S TP BLACK of <strong><a href=\"https:\/\/miralles1986.com\/en\/brand\/y-3\/\">Y-3<\/a><\/strong> They reinterpret a classic sportswear silhouette with a contemporary and refined aesthetic. They bring Yohji Yamamoto&#039;s vision to an essential garment, with refined details such as the 3-Stripes on one side and cotton-lined pockets that offer a soft and comfortable feel. Made from 100% recycled polyester, they combine style, sustainability, and functionality in a single garment. Ideal for those seeking a modern expression of adidas&#039; sporting heritage.<\/p>\n<p data-start=\"1098\" data-end=\"1131\"><strong data-start=\"1098\" data-end=\"1129\">Key features:<\/strong><\/p>\n<ul data-start=\"1132\" data-end=\"1453\">\n<li data-start=\"1132\" data-end=\"1174\">\n<p data-start=\"1134\" data-end=\"1174\">Y-3 sports pants in black.<\/p>\n<\/li>\n<li data-start=\"1175\" data-end=\"1218\">\n<p data-start=\"1177\" data-end=\"1218\">Made from 100% recycled polyester.<\/p>\n<\/li>\n<li data-start=\"1219\" data-end=\"1262\">\n<p data-start=\"1221\" data-end=\"1262\">Detail of 3 stripes on one side only.<\/p>\n<\/li>\n<li data-start=\"1263\" data-end=\"1316\">\n<p data-start=\"1265\" data-end=\"1316\">Cotton-lined pockets for added comfort.<\/p>\n<\/li>\n<li data-start=\"1317\" data-end=\"1356\">\n<p data-start=\"1319\" data-end=\"1356\">Minimalist and contemporary design.<\/p>\n<\/li>\n<li data-start=\"1357\" data-end=\"1400\">\n<p data-start=\"1359\" data-end=\"1400\">It combines sustainability and functionality.<\/p>\n<\/li>\n<\/ul>\n<p>The <strong><a href=\"https:\/\/miralles1986.com\/en\/product-category\/clothes\/pants\/miralles-sport-trousers-1986\/\">pants<\/a> JW4624 <\/strong>M 3S TP BLACK of <strong><a href=\"https:\/\/miralles1986.com\/en\/brand\/y-3\/\">Y-3<\/a> They are available in the catalog <a href=\"https:\/\/miralles1986.com\/en\/product-category\/y-3-aw25\/\">Y-3 AW25<\/a> by Miralles 1986.<\/strong><\/p>","protected":false},"excerpt":{"rendered":"<p>Y-3 track pants with a minimalist and elegant design. They feature the iconic 3-Stripes on one side and cotton-lined pockets for added comfort. Made from recycled polyester.<\/p>","protected":false},"featured_media":10616,"comment_status":"closed","ping_status":"closed","template":"","meta":[],"pwb-brand":[163],"product_brand":[819],"product_cat":[226,227,168,914],"product_tag":[755,842,392,919,1030,915],"class_list":{"0":"post-10605","1":"product","2":"type-product","3":"status-publish","4":"has-post-thumbnail","6":"pwb-brand-y-3","7":"product_brand-tienda-eleven","8":"product_cat-pantalones","9":"product_cat-pantalones-sport-miralles-1986","10":"product_cat-ropa","11":"product_cat-y-3-aw25","12":"product_tag-moda-hombre","13":"product_tag-otono-invierno-2025","14":"product_tag-pantalones-sport","15":"product_tag-pantalones-y-3-aw25","16":"product_tag-rebajas-enero-2026-y-3","17":"product_tag-y-3-aw25","18":"pa_color-negro","19":"pa_composicion-100-poliester-reciclado","20":"pa_tamano-l","21":"pa_tamano-m","22":"pa_tamano-s","23":"pa_tamano-xl","24":"pa_tamano-xs","25":"pa_tamano-xxl","27":"first","28":"instock","29":"featured","30":"sold-individually","31":"taxable","32":"shipping-taxable","33":"purchasable","34":"product-type-variable"},"supplier_id":null,"supplier_sku":"","barcode":null,"atum_controlled":true,"out_stock_date":null,"out_stock_threshold":null,"inheritable":true,"inbound_stock":0,"stock_on_hold":0,"sold_today":0,"sales_last_days":0,"reserved_stock":0,"customer_returns":null,"warehouse_damage":null,"lost_in_post":null,"other_logs":null,"out_stock_days":0,"lost_sales":0,"has_location":false,"update_date":"2026-05-04T11:25:28","atum_locations":[],"atum_stock_status":"instock","restock_status":false,"low_stock_amount":"","sales_update_date":"2026-05-04T11:25:28","calc_backorders":null,"yoast_head":"<!-- This site is optimized with the Yoast SEO plugin v27.5 - https:\/\/yoast.com\/product\/yoast-seo-wordpress\/ -->\n<title>Pantalones JW4624 M 3S TP Black Y-3 - Miralles 1986<\/title>\n<meta name=\"description\" content=\"El pantal\u00f3n JW4624 M 3S TP BLACK de Y-3 reinterpreta una silueta cl\u00e1sica del sportswear con una est\u00e9tica contempor\u00e1nea y depurada.\" \/>\n<meta name=\"robots\" content=\"index, follow, max-snippet:-1, max-image-preview:large, max-video-preview:-1\" \/>\n<link rel=\"canonical\" href=\"https:\/\/miralles1986.com\/en\/product\/pantalones-jw4624-m-3s-tp-black-y-3\/\" \/>\n<meta property=\"og:locale\" content=\"en_GB\" \/>\n<meta property=\"og:type\" content=\"article\" \/>\n<meta property=\"og:title\" content=\"Pantalones JW4624 M 3S TP Black Y-3 - Miralles 1986\" \/>\n<meta property=\"og:description\" content=\"El pantal\u00f3n JW4624 M 3S TP BLACK de Y-3 reinterpreta una silueta cl\u00e1sica del sportswear con una est\u00e9tica contempor\u00e1nea y depurada.\" \/>\n<meta property=\"og:url\" content=\"https:\/\/miralles1986.com\/en\/product\/pantalones-jw4624-m-3s-tp-black-y-3\/\" \/>\n<meta property=\"og:site_name\" content=\"Miralles 1986\" \/>\n<meta property=\"article:publisher\" content=\"https:\/\/www.facebook.com\/miralles1986\" \/>\n<meta property=\"article:modified_time\" content=\"2026-03-25T17:06:50+00:00\" \/>\n<meta property=\"og:image\" content=\"https:\/\/miralles1986.com\/wp-content\/uploads\/2025\/05\/JW4624-pantalon-m3s-tp-black-1.jpg\" \/>\n\t<meta property=\"og:image:width\" content=\"1000\" \/>\n\t<meta property=\"og:image:height\" content=\"1000\" \/>\n\t<meta property=\"og:image:type\" content=\"image\/jpeg\" \/>\n<meta name=\"twitter:card\" content=\"summary_large_image\" \/>\n<meta name=\"twitter:label1\" content=\"Estimated reading time\" \/>\n\t<meta name=\"twitter:data1\" content=\"1 minute\" \/>\n<script type=\"application\/ld+json\" class=\"yoast-schema-graph\">{\"@context\":\"https:\\\/\\\/schema.org\",\"@graph\":[{\"@type\":\"WebPage\",\"@id\":\"https:\\\/\\\/miralles1986.com\\\/producto\\\/pantalones-jw4624-m-3s-tp-black-y-3\\\/\",\"url\":\"https:\\\/\\\/miralles1986.com\\\/producto\\\/pantalones-jw4624-m-3s-tp-black-y-3\\\/\",\"name\":\"Pantalones JW4624 M 3S TP Black Y-3 - Miralles 1986\",\"isPartOf\":{\"@id\":\"https:\\\/\\\/miralles1986.com\\\/#website\"},\"primaryImageOfPage\":{\"@id\":\"https:\\\/\\\/miralles1986.com\\\/producto\\\/pantalones-jw4624-m-3s-tp-black-y-3\\\/#primaryimage\"},\"image\":{\"@id\":\"https:\\\/\\\/miralles1986.com\\\/producto\\\/pantalones-jw4624-m-3s-tp-black-y-3\\\/#primaryimage\"},\"thumbnailUrl\":\"https:\\\/\\\/miralles1986.com\\\/wp-content\\\/uploads\\\/2025\\\/05\\\/JW4624-pantalon-m3s-tp-black-1.jpg\",\"datePublished\":\"2025-09-27T07:41:56+00:00\",\"dateModified\":\"2026-03-25T17:06:50+00:00\",\"description\":\"El pantal\u00f3n JW4624 M 3S TP BLACK de Y-3 reinterpreta una silueta cl\u00e1sica del sportswear con una est\u00e9tica contempor\u00e1nea y depurada.\",\"breadcrumb\":{\"@id\":\"https:\\\/\\\/miralles1986.com\\\/producto\\\/pantalones-jw4624-m-3s-tp-black-y-3\\\/#breadcrumb\"},\"inLanguage\":\"en-GB\",\"potentialAction\":[{\"@type\":\"ReadAction\",\"target\":[\"https:\\\/\\\/miralles1986.com\\\/producto\\\/pantalones-jw4624-m-3s-tp-black-y-3\\\/\"]}]},{\"@type\":\"ImageObject\",\"inLanguage\":\"en-GB\",\"@id\":\"https:\\\/\\\/miralles1986.com\\\/producto\\\/pantalones-jw4624-m-3s-tp-black-y-3\\\/#primaryimage\",\"url\":\"https:\\\/\\\/miralles1986.com\\\/wp-content\\\/uploads\\\/2025\\\/05\\\/JW4624-pantalon-m3s-tp-black-1.jpg\",\"contentUrl\":\"https:\\\/\\\/miralles1986.com\\\/wp-content\\\/uploads\\\/2025\\\/05\\\/JW4624-pantalon-m3s-tp-black-1.jpg\",\"width\":1000,\"height\":1000,\"caption\":\"JW4624 Pantal\u00f3n M3S TP Black Y-3\"},{\"@type\":\"BreadcrumbList\",\"@id\":\"https:\\\/\\\/miralles1986.com\\\/producto\\\/pantalones-jw4624-m-3s-tp-black-y-3\\\/#breadcrumb\",\"itemListElement\":[{\"@type\":\"ListItem\",\"position\":1,\"name\":\"Portada\",\"item\":\"https:\\\/\\\/miralles1986.com\\\/\"},{\"@type\":\"ListItem\",\"position\":2,\"name\":\"Ropa de lujo para hombre | Stone Island, Y-3, C.P. Company\",\"item\":\"https:\\\/\\\/miralles1986.com\\\/tienda\\\/\"},{\"@type\":\"ListItem\",\"position\":3,\"name\":\"Pantalones JW4624 M 3S TP Black Y-3\"}]},{\"@type\":\"WebSite\",\"@id\":\"https:\\\/\\\/miralles1986.com\\\/#website\",\"url\":\"https:\\\/\\\/miralles1986.com\\\/\",\"name\":\"Miralles 1986\",\"description\":\"Moda masculina de lujo en Valencia\",\"publisher\":{\"@id\":\"https:\\\/\\\/miralles1986.com\\\/#organization\"},\"potentialAction\":[{\"@type\":\"SearchAction\",\"target\":{\"@type\":\"EntryPoint\",\"urlTemplate\":\"https:\\\/\\\/miralles1986.com\\\/?s={search_term_string}\"},\"query-input\":{\"@type\":\"PropertyValueSpecification\",\"valueRequired\":true,\"valueName\":\"search_term_string\"}}],\"inLanguage\":\"en-GB\"},{\"@type\":\"Organization\",\"@id\":\"https:\\\/\\\/miralles1986.com\\\/#organization\",\"name\":\"Miralles 1986\",\"alternateName\":\"Miralles\",\"url\":\"https:\\\/\\\/miralles1986.com\\\/\",\"logo\":{\"@type\":\"ImageObject\",\"inLanguage\":\"en-GB\",\"@id\":\"https:\\\/\\\/miralles1986.com\\\/#\\\/schema\\\/logo\\\/image\\\/\",\"url\":\"https:\\\/\\\/miralles1986.com\\\/wp-content\\\/uploads\\\/2024\\\/09\\\/logo-miralles-1986-pequeno-bl.png\",\"contentUrl\":\"https:\\\/\\\/miralles1986.com\\\/wp-content\\\/uploads\\\/2024\\\/09\\\/logo-miralles-1986-pequeno-bl.png\",\"width\":201,\"height\":73,\"caption\":\"Miralles 1986\"},\"image\":{\"@id\":\"https:\\\/\\\/miralles1986.com\\\/#\\\/schema\\\/logo\\\/image\\\/\"},\"sameAs\":[\"https:\\\/\\\/www.facebook.com\\\/miralles1986\",\"https:\\\/\\\/www.instagram.com\\\/miralles1986_\\\/\"]}]}<\/script>\n<!-- \/ Yoast SEO plugin. -->","yoast_head_json":{"title":"JW4624 M 3S TP Black Y-3 Trousers - Miralles 1986","description":"The Y-3 JW4624 M 3S TP BLACK trousers reinterpret a classic sportswear silhouette with a contemporary and refined aesthetic.","robots":{"index":"index","follow":"follow","max-snippet":"max-snippet:-1","max-image-preview":"max-image-preview:large","max-video-preview":"max-video-preview:-1"},"canonical":"https:\/\/miralles1986.com\/en\/product\/pantalones-jw4624-m-3s-tp-black-y-3\/","og_locale":"en_GB","og_type":"article","og_title":"Pantalones JW4624 M 3S TP Black Y-3 - Miralles 1986","og_description":"El pantal\u00f3n JW4624 M 3S TP BLACK de Y-3 reinterpreta una silueta cl\u00e1sica del sportswear con una est\u00e9tica contempor\u00e1nea y depurada.","og_url":"https:\/\/miralles1986.com\/en\/product\/pantalones-jw4624-m-3s-tp-black-y-3\/","og_site_name":"Miralles 1986","article_publisher":"https:\/\/www.facebook.com\/miralles1986","article_modified_time":"2026-03-25T17:06:50+00:00","og_image":[{"width":1000,"height":1000,"url":"https:\/\/miralles1986.com\/wp-content\/uploads\/2025\/05\/JW4624-pantalon-m3s-tp-black-1.jpg","type":"image\/jpeg"}],"twitter_card":"summary_large_image","twitter_misc":{"Estimated reading time":"1 minute"},"schema":{"@context":"https:\/\/schema.org","@graph":[{"@type":"WebPage","@id":"https:\/\/miralles1986.com\/producto\/pantalones-jw4624-m-3s-tp-black-y-3\/","url":"https:\/\/miralles1986.com\/producto\/pantalones-jw4624-m-3s-tp-black-y-3\/","name":"JW4624 M 3S TP Black Y-3 Trousers - Miralles 1986","isPartOf":{"@id":"https:\/\/miralles1986.com\/#website"},"primaryImageOfPage":{"@id":"https:\/\/miralles1986.com\/producto\/pantalones-jw4624-m-3s-tp-black-y-3\/#primaryimage"},"image":{"@id":"https:\/\/miralles1986.com\/producto\/pantalones-jw4624-m-3s-tp-black-y-3\/#primaryimage"},"thumbnailUrl":"https:\/\/miralles1986.com\/wp-content\/uploads\/2025\/05\/JW4624-pantalon-m3s-tp-black-1.jpg","datePublished":"2025-09-27T07:41:56+00:00","dateModified":"2026-03-25T17:06:50+00:00","description":"The Y-3 JW4624 M 3S TP BLACK trousers reinterpret a classic sportswear silhouette with a contemporary and refined aesthetic.","breadcrumb":{"@id":"https:\/\/miralles1986.com\/producto\/pantalones-jw4624-m-3s-tp-black-y-3\/#breadcrumb"},"inLanguage":"en-GB","potentialAction":[{"@type":"ReadAction","target":["https:\/\/miralles1986.com\/producto\/pantalones-jw4624-m-3s-tp-black-y-3\/"]}]},{"@type":"ImageObject","inLanguage":"en-GB","@id":"https:\/\/miralles1986.com\/producto\/pantalones-jw4624-m-3s-tp-black-y-3\/#primaryimage","url":"https:\/\/miralles1986.com\/wp-content\/uploads\/2025\/05\/JW4624-pantalon-m3s-tp-black-1.jpg","contentUrl":"https:\/\/miralles1986.com\/wp-content\/uploads\/2025\/05\/JW4624-pantalon-m3s-tp-black-1.jpg","width":1000,"height":1000,"caption":"JW4624 Pantal\u00f3n M3S TP Black Y-3"},{"@type":"BreadcrumbList","@id":"https:\/\/miralles1986.com\/producto\/pantalones-jw4624-m-3s-tp-black-y-3\/#breadcrumb","itemListElement":[{"@type":"ListItem","position":1,"name":"Portada","item":"https:\/\/miralles1986.com\/"},{"@type":"ListItem","position":2,"name":"Ropa de lujo para hombre | Stone Island, Y-3, C.P. Company","item":"https:\/\/miralles1986.com\/tienda\/"},{"@type":"ListItem","position":3,"name":"Pantalones JW4624 M 3S TP Black Y-3"}]},{"@type":"WebSite","@id":"https:\/\/miralles1986.com\/#website","url":"https:\/\/miralles1986.com\/","name":"Miralles 1986","description":"Luxury men&#039;s fashion in Valencia","publisher":{"@id":"https:\/\/miralles1986.com\/#organization"},"potentialAction":[{"@type":"SearchAction","target":{"@type":"EntryPoint","urlTemplate":"https:\/\/miralles1986.com\/?s={search_term_string}"},"query-input":{"@type":"PropertyValueSpecification","valueRequired":true,"valueName":"search_term_string"}}],"inLanguage":"en-GB"},{"@type":"Organization","@id":"https:\/\/miralles1986.com\/#organization","name":"Miralles 1986","alternateName":"Miralles","url":"https:\/\/miralles1986.com\/","logo":{"@type":"ImageObject","inLanguage":"en-GB","@id":"https:\/\/miralles1986.com\/#\/schema\/logo\/image\/","url":"https:\/\/miralles1986.com\/wp-content\/uploads\/2024\/09\/logo-miralles-1986-pequeno-bl.png","contentUrl":"https:\/\/miralles1986.com\/wp-content\/uploads\/2024\/09\/logo-miralles-1986-pequeno-bl.png","width":201,"height":73,"caption":"Miralles 1986"},"image":{"@id":"https:\/\/miralles1986.com\/#\/schema\/logo\/image\/"},"sameAs":["https:\/\/www.facebook.com\/miralles1986","https:\/\/www.instagram.com\/miralles1986_\/"]}]}},"brands":[{"id":163,"name":"Y-3","slug":"y-3"}],"_links":{"self":[{"href":"https:\/\/miralles1986.com\/en\/wp-json\/wp\/v2\/product\/10605","targetHints":{"allow":["GET"]}}],"collection":[{"href":"https:\/\/miralles1986.com\/en\/wp-json\/wp\/v2\/product"}],"about":[{"href":"https:\/\/miralles1986.com\/en\/wp-json\/wp\/v2\/types\/product"}],"replies":[{"embeddable":true,"href":"https:\/\/miralles1986.com\/en\/wp-json\/wp\/v2\/comments?post=10605"}],"wp:featuredmedia":[{"embeddable":true,"href":"https:\/\/miralles1986.com\/en\/wp-json\/wp\/v2\/media\/10616"}],"wp:attachment":[{"href":"https:\/\/miralles1986.com\/en\/wp-json\/wp\/v2\/media?parent=10605"}],"wp:term":[{"taxonomy":"pwb-brand","embeddable":true,"href":"https:\/\/miralles1986.com\/en\/wp-json\/wp\/v2\/pwb-brand?post=10605"},{"taxonomy":"product_brand","embeddable":true,"href":"https:\/\/miralles1986.com\/en\/wp-json\/wp\/v2\/product_brand?post=10605"},{"taxonomy":"product_cat","embeddable":true,"href":"https:\/\/miralles1986.com\/en\/wp-json\/wp\/v2\/product_cat?post=10605"},{"taxonomy":"product_tag","embeddable":true,"href":"https:\/\/miralles1986.com\/en\/wp-json\/wp\/v2\/product_tag?post=10605"}],"curies":[{"name":"wp","href":"https:\/\/api.w.org\/{rel}","templated":true}]}}