{"id":10788,"date":"2025-05-23T21:11:34","date_gmt":"2025-05-23T19:11:34","guid":{"rendered":"https:\/\/miralles1986.com\/?post_type=product&#038;p=10788"},"modified":"2026-01-31T13:22:24","modified_gmt":"2026-01-31T12:22:24","slug":"camiseta-snoopy-mornings-33-emb-mc2-saint-barth","status":"publish","type":"product","link":"https:\/\/miralles1986.com\/en\/product\/camiseta-snoopy-mornings-33-emb-mc2-saint-barth\/","title":{"rendered":"Snoopy Mornings 33 Pack T-shirt MC2 Saint Barth"},"content":{"rendered":"<p>The Snoopy Mornings 33 Emb. T-shirt <strong><a href=\"https:\/\/miralles1986.com\/en\/marca\/mc2-saint-barth\/\">MC2 Saint Barth<\/a><\/strong> This unique piece from the special Peanuts\u00ae collection is perfect for lovers of casual style with a relaxed and artistic touch. Made from 100% organic cotton, this garment combines sustainability, comfort, and design.<\/p>\n<p>The chest features an embroidered Snoopy dressed as a chef, a cheerful touch that adds character and charm to any summer look. The minimalist white design makes this t-shirt easy to style, while its regular fit ensures a comfortable and flattering fit.<\/p>\n<p>Key features:<\/p>\n<ul>\n<li>Color: White<\/li>\n<li>Material: 100% organic cotton<\/li>\n<li>Exclusive design with Snoopy Chef embroidery (Peanuts\u00ae)<\/li>\n<li>Round neck and short sleeves<\/li>\n<li>Regular fit<\/li>\n<li>Official special edition label<\/li>\n<li>Ideal for urban, casual or vacation looks<\/li>\n<\/ul>\n<p>With the <strong><a href=\"https:\/\/miralles1986.com\/en\/product-category\/ropa\/camisetas\/camisetas-manga-corta\/\">t-shirt<\/a> <\/strong>Snoopy Mornings 33 Emb. of <strong><a href=\"https:\/\/miralles1986.com\/en\/marca\/mc2-saint-barth\/\">MC2 Saint Barth<\/a><\/strong> You&#039;re not just wearing a premium garment; you&#039;re also expressing your personality with style and a sense of humor. Perfect for fans of classic characters and those who appreciate unique details.<\/p>","protected":false},"excerpt":{"rendered":"<p>Organic cotton blue t-shirt with Snoopy Chef embroidery on the chest. Special Peanuts\u00ae edition by MC2 Saint Barth: fun, original and sustainable.<\/p>","protected":false},"featured_media":10795,"comment_status":"closed","ping_status":"closed","template":"","meta":[],"pwb-brand":[779],"product_brand":[819],"product_cat":[244,243,168],"product_tag":[247,636,755,756],"class_list":{"0":"post-10788","1":"product","2":"type-product","3":"status-publish","4":"has-post-thumbnail","6":"pwb-brand-mc2-saint-barth","7":"product_brand-tienda-eleven","8":"product_cat-camisetas-manga-corta","9":"product_cat-camisetas","10":"product_cat-ropa","11":"product_tag-camiseta","12":"product_tag-camiseta-manga-corta","13":"product_tag-moda-hombre","14":"product_tag-primavera-verano-2025","15":"pa_color-azul","16":"pa_composicion-algodon","17":"pa_tamano-l","18":"pa_tamano-m","19":"pa_tamano-s","20":"pa_tamano-xl","21":"pa_tamano-xs","22":"pa_tamano-xxl","24":"first","25":"outofstock","26":"featured","27":"sold-individually","28":"taxable","29":"shipping-taxable","30":"purchasable","31":"product-type-variable"},"supplier_id":null,"supplier_sku":"","barcode":null,"atum_controlled":true,"out_stock_date":null,"out_stock_threshold":null,"inheritable":true,"inbound_stock":0,"stock_on_hold":0,"sold_today":0,"sales_last_days":0,"reserved_stock":0,"customer_returns":null,"warehouse_damage":null,"lost_in_post":null,"other_logs":null,"out_stock_days":0,"lost_sales":0,"has_location":false,"update_date":"2026-01-31T12:22:27","atum_locations":[],"atum_stock_status":"outofstock","restock_status":false,"low_stock_amount":"","sales_update_date":"2026-01-10T15:48:49","calc_backorders":null,"yoast_head":"<!-- This site is optimized with the Yoast SEO plugin v27.3 - https:\/\/yoast.com\/product\/yoast-seo-wordpress\/ -->\n<title>Camiseta Snoopy Mornings 33 Emb. MC2 Saint Barth - Miralles 1986<\/title>\n<meta name=\"description\" content=\"Camiseta azul Snoopy Mornings 33 Emb. de MC2 Saint Barth en algod\u00f3n org\u00e1nico con bordado de Snoopy Chef en el pecho. Edici\u00f3n especial Peanuts\u00ae.\" \/>\n<meta name=\"robots\" content=\"index, follow, max-snippet:-1, max-image-preview:large, max-video-preview:-1\" \/>\n<link rel=\"canonical\" href=\"https:\/\/miralles1986.com\/en\/product\/camiseta-snoopy-mornings-33-emb-mc2-saint-barth\/\" \/>\n<meta property=\"og:locale\" content=\"en_GB\" \/>\n<meta property=\"og:type\" content=\"article\" \/>\n<meta property=\"og:title\" content=\"Camiseta Snoopy Mornings 33 Emb. MC2 Saint Barth - Miralles 1986\" \/>\n<meta property=\"og:description\" content=\"Camiseta azul Snoopy Mornings 33 Emb. de MC2 Saint Barth en algod\u00f3n org\u00e1nico con bordado de Snoopy Chef en el pecho. Edici\u00f3n especial Peanuts\u00ae.\" \/>\n<meta property=\"og:url\" content=\"https:\/\/miralles1986.com\/en\/product\/camiseta-snoopy-mornings-33-emb-mc2-saint-barth\/\" \/>\n<meta property=\"og:site_name\" content=\"Miralles 1986\" \/>\n<meta property=\"article:publisher\" content=\"https:\/\/www.facebook.com\/miralles1986\" \/>\n<meta property=\"article:modified_time\" content=\"2026-01-31T12:22:24+00:00\" \/>\n<meta property=\"og:image\" content=\"https:\/\/miralles1986.com\/wp-content\/uploads\/2025\/05\/camiseta-snoopy-mornings-33-emb-mc2-saint-barth-3.jpg\" \/>\n\t<meta property=\"og:image:width\" content=\"1000\" \/>\n\t<meta property=\"og:image:height\" content=\"1000\" \/>\n\t<meta property=\"og:image:type\" content=\"image\/jpeg\" \/>\n<meta name=\"twitter:card\" content=\"summary_large_image\" \/>\n<meta name=\"twitter:label1\" content=\"Estimated reading time\" \/>\n\t<meta name=\"twitter:data1\" content=\"1 minute\" \/>\n<script type=\"application\/ld+json\" class=\"yoast-schema-graph\">{\"@context\":\"https:\\\/\\\/schema.org\",\"@graph\":[{\"@type\":\"WebPage\",\"@id\":\"https:\\\/\\\/miralles1986.com\\\/producto\\\/camiseta-snoopy-mornings-33-emb-mc2-saint-barth\\\/\",\"url\":\"https:\\\/\\\/miralles1986.com\\\/producto\\\/camiseta-snoopy-mornings-33-emb-mc2-saint-barth\\\/\",\"name\":\"Camiseta Snoopy Mornings 33 Emb. MC2 Saint Barth - Miralles 1986\",\"isPartOf\":{\"@id\":\"https:\\\/\\\/miralles1986.com\\\/#website\"},\"primaryImageOfPage\":{\"@id\":\"https:\\\/\\\/miralles1986.com\\\/producto\\\/camiseta-snoopy-mornings-33-emb-mc2-saint-barth\\\/#primaryimage\"},\"image\":{\"@id\":\"https:\\\/\\\/miralles1986.com\\\/producto\\\/camiseta-snoopy-mornings-33-emb-mc2-saint-barth\\\/#primaryimage\"},\"thumbnailUrl\":\"https:\\\/\\\/miralles1986.com\\\/wp-content\\\/uploads\\\/2025\\\/05\\\/camiseta-snoopy-mornings-33-emb-mc2-saint-barth-3.jpg\",\"datePublished\":\"2025-05-23T19:11:34+00:00\",\"dateModified\":\"2026-01-31T12:22:24+00:00\",\"description\":\"Camiseta azul Snoopy Mornings 33 Emb. de MC2 Saint Barth en algod\u00f3n org\u00e1nico con bordado de Snoopy Chef en el pecho. Edici\u00f3n especial Peanuts\u00ae.\",\"breadcrumb\":{\"@id\":\"https:\\\/\\\/miralles1986.com\\\/producto\\\/camiseta-snoopy-mornings-33-emb-mc2-saint-barth\\\/#breadcrumb\"},\"inLanguage\":\"en-GB\",\"potentialAction\":[{\"@type\":\"ReadAction\",\"target\":[\"https:\\\/\\\/miralles1986.com\\\/producto\\\/camiseta-snoopy-mornings-33-emb-mc2-saint-barth\\\/\"]}]},{\"@type\":\"ImageObject\",\"inLanguage\":\"en-GB\",\"@id\":\"https:\\\/\\\/miralles1986.com\\\/producto\\\/camiseta-snoopy-mornings-33-emb-mc2-saint-barth\\\/#primaryimage\",\"url\":\"https:\\\/\\\/miralles1986.com\\\/wp-content\\\/uploads\\\/2025\\\/05\\\/camiseta-snoopy-mornings-33-emb-mc2-saint-barth-3.jpg\",\"contentUrl\":\"https:\\\/\\\/miralles1986.com\\\/wp-content\\\/uploads\\\/2025\\\/05\\\/camiseta-snoopy-mornings-33-emb-mc2-saint-barth-3.jpg\",\"width\":1000,\"height\":1000},{\"@type\":\"BreadcrumbList\",\"@id\":\"https:\\\/\\\/miralles1986.com\\\/producto\\\/camiseta-snoopy-mornings-33-emb-mc2-saint-barth\\\/#breadcrumb\",\"itemListElement\":[{\"@type\":\"ListItem\",\"position\":1,\"name\":\"Portada\",\"item\":\"https:\\\/\\\/miralles1986.com\\\/\"},{\"@type\":\"ListItem\",\"position\":2,\"name\":\"Tienda de moda de Lujo para hombre en Valencia\",\"item\":\"https:\\\/\\\/miralles1986.com\\\/tienda\\\/\"},{\"@type\":\"ListItem\",\"position\":3,\"name\":\"Camiseta Snoopy Mornings 33 Emb. MC2 Saint Barth\"}]},{\"@type\":\"WebSite\",\"@id\":\"https:\\\/\\\/miralles1986.com\\\/#website\",\"url\":\"https:\\\/\\\/miralles1986.com\\\/\",\"name\":\"Miralles 1986\",\"description\":\"Moda masculina de lujo en Valencia\",\"publisher\":{\"@id\":\"https:\\\/\\\/miralles1986.com\\\/#organization\"},\"potentialAction\":[{\"@type\":\"SearchAction\",\"target\":{\"@type\":\"EntryPoint\",\"urlTemplate\":\"https:\\\/\\\/miralles1986.com\\\/?s={search_term_string}\"},\"query-input\":{\"@type\":\"PropertyValueSpecification\",\"valueRequired\":true,\"valueName\":\"search_term_string\"}}],\"inLanguage\":\"en-GB\"},{\"@type\":\"Organization\",\"@id\":\"https:\\\/\\\/miralles1986.com\\\/#organization\",\"name\":\"Miralles 1986\",\"alternateName\":\"Miralles\",\"url\":\"https:\\\/\\\/miralles1986.com\\\/\",\"logo\":{\"@type\":\"ImageObject\",\"inLanguage\":\"en-GB\",\"@id\":\"https:\\\/\\\/miralles1986.com\\\/#\\\/schema\\\/logo\\\/image\\\/\",\"url\":\"https:\\\/\\\/miralles1986.com\\\/wp-content\\\/uploads\\\/2024\\\/09\\\/logo-miralles-1986-pequeno-bl.png\",\"contentUrl\":\"https:\\\/\\\/miralles1986.com\\\/wp-content\\\/uploads\\\/2024\\\/09\\\/logo-miralles-1986-pequeno-bl.png\",\"width\":201,\"height\":73,\"caption\":\"Miralles 1986\"},\"image\":{\"@id\":\"https:\\\/\\\/miralles1986.com\\\/#\\\/schema\\\/logo\\\/image\\\/\"},\"sameAs\":[\"https:\\\/\\\/www.facebook.com\\\/miralles1986\",\"https:\\\/\\\/www.instagram.com\\\/miralles1986_\\\/\"]}]}<\/script>\n<!-- \/ Yoast SEO plugin. -->","yoast_head_json":{"title":"Snoopy Mornings 33 Pack T-shirt MC2 Saint Barth - Miralles 1986","description":"Snoopy Mornings 33 Emb. blue T-shirt by MC2 Saint Barth in organic cotton with Snoopy Chef embroidery on the chest. Peanuts\u00ae special edition.","robots":{"index":"index","follow":"follow","max-snippet":"max-snippet:-1","max-image-preview":"max-image-preview:large","max-video-preview":"max-video-preview:-1"},"canonical":"https:\/\/miralles1986.com\/en\/product\/camiseta-snoopy-mornings-33-emb-mc2-saint-barth\/","og_locale":"en_GB","og_type":"article","og_title":"Camiseta Snoopy Mornings 33 Emb. MC2 Saint Barth - Miralles 1986","og_description":"Camiseta azul Snoopy Mornings 33 Emb. de MC2 Saint Barth en algod\u00f3n org\u00e1nico con bordado de Snoopy Chef en el pecho. Edici\u00f3n especial Peanuts\u00ae.","og_url":"https:\/\/miralles1986.com\/en\/product\/camiseta-snoopy-mornings-33-emb-mc2-saint-barth\/","og_site_name":"Miralles 1986","article_publisher":"https:\/\/www.facebook.com\/miralles1986","article_modified_time":"2026-01-31T12:22:24+00:00","og_image":[{"width":1000,"height":1000,"url":"https:\/\/miralles1986.com\/wp-content\/uploads\/2025\/05\/camiseta-snoopy-mornings-33-emb-mc2-saint-barth-3.jpg","type":"image\/jpeg"}],"twitter_card":"summary_large_image","twitter_misc":{"Estimated reading time":"1 minute"},"schema":{"@context":"https:\/\/schema.org","@graph":[{"@type":"WebPage","@id":"https:\/\/miralles1986.com\/producto\/camiseta-snoopy-mornings-33-emb-mc2-saint-barth\/","url":"https:\/\/miralles1986.com\/producto\/camiseta-snoopy-mornings-33-emb-mc2-saint-barth\/","name":"Snoopy Mornings 33 Pack T-shirt MC2 Saint Barth - Miralles 1986","isPartOf":{"@id":"https:\/\/miralles1986.com\/#website"},"primaryImageOfPage":{"@id":"https:\/\/miralles1986.com\/producto\/camiseta-snoopy-mornings-33-emb-mc2-saint-barth\/#primaryimage"},"image":{"@id":"https:\/\/miralles1986.com\/producto\/camiseta-snoopy-mornings-33-emb-mc2-saint-barth\/#primaryimage"},"thumbnailUrl":"https:\/\/miralles1986.com\/wp-content\/uploads\/2025\/05\/camiseta-snoopy-mornings-33-emb-mc2-saint-barth-3.jpg","datePublished":"2025-05-23T19:11:34+00:00","dateModified":"2026-01-31T12:22:24+00:00","description":"Snoopy Mornings 33 Emb. blue T-shirt by MC2 Saint Barth in organic cotton with Snoopy Chef embroidery on the chest. Peanuts\u00ae special edition.","breadcrumb":{"@id":"https:\/\/miralles1986.com\/producto\/camiseta-snoopy-mornings-33-emb-mc2-saint-barth\/#breadcrumb"},"inLanguage":"en-GB","potentialAction":[{"@type":"ReadAction","target":["https:\/\/miralles1986.com\/producto\/camiseta-snoopy-mornings-33-emb-mc2-saint-barth\/"]}]},{"@type":"ImageObject","inLanguage":"en-GB","@id":"https:\/\/miralles1986.com\/producto\/camiseta-snoopy-mornings-33-emb-mc2-saint-barth\/#primaryimage","url":"https:\/\/miralles1986.com\/wp-content\/uploads\/2025\/05\/camiseta-snoopy-mornings-33-emb-mc2-saint-barth-3.jpg","contentUrl":"https:\/\/miralles1986.com\/wp-content\/uploads\/2025\/05\/camiseta-snoopy-mornings-33-emb-mc2-saint-barth-3.jpg","width":1000,"height":1000},{"@type":"BreadcrumbList","@id":"https:\/\/miralles1986.com\/producto\/camiseta-snoopy-mornings-33-emb-mc2-saint-barth\/#breadcrumb","itemListElement":[{"@type":"ListItem","position":1,"name":"Portada","item":"https:\/\/miralles1986.com\/"},{"@type":"ListItem","position":2,"name":"Tienda de moda de Lujo para hombre en Valencia","item":"https:\/\/miralles1986.com\/tienda\/"},{"@type":"ListItem","position":3,"name":"Camiseta Snoopy Mornings 33 Emb. MC2 Saint Barth"}]},{"@type":"WebSite","@id":"https:\/\/miralles1986.com\/#website","url":"https:\/\/miralles1986.com\/","name":"Miralles 1986","description":"Luxury men&#039;s fashion in Valencia","publisher":{"@id":"https:\/\/miralles1986.com\/#organization"},"potentialAction":[{"@type":"SearchAction","target":{"@type":"EntryPoint","urlTemplate":"https:\/\/miralles1986.com\/?s={search_term_string}"},"query-input":{"@type":"PropertyValueSpecification","valueRequired":true,"valueName":"search_term_string"}}],"inLanguage":"en-GB"},{"@type":"Organization","@id":"https:\/\/miralles1986.com\/#organization","name":"Miralles 1986","alternateName":"Miralles","url":"https:\/\/miralles1986.com\/","logo":{"@type":"ImageObject","inLanguage":"en-GB","@id":"https:\/\/miralles1986.com\/#\/schema\/logo\/image\/","url":"https:\/\/miralles1986.com\/wp-content\/uploads\/2024\/09\/logo-miralles-1986-pequeno-bl.png","contentUrl":"https:\/\/miralles1986.com\/wp-content\/uploads\/2024\/09\/logo-miralles-1986-pequeno-bl.png","width":201,"height":73,"caption":"Miralles 1986"},"image":{"@id":"https:\/\/miralles1986.com\/#\/schema\/logo\/image\/"},"sameAs":["https:\/\/www.facebook.com\/miralles1986","https:\/\/www.instagram.com\/miralles1986_\/"]}]}},"brands":[{"id":779,"name":"MC2 Saint Barth","slug":"mc2-saint-barth"}],"_links":{"self":[{"href":"https:\/\/miralles1986.com\/en\/wp-json\/wp\/v2\/product\/10788","targetHints":{"allow":["GET"]}}],"collection":[{"href":"https:\/\/miralles1986.com\/en\/wp-json\/wp\/v2\/product"}],"about":[{"href":"https:\/\/miralles1986.com\/en\/wp-json\/wp\/v2\/types\/product"}],"replies":[{"embeddable":true,"href":"https:\/\/miralles1986.com\/en\/wp-json\/wp\/v2\/comments?post=10788"}],"wp:featuredmedia":[{"embeddable":true,"href":"https:\/\/miralles1986.com\/en\/wp-json\/wp\/v2\/media\/10795"}],"wp:attachment":[{"href":"https:\/\/miralles1986.com\/en\/wp-json\/wp\/v2\/media?parent=10788"}],"wp:term":[{"taxonomy":"pwb-brand","embeddable":true,"href":"https:\/\/miralles1986.com\/en\/wp-json\/wp\/v2\/pwb-brand?post=10788"},{"taxonomy":"product_brand","embeddable":true,"href":"https:\/\/miralles1986.com\/en\/wp-json\/wp\/v2\/product_brand?post=10788"},{"taxonomy":"product_cat","embeddable":true,"href":"https:\/\/miralles1986.com\/en\/wp-json\/wp\/v2\/product_cat?post=10788"},{"taxonomy":"product_tag","embeddable":true,"href":"https:\/\/miralles1986.com\/en\/wp-json\/wp\/v2\/product_tag?post=10788"}],"curies":[{"name":"wp","href":"https:\/\/api.w.org\/{rel}","templated":true}]}}