{"id":10927,"date":"2025-05-29T19:57:24","date_gmt":"2025-05-29T17:57:24","guid":{"rendered":"https:\/\/miralles1986.com\/?post_type=product&#038;p=10927"},"modified":"2026-01-31T13:22:23","modified_gmt":"2026-01-31T12:22:23","slug":"banador-lighting-micro-fantasy-mc2-saint-barth","status":"publish","type":"product","link":"https:\/\/miralles1986.com\/en\/product\/banador-lighting-micro-fantasy-mc2-saint-barth\/","title":{"rendered":"Lighting Micro Fantasy DS 31 MC2 Saint Barth Swimsuit"},"content":{"rendered":"<p>He <strong><a href=\"https:\/\/miralles1986.com\/en\/product-category\/accesorios\/banadores\/\">swimsuit<\/a> <a href=\"https:\/\/miralles1986.com\/en\/marca\/mc2-saint-barth\/\">MC2 Saint Barth<\/a><\/strong> LIG0003 02708H \u2013 The Lighting Micro Fantasy Double Spritz 31 is a garment that combines style and functionality. Made from ultra-lightweight, quick-drying fabric, it offers all-day comfort.<\/p>\n<p>Its design features a vibrant Spritz cocktail print, adding a distinctive and modern touch. The elastic waistband with adjustable drawstring ensures a comfortable and secure fit. It also has side pockets with French seams and a back pocket with a magnetic closure, providing practicality without sacrificing style.<\/p>\n<p>This swimsuit is ideal for those looking for a garment with personality and comfort to enjoy the sun and water.<\/p>\n<p data-start=\"214\" data-end=\"245\"><strong data-start=\"214\" data-end=\"245\">Key features:<\/strong><\/p>\n<ul data-start=\"246\" data-end=\"514\">\n<li data-start=\"246\" data-end=\"285\">\n<p data-start=\"248\" data-end=\"285\">Ultra-lightweight, quick-drying fabric<\/p>\n<\/li>\n<li data-start=\"286\" data-end=\"348\">\n<p data-start=\"288\" data-end=\"348\">Fantasy print of Spritz cocktails in vibrant colors<\/p>\n<\/li>\n<li data-start=\"349\" data-end=\"390\">\n<p data-start=\"351\" data-end=\"390\">Elastic waistband with adjustable drawstring<\/p>\n<\/li>\n<li data-start=\"391\" data-end=\"435\">\n<p data-start=\"393\" data-end=\"435\">Side pockets with French seams<\/p>\n<\/li>\n<li data-start=\"436\" data-end=\"477\">\n<p data-start=\"438\" data-end=\"477\">Back pocket with magnetic closure<\/p>\n<\/li>\n<li data-start=\"478\" data-end=\"514\">\n<p data-start=\"480\" data-end=\"514\">Comfortable fit and functional design<\/p>\n<\/li>\n<\/ul>\n<p data-start=\"516\" data-end=\"796\">The swimsuit <strong data-start=\"527\" data-end=\"603\">MC2 Saint Barth Lighting Micro Fantasy Double Spritz 31 is available in the catalogue of <a href=\"https:\/\/miralles1986.com\/en\/\">Miralles 1986<\/a><br data-start=\"1349\" data-end=\"1352\" \/><\/strong><\/p>","protected":false},"excerpt":{"rendered":"<p><strong><a href=\"https:\/\/miralles1986.com\/en\/product-category\/accesorios\/banadores\/\">Swimsuit<\/a> <\/strong>of man <strong><a href=\"https:\/\/miralles1986.com\/en\/marca\/mc2-saint-barth\/\">MC2 Saint Barth<\/a><\/strong> The Lighting Micro Fantasy Double Spritz 31 model, a mid-rise style, features a vibrant Spritz cocktail print. A modern, comfortable design, perfect for summer.<\/p>","protected":false},"featured_media":10955,"comment_status":"closed","ping_status":"closed","template":"","meta":[],"pwb-brand":[779],"product_brand":[819],"product_cat":[215,538],"product_tag":[781,780,755,756],"class_list":{"0":"post-10927","1":"product","2":"type-product","3":"status-publish","4":"has-post-thumbnail","6":"pwb-brand-mc2-saint-barth","7":"product_brand-tienda-eleven","8":"product_cat-accesorios","9":"product_cat-banadores","10":"product_tag-banadores","11":"product_tag-banadores-hombre","12":"product_tag-moda-hombre","13":"product_tag-primavera-verano-2025","14":"pa_color-multicolor","15":"pa_composicion-algodon","16":"pa_tamano-l","17":"pa_tamano-m","18":"pa_tamano-s","19":"pa_tamano-xl","20":"pa_tamano-xs","21":"pa_tamano-xxl","23":"first","24":"outofstock","25":"featured","26":"sold-individually","27":"taxable","28":"shipping-taxable","29":"purchasable","30":"product-type-variable"},"supplier_id":null,"supplier_sku":"","barcode":null,"atum_controlled":true,"out_stock_date":null,"out_stock_threshold":null,"inheritable":true,"inbound_stock":0,"stock_on_hold":0,"sold_today":0,"sales_last_days":0,"reserved_stock":0,"customer_returns":null,"warehouse_damage":null,"lost_in_post":null,"other_logs":null,"out_stock_days":0,"lost_sales":0,"has_location":false,"update_date":"2026-03-13T10:37:09","atum_locations":[],"atum_stock_status":"outofstock","restock_status":false,"low_stock_amount":"","sales_update_date":"2026-03-13T10:37:09","calc_backorders":null,"yoast_head":"<!-- This site is optimized with the Yoast SEO plugin v27.3 - https:\/\/yoast.com\/product\/yoast-seo-wordpress\/ -->\n<title>Ba\u00f1ador Lighting Micro Fantasy DS 31 MC2 Saint Barth - Miralles 1986<\/title>\n<meta name=\"description\" content=\"Ba\u00f1ador de hombre MC2 Saint Barth modelo Lighting Micro Fantasy Double Spritz 31, de corte medio, con estampado de c\u00f3cteles Spritz en tonos vibrantes.\" \/>\n<meta name=\"robots\" content=\"index, follow, max-snippet:-1, max-image-preview:large, max-video-preview:-1\" \/>\n<link rel=\"canonical\" href=\"https:\/\/miralles1986.com\/en\/product\/banador-lighting-micro-fantasy-mc2-saint-barth\/\" \/>\n<meta property=\"og:locale\" content=\"en_GB\" \/>\n<meta property=\"og:type\" content=\"article\" \/>\n<meta property=\"og:title\" content=\"Ba\u00f1ador Lighting Micro Fantasy DS 31 MC2 Saint Barth - Miralles 1986\" \/>\n<meta property=\"og:description\" content=\"Ba\u00f1ador de hombre MC2 Saint Barth modelo Lighting Micro Fantasy Double Spritz 31, de corte medio, con estampado de c\u00f3cteles Spritz en tonos vibrantes.\" \/>\n<meta property=\"og:url\" content=\"https:\/\/miralles1986.com\/en\/product\/banador-lighting-micro-fantasy-mc2-saint-barth\/\" \/>\n<meta property=\"og:site_name\" content=\"Miralles 1986\" \/>\n<meta property=\"article:publisher\" content=\"https:\/\/www.facebook.com\/miralles1986\" \/>\n<meta property=\"article:modified_time\" content=\"2026-01-31T12:22:23+00:00\" \/>\n<meta property=\"og:image\" content=\"https:\/\/miralles1986.com\/wp-content\/uploads\/2025\/05\/banador-02708h-lighting-micro-fantasy-double-spritz-31-mc2-saint-barth-1.jpg\" \/>\n\t<meta property=\"og:image:width\" content=\"1000\" \/>\n\t<meta property=\"og:image:height\" content=\"1000\" \/>\n\t<meta property=\"og:image:type\" content=\"image\/jpeg\" \/>\n<meta name=\"twitter:card\" content=\"summary_large_image\" \/>\n<meta name=\"twitter:label1\" content=\"Estimated reading time\" \/>\n\t<meta name=\"twitter:data1\" content=\"1 minute\" \/>\n<script type=\"application\/ld+json\" class=\"yoast-schema-graph\">{\"@context\":\"https:\\\/\\\/schema.org\",\"@graph\":[{\"@type\":\"WebPage\",\"@id\":\"https:\\\/\\\/miralles1986.com\\\/producto\\\/banador-lighting-micro-fantasy-mc2-saint-barth\\\/\",\"url\":\"https:\\\/\\\/miralles1986.com\\\/producto\\\/banador-lighting-micro-fantasy-mc2-saint-barth\\\/\",\"name\":\"Ba\u00f1ador Lighting Micro Fantasy DS 31 MC2 Saint Barth - Miralles 1986\",\"isPartOf\":{\"@id\":\"https:\\\/\\\/miralles1986.com\\\/#website\"},\"primaryImageOfPage\":{\"@id\":\"https:\\\/\\\/miralles1986.com\\\/producto\\\/banador-lighting-micro-fantasy-mc2-saint-barth\\\/#primaryimage\"},\"image\":{\"@id\":\"https:\\\/\\\/miralles1986.com\\\/producto\\\/banador-lighting-micro-fantasy-mc2-saint-barth\\\/#primaryimage\"},\"thumbnailUrl\":\"https:\\\/\\\/miralles1986.com\\\/wp-content\\\/uploads\\\/2025\\\/05\\\/banador-02708h-lighting-micro-fantasy-double-spritz-31-mc2-saint-barth-1.jpg\",\"datePublished\":\"2025-05-29T17:57:24+00:00\",\"dateModified\":\"2026-01-31T12:22:23+00:00\",\"description\":\"Ba\u00f1ador de hombre MC2 Saint Barth modelo Lighting Micro Fantasy Double Spritz 31, de corte medio, con estampado de c\u00f3cteles Spritz en tonos vibrantes.\",\"breadcrumb\":{\"@id\":\"https:\\\/\\\/miralles1986.com\\\/producto\\\/banador-lighting-micro-fantasy-mc2-saint-barth\\\/#breadcrumb\"},\"inLanguage\":\"en-GB\",\"potentialAction\":[{\"@type\":\"ReadAction\",\"target\":[\"https:\\\/\\\/miralles1986.com\\\/producto\\\/banador-lighting-micro-fantasy-mc2-saint-barth\\\/\"]}]},{\"@type\":\"ImageObject\",\"inLanguage\":\"en-GB\",\"@id\":\"https:\\\/\\\/miralles1986.com\\\/producto\\\/banador-lighting-micro-fantasy-mc2-saint-barth\\\/#primaryimage\",\"url\":\"https:\\\/\\\/miralles1986.com\\\/wp-content\\\/uploads\\\/2025\\\/05\\\/banador-02708h-lighting-micro-fantasy-double-spritz-31-mc2-saint-barth-1.jpg\",\"contentUrl\":\"https:\\\/\\\/miralles1986.com\\\/wp-content\\\/uploads\\\/2025\\\/05\\\/banador-02708h-lighting-micro-fantasy-double-spritz-31-mc2-saint-barth-1.jpg\",\"width\":1000,\"height\":1000,\"caption\":\"Ba\u00f1ador Lighting Micro Fantasy Double Spritz 31 Mc2 Saint Barth\"},{\"@type\":\"BreadcrumbList\",\"@id\":\"https:\\\/\\\/miralles1986.com\\\/producto\\\/banador-lighting-micro-fantasy-mc2-saint-barth\\\/#breadcrumb\",\"itemListElement\":[{\"@type\":\"ListItem\",\"position\":1,\"name\":\"Portada\",\"item\":\"https:\\\/\\\/miralles1986.com\\\/\"},{\"@type\":\"ListItem\",\"position\":2,\"name\":\"Tienda de moda de Lujo para hombre en Valencia\",\"item\":\"https:\\\/\\\/miralles1986.com\\\/tienda\\\/\"},{\"@type\":\"ListItem\",\"position\":3,\"name\":\"Ba\u00f1ador Lighting Micro Fantasy DS 31 MC2 Saint Barth\"}]},{\"@type\":\"WebSite\",\"@id\":\"https:\\\/\\\/miralles1986.com\\\/#website\",\"url\":\"https:\\\/\\\/miralles1986.com\\\/\",\"name\":\"Miralles 1986\",\"description\":\"Moda masculina de lujo en Valencia\",\"publisher\":{\"@id\":\"https:\\\/\\\/miralles1986.com\\\/#organization\"},\"potentialAction\":[{\"@type\":\"SearchAction\",\"target\":{\"@type\":\"EntryPoint\",\"urlTemplate\":\"https:\\\/\\\/miralles1986.com\\\/?s={search_term_string}\"},\"query-input\":{\"@type\":\"PropertyValueSpecification\",\"valueRequired\":true,\"valueName\":\"search_term_string\"}}],\"inLanguage\":\"en-GB\"},{\"@type\":\"Organization\",\"@id\":\"https:\\\/\\\/miralles1986.com\\\/#organization\",\"name\":\"Miralles 1986\",\"alternateName\":\"Miralles\",\"url\":\"https:\\\/\\\/miralles1986.com\\\/\",\"logo\":{\"@type\":\"ImageObject\",\"inLanguage\":\"en-GB\",\"@id\":\"https:\\\/\\\/miralles1986.com\\\/#\\\/schema\\\/logo\\\/image\\\/\",\"url\":\"https:\\\/\\\/miralles1986.com\\\/wp-content\\\/uploads\\\/2024\\\/09\\\/logo-miralles-1986-pequeno-bl.png\",\"contentUrl\":\"https:\\\/\\\/miralles1986.com\\\/wp-content\\\/uploads\\\/2024\\\/09\\\/logo-miralles-1986-pequeno-bl.png\",\"width\":201,\"height\":73,\"caption\":\"Miralles 1986\"},\"image\":{\"@id\":\"https:\\\/\\\/miralles1986.com\\\/#\\\/schema\\\/logo\\\/image\\\/\"},\"sameAs\":[\"https:\\\/\\\/www.facebook.com\\\/miralles1986\",\"https:\\\/\\\/www.instagram.com\\\/miralles1986_\\\/\"]}]}<\/script>\n<!-- \/ Yoast SEO plugin. -->","yoast_head_json":{"title":"Lighting Micro Fantasy DS 31 MC2 Saint Barth - Miralles Swimsuit 1986","description":"MC2 Saint Barth men&#039;s swimsuit, Lighting Micro Fantasy Double Spritz 31 model, medium cut, with Spritz cocktail print in vibrant tones.","robots":{"index":"index","follow":"follow","max-snippet":"max-snippet:-1","max-image-preview":"max-image-preview:large","max-video-preview":"max-video-preview:-1"},"canonical":"https:\/\/miralles1986.com\/en\/product\/banador-lighting-micro-fantasy-mc2-saint-barth\/","og_locale":"en_GB","og_type":"article","og_title":"Ba\u00f1ador Lighting Micro Fantasy DS 31 MC2 Saint Barth - Miralles 1986","og_description":"Ba\u00f1ador de hombre MC2 Saint Barth modelo Lighting Micro Fantasy Double Spritz 31, de corte medio, con estampado de c\u00f3cteles Spritz en tonos vibrantes.","og_url":"https:\/\/miralles1986.com\/en\/product\/banador-lighting-micro-fantasy-mc2-saint-barth\/","og_site_name":"Miralles 1986","article_publisher":"https:\/\/www.facebook.com\/miralles1986","article_modified_time":"2026-01-31T12:22:23+00:00","og_image":[{"width":1000,"height":1000,"url":"https:\/\/miralles1986.com\/wp-content\/uploads\/2025\/05\/banador-02708h-lighting-micro-fantasy-double-spritz-31-mc2-saint-barth-1.jpg","type":"image\/jpeg"}],"twitter_card":"summary_large_image","twitter_misc":{"Estimated reading time":"1 minute"},"schema":{"@context":"https:\/\/schema.org","@graph":[{"@type":"WebPage","@id":"https:\/\/miralles1986.com\/producto\/banador-lighting-micro-fantasy-mc2-saint-barth\/","url":"https:\/\/miralles1986.com\/producto\/banador-lighting-micro-fantasy-mc2-saint-barth\/","name":"Lighting Micro Fantasy DS 31 MC2 Saint Barth - Miralles Swimsuit 1986","isPartOf":{"@id":"https:\/\/miralles1986.com\/#website"},"primaryImageOfPage":{"@id":"https:\/\/miralles1986.com\/producto\/banador-lighting-micro-fantasy-mc2-saint-barth\/#primaryimage"},"image":{"@id":"https:\/\/miralles1986.com\/producto\/banador-lighting-micro-fantasy-mc2-saint-barth\/#primaryimage"},"thumbnailUrl":"https:\/\/miralles1986.com\/wp-content\/uploads\/2025\/05\/banador-02708h-lighting-micro-fantasy-double-spritz-31-mc2-saint-barth-1.jpg","datePublished":"2025-05-29T17:57:24+00:00","dateModified":"2026-01-31T12:22:23+00:00","description":"MC2 Saint Barth men&#039;s swimsuit, Lighting Micro Fantasy Double Spritz 31 model, medium cut, with Spritz cocktail print in vibrant tones.","breadcrumb":{"@id":"https:\/\/miralles1986.com\/producto\/banador-lighting-micro-fantasy-mc2-saint-barth\/#breadcrumb"},"inLanguage":"en-GB","potentialAction":[{"@type":"ReadAction","target":["https:\/\/miralles1986.com\/producto\/banador-lighting-micro-fantasy-mc2-saint-barth\/"]}]},{"@type":"ImageObject","inLanguage":"en-GB","@id":"https:\/\/miralles1986.com\/producto\/banador-lighting-micro-fantasy-mc2-saint-barth\/#primaryimage","url":"https:\/\/miralles1986.com\/wp-content\/uploads\/2025\/05\/banador-02708h-lighting-micro-fantasy-double-spritz-31-mc2-saint-barth-1.jpg","contentUrl":"https:\/\/miralles1986.com\/wp-content\/uploads\/2025\/05\/banador-02708h-lighting-micro-fantasy-double-spritz-31-mc2-saint-barth-1.jpg","width":1000,"height":1000,"caption":"Ba\u00f1ador Lighting Micro Fantasy Double Spritz 31 Mc2 Saint Barth"},{"@type":"BreadcrumbList","@id":"https:\/\/miralles1986.com\/producto\/banador-lighting-micro-fantasy-mc2-saint-barth\/#breadcrumb","itemListElement":[{"@type":"ListItem","position":1,"name":"Portada","item":"https:\/\/miralles1986.com\/"},{"@type":"ListItem","position":2,"name":"Tienda de moda de Lujo para hombre en Valencia","item":"https:\/\/miralles1986.com\/tienda\/"},{"@type":"ListItem","position":3,"name":"Ba\u00f1ador Lighting Micro Fantasy DS 31 MC2 Saint Barth"}]},{"@type":"WebSite","@id":"https:\/\/miralles1986.com\/#website","url":"https:\/\/miralles1986.com\/","name":"Miralles 1986","description":"Luxury men&#039;s fashion in Valencia","publisher":{"@id":"https:\/\/miralles1986.com\/#organization"},"potentialAction":[{"@type":"SearchAction","target":{"@type":"EntryPoint","urlTemplate":"https:\/\/miralles1986.com\/?s={search_term_string}"},"query-input":{"@type":"PropertyValueSpecification","valueRequired":true,"valueName":"search_term_string"}}],"inLanguage":"en-GB"},{"@type":"Organization","@id":"https:\/\/miralles1986.com\/#organization","name":"Miralles 1986","alternateName":"Miralles","url":"https:\/\/miralles1986.com\/","logo":{"@type":"ImageObject","inLanguage":"en-GB","@id":"https:\/\/miralles1986.com\/#\/schema\/logo\/image\/","url":"https:\/\/miralles1986.com\/wp-content\/uploads\/2024\/09\/logo-miralles-1986-pequeno-bl.png","contentUrl":"https:\/\/miralles1986.com\/wp-content\/uploads\/2024\/09\/logo-miralles-1986-pequeno-bl.png","width":201,"height":73,"caption":"Miralles 1986"},"image":{"@id":"https:\/\/miralles1986.com\/#\/schema\/logo\/image\/"},"sameAs":["https:\/\/www.facebook.com\/miralles1986","https:\/\/www.instagram.com\/miralles1986_\/"]}]}},"brands":[{"id":779,"name":"MC2 Saint Barth","slug":"mc2-saint-barth"}],"_links":{"self":[{"href":"https:\/\/miralles1986.com\/en\/wp-json\/wp\/v2\/product\/10927","targetHints":{"allow":["GET"]}}],"collection":[{"href":"https:\/\/miralles1986.com\/en\/wp-json\/wp\/v2\/product"}],"about":[{"href":"https:\/\/miralles1986.com\/en\/wp-json\/wp\/v2\/types\/product"}],"replies":[{"embeddable":true,"href":"https:\/\/miralles1986.com\/en\/wp-json\/wp\/v2\/comments?post=10927"}],"wp:featuredmedia":[{"embeddable":true,"href":"https:\/\/miralles1986.com\/en\/wp-json\/wp\/v2\/media\/10955"}],"wp:attachment":[{"href":"https:\/\/miralles1986.com\/en\/wp-json\/wp\/v2\/media?parent=10927"}],"wp:term":[{"taxonomy":"pwb-brand","embeddable":true,"href":"https:\/\/miralles1986.com\/en\/wp-json\/wp\/v2\/pwb-brand?post=10927"},{"taxonomy":"product_brand","embeddable":true,"href":"https:\/\/miralles1986.com\/en\/wp-json\/wp\/v2\/product_brand?post=10927"},{"taxonomy":"product_cat","embeddable":true,"href":"https:\/\/miralles1986.com\/en\/wp-json\/wp\/v2\/product_cat?post=10927"},{"taxonomy":"product_tag","embeddable":true,"href":"https:\/\/miralles1986.com\/en\/wp-json\/wp\/v2\/product_tag?post=10927"}],"curies":[{"name":"wp","href":"https:\/\/api.w.org\/{rel}","templated":true}]}}