{"id":11066,"date":"2025-06-13T16:43:20","date_gmt":"2025-06-13T14:43:20","guid":{"rendered":"https:\/\/miralles1986.com\/?post_type=product&#038;p=11066"},"modified":"2026-01-31T13:24:42","modified_gmt":"2026-01-31T12:24:42","slug":"banador-patmos-seersucker-stripes-mc2-saint-barth","status":"publish","type":"product","link":"https:\/\/miralles1986.com\/en\/product\/banador-patmos-seersucker-stripes-mc2-saint-barth\/","title":{"rendered":"Patmos Seersucker Stripes MC2 Saint Barth Swimsuit"},"content":{"rendered":"<p>He <strong><a href=\"https:\/\/miralles1986.com\/en\/product-category\/accesorios\/banadores\/\">swimsuit<\/a> <\/strong>\u00abPatmos Seersucker Stripes\u00bb by <strong><a href=\"https:\/\/miralles1986.com\/en\/marca\/mc2-saint-barth\/\">MC2 Saint Barth<\/a><\/strong> It combines elegance and freshness in a garment perfect for summer days. Made from seersucker fabric, known for its lightweight and naturally crinkled texture, this swimsuit offers excellent breathability and comfort.<\/p>\n<p>Its vertical striped design adds a classic and timeless touch, while the Patmos-style cut ensures a more refined and contemporary fit. It features an elasticated waistband with an adjustable drawstring, side pockets, a back pocket with a Velcro closure, and a soft mesh lining.<\/p>\n<p>Ideal for both the beach and a stylish nautical look, this swimsuit is a testament to the Mediterranean style and premium quality that characterize MC2 Saint Barth.<\/p>\n<p><strong>Characteristics:<\/strong><\/p>\n<ul>\n<li data-start=\"299\" data-end=\"372\">\n<p data-start=\"301\" data-end=\"372\">Lightweight, breathable seersucker fabric with a natural crinkle texture<\/p>\n<\/li>\n<li data-start=\"373\" data-end=\"437\">\n<p data-start=\"375\" data-end=\"437\">Vertical stripe design for a classic and elegant style<\/p>\n<\/li>\n<li data-start=\"438\" data-end=\"487\">\n<p data-start=\"440\" data-end=\"487\">Patmos Cut: Refined and contemporary fit<\/p>\n<\/li>\n<li data-start=\"488\" data-end=\"529\">\n<p data-start=\"490\" data-end=\"529\">Elastic waistband with adjustable drawstring<\/p>\n<\/li>\n<li data-start=\"530\" data-end=\"593\">\n<p data-start=\"532\" data-end=\"593\">Side pockets + back pocket with Velcro closure<\/p>\n<\/li>\n<li data-start=\"594\" data-end=\"648\">\n<p data-start=\"596\" data-end=\"648\">Soft mesh inner lining for added comfort<\/p>\n<\/li>\n<\/ul>\n<p><strong data-start=\"1407\" data-end=\"1453\">He <a href=\"https:\/\/miralles1986.com\/en\/product-category\/accesorios\/banadores\/\">swimsuit<\/a> \u00abPatmos Seersucker Stripes\u00bb by <a href=\"https:\/\/miralles1986.com\/en\/marca\/mc2-saint-barth\/\">MC2 Saint Barth<\/a>\u00a0 It is available in the Miralles 1986 catalogue<\/strong><br data-start=\"1453\" data-end=\"1456\" \/>\ud83d\udc49 <a class=\"\" href=\"https:\/\/miralles1986.com\/en\/\" target=\"_new\" rel=\"noopener\" data-start=\"1459\" data-end=\"1511\">https:\/\/miralles1986.com<\/a><\/p>","protected":false},"excerpt":{"rendered":"<p><strong><a href=\"https:\/\/miralles1986.com\/en\/product-category\/accesorios\/banadores\/\">Swimsuit<\/a> <a href=\"https:\/\/miralles1986.com\/en\/marca\/mc2-saint-barth\/\">MC2 Saint Barth<\/a><\/strong> Patmos model with seersucker fabric and striped design. Sophisticated style with a classic and summery touch.<\/p>","protected":false},"featured_media":11078,"comment_status":"closed","ping_status":"closed","template":"","meta":[],"pwb-brand":[779],"product_brand":[819],"product_cat":[215,538],"product_tag":[781,780,755,756],"class_list":{"0":"post-11066","1":"product","2":"type-product","3":"status-publish","4":"has-post-thumbnail","6":"pwb-brand-mc2-saint-barth","7":"product_brand-tienda-eleven","8":"product_cat-accesorios","9":"product_cat-banadores","10":"product_tag-banadores","11":"product_tag-banadores-hombre","12":"product_tag-moda-hombre","13":"product_tag-primavera-verano-2025","14":"pa_color-azul","15":"pa_composicion-algodon","16":"pa_tamano-l","17":"pa_tamano-m","18":"pa_tamano-s","19":"pa_tamano-xl","20":"pa_tamano-xxl","22":"first","23":"outofstock","24":"featured","25":"sold-individually","26":"taxable","27":"shipping-taxable","28":"purchasable","29":"product-type-variable"},"supplier_id":null,"supplier_sku":"","barcode":null,"atum_controlled":true,"out_stock_date":null,"out_stock_threshold":null,"inheritable":true,"inbound_stock":0,"stock_on_hold":0,"sold_today":0,"sales_last_days":0,"reserved_stock":0,"customer_returns":null,"warehouse_damage":null,"lost_in_post":null,"other_logs":null,"out_stock_days":0,"lost_sales":0,"has_location":false,"update_date":"2026-03-13T10:37:08","atum_locations":[],"atum_stock_status":"outofstock","restock_status":false,"low_stock_amount":"","sales_update_date":"2026-03-13T10:37:08","calc_backorders":null,"yoast_head":"<!-- This site is optimized with the Yoast SEO plugin v27.3 - https:\/\/yoast.com\/product\/yoast-seo-wordpress\/ -->\n<title>Ba\u00f1ador Patmos Seersucker Stripes MC2 Saint Barth - Miralles 1986<\/title>\n<meta name=\"description\" content=\"Ba\u00f1ador MC2 Saint Barth modelo Patmos Seersucker Stripes con tejido seersucker y dise\u00f1o de rayas. Estilo sofisticado con un toque cl\u00e1sico y veraniego.\" \/>\n<meta name=\"robots\" content=\"index, follow, max-snippet:-1, max-image-preview:large, max-video-preview:-1\" \/>\n<link rel=\"canonical\" href=\"https:\/\/miralles1986.com\/en\/product\/banador-patmos-seersucker-stripes-mc2-saint-barth\/\" \/>\n<meta property=\"og:locale\" content=\"en_GB\" \/>\n<meta property=\"og:type\" content=\"article\" \/>\n<meta property=\"og:title\" content=\"Ba\u00f1ador Patmos Seersucker Stripes MC2 Saint Barth - Miralles 1986\" \/>\n<meta property=\"og:description\" content=\"Ba\u00f1ador MC2 Saint Barth modelo Patmos Seersucker Stripes con tejido seersucker y dise\u00f1o de rayas. Estilo sofisticado con un toque cl\u00e1sico y veraniego.\" \/>\n<meta property=\"og:url\" content=\"https:\/\/miralles1986.com\/en\/product\/banador-patmos-seersucker-stripes-mc2-saint-barth\/\" \/>\n<meta property=\"og:site_name\" content=\"Miralles 1986\" \/>\n<meta property=\"article:publisher\" content=\"https:\/\/www.facebook.com\/miralles1986\" \/>\n<meta property=\"article:modified_time\" content=\"2026-01-31T12:24:42+00:00\" \/>\n<meta property=\"og:image\" content=\"https:\/\/miralles1986.com\/wp-content\/uploads\/2025\/05\/banador-01058h-patmos-seersucker-stripes-31-emb-mc2-saint-barth.jpg\" \/>\n\t<meta property=\"og:image:width\" content=\"1000\" \/>\n\t<meta property=\"og:image:height\" content=\"1000\" \/>\n\t<meta property=\"og:image:type\" content=\"image\/jpeg\" \/>\n<meta name=\"twitter:card\" content=\"summary_large_image\" \/>\n<meta name=\"twitter:label1\" content=\"Estimated reading time\" \/>\n\t<meta name=\"twitter:data1\" content=\"2 minutes\" \/>\n<script type=\"application\/ld+json\" class=\"yoast-schema-graph\">{\"@context\":\"https:\\\/\\\/schema.org\",\"@graph\":[{\"@type\":\"WebPage\",\"@id\":\"https:\\\/\\\/miralles1986.com\\\/producto\\\/banador-patmos-seersucker-stripes-mc2-saint-barth\\\/\",\"url\":\"https:\\\/\\\/miralles1986.com\\\/producto\\\/banador-patmos-seersucker-stripes-mc2-saint-barth\\\/\",\"name\":\"Ba\u00f1ador Patmos Seersucker Stripes MC2 Saint Barth - Miralles 1986\",\"isPartOf\":{\"@id\":\"https:\\\/\\\/miralles1986.com\\\/#website\"},\"primaryImageOfPage\":{\"@id\":\"https:\\\/\\\/miralles1986.com\\\/producto\\\/banador-patmos-seersucker-stripes-mc2-saint-barth\\\/#primaryimage\"},\"image\":{\"@id\":\"https:\\\/\\\/miralles1986.com\\\/producto\\\/banador-patmos-seersucker-stripes-mc2-saint-barth\\\/#primaryimage\"},\"thumbnailUrl\":\"https:\\\/\\\/miralles1986.com\\\/wp-content\\\/uploads\\\/2025\\\/05\\\/banador-01058h-patmos-seersucker-stripes-31-emb-mc2-saint-barth.jpg\",\"datePublished\":\"2025-06-13T14:43:20+00:00\",\"dateModified\":\"2026-01-31T12:24:42+00:00\",\"description\":\"Ba\u00f1ador MC2 Saint Barth modelo Patmos Seersucker Stripes con tejido seersucker y dise\u00f1o de rayas. Estilo sofisticado con un toque cl\u00e1sico y veraniego.\",\"breadcrumb\":{\"@id\":\"https:\\\/\\\/miralles1986.com\\\/producto\\\/banador-patmos-seersucker-stripes-mc2-saint-barth\\\/#breadcrumb\"},\"inLanguage\":\"en-GB\",\"potentialAction\":[{\"@type\":\"ReadAction\",\"target\":[\"https:\\\/\\\/miralles1986.com\\\/producto\\\/banador-patmos-seersucker-stripes-mc2-saint-barth\\\/\"]}]},{\"@type\":\"ImageObject\",\"inLanguage\":\"en-GB\",\"@id\":\"https:\\\/\\\/miralles1986.com\\\/producto\\\/banador-patmos-seersucker-stripes-mc2-saint-barth\\\/#primaryimage\",\"url\":\"https:\\\/\\\/miralles1986.com\\\/wp-content\\\/uploads\\\/2025\\\/05\\\/banador-01058h-patmos-seersucker-stripes-31-emb-mc2-saint-barth.jpg\",\"contentUrl\":\"https:\\\/\\\/miralles1986.com\\\/wp-content\\\/uploads\\\/2025\\\/05\\\/banador-01058h-patmos-seersucker-stripes-31-emb-mc2-saint-barth.jpg\",\"width\":1000,\"height\":1000,\"caption\":\"Ba\u00f1ador 01058h Patmos Seersucker Stripes 31 Emb MC2 Saint Barth\"},{\"@type\":\"BreadcrumbList\",\"@id\":\"https:\\\/\\\/miralles1986.com\\\/producto\\\/banador-patmos-seersucker-stripes-mc2-saint-barth\\\/#breadcrumb\",\"itemListElement\":[{\"@type\":\"ListItem\",\"position\":1,\"name\":\"Portada\",\"item\":\"https:\\\/\\\/miralles1986.com\\\/\"},{\"@type\":\"ListItem\",\"position\":2,\"name\":\"Tienda de moda de Lujo para hombre en Valencia\",\"item\":\"https:\\\/\\\/miralles1986.com\\\/tienda\\\/\"},{\"@type\":\"ListItem\",\"position\":3,\"name\":\"Ba\u00f1ador Patmos Seersucker Stripes MC2 Saint Barth\"}]},{\"@type\":\"WebSite\",\"@id\":\"https:\\\/\\\/miralles1986.com\\\/#website\",\"url\":\"https:\\\/\\\/miralles1986.com\\\/\",\"name\":\"Miralles 1986\",\"description\":\"Moda masculina de lujo en Valencia\",\"publisher\":{\"@id\":\"https:\\\/\\\/miralles1986.com\\\/#organization\"},\"potentialAction\":[{\"@type\":\"SearchAction\",\"target\":{\"@type\":\"EntryPoint\",\"urlTemplate\":\"https:\\\/\\\/miralles1986.com\\\/?s={search_term_string}\"},\"query-input\":{\"@type\":\"PropertyValueSpecification\",\"valueRequired\":true,\"valueName\":\"search_term_string\"}}],\"inLanguage\":\"en-GB\"},{\"@type\":\"Organization\",\"@id\":\"https:\\\/\\\/miralles1986.com\\\/#organization\",\"name\":\"Miralles 1986\",\"alternateName\":\"Miralles\",\"url\":\"https:\\\/\\\/miralles1986.com\\\/\",\"logo\":{\"@type\":\"ImageObject\",\"inLanguage\":\"en-GB\",\"@id\":\"https:\\\/\\\/miralles1986.com\\\/#\\\/schema\\\/logo\\\/image\\\/\",\"url\":\"https:\\\/\\\/miralles1986.com\\\/wp-content\\\/uploads\\\/2024\\\/09\\\/logo-miralles-1986-pequeno-bl.png\",\"contentUrl\":\"https:\\\/\\\/miralles1986.com\\\/wp-content\\\/uploads\\\/2024\\\/09\\\/logo-miralles-1986-pequeno-bl.png\",\"width\":201,\"height\":73,\"caption\":\"Miralles 1986\"},\"image\":{\"@id\":\"https:\\\/\\\/miralles1986.com\\\/#\\\/schema\\\/logo\\\/image\\\/\"},\"sameAs\":[\"https:\\\/\\\/www.facebook.com\\\/miralles1986\",\"https:\\\/\\\/www.instagram.com\\\/miralles1986_\\\/\"]}]}<\/script>\n<!-- \/ Yoast SEO plugin. -->","yoast_head_json":{"title":"Patmos Seersucker Stripes MC2 Saint Barth - Miralles Swimsuit 1986","description":"MC2 Saint Barth Patmos Seersucker Stripes swimsuit with seersucker fabric and striped design. Sophisticated style with a classic and summery touch.","robots":{"index":"index","follow":"follow","max-snippet":"max-snippet:-1","max-image-preview":"max-image-preview:large","max-video-preview":"max-video-preview:-1"},"canonical":"https:\/\/miralles1986.com\/en\/product\/banador-patmos-seersucker-stripes-mc2-saint-barth\/","og_locale":"en_GB","og_type":"article","og_title":"Ba\u00f1ador Patmos Seersucker Stripes MC2 Saint Barth - Miralles 1986","og_description":"Ba\u00f1ador MC2 Saint Barth modelo Patmos Seersucker Stripes con tejido seersucker y dise\u00f1o de rayas. Estilo sofisticado con un toque cl\u00e1sico y veraniego.","og_url":"https:\/\/miralles1986.com\/en\/product\/banador-patmos-seersucker-stripes-mc2-saint-barth\/","og_site_name":"Miralles 1986","article_publisher":"https:\/\/www.facebook.com\/miralles1986","article_modified_time":"2026-01-31T12:24:42+00:00","og_image":[{"width":1000,"height":1000,"url":"https:\/\/miralles1986.com\/wp-content\/uploads\/2025\/05\/banador-01058h-patmos-seersucker-stripes-31-emb-mc2-saint-barth.jpg","type":"image\/jpeg"}],"twitter_card":"summary_large_image","twitter_misc":{"Estimated reading time":"2 minutes"},"schema":{"@context":"https:\/\/schema.org","@graph":[{"@type":"WebPage","@id":"https:\/\/miralles1986.com\/producto\/banador-patmos-seersucker-stripes-mc2-saint-barth\/","url":"https:\/\/miralles1986.com\/producto\/banador-patmos-seersucker-stripes-mc2-saint-barth\/","name":"Patmos Seersucker Stripes MC2 Saint Barth - Miralles Swimsuit 1986","isPartOf":{"@id":"https:\/\/miralles1986.com\/#website"},"primaryImageOfPage":{"@id":"https:\/\/miralles1986.com\/producto\/banador-patmos-seersucker-stripes-mc2-saint-barth\/#primaryimage"},"image":{"@id":"https:\/\/miralles1986.com\/producto\/banador-patmos-seersucker-stripes-mc2-saint-barth\/#primaryimage"},"thumbnailUrl":"https:\/\/miralles1986.com\/wp-content\/uploads\/2025\/05\/banador-01058h-patmos-seersucker-stripes-31-emb-mc2-saint-barth.jpg","datePublished":"2025-06-13T14:43:20+00:00","dateModified":"2026-01-31T12:24:42+00:00","description":"MC2 Saint Barth Patmos Seersucker Stripes swimsuit with seersucker fabric and striped design. Sophisticated style with a classic and summery touch.","breadcrumb":{"@id":"https:\/\/miralles1986.com\/producto\/banador-patmos-seersucker-stripes-mc2-saint-barth\/#breadcrumb"},"inLanguage":"en-GB","potentialAction":[{"@type":"ReadAction","target":["https:\/\/miralles1986.com\/producto\/banador-patmos-seersucker-stripes-mc2-saint-barth\/"]}]},{"@type":"ImageObject","inLanguage":"en-GB","@id":"https:\/\/miralles1986.com\/producto\/banador-patmos-seersucker-stripes-mc2-saint-barth\/#primaryimage","url":"https:\/\/miralles1986.com\/wp-content\/uploads\/2025\/05\/banador-01058h-patmos-seersucker-stripes-31-emb-mc2-saint-barth.jpg","contentUrl":"https:\/\/miralles1986.com\/wp-content\/uploads\/2025\/05\/banador-01058h-patmos-seersucker-stripes-31-emb-mc2-saint-barth.jpg","width":1000,"height":1000,"caption":"Ba\u00f1ador 01058h Patmos Seersucker Stripes 31 Emb MC2 Saint Barth"},{"@type":"BreadcrumbList","@id":"https:\/\/miralles1986.com\/producto\/banador-patmos-seersucker-stripes-mc2-saint-barth\/#breadcrumb","itemListElement":[{"@type":"ListItem","position":1,"name":"Portada","item":"https:\/\/miralles1986.com\/"},{"@type":"ListItem","position":2,"name":"Tienda de moda de Lujo para hombre en Valencia","item":"https:\/\/miralles1986.com\/tienda\/"},{"@type":"ListItem","position":3,"name":"Ba\u00f1ador Patmos Seersucker Stripes MC2 Saint Barth"}]},{"@type":"WebSite","@id":"https:\/\/miralles1986.com\/#website","url":"https:\/\/miralles1986.com\/","name":"Miralles 1986","description":"Luxury men&#039;s fashion in Valencia","publisher":{"@id":"https:\/\/miralles1986.com\/#organization"},"potentialAction":[{"@type":"SearchAction","target":{"@type":"EntryPoint","urlTemplate":"https:\/\/miralles1986.com\/?s={search_term_string}"},"query-input":{"@type":"PropertyValueSpecification","valueRequired":true,"valueName":"search_term_string"}}],"inLanguage":"en-GB"},{"@type":"Organization","@id":"https:\/\/miralles1986.com\/#organization","name":"Miralles 1986","alternateName":"Miralles","url":"https:\/\/miralles1986.com\/","logo":{"@type":"ImageObject","inLanguage":"en-GB","@id":"https:\/\/miralles1986.com\/#\/schema\/logo\/image\/","url":"https:\/\/miralles1986.com\/wp-content\/uploads\/2024\/09\/logo-miralles-1986-pequeno-bl.png","contentUrl":"https:\/\/miralles1986.com\/wp-content\/uploads\/2024\/09\/logo-miralles-1986-pequeno-bl.png","width":201,"height":73,"caption":"Miralles 1986"},"image":{"@id":"https:\/\/miralles1986.com\/#\/schema\/logo\/image\/"},"sameAs":["https:\/\/www.facebook.com\/miralles1986","https:\/\/www.instagram.com\/miralles1986_\/"]}]}},"brands":[{"id":779,"name":"MC2 Saint Barth","slug":"mc2-saint-barth"}],"_links":{"self":[{"href":"https:\/\/miralles1986.com\/en\/wp-json\/wp\/v2\/product\/11066","targetHints":{"allow":["GET"]}}],"collection":[{"href":"https:\/\/miralles1986.com\/en\/wp-json\/wp\/v2\/product"}],"about":[{"href":"https:\/\/miralles1986.com\/en\/wp-json\/wp\/v2\/types\/product"}],"replies":[{"embeddable":true,"href":"https:\/\/miralles1986.com\/en\/wp-json\/wp\/v2\/comments?post=11066"}],"wp:featuredmedia":[{"embeddable":true,"href":"https:\/\/miralles1986.com\/en\/wp-json\/wp\/v2\/media\/11078"}],"wp:attachment":[{"href":"https:\/\/miralles1986.com\/en\/wp-json\/wp\/v2\/media?parent=11066"}],"wp:term":[{"taxonomy":"pwb-brand","embeddable":true,"href":"https:\/\/miralles1986.com\/en\/wp-json\/wp\/v2\/pwb-brand?post=11066"},{"taxonomy":"product_brand","embeddable":true,"href":"https:\/\/miralles1986.com\/en\/wp-json\/wp\/v2\/product_brand?post=11066"},{"taxonomy":"product_cat","embeddable":true,"href":"https:\/\/miralles1986.com\/en\/wp-json\/wp\/v2\/product_cat?post=11066"},{"taxonomy":"product_tag","embeddable":true,"href":"https:\/\/miralles1986.com\/en\/wp-json\/wp\/v2\/product_tag?post=11066"}],"curies":[{"name":"wp","href":"https:\/\/api.w.org\/{rel}","templated":true}]}}