{"id":11103,"date":"2025-06-01T21:44:41","date_gmt":"2025-06-01T19:44:41","guid":{"rendered":"https:\/\/miralles1986.com\/?post_type=product&#038;p=11103"},"modified":"2026-04-11T12:59:25","modified_gmt":"2026-04-11T10:59:25","slug":"panuelo-68x200-cm-s9880-etro","status":"publish","type":"product","link":"https:\/\/miralles1986.com\/en\/producto\/panuelo-68x200-cm-s9880-etro\/","title":{"rendered":"Handkerchief 68X200 cm S9880 Etro"},"content":{"rendered":"<p>This <strong><a href=\"https:\/\/miralles1986.com\/en\/product-category\/accessories\/handkerchiefs\/\">handkerchief<\/a><\/strong> 68X200 cm S9880 of <strong><a href=\"https:\/\/miralles1986.com\/en\/brand\/etro\/\">ETRO <\/a><\/strong>Crafted from high-quality silk twill, this scarf features a vibrant, multicolored floral print, a signature of the brand. Measuring 68 x 200 cm, it&#039;s long enough to be worn in a variety of ways\u2014around the neck, as a shawl, or even as a hair accessory. The design incorporates refined details and meticulous finishing, reflecting ETRO&#039;s Italian craftsmanship. This accessory is ideal for adding a touch of sophistication and color to your everyday style.<\/p>\n<p><strong><a href=\"https:\/\/miralles1986.com\/en\/product-category\/accessories\/handkerchiefs\/\">The handkerchief<\/a><\/strong> 68X200 cm S9880 of <strong><a href=\"https:\/\/miralles1986.com\/en\/brand\/etro\/\">ETRO<\/a> It is available in Miralles 1986.<\/strong><\/p>","protected":false},"excerpt":{"rendered":"<p>ETRO long scarf in silk twill with a multicolored floral print. An elegant accessory that adds a distinctive touch to any outfit.<\/p>","protected":false},"featured_media":11240,"comment_status":"closed","ping_status":"closed","template":"","meta":[],"pwb-brand":[782],"product_brand":[818],"product_cat":[215,907,669],"product_tag":[755,783,910,756],"class_list":{"0":"post-11103","1":"product","2":"type-product","3":"status-publish","4":"has-post-thumbnail","6":"pwb-brand-etro","7":"product_brand-tienda-miralles","8":"product_cat-accesorios","9":"product_cat-etro-fw25","10":"product_cat-panuelos","11":"product_tag-moda-hombre","12":"product_tag-panuelos","13":"product_tag-panuelos-y-bufandas-etro-fw25","14":"product_tag-primavera-verano-2025","15":"pa_color-multicolor","16":"pa_composicion-algodon","18":"first","19":"outofstock","20":"featured","21":"taxable","22":"shipping-taxable","23":"purchasable","24":"product-type-simple"},"supplier_id":null,"supplier_sku":"","barcode":null,"atum_controlled":true,"out_stock_date":"2026-04-11 12:59:25","out_stock_threshold":null,"inheritable":false,"inbound_stock":0,"stock_on_hold":0,"sold_today":0,"sales_last_days":0,"reserved_stock":0,"customer_returns":0,"warehouse_damage":0,"lost_in_post":0,"other_logs":0,"out_stock_days":21,"lost_sales":0,"has_location":false,"update_date":"2026-05-02T14:39:55","atum_locations":[],"atum_stock_status":"outofstock","restock_status":false,"low_stock_amount":"","sales_update_date":"2026-05-02T14:39:55","calc_backorders":null,"yoast_head":"<!-- This site is optimized with the Yoast SEO plugin v27.6 - https:\/\/yoast.com\/product\/yoast-seo-wordpress\/ -->\n<title>Pa\u00f1uelo 68X200 cm S9880 Etro - Miralles 1986<\/title>\n<meta name=\"description\" content=\"Este pa\u00f1uelo 68X200 cm S9880 de ETRO est\u00e1 confeccionado en sarga de seda de alta calidad y presenta un vibrante estampado floral multicolor.\" \/>\n<meta name=\"robots\" content=\"index, follow, max-snippet:-1, max-image-preview:large, max-video-preview:-1\" \/>\n<link rel=\"canonical\" href=\"https:\/\/miralles1986.com\/en\/product\/panuelo-68x200-cm-s9880-etro\/\" \/>\n<meta property=\"og:locale\" content=\"en_GB\" \/>\n<meta property=\"og:type\" content=\"article\" \/>\n<meta property=\"og:title\" content=\"Pa\u00f1uelo 68X200 cm S9880 Etro - Miralles 1986\" \/>\n<meta property=\"og:description\" content=\"Este pa\u00f1uelo 68X200 cm S9880 de ETRO est\u00e1 confeccionado en sarga de seda de alta calidad y presenta un vibrante estampado floral multicolor.\" \/>\n<meta property=\"og:url\" content=\"https:\/\/miralles1986.com\/en\/product\/panuelo-68x200-cm-s9880-etro\/\" \/>\n<meta property=\"og:site_name\" content=\"Miralles 1986\" \/>\n<meta property=\"article:publisher\" content=\"https:\/\/www.facebook.com\/miralles1986\" \/>\n<meta property=\"article:modified_time\" content=\"2026-04-11T10:59:25+00:00\" \/>\n<meta property=\"og:image\" content=\"https:\/\/miralles1986.com\/wp-content\/uploads\/2025\/05\/panuelo-akb40-s9880-etro-1.jpg\" \/>\n\t<meta property=\"og:image:width\" content=\"1000\" \/>\n\t<meta property=\"og:image:height\" content=\"1000\" \/>\n\t<meta property=\"og:image:type\" content=\"image\/jpeg\" \/>\n<meta name=\"twitter:card\" content=\"summary_large_image\" \/>\n<meta name=\"twitter:label1\" content=\"Estimated reading time\" \/>\n\t<meta name=\"twitter:data1\" content=\"1 minute\" \/>\n<script type=\"application\/ld+json\" class=\"yoast-schema-graph\">{\"@context\":\"https:\\\/\\\/schema.org\",\"@graph\":[{\"@type\":\"WebPage\",\"@id\":\"https:\\\/\\\/miralles1986.com\\\/producto\\\/panuelo-68x200-cm-s9880-etro\\\/\",\"url\":\"https:\\\/\\\/miralles1986.com\\\/producto\\\/panuelo-68x200-cm-s9880-etro\\\/\",\"name\":\"Pa\u00f1uelo 68X200 cm S9880 Etro - Miralles 1986\",\"isPartOf\":{\"@id\":\"https:\\\/\\\/miralles1986.com\\\/#website\"},\"primaryImageOfPage\":{\"@id\":\"https:\\\/\\\/miralles1986.com\\\/producto\\\/panuelo-68x200-cm-s9880-etro\\\/#primaryimage\"},\"image\":{\"@id\":\"https:\\\/\\\/miralles1986.com\\\/producto\\\/panuelo-68x200-cm-s9880-etro\\\/#primaryimage\"},\"thumbnailUrl\":\"https:\\\/\\\/miralles1986.com\\\/wp-content\\\/uploads\\\/2025\\\/05\\\/panuelo-akb40-s9880-etro-1.jpg\",\"datePublished\":\"2025-06-01T19:44:41+00:00\",\"dateModified\":\"2026-04-11T10:59:25+00:00\",\"description\":\"Este pa\u00f1uelo 68X200 cm S9880 de ETRO est\u00e1 confeccionado en sarga de seda de alta calidad y presenta un vibrante estampado floral multicolor.\",\"breadcrumb\":{\"@id\":\"https:\\\/\\\/miralles1986.com\\\/producto\\\/panuelo-68x200-cm-s9880-etro\\\/#breadcrumb\"},\"inLanguage\":\"en-GB\",\"potentialAction\":[{\"@type\":\"ReadAction\",\"target\":[\"https:\\\/\\\/miralles1986.com\\\/producto\\\/panuelo-68x200-cm-s9880-etro\\\/\"]}]},{\"@type\":\"ImageObject\",\"inLanguage\":\"en-GB\",\"@id\":\"https:\\\/\\\/miralles1986.com\\\/producto\\\/panuelo-68x200-cm-s9880-etro\\\/#primaryimage\",\"url\":\"https:\\\/\\\/miralles1986.com\\\/wp-content\\\/uploads\\\/2025\\\/05\\\/panuelo-akb40-s9880-etro-1.jpg\",\"contentUrl\":\"https:\\\/\\\/miralles1986.com\\\/wp-content\\\/uploads\\\/2025\\\/05\\\/panuelo-akb40-s9880-etro-1.jpg\",\"width\":1000,\"height\":1000,\"caption\":\"Pa\u00f1uelo 9880 AKB40 S9880 ETRO\"},{\"@type\":\"BreadcrumbList\",\"@id\":\"https:\\\/\\\/miralles1986.com\\\/producto\\\/panuelo-68x200-cm-s9880-etro\\\/#breadcrumb\",\"itemListElement\":[{\"@type\":\"ListItem\",\"position\":1,\"name\":\"Portada\",\"item\":\"https:\\\/\\\/miralles1986.com\\\/\"},{\"@type\":\"ListItem\",\"position\":2,\"name\":\"Ropa de lujo para hombre | Stone Island, Y-3, C.P. Company\",\"item\":\"https:\\\/\\\/miralles1986.com\\\/tienda\\\/\"},{\"@type\":\"ListItem\",\"position\":3,\"name\":\"Pa\u00f1uelo 68X200 cm S9880 Etro\"}]},{\"@type\":\"WebSite\",\"@id\":\"https:\\\/\\\/miralles1986.com\\\/#website\",\"url\":\"https:\\\/\\\/miralles1986.com\\\/\",\"name\":\"Miralles 1986\",\"description\":\"Moda masculina de lujo en Valencia\",\"publisher\":{\"@id\":\"https:\\\/\\\/miralles1986.com\\\/#organization\"},\"potentialAction\":[{\"@type\":\"SearchAction\",\"target\":{\"@type\":\"EntryPoint\",\"urlTemplate\":\"https:\\\/\\\/miralles1986.com\\\/?s={search_term_string}\"},\"query-input\":{\"@type\":\"PropertyValueSpecification\",\"valueRequired\":true,\"valueName\":\"search_term_string\"}}],\"inLanguage\":\"en-GB\"},{\"@type\":\"Organization\",\"@id\":\"https:\\\/\\\/miralles1986.com\\\/#organization\",\"name\":\"Miralles 1986\",\"alternateName\":\"Miralles\",\"url\":\"https:\\\/\\\/miralles1986.com\\\/\",\"logo\":{\"@type\":\"ImageObject\",\"inLanguage\":\"en-GB\",\"@id\":\"https:\\\/\\\/miralles1986.com\\\/#\\\/schema\\\/logo\\\/image\\\/\",\"url\":\"https:\\\/\\\/miralles1986.com\\\/wp-content\\\/uploads\\\/2024\\\/09\\\/logo-miralles-1986-pequeno-bl.png\",\"contentUrl\":\"https:\\\/\\\/miralles1986.com\\\/wp-content\\\/uploads\\\/2024\\\/09\\\/logo-miralles-1986-pequeno-bl.png\",\"width\":201,\"height\":73,\"caption\":\"Miralles 1986\"},\"image\":{\"@id\":\"https:\\\/\\\/miralles1986.com\\\/#\\\/schema\\\/logo\\\/image\\\/\"},\"sameAs\":[\"https:\\\/\\\/www.facebook.com\\\/miralles1986\",\"https:\\\/\\\/www.instagram.com\\\/miralles1986_\\\/\"]}]}<\/script>\n<!-- \/ Yoast SEO plugin. -->","yoast_head_json":{"title":"Handkerchief 68X200 cm S9880 Etro - Miralles 1986","description":"This 68X200 cm S9880 scarf from ETRO is made of high-quality silk twill and features a vibrant multicolored floral print.","robots":{"index":"index","follow":"follow","max-snippet":"max-snippet:-1","max-image-preview":"max-image-preview:large","max-video-preview":"max-video-preview:-1"},"canonical":"https:\/\/miralles1986.com\/en\/product\/panuelo-68x200-cm-s9880-etro\/","og_locale":"en_GB","og_type":"article","og_title":"Pa\u00f1uelo 68X200 cm S9880 Etro - Miralles 1986","og_description":"Este pa\u00f1uelo 68X200 cm S9880 de ETRO est\u00e1 confeccionado en sarga de seda de alta calidad y presenta un vibrante estampado floral multicolor.","og_url":"https:\/\/miralles1986.com\/en\/product\/panuelo-68x200-cm-s9880-etro\/","og_site_name":"Miralles 1986","article_publisher":"https:\/\/www.facebook.com\/miralles1986","article_modified_time":"2026-04-11T10:59:25+00:00","og_image":[{"width":1000,"height":1000,"url":"https:\/\/miralles1986.com\/wp-content\/uploads\/2025\/05\/panuelo-akb40-s9880-etro-1.jpg","type":"image\/jpeg"}],"twitter_card":"summary_large_image","twitter_misc":{"Estimated reading time":"1 minute"},"schema":{"@context":"https:\/\/schema.org","@graph":[{"@type":"WebPage","@id":"https:\/\/miralles1986.com\/producto\/panuelo-68x200-cm-s9880-etro\/","url":"https:\/\/miralles1986.com\/producto\/panuelo-68x200-cm-s9880-etro\/","name":"Handkerchief 68X200 cm S9880 Etro - Miralles 1986","isPartOf":{"@id":"https:\/\/miralles1986.com\/#website"},"primaryImageOfPage":{"@id":"https:\/\/miralles1986.com\/producto\/panuelo-68x200-cm-s9880-etro\/#primaryimage"},"image":{"@id":"https:\/\/miralles1986.com\/producto\/panuelo-68x200-cm-s9880-etro\/#primaryimage"},"thumbnailUrl":"https:\/\/miralles1986.com\/wp-content\/uploads\/2025\/05\/panuelo-akb40-s9880-etro-1.jpg","datePublished":"2025-06-01T19:44:41+00:00","dateModified":"2026-04-11T10:59:25+00:00","description":"This 68X200 cm S9880 scarf from ETRO is made of high-quality silk twill and features a vibrant multicolored floral print.","breadcrumb":{"@id":"https:\/\/miralles1986.com\/producto\/panuelo-68x200-cm-s9880-etro\/#breadcrumb"},"inLanguage":"en-GB","potentialAction":[{"@type":"ReadAction","target":["https:\/\/miralles1986.com\/producto\/panuelo-68x200-cm-s9880-etro\/"]}]},{"@type":"ImageObject","inLanguage":"en-GB","@id":"https:\/\/miralles1986.com\/producto\/panuelo-68x200-cm-s9880-etro\/#primaryimage","url":"https:\/\/miralles1986.com\/wp-content\/uploads\/2025\/05\/panuelo-akb40-s9880-etro-1.jpg","contentUrl":"https:\/\/miralles1986.com\/wp-content\/uploads\/2025\/05\/panuelo-akb40-s9880-etro-1.jpg","width":1000,"height":1000,"caption":"Pa\u00f1uelo 9880 AKB40 S9880 ETRO"},{"@type":"BreadcrumbList","@id":"https:\/\/miralles1986.com\/producto\/panuelo-68x200-cm-s9880-etro\/#breadcrumb","itemListElement":[{"@type":"ListItem","position":1,"name":"Portada","item":"https:\/\/miralles1986.com\/"},{"@type":"ListItem","position":2,"name":"Ropa de lujo para hombre | Stone Island, Y-3, C.P. Company","item":"https:\/\/miralles1986.com\/tienda\/"},{"@type":"ListItem","position":3,"name":"Pa\u00f1uelo 68X200 cm S9880 Etro"}]},{"@type":"WebSite","@id":"https:\/\/miralles1986.com\/#website","url":"https:\/\/miralles1986.com\/","name":"Miralles 1986","description":"Luxury men&#039;s fashion in Valencia","publisher":{"@id":"https:\/\/miralles1986.com\/#organization"},"potentialAction":[{"@type":"SearchAction","target":{"@type":"EntryPoint","urlTemplate":"https:\/\/miralles1986.com\/?s={search_term_string}"},"query-input":{"@type":"PropertyValueSpecification","valueRequired":true,"valueName":"search_term_string"}}],"inLanguage":"en-GB"},{"@type":"Organization","@id":"https:\/\/miralles1986.com\/#organization","name":"Miralles 1986","alternateName":"Miralles","url":"https:\/\/miralles1986.com\/","logo":{"@type":"ImageObject","inLanguage":"en-GB","@id":"https:\/\/miralles1986.com\/#\/schema\/logo\/image\/","url":"https:\/\/miralles1986.com\/wp-content\/uploads\/2024\/09\/logo-miralles-1986-pequeno-bl.png","contentUrl":"https:\/\/miralles1986.com\/wp-content\/uploads\/2024\/09\/logo-miralles-1986-pequeno-bl.png","width":201,"height":73,"caption":"Miralles 1986"},"image":{"@id":"https:\/\/miralles1986.com\/#\/schema\/logo\/image\/"},"sameAs":["https:\/\/www.facebook.com\/miralles1986","https:\/\/www.instagram.com\/miralles1986_\/"]}]}},"brands":[{"id":782,"name":"Etro","slug":"etro"}],"_links":{"self":[{"href":"https:\/\/miralles1986.com\/en\/wp-json\/wp\/v2\/product\/11103","targetHints":{"allow":["GET"]}}],"collection":[{"href":"https:\/\/miralles1986.com\/en\/wp-json\/wp\/v2\/product"}],"about":[{"href":"https:\/\/miralles1986.com\/en\/wp-json\/wp\/v2\/types\/product"}],"replies":[{"embeddable":true,"href":"https:\/\/miralles1986.com\/en\/wp-json\/wp\/v2\/comments?post=11103"}],"wp:featuredmedia":[{"embeddable":true,"href":"https:\/\/miralles1986.com\/en\/wp-json\/wp\/v2\/media\/11240"}],"wp:attachment":[{"href":"https:\/\/miralles1986.com\/en\/wp-json\/wp\/v2\/media?parent=11103"}],"wp:term":[{"taxonomy":"pwb-brand","embeddable":true,"href":"https:\/\/miralles1986.com\/en\/wp-json\/wp\/v2\/pwb-brand?post=11103"},{"taxonomy":"product_brand","embeddable":true,"href":"https:\/\/miralles1986.com\/en\/wp-json\/wp\/v2\/product_brand?post=11103"},{"taxonomy":"product_cat","embeddable":true,"href":"https:\/\/miralles1986.com\/en\/wp-json\/wp\/v2\/product_cat?post=11103"},{"taxonomy":"product_tag","embeddable":true,"href":"https:\/\/miralles1986.com\/en\/wp-json\/wp\/v2\/product_tag?post=11103"}],"curies":[{"name":"wp","href":"https:\/\/api.w.org\/{rel}","templated":true}]}}