{"id":11112,"date":"2025-06-13T16:40:37","date_gmt":"2025-06-13T14:40:37","guid":{"rendered":"https:\/\/miralles1986.com\/?post_type=product&#038;p=11112"},"modified":"2025-12-26T10:03:51","modified_gmt":"2025-12-26T09:03:51","slug":"chaqueta-99jkb05-b0065-etro","status":"publish","type":"product","link":"https:\/\/miralles1986.com\/en\/producto\/chaqueta-99jkb05-b0065-etro\/","title":{"rendered":"Etro Patchwork Wool Blazer Jacket 99JKB05 B0065"},"content":{"rendered":"<p data-start=\"488\" data-end=\"790\"><strong data-start=\"488\" data-end=\"496\">The <a href=\"https:\/\/miralles1986.com\/en\/product-category\/clothes\/jackets\/dress-jackets\/\">jacket<\/a> Patchwork Wool Blazer 99JKB05 B0065 by Etro <\/strong>It&#039;s a reinterpretation of the art of men&#039;s fashion. This is spectacular. <strong data-start=\"561\" data-end=\"613\">American-style wool blend with patchwork design <\/strong>It is a piece that combines Italian sartorial tradition with a modern and daring approach thanks to its construction in panels of different fabrics, all carefully harmonized.<\/p>\n<p data-start=\"792\" data-end=\"1094\">With a classic cut, peak lapel, two-button closure, and lining, this blazer is designed for those who see fashion as a style statement. Details such as its structured construction, welt pockets, and paisley print lining confirm Etro&#039;s unmistakable signature.<\/p>\n<p data-start=\"1096\" data-end=\"1346\">Available in <strong data-start=\"1110\" data-end=\"1127\">Miralles 1986<\/strong>, A luxury fashion boutique in Valencia, where we select exclusive pieces from the best international brands. Ideal for special occasions or to elevate your everyday style with a garment of exceptional character.<\/p>\n<p data-start=\"1096\" data-end=\"1346\">\u2022 50 % wool, 50 % acrylic<br \/>\n\u2022 Body lining: 100 % viscose<br \/>\n\u2022 Sleeve lining: 57 % viscose, 43 % polyester<\/p>\n<p data-start=\"1096\" data-end=\"1346\"><strong data-start=\"488\" data-end=\"496\">The <a href=\"https:\/\/miralles1986.com\/en\/product-category\/clothes\/jackets\/dress-jackets\/\">jacket<\/a> Etro&#039;s 99JKB05 B0065 Wool Patchwork Blazer is available at <a href=\"https:\/\/miralles1986.com\/en\/\">Miralles 1986<\/a>.<\/strong><\/p>","protected":false},"excerpt":{"rendered":"<p>Etro&#039;s American patchwork wool blend jacket. An iconic, handcrafted design with personality, ideal for those seeking a unique and sophisticated style.<\/p>","protected":false},"featured_media":12825,"comment_status":"closed","ping_status":"closed","template":"","meta":[],"pwb-brand":[782],"product_brand":[818],"product_cat":[771,167,907,168],"product_tag":[777,171,908,755,756],"class_list":{"0":"post-11112","1":"product","2":"type-product","3":"status-publish","4":"has-post-thumbnail","6":"pwb-brand-etro","7":"product_brand-tienda-miralles","8":"product_cat-blazers","9":"product_cat-chaquetas","10":"product_cat-etro-fw25","11":"product_cat-ropa","12":"product_tag-blazers","13":"product_tag-chaquetas","14":"product_tag-chaquetas-y-blazers-etro-fw25","15":"product_tag-moda-hombre","16":"product_tag-primavera-verano-2025","17":"pa_color-negro","18":"pa_composicion-lana","19":"pa_composicion-viscosa","20":"pa_tamano-67","21":"pa_tamano-69","22":"pa_tamano-71","23":"pa_tamano-73","24":"pa_tamano-75","26":"first","27":"instock","28":"featured","29":"sold-individually","30":"taxable","31":"shipping-taxable","32":"purchasable","33":"product-type-variable"},"supplier_id":null,"supplier_sku":"","barcode":null,"atum_controlled":true,"out_stock_date":null,"out_stock_threshold":null,"inheritable":true,"inbound_stock":0,"stock_on_hold":0,"sold_today":0,"sales_last_days":0,"reserved_stock":0,"customer_returns":null,"warehouse_damage":null,"lost_in_post":null,"other_logs":null,"out_stock_days":0,"lost_sales":0,"has_location":false,"update_date":"2026-05-11T17:07:37","atum_locations":[],"atum_stock_status":"instock","restock_status":false,"low_stock_amount":"","sales_update_date":"2026-05-11T17:07:37","calc_backorders":null,"yoast_head":"<!-- This site is optimized with the Yoast SEO plugin v27.5 - https:\/\/yoast.com\/product\/yoast-seo-wordpress\/ -->\n<title>Chaqueta Blazer Lana Patchwork 99JKB05 B0065 Etro - Miralles 1986<\/title>\n<meta name=\"description\" content=\"Americana patchwork de mezcla de lana de Etro. Un dise\u00f1o ic\u00f3nico, artesanal y con personalidad, ideal para quienes buscan un estilo \u00fanico y sofisticado.\" \/>\n<meta name=\"robots\" content=\"index, follow, max-snippet:-1, max-image-preview:large, max-video-preview:-1\" \/>\n<link rel=\"canonical\" href=\"https:\/\/miralles1986.com\/en\/product\/chaqueta-99jkb05-b0065-etro\/\" \/>\n<meta property=\"og:locale\" content=\"en_GB\" \/>\n<meta property=\"og:type\" content=\"article\" \/>\n<meta property=\"og:title\" content=\"Chaqueta Blazer Lana Patchwork 99JKB05 B0065 Etro - Miralles 1986\" \/>\n<meta property=\"og:description\" content=\"Americana patchwork de mezcla de lana de Etro. Un dise\u00f1o ic\u00f3nico, artesanal y con personalidad, ideal para quienes buscan un estilo \u00fanico y sofisticado.\" \/>\n<meta property=\"og:url\" content=\"https:\/\/miralles1986.com\/en\/product\/chaqueta-99jkb05-b0065-etro\/\" \/>\n<meta property=\"og:site_name\" content=\"Miralles 1986\" \/>\n<meta property=\"article:publisher\" content=\"https:\/\/www.facebook.com\/miralles1986\" \/>\n<meta property=\"article:modified_time\" content=\"2025-12-26T09:03:51+00:00\" \/>\n<meta property=\"og:image\" content=\"https:\/\/miralles1986.com\/wp-content\/uploads\/2025\/06\/chaqueta-blazer-mezcla-lana-patchwork-etro.jpg\" \/>\n\t<meta property=\"og:image:width\" content=\"1000\" \/>\n\t<meta property=\"og:image:height\" content=\"1000\" \/>\n\t<meta property=\"og:image:type\" content=\"image\/jpeg\" \/>\n<meta name=\"twitter:card\" content=\"summary_large_image\" \/>\n<meta name=\"twitter:label1\" content=\"Estimated reading time\" \/>\n\t<meta name=\"twitter:data1\" content=\"2 minutes\" \/>\n<script type=\"application\/ld+json\" class=\"yoast-schema-graph\">{\"@context\":\"https:\\\/\\\/schema.org\",\"@graph\":[{\"@type\":\"WebPage\",\"@id\":\"https:\\\/\\\/miralles1986.com\\\/producto\\\/chaqueta-99jkb05-b0065-etro\\\/\",\"url\":\"https:\\\/\\\/miralles1986.com\\\/producto\\\/chaqueta-99jkb05-b0065-etro\\\/\",\"name\":\"Chaqueta Blazer Lana Patchwork 99JKB05 B0065 Etro - Miralles 1986\",\"isPartOf\":{\"@id\":\"https:\\\/\\\/miralles1986.com\\\/#website\"},\"primaryImageOfPage\":{\"@id\":\"https:\\\/\\\/miralles1986.com\\\/producto\\\/chaqueta-99jkb05-b0065-etro\\\/#primaryimage\"},\"image\":{\"@id\":\"https:\\\/\\\/miralles1986.com\\\/producto\\\/chaqueta-99jkb05-b0065-etro\\\/#primaryimage\"},\"thumbnailUrl\":\"https:\\\/\\\/miralles1986.com\\\/wp-content\\\/uploads\\\/2025\\\/06\\\/chaqueta-blazer-mezcla-lana-patchwork-etro.jpg\",\"datePublished\":\"2025-06-13T14:40:37+00:00\",\"dateModified\":\"2025-12-26T09:03:51+00:00\",\"description\":\"Americana patchwork de mezcla de lana de Etro. Un dise\u00f1o ic\u00f3nico, artesanal y con personalidad, ideal para quienes buscan un estilo \u00fanico y sofisticado.\",\"breadcrumb\":{\"@id\":\"https:\\\/\\\/miralles1986.com\\\/producto\\\/chaqueta-99jkb05-b0065-etro\\\/#breadcrumb\"},\"inLanguage\":\"en-GB\",\"potentialAction\":[{\"@type\":\"ReadAction\",\"target\":[\"https:\\\/\\\/miralles1986.com\\\/producto\\\/chaqueta-99jkb05-b0065-etro\\\/\"]}]},{\"@type\":\"ImageObject\",\"inLanguage\":\"en-GB\",\"@id\":\"https:\\\/\\\/miralles1986.com\\\/producto\\\/chaqueta-99jkb05-b0065-etro\\\/#primaryimage\",\"url\":\"https:\\\/\\\/miralles1986.com\\\/wp-content\\\/uploads\\\/2025\\\/06\\\/chaqueta-blazer-mezcla-lana-patchwork-etro.jpg\",\"contentUrl\":\"https:\\\/\\\/miralles1986.com\\\/wp-content\\\/uploads\\\/2025\\\/06\\\/chaqueta-blazer-mezcla-lana-patchwork-etro.jpg\",\"width\":1000,\"height\":1000,\"caption\":\"Chaqueta Blazer Mezcla Lana Patchwork Etro MRCA005499JKB05B0065\"},{\"@type\":\"BreadcrumbList\",\"@id\":\"https:\\\/\\\/miralles1986.com\\\/producto\\\/chaqueta-99jkb05-b0065-etro\\\/#breadcrumb\",\"itemListElement\":[{\"@type\":\"ListItem\",\"position\":1,\"name\":\"Portada\",\"item\":\"https:\\\/\\\/miralles1986.com\\\/\"},{\"@type\":\"ListItem\",\"position\":2,\"name\":\"Ropa de lujo para hombre | Stone Island, Y-3, C.P. Company\",\"item\":\"https:\\\/\\\/miralles1986.com\\\/tienda\\\/\"},{\"@type\":\"ListItem\",\"position\":3,\"name\":\"Chaqueta Blazer Lana Patchwork 99JKB05 B0065 Etro\"}]},{\"@type\":\"WebSite\",\"@id\":\"https:\\\/\\\/miralles1986.com\\\/#website\",\"url\":\"https:\\\/\\\/miralles1986.com\\\/\",\"name\":\"Miralles 1986\",\"description\":\"Moda masculina de lujo en Valencia\",\"publisher\":{\"@id\":\"https:\\\/\\\/miralles1986.com\\\/#organization\"},\"potentialAction\":[{\"@type\":\"SearchAction\",\"target\":{\"@type\":\"EntryPoint\",\"urlTemplate\":\"https:\\\/\\\/miralles1986.com\\\/?s={search_term_string}\"},\"query-input\":{\"@type\":\"PropertyValueSpecification\",\"valueRequired\":true,\"valueName\":\"search_term_string\"}}],\"inLanguage\":\"en-GB\"},{\"@type\":\"Organization\",\"@id\":\"https:\\\/\\\/miralles1986.com\\\/#organization\",\"name\":\"Miralles 1986\",\"alternateName\":\"Miralles\",\"url\":\"https:\\\/\\\/miralles1986.com\\\/\",\"logo\":{\"@type\":\"ImageObject\",\"inLanguage\":\"en-GB\",\"@id\":\"https:\\\/\\\/miralles1986.com\\\/#\\\/schema\\\/logo\\\/image\\\/\",\"url\":\"https:\\\/\\\/miralles1986.com\\\/wp-content\\\/uploads\\\/2024\\\/09\\\/logo-miralles-1986-pequeno-bl.png\",\"contentUrl\":\"https:\\\/\\\/miralles1986.com\\\/wp-content\\\/uploads\\\/2024\\\/09\\\/logo-miralles-1986-pequeno-bl.png\",\"width\":201,\"height\":73,\"caption\":\"Miralles 1986\"},\"image\":{\"@id\":\"https:\\\/\\\/miralles1986.com\\\/#\\\/schema\\\/logo\\\/image\\\/\"},\"sameAs\":[\"https:\\\/\\\/www.facebook.com\\\/miralles1986\",\"https:\\\/\\\/www.instagram.com\\\/miralles1986_\\\/\"]}]}<\/script>\n<!-- \/ Yoast SEO plugin. -->","yoast_head_json":{"title":"Etro - Miralles 1986 Wool Patchwork Blazer Jacket 99JKB05 B0066","description":"Etro&#039;s American patchwork wool blend jacket. An iconic, handcrafted design with personality, ideal for those seeking a unique and sophisticated style.","robots":{"index":"index","follow":"follow","max-snippet":"max-snippet:-1","max-image-preview":"max-image-preview:large","max-video-preview":"max-video-preview:-1"},"canonical":"https:\/\/miralles1986.com\/en\/product\/chaqueta-99jkb05-b0065-etro\/","og_locale":"en_GB","og_type":"article","og_title":"Chaqueta Blazer Lana Patchwork 99JKB05 B0065 Etro - Miralles 1986","og_description":"Americana patchwork de mezcla de lana de Etro. Un dise\u00f1o ic\u00f3nico, artesanal y con personalidad, ideal para quienes buscan un estilo \u00fanico y sofisticado.","og_url":"https:\/\/miralles1986.com\/en\/product\/chaqueta-99jkb05-b0065-etro\/","og_site_name":"Miralles 1986","article_publisher":"https:\/\/www.facebook.com\/miralles1986","article_modified_time":"2025-12-26T09:03:51+00:00","og_image":[{"width":1000,"height":1000,"url":"https:\/\/miralles1986.com\/wp-content\/uploads\/2025\/06\/chaqueta-blazer-mezcla-lana-patchwork-etro.jpg","type":"image\/jpeg"}],"twitter_card":"summary_large_image","twitter_misc":{"Estimated reading time":"2 minutes"},"schema":{"@context":"https:\/\/schema.org","@graph":[{"@type":"WebPage","@id":"https:\/\/miralles1986.com\/producto\/chaqueta-99jkb05-b0065-etro\/","url":"https:\/\/miralles1986.com\/producto\/chaqueta-99jkb05-b0065-etro\/","name":"Etro - Miralles 1986 Wool Patchwork Blazer Jacket 99JKB05 B0066","isPartOf":{"@id":"https:\/\/miralles1986.com\/#website"},"primaryImageOfPage":{"@id":"https:\/\/miralles1986.com\/producto\/chaqueta-99jkb05-b0065-etro\/#primaryimage"},"image":{"@id":"https:\/\/miralles1986.com\/producto\/chaqueta-99jkb05-b0065-etro\/#primaryimage"},"thumbnailUrl":"https:\/\/miralles1986.com\/wp-content\/uploads\/2025\/06\/chaqueta-blazer-mezcla-lana-patchwork-etro.jpg","datePublished":"2025-06-13T14:40:37+00:00","dateModified":"2025-12-26T09:03:51+00:00","description":"Etro&#039;s American patchwork wool blend jacket. An iconic, handcrafted design with personality, ideal for those seeking a unique and sophisticated style.","breadcrumb":{"@id":"https:\/\/miralles1986.com\/producto\/chaqueta-99jkb05-b0065-etro\/#breadcrumb"},"inLanguage":"en-GB","potentialAction":[{"@type":"ReadAction","target":["https:\/\/miralles1986.com\/producto\/chaqueta-99jkb05-b0065-etro\/"]}]},{"@type":"ImageObject","inLanguage":"en-GB","@id":"https:\/\/miralles1986.com\/producto\/chaqueta-99jkb05-b0065-etro\/#primaryimage","url":"https:\/\/miralles1986.com\/wp-content\/uploads\/2025\/06\/chaqueta-blazer-mezcla-lana-patchwork-etro.jpg","contentUrl":"https:\/\/miralles1986.com\/wp-content\/uploads\/2025\/06\/chaqueta-blazer-mezcla-lana-patchwork-etro.jpg","width":1000,"height":1000,"caption":"Chaqueta Blazer Mezcla Lana Patchwork Etro MRCA005499JKB05B0065"},{"@type":"BreadcrumbList","@id":"https:\/\/miralles1986.com\/producto\/chaqueta-99jkb05-b0065-etro\/#breadcrumb","itemListElement":[{"@type":"ListItem","position":1,"name":"Portada","item":"https:\/\/miralles1986.com\/"},{"@type":"ListItem","position":2,"name":"Ropa de lujo para hombre | Stone Island, Y-3, C.P. Company","item":"https:\/\/miralles1986.com\/tienda\/"},{"@type":"ListItem","position":3,"name":"Chaqueta Blazer Lana Patchwork 99JKB05 B0065 Etro"}]},{"@type":"WebSite","@id":"https:\/\/miralles1986.com\/#website","url":"https:\/\/miralles1986.com\/","name":"Miralles 1986","description":"Luxury men&#039;s fashion in Valencia","publisher":{"@id":"https:\/\/miralles1986.com\/#organization"},"potentialAction":[{"@type":"SearchAction","target":{"@type":"EntryPoint","urlTemplate":"https:\/\/miralles1986.com\/?s={search_term_string}"},"query-input":{"@type":"PropertyValueSpecification","valueRequired":true,"valueName":"search_term_string"}}],"inLanguage":"en-GB"},{"@type":"Organization","@id":"https:\/\/miralles1986.com\/#organization","name":"Miralles 1986","alternateName":"Miralles","url":"https:\/\/miralles1986.com\/","logo":{"@type":"ImageObject","inLanguage":"en-GB","@id":"https:\/\/miralles1986.com\/#\/schema\/logo\/image\/","url":"https:\/\/miralles1986.com\/wp-content\/uploads\/2024\/09\/logo-miralles-1986-pequeno-bl.png","contentUrl":"https:\/\/miralles1986.com\/wp-content\/uploads\/2024\/09\/logo-miralles-1986-pequeno-bl.png","width":201,"height":73,"caption":"Miralles 1986"},"image":{"@id":"https:\/\/miralles1986.com\/#\/schema\/logo\/image\/"},"sameAs":["https:\/\/www.facebook.com\/miralles1986","https:\/\/www.instagram.com\/miralles1986_\/"]}]}},"brands":[{"id":782,"name":"Etro","slug":"etro"}],"_links":{"self":[{"href":"https:\/\/miralles1986.com\/en\/wp-json\/wp\/v2\/product\/11112","targetHints":{"allow":["GET"]}}],"collection":[{"href":"https:\/\/miralles1986.com\/en\/wp-json\/wp\/v2\/product"}],"about":[{"href":"https:\/\/miralles1986.com\/en\/wp-json\/wp\/v2\/types\/product"}],"replies":[{"embeddable":true,"href":"https:\/\/miralles1986.com\/en\/wp-json\/wp\/v2\/comments?post=11112"}],"wp:featuredmedia":[{"embeddable":true,"href":"https:\/\/miralles1986.com\/en\/wp-json\/wp\/v2\/media\/12825"}],"wp:attachment":[{"href":"https:\/\/miralles1986.com\/en\/wp-json\/wp\/v2\/media?parent=11112"}],"wp:term":[{"taxonomy":"pwb-brand","embeddable":true,"href":"https:\/\/miralles1986.com\/en\/wp-json\/wp\/v2\/pwb-brand?post=11112"},{"taxonomy":"product_brand","embeddable":true,"href":"https:\/\/miralles1986.com\/en\/wp-json\/wp\/v2\/product_brand?post=11112"},{"taxonomy":"product_cat","embeddable":true,"href":"https:\/\/miralles1986.com\/en\/wp-json\/wp\/v2\/product_cat?post=11112"},{"taxonomy":"product_tag","embeddable":true,"href":"https:\/\/miralles1986.com\/en\/wp-json\/wp\/v2\/product_tag?post=11112"}],"curies":[{"name":"wp","href":"https:\/\/api.w.org\/{rel}","templated":true}]}}