{"id":11188,"date":"2025-06-01T21:44:41","date_gmt":"2025-06-01T19:44:41","guid":{"rendered":"https:\/\/miralles1986.com\/?post_type=product&#038;p=11188"},"modified":"2025-12-26T10:16:37","modified_gmt":"2025-12-26T09:16:37","slug":"sueter-knitted-c-neck-ak996-x0883-etro","status":"publish","type":"product","link":"https:\/\/miralles1986.com\/en\/producto\/sueter-knitted-c-neck-ak996-x0883-etro\/","title":{"rendered":"Knitted C-Neck Sweater AK996 X0883 Etro"},"content":{"rendered":"<p>Este <strong><a href=\"https:\/\/miralles1986.com\/categoria-producto\/ropa\/sueters\/\">su\u00e9ter<\/a><\/strong> Knitted C-Neck AK996 X0883 de <strong><a href=\"https:\/\/miralles1986.com\/marca\/etro\/\">Etro<\/a> <\/strong>destaca por su vibrante estampado geom\u00e9trico en una paleta de color en azul marino, creando un efecto visual din\u00e1mico y moderno. Confeccionado en 100% lana de alta calidad, ofrece calidez y suavidad, ideal para los d\u00edas m\u00e1s frescos. El dise\u00f1o presenta un corte recto cl\u00e1sico, con cuello redondo y detalles acanalados en los pu\u00f1os y el dobladillo, asegurando un ajuste c\u00f3modo y duradero. Un peque\u00f1o logotipo de la marca, discretamente ubicado en el pecho, a\u00f1ade un toque de distinci\u00f3n sin restar protagonismo al dise\u00f1o general. Este su\u00e9ter es una elecci\u00f3n perfecta para quienes buscan combinar elegancia y estilo contempor\u00e1neo en su vestimenta.<\/p>\n<ul>\n<li data-start=\"571\" data-end=\"629\">\n<p data-start=\"573\" data-end=\"629\"><strong data-start=\"573\" data-end=\"589\">Composici\u00f3n:<\/strong> <span class=\"relative -mx-px my-[-0.2rem] rounded px-px py-[0.2rem] transition-colors duration-100 ease-in-out\">100% lana<\/span><\/p>\n<\/li>\n<li data-start=\"630\" data-end=\"682\">\n<p data-start=\"632\" data-end=\"682\"><strong data-start=\"632\" data-end=\"642\">Corte:<\/strong> <span class=\"relative -mx-px my-[-0.2rem] rounded px-px py-[0.2rem] transition-colors duration-100 ease-in-out\">Recto<\/span><\/p>\n<\/li>\n<li data-start=\"683\" data-end=\"736\">\n<p data-start=\"685\" data-end=\"736\"><strong data-start=\"685\" data-end=\"696\">Cuello:<\/strong> <span class=\"relative -mx-px my-[-0.2rem] rounded px-px py-[0.2rem] transition-colors duration-100 ease-in-out\">Redondo<\/span><\/p>\n<\/li>\n<li data-start=\"737\" data-end=\"792\">\n<p data-start=\"739\" data-end=\"792\"><strong data-start=\"739\" data-end=\"752\">Detalles:<\/strong> <span class=\"relative -mx-px my-[-0.2rem] rounded px-px py-[0.2rem] transition-colors duration-100 ease-in-out\">Pu\u00f1os y dobladillo acanalados, logotipo discreto en el pecho<\/span><\/p>\n<\/li>\n<li data-start=\"793\" data-end=\"890\">\n<p data-start=\"795\" data-end=\"890\"><strong data-start=\"795\" data-end=\"811\">Fabricaci\u00f3n:<\/strong> <span class=\"relative -mx-px my-[-0.2rem] rounded px-px py-[0.2rem] transition-colors duration-100 ease-in-out\">Hecho en Italia<\/span><\/p>\n<\/li>\n<\/ul>\n<p>Este <strong><a href=\"https:\/\/miralles1986.com\/categoria-producto\/ropa\/sueters\/\">su\u00e9ter<\/a><\/strong> Knitted C-Neck AK996 X0883 de <strong><a href=\"https:\/\/miralles1986.com\/marca\/etro\/\">Etro<\/a> est\u00e1 disponible en Miralles 1986.<\/strong><\/p>\n","protected":false},"excerpt":{"rendered":"<p>Etro sweater with a multicolored print in shades of blue, pink, and gray. Made from 100% wool, it features a geometric design and a straight cut with a round neck and ribbed cuffs.<\/p>","protected":false},"featured_media":11207,"comment_status":"closed","ping_status":"closed","template":"","meta":[],"pwb-brand":[782],"product_brand":[818],"product_cat":[907,168,297],"product_tag":[308,911,755,756,240],"class_list":{"0":"post-11188","1":"product","2":"type-product","3":"status-publish","4":"has-post-thumbnail","6":"pwb-brand-etro","7":"product_brand-tienda-miralles","8":"product_cat-etro-fw25","9":"product_cat-ropa","10":"product_cat-sueters","11":"product_tag-jerseis","12":"product_tag-jerseis-y-sudaderas-etro-fw25","13":"product_tag-moda-hombre","14":"product_tag-primavera-verano-2025","15":"product_tag-sueters","16":"pa_color-azul","17":"pa_composicion-lana","18":"pa_tamano-l","19":"pa_tamano-m","20":"pa_tamano-s","21":"pa_tamano-xl","22":"pa_tamano-xs","23":"pa_tamano-xxl","25":"first","26":"instock","27":"featured","28":"sold-individually","29":"taxable","30":"shipping-taxable","31":"purchasable","32":"product-type-variable"},"supplier_id":null,"supplier_sku":"","barcode":null,"atum_controlled":true,"out_stock_date":null,"out_stock_threshold":null,"inheritable":true,"inbound_stock":0,"stock_on_hold":0,"sold_today":0,"sales_last_days":0,"reserved_stock":0,"customer_returns":null,"warehouse_damage":null,"lost_in_post":null,"other_logs":null,"out_stock_days":0,"lost_sales":0,"has_location":false,"update_date":"2026-05-02T14:39:55","atum_locations":[],"atum_stock_status":"instock","restock_status":false,"low_stock_amount":"","sales_update_date":"2026-05-02T14:39:55","calc_backorders":null,"yoast_head":"<!-- This site is optimized with the Yoast SEO plugin v27.5 - https:\/\/yoast.com\/product\/yoast-seo-wordpress\/ -->\n<title>Su\u00e9ter Knitted C-Neck AK996 X0883 Etro - Miralles 1986<\/title>\n<meta name=\"description\" content=\"Su\u00e9ter de Etro con estampado multicolor en tonos azul, rosa y gris. Confeccionado en 100% lana, es una prenda exclusiva para este invierno 2025.\" \/>\n<meta name=\"robots\" content=\"index, follow, max-snippet:-1, max-image-preview:large, max-video-preview:-1\" \/>\n<link rel=\"canonical\" href=\"https:\/\/miralles1986.com\/en\/product\/sueter-knitted-c-neck-ak996-x0883-etro\/\" \/>\n<meta property=\"og:locale\" content=\"en_GB\" \/>\n<meta property=\"og:type\" content=\"article\" \/>\n<meta property=\"og:title\" content=\"Su\u00e9ter Knitted C-Neck AK996 X0883 Etro - Miralles 1986\" \/>\n<meta property=\"og:description\" content=\"Su\u00e9ter de Etro con estampado multicolor en tonos azul, rosa y gris. Confeccionado en 100% lana, es una prenda exclusiva para este invierno 2025.\" \/>\n<meta property=\"og:url\" content=\"https:\/\/miralles1986.com\/en\/product\/sueter-knitted-c-neck-ak996-x0883-etro\/\" \/>\n<meta property=\"og:site_name\" content=\"Miralles 1986\" \/>\n<meta property=\"article:publisher\" content=\"https:\/\/www.facebook.com\/miralles1986\" \/>\n<meta property=\"article:modified_time\" content=\"2025-12-26T09:16:37+00:00\" \/>\n<meta property=\"og:image\" content=\"https:\/\/miralles1986.com\/wp-content\/uploads\/2025\/06\/sueter-knitted-neck-etro-ak996-x0883.jpg\" \/>\n\t<meta property=\"og:image:width\" content=\"1000\" \/>\n\t<meta property=\"og:image:height\" content=\"1000\" \/>\n\t<meta property=\"og:image:type\" content=\"image\/jpeg\" \/>\n<meta name=\"twitter:card\" content=\"summary_large_image\" \/>\n<meta name=\"twitter:label1\" content=\"Estimated reading time\" \/>\n\t<meta name=\"twitter:data1\" content=\"1 minute\" \/>\n<script type=\"application\/ld+json\" class=\"yoast-schema-graph\">{\"@context\":\"https:\\\/\\\/schema.org\",\"@graph\":[{\"@type\":\"WebPage\",\"@id\":\"https:\\\/\\\/miralles1986.com\\\/producto\\\/sueter-knitted-c-neck-ak996-x0883-etro\\\/\",\"url\":\"https:\\\/\\\/miralles1986.com\\\/producto\\\/sueter-knitted-c-neck-ak996-x0883-etro\\\/\",\"name\":\"Su\u00e9ter Knitted C-Neck AK996 X0883 Etro - Miralles 1986\",\"isPartOf\":{\"@id\":\"https:\\\/\\\/miralles1986.com\\\/#website\"},\"primaryImageOfPage\":{\"@id\":\"https:\\\/\\\/miralles1986.com\\\/producto\\\/sueter-knitted-c-neck-ak996-x0883-etro\\\/#primaryimage\"},\"image\":{\"@id\":\"https:\\\/\\\/miralles1986.com\\\/producto\\\/sueter-knitted-c-neck-ak996-x0883-etro\\\/#primaryimage\"},\"thumbnailUrl\":\"https:\\\/\\\/miralles1986.com\\\/wp-content\\\/uploads\\\/2025\\\/06\\\/sueter-knitted-neck-etro-ak996-x0883.jpg\",\"datePublished\":\"2025-06-01T19:44:41+00:00\",\"dateModified\":\"2025-12-26T09:16:37+00:00\",\"description\":\"Su\u00e9ter de Etro con estampado multicolor en tonos azul, rosa y gris. Confeccionado en 100% lana, es una prenda exclusiva para este invierno 2025.\",\"breadcrumb\":{\"@id\":\"https:\\\/\\\/miralles1986.com\\\/producto\\\/sueter-knitted-c-neck-ak996-x0883-etro\\\/#breadcrumb\"},\"inLanguage\":\"en-GB\",\"potentialAction\":[{\"@type\":\"ReadAction\",\"target\":[\"https:\\\/\\\/miralles1986.com\\\/producto\\\/sueter-knitted-c-neck-ak996-x0883-etro\\\/\"]}]},{\"@type\":\"ImageObject\",\"inLanguage\":\"en-GB\",\"@id\":\"https:\\\/\\\/miralles1986.com\\\/producto\\\/sueter-knitted-c-neck-ak996-x0883-etro\\\/#primaryimage\",\"url\":\"https:\\\/\\\/miralles1986.com\\\/wp-content\\\/uploads\\\/2025\\\/06\\\/sueter-knitted-neck-etro-ak996-x0883.jpg\",\"contentUrl\":\"https:\\\/\\\/miralles1986.com\\\/wp-content\\\/uploads\\\/2025\\\/06\\\/sueter-knitted-neck-etro-ak996-x0883.jpg\",\"width\":1000,\"height\":1000,\"caption\":\"Sueter Knitted Neck Etro AK996 X0883\"},{\"@type\":\"BreadcrumbList\",\"@id\":\"https:\\\/\\\/miralles1986.com\\\/producto\\\/sueter-knitted-c-neck-ak996-x0883-etro\\\/#breadcrumb\",\"itemListElement\":[{\"@type\":\"ListItem\",\"position\":1,\"name\":\"Portada\",\"item\":\"https:\\\/\\\/miralles1986.com\\\/\"},{\"@type\":\"ListItem\",\"position\":2,\"name\":\"Ropa de lujo para hombre | Stone Island, Y-3, C.P. Company\",\"item\":\"https:\\\/\\\/miralles1986.com\\\/tienda\\\/\"},{\"@type\":\"ListItem\",\"position\":3,\"name\":\"Su\u00e9ter Knitted C-Neck AK996 X0883 Etro\"}]},{\"@type\":\"WebSite\",\"@id\":\"https:\\\/\\\/miralles1986.com\\\/#website\",\"url\":\"https:\\\/\\\/miralles1986.com\\\/\",\"name\":\"Miralles 1986\",\"description\":\"Moda masculina de lujo en Valencia\",\"publisher\":{\"@id\":\"https:\\\/\\\/miralles1986.com\\\/#organization\"},\"potentialAction\":[{\"@type\":\"SearchAction\",\"target\":{\"@type\":\"EntryPoint\",\"urlTemplate\":\"https:\\\/\\\/miralles1986.com\\\/?s={search_term_string}\"},\"query-input\":{\"@type\":\"PropertyValueSpecification\",\"valueRequired\":true,\"valueName\":\"search_term_string\"}}],\"inLanguage\":\"en-GB\"},{\"@type\":\"Organization\",\"@id\":\"https:\\\/\\\/miralles1986.com\\\/#organization\",\"name\":\"Miralles 1986\",\"alternateName\":\"Miralles\",\"url\":\"https:\\\/\\\/miralles1986.com\\\/\",\"logo\":{\"@type\":\"ImageObject\",\"inLanguage\":\"en-GB\",\"@id\":\"https:\\\/\\\/miralles1986.com\\\/#\\\/schema\\\/logo\\\/image\\\/\",\"url\":\"https:\\\/\\\/miralles1986.com\\\/wp-content\\\/uploads\\\/2024\\\/09\\\/logo-miralles-1986-pequeno-bl.png\",\"contentUrl\":\"https:\\\/\\\/miralles1986.com\\\/wp-content\\\/uploads\\\/2024\\\/09\\\/logo-miralles-1986-pequeno-bl.png\",\"width\":201,\"height\":73,\"caption\":\"Miralles 1986\"},\"image\":{\"@id\":\"https:\\\/\\\/miralles1986.com\\\/#\\\/schema\\\/logo\\\/image\\\/\"},\"sameAs\":[\"https:\\\/\\\/www.facebook.com\\\/miralles1986\",\"https:\\\/\\\/www.instagram.com\\\/miralles1986_\\\/\"]}]}<\/script>\n<!-- \/ Yoast SEO plugin. -->","yoast_head_json":{"title":"Knitted C-Neck Sweater AK996 X0883 Etro - Miralles 1986","description":"Etro sweater with a multicolored print in shades of blue, pink, and gray. Made from 100% wool, it&#039;s an exclusive garment for this winter 2025.","robots":{"index":"index","follow":"follow","max-snippet":"max-snippet:-1","max-image-preview":"max-image-preview:large","max-video-preview":"max-video-preview:-1"},"canonical":"https:\/\/miralles1986.com\/en\/product\/sueter-knitted-c-neck-ak996-x0883-etro\/","og_locale":"en_GB","og_type":"article","og_title":"Su\u00e9ter Knitted C-Neck AK996 X0883 Etro - Miralles 1986","og_description":"Su\u00e9ter de Etro con estampado multicolor en tonos azul, rosa y gris. Confeccionado en 100% lana, es una prenda exclusiva para este invierno 2025.","og_url":"https:\/\/miralles1986.com\/en\/product\/sueter-knitted-c-neck-ak996-x0883-etro\/","og_site_name":"Miralles 1986","article_publisher":"https:\/\/www.facebook.com\/miralles1986","article_modified_time":"2025-12-26T09:16:37+00:00","og_image":[{"width":1000,"height":1000,"url":"https:\/\/miralles1986.com\/wp-content\/uploads\/2025\/06\/sueter-knitted-neck-etro-ak996-x0883.jpg","type":"image\/jpeg"}],"twitter_card":"summary_large_image","twitter_misc":{"Estimated reading time":"1 minute"},"schema":{"@context":"https:\/\/schema.org","@graph":[{"@type":"WebPage","@id":"https:\/\/miralles1986.com\/producto\/sueter-knitted-c-neck-ak996-x0883-etro\/","url":"https:\/\/miralles1986.com\/producto\/sueter-knitted-c-neck-ak996-x0883-etro\/","name":"Knitted C-Neck Sweater AK996 X0883 Etro - Miralles 1986","isPartOf":{"@id":"https:\/\/miralles1986.com\/#website"},"primaryImageOfPage":{"@id":"https:\/\/miralles1986.com\/producto\/sueter-knitted-c-neck-ak996-x0883-etro\/#primaryimage"},"image":{"@id":"https:\/\/miralles1986.com\/producto\/sueter-knitted-c-neck-ak996-x0883-etro\/#primaryimage"},"thumbnailUrl":"https:\/\/miralles1986.com\/wp-content\/uploads\/2025\/06\/sueter-knitted-neck-etro-ak996-x0883.jpg","datePublished":"2025-06-01T19:44:41+00:00","dateModified":"2025-12-26T09:16:37+00:00","description":"Etro sweater with a multicolored print in shades of blue, pink, and gray. Made from 100% wool, it&#039;s an exclusive garment for this winter 2025.","breadcrumb":{"@id":"https:\/\/miralles1986.com\/producto\/sueter-knitted-c-neck-ak996-x0883-etro\/#breadcrumb"},"inLanguage":"en-GB","potentialAction":[{"@type":"ReadAction","target":["https:\/\/miralles1986.com\/producto\/sueter-knitted-c-neck-ak996-x0883-etro\/"]}]},{"@type":"ImageObject","inLanguage":"en-GB","@id":"https:\/\/miralles1986.com\/producto\/sueter-knitted-c-neck-ak996-x0883-etro\/#primaryimage","url":"https:\/\/miralles1986.com\/wp-content\/uploads\/2025\/06\/sueter-knitted-neck-etro-ak996-x0883.jpg","contentUrl":"https:\/\/miralles1986.com\/wp-content\/uploads\/2025\/06\/sueter-knitted-neck-etro-ak996-x0883.jpg","width":1000,"height":1000,"caption":"Sueter Knitted Neck Etro AK996 X0883"},{"@type":"BreadcrumbList","@id":"https:\/\/miralles1986.com\/producto\/sueter-knitted-c-neck-ak996-x0883-etro\/#breadcrumb","itemListElement":[{"@type":"ListItem","position":1,"name":"Portada","item":"https:\/\/miralles1986.com\/"},{"@type":"ListItem","position":2,"name":"Ropa de lujo para hombre | Stone Island, Y-3, C.P. Company","item":"https:\/\/miralles1986.com\/tienda\/"},{"@type":"ListItem","position":3,"name":"Su\u00e9ter Knitted C-Neck AK996 X0883 Etro"}]},{"@type":"WebSite","@id":"https:\/\/miralles1986.com\/#website","url":"https:\/\/miralles1986.com\/","name":"Miralles 1986","description":"Luxury men&#039;s fashion in Valencia","publisher":{"@id":"https:\/\/miralles1986.com\/#organization"},"potentialAction":[{"@type":"SearchAction","target":{"@type":"EntryPoint","urlTemplate":"https:\/\/miralles1986.com\/?s={search_term_string}"},"query-input":{"@type":"PropertyValueSpecification","valueRequired":true,"valueName":"search_term_string"}}],"inLanguage":"en-GB"},{"@type":"Organization","@id":"https:\/\/miralles1986.com\/#organization","name":"Miralles 1986","alternateName":"Miralles","url":"https:\/\/miralles1986.com\/","logo":{"@type":"ImageObject","inLanguage":"en-GB","@id":"https:\/\/miralles1986.com\/#\/schema\/logo\/image\/","url":"https:\/\/miralles1986.com\/wp-content\/uploads\/2024\/09\/logo-miralles-1986-pequeno-bl.png","contentUrl":"https:\/\/miralles1986.com\/wp-content\/uploads\/2024\/09\/logo-miralles-1986-pequeno-bl.png","width":201,"height":73,"caption":"Miralles 1986"},"image":{"@id":"https:\/\/miralles1986.com\/#\/schema\/logo\/image\/"},"sameAs":["https:\/\/www.facebook.com\/miralles1986","https:\/\/www.instagram.com\/miralles1986_\/"]}]}},"brands":[{"id":782,"name":"Etro","slug":"etro"}],"_links":{"self":[{"href":"https:\/\/miralles1986.com\/en\/wp-json\/wp\/v2\/product\/11188","targetHints":{"allow":["GET"]}}],"collection":[{"href":"https:\/\/miralles1986.com\/en\/wp-json\/wp\/v2\/product"}],"about":[{"href":"https:\/\/miralles1986.com\/en\/wp-json\/wp\/v2\/types\/product"}],"replies":[{"embeddable":true,"href":"https:\/\/miralles1986.com\/en\/wp-json\/wp\/v2\/comments?post=11188"}],"wp:featuredmedia":[{"embeddable":true,"href":"https:\/\/miralles1986.com\/en\/wp-json\/wp\/v2\/media\/11207"}],"wp:attachment":[{"href":"https:\/\/miralles1986.com\/en\/wp-json\/wp\/v2\/media?parent=11188"}],"wp:term":[{"taxonomy":"pwb-brand","embeddable":true,"href":"https:\/\/miralles1986.com\/en\/wp-json\/wp\/v2\/pwb-brand?post=11188"},{"taxonomy":"product_brand","embeddable":true,"href":"https:\/\/miralles1986.com\/en\/wp-json\/wp\/v2\/product_brand?post=11188"},{"taxonomy":"product_cat","embeddable":true,"href":"https:\/\/miralles1986.com\/en\/wp-json\/wp\/v2\/product_cat?post=11188"},{"taxonomy":"product_tag","embeddable":true,"href":"https:\/\/miralles1986.com\/en\/wp-json\/wp\/v2\/product_tag?post=11188"}],"curies":[{"name":"wp","href":"https:\/\/api.w.org\/{rel}","templated":true}]}}