{"id":11708,"date":"2025-06-17T21:51:21","date_gmt":"2025-06-17T19:51:21","guid":{"rendered":"https:\/\/miralles1986.com\/?post_type=product&#038;p=11708"},"modified":"2026-01-31T13:24:40","modified_gmt":"2026-01-31T12:24:40","slug":"polo-azul-con-estampado-floral-etro","status":"publish","type":"product","link":"https:\/\/miralles1986.com\/en\/producto\/polo-azul-con-estampado-floral-etro\/","title":{"rendered":"Blue polo shirt with floral print Etro"},"content":{"rendered":"<p data-start=\"455\" data-end=\"787\">This <strong data-start=\"460\" data-end=\"473\">Etro polo<\/strong> with <strong data-start=\"478\" data-end=\"509\">blue floral print <\/strong>It is a distinctive piece that combines the artistic soul of the Italian brand with a timeless silhouette. Made in <strong data-start=\"629\" data-end=\"645\">100% cotton<\/strong>, It features a refined design with stylized flowers on a light background, ideal for those looking for a fresh, elegant and personalized look.<\/p>\n<p data-start=\"789\" data-end=\"1066\">His <strong data-start=\"792\" data-end=\"813\">regular fit<\/strong> It guarantees a comfortable fit, while tailoring details\u2014such as the classic polo collar and hidden button closure\u2014add a sophisticated touch to a versatile garment, perfect for both daytime wear and more formal summer events.<\/p>\n<p data-start=\"1068\" data-end=\"1088\"><strong data-start=\"1068\" data-end=\"1088\">Characteristics:<\/strong><\/p>\n<ul data-start=\"1089\" data-end=\"1335\">\n<li data-start=\"1089\" data-end=\"1127\">\n<p data-start=\"1091\" data-end=\"1127\">Exclusive floral print by Etro<\/p>\n<\/li>\n<li data-start=\"1128\" data-end=\"1165\">\n<p data-start=\"1130\" data-end=\"1165\">Light base color with pastel tones<\/p>\n<\/li>\n<li data-start=\"1166\" data-end=\"1187\">\n<p data-start=\"1168\" data-end=\"1187\">Regular fit<\/p>\n<\/li>\n<li data-start=\"1188\" data-end=\"1233\">\n<p data-start=\"1190\" data-end=\"1233\">Fabric: 100% soft and breathable cotton<\/p>\n<\/li>\n<li data-start=\"1234\" data-end=\"1279\">\n<p data-start=\"1236\" data-end=\"1279\">Classic polo collar with button placket<\/p>\n<\/li>\n<li data-start=\"1280\" data-end=\"1303\">\n<p data-start=\"1282\" data-end=\"1303\">Made in Italy<\/p>\n<\/li>\n<li data-start=\"1304\" data-end=\"1335\">\n<p data-start=\"1306\" data-end=\"1335\">Ideal for spring\/summer<\/p>\n<\/li>\n<\/ul>\n<p data-start=\"1337\" data-end=\"1411\">Available now at <strong data-start=\"1357\" data-end=\"1374\">Miralles 1986<\/strong>, luxury men&#039;s fashion boutique.<\/p>","protected":false},"excerpt":{"rendered":"<p>Etro polo shirt with a floral print in pastel shades. An elegant, fresh and distinctive design, made from high-quality cotton.<\/p>","protected":false},"featured_media":11710,"comment_status":"closed","ping_status":"closed","template":"","meta":[],"pwb-brand":[782],"product_brand":[818],"product_cat":[907,197,168],"product_tag":[755,785,913,756],"class_list":{"0":"post-11708","1":"product","2":"type-product","3":"status-publish","4":"has-post-thumbnail","6":"pwb-brand-etro","7":"product_brand-tienda-miralles","8":"product_cat-etro-fw25","9":"product_cat-polos","10":"product_cat-ropa","11":"product_tag-moda-hombre","12":"product_tag-polos","13":"product_tag-polos-y-camisetas-etro-fw25","14":"product_tag-primavera-verano-2025","15":"pa_color-azul","16":"pa_composicion-algodon","17":"pa_tamano-l","18":"pa_tamano-m","19":"pa_tamano-s","20":"pa_tamano-xl","21":"pa_tamano-xs","22":"pa_tamano-xxl","24":"first","25":"outofstock","26":"featured","27":"sold-individually","28":"taxable","29":"shipping-taxable","30":"purchasable","31":"product-type-variable"},"supplier_id":null,"supplier_sku":"","barcode":null,"atum_controlled":true,"out_stock_date":null,"out_stock_threshold":null,"inheritable":true,"inbound_stock":0,"stock_on_hold":0,"sold_today":0,"sales_last_days":0,"reserved_stock":0,"customer_returns":0,"warehouse_damage":0,"lost_in_post":0,"other_logs":0,"out_stock_days":0,"lost_sales":0,"has_location":false,"update_date":"2026-05-02T14:38:05","atum_locations":[],"atum_stock_status":"outofstock","restock_status":false,"low_stock_amount":"","sales_update_date":"2026-05-02T14:38:05","calc_backorders":null,"yoast_head":"<!-- This site is optimized with the Yoast SEO plugin v27.5 - https:\/\/yoast.com\/product\/yoast-seo-wordpress\/ -->\n<title>Polo azul con Estampado Floral Etro - Miralles 1986<\/title>\n<meta name=\"description\" content=\"Polo Etro con estampado floral en tonos pastel. Dise\u00f1o elegante, fresco y con car\u00e1cter, confeccionado en algod\u00f3n de alta calidad.\" \/>\n<meta name=\"robots\" content=\"index, follow, max-snippet:-1, max-image-preview:large, max-video-preview:-1\" \/>\n<link rel=\"canonical\" href=\"https:\/\/miralles1986.com\/en\/product\/polo-azul-con-estampado-floral-etro\/\" \/>\n<meta property=\"og:locale\" content=\"en_GB\" \/>\n<meta property=\"og:type\" content=\"article\" \/>\n<meta property=\"og:title\" content=\"Polo azul con Estampado Floral Etro - Miralles 1986\" \/>\n<meta property=\"og:description\" content=\"Polo Etro con estampado floral en tonos pastel. Dise\u00f1o elegante, fresco y con car\u00e1cter, confeccionado en algod\u00f3n de alta calidad.\" \/>\n<meta property=\"og:url\" content=\"https:\/\/miralles1986.com\/en\/product\/polo-azul-con-estampado-floral-etro\/\" \/>\n<meta property=\"og:site_name\" content=\"Miralles 1986\" \/>\n<meta property=\"article:publisher\" content=\"https:\/\/www.facebook.com\/miralles1986\" \/>\n<meta property=\"article:modified_time\" content=\"2026-01-31T12:24:40+00:00\" \/>\n<meta property=\"og:image\" content=\"https:\/\/miralles1986.com\/wp-content\/uploads\/2025\/06\/polo-con-estampado-floral-azul-etro.jpg\" \/>\n\t<meta property=\"og:image:width\" content=\"1000\" \/>\n\t<meta property=\"og:image:height\" content=\"1000\" \/>\n\t<meta property=\"og:image:type\" content=\"image\/jpeg\" \/>\n<meta name=\"twitter:card\" content=\"summary_large_image\" \/>\n<meta name=\"twitter:label1\" content=\"Estimated reading time\" \/>\n\t<meta name=\"twitter:data1\" content=\"1 minute\" \/>\n<script type=\"application\/ld+json\" class=\"yoast-schema-graph\">{\"@context\":\"https:\\\/\\\/schema.org\",\"@graph\":[{\"@type\":\"WebPage\",\"@id\":\"https:\\\/\\\/miralles1986.com\\\/producto\\\/polo-azul-con-estampado-floral-etro\\\/\",\"url\":\"https:\\\/\\\/miralles1986.com\\\/producto\\\/polo-azul-con-estampado-floral-etro\\\/\",\"name\":\"Polo azul con Estampado Floral Etro - Miralles 1986\",\"isPartOf\":{\"@id\":\"https:\\\/\\\/miralles1986.com\\\/#website\"},\"primaryImageOfPage\":{\"@id\":\"https:\\\/\\\/miralles1986.com\\\/producto\\\/polo-azul-con-estampado-floral-etro\\\/#primaryimage\"},\"image\":{\"@id\":\"https:\\\/\\\/miralles1986.com\\\/producto\\\/polo-azul-con-estampado-floral-etro\\\/#primaryimage\"},\"thumbnailUrl\":\"https:\\\/\\\/miralles1986.com\\\/wp-content\\\/uploads\\\/2025\\\/06\\\/polo-con-estampado-floral-azul-etro.jpg\",\"datePublished\":\"2025-06-17T19:51:21+00:00\",\"dateModified\":\"2026-01-31T12:24:40+00:00\",\"description\":\"Polo Etro con estampado floral en tonos pastel. Dise\u00f1o elegante, fresco y con car\u00e1cter, confeccionado en algod\u00f3n de alta calidad.\",\"breadcrumb\":{\"@id\":\"https:\\\/\\\/miralles1986.com\\\/producto\\\/polo-azul-con-estampado-floral-etro\\\/#breadcrumb\"},\"inLanguage\":\"en-GB\",\"potentialAction\":[{\"@type\":\"ReadAction\",\"target\":[\"https:\\\/\\\/miralles1986.com\\\/producto\\\/polo-azul-con-estampado-floral-etro\\\/\"]}]},{\"@type\":\"ImageObject\",\"inLanguage\":\"en-GB\",\"@id\":\"https:\\\/\\\/miralles1986.com\\\/producto\\\/polo-azul-con-estampado-floral-etro\\\/#primaryimage\",\"url\":\"https:\\\/\\\/miralles1986.com\\\/wp-content\\\/uploads\\\/2025\\\/06\\\/polo-con-estampado-floral-azul-etro.jpg\",\"contentUrl\":\"https:\\\/\\\/miralles1986.com\\\/wp-content\\\/uploads\\\/2025\\\/06\\\/polo-con-estampado-floral-azul-etro.jpg\",\"width\":1000,\"height\":1000,\"caption\":\"Polo con estampado floral azul Etro\"},{\"@type\":\"BreadcrumbList\",\"@id\":\"https:\\\/\\\/miralles1986.com\\\/producto\\\/polo-azul-con-estampado-floral-etro\\\/#breadcrumb\",\"itemListElement\":[{\"@type\":\"ListItem\",\"position\":1,\"name\":\"Portada\",\"item\":\"https:\\\/\\\/miralles1986.com\\\/\"},{\"@type\":\"ListItem\",\"position\":2,\"name\":\"Tienda de moda de Lujo para hombre en Valencia\",\"item\":\"https:\\\/\\\/miralles1986.com\\\/tienda\\\/\"},{\"@type\":\"ListItem\",\"position\":3,\"name\":\"Polo azul con Estampado Floral Etro\"}]},{\"@type\":\"WebSite\",\"@id\":\"https:\\\/\\\/miralles1986.com\\\/#website\",\"url\":\"https:\\\/\\\/miralles1986.com\\\/\",\"name\":\"Miralles 1986\",\"description\":\"Moda masculina de lujo en Valencia\",\"publisher\":{\"@id\":\"https:\\\/\\\/miralles1986.com\\\/#organization\"},\"potentialAction\":[{\"@type\":\"SearchAction\",\"target\":{\"@type\":\"EntryPoint\",\"urlTemplate\":\"https:\\\/\\\/miralles1986.com\\\/?s={search_term_string}\"},\"query-input\":{\"@type\":\"PropertyValueSpecification\",\"valueRequired\":true,\"valueName\":\"search_term_string\"}}],\"inLanguage\":\"en-GB\"},{\"@type\":\"Organization\",\"@id\":\"https:\\\/\\\/miralles1986.com\\\/#organization\",\"name\":\"Miralles 1986\",\"alternateName\":\"Miralles\",\"url\":\"https:\\\/\\\/miralles1986.com\\\/\",\"logo\":{\"@type\":\"ImageObject\",\"inLanguage\":\"en-GB\",\"@id\":\"https:\\\/\\\/miralles1986.com\\\/#\\\/schema\\\/logo\\\/image\\\/\",\"url\":\"https:\\\/\\\/miralles1986.com\\\/wp-content\\\/uploads\\\/2024\\\/09\\\/logo-miralles-1986-pequeno-bl.png\",\"contentUrl\":\"https:\\\/\\\/miralles1986.com\\\/wp-content\\\/uploads\\\/2024\\\/09\\\/logo-miralles-1986-pequeno-bl.png\",\"width\":201,\"height\":73,\"caption\":\"Miralles 1986\"},\"image\":{\"@id\":\"https:\\\/\\\/miralles1986.com\\\/#\\\/schema\\\/logo\\\/image\\\/\"},\"sameAs\":[\"https:\\\/\\\/www.facebook.com\\\/miralles1986\",\"https:\\\/\\\/www.instagram.com\\\/miralles1986_\\\/\"]}]}<\/script>\n<!-- \/ Yoast SEO plugin. -->","yoast_head_json":{"title":"Blue polo shirt with floral print Etro - Miralles 1986","description":"Etro polo shirt with a floral print in pastel shades. An elegant, fresh and distinctive design, made from high-quality cotton.","robots":{"index":"index","follow":"follow","max-snippet":"max-snippet:-1","max-image-preview":"max-image-preview:large","max-video-preview":"max-video-preview:-1"},"canonical":"https:\/\/miralles1986.com\/en\/product\/polo-azul-con-estampado-floral-etro\/","og_locale":"en_GB","og_type":"article","og_title":"Polo azul con Estampado Floral Etro - Miralles 1986","og_description":"Polo Etro con estampado floral en tonos pastel. Dise\u00f1o elegante, fresco y con car\u00e1cter, confeccionado en algod\u00f3n de alta calidad.","og_url":"https:\/\/miralles1986.com\/en\/product\/polo-azul-con-estampado-floral-etro\/","og_site_name":"Miralles 1986","article_publisher":"https:\/\/www.facebook.com\/miralles1986","article_modified_time":"2026-01-31T12:24:40+00:00","og_image":[{"width":1000,"height":1000,"url":"https:\/\/miralles1986.com\/wp-content\/uploads\/2025\/06\/polo-con-estampado-floral-azul-etro.jpg","type":"image\/jpeg"}],"twitter_card":"summary_large_image","twitter_misc":{"Estimated reading time":"1 minute"},"schema":{"@context":"https:\/\/schema.org","@graph":[{"@type":"WebPage","@id":"https:\/\/miralles1986.com\/producto\/polo-azul-con-estampado-floral-etro\/","url":"https:\/\/miralles1986.com\/producto\/polo-azul-con-estampado-floral-etro\/","name":"Blue polo shirt with floral print Etro - Miralles 1986","isPartOf":{"@id":"https:\/\/miralles1986.com\/#website"},"primaryImageOfPage":{"@id":"https:\/\/miralles1986.com\/producto\/polo-azul-con-estampado-floral-etro\/#primaryimage"},"image":{"@id":"https:\/\/miralles1986.com\/producto\/polo-azul-con-estampado-floral-etro\/#primaryimage"},"thumbnailUrl":"https:\/\/miralles1986.com\/wp-content\/uploads\/2025\/06\/polo-con-estampado-floral-azul-etro.jpg","datePublished":"2025-06-17T19:51:21+00:00","dateModified":"2026-01-31T12:24:40+00:00","description":"Etro polo shirt with a floral print in pastel shades. An elegant, fresh and distinctive design, made from high-quality cotton.","breadcrumb":{"@id":"https:\/\/miralles1986.com\/producto\/polo-azul-con-estampado-floral-etro\/#breadcrumb"},"inLanguage":"en-GB","potentialAction":[{"@type":"ReadAction","target":["https:\/\/miralles1986.com\/producto\/polo-azul-con-estampado-floral-etro\/"]}]},{"@type":"ImageObject","inLanguage":"en-GB","@id":"https:\/\/miralles1986.com\/producto\/polo-azul-con-estampado-floral-etro\/#primaryimage","url":"https:\/\/miralles1986.com\/wp-content\/uploads\/2025\/06\/polo-con-estampado-floral-azul-etro.jpg","contentUrl":"https:\/\/miralles1986.com\/wp-content\/uploads\/2025\/06\/polo-con-estampado-floral-azul-etro.jpg","width":1000,"height":1000,"caption":"Polo con estampado floral azul Etro"},{"@type":"BreadcrumbList","@id":"https:\/\/miralles1986.com\/producto\/polo-azul-con-estampado-floral-etro\/#breadcrumb","itemListElement":[{"@type":"ListItem","position":1,"name":"Portada","item":"https:\/\/miralles1986.com\/"},{"@type":"ListItem","position":2,"name":"Tienda de moda de Lujo para hombre en Valencia","item":"https:\/\/miralles1986.com\/tienda\/"},{"@type":"ListItem","position":3,"name":"Polo azul con Estampado Floral Etro"}]},{"@type":"WebSite","@id":"https:\/\/miralles1986.com\/#website","url":"https:\/\/miralles1986.com\/","name":"Miralles 1986","description":"Luxury men&#039;s fashion in Valencia","publisher":{"@id":"https:\/\/miralles1986.com\/#organization"},"potentialAction":[{"@type":"SearchAction","target":{"@type":"EntryPoint","urlTemplate":"https:\/\/miralles1986.com\/?s={search_term_string}"},"query-input":{"@type":"PropertyValueSpecification","valueRequired":true,"valueName":"search_term_string"}}],"inLanguage":"en-GB"},{"@type":"Organization","@id":"https:\/\/miralles1986.com\/#organization","name":"Miralles 1986","alternateName":"Miralles","url":"https:\/\/miralles1986.com\/","logo":{"@type":"ImageObject","inLanguage":"en-GB","@id":"https:\/\/miralles1986.com\/#\/schema\/logo\/image\/","url":"https:\/\/miralles1986.com\/wp-content\/uploads\/2024\/09\/logo-miralles-1986-pequeno-bl.png","contentUrl":"https:\/\/miralles1986.com\/wp-content\/uploads\/2024\/09\/logo-miralles-1986-pequeno-bl.png","width":201,"height":73,"caption":"Miralles 1986"},"image":{"@id":"https:\/\/miralles1986.com\/#\/schema\/logo\/image\/"},"sameAs":["https:\/\/www.facebook.com\/miralles1986","https:\/\/www.instagram.com\/miralles1986_\/"]}]}},"brands":[{"id":782,"name":"Etro","slug":"etro"}],"_links":{"self":[{"href":"https:\/\/miralles1986.com\/en\/wp-json\/wp\/v2\/product\/11708","targetHints":{"allow":["GET"]}}],"collection":[{"href":"https:\/\/miralles1986.com\/en\/wp-json\/wp\/v2\/product"}],"about":[{"href":"https:\/\/miralles1986.com\/en\/wp-json\/wp\/v2\/types\/product"}],"replies":[{"embeddable":true,"href":"https:\/\/miralles1986.com\/en\/wp-json\/wp\/v2\/comments?post=11708"}],"wp:featuredmedia":[{"embeddable":true,"href":"https:\/\/miralles1986.com\/en\/wp-json\/wp\/v2\/media\/11710"}],"wp:attachment":[{"href":"https:\/\/miralles1986.com\/en\/wp-json\/wp\/v2\/media?parent=11708"}],"wp:term":[{"taxonomy":"pwb-brand","embeddable":true,"href":"https:\/\/miralles1986.com\/en\/wp-json\/wp\/v2\/pwb-brand?post=11708"},{"taxonomy":"product_brand","embeddable":true,"href":"https:\/\/miralles1986.com\/en\/wp-json\/wp\/v2\/product_brand?post=11708"},{"taxonomy":"product_cat","embeddable":true,"href":"https:\/\/miralles1986.com\/en\/wp-json\/wp\/v2\/product_cat?post=11708"},{"taxonomy":"product_tag","embeddable":true,"href":"https:\/\/miralles1986.com\/en\/wp-json\/wp\/v2\/product_tag?post=11708"}],"curies":[{"name":"wp","href":"https:\/\/api.w.org\/{rel}","templated":true}]}}