{"id":11714,"date":"2025-06-17T21:56:38","date_gmt":"2025-06-17T19:56:38","guid":{"rendered":"https:\/\/miralles1986.com\/?post_type=product&#038;p=11714"},"modified":"2025-09-24T21:35:34","modified_gmt":"2025-09-24T19:35:34","slug":"camisa-con-maxiflores-etro","status":"publish","type":"product","link":"https:\/\/miralles1986.com\/en\/producto\/camisa-con-maxiflores-etro\/","title":{"rendered":"Etro Maxi Floral Shirt"},"content":{"rendered":"<p data-start=\"452\" data-end=\"785\">The <strong data-start=\"455\" data-end=\"498\"><a href=\"https:\/\/miralles1986.com\/en\/product-category\/clothes\/shirts\/\">shirt<\/a> <a href=\"https:\/\/miralles1986.com\/en\/brand\/etro\/\">Etro<\/a> with maxi floral print<\/strong> It is a striking and refined piece that reflects the creative and sophisticated essence of the Italian brand. Made in <strong data-start=\"618\" data-end=\"650\">100% high quality cotton<\/strong>, Its design features large flowers in harmonious tones, providing a fresh and contemporary aesthetic without losing distinction.<\/p>\n<p data-start=\"787\" data-end=\"1027\">He <strong data-start=\"790\" data-end=\"807\">regular cut<\/strong> The lightweight fabric offers all-day comfort, while the classic collar and buttoned cuffs complete a garment perfect for both casual events and more polished looks with character.<\/p>\n<p data-start=\"1029\" data-end=\"1049\"><strong data-start=\"1029\" data-end=\"1049\">Characteristics:<\/strong><\/p>\n<ul data-start=\"1050\" data-end=\"1235\">\n<li data-start=\"1050\" data-end=\"1089\">\n<p data-start=\"1052\" data-end=\"1089\">XL floral print in soft tones<\/p>\n<\/li>\n<li data-start=\"1090\" data-end=\"1111\">\n<p data-start=\"1092\" data-end=\"1111\">Regular fit<\/p>\n<\/li>\n<li data-start=\"1112\" data-end=\"1139\">\n<p data-start=\"1114\" data-end=\"1139\">Classic Italian collar<\/p>\n<\/li>\n<li data-start=\"1140\" data-end=\"1169\">\n<p data-start=\"1142\" data-end=\"1169\">Button front closure<\/p>\n<\/li>\n<li data-start=\"1170\" data-end=\"1190\">\n<p data-start=\"1172\" data-end=\"1190\">Buttoned cuffs<\/p>\n<\/li>\n<li data-start=\"1191\" data-end=\"1215\">\n<p data-start=\"1193\" data-end=\"1215\">Fabric: 100% cotton<\/p>\n<\/li>\n<li data-start=\"1216\" data-end=\"1235\">\n<p data-start=\"1218\" data-end=\"1235\">Made in Italy<\/p>\n<\/li>\n<\/ul>\n<p data-start=\"1237\" data-end=\"1310\">The shirt <strong><a href=\"https:\/\/miralles1986.com\/en\/brand\/etro\/\">Etro<\/a> <\/strong>with maxi-flowers is available in <a href=\"https:\/\/miralles1986.com\/en\/\"><strong data-start=\"1251\" data-end=\"1268\">Miralles 1986<\/strong><\/a>, your premium fashion boutique in Valencia.<\/p>","protected":false},"excerpt":{"rendered":"<p style=\"text-align: left;\"><strong><a href=\"https:\/\/miralles1986.com\/en\/product-category\/clothes\/shirts\/\">Shirt<\/a> <a href=\"https:\/\/miralles1986.com\/en\/brand\/etro\/\">Etro<\/a> <\/strong>Made of cotton with a maxi-floral print in soft tones. Artistic elegance with a classic cut and Italian tailoring.<\/p>","protected":false},"featured_media":11724,"comment_status":"closed","ping_status":"closed","template":"","meta":[],"pwb-brand":[782],"product_brand":[818],"product_cat":[291,907,168],"product_tag":[762,912,755,756],"class_list":{"0":"post-11714","1":"product","2":"type-product","3":"status-publish","4":"has-post-thumbnail","6":"pwb-brand-etro","7":"product_brand-tienda-miralles","8":"product_cat-camisas","9":"product_cat-etro-fw25","10":"product_cat-ropa","11":"product_tag-camisas","12":"product_tag-camisas-etro-fw25","13":"product_tag-moda-hombre","14":"product_tag-primavera-verano-2025","15":"pa_color-multicolor","16":"pa_composicion-algodon","17":"pa_tamano-61","18":"pa_tamano-62","19":"pa_tamano-63","20":"pa_tamano-64","22":"first","23":"instock","24":"featured","25":"sold-individually","26":"taxable","27":"shipping-taxable","28":"purchasable","29":"product-type-variable"},"supplier_id":null,"supplier_sku":"","barcode":null,"atum_controlled":true,"out_stock_date":null,"out_stock_threshold":null,"inheritable":true,"inbound_stock":0,"stock_on_hold":0,"sold_today":0,"sales_last_days":0,"reserved_stock":0,"customer_returns":0,"warehouse_damage":0,"lost_in_post":0,"other_logs":0,"out_stock_days":0,"lost_sales":0,"has_location":false,"update_date":"2026-05-02T14:38:05","atum_locations":[],"atum_stock_status":"instock","restock_status":false,"low_stock_amount":"","sales_update_date":"2026-05-02T14:38:05","calc_backorders":null,"yoast_head":"<!-- This site is optimized with the Yoast SEO plugin v27.5 - https:\/\/yoast.com\/product\/yoast-seo-wordpress\/ -->\n<title>Camisa con Maxiflores Etro - Miralles 1986<\/title>\n<meta name=\"description\" content=\"Camisa Etro con estampado decorativo multicolor. Elegancia italiana con esp\u00edritu art\u00edstico y confecci\u00f3n premium. Disponible en el cat\u00e1logo Primavera-Verano.\" \/>\n<meta name=\"robots\" content=\"index, follow, max-snippet:-1, max-image-preview:large, max-video-preview:-1\" \/>\n<link rel=\"canonical\" href=\"https:\/\/miralles1986.com\/en\/product\/camisa-con-maxiflores-etro\/\" \/>\n<meta property=\"og:locale\" content=\"en_GB\" \/>\n<meta property=\"og:type\" content=\"article\" \/>\n<meta property=\"og:title\" content=\"Camisa con Maxiflores Etro - Miralles 1986\" \/>\n<meta property=\"og:description\" content=\"Camisa Etro con estampado decorativo multicolor. Elegancia italiana con esp\u00edritu art\u00edstico y confecci\u00f3n premium. Disponible en el cat\u00e1logo Primavera-Verano.\" \/>\n<meta property=\"og:url\" content=\"https:\/\/miralles1986.com\/en\/product\/camisa-con-maxiflores-etro\/\" \/>\n<meta property=\"og:site_name\" content=\"Miralles 1986\" \/>\n<meta property=\"article:publisher\" content=\"https:\/\/www.facebook.com\/miralles1986\" \/>\n<meta property=\"article:modified_time\" content=\"2025-09-24T19:35:34+00:00\" \/>\n<meta property=\"og:image\" content=\"https:\/\/miralles1986.com\/wp-content\/uploads\/2025\/06\/camisa-maxiflores-etro.jpg\" \/>\n\t<meta property=\"og:image:width\" content=\"1000\" \/>\n\t<meta property=\"og:image:height\" content=\"1000\" \/>\n\t<meta property=\"og:image:type\" content=\"image\/jpeg\" \/>\n<meta name=\"twitter:card\" content=\"summary_large_image\" \/>\n<meta name=\"twitter:label1\" content=\"Estimated reading time\" \/>\n\t<meta name=\"twitter:data1\" content=\"1 minute\" \/>\n<script type=\"application\/ld+json\" class=\"yoast-schema-graph\">{\"@context\":\"https:\\\/\\\/schema.org\",\"@graph\":[{\"@type\":\"WebPage\",\"@id\":\"https:\\\/\\\/miralles1986.com\\\/producto\\\/camisa-con-maxiflores-etro\\\/\",\"url\":\"https:\\\/\\\/miralles1986.com\\\/producto\\\/camisa-con-maxiflores-etro\\\/\",\"name\":\"Camisa con Maxiflores Etro - Miralles 1986\",\"isPartOf\":{\"@id\":\"https:\\\/\\\/miralles1986.com\\\/#website\"},\"primaryImageOfPage\":{\"@id\":\"https:\\\/\\\/miralles1986.com\\\/producto\\\/camisa-con-maxiflores-etro\\\/#primaryimage\"},\"image\":{\"@id\":\"https:\\\/\\\/miralles1986.com\\\/producto\\\/camisa-con-maxiflores-etro\\\/#primaryimage\"},\"thumbnailUrl\":\"https:\\\/\\\/miralles1986.com\\\/wp-content\\\/uploads\\\/2025\\\/06\\\/camisa-maxiflores-etro.jpg\",\"datePublished\":\"2025-06-17T19:56:38+00:00\",\"dateModified\":\"2025-09-24T19:35:34+00:00\",\"description\":\"Camisa Etro con estampado decorativo multicolor. Elegancia italiana con esp\u00edritu art\u00edstico y confecci\u00f3n premium. Disponible en el cat\u00e1logo Primavera-Verano.\",\"breadcrumb\":{\"@id\":\"https:\\\/\\\/miralles1986.com\\\/producto\\\/camisa-con-maxiflores-etro\\\/#breadcrumb\"},\"inLanguage\":\"en-GB\",\"potentialAction\":[{\"@type\":\"ReadAction\",\"target\":[\"https:\\\/\\\/miralles1986.com\\\/producto\\\/camisa-con-maxiflores-etro\\\/\"]}]},{\"@type\":\"ImageObject\",\"inLanguage\":\"en-GB\",\"@id\":\"https:\\\/\\\/miralles1986.com\\\/producto\\\/camisa-con-maxiflores-etro\\\/#primaryimage\",\"url\":\"https:\\\/\\\/miralles1986.com\\\/wp-content\\\/uploads\\\/2025\\\/06\\\/camisa-maxiflores-etro.jpg\",\"contentUrl\":\"https:\\\/\\\/miralles1986.com\\\/wp-content\\\/uploads\\\/2025\\\/06\\\/camisa-maxiflores-etro.jpg\",\"width\":1000,\"height\":1000,\"caption\":\"Camisa Maxiflores Etro\"},{\"@type\":\"BreadcrumbList\",\"@id\":\"https:\\\/\\\/miralles1986.com\\\/producto\\\/camisa-con-maxiflores-etro\\\/#breadcrumb\",\"itemListElement\":[{\"@type\":\"ListItem\",\"position\":1,\"name\":\"Portada\",\"item\":\"https:\\\/\\\/miralles1986.com\\\/\"},{\"@type\":\"ListItem\",\"position\":2,\"name\":\"Ropa de lujo para hombre | Stone Island, Y-3, C.P. Company\",\"item\":\"https:\\\/\\\/miralles1986.com\\\/tienda\\\/\"},{\"@type\":\"ListItem\",\"position\":3,\"name\":\"Camisa con Maxiflores Etro\"}]},{\"@type\":\"WebSite\",\"@id\":\"https:\\\/\\\/miralles1986.com\\\/#website\",\"url\":\"https:\\\/\\\/miralles1986.com\\\/\",\"name\":\"Miralles 1986\",\"description\":\"Moda masculina de lujo en Valencia\",\"publisher\":{\"@id\":\"https:\\\/\\\/miralles1986.com\\\/#organization\"},\"potentialAction\":[{\"@type\":\"SearchAction\",\"target\":{\"@type\":\"EntryPoint\",\"urlTemplate\":\"https:\\\/\\\/miralles1986.com\\\/?s={search_term_string}\"},\"query-input\":{\"@type\":\"PropertyValueSpecification\",\"valueRequired\":true,\"valueName\":\"search_term_string\"}}],\"inLanguage\":\"en-GB\"},{\"@type\":\"Organization\",\"@id\":\"https:\\\/\\\/miralles1986.com\\\/#organization\",\"name\":\"Miralles 1986\",\"alternateName\":\"Miralles\",\"url\":\"https:\\\/\\\/miralles1986.com\\\/\",\"logo\":{\"@type\":\"ImageObject\",\"inLanguage\":\"en-GB\",\"@id\":\"https:\\\/\\\/miralles1986.com\\\/#\\\/schema\\\/logo\\\/image\\\/\",\"url\":\"https:\\\/\\\/miralles1986.com\\\/wp-content\\\/uploads\\\/2024\\\/09\\\/logo-miralles-1986-pequeno-bl.png\",\"contentUrl\":\"https:\\\/\\\/miralles1986.com\\\/wp-content\\\/uploads\\\/2024\\\/09\\\/logo-miralles-1986-pequeno-bl.png\",\"width\":201,\"height\":73,\"caption\":\"Miralles 1986\"},\"image\":{\"@id\":\"https:\\\/\\\/miralles1986.com\\\/#\\\/schema\\\/logo\\\/image\\\/\"},\"sameAs\":[\"https:\\\/\\\/www.facebook.com\\\/miralles1986\",\"https:\\\/\\\/www.instagram.com\\\/miralles1986_\\\/\"]}]}<\/script>\n<!-- \/ Yoast SEO plugin. -->","yoast_head_json":{"title":"Shirt with Maxi Flowers Etro - Miralles 1986","description":"Etro shirt with a multicolored decorative print. Italian elegance with an artistic flair and premium tailoring. Available in the Spring\/Summer catalog.","robots":{"index":"index","follow":"follow","max-snippet":"max-snippet:-1","max-image-preview":"max-image-preview:large","max-video-preview":"max-video-preview:-1"},"canonical":"https:\/\/miralles1986.com\/en\/product\/camisa-con-maxiflores-etro\/","og_locale":"en_GB","og_type":"article","og_title":"Camisa con Maxiflores Etro - Miralles 1986","og_description":"Camisa Etro con estampado decorativo multicolor. Elegancia italiana con esp\u00edritu art\u00edstico y confecci\u00f3n premium. Disponible en el cat\u00e1logo Primavera-Verano.","og_url":"https:\/\/miralles1986.com\/en\/product\/camisa-con-maxiflores-etro\/","og_site_name":"Miralles 1986","article_publisher":"https:\/\/www.facebook.com\/miralles1986","article_modified_time":"2025-09-24T19:35:34+00:00","og_image":[{"width":1000,"height":1000,"url":"https:\/\/miralles1986.com\/wp-content\/uploads\/2025\/06\/camisa-maxiflores-etro.jpg","type":"image\/jpeg"}],"twitter_card":"summary_large_image","twitter_misc":{"Estimated reading time":"1 minute"},"schema":{"@context":"https:\/\/schema.org","@graph":[{"@type":"WebPage","@id":"https:\/\/miralles1986.com\/producto\/camisa-con-maxiflores-etro\/","url":"https:\/\/miralles1986.com\/producto\/camisa-con-maxiflores-etro\/","name":"Shirt with Maxi Flowers Etro - Miralles 1986","isPartOf":{"@id":"https:\/\/miralles1986.com\/#website"},"primaryImageOfPage":{"@id":"https:\/\/miralles1986.com\/producto\/camisa-con-maxiflores-etro\/#primaryimage"},"image":{"@id":"https:\/\/miralles1986.com\/producto\/camisa-con-maxiflores-etro\/#primaryimage"},"thumbnailUrl":"https:\/\/miralles1986.com\/wp-content\/uploads\/2025\/06\/camisa-maxiflores-etro.jpg","datePublished":"2025-06-17T19:56:38+00:00","dateModified":"2025-09-24T19:35:34+00:00","description":"Etro shirt with a multicolored decorative print. Italian elegance with an artistic flair and premium tailoring. Available in the Spring\/Summer catalog.","breadcrumb":{"@id":"https:\/\/miralles1986.com\/producto\/camisa-con-maxiflores-etro\/#breadcrumb"},"inLanguage":"en-GB","potentialAction":[{"@type":"ReadAction","target":["https:\/\/miralles1986.com\/producto\/camisa-con-maxiflores-etro\/"]}]},{"@type":"ImageObject","inLanguage":"en-GB","@id":"https:\/\/miralles1986.com\/producto\/camisa-con-maxiflores-etro\/#primaryimage","url":"https:\/\/miralles1986.com\/wp-content\/uploads\/2025\/06\/camisa-maxiflores-etro.jpg","contentUrl":"https:\/\/miralles1986.com\/wp-content\/uploads\/2025\/06\/camisa-maxiflores-etro.jpg","width":1000,"height":1000,"caption":"Camisa Maxiflores Etro"},{"@type":"BreadcrumbList","@id":"https:\/\/miralles1986.com\/producto\/camisa-con-maxiflores-etro\/#breadcrumb","itemListElement":[{"@type":"ListItem","position":1,"name":"Portada","item":"https:\/\/miralles1986.com\/"},{"@type":"ListItem","position":2,"name":"Ropa de lujo para hombre | Stone Island, Y-3, C.P. Company","item":"https:\/\/miralles1986.com\/tienda\/"},{"@type":"ListItem","position":3,"name":"Camisa con Maxiflores Etro"}]},{"@type":"WebSite","@id":"https:\/\/miralles1986.com\/#website","url":"https:\/\/miralles1986.com\/","name":"Miralles 1986","description":"Luxury men&#039;s fashion in Valencia","publisher":{"@id":"https:\/\/miralles1986.com\/#organization"},"potentialAction":[{"@type":"SearchAction","target":{"@type":"EntryPoint","urlTemplate":"https:\/\/miralles1986.com\/?s={search_term_string}"},"query-input":{"@type":"PropertyValueSpecification","valueRequired":true,"valueName":"search_term_string"}}],"inLanguage":"en-GB"},{"@type":"Organization","@id":"https:\/\/miralles1986.com\/#organization","name":"Miralles 1986","alternateName":"Miralles","url":"https:\/\/miralles1986.com\/","logo":{"@type":"ImageObject","inLanguage":"en-GB","@id":"https:\/\/miralles1986.com\/#\/schema\/logo\/image\/","url":"https:\/\/miralles1986.com\/wp-content\/uploads\/2024\/09\/logo-miralles-1986-pequeno-bl.png","contentUrl":"https:\/\/miralles1986.com\/wp-content\/uploads\/2024\/09\/logo-miralles-1986-pequeno-bl.png","width":201,"height":73,"caption":"Miralles 1986"},"image":{"@id":"https:\/\/miralles1986.com\/#\/schema\/logo\/image\/"},"sameAs":["https:\/\/www.facebook.com\/miralles1986","https:\/\/www.instagram.com\/miralles1986_\/"]}]}},"brands":[{"id":782,"name":"Etro","slug":"etro"}],"_links":{"self":[{"href":"https:\/\/miralles1986.com\/en\/wp-json\/wp\/v2\/product\/11714","targetHints":{"allow":["GET"]}}],"collection":[{"href":"https:\/\/miralles1986.com\/en\/wp-json\/wp\/v2\/product"}],"about":[{"href":"https:\/\/miralles1986.com\/en\/wp-json\/wp\/v2\/types\/product"}],"replies":[{"embeddable":true,"href":"https:\/\/miralles1986.com\/en\/wp-json\/wp\/v2\/comments?post=11714"}],"wp:featuredmedia":[{"embeddable":true,"href":"https:\/\/miralles1986.com\/en\/wp-json\/wp\/v2\/media\/11724"}],"wp:attachment":[{"href":"https:\/\/miralles1986.com\/en\/wp-json\/wp\/v2\/media?parent=11714"}],"wp:term":[{"taxonomy":"pwb-brand","embeddable":true,"href":"https:\/\/miralles1986.com\/en\/wp-json\/wp\/v2\/pwb-brand?post=11714"},{"taxonomy":"product_brand","embeddable":true,"href":"https:\/\/miralles1986.com\/en\/wp-json\/wp\/v2\/product_brand?post=11714"},{"taxonomy":"product_cat","embeddable":true,"href":"https:\/\/miralles1986.com\/en\/wp-json\/wp\/v2\/product_cat?post=11714"},{"taxonomy":"product_tag","embeddable":true,"href":"https:\/\/miralles1986.com\/en\/wp-json\/wp\/v2\/product_tag?post=11714"}],"curies":[{"name":"wp","href":"https:\/\/api.w.org\/{rel}","templated":true}]}}