{"id":11745,"date":"2025-06-18T19:42:33","date_gmt":"2025-06-18T17:42:33","guid":{"rendered":"https:\/\/miralles1986.com\/?post_type=product&#038;p=11745"},"modified":"2026-03-26T12:25:33","modified_gmt":"2026-03-26T11:25:33","slug":"chaqueta-manolo-km-blu-u0948-moorer","status":"publish","type":"product","link":"https:\/\/miralles1986.com\/en\/producto\/chaqueta-manolo-km-blu-u0948-moorer\/","title":{"rendered":"Manolo-KM Blue Jacket U0948 MooRER"},"content":{"rendered":"<p data-start=\"210\" data-end=\"569\">The <strong><a href=\"https:\/\/miralles1986.com\/en\/product-category\/clothes\/jackets\/sports-jackets\/\">jacket<\/a> Manolo-KM Blu U0948 of <a href=\"https:\/\/miralles1986.com\/en\/brand\/moorer\/\">Moore<\/a><\/strong>\u00a0It&#039;s a sophisticated reinterpretation of the classic jacket <em data-start=\"293\" data-end=\"307\">field jacket<\/em>, Designed for the urban man who values design, functionality, and understated luxury. Crafted from a technical fabric. <strong data-start=\"433\" data-end=\"468\">polyester taffeta gabardine<\/strong>, This jacket offers <strong data-start=\"491\" data-end=\"526\">wind and water resistance<\/strong>, maintaining a light and fluid aesthetic.<\/p>\n<p data-start=\"571\" data-end=\"806\">His court <strong data-start=\"580\" data-end=\"605\">clean and structured<\/strong>, The front patch pockets, along with the details, reinforce its refined military inspiration, while the <strong data-start=\"711\" data-end=\"741\">\u201cshape memory\u201d treatment\u201d<\/strong> The fabric allows it to retain its shape even with daily use.<\/p>\n<p data-start=\"808\" data-end=\"977\">With a timeless, deep blue hue and impeccable tailoring, it is a versatile garment that adapts to both formal settings and a sophisticated casual look.<\/p>\n<p data-start=\"979\" data-end=\"1075\">Available in <a href=\"https:\/\/miralles1986.com\/en\/\"><strong data-start=\"993\" data-end=\"1010\">Miralles 1986<\/strong><\/a>, a leading boutique in luxury men&#039;s fashion in Valencia.<\/p>\n<p data-start=\"1077\" data-end=\"1097\"><strong data-start=\"1077\" data-end=\"1097\">Characteristics:<\/strong><\/p>\n<ul data-start=\"1098\" data-end=\"1385\">\n<li data-start=\"1098\" data-end=\"1130\">\n<p data-start=\"1100\" data-end=\"1130\">Color: deep blue (<em data-start=\"1122\" data-end=\"1127\">blu<\/em>)<\/p>\n<\/li>\n<li data-start=\"1131\" data-end=\"1193\">\n<p data-start=\"1133\" data-end=\"1193\">Style: Lightweight jacket <em data-start=\"1162\" data-end=\"1176\">field jacket<\/em>, without padding<\/p>\n<\/li>\n<li data-start=\"1194\" data-end=\"1236\">\n<p data-start=\"1196\" data-end=\"1236\">Technical fabric with shape-memory effect<\/p>\n<\/li>\n<li data-start=\"1237\" data-end=\"1273\">\n<p data-start=\"1239\" data-end=\"1273\">Patch pockets with flap<\/p>\n<\/li>\n<li data-start=\"1274\" data-end=\"1334\">\n<p data-start=\"1276\" data-end=\"1334\">Front closure with snap buttons and concealed zip<\/p>\n<\/li>\n<li data-start=\"1335\" data-end=\"1361\">\n<p data-start=\"1337\" data-end=\"1361\">Elegant regular fit<\/p>\n<\/li>\n<li data-start=\"1362\" data-end=\"1385\">\n<p data-start=\"1364\" data-end=\"1385\">Made in Italy<\/p>\n<\/li>\n<\/ul>\n<p>The <strong><a href=\"https:\/\/miralles1986.com\/en\/product-category\/clothes\/jackets\/sports-jackets\/\">jacket<\/a> Manolo-KM Blu U0948 of <a href=\"https:\/\/miralles1986.com\/en\/brand\/moorer\/\">Moore<\/a><\/strong> It is available in Miralles 1986.<\/p>","protected":false},"excerpt":{"rendered":"<p data-start=\"277\" data-end=\"409\"><strong><a href=\"https:\/\/miralles1986.com\/en\/product-category\/clothes\/jackets\/sports-jackets\/\">Jacket<\/a> <a href=\"https:\/\/miralles1986.com\/en\/brand\/moorer\/\">Moore<\/a> <\/strong>Manolo-KM in blue technical fabric. Country style design with a refined cut and high-end Italian tailoring.<\/p>","protected":false},"featured_media":11760,"comment_status":"closed","ping_status":"closed","template":"","meta":[],"pwb-brand":[747],"product_brand":[818],"product_cat":[167,773,168],"product_tag":[171,755,804,756],"class_list":{"0":"post-11745","1":"product","2":"type-product","3":"status-publish","4":"has-post-thumbnail","6":"pwb-brand-moorer","7":"product_brand-tienda-miralles","8":"product_cat-chaquetas","9":"product_cat-chaquetas-deportivas","10":"product_cat-ropa","11":"product_tag-chaquetas","12":"product_tag-moda-hombre","13":"product_tag-moorer","14":"product_tag-primavera-verano-2025","15":"pa_color-blu-u0498","16":"pa_composicion-poliamida","17":"pa_composicion-poliester","18":"pa_tamano-69","19":"pa_tamano-71","20":"pa_tamano-73","21":"pa_tamano-75","22":"pa_tamano-77","24":"first","25":"instock","26":"featured","27":"sold-individually","28":"taxable","29":"shipping-taxable","30":"purchasable","31":"product-type-variable"},"supplier_id":null,"supplier_sku":"","barcode":null,"atum_controlled":true,"out_stock_date":null,"out_stock_threshold":null,"inheritable":true,"inbound_stock":0,"stock_on_hold":0,"sold_today":0,"sales_last_days":0,"reserved_stock":0,"customer_returns":null,"warehouse_damage":null,"lost_in_post":null,"other_logs":null,"out_stock_days":0,"lost_sales":0,"has_location":false,"update_date":"2026-04-10T15:26:07","atum_locations":[],"atum_stock_status":"instock","restock_status":false,"low_stock_amount":"","sales_update_date":"2026-04-10T15:26:07","calc_backorders":null,"yoast_head":"<!-- This site is optimized with the Yoast SEO plugin v27.5 - https:\/\/yoast.com\/product\/yoast-seo-wordpress\/ -->\n<title>Chaqueta Manolo-KM Blu U0948 MooRER - Miralles 1986<\/title>\n<meta name=\"description\" content=\"Chaqueta MooRER Manolo-KM en tejido t\u00e9cnico azul. Dise\u00f1o estilo campo con corte refinado y confecci\u00f3n italiana de alta gama.\" \/>\n<meta name=\"robots\" content=\"index, follow, max-snippet:-1, max-image-preview:large, max-video-preview:-1\" \/>\n<link rel=\"canonical\" href=\"https:\/\/miralles1986.com\/en\/product\/chaqueta-manolo-km-blu-u0948-moorer\/\" \/>\n<meta property=\"og:locale\" content=\"en_GB\" \/>\n<meta property=\"og:type\" content=\"article\" \/>\n<meta property=\"og:title\" content=\"Chaqueta Manolo-KM Blu U0948 MooRER - Miralles 1986\" \/>\n<meta property=\"og:description\" content=\"Chaqueta MooRER Manolo-KM en tejido t\u00e9cnico azul. Dise\u00f1o estilo campo con corte refinado y confecci\u00f3n italiana de alta gama.\" \/>\n<meta property=\"og:url\" content=\"https:\/\/miralles1986.com\/en\/product\/chaqueta-manolo-km-blu-u0948-moorer\/\" \/>\n<meta property=\"og:site_name\" content=\"Miralles 1986\" \/>\n<meta property=\"article:publisher\" content=\"https:\/\/www.facebook.com\/miralles1986\" \/>\n<meta property=\"article:modified_time\" content=\"2026-03-26T11:25:33+00:00\" \/>\n<meta property=\"og:image\" content=\"https:\/\/miralles1986.com\/wp-content\/uploads\/2025\/06\/chaqueta-manolo-km-blue-moorer-2.jpg\" \/>\n\t<meta property=\"og:image:width\" content=\"1000\" \/>\n\t<meta property=\"og:image:height\" content=\"1000\" \/>\n\t<meta property=\"og:image:type\" content=\"image\/jpeg\" \/>\n<meta name=\"twitter:card\" content=\"summary_large_image\" \/>\n<meta name=\"twitter:label1\" content=\"Estimated reading time\" \/>\n\t<meta name=\"twitter:data1\" content=\"2 minutes\" \/>\n<script type=\"application\/ld+json\" class=\"yoast-schema-graph\">{\"@context\":\"https:\\\/\\\/schema.org\",\"@graph\":[{\"@type\":\"WebPage\",\"@id\":\"https:\\\/\\\/miralles1986.com\\\/producto\\\/chaqueta-manolo-km-blu-u0948-moorer\\\/\",\"url\":\"https:\\\/\\\/miralles1986.com\\\/producto\\\/chaqueta-manolo-km-blu-u0948-moorer\\\/\",\"name\":\"Chaqueta Manolo-KM Blu U0948 MooRER - Miralles 1986\",\"isPartOf\":{\"@id\":\"https:\\\/\\\/miralles1986.com\\\/#website\"},\"primaryImageOfPage\":{\"@id\":\"https:\\\/\\\/miralles1986.com\\\/producto\\\/chaqueta-manolo-km-blu-u0948-moorer\\\/#primaryimage\"},\"image\":{\"@id\":\"https:\\\/\\\/miralles1986.com\\\/producto\\\/chaqueta-manolo-km-blu-u0948-moorer\\\/#primaryimage\"},\"thumbnailUrl\":\"https:\\\/\\\/miralles1986.com\\\/wp-content\\\/uploads\\\/2025\\\/06\\\/chaqueta-manolo-km-blue-moorer-2.jpg\",\"datePublished\":\"2025-06-18T17:42:33+00:00\",\"dateModified\":\"2026-03-26T11:25:33+00:00\",\"description\":\"Chaqueta MooRER Manolo-KM en tejido t\u00e9cnico azul. Dise\u00f1o estilo campo con corte refinado y confecci\u00f3n italiana de alta gama.\",\"breadcrumb\":{\"@id\":\"https:\\\/\\\/miralles1986.com\\\/producto\\\/chaqueta-manolo-km-blu-u0948-moorer\\\/#breadcrumb\"},\"inLanguage\":\"en-GB\",\"potentialAction\":[{\"@type\":\"ReadAction\",\"target\":[\"https:\\\/\\\/miralles1986.com\\\/producto\\\/chaqueta-manolo-km-blu-u0948-moorer\\\/\"]}]},{\"@type\":\"ImageObject\",\"inLanguage\":\"en-GB\",\"@id\":\"https:\\\/\\\/miralles1986.com\\\/producto\\\/chaqueta-manolo-km-blu-u0948-moorer\\\/#primaryimage\",\"url\":\"https:\\\/\\\/miralles1986.com\\\/wp-content\\\/uploads\\\/2025\\\/06\\\/chaqueta-manolo-km-blue-moorer-2.jpg\",\"contentUrl\":\"https:\\\/\\\/miralles1986.com\\\/wp-content\\\/uploads\\\/2025\\\/06\\\/chaqueta-manolo-km-blue-moorer-2.jpg\",\"width\":1000,\"height\":1000,\"caption\":\"Chaqueta Manolo KM Blue Moorer\"},{\"@type\":\"BreadcrumbList\",\"@id\":\"https:\\\/\\\/miralles1986.com\\\/producto\\\/chaqueta-manolo-km-blu-u0948-moorer\\\/#breadcrumb\",\"itemListElement\":[{\"@type\":\"ListItem\",\"position\":1,\"name\":\"Portada\",\"item\":\"https:\\\/\\\/miralles1986.com\\\/\"},{\"@type\":\"ListItem\",\"position\":2,\"name\":\"Ropa de lujo para hombre | Stone Island, Y-3, C.P. Company\",\"item\":\"https:\\\/\\\/miralles1986.com\\\/tienda\\\/\"},{\"@type\":\"ListItem\",\"position\":3,\"name\":\"Chaqueta Manolo-KM Blu U0948 MooRER\"}]},{\"@type\":\"WebSite\",\"@id\":\"https:\\\/\\\/miralles1986.com\\\/#website\",\"url\":\"https:\\\/\\\/miralles1986.com\\\/\",\"name\":\"Miralles 1986\",\"description\":\"Moda masculina de lujo en Valencia\",\"publisher\":{\"@id\":\"https:\\\/\\\/miralles1986.com\\\/#organization\"},\"potentialAction\":[{\"@type\":\"SearchAction\",\"target\":{\"@type\":\"EntryPoint\",\"urlTemplate\":\"https:\\\/\\\/miralles1986.com\\\/?s={search_term_string}\"},\"query-input\":{\"@type\":\"PropertyValueSpecification\",\"valueRequired\":true,\"valueName\":\"search_term_string\"}}],\"inLanguage\":\"en-GB\"},{\"@type\":\"Organization\",\"@id\":\"https:\\\/\\\/miralles1986.com\\\/#organization\",\"name\":\"Miralles 1986\",\"alternateName\":\"Miralles\",\"url\":\"https:\\\/\\\/miralles1986.com\\\/\",\"logo\":{\"@type\":\"ImageObject\",\"inLanguage\":\"en-GB\",\"@id\":\"https:\\\/\\\/miralles1986.com\\\/#\\\/schema\\\/logo\\\/image\\\/\",\"url\":\"https:\\\/\\\/miralles1986.com\\\/wp-content\\\/uploads\\\/2024\\\/09\\\/logo-miralles-1986-pequeno-bl.png\",\"contentUrl\":\"https:\\\/\\\/miralles1986.com\\\/wp-content\\\/uploads\\\/2024\\\/09\\\/logo-miralles-1986-pequeno-bl.png\",\"width\":201,\"height\":73,\"caption\":\"Miralles 1986\"},\"image\":{\"@id\":\"https:\\\/\\\/miralles1986.com\\\/#\\\/schema\\\/logo\\\/image\\\/\"},\"sameAs\":[\"https:\\\/\\\/www.facebook.com\\\/miralles1986\",\"https:\\\/\\\/www.instagram.com\\\/miralles1986_\\\/\"]}]}<\/script>\n<!-- \/ Yoast SEO plugin. -->","yoast_head_json":{"title":"Manolo-KM Blu Jacket U0948 MooRER - Miralles 1986","description":"Manolo-KM MooRER jacket in blue technical fabric. Country-style design with a refined cut and high-end Italian craftsmanship.","robots":{"index":"index","follow":"follow","max-snippet":"max-snippet:-1","max-image-preview":"max-image-preview:large","max-video-preview":"max-video-preview:-1"},"canonical":"https:\/\/miralles1986.com\/en\/product\/chaqueta-manolo-km-blu-u0948-moorer\/","og_locale":"en_GB","og_type":"article","og_title":"Chaqueta Manolo-KM Blu U0948 MooRER - Miralles 1986","og_description":"Chaqueta MooRER Manolo-KM en tejido t\u00e9cnico azul. Dise\u00f1o estilo campo con corte refinado y confecci\u00f3n italiana de alta gama.","og_url":"https:\/\/miralles1986.com\/en\/product\/chaqueta-manolo-km-blu-u0948-moorer\/","og_site_name":"Miralles 1986","article_publisher":"https:\/\/www.facebook.com\/miralles1986","article_modified_time":"2026-03-26T11:25:33+00:00","og_image":[{"width":1000,"height":1000,"url":"https:\/\/miralles1986.com\/wp-content\/uploads\/2025\/06\/chaqueta-manolo-km-blue-moorer-2.jpg","type":"image\/jpeg"}],"twitter_card":"summary_large_image","twitter_misc":{"Estimated reading time":"2 minutes"},"schema":{"@context":"https:\/\/schema.org","@graph":[{"@type":"WebPage","@id":"https:\/\/miralles1986.com\/producto\/chaqueta-manolo-km-blu-u0948-moorer\/","url":"https:\/\/miralles1986.com\/producto\/chaqueta-manolo-km-blu-u0948-moorer\/","name":"Manolo-KM Blu Jacket U0948 MooRER - Miralles 1986","isPartOf":{"@id":"https:\/\/miralles1986.com\/#website"},"primaryImageOfPage":{"@id":"https:\/\/miralles1986.com\/producto\/chaqueta-manolo-km-blu-u0948-moorer\/#primaryimage"},"image":{"@id":"https:\/\/miralles1986.com\/producto\/chaqueta-manolo-km-blu-u0948-moorer\/#primaryimage"},"thumbnailUrl":"https:\/\/miralles1986.com\/wp-content\/uploads\/2025\/06\/chaqueta-manolo-km-blue-moorer-2.jpg","datePublished":"2025-06-18T17:42:33+00:00","dateModified":"2026-03-26T11:25:33+00:00","description":"Manolo-KM MooRER jacket in blue technical fabric. Country-style design with a refined cut and high-end Italian craftsmanship.","breadcrumb":{"@id":"https:\/\/miralles1986.com\/producto\/chaqueta-manolo-km-blu-u0948-moorer\/#breadcrumb"},"inLanguage":"en-GB","potentialAction":[{"@type":"ReadAction","target":["https:\/\/miralles1986.com\/producto\/chaqueta-manolo-km-blu-u0948-moorer\/"]}]},{"@type":"ImageObject","inLanguage":"en-GB","@id":"https:\/\/miralles1986.com\/producto\/chaqueta-manolo-km-blu-u0948-moorer\/#primaryimage","url":"https:\/\/miralles1986.com\/wp-content\/uploads\/2025\/06\/chaqueta-manolo-km-blue-moorer-2.jpg","contentUrl":"https:\/\/miralles1986.com\/wp-content\/uploads\/2025\/06\/chaqueta-manolo-km-blue-moorer-2.jpg","width":1000,"height":1000,"caption":"Chaqueta Manolo KM Blue Moorer"},{"@type":"BreadcrumbList","@id":"https:\/\/miralles1986.com\/producto\/chaqueta-manolo-km-blu-u0948-moorer\/#breadcrumb","itemListElement":[{"@type":"ListItem","position":1,"name":"Portada","item":"https:\/\/miralles1986.com\/"},{"@type":"ListItem","position":2,"name":"Ropa de lujo para hombre | Stone Island, Y-3, C.P. Company","item":"https:\/\/miralles1986.com\/tienda\/"},{"@type":"ListItem","position":3,"name":"Chaqueta Manolo-KM Blu U0948 MooRER"}]},{"@type":"WebSite","@id":"https:\/\/miralles1986.com\/#website","url":"https:\/\/miralles1986.com\/","name":"Miralles 1986","description":"Luxury men&#039;s fashion in Valencia","publisher":{"@id":"https:\/\/miralles1986.com\/#organization"},"potentialAction":[{"@type":"SearchAction","target":{"@type":"EntryPoint","urlTemplate":"https:\/\/miralles1986.com\/?s={search_term_string}"},"query-input":{"@type":"PropertyValueSpecification","valueRequired":true,"valueName":"search_term_string"}}],"inLanguage":"en-GB"},{"@type":"Organization","@id":"https:\/\/miralles1986.com\/#organization","name":"Miralles 1986","alternateName":"Miralles","url":"https:\/\/miralles1986.com\/","logo":{"@type":"ImageObject","inLanguage":"en-GB","@id":"https:\/\/miralles1986.com\/#\/schema\/logo\/image\/","url":"https:\/\/miralles1986.com\/wp-content\/uploads\/2024\/09\/logo-miralles-1986-pequeno-bl.png","contentUrl":"https:\/\/miralles1986.com\/wp-content\/uploads\/2024\/09\/logo-miralles-1986-pequeno-bl.png","width":201,"height":73,"caption":"Miralles 1986"},"image":{"@id":"https:\/\/miralles1986.com\/#\/schema\/logo\/image\/"},"sameAs":["https:\/\/www.facebook.com\/miralles1986","https:\/\/www.instagram.com\/miralles1986_\/"]}]}},"brands":[{"id":747,"name":"Moorer","slug":"moorer"}],"_links":{"self":[{"href":"https:\/\/miralles1986.com\/en\/wp-json\/wp\/v2\/product\/11745","targetHints":{"allow":["GET"]}}],"collection":[{"href":"https:\/\/miralles1986.com\/en\/wp-json\/wp\/v2\/product"}],"about":[{"href":"https:\/\/miralles1986.com\/en\/wp-json\/wp\/v2\/types\/product"}],"replies":[{"embeddable":true,"href":"https:\/\/miralles1986.com\/en\/wp-json\/wp\/v2\/comments?post=11745"}],"wp:featuredmedia":[{"embeddable":true,"href":"https:\/\/miralles1986.com\/en\/wp-json\/wp\/v2\/media\/11760"}],"wp:attachment":[{"href":"https:\/\/miralles1986.com\/en\/wp-json\/wp\/v2\/media?parent=11745"}],"wp:term":[{"taxonomy":"pwb-brand","embeddable":true,"href":"https:\/\/miralles1986.com\/en\/wp-json\/wp\/v2\/pwb-brand?post=11745"},{"taxonomy":"product_brand","embeddable":true,"href":"https:\/\/miralles1986.com\/en\/wp-json\/wp\/v2\/product_brand?post=11745"},{"taxonomy":"product_cat","embeddable":true,"href":"https:\/\/miralles1986.com\/en\/wp-json\/wp\/v2\/product_cat?post=11745"},{"taxonomy":"product_tag","embeddable":true,"href":"https:\/\/miralles1986.com\/en\/wp-json\/wp\/v2\/product_tag?post=11745"}],"curies":[{"name":"wp","href":"https:\/\/api.w.org\/{rel}","templated":true}]}}