{"id":11838,"date":"2025-06-19T18:51:50","date_gmt":"2025-06-19T16:51:50","guid":{"rendered":"https:\/\/miralles1986.com\/?post_type=product&#038;p=11838"},"modified":"2026-03-11T13:49:42","modified_gmt":"2026-03-11T12:49:42","slug":"pantalone-ventura-85043-aspesi","status":"publish","type":"product","link":"https:\/\/miralles1986.com\/en\/producto\/pantalone-ventura-85043-aspesi\/","title":{"rendered":"Ventura pants 85043 Aspesi"},"content":{"rendered":"<p data-start=\"446\" data-end=\"777\">He <strong data-start=\"449\" data-end=\"485\"><a href=\"https:\/\/miralles1986.com\/en\/product-category\/clothes\/pants\/miralles-sport-trousers-1986\/\">pants<\/a> Ventura 85043 of <a href=\"https:\/\/miralles1986.com\/en\/brand\/aspesi\/\">Aspesi<\/a><\/strong> It&#039;s an essential garment for those seeking comfort and casual elegance in everyday life. Made from a <strong data-start=\"595\" data-end=\"620\">lightweight technical fabric<\/strong>, These trousers stand out for their <strong data-start=\"651\" data-end=\"669\">relaxed cut<\/strong>, <strong data-start=\"671\" data-end=\"712\">Elastic waistband with adjustable drawstring<\/strong> and a soft finish that easily adapts to any silhouette.<\/p>\n<p data-start=\"779\" data-end=\"1066\">Designed with a clean and contemporary aesthetic, the model features <strong data-start=\"848\" data-end=\"932\">side pockets, a welt back pocket and a slightly tapered hem<\/strong>, This makes it an ideal choice for both urban styles and for travel or work environments with a relaxed dress code.<\/p>\n<p data-start=\"1068\" data-end=\"1222\">Available in <a href=\"https:\/\/miralles1986.com\/en\/\"><strong data-start=\"1082\" data-end=\"1099\">Miralles 1986<\/strong><\/a>, The Ventura 85043 reflects Aspesi&#039;s commitment to functional design, textile quality, and sophisticated minimalism.<\/p>\n<p data-start=\"1224\" data-end=\"1244\"><strong data-start=\"1224\" data-end=\"1244\">Characteristics:<\/strong><\/p>\n<ul data-start=\"1245\" data-end=\"1500\">\n<li data-start=\"1245\" data-end=\"1270\">\n<p data-start=\"1247\" data-end=\"1270\">Model: Ventura 85043<\/p>\n<\/li>\n<li data-start=\"1271\" data-end=\"1311\">\n<p data-start=\"1273\" data-end=\"1311\">Lightweight and breathable technical fabric<\/p>\n<\/li>\n<li data-start=\"1312\" data-end=\"1355\">\n<p data-start=\"1314\" data-end=\"1355\">Color: according to variant (see data sheet)<\/p>\n<\/li>\n<li data-start=\"1356\" data-end=\"1387\">\n<p data-start=\"1358\" data-end=\"1387\">Elastic waistband with drawstring<\/p>\n<\/li>\n<li data-start=\"1388\" data-end=\"1412\">\n<p data-start=\"1390\" data-end=\"1412\">Relaxed straight cut<\/p>\n<\/li>\n<li data-start=\"1413\" data-end=\"1446\">\n<p data-start=\"1415\" data-end=\"1446\">Side and back pockets<\/p>\n<\/li>\n<li data-start=\"1447\" data-end=\"1476\">\n<p data-start=\"1449\" data-end=\"1476\">Slightly adjusted bass<\/p>\n<\/li>\n<li data-start=\"1477\" data-end=\"1500\">\n<p data-start=\"1479\" data-end=\"1500\">Made in Italy<\/p>\n<\/li>\n<\/ul>","protected":false},"excerpt":{"rendered":"<p data-start=\"90\" data-end=\"127\"><strong><a href=\"https:\/\/miralles1986.com\/en\/product-category\/clothes\/pants\/miralles-sport-trousers-1986\/\">Pants<\/a> <a href=\"https:\/\/miralles1986.com\/en\/brand\/aspesi\/\">Aspesi<\/a> <\/strong>Ventura 85043 relaxed fit. Lightweight fabric, elastic waistband and smart casual style with an Italian touch.<\/p>","protected":false},"featured_media":11984,"comment_status":"closed","ping_status":"closed","template":"","meta":[],"pwb-brand":[744],"product_brand":[818],"product_cat":[226,227,168],"product_tag":[805,755,392,756],"class_list":{"0":"post-11838","1":"product","2":"type-product","3":"status-publish","4":"has-post-thumbnail","6":"pwb-brand-aspesi","7":"product_brand-tienda-miralles","8":"product_cat-pantalones","9":"product_cat-pantalones-sport-miralles-1986","10":"product_cat-ropa","11":"product_tag-aspesi","12":"product_tag-moda-hombre","13":"product_tag-pantalones-sport","14":"product_tag-primavera-verano-2025","15":"pa_color-gris","16":"pa_composicion-algodon","17":"pa_tamano-l","18":"pa_tamano-m","19":"pa_tamano-s","20":"pa_tamano-xs","22":"first","23":"instock","24":"featured","25":"sold-individually","26":"taxable","27":"shipping-taxable","28":"purchasable","29":"product-type-variable"},"supplier_id":null,"supplier_sku":"","barcode":null,"atum_controlled":true,"out_stock_date":null,"out_stock_threshold":null,"inheritable":true,"inbound_stock":0,"stock_on_hold":0,"sold_today":0,"sales_last_days":0,"reserved_stock":0,"customer_returns":0,"warehouse_damage":0,"lost_in_post":0,"other_logs":0,"out_stock_days":0,"lost_sales":0,"has_location":false,"update_date":"2026-04-30T17:58:12","atum_locations":[],"atum_stock_status":"instock","restock_status":false,"low_stock_amount":"","sales_update_date":"2026-04-30T17:58:12","calc_backorders":null,"yoast_head":"<!-- This site is optimized with the Yoast SEO plugin v27.5 - https:\/\/yoast.com\/product\/yoast-seo-wordpress\/ -->\n<title>Pantal\u00f3n Ventura 85043 Aspesi - Miralles 1986<\/title>\n<meta name=\"description\" content=\"Pantal\u00f3n Aspesi Ventura 85043 de corte relajado. Tejido ligero, cintura el\u00e1stica y estilo casual elegante con sello italiano.\" \/>\n<meta name=\"robots\" content=\"index, follow, max-snippet:-1, max-image-preview:large, max-video-preview:-1\" \/>\n<link rel=\"canonical\" href=\"https:\/\/miralles1986.com\/en\/product\/pantalone-ventura-85043-aspesi\/\" \/>\n<meta property=\"og:locale\" content=\"en_GB\" \/>\n<meta property=\"og:type\" content=\"article\" \/>\n<meta property=\"og:title\" content=\"Pantal\u00f3n Ventura 85043 Aspesi - Miralles 1986\" \/>\n<meta property=\"og:description\" content=\"Pantal\u00f3n Aspesi Ventura 85043 de corte relajado. Tejido ligero, cintura el\u00e1stica y estilo casual elegante con sello italiano.\" \/>\n<meta property=\"og:url\" content=\"https:\/\/miralles1986.com\/en\/product\/pantalone-ventura-85043-aspesi\/\" \/>\n<meta property=\"og:site_name\" content=\"Miralles 1986\" \/>\n<meta property=\"article:publisher\" content=\"https:\/\/www.facebook.com\/miralles1986\" \/>\n<meta property=\"article:modified_time\" content=\"2026-03-11T12:49:42+00:00\" \/>\n<meta property=\"og:image\" content=\"https:\/\/miralles1986.com\/wp-content\/uploads\/2025\/06\/pantalone-ventura-85043-aspesi.jpg\" \/>\n\t<meta property=\"og:image:width\" content=\"1000\" \/>\n\t<meta property=\"og:image:height\" content=\"1000\" \/>\n\t<meta property=\"og:image:type\" content=\"image\/jpeg\" \/>\n<meta name=\"twitter:card\" content=\"summary_large_image\" \/>\n<meta name=\"twitter:label1\" content=\"Estimated reading time\" \/>\n\t<meta name=\"twitter:data1\" content=\"1 minute\" \/>\n<script type=\"application\/ld+json\" class=\"yoast-schema-graph\">{\"@context\":\"https:\\\/\\\/schema.org\",\"@graph\":[{\"@type\":\"WebPage\",\"@id\":\"https:\\\/\\\/miralles1986.com\\\/producto\\\/pantalone-ventura-85043-aspesi\\\/\",\"url\":\"https:\\\/\\\/miralles1986.com\\\/producto\\\/pantalone-ventura-85043-aspesi\\\/\",\"name\":\"Pantal\u00f3n Ventura 85043 Aspesi - Miralles 1986\",\"isPartOf\":{\"@id\":\"https:\\\/\\\/miralles1986.com\\\/#website\"},\"primaryImageOfPage\":{\"@id\":\"https:\\\/\\\/miralles1986.com\\\/producto\\\/pantalone-ventura-85043-aspesi\\\/#primaryimage\"},\"image\":{\"@id\":\"https:\\\/\\\/miralles1986.com\\\/producto\\\/pantalone-ventura-85043-aspesi\\\/#primaryimage\"},\"thumbnailUrl\":\"https:\\\/\\\/miralles1986.com\\\/wp-content\\\/uploads\\\/2025\\\/06\\\/pantalone-ventura-85043-aspesi.jpg\",\"datePublished\":\"2025-06-19T16:51:50+00:00\",\"dateModified\":\"2026-03-11T12:49:42+00:00\",\"description\":\"Pantal\u00f3n Aspesi Ventura 85043 de corte relajado. Tejido ligero, cintura el\u00e1stica y estilo casual elegante con sello italiano.\",\"breadcrumb\":{\"@id\":\"https:\\\/\\\/miralles1986.com\\\/producto\\\/pantalone-ventura-85043-aspesi\\\/#breadcrumb\"},\"inLanguage\":\"en-GB\",\"potentialAction\":[{\"@type\":\"ReadAction\",\"target\":[\"https:\\\/\\\/miralles1986.com\\\/producto\\\/pantalone-ventura-85043-aspesi\\\/\"]}]},{\"@type\":\"ImageObject\",\"inLanguage\":\"en-GB\",\"@id\":\"https:\\\/\\\/miralles1986.com\\\/producto\\\/pantalone-ventura-85043-aspesi\\\/#primaryimage\",\"url\":\"https:\\\/\\\/miralles1986.com\\\/wp-content\\\/uploads\\\/2025\\\/06\\\/pantalone-ventura-85043-aspesi.jpg\",\"contentUrl\":\"https:\\\/\\\/miralles1986.com\\\/wp-content\\\/uploads\\\/2025\\\/06\\\/pantalone-ventura-85043-aspesi.jpg\",\"width\":1000,\"height\":1000,\"caption\":\"Pantal\u00f3n Ventura 85043 Aspesi\"},{\"@type\":\"BreadcrumbList\",\"@id\":\"https:\\\/\\\/miralles1986.com\\\/producto\\\/pantalone-ventura-85043-aspesi\\\/#breadcrumb\",\"itemListElement\":[{\"@type\":\"ListItem\",\"position\":1,\"name\":\"Portada\",\"item\":\"https:\\\/\\\/miralles1986.com\\\/\"},{\"@type\":\"ListItem\",\"position\":2,\"name\":\"Ropa de lujo para hombre | Stone Island, Y-3, C.P. Company\",\"item\":\"https:\\\/\\\/miralles1986.com\\\/tienda\\\/\"},{\"@type\":\"ListItem\",\"position\":3,\"name\":\"Pantal\u00f3n Ventura 85043 Aspesi\"}]},{\"@type\":\"WebSite\",\"@id\":\"https:\\\/\\\/miralles1986.com\\\/#website\",\"url\":\"https:\\\/\\\/miralles1986.com\\\/\",\"name\":\"Miralles 1986\",\"description\":\"Moda masculina de lujo en Valencia\",\"publisher\":{\"@id\":\"https:\\\/\\\/miralles1986.com\\\/#organization\"},\"potentialAction\":[{\"@type\":\"SearchAction\",\"target\":{\"@type\":\"EntryPoint\",\"urlTemplate\":\"https:\\\/\\\/miralles1986.com\\\/?s={search_term_string}\"},\"query-input\":{\"@type\":\"PropertyValueSpecification\",\"valueRequired\":true,\"valueName\":\"search_term_string\"}}],\"inLanguage\":\"en-GB\"},{\"@type\":\"Organization\",\"@id\":\"https:\\\/\\\/miralles1986.com\\\/#organization\",\"name\":\"Miralles 1986\",\"alternateName\":\"Miralles\",\"url\":\"https:\\\/\\\/miralles1986.com\\\/\",\"logo\":{\"@type\":\"ImageObject\",\"inLanguage\":\"en-GB\",\"@id\":\"https:\\\/\\\/miralles1986.com\\\/#\\\/schema\\\/logo\\\/image\\\/\",\"url\":\"https:\\\/\\\/miralles1986.com\\\/wp-content\\\/uploads\\\/2024\\\/09\\\/logo-miralles-1986-pequeno-bl.png\",\"contentUrl\":\"https:\\\/\\\/miralles1986.com\\\/wp-content\\\/uploads\\\/2024\\\/09\\\/logo-miralles-1986-pequeno-bl.png\",\"width\":201,\"height\":73,\"caption\":\"Miralles 1986\"},\"image\":{\"@id\":\"https:\\\/\\\/miralles1986.com\\\/#\\\/schema\\\/logo\\\/image\\\/\"},\"sameAs\":[\"https:\\\/\\\/www.facebook.com\\\/miralles1986\",\"https:\\\/\\\/www.instagram.com\\\/miralles1986_\\\/\"]}]}<\/script>\n<!-- \/ Yoast SEO plugin. -->","yoast_head_json":{"title":"Ventura Trousers 85043 Aspesi - Miralles 1986","description":"Aspesi Ventura 85043 relaxed-fit trousers. Lightweight fabric, elasticated waistband, and smart casual style with an Italian touch.","robots":{"index":"index","follow":"follow","max-snippet":"max-snippet:-1","max-image-preview":"max-image-preview:large","max-video-preview":"max-video-preview:-1"},"canonical":"https:\/\/miralles1986.com\/en\/product\/pantalone-ventura-85043-aspesi\/","og_locale":"en_GB","og_type":"article","og_title":"Pantal\u00f3n Ventura 85043 Aspesi - Miralles 1986","og_description":"Pantal\u00f3n Aspesi Ventura 85043 de corte relajado. Tejido ligero, cintura el\u00e1stica y estilo casual elegante con sello italiano.","og_url":"https:\/\/miralles1986.com\/en\/product\/pantalone-ventura-85043-aspesi\/","og_site_name":"Miralles 1986","article_publisher":"https:\/\/www.facebook.com\/miralles1986","article_modified_time":"2026-03-11T12:49:42+00:00","og_image":[{"width":1000,"height":1000,"url":"https:\/\/miralles1986.com\/wp-content\/uploads\/2025\/06\/pantalone-ventura-85043-aspesi.jpg","type":"image\/jpeg"}],"twitter_card":"summary_large_image","twitter_misc":{"Estimated reading time":"1 minute"},"schema":{"@context":"https:\/\/schema.org","@graph":[{"@type":"WebPage","@id":"https:\/\/miralles1986.com\/producto\/pantalone-ventura-85043-aspesi\/","url":"https:\/\/miralles1986.com\/producto\/pantalone-ventura-85043-aspesi\/","name":"Ventura Trousers 85043 Aspesi - Miralles 1986","isPartOf":{"@id":"https:\/\/miralles1986.com\/#website"},"primaryImageOfPage":{"@id":"https:\/\/miralles1986.com\/producto\/pantalone-ventura-85043-aspesi\/#primaryimage"},"image":{"@id":"https:\/\/miralles1986.com\/producto\/pantalone-ventura-85043-aspesi\/#primaryimage"},"thumbnailUrl":"https:\/\/miralles1986.com\/wp-content\/uploads\/2025\/06\/pantalone-ventura-85043-aspesi.jpg","datePublished":"2025-06-19T16:51:50+00:00","dateModified":"2026-03-11T12:49:42+00:00","description":"Aspesi Ventura 85043 relaxed-fit trousers. Lightweight fabric, elasticated waistband, and smart casual style with an Italian touch.","breadcrumb":{"@id":"https:\/\/miralles1986.com\/producto\/pantalone-ventura-85043-aspesi\/#breadcrumb"},"inLanguage":"en-GB","potentialAction":[{"@type":"ReadAction","target":["https:\/\/miralles1986.com\/producto\/pantalone-ventura-85043-aspesi\/"]}]},{"@type":"ImageObject","inLanguage":"en-GB","@id":"https:\/\/miralles1986.com\/producto\/pantalone-ventura-85043-aspesi\/#primaryimage","url":"https:\/\/miralles1986.com\/wp-content\/uploads\/2025\/06\/pantalone-ventura-85043-aspesi.jpg","contentUrl":"https:\/\/miralles1986.com\/wp-content\/uploads\/2025\/06\/pantalone-ventura-85043-aspesi.jpg","width":1000,"height":1000,"caption":"Pantal\u00f3n Ventura 85043 Aspesi"},{"@type":"BreadcrumbList","@id":"https:\/\/miralles1986.com\/producto\/pantalone-ventura-85043-aspesi\/#breadcrumb","itemListElement":[{"@type":"ListItem","position":1,"name":"Portada","item":"https:\/\/miralles1986.com\/"},{"@type":"ListItem","position":2,"name":"Ropa de lujo para hombre | Stone Island, Y-3, C.P. Company","item":"https:\/\/miralles1986.com\/tienda\/"},{"@type":"ListItem","position":3,"name":"Pantal\u00f3n Ventura 85043 Aspesi"}]},{"@type":"WebSite","@id":"https:\/\/miralles1986.com\/#website","url":"https:\/\/miralles1986.com\/","name":"Miralles 1986","description":"Luxury men&#039;s fashion in Valencia","publisher":{"@id":"https:\/\/miralles1986.com\/#organization"},"potentialAction":[{"@type":"SearchAction","target":{"@type":"EntryPoint","urlTemplate":"https:\/\/miralles1986.com\/?s={search_term_string}"},"query-input":{"@type":"PropertyValueSpecification","valueRequired":true,"valueName":"search_term_string"}}],"inLanguage":"en-GB"},{"@type":"Organization","@id":"https:\/\/miralles1986.com\/#organization","name":"Miralles 1986","alternateName":"Miralles","url":"https:\/\/miralles1986.com\/","logo":{"@type":"ImageObject","inLanguage":"en-GB","@id":"https:\/\/miralles1986.com\/#\/schema\/logo\/image\/","url":"https:\/\/miralles1986.com\/wp-content\/uploads\/2024\/09\/logo-miralles-1986-pequeno-bl.png","contentUrl":"https:\/\/miralles1986.com\/wp-content\/uploads\/2024\/09\/logo-miralles-1986-pequeno-bl.png","width":201,"height":73,"caption":"Miralles 1986"},"image":{"@id":"https:\/\/miralles1986.com\/#\/schema\/logo\/image\/"},"sameAs":["https:\/\/www.facebook.com\/miralles1986","https:\/\/www.instagram.com\/miralles1986_\/"]}]}},"brands":[{"id":744,"name":"Aspesi","slug":"aspesi"}],"_links":{"self":[{"href":"https:\/\/miralles1986.com\/en\/wp-json\/wp\/v2\/product\/11838","targetHints":{"allow":["GET"]}}],"collection":[{"href":"https:\/\/miralles1986.com\/en\/wp-json\/wp\/v2\/product"}],"about":[{"href":"https:\/\/miralles1986.com\/en\/wp-json\/wp\/v2\/types\/product"}],"replies":[{"embeddable":true,"href":"https:\/\/miralles1986.com\/en\/wp-json\/wp\/v2\/comments?post=11838"}],"wp:featuredmedia":[{"embeddable":true,"href":"https:\/\/miralles1986.com\/en\/wp-json\/wp\/v2\/media\/11984"}],"wp:attachment":[{"href":"https:\/\/miralles1986.com\/en\/wp-json\/wp\/v2\/media?parent=11838"}],"wp:term":[{"taxonomy":"pwb-brand","embeddable":true,"href":"https:\/\/miralles1986.com\/en\/wp-json\/wp\/v2\/pwb-brand?post=11838"},{"taxonomy":"product_brand","embeddable":true,"href":"https:\/\/miralles1986.com\/en\/wp-json\/wp\/v2\/product_brand?post=11838"},{"taxonomy":"product_cat","embeddable":true,"href":"https:\/\/miralles1986.com\/en\/wp-json\/wp\/v2\/product_cat?post=11838"},{"taxonomy":"product_tag","embeddable":true,"href":"https:\/\/miralles1986.com\/en\/wp-json\/wp\/v2\/product_tag?post=11838"}],"curies":[{"name":"wp","href":"https:\/\/api.w.org\/{rel}","templated":true}]}}