{"id":11863,"date":"2025-06-19T19:28:21","date_gmt":"2025-06-19T17:28:21","guid":{"rendered":"https:\/\/miralles1986.com\/?post_type=product&#038;p=11863"},"modified":"2026-03-11T13:49:07","modified_gmt":"2026-03-11T12:49:07","slug":"mochila-borsa-mod-b","status":"publish","type":"product","link":"https:\/\/miralles1986.com\/en\/producto\/mochila-borsa-mod-b\/","title":{"rendered":"Borsa Backpack Mod. B011 85237 Military Aspesi"},"content":{"rendered":"<p data-start=\"481\" data-end=\"811\">The <strong data-start=\"484\" data-end=\"518\"><a href=\"https:\/\/miralles1986.com\/en\/product-category\/accessories\/backpacks\/\">backpack<\/a> Bag Mod. B011<\/strong> <strong>85237 Military of <a href=\"https:\/\/miralles1986.com\/en\/brand\/aspesi\/\">Aspesi<\/a><\/strong>\u00a0It combines technical design and minimalist aesthetics in a versatile and urban piece. Made in <strong data-start=\"614\" data-end=\"645\">durable nylon fabric<\/strong>, It features a washed-effect finish that enhances its utilitarian character, inspired by the military universe reinterpreted with the sober approach of the Italian firm.<\/p>\n<p data-start=\"813\" data-end=\"1166\">The color model <strong data-start=\"832\" data-end=\"844\">Military<\/strong> It incorporates a spacious main compartment, <strong data-start=\"890\" data-end=\"932\">flap closure with metal buckles<\/strong>, as well as functional exterior pockets. The adjustable, padded straps ensure comfort even during extended use, while its lightweight construction makes it ideal for both everyday use and weekend getaways.<\/p>\n<p data-start=\"1168\" data-end=\"1288\">Available in <a href=\"https:\/\/miralles1986.com\/en\/\"><strong data-start=\"1182\" data-end=\"1199\">Miralles 1986<\/strong><\/a>, The B011 backpack is a timeless piece that combines practicality and style with an Italian touch.<\/p>\n<p data-start=\"1290\" data-end=\"1310\"><strong data-start=\"1290\" data-end=\"1310\">Characteristics:<\/strong><\/p>\n<ul data-start=\"1311\" data-end=\"1592\">\n<li data-start=\"1311\" data-end=\"1351\">\n<p data-start=\"1313\" data-end=\"1351\">Model: Borsa Mod. B011 \u2013 ref. 85237<\/p>\n<\/li>\n<li data-start=\"1352\" data-end=\"1396\">\n<p data-start=\"1354\" data-end=\"1396\">Color: Military (worn olive green)<\/p>\n<\/li>\n<li data-start=\"1397\" data-end=\"1426\">\n<p data-start=\"1399\" data-end=\"1426\">Durable technical fabric<\/p>\n<\/li>\n<li data-start=\"1427\" data-end=\"1469\">\n<p data-start=\"1429\" data-end=\"1469\">Closure with flap and metal buckles<\/p>\n<\/li>\n<li data-start=\"1470\" data-end=\"1505\">\n<p data-start=\"1472\" data-end=\"1505\">Side and front pockets<\/p>\n<\/li>\n<li data-start=\"1506\" data-end=\"1539\">\n<p data-start=\"1508\" data-end=\"1539\">Adjustable padded straps<\/p>\n<\/li>\n<li data-start=\"1540\" data-end=\"1568\">\n<p data-start=\"1542\" data-end=\"1568\">Functional inner lining<\/p>\n<\/li>\n<li data-start=\"1569\" data-end=\"1592\">\n<p data-start=\"1571\" data-end=\"1592\">Made in Italy<\/p>\n<\/li>\n<\/ul>\n<p>The <strong data-start=\"484\" data-end=\"518\"><a href=\"https:\/\/miralles1986.com\/en\/product-category\/accessories\/backpacks\/\">backpack<\/a> Bag Mod. B011<\/strong> <strong>85237 Military of <a href=\"https:\/\/miralles1986.com\/en\/brand\/aspesi\/\">Aspesi<\/a> It is available in Miralles 1986.<\/strong><\/p>","protected":false},"excerpt":{"rendered":"<p data-start=\"90\" data-end=\"127\"><strong><a href=\"https:\/\/miralles1986.com\/en\/product-category\/accessories\/backpacks\/\">Backpack<\/a> <a href=\"https:\/\/miralles1986.com\/en\/brand\/aspesi\/\">Aspesi<\/a> <\/strong>B011 85237 in Military color. Functional design with utilitarian inspiration, multiple pockets and a durable technical finish.<\/p>","protected":false},"featured_media":12008,"comment_status":"closed","ping_status":"closed","template":"","meta":[],"pwb-brand":[744],"product_brand":[818],"product_cat":[215,424],"product_tag":[805,768,755,756],"class_list":{"0":"post-11863","1":"product","2":"type-product","3":"status-publish","4":"has-post-thumbnail","6":"pwb-brand-aspesi","7":"product_brand-tienda-miralles","8":"product_cat-accesorios","9":"product_cat-mochilas","10":"product_tag-aspesi","11":"product_tag-mochilas","12":"product_tag-moda-hombre","13":"product_tag-primavera-verano-2025","14":"pa_color-verde-militar","15":"pa_composicion-nailon","16":"pa_composicion-poliester","18":"first","19":"instock","20":"featured","21":"taxable","22":"shipping-taxable","23":"purchasable","24":"product-type-simple"},"supplier_id":null,"supplier_sku":"","barcode":null,"atum_controlled":true,"out_stock_date":null,"out_stock_threshold":null,"inheritable":false,"inbound_stock":0,"stock_on_hold":0,"sold_today":0,"sales_last_days":0,"reserved_stock":0,"customer_returns":0,"warehouse_damage":0,"lost_in_post":0,"other_logs":0,"out_stock_days":0,"lost_sales":0,"has_location":false,"update_date":"2026-04-30T17:58:12","atum_locations":[],"atum_stock_status":"instock","restock_status":false,"low_stock_amount":"","sales_update_date":"2026-04-30T17:58:12","calc_backorders":null,"yoast_head":"<!-- This site is optimized with the Yoast SEO plugin v27.5 - https:\/\/yoast.com\/product\/yoast-seo-wordpress\/ -->\n<title>Mochila Borsa Mod. B011 85237 Military Aspesi - Miralles 1986<\/title>\n<meta name=\"description\" content=\"La mochila Borsa Mod. B011 85237 Military de Aspesi\u00a0combina dise\u00f1o t\u00e9cnico y est\u00e9tica minimalista en una pieza vers\u00e1til y urbana.\" \/>\n<meta name=\"robots\" content=\"index, follow, max-snippet:-1, max-image-preview:large, max-video-preview:-1\" \/>\n<link rel=\"canonical\" href=\"https:\/\/miralles1986.com\/en\/product\/mochila-borsa-mod-b\/\" \/>\n<meta property=\"og:locale\" content=\"en_GB\" \/>\n<meta property=\"og:type\" content=\"article\" \/>\n<meta property=\"og:title\" content=\"Mochila Borsa Mod. B011 85237 Military Aspesi - Miralles 1986\" \/>\n<meta property=\"og:description\" content=\"La mochila Borsa Mod. B011 85237 Military de Aspesi\u00a0combina dise\u00f1o t\u00e9cnico y est\u00e9tica minimalista en una pieza vers\u00e1til y urbana.\" \/>\n<meta property=\"og:url\" content=\"https:\/\/miralles1986.com\/en\/product\/mochila-borsa-mod-b\/\" \/>\n<meta property=\"og:site_name\" content=\"Miralles 1986\" \/>\n<meta property=\"article:publisher\" content=\"https:\/\/www.facebook.com\/miralles1986\" \/>\n<meta property=\"article:modified_time\" content=\"2026-03-11T12:49:07+00:00\" \/>\n<meta property=\"og:image\" content=\"https:\/\/miralles1986.com\/wp-content\/uploads\/2025\/06\/mochila-borsa-mod-b011-85241-aspesi-33.jpg\" \/>\n\t<meta property=\"og:image:width\" content=\"1000\" \/>\n\t<meta property=\"og:image:height\" content=\"1000\" \/>\n\t<meta property=\"og:image:type\" content=\"image\/jpeg\" \/>\n<meta name=\"twitter:card\" content=\"summary_large_image\" \/>\n<meta name=\"twitter:label1\" content=\"Estimated reading time\" \/>\n\t<meta name=\"twitter:data1\" content=\"1 minute\" \/>\n<script type=\"application\/ld+json\" class=\"yoast-schema-graph\">{\"@context\":\"https:\\\/\\\/schema.org\",\"@graph\":[{\"@type\":\"WebPage\",\"@id\":\"https:\\\/\\\/miralles1986.com\\\/producto\\\/mochila-borsa-mod-b\\\/\",\"url\":\"https:\\\/\\\/miralles1986.com\\\/producto\\\/mochila-borsa-mod-b\\\/\",\"name\":\"Mochila Borsa Mod. B011 85237 Military Aspesi - Miralles 1986\",\"isPartOf\":{\"@id\":\"https:\\\/\\\/miralles1986.com\\\/#website\"},\"primaryImageOfPage\":{\"@id\":\"https:\\\/\\\/miralles1986.com\\\/producto\\\/mochila-borsa-mod-b\\\/#primaryimage\"},\"image\":{\"@id\":\"https:\\\/\\\/miralles1986.com\\\/producto\\\/mochila-borsa-mod-b\\\/#primaryimage\"},\"thumbnailUrl\":\"https:\\\/\\\/miralles1986.com\\\/wp-content\\\/uploads\\\/2025\\\/06\\\/mochila-borsa-mod-b011-85241-aspesi-33.jpg\",\"datePublished\":\"2025-06-19T17:28:21+00:00\",\"dateModified\":\"2026-03-11T12:49:07+00:00\",\"description\":\"La mochila Borsa Mod. B011 85237 Military de Aspesi\u00a0combina dise\u00f1o t\u00e9cnico y est\u00e9tica minimalista en una pieza vers\u00e1til y urbana.\",\"breadcrumb\":{\"@id\":\"https:\\\/\\\/miralles1986.com\\\/producto\\\/mochila-borsa-mod-b\\\/#breadcrumb\"},\"inLanguage\":\"en-GB\",\"potentialAction\":[{\"@type\":\"ReadAction\",\"target\":[\"https:\\\/\\\/miralles1986.com\\\/producto\\\/mochila-borsa-mod-b\\\/\"]}]},{\"@type\":\"ImageObject\",\"inLanguage\":\"en-GB\",\"@id\":\"https:\\\/\\\/miralles1986.com\\\/producto\\\/mochila-borsa-mod-b\\\/#primaryimage\",\"url\":\"https:\\\/\\\/miralles1986.com\\\/wp-content\\\/uploads\\\/2025\\\/06\\\/mochila-borsa-mod-b011-85241-aspesi-33.jpg\",\"contentUrl\":\"https:\\\/\\\/miralles1986.com\\\/wp-content\\\/uploads\\\/2025\\\/06\\\/mochila-borsa-mod-b011-85241-aspesi-33.jpg\",\"width\":1000,\"height\":1000,\"caption\":\"Mochila Borsa Mod. B011 85237 Military Aspesi\"},{\"@type\":\"BreadcrumbList\",\"@id\":\"https:\\\/\\\/miralles1986.com\\\/producto\\\/mochila-borsa-mod-b\\\/#breadcrumb\",\"itemListElement\":[{\"@type\":\"ListItem\",\"position\":1,\"name\":\"Portada\",\"item\":\"https:\\\/\\\/miralles1986.com\\\/\"},{\"@type\":\"ListItem\",\"position\":2,\"name\":\"Ropa de lujo para hombre | Stone Island, Y-3, C.P. Company\",\"item\":\"https:\\\/\\\/miralles1986.com\\\/tienda\\\/\"},{\"@type\":\"ListItem\",\"position\":3,\"name\":\"Mochila Borsa Mod. B011 85237 Military Aspesi\"}]},{\"@type\":\"WebSite\",\"@id\":\"https:\\\/\\\/miralles1986.com\\\/#website\",\"url\":\"https:\\\/\\\/miralles1986.com\\\/\",\"name\":\"Miralles 1986\",\"description\":\"Moda masculina de lujo en Valencia\",\"publisher\":{\"@id\":\"https:\\\/\\\/miralles1986.com\\\/#organization\"},\"potentialAction\":[{\"@type\":\"SearchAction\",\"target\":{\"@type\":\"EntryPoint\",\"urlTemplate\":\"https:\\\/\\\/miralles1986.com\\\/?s={search_term_string}\"},\"query-input\":{\"@type\":\"PropertyValueSpecification\",\"valueRequired\":true,\"valueName\":\"search_term_string\"}}],\"inLanguage\":\"en-GB\"},{\"@type\":\"Organization\",\"@id\":\"https:\\\/\\\/miralles1986.com\\\/#organization\",\"name\":\"Miralles 1986\",\"alternateName\":\"Miralles\",\"url\":\"https:\\\/\\\/miralles1986.com\\\/\",\"logo\":{\"@type\":\"ImageObject\",\"inLanguage\":\"en-GB\",\"@id\":\"https:\\\/\\\/miralles1986.com\\\/#\\\/schema\\\/logo\\\/image\\\/\",\"url\":\"https:\\\/\\\/miralles1986.com\\\/wp-content\\\/uploads\\\/2024\\\/09\\\/logo-miralles-1986-pequeno-bl.png\",\"contentUrl\":\"https:\\\/\\\/miralles1986.com\\\/wp-content\\\/uploads\\\/2024\\\/09\\\/logo-miralles-1986-pequeno-bl.png\",\"width\":201,\"height\":73,\"caption\":\"Miralles 1986\"},\"image\":{\"@id\":\"https:\\\/\\\/miralles1986.com\\\/#\\\/schema\\\/logo\\\/image\\\/\"},\"sameAs\":[\"https:\\\/\\\/www.facebook.com\\\/miralles1986\",\"https:\\\/\\\/www.instagram.com\\\/miralles1986_\\\/\"]}]}<\/script>\n<!-- \/ Yoast SEO plugin. -->","yoast_head_json":{"title":"Borsa Backpack Mod. B011 85237 Military Aspesi - Miralles 1986","description":"The Aspesi Borsa Mod. B011 85237 Military backpack combines technical design and minimalist aesthetics in a versatile and urban piece.","robots":{"index":"index","follow":"follow","max-snippet":"max-snippet:-1","max-image-preview":"max-image-preview:large","max-video-preview":"max-video-preview:-1"},"canonical":"https:\/\/miralles1986.com\/en\/product\/mochila-borsa-mod-b\/","og_locale":"en_GB","og_type":"article","og_title":"Mochila Borsa Mod. B011 85237 Military Aspesi - Miralles 1986","og_description":"La mochila Borsa Mod. B011 85237 Military de Aspesi\u00a0combina dise\u00f1o t\u00e9cnico y est\u00e9tica minimalista en una pieza vers\u00e1til y urbana.","og_url":"https:\/\/miralles1986.com\/en\/product\/mochila-borsa-mod-b\/","og_site_name":"Miralles 1986","article_publisher":"https:\/\/www.facebook.com\/miralles1986","article_modified_time":"2026-03-11T12:49:07+00:00","og_image":[{"width":1000,"height":1000,"url":"https:\/\/miralles1986.com\/wp-content\/uploads\/2025\/06\/mochila-borsa-mod-b011-85241-aspesi-33.jpg","type":"image\/jpeg"}],"twitter_card":"summary_large_image","twitter_misc":{"Estimated reading time":"1 minute"},"schema":{"@context":"https:\/\/schema.org","@graph":[{"@type":"WebPage","@id":"https:\/\/miralles1986.com\/producto\/mochila-borsa-mod-b\/","url":"https:\/\/miralles1986.com\/producto\/mochila-borsa-mod-b\/","name":"Borsa Backpack Mod. B011 85237 Military Aspesi - Miralles 1986","isPartOf":{"@id":"https:\/\/miralles1986.com\/#website"},"primaryImageOfPage":{"@id":"https:\/\/miralles1986.com\/producto\/mochila-borsa-mod-b\/#primaryimage"},"image":{"@id":"https:\/\/miralles1986.com\/producto\/mochila-borsa-mod-b\/#primaryimage"},"thumbnailUrl":"https:\/\/miralles1986.com\/wp-content\/uploads\/2025\/06\/mochila-borsa-mod-b011-85241-aspesi-33.jpg","datePublished":"2025-06-19T17:28:21+00:00","dateModified":"2026-03-11T12:49:07+00:00","description":"The Aspesi Borsa Mod. B011 85237 Military backpack combines technical design and minimalist aesthetics in a versatile and urban piece.","breadcrumb":{"@id":"https:\/\/miralles1986.com\/producto\/mochila-borsa-mod-b\/#breadcrumb"},"inLanguage":"en-GB","potentialAction":[{"@type":"ReadAction","target":["https:\/\/miralles1986.com\/producto\/mochila-borsa-mod-b\/"]}]},{"@type":"ImageObject","inLanguage":"en-GB","@id":"https:\/\/miralles1986.com\/producto\/mochila-borsa-mod-b\/#primaryimage","url":"https:\/\/miralles1986.com\/wp-content\/uploads\/2025\/06\/mochila-borsa-mod-b011-85241-aspesi-33.jpg","contentUrl":"https:\/\/miralles1986.com\/wp-content\/uploads\/2025\/06\/mochila-borsa-mod-b011-85241-aspesi-33.jpg","width":1000,"height":1000,"caption":"Mochila Borsa Mod. B011 85237 Military Aspesi"},{"@type":"BreadcrumbList","@id":"https:\/\/miralles1986.com\/producto\/mochila-borsa-mod-b\/#breadcrumb","itemListElement":[{"@type":"ListItem","position":1,"name":"Portada","item":"https:\/\/miralles1986.com\/"},{"@type":"ListItem","position":2,"name":"Ropa de lujo para hombre | Stone Island, Y-3, C.P. Company","item":"https:\/\/miralles1986.com\/tienda\/"},{"@type":"ListItem","position":3,"name":"Mochila Borsa Mod. B011 85237 Military Aspesi"}]},{"@type":"WebSite","@id":"https:\/\/miralles1986.com\/#website","url":"https:\/\/miralles1986.com\/","name":"Miralles 1986","description":"Luxury men&#039;s fashion in Valencia","publisher":{"@id":"https:\/\/miralles1986.com\/#organization"},"potentialAction":[{"@type":"SearchAction","target":{"@type":"EntryPoint","urlTemplate":"https:\/\/miralles1986.com\/?s={search_term_string}"},"query-input":{"@type":"PropertyValueSpecification","valueRequired":true,"valueName":"search_term_string"}}],"inLanguage":"en-GB"},{"@type":"Organization","@id":"https:\/\/miralles1986.com\/#organization","name":"Miralles 1986","alternateName":"Miralles","url":"https:\/\/miralles1986.com\/","logo":{"@type":"ImageObject","inLanguage":"en-GB","@id":"https:\/\/miralles1986.com\/#\/schema\/logo\/image\/","url":"https:\/\/miralles1986.com\/wp-content\/uploads\/2024\/09\/logo-miralles-1986-pequeno-bl.png","contentUrl":"https:\/\/miralles1986.com\/wp-content\/uploads\/2024\/09\/logo-miralles-1986-pequeno-bl.png","width":201,"height":73,"caption":"Miralles 1986"},"image":{"@id":"https:\/\/miralles1986.com\/#\/schema\/logo\/image\/"},"sameAs":["https:\/\/www.facebook.com\/miralles1986","https:\/\/www.instagram.com\/miralles1986_\/"]}]}},"brands":[{"id":744,"name":"Aspesi","slug":"aspesi"}],"_links":{"self":[{"href":"https:\/\/miralles1986.com\/en\/wp-json\/wp\/v2\/product\/11863","targetHints":{"allow":["GET"]}}],"collection":[{"href":"https:\/\/miralles1986.com\/en\/wp-json\/wp\/v2\/product"}],"about":[{"href":"https:\/\/miralles1986.com\/en\/wp-json\/wp\/v2\/types\/product"}],"replies":[{"embeddable":true,"href":"https:\/\/miralles1986.com\/en\/wp-json\/wp\/v2\/comments?post=11863"}],"wp:featuredmedia":[{"embeddable":true,"href":"https:\/\/miralles1986.com\/en\/wp-json\/wp\/v2\/media\/12008"}],"wp:attachment":[{"href":"https:\/\/miralles1986.com\/en\/wp-json\/wp\/v2\/media?parent=11863"}],"wp:term":[{"taxonomy":"pwb-brand","embeddable":true,"href":"https:\/\/miralles1986.com\/en\/wp-json\/wp\/v2\/pwb-brand?post=11863"},{"taxonomy":"product_brand","embeddable":true,"href":"https:\/\/miralles1986.com\/en\/wp-json\/wp\/v2\/product_brand?post=11863"},{"taxonomy":"product_cat","embeddable":true,"href":"https:\/\/miralles1986.com\/en\/wp-json\/wp\/v2\/product_cat?post=11863"},{"taxonomy":"product_tag","embeddable":true,"href":"https:\/\/miralles1986.com\/en\/wp-json\/wp\/v2\/product_tag?post=11863"}],"curies":[{"name":"wp","href":"https:\/\/api.w.org\/{rel}","templated":true}]}}