{"id":12216,"date":"2025-06-30T18:39:23","date_gmt":"2025-06-30T16:39:23","guid":{"rendered":"https:\/\/miralles1986.com\/?post_type=product&#038;p=12216"},"modified":"2026-05-06T20:32:45","modified_gmt":"2026-05-06T18:32:45","slug":"pantalones-antracita-stone-island","status":"publish","type":"product","link":"https:\/\/miralles1986.com\/en\/producto\/pantalones-antracita-stone-island\/","title":{"rendered":"Stone Island Trousers 3100027 Anthracite Nylon"},"content":{"rendered":"<p data-start=\"1156\" data-end=\"1709\"><strong><a href=\"https:\/\/miralles1986.com\/en\/product-category\/clothes\/pants\/miralles-sport-trousers-1986\/\">The pants<\/a>\u00a0 3100027 Anthracite Nylon by Stone Island are a type of garment <\/strong>Men&#039;s cargo pants made from Ripstop Light HT material. They feature the traditional compass patch on the side pocket. Their regular fit, elastic waistband with drawstring, and elasticated cuffs offer functional comfort and urban style. Ideal for trail riding, everyday wear, or completing a contemporary technical look, these pants combine style, comfort, and durability, maintaining Stone Island&#039;s innovative essence.<\/p>\n<p data-start=\"1035\" data-end=\"1066\"><strong data-start=\"1035\" data-end=\"1066\">Summary of features:<\/strong><\/p>\n<ul data-start=\"1067\" data-end=\"1590\">\n<li data-start=\"1067\" data-end=\"1092\">\n<p data-start=\"1069\" data-end=\"1092\">Model: 3100027 S0163<\/p>\n<\/li>\n<li data-start=\"1093\" data-end=\"1134\">\n<p data-start=\"1095\" data-end=\"1134\">Color: V0062 (lead grey)<\/p>\n<\/li>\n<li data-start=\"1135\" data-end=\"1192\">\n<p data-start=\"1137\" data-end=\"1192\">Fabric: High-tenacity technical nylon metal ripstop<\/p>\n<\/li>\n<li data-start=\"1193\" data-end=\"1210\">\n<p data-start=\"1195\" data-end=\"1210\">Regular cut<\/p>\n<\/li>\n<li data-start=\"1211\" data-end=\"1252\">\n<p data-start=\"1213\" data-end=\"1252\">Elastic waistband with adjustable drawstring<\/p>\n<\/li>\n<li data-start=\"1253\" data-end=\"1294\">\n<p data-start=\"1255\" data-end=\"1294\">Elasticated hems for a comfortable fit<\/p>\n<\/li>\n<li data-start=\"1295\" data-end=\"1337\">\n<p data-start=\"1297\" data-end=\"1337\">Stone Island patch cargo pocket<\/p>\n<\/li>\n<li data-start=\"1338\" data-end=\"1365\">\n<p data-start=\"1340\" data-end=\"1365\">Urban and technical style<\/p>\n<\/li>\n<li data-start=\"1366\" data-end=\"1424\">\n<p data-start=\"1368\" data-end=\"1424\">Composition: 100 % technical nylon (ripstop\/nylon metal)<\/p>\n<\/li>\n<li data-start=\"1425\" data-end=\"1560\">\n<p data-start=\"1427\" data-end=\"1560\">Care instructions: Machine wash at 30\u00b0C on delicate cycle; do not bleach; iron at low temperature; follow label instructions<\/p>\n<\/li>\n<li data-start=\"1561\" data-end=\"1590\">\n<p data-start=\"1563\" data-end=\"1590\"><strong><a href=\"https:\/\/miralles1986.com\/en\/product-category\/clothes\/pants\/miralles-sport-trousers-1986\/\">The pants<\/a>\u00a0 3100027 Anthracite Nylon from Stone Island are <\/strong>available in the Miralles 1986 catalogue.<\/p>\n<\/li>\n<\/ul>\n<p data-start=\"1874\" data-end=\"2001\"><strong data-start=\"1874\" data-end=\"1886\">Careful:<\/strong><br data-start=\"1886\" data-end=\"1889\" \/>Machine wash at 30\u00b0C on delicate cycle; do not bleach; iron at low temperature; follow inside label.<\/p>","protected":false},"excerpt":{"rendered":"<p><strong><a href=\"https:\/\/miralles1986.com\/en\/product-category\/clothes\/pants\/miralles-sport-trousers-1986\/\">Pants<\/a> <\/strong>post<strong><a href=\"https:\/\/miralles1986.com\/en\/brand\/stone-island\/\"> Stone Island<\/a><\/strong> in anthracite 3100027 S0163 V0062, made of technical ripstop nylon with elastic waistband, drawstring and side pocket with compass patch.<\/p>","protected":false},"featured_media":12511,"comment_status":"closed","ping_status":"closed","template":"","meta":[],"pwb-brand":[165],"product_brand":[818],"product_cat":[226,227,994,168,992,905],"product_tag":[392,859,1031,183],"class_list":{"0":"post-12216","1":"product","2":"type-product","3":"status-publish","4":"has-post-thumbnail","6":"pwb-brand-stone-island","7":"product_brand-tienda-miralles","8":"product_cat-pantalones","9":"product_cat-pantalones-sport-miralles-1986","10":"product_cat-pantalones-stone-island","11":"product_cat-ropa","12":"product_cat-stone-island","13":"product_cat-stone-island-fw25","14":"product_tag-pantalones-sport","15":"product_tag-pantalones-stone-island","16":"product_tag-rebajas-2026-stone-island","17":"product_tag-stone-island","18":"pa_color-antracita","19":"pa_composicion-nailon-ripstop","20":"pa_tamano-51","21":"pa_tamano-52","22":"pa_tamano-53","23":"pa_tamano-54","24":"pa_tamano-55","26":"first","27":"instock","28":"sold-individually","29":"taxable","30":"shipping-taxable","31":"purchasable","32":"product-type-variable"},"supplier_id":null,"supplier_sku":"","barcode":null,"atum_controlled":true,"out_stock_date":null,"out_stock_threshold":null,"inheritable":true,"inbound_stock":0,"stock_on_hold":0,"sold_today":0,"sales_last_days":1,"reserved_stock":0,"customer_returns":null,"warehouse_damage":null,"lost_in_post":null,"other_logs":null,"out_stock_days":0,"lost_sales":0,"has_location":false,"update_date":"2026-05-06T18:32:48","atum_locations":[],"atum_stock_status":"instock","restock_status":false,"low_stock_amount":"","sales_update_date":"2026-04-27T15:57:23","calc_backorders":null,"yoast_head":"<!-- This site is optimized with the Yoast SEO plugin v27.5 - https:\/\/yoast.com\/product\/yoast-seo-wordpress\/ -->\n<title>Pantalones 3100027 Antracita Nylon Stone Island - Miralles 1986<\/title>\n<meta name=\"description\" content=\"Pantalones 3100027 cargo Stone\u202fIsland en color Antracita, confeccionado en nylon t\u00e9cnico ripstop con cinturilla el\u00e1stica y bolsillo con parche de br\u00fajula.\" \/>\n<meta name=\"robots\" content=\"index, follow, max-snippet:-1, max-image-preview:large, max-video-preview:-1\" \/>\n<link rel=\"canonical\" href=\"https:\/\/miralles1986.com\/en\/product\/pantalones-antracita-stone-island\/\" \/>\n<meta property=\"og:locale\" content=\"en_GB\" \/>\n<meta property=\"og:type\" content=\"article\" \/>\n<meta property=\"og:title\" content=\"Pantalones 3100027 Antracita Nylon Stone Island - Miralles 1986\" \/>\n<meta property=\"og:description\" content=\"Pantalones 3100027 cargo Stone\u202fIsland en color Antracita, confeccionado en nylon t\u00e9cnico ripstop con cinturilla el\u00e1stica y bolsillo con parche de br\u00fajula.\" \/>\n<meta property=\"og:url\" content=\"https:\/\/miralles1986.com\/en\/product\/pantalones-antracita-stone-island\/\" \/>\n<meta property=\"og:site_name\" content=\"Miralles 1986\" \/>\n<meta property=\"article:publisher\" content=\"https:\/\/www.facebook.com\/miralles1986\" \/>\n<meta property=\"article:modified_time\" content=\"2026-05-06T18:32:45+00:00\" \/>\n<meta property=\"og:image\" content=\"https:\/\/miralles1986.com\/wp-content\/uploads\/2025\/06\/3100027-pantalon-ripstop-light-ht-nylon.jpg\" \/>\n\t<meta property=\"og:image:width\" content=\"1000\" \/>\n\t<meta property=\"og:image:height\" content=\"1000\" \/>\n\t<meta property=\"og:image:type\" content=\"image\/jpeg\" \/>\n<meta name=\"twitter:card\" content=\"summary_large_image\" \/>\n<meta name=\"twitter:label1\" content=\"Estimated reading time\" \/>\n\t<meta name=\"twitter:data1\" content=\"2 minutes\" \/>\n<script type=\"application\/ld+json\" class=\"yoast-schema-graph\">{\"@context\":\"https:\\\/\\\/schema.org\",\"@graph\":[{\"@type\":\"WebPage\",\"@id\":\"https:\\\/\\\/miralles1986.com\\\/producto\\\/pantalones-antracita-stone-island\\\/\",\"url\":\"https:\\\/\\\/miralles1986.com\\\/producto\\\/pantalones-antracita-stone-island\\\/\",\"name\":\"Pantalones 3100027 Antracita Nylon Stone Island - Miralles 1986\",\"isPartOf\":{\"@id\":\"https:\\\/\\\/miralles1986.com\\\/#website\"},\"primaryImageOfPage\":{\"@id\":\"https:\\\/\\\/miralles1986.com\\\/producto\\\/pantalones-antracita-stone-island\\\/#primaryimage\"},\"image\":{\"@id\":\"https:\\\/\\\/miralles1986.com\\\/producto\\\/pantalones-antracita-stone-island\\\/#primaryimage\"},\"thumbnailUrl\":\"https:\\\/\\\/miralles1986.com\\\/wp-content\\\/uploads\\\/2025\\\/06\\\/3100027-pantalon-ripstop-light-ht-nylon.jpg\",\"datePublished\":\"2025-06-30T16:39:23+00:00\",\"dateModified\":\"2026-05-06T18:32:45+00:00\",\"description\":\"Pantalones 3100027 cargo Stone\u202fIsland en color Antracita, confeccionado en nylon t\u00e9cnico ripstop con cinturilla el\u00e1stica y bolsillo con parche de br\u00fajula.\",\"breadcrumb\":{\"@id\":\"https:\\\/\\\/miralles1986.com\\\/producto\\\/pantalones-antracita-stone-island\\\/#breadcrumb\"},\"inLanguage\":\"en-GB\",\"potentialAction\":[{\"@type\":\"ReadAction\",\"target\":[\"https:\\\/\\\/miralles1986.com\\\/producto\\\/pantalones-antracita-stone-island\\\/\"]}]},{\"@type\":\"ImageObject\",\"inLanguage\":\"en-GB\",\"@id\":\"https:\\\/\\\/miralles1986.com\\\/producto\\\/pantalones-antracita-stone-island\\\/#primaryimage\",\"url\":\"https:\\\/\\\/miralles1986.com\\\/wp-content\\\/uploads\\\/2025\\\/06\\\/3100027-pantalon-ripstop-light-ht-nylon.jpg\",\"contentUrl\":\"https:\\\/\\\/miralles1986.com\\\/wp-content\\\/uploads\\\/2025\\\/06\\\/3100027-pantalon-ripstop-light-ht-nylon.jpg\",\"width\":1000,\"height\":1000,\"caption\":\"Pantal\u00f3n Ripstop Light HT Nylon Antracita 3100027\"},{\"@type\":\"BreadcrumbList\",\"@id\":\"https:\\\/\\\/miralles1986.com\\\/producto\\\/pantalones-antracita-stone-island\\\/#breadcrumb\",\"itemListElement\":[{\"@type\":\"ListItem\",\"position\":1,\"name\":\"Portada\",\"item\":\"https:\\\/\\\/miralles1986.com\\\/\"},{\"@type\":\"ListItem\",\"position\":2,\"name\":\"Ropa de lujo para hombre | Stone Island, Y-3, C.P. Company\",\"item\":\"https:\\\/\\\/miralles1986.com\\\/tienda\\\/\"},{\"@type\":\"ListItem\",\"position\":3,\"name\":\"Pantalones 3100027 Antracita Nylon Stone Island\"}]},{\"@type\":\"WebSite\",\"@id\":\"https:\\\/\\\/miralles1986.com\\\/#website\",\"url\":\"https:\\\/\\\/miralles1986.com\\\/\",\"name\":\"Miralles 1986\",\"description\":\"Moda masculina de lujo en Valencia\",\"publisher\":{\"@id\":\"https:\\\/\\\/miralles1986.com\\\/#organization\"},\"potentialAction\":[{\"@type\":\"SearchAction\",\"target\":{\"@type\":\"EntryPoint\",\"urlTemplate\":\"https:\\\/\\\/miralles1986.com\\\/?s={search_term_string}\"},\"query-input\":{\"@type\":\"PropertyValueSpecification\",\"valueRequired\":true,\"valueName\":\"search_term_string\"}}],\"inLanguage\":\"en-GB\"},{\"@type\":\"Organization\",\"@id\":\"https:\\\/\\\/miralles1986.com\\\/#organization\",\"name\":\"Miralles 1986\",\"alternateName\":\"Miralles\",\"url\":\"https:\\\/\\\/miralles1986.com\\\/\",\"logo\":{\"@type\":\"ImageObject\",\"inLanguage\":\"en-GB\",\"@id\":\"https:\\\/\\\/miralles1986.com\\\/#\\\/schema\\\/logo\\\/image\\\/\",\"url\":\"https:\\\/\\\/miralles1986.com\\\/wp-content\\\/uploads\\\/2024\\\/09\\\/logo-miralles-1986-pequeno-bl.png\",\"contentUrl\":\"https:\\\/\\\/miralles1986.com\\\/wp-content\\\/uploads\\\/2024\\\/09\\\/logo-miralles-1986-pequeno-bl.png\",\"width\":201,\"height\":73,\"caption\":\"Miralles 1986\"},\"image\":{\"@id\":\"https:\\\/\\\/miralles1986.com\\\/#\\\/schema\\\/logo\\\/image\\\/\"},\"sameAs\":[\"https:\\\/\\\/www.facebook.com\\\/miralles1986\",\"https:\\\/\\\/www.instagram.com\\\/miralles1986_\\\/\"]}]}<\/script>\n<!-- \/ Yoast SEO plugin. -->","yoast_head_json":{"title":"Trousers 3100027 Anthracite Nylon Stone Island - Miralles 1986","description":"Stone Island 3100027 cargo pants in Anthracite, made of technical ripstop nylon with elastic waistband and pocket with compass patch.","robots":{"index":"index","follow":"follow","max-snippet":"max-snippet:-1","max-image-preview":"max-image-preview:large","max-video-preview":"max-video-preview:-1"},"canonical":"https:\/\/miralles1986.com\/en\/product\/pantalones-antracita-stone-island\/","og_locale":"en_GB","og_type":"article","og_title":"Pantalones 3100027 Antracita Nylon Stone Island - Miralles 1986","og_description":"Pantalones 3100027 cargo Stone\u202fIsland en color Antracita, confeccionado en nylon t\u00e9cnico ripstop con cinturilla el\u00e1stica y bolsillo con parche de br\u00fajula.","og_url":"https:\/\/miralles1986.com\/en\/product\/pantalones-antracita-stone-island\/","og_site_name":"Miralles 1986","article_publisher":"https:\/\/www.facebook.com\/miralles1986","article_modified_time":"2026-05-06T18:32:45+00:00","og_image":[{"width":1000,"height":1000,"url":"https:\/\/miralles1986.com\/wp-content\/uploads\/2025\/06\/3100027-pantalon-ripstop-light-ht-nylon.jpg","type":"image\/jpeg"}],"twitter_card":"summary_large_image","twitter_misc":{"Estimated reading time":"2 minutes"},"schema":{"@context":"https:\/\/schema.org","@graph":[{"@type":"WebPage","@id":"https:\/\/miralles1986.com\/producto\/pantalones-antracita-stone-island\/","url":"https:\/\/miralles1986.com\/producto\/pantalones-antracita-stone-island\/","name":"Trousers 3100027 Anthracite Nylon Stone Island - Miralles 1986","isPartOf":{"@id":"https:\/\/miralles1986.com\/#website"},"primaryImageOfPage":{"@id":"https:\/\/miralles1986.com\/producto\/pantalones-antracita-stone-island\/#primaryimage"},"image":{"@id":"https:\/\/miralles1986.com\/producto\/pantalones-antracita-stone-island\/#primaryimage"},"thumbnailUrl":"https:\/\/miralles1986.com\/wp-content\/uploads\/2025\/06\/3100027-pantalon-ripstop-light-ht-nylon.jpg","datePublished":"2025-06-30T16:39:23+00:00","dateModified":"2026-05-06T18:32:45+00:00","description":"Stone Island 3100027 cargo pants in Anthracite, made of technical ripstop nylon with elastic waistband and pocket with compass patch.","breadcrumb":{"@id":"https:\/\/miralles1986.com\/producto\/pantalones-antracita-stone-island\/#breadcrumb"},"inLanguage":"en-GB","potentialAction":[{"@type":"ReadAction","target":["https:\/\/miralles1986.com\/producto\/pantalones-antracita-stone-island\/"]}]},{"@type":"ImageObject","inLanguage":"en-GB","@id":"https:\/\/miralles1986.com\/producto\/pantalones-antracita-stone-island\/#primaryimage","url":"https:\/\/miralles1986.com\/wp-content\/uploads\/2025\/06\/3100027-pantalon-ripstop-light-ht-nylon.jpg","contentUrl":"https:\/\/miralles1986.com\/wp-content\/uploads\/2025\/06\/3100027-pantalon-ripstop-light-ht-nylon.jpg","width":1000,"height":1000,"caption":"Pantal\u00f3n Ripstop Light HT Nylon Antracita 3100027"},{"@type":"BreadcrumbList","@id":"https:\/\/miralles1986.com\/producto\/pantalones-antracita-stone-island\/#breadcrumb","itemListElement":[{"@type":"ListItem","position":1,"name":"Portada","item":"https:\/\/miralles1986.com\/"},{"@type":"ListItem","position":2,"name":"Ropa de lujo para hombre | Stone Island, Y-3, C.P. Company","item":"https:\/\/miralles1986.com\/tienda\/"},{"@type":"ListItem","position":3,"name":"Pantalones 3100027 Antracita Nylon Stone Island"}]},{"@type":"WebSite","@id":"https:\/\/miralles1986.com\/#website","url":"https:\/\/miralles1986.com\/","name":"Miralles 1986","description":"Luxury men&#039;s fashion in Valencia","publisher":{"@id":"https:\/\/miralles1986.com\/#organization"},"potentialAction":[{"@type":"SearchAction","target":{"@type":"EntryPoint","urlTemplate":"https:\/\/miralles1986.com\/?s={search_term_string}"},"query-input":{"@type":"PropertyValueSpecification","valueRequired":true,"valueName":"search_term_string"}}],"inLanguage":"en-GB"},{"@type":"Organization","@id":"https:\/\/miralles1986.com\/#organization","name":"Miralles 1986","alternateName":"Miralles","url":"https:\/\/miralles1986.com\/","logo":{"@type":"ImageObject","inLanguage":"en-GB","@id":"https:\/\/miralles1986.com\/#\/schema\/logo\/image\/","url":"https:\/\/miralles1986.com\/wp-content\/uploads\/2024\/09\/logo-miralles-1986-pequeno-bl.png","contentUrl":"https:\/\/miralles1986.com\/wp-content\/uploads\/2024\/09\/logo-miralles-1986-pequeno-bl.png","width":201,"height":73,"caption":"Miralles 1986"},"image":{"@id":"https:\/\/miralles1986.com\/#\/schema\/logo\/image\/"},"sameAs":["https:\/\/www.facebook.com\/miralles1986","https:\/\/www.instagram.com\/miralles1986_\/"]}]}},"brands":[{"id":165,"name":"Stone Island","slug":"stone-island"}],"_links":{"self":[{"href":"https:\/\/miralles1986.com\/en\/wp-json\/wp\/v2\/product\/12216","targetHints":{"allow":["GET"]}}],"collection":[{"href":"https:\/\/miralles1986.com\/en\/wp-json\/wp\/v2\/product"}],"about":[{"href":"https:\/\/miralles1986.com\/en\/wp-json\/wp\/v2\/types\/product"}],"replies":[{"embeddable":true,"href":"https:\/\/miralles1986.com\/en\/wp-json\/wp\/v2\/comments?post=12216"}],"wp:featuredmedia":[{"embeddable":true,"href":"https:\/\/miralles1986.com\/en\/wp-json\/wp\/v2\/media\/12511"}],"wp:attachment":[{"href":"https:\/\/miralles1986.com\/en\/wp-json\/wp\/v2\/media?parent=12216"}],"wp:term":[{"taxonomy":"pwb-brand","embeddable":true,"href":"https:\/\/miralles1986.com\/en\/wp-json\/wp\/v2\/pwb-brand?post=12216"},{"taxonomy":"product_brand","embeddable":true,"href":"https:\/\/miralles1986.com\/en\/wp-json\/wp\/v2\/product_brand?post=12216"},{"taxonomy":"product_cat","embeddable":true,"href":"https:\/\/miralles1986.com\/en\/wp-json\/wp\/v2\/product_cat?post=12216"},{"taxonomy":"product_tag","embeddable":true,"href":"https:\/\/miralles1986.com\/en\/wp-json\/wp\/v2\/product_tag?post=12216"}],"curies":[{"name":"wp","href":"https:\/\/api.w.org\/{rel}","templated":true}]}}