{"id":12372,"date":"2025-07-02T19:19:49","date_gmt":"2025-07-02T17:19:49","guid":{"rendered":"https:\/\/miralles1986.com\/?post_type=product&#038;p=12372"},"modified":"2026-05-06T20:32:45","modified_gmt":"2026-05-06T18:32:45","slug":"sueter-azul-marino-algodon-organico-s0a20-stone-island","status":"publish","type":"product","link":"https:\/\/miralles1986.com\/en\/producto\/sueter-azul-marino-algodon-organico-s0a20-stone-island\/","title":{"rendered":"Navy Blue Organic Cotton Sweatshirt S0A20 Stone Island"},"content":{"rendered":"<p data-start=\"387\" data-end=\"770\"><a href=\"https:\/\/miralles1986.com\/en\/product-category\/stone-island\/sudaderas-stone-island\/\">Hoodie<\/a> Navy Blue Organic Cotton S0A20 from the firm <a href=\"https:\/\/miralles1986.com\/en\/brand\/stone-island\/\"><strong data-start=\"408\" data-end=\"424\">Stone Island<\/strong><\/a>, made in <strong data-start=\"443\" data-end=\"482\">brushed plush made of organic cotton<\/strong> which provides a soft and warm feel. It features a <strong data-start=\"536\" data-end=\"553\">regular cut<\/strong> and is equipped with a <strong data-start=\"578\" data-end=\"607\">half metal zipper<\/strong>, <strong data-start=\"609\" data-end=\"624\">turtleneck<\/strong> y <strong data-start=\"627\" data-end=\"654\">ribbed cuffs and hem<\/strong>. The design incorporates <strong data-start=\"676\" data-end=\"699\">ribbed intarsias<\/strong> on the chest and sleeves, which add contrast and texture to the garment. A product available in <strong><a href=\"https:\/\/miralles1986.com\/en\/\">Miralles 1986<\/a>.<\/strong><\/p>\n<p data-start=\"772\" data-end=\"909\">He <strong data-start=\"775\" data-end=\"814\">Compass icon on detachable patch<\/strong> It is present on the left sleeve, reaffirming the technical and distinctive character of the brand.<\/p>\n<ul data-start=\"911\" data-end=\"1126\">\n<li data-start=\"911\" data-end=\"949\">\n<p data-start=\"913\" data-end=\"949\">Composition: 100% organic cotton<\/p>\n<\/li>\n<li data-start=\"950\" data-end=\"992\">\n<p data-start=\"952\" data-end=\"992\">Color: Dark Blue (V0020 \u2013 Navy Blue)<\/p>\n<\/li>\n<li data-start=\"993\" data-end=\"1022\">\n<p data-start=\"995\" data-end=\"1022\">Half metal zipper<\/p>\n<\/li>\n<li data-start=\"1023\" data-end=\"1063\">\n<p data-start=\"1025\" data-end=\"1063\">Ribbed intarsia on chest and sleeves<\/p>\n<\/li>\n<li data-start=\"1064\" data-end=\"1108\">\n<p data-start=\"1066\" data-end=\"1108\">Stone Island logo patch on the sleeve<\/p>\n<\/li>\n<li data-start=\"1109\" data-end=\"1126\">\n<p data-start=\"1111\" data-end=\"1126\">Made in Italy<\/p>\n<\/li>\n<\/ul>\n<p>The <a href=\"https:\/\/miralles1986.com\/en\/product-category\/stone-island\/sudaderas-stone-island\/\"><strong>hoodie<\/strong> <\/a>Navy Blue Organic Cotton S0A20 from the firm <a href=\"https:\/\/miralles1986.com\/en\/brand\/stone-island\/\"><strong data-start=\"408\" data-end=\"424\">Stone Island<\/strong><\/a> is available in the exclusive catalog of <strong><a href=\"https:\/\/miralles1986.com\/en\/\">Miralles 1986<\/a><\/strong>.<\/p>","protected":false},"excerpt":{"rendered":"<p><strong>Navy blue cotton sweatshirt <a href=\"https:\/\/miralles1986.com\/en\/brand\/stone-island\/\">Stone Island<\/a><\/strong> With a half-zip and stand-up collar, made from brushed organic cotton fleece. Ribbed details and contrasting intarsia.<\/p>","protected":false},"featured_media":12379,"comment_status":"closed","ping_status":"closed","template":"","meta":[],"pwb-brand":[165],"product_brand":[818],"product_cat":[168,992,905,238,998],"product_tag":[990,1031,183,239],"class_list":{"0":"post-12372","1":"product","2":"type-product","3":"status-publish","4":"has-post-thumbnail","6":"pwb-brand-stone-island","7":"product_brand-tienda-miralles","8":"product_cat-ropa","9":"product_cat-stone-island","10":"product_cat-stone-island-fw25","11":"product_cat-sudaderas","12":"product_cat-sudaderas-stone-island","13":"product_tag-jerseis-stone-island","14":"product_tag-rebajas-2026-stone-island","15":"product_tag-stone-island","16":"product_tag-sudadera","17":"pa_color-azul-marino","18":"pa_composicion-algodon-organico","19":"pa_composicion-felpa","20":"pa_tamano-l","21":"pa_tamano-m","22":"pa_tamano-s","23":"pa_tamano-xl","24":"pa_tamano-xs","25":"pa_tamano-xxl","27":"first","28":"instock","29":"sold-individually","30":"taxable","31":"shipping-taxable","32":"purchasable","33":"product-type-variable"},"supplier_id":null,"supplier_sku":"","barcode":null,"atum_controlled":true,"out_stock_date":null,"out_stock_threshold":null,"inheritable":true,"inbound_stock":0,"stock_on_hold":0,"sold_today":0,"sales_last_days":0,"reserved_stock":0,"customer_returns":null,"warehouse_damage":null,"lost_in_post":null,"other_logs":null,"out_stock_days":0,"lost_sales":0,"has_location":false,"update_date":"2026-05-06T18:32:48","atum_locations":[],"atum_stock_status":"instock","restock_status":false,"low_stock_amount":"","sales_update_date":"2026-05-04T11:33:56","calc_backorders":null,"yoast_head":"<!-- This site is optimized with the Yoast SEO plugin v27.5 - https:\/\/yoast.com\/product\/yoast-seo-wordpress\/ -->\n<title>Sudadera Azul Marino Algod\u00f3n Org\u00e1nico S0A20 Stone Island - Miralles 1986<\/title>\n<meta name=\"description\" content=\"Sudadera Azul Marino Algod\u00f3n Org\u00e1nico S0A20 de la firma Stone Island, confeccionado en felpa cepillada de algod\u00f3n org\u00e1nico\" \/>\n<meta name=\"robots\" content=\"index, follow, max-snippet:-1, max-image-preview:large, max-video-preview:-1\" \/>\n<link rel=\"canonical\" href=\"https:\/\/miralles1986.com\/en\/product\/sueter-azul-marino-algodon-organico-s0a20-stone-island\/\" \/>\n<meta property=\"og:locale\" content=\"en_GB\" \/>\n<meta property=\"og:type\" content=\"article\" \/>\n<meta property=\"og:title\" content=\"Sudadera Azul Marino Algod\u00f3n Org\u00e1nico S0A20 Stone Island - Miralles 1986\" \/>\n<meta property=\"og:description\" content=\"Sudadera Azul Marino Algod\u00f3n Org\u00e1nico S0A20 de la firma Stone Island, confeccionado en felpa cepillada de algod\u00f3n org\u00e1nico\" \/>\n<meta property=\"og:url\" content=\"https:\/\/miralles1986.com\/en\/product\/sueter-azul-marino-algodon-organico-s0a20-stone-island\/\" \/>\n<meta property=\"og:site_name\" content=\"Miralles 1986\" \/>\n<meta property=\"article:publisher\" content=\"https:\/\/www.facebook.com\/miralles1986\" \/>\n<meta property=\"article:modified_time\" content=\"2026-05-06T18:32:45+00:00\" \/>\n<meta property=\"og:image\" content=\"https:\/\/miralles1986.com\/wp-content\/uploads\/2025\/07\/polo-fleece-azul-marino-stone-island-1.jpg\" \/>\n\t<meta property=\"og:image:width\" content=\"1000\" \/>\n\t<meta property=\"og:image:height\" content=\"1000\" \/>\n\t<meta property=\"og:image:type\" content=\"image\/jpeg\" \/>\n<meta name=\"twitter:card\" content=\"summary_large_image\" \/>\n<meta name=\"twitter:label1\" content=\"Estimated reading time\" \/>\n\t<meta name=\"twitter:data1\" content=\"1 minute\" \/>\n<script type=\"application\/ld+json\" class=\"yoast-schema-graph\">{\"@context\":\"https:\\\/\\\/schema.org\",\"@graph\":[{\"@type\":\"WebPage\",\"@id\":\"https:\\\/\\\/miralles1986.com\\\/producto\\\/sueter-azul-marino-algodon-organico-s0a20-stone-island\\\/\",\"url\":\"https:\\\/\\\/miralles1986.com\\\/producto\\\/sueter-azul-marino-algodon-organico-s0a20-stone-island\\\/\",\"name\":\"Sudadera Azul Marino Algod\u00f3n Org\u00e1nico S0A20 Stone Island - Miralles 1986\",\"isPartOf\":{\"@id\":\"https:\\\/\\\/miralles1986.com\\\/#website\"},\"primaryImageOfPage\":{\"@id\":\"https:\\\/\\\/miralles1986.com\\\/producto\\\/sueter-azul-marino-algodon-organico-s0a20-stone-island\\\/#primaryimage\"},\"image\":{\"@id\":\"https:\\\/\\\/miralles1986.com\\\/producto\\\/sueter-azul-marino-algodon-organico-s0a20-stone-island\\\/#primaryimage\"},\"thumbnailUrl\":\"https:\\\/\\\/miralles1986.com\\\/wp-content\\\/uploads\\\/2025\\\/07\\\/polo-fleece-azul-marino-stone-island-1.jpg\",\"datePublished\":\"2025-07-02T17:19:49+00:00\",\"dateModified\":\"2026-05-06T18:32:45+00:00\",\"description\":\"Sudadera Azul Marino Algod\u00f3n Org\u00e1nico S0A20 de la firma Stone Island, confeccionado en felpa cepillada de algod\u00f3n org\u00e1nico\",\"breadcrumb\":{\"@id\":\"https:\\\/\\\/miralles1986.com\\\/producto\\\/sueter-azul-marino-algodon-organico-s0a20-stone-island\\\/#breadcrumb\"},\"inLanguage\":\"en-GB\",\"potentialAction\":[{\"@type\":\"ReadAction\",\"target\":[\"https:\\\/\\\/miralles1986.com\\\/producto\\\/sueter-azul-marino-algodon-organico-s0a20-stone-island\\\/\"]}]},{\"@type\":\"ImageObject\",\"inLanguage\":\"en-GB\",\"@id\":\"https:\\\/\\\/miralles1986.com\\\/producto\\\/sueter-azul-marino-algodon-organico-s0a20-stone-island\\\/#primaryimage\",\"url\":\"https:\\\/\\\/miralles1986.com\\\/wp-content\\\/uploads\\\/2025\\\/07\\\/polo-fleece-azul-marino-stone-island-1.jpg\",\"contentUrl\":\"https:\\\/\\\/miralles1986.com\\\/wp-content\\\/uploads\\\/2025\\\/07\\\/polo-fleece-azul-marino-stone-island-1.jpg\",\"width\":1000,\"height\":1000,\"caption\":\"Sudadera Azul Marino Algod\u00f3n Org\u00e1nico S0A20 Stone Island\"},{\"@type\":\"BreadcrumbList\",\"@id\":\"https:\\\/\\\/miralles1986.com\\\/producto\\\/sueter-azul-marino-algodon-organico-s0a20-stone-island\\\/#breadcrumb\",\"itemListElement\":[{\"@type\":\"ListItem\",\"position\":1,\"name\":\"Portada\",\"item\":\"https:\\\/\\\/miralles1986.com\\\/\"},{\"@type\":\"ListItem\",\"position\":2,\"name\":\"Ropa de lujo para hombre | Stone Island, Y-3, C.P. Company\",\"item\":\"https:\\\/\\\/miralles1986.com\\\/tienda\\\/\"},{\"@type\":\"ListItem\",\"position\":3,\"name\":\"Sudadera Azul Marino Algod\u00f3n Org\u00e1nico S0A20 Stone Island\"}]},{\"@type\":\"WebSite\",\"@id\":\"https:\\\/\\\/miralles1986.com\\\/#website\",\"url\":\"https:\\\/\\\/miralles1986.com\\\/\",\"name\":\"Miralles 1986\",\"description\":\"Moda masculina de lujo en Valencia\",\"publisher\":{\"@id\":\"https:\\\/\\\/miralles1986.com\\\/#organization\"},\"potentialAction\":[{\"@type\":\"SearchAction\",\"target\":{\"@type\":\"EntryPoint\",\"urlTemplate\":\"https:\\\/\\\/miralles1986.com\\\/?s={search_term_string}\"},\"query-input\":{\"@type\":\"PropertyValueSpecification\",\"valueRequired\":true,\"valueName\":\"search_term_string\"}}],\"inLanguage\":\"en-GB\"},{\"@type\":\"Organization\",\"@id\":\"https:\\\/\\\/miralles1986.com\\\/#organization\",\"name\":\"Miralles 1986\",\"alternateName\":\"Miralles\",\"url\":\"https:\\\/\\\/miralles1986.com\\\/\",\"logo\":{\"@type\":\"ImageObject\",\"inLanguage\":\"en-GB\",\"@id\":\"https:\\\/\\\/miralles1986.com\\\/#\\\/schema\\\/logo\\\/image\\\/\",\"url\":\"https:\\\/\\\/miralles1986.com\\\/wp-content\\\/uploads\\\/2024\\\/09\\\/logo-miralles-1986-pequeno-bl.png\",\"contentUrl\":\"https:\\\/\\\/miralles1986.com\\\/wp-content\\\/uploads\\\/2024\\\/09\\\/logo-miralles-1986-pequeno-bl.png\",\"width\":201,\"height\":73,\"caption\":\"Miralles 1986\"},\"image\":{\"@id\":\"https:\\\/\\\/miralles1986.com\\\/#\\\/schema\\\/logo\\\/image\\\/\"},\"sameAs\":[\"https:\\\/\\\/www.facebook.com\\\/miralles1986\",\"https:\\\/\\\/www.instagram.com\\\/miralles1986_\\\/\"]}]}<\/script>\n<!-- \/ Yoast SEO plugin. -->","yoast_head_json":{"title":"Navy Blue Sweatshirt Organic Cotton S0A20 Stone Island - Miralles 1986","description":"Navy Blue Organic Cotton Sweatshirt S0A20 from Stone Island, made from brushed organic cotton fleece","robots":{"index":"index","follow":"follow","max-snippet":"max-snippet:-1","max-image-preview":"max-image-preview:large","max-video-preview":"max-video-preview:-1"},"canonical":"https:\/\/miralles1986.com\/en\/product\/sueter-azul-marino-algodon-organico-s0a20-stone-island\/","og_locale":"en_GB","og_type":"article","og_title":"Sudadera Azul Marino Algod\u00f3n Org\u00e1nico S0A20 Stone Island - Miralles 1986","og_description":"Sudadera Azul Marino Algod\u00f3n Org\u00e1nico S0A20 de la firma Stone Island, confeccionado en felpa cepillada de algod\u00f3n org\u00e1nico","og_url":"https:\/\/miralles1986.com\/en\/product\/sueter-azul-marino-algodon-organico-s0a20-stone-island\/","og_site_name":"Miralles 1986","article_publisher":"https:\/\/www.facebook.com\/miralles1986","article_modified_time":"2026-05-06T18:32:45+00:00","og_image":[{"width":1000,"height":1000,"url":"https:\/\/miralles1986.com\/wp-content\/uploads\/2025\/07\/polo-fleece-azul-marino-stone-island-1.jpg","type":"image\/jpeg"}],"twitter_card":"summary_large_image","twitter_misc":{"Estimated reading time":"1 minute"},"schema":{"@context":"https:\/\/schema.org","@graph":[{"@type":"WebPage","@id":"https:\/\/miralles1986.com\/producto\/sueter-azul-marino-algodon-organico-s0a20-stone-island\/","url":"https:\/\/miralles1986.com\/producto\/sueter-azul-marino-algodon-organico-s0a20-stone-island\/","name":"Navy Blue Sweatshirt Organic Cotton S0A20 Stone Island - Miralles 1986","isPartOf":{"@id":"https:\/\/miralles1986.com\/#website"},"primaryImageOfPage":{"@id":"https:\/\/miralles1986.com\/producto\/sueter-azul-marino-algodon-organico-s0a20-stone-island\/#primaryimage"},"image":{"@id":"https:\/\/miralles1986.com\/producto\/sueter-azul-marino-algodon-organico-s0a20-stone-island\/#primaryimage"},"thumbnailUrl":"https:\/\/miralles1986.com\/wp-content\/uploads\/2025\/07\/polo-fleece-azul-marino-stone-island-1.jpg","datePublished":"2025-07-02T17:19:49+00:00","dateModified":"2026-05-06T18:32:45+00:00","description":"Navy Blue Organic Cotton Sweatshirt S0A20 from Stone Island, made from brushed organic cotton fleece","breadcrumb":{"@id":"https:\/\/miralles1986.com\/producto\/sueter-azul-marino-algodon-organico-s0a20-stone-island\/#breadcrumb"},"inLanguage":"en-GB","potentialAction":[{"@type":"ReadAction","target":["https:\/\/miralles1986.com\/producto\/sueter-azul-marino-algodon-organico-s0a20-stone-island\/"]}]},{"@type":"ImageObject","inLanguage":"en-GB","@id":"https:\/\/miralles1986.com\/producto\/sueter-azul-marino-algodon-organico-s0a20-stone-island\/#primaryimage","url":"https:\/\/miralles1986.com\/wp-content\/uploads\/2025\/07\/polo-fleece-azul-marino-stone-island-1.jpg","contentUrl":"https:\/\/miralles1986.com\/wp-content\/uploads\/2025\/07\/polo-fleece-azul-marino-stone-island-1.jpg","width":1000,"height":1000,"caption":"Sudadera Azul Marino Algod\u00f3n Org\u00e1nico S0A20 Stone Island"},{"@type":"BreadcrumbList","@id":"https:\/\/miralles1986.com\/producto\/sueter-azul-marino-algodon-organico-s0a20-stone-island\/#breadcrumb","itemListElement":[{"@type":"ListItem","position":1,"name":"Portada","item":"https:\/\/miralles1986.com\/"},{"@type":"ListItem","position":2,"name":"Ropa de lujo para hombre | Stone Island, Y-3, C.P. Company","item":"https:\/\/miralles1986.com\/tienda\/"},{"@type":"ListItem","position":3,"name":"Sudadera Azul Marino Algod\u00f3n Org\u00e1nico S0A20 Stone Island"}]},{"@type":"WebSite","@id":"https:\/\/miralles1986.com\/#website","url":"https:\/\/miralles1986.com\/","name":"Miralles 1986","description":"Luxury men&#039;s fashion in Valencia","publisher":{"@id":"https:\/\/miralles1986.com\/#organization"},"potentialAction":[{"@type":"SearchAction","target":{"@type":"EntryPoint","urlTemplate":"https:\/\/miralles1986.com\/?s={search_term_string}"},"query-input":{"@type":"PropertyValueSpecification","valueRequired":true,"valueName":"search_term_string"}}],"inLanguage":"en-GB"},{"@type":"Organization","@id":"https:\/\/miralles1986.com\/#organization","name":"Miralles 1986","alternateName":"Miralles","url":"https:\/\/miralles1986.com\/","logo":{"@type":"ImageObject","inLanguage":"en-GB","@id":"https:\/\/miralles1986.com\/#\/schema\/logo\/image\/","url":"https:\/\/miralles1986.com\/wp-content\/uploads\/2024\/09\/logo-miralles-1986-pequeno-bl.png","contentUrl":"https:\/\/miralles1986.com\/wp-content\/uploads\/2024\/09\/logo-miralles-1986-pequeno-bl.png","width":201,"height":73,"caption":"Miralles 1986"},"image":{"@id":"https:\/\/miralles1986.com\/#\/schema\/logo\/image\/"},"sameAs":["https:\/\/www.facebook.com\/miralles1986","https:\/\/www.instagram.com\/miralles1986_\/"]}]}},"brands":[{"id":165,"name":"Stone Island","slug":"stone-island"}],"_links":{"self":[{"href":"https:\/\/miralles1986.com\/en\/wp-json\/wp\/v2\/product\/12372","targetHints":{"allow":["GET"]}}],"collection":[{"href":"https:\/\/miralles1986.com\/en\/wp-json\/wp\/v2\/product"}],"about":[{"href":"https:\/\/miralles1986.com\/en\/wp-json\/wp\/v2\/types\/product"}],"replies":[{"embeddable":true,"href":"https:\/\/miralles1986.com\/en\/wp-json\/wp\/v2\/comments?post=12372"}],"wp:featuredmedia":[{"embeddable":true,"href":"https:\/\/miralles1986.com\/en\/wp-json\/wp\/v2\/media\/12379"}],"wp:attachment":[{"href":"https:\/\/miralles1986.com\/en\/wp-json\/wp\/v2\/media?parent=12372"}],"wp:term":[{"taxonomy":"pwb-brand","embeddable":true,"href":"https:\/\/miralles1986.com\/en\/wp-json\/wp\/v2\/pwb-brand?post=12372"},{"taxonomy":"product_brand","embeddable":true,"href":"https:\/\/miralles1986.com\/en\/wp-json\/wp\/v2\/product_brand?post=12372"},{"taxonomy":"product_cat","embeddable":true,"href":"https:\/\/miralles1986.com\/en\/wp-json\/wp\/v2\/product_cat?post=12372"},{"taxonomy":"product_tag","embeddable":true,"href":"https:\/\/miralles1986.com\/en\/wp-json\/wp\/v2\/product_tag?post=12372"}],"curies":[{"name":"wp","href":"https:\/\/api.w.org\/{rel}","templated":true}]}}