{"id":12451,"date":"2025-07-03T19:32:51","date_gmt":"2025-07-03T17:32:51","guid":{"rendered":"https:\/\/miralles1986.com\/?post_type=product&#038;p=12451"},"modified":"2026-05-06T20:32:45","modified_gmt":"2026-05-06T18:32:45","slug":"cardigan-en-canale-sw-stripe-azul-marino-5100024-stone-island","status":"publish","type":"product","link":"https:\/\/miralles1986.com\/en\/producto\/cardigan-en-canale-sw-stripe-azul-marino-5100024-stone-island\/","title":{"rendered":"SW Stripe Navy Ribbed Cardigan 5100024 Stone Island"},"content":{"rendered":"<p data-start=\"616\" data-end=\"926\"><span data-start=\"619\" data-end=\"670\">He <b><a href=\"https:\/\/miralles1986.com\/en\/product-category\/clothes\/sweaters\/\">cardigan<\/a> SW Stripe Navy Blue ribbed knit 5100024 <\/b><\/span><strong data-start=\"619\" data-end=\"670\"><a href=\"https:\/\/miralles1986.com\/en\/brand\/stone-island\/\">Stone Island <\/a><\/strong>This knitwear piece is designed to offer style and comfort for any occasion. Crafted from a high-quality ribbed knit fabric, this cardigan combines a classic design with a modern finish.<\/p>\n<p data-start=\"595\" data-end=\"959\">Its half-zip high collar adds a functional and stylish touch, while the brand&#039;s iconic compass patch on the left sleeve reaffirms its identity. <strong data-start=\"775\" data-end=\"791\">Stone Island<\/strong>. Perfect to wear on its own or combined with shirts and t-shirts, this style is ideal for cooler months thanks to its warmth and breathability.<\/p>\n<h3 data-start=\"966\" data-end=\"999\">Characteristics:<\/h3>\n<ul data-start=\"1000\" data-end=\"1297\">\n<li data-start=\"1000\" data-end=\"1027\">\n<p data-start=\"1002\" data-end=\"1027\">Brand: <strong data-start=\"1009\" data-end=\"1025\">Stone Island<\/strong><\/p>\n<\/li>\n<li data-start=\"1028\" data-end=\"1061\">\n<p data-start=\"1030\" data-end=\"1061\">Model: <strong data-start=\"1038\" data-end=\"1059\">5100024 SW Stripe<\/strong><\/p>\n<\/li>\n<li data-start=\"1062\" data-end=\"1084\">\n<p data-start=\"1064\" data-end=\"1084\">Color: Navy Blue<\/p>\n<\/li>\n<li data-start=\"1085\" data-end=\"1125\">\n<p data-start=\"1087\" data-end=\"1125\">Fabric: High-quality rib knit<\/p>\n<\/li>\n<li data-start=\"1126\" data-end=\"1162\">\n<p data-start=\"1128\" data-end=\"1162\">High neck with half zip<\/p>\n<\/li>\n<li data-start=\"1163\" data-end=\"1178\">\n<p data-start=\"1165\" data-end=\"1178\">Long sleeve<\/p>\n<\/li>\n<li data-start=\"1179\" data-end=\"1230\">\n<p data-start=\"1181\" data-end=\"1230\">Iconic Stone Island logo on the left sleeve<\/p>\n<\/li>\n<li data-start=\"1231\" data-end=\"1252\">\n<p data-start=\"1233\" data-end=\"1252\">Regular fit<\/p>\n<\/li>\n<li data-start=\"1253\" data-end=\"1297\">\n<p data-start=\"1255\" data-end=\"1297\">Ideal for casual and sophisticated looks<\/p>\n<\/li>\n<\/ul>\n<p data-start=\"616\" data-end=\"926\"><span data-start=\"619\" data-end=\"670\">He <b><a href=\"https:\/\/miralles1986.com\/en\/product-category\/clothes\/sweaters\/\">cardigan<\/a> SW Stripe Navy Blue ribbed knit 5100024 <\/b><\/span><strong data-start=\"619\" data-end=\"670\"><a href=\"https:\/\/miralles1986.com\/en\/brand\/stone-island\/\">Stone Island <\/a>\u00a0this<\/strong> <strong>available in the catalog of<\/strong> <a href=\"https:\/\/miralles1986.com\/en\/\"><strong data-start=\"686\" data-end=\"703\">Miralles 1986.<\/strong><\/a><\/p>","protected":false},"excerpt":{"rendered":"<p>Ribbed knit cardigan in navy blue <strong data-start=\"140\" data-end=\"156\">Stone Island<\/strong>, Featuring a half-zip and the iconic compass patch on the sleeve, this is a versatile and sophisticated wardrobe staple for men.<\/p>","protected":false},"featured_media":13789,"comment_status":"closed","ping_status":"closed","template":"","meta":[],"pwb-brand":[165],"product_brand":[818],"product_cat":[168,992,905,297],"product_tag":[1031,183,240],"class_list":{"0":"post-12451","1":"product","2":"type-product","3":"status-publish","4":"has-post-thumbnail","6":"pwb-brand-stone-island","7":"product_brand-tienda-miralles","8":"product_cat-ropa","9":"product_cat-stone-island","10":"product_cat-stone-island-fw25","11":"product_cat-sueters","12":"product_tag-rebajas-2026-stone-island","13":"product_tag-stone-island","14":"product_tag-sueters","15":"pa_color-azul-marino","16":"pa_composicion-algodon-organico","17":"pa_tamano-l","18":"pa_tamano-m","19":"pa_tamano-s","20":"pa_tamano-xl","21":"pa_tamano-xs","22":"pa_tamano-xxl","24":"first","25":"instock","26":"sold-individually","27":"taxable","28":"shipping-taxable","29":"purchasable","30":"product-type-variable"},"supplier_id":null,"supplier_sku":"","barcode":null,"atum_controlled":true,"out_stock_date":null,"out_stock_threshold":null,"inheritable":true,"inbound_stock":0,"stock_on_hold":0,"sold_today":0,"sales_last_days":0,"reserved_stock":0,"customer_returns":null,"warehouse_damage":null,"lost_in_post":null,"other_logs":null,"out_stock_days":0,"lost_sales":0,"has_location":false,"update_date":"2026-05-06T18:32:48","atum_locations":[],"atum_stock_status":"instock","restock_status":false,"low_stock_amount":"","sales_update_date":"2026-05-04T11:33:55","calc_backorders":null,"yoast_head":"<!-- This site is optimized with the Yoast SEO plugin v27.5 - https:\/\/yoast.com\/product\/yoast-seo-wordpress\/ -->\n<title>C\u00e1rdigan en canal\u00e9 SW Stripe Azul Marino 5100024 Stone Island - Miralles 1986<\/title>\n<meta name=\"description\" content=\"El c\u00e1rdigan en canal\u00e9 SW Stripe Azul Marino 5100024 Stone Island es una prenda de punto dise\u00f1ada para ofrecer estilo y confort en cualquier ocasi\u00f3n.\" \/>\n<meta name=\"robots\" content=\"index, follow, max-snippet:-1, max-image-preview:large, max-video-preview:-1\" \/>\n<link rel=\"canonical\" href=\"https:\/\/miralles1986.com\/en\/product\/cardigan-en-canale-sw-stripe-azul-marino-5100024-stone-island\/\" \/>\n<meta property=\"og:locale\" content=\"en_GB\" \/>\n<meta property=\"og:type\" content=\"article\" \/>\n<meta property=\"og:title\" content=\"C\u00e1rdigan en canal\u00e9 SW Stripe Azul Marino 5100024 Stone Island - Miralles 1986\" \/>\n<meta property=\"og:description\" content=\"El c\u00e1rdigan en canal\u00e9 SW Stripe Azul Marino 5100024 Stone Island es una prenda de punto dise\u00f1ada para ofrecer estilo y confort en cualquier ocasi\u00f3n.\" \/>\n<meta property=\"og:url\" content=\"https:\/\/miralles1986.com\/en\/product\/cardigan-en-canale-sw-stripe-azul-marino-5100024-stone-island\/\" \/>\n<meta property=\"og:site_name\" content=\"Miralles 1986\" \/>\n<meta property=\"article:publisher\" content=\"https:\/\/www.facebook.com\/miralles1986\" \/>\n<meta property=\"article:modified_time\" content=\"2026-05-06T18:32:45+00:00\" \/>\n<meta property=\"og:image\" content=\"https:\/\/miralles1986.com\/wp-content\/uploads\/2025\/07\/Cardigan-en-canale-SW-Stripe-Azul-Marino-5100024-Stone-Island.jpg\" \/>\n\t<meta property=\"og:image:width\" content=\"1000\" \/>\n\t<meta property=\"og:image:height\" content=\"1000\" \/>\n\t<meta property=\"og:image:type\" content=\"image\/jpeg\" \/>\n<meta name=\"twitter:card\" content=\"summary_large_image\" \/>\n<meta name=\"twitter:label1\" content=\"Estimated reading time\" \/>\n\t<meta name=\"twitter:data1\" content=\"1 minute\" \/>\n<script type=\"application\/ld+json\" class=\"yoast-schema-graph\">{\"@context\":\"https:\\\/\\\/schema.org\",\"@graph\":[{\"@type\":\"WebPage\",\"@id\":\"https:\\\/\\\/miralles1986.com\\\/producto\\\/cardigan-en-canale-sw-stripe-azul-marino-5100024-stone-island\\\/\",\"url\":\"https:\\\/\\\/miralles1986.com\\\/producto\\\/cardigan-en-canale-sw-stripe-azul-marino-5100024-stone-island\\\/\",\"name\":\"C\u00e1rdigan en canal\u00e9 SW Stripe Azul Marino 5100024 Stone Island - Miralles 1986\",\"isPartOf\":{\"@id\":\"https:\\\/\\\/miralles1986.com\\\/#website\"},\"primaryImageOfPage\":{\"@id\":\"https:\\\/\\\/miralles1986.com\\\/producto\\\/cardigan-en-canale-sw-stripe-azul-marino-5100024-stone-island\\\/#primaryimage\"},\"image\":{\"@id\":\"https:\\\/\\\/miralles1986.com\\\/producto\\\/cardigan-en-canale-sw-stripe-azul-marino-5100024-stone-island\\\/#primaryimage\"},\"thumbnailUrl\":\"https:\\\/\\\/miralles1986.com\\\/wp-content\\\/uploads\\\/2025\\\/07\\\/Cardigan-en-canale-SW-Stripe-Azul-Marino-5100024-Stone-Island.jpg\",\"datePublished\":\"2025-07-03T17:32:51+00:00\",\"dateModified\":\"2026-05-06T18:32:45+00:00\",\"description\":\"El c\u00e1rdigan en canal\u00e9 SW Stripe Azul Marino 5100024 Stone Island es una prenda de punto dise\u00f1ada para ofrecer estilo y confort en cualquier ocasi\u00f3n.\",\"breadcrumb\":{\"@id\":\"https:\\\/\\\/miralles1986.com\\\/producto\\\/cardigan-en-canale-sw-stripe-azul-marino-5100024-stone-island\\\/#breadcrumb\"},\"inLanguage\":\"en-GB\",\"potentialAction\":[{\"@type\":\"ReadAction\",\"target\":[\"https:\\\/\\\/miralles1986.com\\\/producto\\\/cardigan-en-canale-sw-stripe-azul-marino-5100024-stone-island\\\/\"]}]},{\"@type\":\"ImageObject\",\"inLanguage\":\"en-GB\",\"@id\":\"https:\\\/\\\/miralles1986.com\\\/producto\\\/cardigan-en-canale-sw-stripe-azul-marino-5100024-stone-island\\\/#primaryimage\",\"url\":\"https:\\\/\\\/miralles1986.com\\\/wp-content\\\/uploads\\\/2025\\\/07\\\/Cardigan-en-canale-SW-Stripe-Azul-Marino-5100024-Stone-Island.jpg\",\"contentUrl\":\"https:\\\/\\\/miralles1986.com\\\/wp-content\\\/uploads\\\/2025\\\/07\\\/Cardigan-en-canale-SW-Stripe-Azul-Marino-5100024-Stone-Island.jpg\",\"width\":1000,\"height\":1000,\"caption\":\"C\u00e1rdigan en canal\u00e9 SW Stripe Azul Marino 5100024 Stone Island\"},{\"@type\":\"BreadcrumbList\",\"@id\":\"https:\\\/\\\/miralles1986.com\\\/producto\\\/cardigan-en-canale-sw-stripe-azul-marino-5100024-stone-island\\\/#breadcrumb\",\"itemListElement\":[{\"@type\":\"ListItem\",\"position\":1,\"name\":\"Portada\",\"item\":\"https:\\\/\\\/miralles1986.com\\\/\"},{\"@type\":\"ListItem\",\"position\":2,\"name\":\"Ropa de lujo para hombre | Stone Island, Y-3, C.P. Company\",\"item\":\"https:\\\/\\\/miralles1986.com\\\/tienda\\\/\"},{\"@type\":\"ListItem\",\"position\":3,\"name\":\"C\u00e1rdigan en canal\u00e9 SW Stripe Azul Marino 5100024 Stone Island\"}]},{\"@type\":\"WebSite\",\"@id\":\"https:\\\/\\\/miralles1986.com\\\/#website\",\"url\":\"https:\\\/\\\/miralles1986.com\\\/\",\"name\":\"Miralles 1986\",\"description\":\"Moda masculina de lujo en Valencia\",\"publisher\":{\"@id\":\"https:\\\/\\\/miralles1986.com\\\/#organization\"},\"potentialAction\":[{\"@type\":\"SearchAction\",\"target\":{\"@type\":\"EntryPoint\",\"urlTemplate\":\"https:\\\/\\\/miralles1986.com\\\/?s={search_term_string}\"},\"query-input\":{\"@type\":\"PropertyValueSpecification\",\"valueRequired\":true,\"valueName\":\"search_term_string\"}}],\"inLanguage\":\"en-GB\"},{\"@type\":\"Organization\",\"@id\":\"https:\\\/\\\/miralles1986.com\\\/#organization\",\"name\":\"Miralles 1986\",\"alternateName\":\"Miralles\",\"url\":\"https:\\\/\\\/miralles1986.com\\\/\",\"logo\":{\"@type\":\"ImageObject\",\"inLanguage\":\"en-GB\",\"@id\":\"https:\\\/\\\/miralles1986.com\\\/#\\\/schema\\\/logo\\\/image\\\/\",\"url\":\"https:\\\/\\\/miralles1986.com\\\/wp-content\\\/uploads\\\/2024\\\/09\\\/logo-miralles-1986-pequeno-bl.png\",\"contentUrl\":\"https:\\\/\\\/miralles1986.com\\\/wp-content\\\/uploads\\\/2024\\\/09\\\/logo-miralles-1986-pequeno-bl.png\",\"width\":201,\"height\":73,\"caption\":\"Miralles 1986\"},\"image\":{\"@id\":\"https:\\\/\\\/miralles1986.com\\\/#\\\/schema\\\/logo\\\/image\\\/\"},\"sameAs\":[\"https:\\\/\\\/www.facebook.com\\\/miralles1986\",\"https:\\\/\\\/www.instagram.com\\\/miralles1986_\\\/\"]}]}<\/script>\n<!-- \/ Yoast SEO plugin. -->","yoast_head_json":{"title":"SW Stripe Navy Ribbed Cardigan 5100024 Stone Island - Miralles 1986","description":"The SW Stripe Navy Blue 5100024 Stone Island ribbed cardigan is a knitwear garment designed to offer style and comfort on any occasion.","robots":{"index":"index","follow":"follow","max-snippet":"max-snippet:-1","max-image-preview":"max-image-preview:large","max-video-preview":"max-video-preview:-1"},"canonical":"https:\/\/miralles1986.com\/en\/product\/cardigan-en-canale-sw-stripe-azul-marino-5100024-stone-island\/","og_locale":"en_GB","og_type":"article","og_title":"C\u00e1rdigan en canal\u00e9 SW Stripe Azul Marino 5100024 Stone Island - Miralles 1986","og_description":"El c\u00e1rdigan en canal\u00e9 SW Stripe Azul Marino 5100024 Stone Island es una prenda de punto dise\u00f1ada para ofrecer estilo y confort en cualquier ocasi\u00f3n.","og_url":"https:\/\/miralles1986.com\/en\/product\/cardigan-en-canale-sw-stripe-azul-marino-5100024-stone-island\/","og_site_name":"Miralles 1986","article_publisher":"https:\/\/www.facebook.com\/miralles1986","article_modified_time":"2026-05-06T18:32:45+00:00","og_image":[{"width":1000,"height":1000,"url":"https:\/\/miralles1986.com\/wp-content\/uploads\/2025\/07\/Cardigan-en-canale-SW-Stripe-Azul-Marino-5100024-Stone-Island.jpg","type":"image\/jpeg"}],"twitter_card":"summary_large_image","twitter_misc":{"Estimated reading time":"1 minute"},"schema":{"@context":"https:\/\/schema.org","@graph":[{"@type":"WebPage","@id":"https:\/\/miralles1986.com\/producto\/cardigan-en-canale-sw-stripe-azul-marino-5100024-stone-island\/","url":"https:\/\/miralles1986.com\/producto\/cardigan-en-canale-sw-stripe-azul-marino-5100024-stone-island\/","name":"SW Stripe Navy Ribbed Cardigan 5100024 Stone Island - Miralles 1986","isPartOf":{"@id":"https:\/\/miralles1986.com\/#website"},"primaryImageOfPage":{"@id":"https:\/\/miralles1986.com\/producto\/cardigan-en-canale-sw-stripe-azul-marino-5100024-stone-island\/#primaryimage"},"image":{"@id":"https:\/\/miralles1986.com\/producto\/cardigan-en-canale-sw-stripe-azul-marino-5100024-stone-island\/#primaryimage"},"thumbnailUrl":"https:\/\/miralles1986.com\/wp-content\/uploads\/2025\/07\/Cardigan-en-canale-SW-Stripe-Azul-Marino-5100024-Stone-Island.jpg","datePublished":"2025-07-03T17:32:51+00:00","dateModified":"2026-05-06T18:32:45+00:00","description":"The SW Stripe Navy Blue 5100024 Stone Island ribbed cardigan is a knitwear garment designed to offer style and comfort on any occasion.","breadcrumb":{"@id":"https:\/\/miralles1986.com\/producto\/cardigan-en-canale-sw-stripe-azul-marino-5100024-stone-island\/#breadcrumb"},"inLanguage":"en-GB","potentialAction":[{"@type":"ReadAction","target":["https:\/\/miralles1986.com\/producto\/cardigan-en-canale-sw-stripe-azul-marino-5100024-stone-island\/"]}]},{"@type":"ImageObject","inLanguage":"en-GB","@id":"https:\/\/miralles1986.com\/producto\/cardigan-en-canale-sw-stripe-azul-marino-5100024-stone-island\/#primaryimage","url":"https:\/\/miralles1986.com\/wp-content\/uploads\/2025\/07\/Cardigan-en-canale-SW-Stripe-Azul-Marino-5100024-Stone-Island.jpg","contentUrl":"https:\/\/miralles1986.com\/wp-content\/uploads\/2025\/07\/Cardigan-en-canale-SW-Stripe-Azul-Marino-5100024-Stone-Island.jpg","width":1000,"height":1000,"caption":"C\u00e1rdigan en canal\u00e9 SW Stripe Azul Marino 5100024 Stone Island"},{"@type":"BreadcrumbList","@id":"https:\/\/miralles1986.com\/producto\/cardigan-en-canale-sw-stripe-azul-marino-5100024-stone-island\/#breadcrumb","itemListElement":[{"@type":"ListItem","position":1,"name":"Portada","item":"https:\/\/miralles1986.com\/"},{"@type":"ListItem","position":2,"name":"Ropa de lujo para hombre | Stone Island, Y-3, C.P. Company","item":"https:\/\/miralles1986.com\/tienda\/"},{"@type":"ListItem","position":3,"name":"C\u00e1rdigan en canal\u00e9 SW Stripe Azul Marino 5100024 Stone Island"}]},{"@type":"WebSite","@id":"https:\/\/miralles1986.com\/#website","url":"https:\/\/miralles1986.com\/","name":"Miralles 1986","description":"Luxury men&#039;s fashion in Valencia","publisher":{"@id":"https:\/\/miralles1986.com\/#organization"},"potentialAction":[{"@type":"SearchAction","target":{"@type":"EntryPoint","urlTemplate":"https:\/\/miralles1986.com\/?s={search_term_string}"},"query-input":{"@type":"PropertyValueSpecification","valueRequired":true,"valueName":"search_term_string"}}],"inLanguage":"en-GB"},{"@type":"Organization","@id":"https:\/\/miralles1986.com\/#organization","name":"Miralles 1986","alternateName":"Miralles","url":"https:\/\/miralles1986.com\/","logo":{"@type":"ImageObject","inLanguage":"en-GB","@id":"https:\/\/miralles1986.com\/#\/schema\/logo\/image\/","url":"https:\/\/miralles1986.com\/wp-content\/uploads\/2024\/09\/logo-miralles-1986-pequeno-bl.png","contentUrl":"https:\/\/miralles1986.com\/wp-content\/uploads\/2024\/09\/logo-miralles-1986-pequeno-bl.png","width":201,"height":73,"caption":"Miralles 1986"},"image":{"@id":"https:\/\/miralles1986.com\/#\/schema\/logo\/image\/"},"sameAs":["https:\/\/www.facebook.com\/miralles1986","https:\/\/www.instagram.com\/miralles1986_\/"]}]}},"brands":[{"id":165,"name":"Stone Island","slug":"stone-island"}],"_links":{"self":[{"href":"https:\/\/miralles1986.com\/en\/wp-json\/wp\/v2\/product\/12451","targetHints":{"allow":["GET"]}}],"collection":[{"href":"https:\/\/miralles1986.com\/en\/wp-json\/wp\/v2\/product"}],"about":[{"href":"https:\/\/miralles1986.com\/en\/wp-json\/wp\/v2\/types\/product"}],"replies":[{"embeddable":true,"href":"https:\/\/miralles1986.com\/en\/wp-json\/wp\/v2\/comments?post=12451"}],"wp:featuredmedia":[{"embeddable":true,"href":"https:\/\/miralles1986.com\/en\/wp-json\/wp\/v2\/media\/13789"}],"wp:attachment":[{"href":"https:\/\/miralles1986.com\/en\/wp-json\/wp\/v2\/media?parent=12451"}],"wp:term":[{"taxonomy":"pwb-brand","embeddable":true,"href":"https:\/\/miralles1986.com\/en\/wp-json\/wp\/v2\/pwb-brand?post=12451"},{"taxonomy":"product_brand","embeddable":true,"href":"https:\/\/miralles1986.com\/en\/wp-json\/wp\/v2\/product_brand?post=12451"},{"taxonomy":"product_cat","embeddable":true,"href":"https:\/\/miralles1986.com\/en\/wp-json\/wp\/v2\/product_cat?post=12451"},{"taxonomy":"product_tag","embeddable":true,"href":"https:\/\/miralles1986.com\/en\/wp-json\/wp\/v2\/product_tag?post=12451"}],"curies":[{"name":"wp","href":"https:\/\/api.w.org\/{rel}","templated":true}]}}