{"id":13449,"date":"2025-08-20T17:18:59","date_gmt":"2025-08-20T15:18:59","guid":{"rendered":"https:\/\/miralles1986.com\/?post_type=product&#038;p=13449"},"modified":"2026-03-13T17:57:45","modified_gmt":"2026-03-13T16:57:45","slug":"pantalon-vaquero-dian-ds0345-800-dondup","status":"publish","type":"product","link":"https:\/\/miralles1986.com\/en\/producto\/pantalon-vaquero-dian-ds0345-800-dondup\/","title":{"rendered":"Dian DS0345U 800 Dondup jeans"},"content":{"rendered":"<p><a href=\"https:\/\/miralles1986.com\/en\/product-category\/clothes\/pants\/premium-jeans\/\"><strong>Jeans<\/strong><\/a> Dian DS0345U 800 <strong><a href=\"https:\/\/miralles1986.com\/en\/brand\/dondup\/\">Dondup <\/a><\/strong>It represents the perfect fusion of modern design and comfort. Made from high-quality stretch denim, it guarantees freedom of movement and durability for everyday wear. Its carrot fit, slightly tapered at the bottom, offers a contemporary look without sacrificing elegance. Classic details such as five-way pockets, a button and zip closure, and a rich color finish make this a versatile and essential piece in any man&#039;s wardrobe.<\/p>\n<p><strong>Summary of features<\/strong><\/p>\n<ul data-start=\"1196\" data-end=\"1463\">\n<li data-start=\"1196\" data-end=\"1228\">\n<p data-start=\"1198\" data-end=\"1228\">Model <strong data-start=\"1205\" data-end=\"1213\">Dian<\/strong> \u2013 Carrot fit<\/p>\n<\/li>\n<li data-start=\"1229\" data-end=\"1275\">\n<p data-start=\"1231\" data-end=\"1275\">Tissue: <strong data-start=\"1239\" data-end=\"1273\">high-quality stretch denim<\/strong><\/p>\n<\/li>\n<li data-start=\"1276\" data-end=\"1309\">\n<p data-start=\"1278\" data-end=\"1309\">Color: <strong data-start=\"1285\" data-end=\"1307\">deep blue (800)<\/strong><\/p>\n<\/li>\n<li data-start=\"1310\" data-end=\"1343\">\n<p data-start=\"1312\" data-end=\"1343\">Five-position pockets<\/p>\n<\/li>\n<li data-start=\"1344\" data-end=\"1377\">\n<p data-start=\"1346\" data-end=\"1377\">Button and zip closure<\/p>\n<\/li>\n<li data-start=\"1378\" data-end=\"1417\">\n<p data-start=\"1380\" data-end=\"1417\">Slim fit at the bottom<\/p>\n<\/li>\n<li data-start=\"1418\" data-end=\"1463\">\n<p data-start=\"1420\" data-end=\"1463\">Italian manufacturing with premium finishes<\/p>\n<\/li>\n<\/ul>\n<p><a href=\"https:\/\/miralles1986.com\/en\/product-category\/clothes\/pants\/premium-jeans\/\"><strong>Jeans<\/strong><\/a> Dian DS0345U 800 <strong><a href=\"https:\/\/miralles1986.com\/en\/brand\/dondup\/\">Dondup<\/a><\/strong> It is available in the exclusive Autumn-Winter 2025 catalog of <strong><a href=\"https:\/\/miralles1986.com\/en\/\">Miralles 1986<\/a><\/strong><\/p>\n<p>&nbsp;<\/p>","protected":false},"excerpt":{"rendered":"<p data-start=\"121\" data-end=\"231\">Pants <strong data-start=\"255\" data-end=\"270\">Dondup Dian<\/strong> Made from stretch denim, with a carrot fit that combines comfort and contemporary style. Ideal for a sophisticated urban look.<\/p>","protected":false},"featured_media":13569,"comment_status":"closed","ping_status":"closed","template":"","meta":[],"pwb-brand":[751],"product_brand":[818],"product_cat":[226,168,427],"product_tag":[754,755,842,841],"class_list":{"0":"post-13449","1":"product","2":"type-product","3":"status-publish","4":"has-post-thumbnail","6":"pwb-brand-dondup","7":"product_brand-tienda-miralles","8":"product_cat-pantalones","9":"product_cat-ropa","10":"product_cat-vaqueros-premium","11":"product_tag-dondup","12":"product_tag-moda-hombre","13":"product_tag-otono-invierno-2025","14":"product_tag-pantalon-vaquero","15":"pa_color-azul-vaquero","16":"pa_composicion-algodon","17":"pa_composicion-denim-elastico","18":"pa_tamano-51","19":"pa_tamano-52","20":"pa_tamano-53","21":"pa_tamano-54","22":"pa_tamano-55","23":"pa_tamano-56","24":"pa_tamano-57","26":"first","27":"instock","28":"featured","29":"sold-individually","30":"taxable","31":"shipping-taxable","32":"purchasable","33":"product-type-variable"},"supplier_id":null,"supplier_sku":"","barcode":null,"atum_controlled":true,"out_stock_date":null,"out_stock_threshold":null,"inheritable":true,"inbound_stock":0,"stock_on_hold":0,"sold_today":0,"sales_last_days":0,"reserved_stock":0,"customer_returns":null,"warehouse_damage":null,"lost_in_post":null,"other_logs":null,"out_stock_days":0,"lost_sales":0,"has_location":false,"update_date":"2026-05-13T17:20:49","atum_locations":[],"atum_stock_status":"instock","restock_status":false,"low_stock_amount":"","sales_update_date":"2026-05-13T17:20:49","calc_backorders":null,"yoast_head":"<!-- This site is optimized with the Yoast SEO plugin v27.6 - https:\/\/yoast.com\/product\/yoast-seo-wordpress\/ -->\n<title>Pantal\u00f3n vaquero Dian DS0345U 800 Dondup - Miralles 1986<\/title>\n<meta name=\"description\" content=\"El pantal\u00f3n vaquero Dian DS0345U 800 de Dondup representa la fusi\u00f3n perfecta entre dise\u00f1o moderno y confort. Fabricado en denim el\u00e1stico de alta calidad.\" \/>\n<meta name=\"robots\" content=\"index, follow, max-snippet:-1, max-image-preview:large, max-video-preview:-1\" \/>\n<link rel=\"canonical\" href=\"https:\/\/miralles1986.com\/en\/product\/pantalon-vaquero-dian-ds0345-800-dondup\/\" \/>\n<meta property=\"og:locale\" content=\"en_GB\" \/>\n<meta property=\"og:type\" content=\"article\" \/>\n<meta property=\"og:title\" content=\"Pantal\u00f3n vaquero Dian DS0345U 800 Dondup - Miralles 1986\" \/>\n<meta property=\"og:description\" content=\"El pantal\u00f3n vaquero Dian DS0345U 800 de Dondup representa la fusi\u00f3n perfecta entre dise\u00f1o moderno y confort. Fabricado en denim el\u00e1stico de alta calidad.\" \/>\n<meta property=\"og:url\" content=\"https:\/\/miralles1986.com\/en\/product\/pantalon-vaquero-dian-ds0345-800-dondup\/\" \/>\n<meta property=\"og:site_name\" content=\"Miralles 1986\" \/>\n<meta property=\"article:publisher\" content=\"https:\/\/www.facebook.com\/miralles1986\" \/>\n<meta property=\"article:modified_time\" content=\"2026-03-13T16:57:45+00:00\" \/>\n<meta property=\"og:image\" content=\"https:\/\/miralles1986.com\/wp-content\/uploads\/2025\/08\/UP576-DS0345U-LG9-DU-W25-800-pantalon-dian-dondup.jpg\" \/>\n\t<meta property=\"og:image:width\" content=\"1000\" \/>\n\t<meta property=\"og:image:height\" content=\"1000\" \/>\n\t<meta property=\"og:image:type\" content=\"image\/jpeg\" \/>\n<meta name=\"twitter:card\" content=\"summary_large_image\" \/>\n<meta name=\"twitter:label1\" content=\"Estimated reading time\" \/>\n\t<meta name=\"twitter:data1\" content=\"1 minute\" \/>\n<script type=\"application\/ld+json\" class=\"yoast-schema-graph\">{\"@context\":\"https:\\\/\\\/schema.org\",\"@graph\":[{\"@type\":\"WebPage\",\"@id\":\"https:\\\/\\\/miralles1986.com\\\/producto\\\/pantalon-vaquero-dian-ds0345-800-dondup\\\/\",\"url\":\"https:\\\/\\\/miralles1986.com\\\/producto\\\/pantalon-vaquero-dian-ds0345-800-dondup\\\/\",\"name\":\"Pantal\u00f3n vaquero Dian DS0345U 800 Dondup - Miralles 1986\",\"isPartOf\":{\"@id\":\"https:\\\/\\\/miralles1986.com\\\/#website\"},\"primaryImageOfPage\":{\"@id\":\"https:\\\/\\\/miralles1986.com\\\/producto\\\/pantalon-vaquero-dian-ds0345-800-dondup\\\/#primaryimage\"},\"image\":{\"@id\":\"https:\\\/\\\/miralles1986.com\\\/producto\\\/pantalon-vaquero-dian-ds0345-800-dondup\\\/#primaryimage\"},\"thumbnailUrl\":\"https:\\\/\\\/miralles1986.com\\\/wp-content\\\/uploads\\\/2025\\\/08\\\/UP576-DS0345U-LG9-DU-W25-800-pantalon-dian-dondup.jpg\",\"datePublished\":\"2025-08-20T15:18:59+00:00\",\"dateModified\":\"2026-03-13T16:57:45+00:00\",\"description\":\"El pantal\u00f3n vaquero Dian DS0345U 800 de Dondup representa la fusi\u00f3n perfecta entre dise\u00f1o moderno y confort. Fabricado en denim el\u00e1stico de alta calidad.\",\"breadcrumb\":{\"@id\":\"https:\\\/\\\/miralles1986.com\\\/producto\\\/pantalon-vaquero-dian-ds0345-800-dondup\\\/#breadcrumb\"},\"inLanguage\":\"en-GB\",\"potentialAction\":[{\"@type\":\"ReadAction\",\"target\":[\"https:\\\/\\\/miralles1986.com\\\/producto\\\/pantalon-vaquero-dian-ds0345-800-dondup\\\/\"]}]},{\"@type\":\"ImageObject\",\"inLanguage\":\"en-GB\",\"@id\":\"https:\\\/\\\/miralles1986.com\\\/producto\\\/pantalon-vaquero-dian-ds0345-800-dondup\\\/#primaryimage\",\"url\":\"https:\\\/\\\/miralles1986.com\\\/wp-content\\\/uploads\\\/2025\\\/08\\\/UP576-DS0345U-LG9-DU-W25-800-pantalon-dian-dondup.jpg\",\"contentUrl\":\"https:\\\/\\\/miralles1986.com\\\/wp-content\\\/uploads\\\/2025\\\/08\\\/UP576-DS0345U-LG9-DU-W25-800-pantalon-dian-dondup.jpg\",\"width\":1000,\"height\":1000,\"caption\":\"Pantal\u00f3n vaquero Dian DS0345U 800 Dondup\"},{\"@type\":\"BreadcrumbList\",\"@id\":\"https:\\\/\\\/miralles1986.com\\\/producto\\\/pantalon-vaquero-dian-ds0345-800-dondup\\\/#breadcrumb\",\"itemListElement\":[{\"@type\":\"ListItem\",\"position\":1,\"name\":\"Portada\",\"item\":\"https:\\\/\\\/miralles1986.com\\\/\"},{\"@type\":\"ListItem\",\"position\":2,\"name\":\"Ropa de lujo para hombre | Stone Island, Y-3, C.P. Company\",\"item\":\"https:\\\/\\\/miralles1986.com\\\/tienda\\\/\"},{\"@type\":\"ListItem\",\"position\":3,\"name\":\"Pantal\u00f3n vaquero Dian DS0345U 800 Dondup\"}]},{\"@type\":\"WebSite\",\"@id\":\"https:\\\/\\\/miralles1986.com\\\/#website\",\"url\":\"https:\\\/\\\/miralles1986.com\\\/\",\"name\":\"Miralles 1986\",\"description\":\"Moda masculina de lujo en Valencia\",\"publisher\":{\"@id\":\"https:\\\/\\\/miralles1986.com\\\/#organization\"},\"potentialAction\":[{\"@type\":\"SearchAction\",\"target\":{\"@type\":\"EntryPoint\",\"urlTemplate\":\"https:\\\/\\\/miralles1986.com\\\/?s={search_term_string}\"},\"query-input\":{\"@type\":\"PropertyValueSpecification\",\"valueRequired\":true,\"valueName\":\"search_term_string\"}}],\"inLanguage\":\"en-GB\"},{\"@type\":\"Organization\",\"@id\":\"https:\\\/\\\/miralles1986.com\\\/#organization\",\"name\":\"Miralles 1986\",\"alternateName\":\"Miralles\",\"url\":\"https:\\\/\\\/miralles1986.com\\\/\",\"logo\":{\"@type\":\"ImageObject\",\"inLanguage\":\"en-GB\",\"@id\":\"https:\\\/\\\/miralles1986.com\\\/#\\\/schema\\\/logo\\\/image\\\/\",\"url\":\"https:\\\/\\\/miralles1986.com\\\/wp-content\\\/uploads\\\/2024\\\/09\\\/logo-miralles-1986-pequeno-bl.png\",\"contentUrl\":\"https:\\\/\\\/miralles1986.com\\\/wp-content\\\/uploads\\\/2024\\\/09\\\/logo-miralles-1986-pequeno-bl.png\",\"width\":201,\"height\":73,\"caption\":\"Miralles 1986\"},\"image\":{\"@id\":\"https:\\\/\\\/miralles1986.com\\\/#\\\/schema\\\/logo\\\/image\\\/\"},\"sameAs\":[\"https:\\\/\\\/www.facebook.com\\\/miralles1986\",\"https:\\\/\\\/www.instagram.com\\\/miralles1986_\\\/\"]}]}<\/script>\n<!-- \/ Yoast SEO plugin. -->","yoast_head_json":{"title":"Dian DS0345U 800 Dondup - Miralles 1986 jeans","description":"The Dondup Dian DS0345U 800 jeans represent the perfect fusion of modern design and comfort. Made from high-quality stretch denim.","robots":{"index":"index","follow":"follow","max-snippet":"max-snippet:-1","max-image-preview":"max-image-preview:large","max-video-preview":"max-video-preview:-1"},"canonical":"https:\/\/miralles1986.com\/en\/product\/pantalon-vaquero-dian-ds0345-800-dondup\/","og_locale":"en_GB","og_type":"article","og_title":"Pantal\u00f3n vaquero Dian DS0345U 800 Dondup - Miralles 1986","og_description":"El pantal\u00f3n vaquero Dian DS0345U 800 de Dondup representa la fusi\u00f3n perfecta entre dise\u00f1o moderno y confort. Fabricado en denim el\u00e1stico de alta calidad.","og_url":"https:\/\/miralles1986.com\/en\/product\/pantalon-vaquero-dian-ds0345-800-dondup\/","og_site_name":"Miralles 1986","article_publisher":"https:\/\/www.facebook.com\/miralles1986","article_modified_time":"2026-03-13T16:57:45+00:00","og_image":[{"width":1000,"height":1000,"url":"https:\/\/miralles1986.com\/wp-content\/uploads\/2025\/08\/UP576-DS0345U-LG9-DU-W25-800-pantalon-dian-dondup.jpg","type":"image\/jpeg"}],"twitter_card":"summary_large_image","twitter_misc":{"Estimated reading time":"1 minute"},"schema":{"@context":"https:\/\/schema.org","@graph":[{"@type":"WebPage","@id":"https:\/\/miralles1986.com\/producto\/pantalon-vaquero-dian-ds0345-800-dondup\/","url":"https:\/\/miralles1986.com\/producto\/pantalon-vaquero-dian-ds0345-800-dondup\/","name":"Dian DS0345U 800 Dondup - Miralles 1986 jeans","isPartOf":{"@id":"https:\/\/miralles1986.com\/#website"},"primaryImageOfPage":{"@id":"https:\/\/miralles1986.com\/producto\/pantalon-vaquero-dian-ds0345-800-dondup\/#primaryimage"},"image":{"@id":"https:\/\/miralles1986.com\/producto\/pantalon-vaquero-dian-ds0345-800-dondup\/#primaryimage"},"thumbnailUrl":"https:\/\/miralles1986.com\/wp-content\/uploads\/2025\/08\/UP576-DS0345U-LG9-DU-W25-800-pantalon-dian-dondup.jpg","datePublished":"2025-08-20T15:18:59+00:00","dateModified":"2026-03-13T16:57:45+00:00","description":"The Dondup Dian DS0345U 800 jeans represent the perfect fusion of modern design and comfort. Made from high-quality stretch denim.","breadcrumb":{"@id":"https:\/\/miralles1986.com\/producto\/pantalon-vaquero-dian-ds0345-800-dondup\/#breadcrumb"},"inLanguage":"en-GB","potentialAction":[{"@type":"ReadAction","target":["https:\/\/miralles1986.com\/producto\/pantalon-vaquero-dian-ds0345-800-dondup\/"]}]},{"@type":"ImageObject","inLanguage":"en-GB","@id":"https:\/\/miralles1986.com\/producto\/pantalon-vaquero-dian-ds0345-800-dondup\/#primaryimage","url":"https:\/\/miralles1986.com\/wp-content\/uploads\/2025\/08\/UP576-DS0345U-LG9-DU-W25-800-pantalon-dian-dondup.jpg","contentUrl":"https:\/\/miralles1986.com\/wp-content\/uploads\/2025\/08\/UP576-DS0345U-LG9-DU-W25-800-pantalon-dian-dondup.jpg","width":1000,"height":1000,"caption":"Pantal\u00f3n vaquero Dian DS0345U 800 Dondup"},{"@type":"BreadcrumbList","@id":"https:\/\/miralles1986.com\/producto\/pantalon-vaquero-dian-ds0345-800-dondup\/#breadcrumb","itemListElement":[{"@type":"ListItem","position":1,"name":"Portada","item":"https:\/\/miralles1986.com\/"},{"@type":"ListItem","position":2,"name":"Ropa de lujo para hombre | Stone Island, Y-3, C.P. Company","item":"https:\/\/miralles1986.com\/tienda\/"},{"@type":"ListItem","position":3,"name":"Pantal\u00f3n vaquero Dian DS0345U 800 Dondup"}]},{"@type":"WebSite","@id":"https:\/\/miralles1986.com\/#website","url":"https:\/\/miralles1986.com\/","name":"Miralles 1986","description":"Luxury men&#039;s fashion in Valencia","publisher":{"@id":"https:\/\/miralles1986.com\/#organization"},"potentialAction":[{"@type":"SearchAction","target":{"@type":"EntryPoint","urlTemplate":"https:\/\/miralles1986.com\/?s={search_term_string}"},"query-input":{"@type":"PropertyValueSpecification","valueRequired":true,"valueName":"search_term_string"}}],"inLanguage":"en-GB"},{"@type":"Organization","@id":"https:\/\/miralles1986.com\/#organization","name":"Miralles 1986","alternateName":"Miralles","url":"https:\/\/miralles1986.com\/","logo":{"@type":"ImageObject","inLanguage":"en-GB","@id":"https:\/\/miralles1986.com\/#\/schema\/logo\/image\/","url":"https:\/\/miralles1986.com\/wp-content\/uploads\/2024\/09\/logo-miralles-1986-pequeno-bl.png","contentUrl":"https:\/\/miralles1986.com\/wp-content\/uploads\/2024\/09\/logo-miralles-1986-pequeno-bl.png","width":201,"height":73,"caption":"Miralles 1986"},"image":{"@id":"https:\/\/miralles1986.com\/#\/schema\/logo\/image\/"},"sameAs":["https:\/\/www.facebook.com\/miralles1986","https:\/\/www.instagram.com\/miralles1986_\/"]}]}},"brands":[{"id":751,"name":"Dondup","slug":"dondup"}],"_links":{"self":[{"href":"https:\/\/miralles1986.com\/en\/wp-json\/wp\/v2\/product\/13449","targetHints":{"allow":["GET"]}}],"collection":[{"href":"https:\/\/miralles1986.com\/en\/wp-json\/wp\/v2\/product"}],"about":[{"href":"https:\/\/miralles1986.com\/en\/wp-json\/wp\/v2\/types\/product"}],"replies":[{"embeddable":true,"href":"https:\/\/miralles1986.com\/en\/wp-json\/wp\/v2\/comments?post=13449"}],"wp:featuredmedia":[{"embeddable":true,"href":"https:\/\/miralles1986.com\/en\/wp-json\/wp\/v2\/media\/13569"}],"wp:attachment":[{"href":"https:\/\/miralles1986.com\/en\/wp-json\/wp\/v2\/media?parent=13449"}],"wp:term":[{"taxonomy":"pwb-brand","embeddable":true,"href":"https:\/\/miralles1986.com\/en\/wp-json\/wp\/v2\/pwb-brand?post=13449"},{"taxonomy":"product_brand","embeddable":true,"href":"https:\/\/miralles1986.com\/en\/wp-json\/wp\/v2\/product_brand?post=13449"},{"taxonomy":"product_cat","embeddable":true,"href":"https:\/\/miralles1986.com\/en\/wp-json\/wp\/v2\/product_cat?post=13449"},{"taxonomy":"product_tag","embeddable":true,"href":"https:\/\/miralles1986.com\/en\/wp-json\/wp\/v2\/product_tag?post=13449"}],"curies":[{"name":"wp","href":"https:\/\/api.w.org\/{rel}","templated":true}]}}