{"id":13517,"date":"2025-08-21T19:32:39","date_gmt":"2025-08-21T17:32:39","guid":{"rendered":"https:\/\/miralles1986.com\/?post_type=product&#038;p=13517"},"modified":"2026-03-03T13:48:31","modified_gmt":"2026-03-03T12:48:31","slug":"pantalon-gaubert-relax-vs00031u-017-dondup","status":"publish","type":"product","link":"https:\/\/miralles1986.com\/en\/producto\/pantalon-gaubert-relax-vs00031u-017-dondup\/","title":{"rendered":"Gaubert Relax pants VS0031U 017 Dondup"},"content":{"rendered":"<p><a href=\"https:\/\/miralles1986.com\/en\/product-category\/clothes\/pants\/premium-jeans\/\"><strong>The trousers <\/strong><\/a>Gaubert Relax VS0031U 017 of <strong><a href=\"https:\/\/miralles1986.com\/en\/brand\/dondup\/\">Dondup<\/a> <\/strong>reinvents itself in <strong data-start=\"533\" data-end=\"552\">cotton corduroy<\/strong> Ivory in color, combining timeless elegance with a contemporary touch. Its cut <strong data-start=\"635\" data-end=\"656\">regular-fit relax<\/strong> It offers comfort and a balanced silhouette, perfect for those looking for versatile pants that can adapt to different occasions.<\/p>\n<p data-start=\"798\" data-end=\"1137\">With <strong data-start=\"802\" data-end=\"836\">slanted side pockets<\/strong>, With welt back pockets and a classic button and zip closure, this model blends functionality with refined design. The corduroy fabric adds texture and warmth, making it an ideal choice for cooler months, while maintaining the distinctive hallmark of Italian tailoring.<\/p>\n<p data-start=\"1139\" data-end=\"1326\">Whether paired with knit sweaters for a relaxed look or with shirts and jackets for a more sophisticated style, these trousers are an essential piece in any man&#039;s wardrobe.<\/p>\n<h3 data-start=\"1333\" data-end=\"1366\">Summary of features<\/h3>\n<ul data-start=\"1367\" data-end=\"1661\">\n<li data-start=\"1367\" data-end=\"1416\">\n<p data-start=\"1369\" data-end=\"1416\">Model: <strong data-start=\"1377\" data-end=\"1394\">Gaubert Relax<\/strong> \u2013 regular fit<\/p>\n<\/li>\n<li data-start=\"1417\" data-end=\"1444\">\n<p data-start=\"1419\" data-end=\"1444\">Color: <strong data-start=\"1426\" data-end=\"1442\">ivory (017)<\/strong><\/p>\n<\/li>\n<li data-start=\"1445\" data-end=\"1487\">\n<p data-start=\"1447\" data-end=\"1487\">Tissue: <strong data-start=\"1455\" data-end=\"1485\">cotton corduroy<\/strong><\/p>\n<\/li>\n<li data-start=\"1488\" data-end=\"1521\">\n<p data-start=\"1490\" data-end=\"1521\">Button and zip closure<\/p>\n<\/li>\n<li data-start=\"1522\" data-end=\"1556\">\n<p data-start=\"1524\" data-end=\"1556\">Slanted side pockets<\/p>\n<\/li>\n<li data-start=\"1557\" data-end=\"1589\">\n<p data-start=\"1559\" data-end=\"1589\">Back welt pockets<\/p>\n<\/li>\n<li data-start=\"1590\" data-end=\"1628\">\n<p data-start=\"1592\" data-end=\"1628\">Versatile design: casual or elegant<\/p>\n<\/li>\n<li data-start=\"1629\" data-end=\"1661\">\n<p data-start=\"1631\" data-end=\"1661\">Making <strong data-start=\"1642\" data-end=\"1659\">Made in Italy<\/strong><\/p>\n<\/li>\n<\/ul>\n<p><a href=\"https:\/\/miralles1986.com\/en\/product-category\/clothes\/pants\/premium-jeans\/\"><strong>The trousers <\/strong><\/a>Gaubert Relax VS0031U 017 of <strong><a href=\"https:\/\/miralles1986.com\/en\/brand\/dondup\/\">Dondup<\/a><\/strong> It is available in the exclusive Autumn-Winter 2025 catalog of <strong><a href=\"https:\/\/miralles1986.com\/en\/\">Miralles 1986<\/a><\/strong><\/p>\n<p>&nbsp;<\/p>","protected":false},"excerpt":{"rendered":"<p data-start=\"401\" data-end=\"554\">Pants <strong data-start=\"410\" data-end=\"434\">Dondup Gaubert Relax<\/strong> Made from stretch gabardine, with a regular fit and timeless style. A versatile garment with the quality of Italian tailoring.<\/p>\n<h3 data-start=\"770\" data-end=\"794\"><\/h3>","protected":false},"featured_media":13528,"comment_status":"closed","ping_status":"closed","template":"","meta":[],"pwb-brand":[751],"product_brand":[818],"product_cat":[226,227,168],"product_tag":[754,755,842,841],"class_list":{"0":"post-13517","1":"product","2":"type-product","3":"status-publish","4":"has-post-thumbnail","6":"pwb-brand-dondup","7":"product_brand-tienda-miralles","8":"product_cat-pantalones","9":"product_cat-pantalones-sport-miralles-1986","10":"product_cat-ropa","11":"product_tag-dondup","12":"product_tag-moda-hombre","13":"product_tag-otono-invierno-2025","14":"product_tag-pantalon-vaquero","15":"pa_color-marfil","16":"pa_composicion-algodon","17":"pa_composicion-denim-elastico","18":"pa_tamano-51","19":"pa_tamano-52","20":"pa_tamano-53","21":"pa_tamano-54","22":"pa_tamano-55","23":"pa_tamano-56","24":"pa_tamano-57","25":"pa_tamano-59","27":"first","28":"instock","29":"featured","30":"sold-individually","31":"taxable","32":"shipping-taxable","33":"purchasable","34":"product-type-variable"},"supplier_id":null,"supplier_sku":"","barcode":null,"atum_controlled":true,"out_stock_date":null,"out_stock_threshold":null,"inheritable":true,"inbound_stock":0,"stock_on_hold":0,"sold_today":0,"sales_last_days":0,"reserved_stock":0,"customer_returns":null,"warehouse_damage":null,"lost_in_post":null,"other_logs":null,"out_stock_days":0,"lost_sales":0,"has_location":false,"update_date":"2026-05-13T17:20:48","atum_locations":[],"atum_stock_status":"instock","restock_status":false,"low_stock_amount":"","sales_update_date":"2026-05-13T17:20:48","calc_backorders":null,"yoast_head":"<!-- This site is optimized with the Yoast SEO plugin v27.6 - https:\/\/yoast.com\/product\/yoast-seo-wordpress\/ -->\n<title>Pantal\u00f3n Gaubert Relax VS0031U 017 Dondup - Miralles 1986<\/title>\n<meta name=\"description\" content=\"El pantal\u00f3n Gaubert Relax VS0031 017 de Dondup es un pantal\u00f3n confeccionado en gabardina el\u00e1stica de tacto c\u00e1lido. Disponible en Miralles 1986.\" \/>\n<meta name=\"robots\" content=\"index, follow, max-snippet:-1, max-image-preview:large, max-video-preview:-1\" \/>\n<link rel=\"canonical\" href=\"https:\/\/miralles1986.com\/en\/product\/pantalon-gaubert-relax-vs00031u-017-dondup\/\" \/>\n<meta property=\"og:locale\" content=\"en_GB\" \/>\n<meta property=\"og:type\" content=\"article\" \/>\n<meta property=\"og:title\" content=\"Pantal\u00f3n Gaubert Relax VS0031U 017 Dondup - Miralles 1986\" \/>\n<meta property=\"og:description\" content=\"El pantal\u00f3n Gaubert Relax VS0031 017 de Dondup es un pantal\u00f3n confeccionado en gabardina el\u00e1stica de tacto c\u00e1lido. Disponible en Miralles 1986.\" \/>\n<meta property=\"og:url\" content=\"https:\/\/miralles1986.com\/en\/product\/pantalon-gaubert-relax-vs00031u-017-dondup\/\" \/>\n<meta property=\"og:site_name\" content=\"Miralles 1986\" \/>\n<meta property=\"article:publisher\" content=\"https:\/\/www.facebook.com\/miralles1986\" \/>\n<meta property=\"article:modified_time\" content=\"2026-03-03T12:48:31+00:00\" \/>\n<meta property=\"og:image\" content=\"https:\/\/miralles1986.com\/wp-content\/uploads\/2025\/08\/pantalon-gaubert-relax-dondup-UP688_VS0031U_A27_DU_W25_017.jpg\" \/>\n\t<meta property=\"og:image:width\" content=\"1000\" \/>\n\t<meta property=\"og:image:height\" content=\"1000\" \/>\n\t<meta property=\"og:image:type\" content=\"image\/jpeg\" \/>\n<meta name=\"twitter:card\" content=\"summary_large_image\" \/>\n<meta name=\"twitter:label1\" content=\"Estimated reading time\" \/>\n\t<meta name=\"twitter:data1\" content=\"2 minutes\" \/>\n<script type=\"application\/ld+json\" class=\"yoast-schema-graph\">{\"@context\":\"https:\\\/\\\/schema.org\",\"@graph\":[{\"@type\":\"WebPage\",\"@id\":\"https:\\\/\\\/miralles1986.com\\\/producto\\\/pantalon-gaubert-relax-vs00031u-017-dondup\\\/\",\"url\":\"https:\\\/\\\/miralles1986.com\\\/producto\\\/pantalon-gaubert-relax-vs00031u-017-dondup\\\/\",\"name\":\"Pantal\u00f3n Gaubert Relax VS0031U 017 Dondup - Miralles 1986\",\"isPartOf\":{\"@id\":\"https:\\\/\\\/miralles1986.com\\\/#website\"},\"primaryImageOfPage\":{\"@id\":\"https:\\\/\\\/miralles1986.com\\\/producto\\\/pantalon-gaubert-relax-vs00031u-017-dondup\\\/#primaryimage\"},\"image\":{\"@id\":\"https:\\\/\\\/miralles1986.com\\\/producto\\\/pantalon-gaubert-relax-vs00031u-017-dondup\\\/#primaryimage\"},\"thumbnailUrl\":\"https:\\\/\\\/miralles1986.com\\\/wp-content\\\/uploads\\\/2025\\\/08\\\/pantalon-gaubert-relax-dondup-UP688_VS0031U_A27_DU_W25_017.jpg\",\"datePublished\":\"2025-08-21T17:32:39+00:00\",\"dateModified\":\"2026-03-03T12:48:31+00:00\",\"description\":\"El pantal\u00f3n Gaubert Relax VS0031 017 de Dondup es un pantal\u00f3n confeccionado en gabardina el\u00e1stica de tacto c\u00e1lido. Disponible en Miralles 1986.\",\"breadcrumb\":{\"@id\":\"https:\\\/\\\/miralles1986.com\\\/producto\\\/pantalon-gaubert-relax-vs00031u-017-dondup\\\/#breadcrumb\"},\"inLanguage\":\"en-GB\",\"potentialAction\":[{\"@type\":\"ReadAction\",\"target\":[\"https:\\\/\\\/miralles1986.com\\\/producto\\\/pantalon-gaubert-relax-vs00031u-017-dondup\\\/\"]}]},{\"@type\":\"ImageObject\",\"inLanguage\":\"en-GB\",\"@id\":\"https:\\\/\\\/miralles1986.com\\\/producto\\\/pantalon-gaubert-relax-vs00031u-017-dondup\\\/#primaryimage\",\"url\":\"https:\\\/\\\/miralles1986.com\\\/wp-content\\\/uploads\\\/2025\\\/08\\\/pantalon-gaubert-relax-dondup-UP688_VS0031U_A27_DU_W25_017.jpg\",\"contentUrl\":\"https:\\\/\\\/miralles1986.com\\\/wp-content\\\/uploads\\\/2025\\\/08\\\/pantalon-gaubert-relax-dondup-UP688_VS0031U_A27_DU_W25_017.jpg\",\"width\":1000,\"height\":1000,\"caption\":\"Pantal\u00f3n Gaubert Relax VS0031U 017 Dondup\"},{\"@type\":\"BreadcrumbList\",\"@id\":\"https:\\\/\\\/miralles1986.com\\\/producto\\\/pantalon-gaubert-relax-vs00031u-017-dondup\\\/#breadcrumb\",\"itemListElement\":[{\"@type\":\"ListItem\",\"position\":1,\"name\":\"Portada\",\"item\":\"https:\\\/\\\/miralles1986.com\\\/\"},{\"@type\":\"ListItem\",\"position\":2,\"name\":\"Ropa de lujo para hombre | Stone Island, Y-3, C.P. Company\",\"item\":\"https:\\\/\\\/miralles1986.com\\\/tienda\\\/\"},{\"@type\":\"ListItem\",\"position\":3,\"name\":\"Pantal\u00f3n Gaubert Relax VS0031U 017 Dondup\"}]},{\"@type\":\"WebSite\",\"@id\":\"https:\\\/\\\/miralles1986.com\\\/#website\",\"url\":\"https:\\\/\\\/miralles1986.com\\\/\",\"name\":\"Miralles 1986\",\"description\":\"Moda masculina de lujo en Valencia\",\"publisher\":{\"@id\":\"https:\\\/\\\/miralles1986.com\\\/#organization\"},\"potentialAction\":[{\"@type\":\"SearchAction\",\"target\":{\"@type\":\"EntryPoint\",\"urlTemplate\":\"https:\\\/\\\/miralles1986.com\\\/?s={search_term_string}\"},\"query-input\":{\"@type\":\"PropertyValueSpecification\",\"valueRequired\":true,\"valueName\":\"search_term_string\"}}],\"inLanguage\":\"en-GB\"},{\"@type\":\"Organization\",\"@id\":\"https:\\\/\\\/miralles1986.com\\\/#organization\",\"name\":\"Miralles 1986\",\"alternateName\":\"Miralles\",\"url\":\"https:\\\/\\\/miralles1986.com\\\/\",\"logo\":{\"@type\":\"ImageObject\",\"inLanguage\":\"en-GB\",\"@id\":\"https:\\\/\\\/miralles1986.com\\\/#\\\/schema\\\/logo\\\/image\\\/\",\"url\":\"https:\\\/\\\/miralles1986.com\\\/wp-content\\\/uploads\\\/2024\\\/09\\\/logo-miralles-1986-pequeno-bl.png\",\"contentUrl\":\"https:\\\/\\\/miralles1986.com\\\/wp-content\\\/uploads\\\/2024\\\/09\\\/logo-miralles-1986-pequeno-bl.png\",\"width\":201,\"height\":73,\"caption\":\"Miralles 1986\"},\"image\":{\"@id\":\"https:\\\/\\\/miralles1986.com\\\/#\\\/schema\\\/logo\\\/image\\\/\"},\"sameAs\":[\"https:\\\/\\\/www.facebook.com\\\/miralles1986\",\"https:\\\/\\\/www.instagram.com\\\/miralles1986_\\\/\"]}]}<\/script>\n<!-- \/ Yoast SEO plugin. -->","yoast_head_json":{"title":"Gaubert Relax pants VS0031U 017 Dondup - Miralles 1986","description":"The Gaubert Relax VS0031 017 trousers by Dondup are made from warm-touch stretch gabardine. Available at Miralles 1986.","robots":{"index":"index","follow":"follow","max-snippet":"max-snippet:-1","max-image-preview":"max-image-preview:large","max-video-preview":"max-video-preview:-1"},"canonical":"https:\/\/miralles1986.com\/en\/product\/pantalon-gaubert-relax-vs00031u-017-dondup\/","og_locale":"en_GB","og_type":"article","og_title":"Pantal\u00f3n Gaubert Relax VS0031U 017 Dondup - Miralles 1986","og_description":"El pantal\u00f3n Gaubert Relax VS0031 017 de Dondup es un pantal\u00f3n confeccionado en gabardina el\u00e1stica de tacto c\u00e1lido. Disponible en Miralles 1986.","og_url":"https:\/\/miralles1986.com\/en\/product\/pantalon-gaubert-relax-vs00031u-017-dondup\/","og_site_name":"Miralles 1986","article_publisher":"https:\/\/www.facebook.com\/miralles1986","article_modified_time":"2026-03-03T12:48:31+00:00","og_image":[{"width":1000,"height":1000,"url":"https:\/\/miralles1986.com\/wp-content\/uploads\/2025\/08\/pantalon-gaubert-relax-dondup-UP688_VS0031U_A27_DU_W25_017.jpg","type":"image\/jpeg"}],"twitter_card":"summary_large_image","twitter_misc":{"Estimated reading time":"2 minutes"},"schema":{"@context":"https:\/\/schema.org","@graph":[{"@type":"WebPage","@id":"https:\/\/miralles1986.com\/producto\/pantalon-gaubert-relax-vs00031u-017-dondup\/","url":"https:\/\/miralles1986.com\/producto\/pantalon-gaubert-relax-vs00031u-017-dondup\/","name":"Gaubert Relax pants VS0031U 017 Dondup - Miralles 1986","isPartOf":{"@id":"https:\/\/miralles1986.com\/#website"},"primaryImageOfPage":{"@id":"https:\/\/miralles1986.com\/producto\/pantalon-gaubert-relax-vs00031u-017-dondup\/#primaryimage"},"image":{"@id":"https:\/\/miralles1986.com\/producto\/pantalon-gaubert-relax-vs00031u-017-dondup\/#primaryimage"},"thumbnailUrl":"https:\/\/miralles1986.com\/wp-content\/uploads\/2025\/08\/pantalon-gaubert-relax-dondup-UP688_VS0031U_A27_DU_W25_017.jpg","datePublished":"2025-08-21T17:32:39+00:00","dateModified":"2026-03-03T12:48:31+00:00","description":"The Gaubert Relax VS0031 017 trousers by Dondup are made from warm-touch stretch gabardine. Available at Miralles 1986.","breadcrumb":{"@id":"https:\/\/miralles1986.com\/producto\/pantalon-gaubert-relax-vs00031u-017-dondup\/#breadcrumb"},"inLanguage":"en-GB","potentialAction":[{"@type":"ReadAction","target":["https:\/\/miralles1986.com\/producto\/pantalon-gaubert-relax-vs00031u-017-dondup\/"]}]},{"@type":"ImageObject","inLanguage":"en-GB","@id":"https:\/\/miralles1986.com\/producto\/pantalon-gaubert-relax-vs00031u-017-dondup\/#primaryimage","url":"https:\/\/miralles1986.com\/wp-content\/uploads\/2025\/08\/pantalon-gaubert-relax-dondup-UP688_VS0031U_A27_DU_W25_017.jpg","contentUrl":"https:\/\/miralles1986.com\/wp-content\/uploads\/2025\/08\/pantalon-gaubert-relax-dondup-UP688_VS0031U_A27_DU_W25_017.jpg","width":1000,"height":1000,"caption":"Pantal\u00f3n Gaubert Relax VS0031U 017 Dondup"},{"@type":"BreadcrumbList","@id":"https:\/\/miralles1986.com\/producto\/pantalon-gaubert-relax-vs00031u-017-dondup\/#breadcrumb","itemListElement":[{"@type":"ListItem","position":1,"name":"Portada","item":"https:\/\/miralles1986.com\/"},{"@type":"ListItem","position":2,"name":"Ropa de lujo para hombre | Stone Island, Y-3, C.P. Company","item":"https:\/\/miralles1986.com\/tienda\/"},{"@type":"ListItem","position":3,"name":"Pantal\u00f3n Gaubert Relax VS0031U 017 Dondup"}]},{"@type":"WebSite","@id":"https:\/\/miralles1986.com\/#website","url":"https:\/\/miralles1986.com\/","name":"Miralles 1986","description":"Luxury men&#039;s fashion in Valencia","publisher":{"@id":"https:\/\/miralles1986.com\/#organization"},"potentialAction":[{"@type":"SearchAction","target":{"@type":"EntryPoint","urlTemplate":"https:\/\/miralles1986.com\/?s={search_term_string}"},"query-input":{"@type":"PropertyValueSpecification","valueRequired":true,"valueName":"search_term_string"}}],"inLanguage":"en-GB"},{"@type":"Organization","@id":"https:\/\/miralles1986.com\/#organization","name":"Miralles 1986","alternateName":"Miralles","url":"https:\/\/miralles1986.com\/","logo":{"@type":"ImageObject","inLanguage":"en-GB","@id":"https:\/\/miralles1986.com\/#\/schema\/logo\/image\/","url":"https:\/\/miralles1986.com\/wp-content\/uploads\/2024\/09\/logo-miralles-1986-pequeno-bl.png","contentUrl":"https:\/\/miralles1986.com\/wp-content\/uploads\/2024\/09\/logo-miralles-1986-pequeno-bl.png","width":201,"height":73,"caption":"Miralles 1986"},"image":{"@id":"https:\/\/miralles1986.com\/#\/schema\/logo\/image\/"},"sameAs":["https:\/\/www.facebook.com\/miralles1986","https:\/\/www.instagram.com\/miralles1986_\/"]}]}},"brands":[{"id":751,"name":"Dondup","slug":"dondup"}],"_links":{"self":[{"href":"https:\/\/miralles1986.com\/en\/wp-json\/wp\/v2\/product\/13517","targetHints":{"allow":["GET"]}}],"collection":[{"href":"https:\/\/miralles1986.com\/en\/wp-json\/wp\/v2\/product"}],"about":[{"href":"https:\/\/miralles1986.com\/en\/wp-json\/wp\/v2\/types\/product"}],"replies":[{"embeddable":true,"href":"https:\/\/miralles1986.com\/en\/wp-json\/wp\/v2\/comments?post=13517"}],"wp:featuredmedia":[{"embeddable":true,"href":"https:\/\/miralles1986.com\/en\/wp-json\/wp\/v2\/media\/13528"}],"wp:attachment":[{"href":"https:\/\/miralles1986.com\/en\/wp-json\/wp\/v2\/media?parent=13517"}],"wp:term":[{"taxonomy":"pwb-brand","embeddable":true,"href":"https:\/\/miralles1986.com\/en\/wp-json\/wp\/v2\/pwb-brand?post=13517"},{"taxonomy":"product_brand","embeddable":true,"href":"https:\/\/miralles1986.com\/en\/wp-json\/wp\/v2\/product_brand?post=13517"},{"taxonomy":"product_cat","embeddable":true,"href":"https:\/\/miralles1986.com\/en\/wp-json\/wp\/v2\/product_cat?post=13517"},{"taxonomy":"product_tag","embeddable":true,"href":"https:\/\/miralles1986.com\/en\/wp-json\/wp\/v2\/product_tag?post=13517"}],"curies":[{"name":"wp","href":"https:\/\/api.w.org\/{rel}","templated":true}]}}