{"id":13903,"date":"2025-09-15T20:59:48","date_gmt":"2025-09-15T18:59:48","guid":{"rendered":"https:\/\/miralles1986.com\/?post_type=product&#038;p=13903"},"modified":"2026-01-31T13:26:47","modified_gmt":"2026-01-31T12:26:47","slug":"zapatillas-black-bodrum-run-of","status":"publish","type":"product","link":"https:\/\/miralles1986.com\/en\/product\/zapatillas-black-bodrum-run-of\/","title":{"rendered":"Black Bodrum Run Of Sneakers"},"content":{"rendered":"<h2>Sneakers <a href=\"https:\/\/miralles1986.com\/en\/marca\/run-of\/\">Run Of<\/a> Black Bodrum \u00b7 High-end Italian design<\/h2>\n<p>The <strong><a href=\"https:\/\/miralles1986.com\/en\/product-category\/calzado\/zapatillas\/\">sneakers <\/a><a href=\"https:\/\/miralles1986.com\/en\/marca\/run-of\/\">Run Of<\/a> Black Bodrum<\/strong> combine <strong>Italian craftsmanship<\/strong> y <strong>contemporary design<\/strong>. They are made of <strong>gray suede<\/strong> y <strong>black nylon<\/strong>, with a white leather back reinforcement that provides contrast and stability. Its characteristic <em>toothed sole<\/em> They provide personality, grip and comfort for everyday use, making them the perfect complement to a sophisticated urban look.<\/p>\n<h3>Main features<\/h3>\n<ul>\n<li>Made in Italy with premium materials<\/li>\n<li>Combination of grey suede and black nylon<\/li>\n<li>Back reinforcement in white leather<\/li>\n<li>Exclusive serrated sole for greater traction<\/li>\n<li>Contemporary design inspired by retro running<\/li>\n<li>Padded interior and comfortable insole<\/li>\n<li>24\u201348h delivery and secure payment at <a href=\"https:\/\/miralles1986.com\/en\/\">Miralles 1986<\/a><\/li>\n<\/ul>","protected":false},"excerpt":{"rendered":"<p>Run Of Black Bodrum men&#039;s sneakers in grey suede and black nylon. Exclusive serrated sole and white leather heel reinforcement. Made in Italy.<\/p>\n<div style=\"font-weight: bold; margin-top: 20px; font-size: 16px;\">Size conversion chart<\/div>\n<div style=\"max-height: 200px; overflow-y: auto; margin-top: 15px; border: 1px solid #ccc; padding: 10px;\">\n<table style=\"width: 100%; border-collapse: collapse; font-size: 14px;\">\n<thead>\n<tr>\n<th style=\"border: 1px solid #ccc; padding: 8px; text-align: center;\">Germany \/ France<\/th>\n<th style=\"border: 1px solid #ccc; padding: 8px; text-align: center;\">UK<\/th>\n<\/tr>\n<\/thead>\n<tbody>\n<tr>\n<td style=\"border: 1px solid #ccc; padding: 8px; text-align: center;\">36 2\/3<\/td>\n<td style=\"border: 1px solid #ccc; padding: 8px; text-align: center;\">4<\/td>\n<\/tr>\n<tr>\n<td style=\"border: 1px solid #ccc; padding: 8px; text-align: center;\">37 1\/3<\/td>\n<td style=\"border: 1px solid #ccc; padding: 8px; text-align: center;\">4.5<\/td>\n<\/tr>\n<tr>\n<td style=\"border: 1px solid #ccc; padding: 8px; text-align: center;\">38<\/td>\n<td style=\"border: 1px solid #ccc; padding: 8px; text-align: center;\">5<\/td>\n<\/tr>\n<tr>\n<td style=\"border: 1px solid #ccc; padding: 8px; text-align: center;\">38 2\/3<\/td>\n<td style=\"border: 1px solid #ccc; padding: 8px; text-align: center;\">5.5<\/td>\n<\/tr>\n<tr>\n<td style=\"border: 1px solid #ccc; padding: 8px; text-align: center;\">39 1\/3<\/td>\n<td style=\"border: 1px solid #ccc; padding: 8px; text-align: center;\">6<\/td>\n<\/tr>\n<tr>\n<td style=\"border: 1px solid #ccc; padding: 8px; text-align: center;\">40<\/td>\n<td style=\"border: 1px solid #ccc; padding: 8px; text-align: center;\">6.5<\/td>\n<\/tr>\n<tr>\n<td style=\"border: 1px solid #ccc; padding: 8px; text-align: center;\">40 2\/3<\/td>\n<td style=\"border: 1px solid #ccc; padding: 8px; text-align: center;\">7<\/td>\n<\/tr>\n<tr>\n<td style=\"border: 1px solid #ccc; padding: 8px; text-align: center;\">41 1\/3<\/td>\n<td style=\"border: 1px solid #ccc; padding: 8px; text-align: center;\">7.5<\/td>\n<\/tr>\n<tr>\n<td style=\"border: 1px solid #ccc; padding: 8px; text-align: center;\">42<\/td>\n<td style=\"border: 1px solid #ccc; padding: 8px; text-align: center;\">8<\/td>\n<\/tr>\n<tr>\n<td style=\"border: 1px solid #ccc; padding: 8px; text-align: center;\">42 2\/3<\/td>\n<td style=\"border: 1px solid #ccc; padding: 8px; text-align: center;\">8.5<\/td>\n<\/tr>\n<tr>\n<td style=\"border: 1px solid #ccc; padding: 8px; text-align: center;\">43 1\/3<\/td>\n<td style=\"border: 1px solid #ccc; padding: 8px; text-align: center;\">9<\/td>\n<\/tr>\n<tr>\n<td style=\"border: 1px solid #ccc; padding: 8px; text-align: center;\">44<\/td>\n<td style=\"border: 1px solid #ccc; padding: 8px; text-align: center;\">9.5<\/td>\n<\/tr>\n<tr>\n<td style=\"border: 1px solid #ccc; padding: 8px; text-align: center;\">44 2\/3<\/td>\n<td style=\"border: 1px solid #ccc; padding: 8px; text-align: center;\">10<\/td>\n<\/tr>\n<tr>\n<td style=\"border: 1px solid #ccc; padding: 8px; text-align: center;\">45 1\/3<\/td>\n<td style=\"border: 1px solid #ccc; padding: 8px; text-align: center;\">10.5<\/td>\n<\/tr>\n<tr>\n<td style=\"border: 1px solid #ccc; padding: 8px; text-align: center;\">46<\/td>\n<td style=\"border: 1px solid #ccc; padding: 8px; text-align: center;\">11<\/td>\n<\/tr>\n<tr>\n<td style=\"border: 1px solid #ccc; padding: 8px; text-align: center;\">46 2\/3<\/td>\n<td style=\"border: 1px solid #ccc; padding: 8px; text-align: center;\">11.5<\/td>\n<\/tr>\n<tr>\n<td style=\"border: 1px solid #ccc; padding: 8px; text-align: center;\">47 1\/3<\/td>\n<td style=\"border: 1px solid #ccc; padding: 8px; text-align: center;\">12<\/td>\n<\/tr>\n<tr>\n<td style=\"border: 1px solid #ccc; padding: 8px; text-align: center;\">48<\/td>\n<td style=\"border: 1px solid #ccc; padding: 8px; text-align: center;\">12.5<\/td>\n<\/tr>\n<tr>\n<td style=\"border: 1px solid #ccc; padding: 8px; text-align: center;\">48 2\/3<\/td>\n<td style=\"border: 1px solid #ccc; padding: 8px; text-align: center;\">13<\/td>\n<\/tr>\n<tr>\n<td style=\"border: 1px solid #ccc; padding: 8px; text-align: center;\">49 1\/3<\/td>\n<td style=\"border: 1px solid #ccc; padding: 8px; text-align: center;\">13.5<\/td>\n<\/tr>\n<tr>\n<td style=\"border: 1px solid #ccc; padding: 8px; text-align: center;\">50<\/td>\n<td style=\"border: 1px solid #ccc; padding: 8px; text-align: center;\">14<\/td>\n<\/tr>\n<\/tbody>\n<\/table>\n<\/div>","protected":false},"featured_media":13917,"comment_status":"closed","ping_status":"closed","template":"","meta":[],"pwb-brand":[902],"product_brand":[819],"product_cat":[420,423],"product_tag":[755,842,903,846],"class_list":{"0":"post-13903","1":"product","2":"type-product","3":"status-publish","4":"has-post-thumbnail","6":"pwb-brand-run-of","7":"product_brand-tienda-eleven","8":"product_cat-calzado","9":"product_cat-zapatillas","10":"product_tag-moda-hombre","11":"product_tag-otono-invierno-2025","12":"product_tag-run-of","13":"product_tag-zapatillas-de-deporte","14":"pa_color-gris","15":"pa_color-negro","16":"pa_composicion-ante","17":"pa_composicion-goma","18":"pa_composicion-nailon","19":"pa_tamano-59","20":"pa_tamano-60","21":"pa_tamano-61","22":"pa_tamano-62","23":"pa_tamano-63","24":"pa_tamano-64","25":"pa_tamano-65","27":"first","28":"outofstock","29":"featured","30":"sold-individually","31":"taxable","32":"shipping-taxable","33":"purchasable","34":"product-type-variable"},"supplier_id":null,"supplier_sku":"","barcode":null,"atum_controlled":true,"out_stock_date":null,"out_stock_threshold":null,"inheritable":true,"inbound_stock":0,"stock_on_hold":0,"sold_today":0,"sales_last_days":0,"reserved_stock":0,"customer_returns":null,"warehouse_damage":null,"lost_in_post":null,"other_logs":null,"out_stock_days":0,"lost_sales":0,"has_location":false,"update_date":"2026-04-07T14:42:24","atum_locations":[],"atum_stock_status":"outofstock","restock_status":false,"low_stock_amount":"","sales_update_date":"2026-04-07T14:42:24","calc_backorders":null,"yoast_head":"<!-- This site is optimized with the Yoast SEO plugin v27.4 - https:\/\/yoast.com\/product\/yoast-seo-wordpress\/ -->\n<title>Zapatillas Black Bodrum Run Of - Miralles 1986<\/title>\n<meta name=\"description\" content=\"Las zapatillas Run Of Black Bodrum combinan artesan\u00eda italiana y dise\u00f1o contempor\u00e1neo. Est\u00e1n confeccionadas en ante gris y nailon negro.\" \/>\n<meta name=\"robots\" content=\"index, follow, max-snippet:-1, max-image-preview:large, max-video-preview:-1\" \/>\n<link rel=\"canonical\" href=\"https:\/\/miralles1986.com\/en\/product\/zapatillas-black-bodrum-run-of\/\" \/>\n<meta property=\"og:locale\" content=\"en_GB\" \/>\n<meta property=\"og:type\" content=\"article\" \/>\n<meta property=\"og:title\" content=\"Zapatillas Black Bodrum Run Of - Miralles 1986\" \/>\n<meta property=\"og:description\" content=\"Las zapatillas Run Of Black Bodrum combinan artesan\u00eda italiana y dise\u00f1o contempor\u00e1neo. Est\u00e1n confeccionadas en ante gris y nailon negro.\" \/>\n<meta property=\"og:url\" content=\"https:\/\/miralles1986.com\/en\/product\/zapatillas-black-bodrum-run-of\/\" \/>\n<meta property=\"og:site_name\" content=\"Miralles 1986\" \/>\n<meta property=\"article:publisher\" content=\"https:\/\/www.facebook.com\/miralles1986\" \/>\n<meta property=\"article:modified_time\" content=\"2026-01-31T12:26:47+00:00\" \/>\n<meta property=\"og:image\" content=\"https:\/\/miralles1986.com\/wp-content\/uploads\/2025\/09\/zapatillas-black-bodrum-run-of-2.jpg\" \/>\n\t<meta property=\"og:image:width\" content=\"1000\" \/>\n\t<meta property=\"og:image:height\" content=\"1000\" \/>\n\t<meta property=\"og:image:type\" content=\"image\/jpeg\" \/>\n<meta name=\"twitter:card\" content=\"summary_large_image\" \/>\n<meta name=\"twitter:label1\" content=\"Estimated reading time\" \/>\n\t<meta name=\"twitter:data1\" content=\"1 minute\" \/>\n<script type=\"application\/ld+json\" class=\"yoast-schema-graph\">{\"@context\":\"https:\\\/\\\/schema.org\",\"@graph\":[{\"@type\":\"WebPage\",\"@id\":\"https:\\\/\\\/miralles1986.com\\\/producto\\\/zapatillas-black-bodrum-run-of\\\/\",\"url\":\"https:\\\/\\\/miralles1986.com\\\/producto\\\/zapatillas-black-bodrum-run-of\\\/\",\"name\":\"Zapatillas Black Bodrum Run Of - Miralles 1986\",\"isPartOf\":{\"@id\":\"https:\\\/\\\/miralles1986.com\\\/#website\"},\"primaryImageOfPage\":{\"@id\":\"https:\\\/\\\/miralles1986.com\\\/producto\\\/zapatillas-black-bodrum-run-of\\\/#primaryimage\"},\"image\":{\"@id\":\"https:\\\/\\\/miralles1986.com\\\/producto\\\/zapatillas-black-bodrum-run-of\\\/#primaryimage\"},\"thumbnailUrl\":\"https:\\\/\\\/miralles1986.com\\\/wp-content\\\/uploads\\\/2025\\\/09\\\/zapatillas-black-bodrum-run-of-2.jpg\",\"datePublished\":\"2025-09-15T18:59:48+00:00\",\"dateModified\":\"2026-01-31T12:26:47+00:00\",\"description\":\"Las zapatillas Run Of Black Bodrum combinan artesan\u00eda italiana y dise\u00f1o contempor\u00e1neo. Est\u00e1n confeccionadas en ante gris y nailon negro.\",\"breadcrumb\":{\"@id\":\"https:\\\/\\\/miralles1986.com\\\/producto\\\/zapatillas-black-bodrum-run-of\\\/#breadcrumb\"},\"inLanguage\":\"en-GB\",\"potentialAction\":[{\"@type\":\"ReadAction\",\"target\":[\"https:\\\/\\\/miralles1986.com\\\/producto\\\/zapatillas-black-bodrum-run-of\\\/\"]}]},{\"@type\":\"ImageObject\",\"inLanguage\":\"en-GB\",\"@id\":\"https:\\\/\\\/miralles1986.com\\\/producto\\\/zapatillas-black-bodrum-run-of\\\/#primaryimage\",\"url\":\"https:\\\/\\\/miralles1986.com\\\/wp-content\\\/uploads\\\/2025\\\/09\\\/zapatillas-black-bodrum-run-of-2.jpg\",\"contentUrl\":\"https:\\\/\\\/miralles1986.com\\\/wp-content\\\/uploads\\\/2025\\\/09\\\/zapatillas-black-bodrum-run-of-2.jpg\",\"width\":1000,\"height\":1000,\"caption\":\"Zapatillas Black Bodrum Run Of\"},{\"@type\":\"BreadcrumbList\",\"@id\":\"https:\\\/\\\/miralles1986.com\\\/producto\\\/zapatillas-black-bodrum-run-of\\\/#breadcrumb\",\"itemListElement\":[{\"@type\":\"ListItem\",\"position\":1,\"name\":\"Portada\",\"item\":\"https:\\\/\\\/miralles1986.com\\\/\"},{\"@type\":\"ListItem\",\"position\":2,\"name\":\"Tienda de moda de Lujo para hombre en Valencia\",\"item\":\"https:\\\/\\\/miralles1986.com\\\/tienda\\\/\"},{\"@type\":\"ListItem\",\"position\":3,\"name\":\"Zapatillas Black Bodrum Run Of\"}]},{\"@type\":\"WebSite\",\"@id\":\"https:\\\/\\\/miralles1986.com\\\/#website\",\"url\":\"https:\\\/\\\/miralles1986.com\\\/\",\"name\":\"Miralles 1986\",\"description\":\"Moda masculina de lujo en Valencia\",\"publisher\":{\"@id\":\"https:\\\/\\\/miralles1986.com\\\/#organization\"},\"potentialAction\":[{\"@type\":\"SearchAction\",\"target\":{\"@type\":\"EntryPoint\",\"urlTemplate\":\"https:\\\/\\\/miralles1986.com\\\/?s={search_term_string}\"},\"query-input\":{\"@type\":\"PropertyValueSpecification\",\"valueRequired\":true,\"valueName\":\"search_term_string\"}}],\"inLanguage\":\"en-GB\"},{\"@type\":\"Organization\",\"@id\":\"https:\\\/\\\/miralles1986.com\\\/#organization\",\"name\":\"Miralles 1986\",\"alternateName\":\"Miralles\",\"url\":\"https:\\\/\\\/miralles1986.com\\\/\",\"logo\":{\"@type\":\"ImageObject\",\"inLanguage\":\"en-GB\",\"@id\":\"https:\\\/\\\/miralles1986.com\\\/#\\\/schema\\\/logo\\\/image\\\/\",\"url\":\"https:\\\/\\\/miralles1986.com\\\/wp-content\\\/uploads\\\/2024\\\/09\\\/logo-miralles-1986-pequeno-bl.png\",\"contentUrl\":\"https:\\\/\\\/miralles1986.com\\\/wp-content\\\/uploads\\\/2024\\\/09\\\/logo-miralles-1986-pequeno-bl.png\",\"width\":201,\"height\":73,\"caption\":\"Miralles 1986\"},\"image\":{\"@id\":\"https:\\\/\\\/miralles1986.com\\\/#\\\/schema\\\/logo\\\/image\\\/\"},\"sameAs\":[\"https:\\\/\\\/www.facebook.com\\\/miralles1986\",\"https:\\\/\\\/www.instagram.com\\\/miralles1986_\\\/\"]}]}<\/script>\n<!-- \/ Yoast SEO plugin. -->","yoast_head_json":{"title":"Black Bodrum Run Of sneakers - Miralles 1986","description":"The Run Of Black Bodrum sneakers combine Italian craftsmanship with contemporary design. They are made of gray suede and black nylon.","robots":{"index":"index","follow":"follow","max-snippet":"max-snippet:-1","max-image-preview":"max-image-preview:large","max-video-preview":"max-video-preview:-1"},"canonical":"https:\/\/miralles1986.com\/en\/product\/zapatillas-black-bodrum-run-of\/","og_locale":"en_GB","og_type":"article","og_title":"Zapatillas Black Bodrum Run Of - Miralles 1986","og_description":"Las zapatillas Run Of Black Bodrum combinan artesan\u00eda italiana y dise\u00f1o contempor\u00e1neo. Est\u00e1n confeccionadas en ante gris y nailon negro.","og_url":"https:\/\/miralles1986.com\/en\/product\/zapatillas-black-bodrum-run-of\/","og_site_name":"Miralles 1986","article_publisher":"https:\/\/www.facebook.com\/miralles1986","article_modified_time":"2026-01-31T12:26:47+00:00","og_image":[{"width":1000,"height":1000,"url":"https:\/\/miralles1986.com\/wp-content\/uploads\/2025\/09\/zapatillas-black-bodrum-run-of-2.jpg","type":"image\/jpeg"}],"twitter_card":"summary_large_image","twitter_misc":{"Estimated reading time":"1 minute"},"schema":{"@context":"https:\/\/schema.org","@graph":[{"@type":"WebPage","@id":"https:\/\/miralles1986.com\/producto\/zapatillas-black-bodrum-run-of\/","url":"https:\/\/miralles1986.com\/producto\/zapatillas-black-bodrum-run-of\/","name":"Black Bodrum Run Of sneakers - Miralles 1986","isPartOf":{"@id":"https:\/\/miralles1986.com\/#website"},"primaryImageOfPage":{"@id":"https:\/\/miralles1986.com\/producto\/zapatillas-black-bodrum-run-of\/#primaryimage"},"image":{"@id":"https:\/\/miralles1986.com\/producto\/zapatillas-black-bodrum-run-of\/#primaryimage"},"thumbnailUrl":"https:\/\/miralles1986.com\/wp-content\/uploads\/2025\/09\/zapatillas-black-bodrum-run-of-2.jpg","datePublished":"2025-09-15T18:59:48+00:00","dateModified":"2026-01-31T12:26:47+00:00","description":"The Run Of Black Bodrum sneakers combine Italian craftsmanship with contemporary design. They are made of gray suede and black nylon.","breadcrumb":{"@id":"https:\/\/miralles1986.com\/producto\/zapatillas-black-bodrum-run-of\/#breadcrumb"},"inLanguage":"en-GB","potentialAction":[{"@type":"ReadAction","target":["https:\/\/miralles1986.com\/producto\/zapatillas-black-bodrum-run-of\/"]}]},{"@type":"ImageObject","inLanguage":"en-GB","@id":"https:\/\/miralles1986.com\/producto\/zapatillas-black-bodrum-run-of\/#primaryimage","url":"https:\/\/miralles1986.com\/wp-content\/uploads\/2025\/09\/zapatillas-black-bodrum-run-of-2.jpg","contentUrl":"https:\/\/miralles1986.com\/wp-content\/uploads\/2025\/09\/zapatillas-black-bodrum-run-of-2.jpg","width":1000,"height":1000,"caption":"Zapatillas Black Bodrum Run Of"},{"@type":"BreadcrumbList","@id":"https:\/\/miralles1986.com\/producto\/zapatillas-black-bodrum-run-of\/#breadcrumb","itemListElement":[{"@type":"ListItem","position":1,"name":"Portada","item":"https:\/\/miralles1986.com\/"},{"@type":"ListItem","position":2,"name":"Tienda de moda de Lujo para hombre en Valencia","item":"https:\/\/miralles1986.com\/tienda\/"},{"@type":"ListItem","position":3,"name":"Zapatillas Black Bodrum Run Of"}]},{"@type":"WebSite","@id":"https:\/\/miralles1986.com\/#website","url":"https:\/\/miralles1986.com\/","name":"Miralles 1986","description":"Luxury men&#039;s fashion in Valencia","publisher":{"@id":"https:\/\/miralles1986.com\/#organization"},"potentialAction":[{"@type":"SearchAction","target":{"@type":"EntryPoint","urlTemplate":"https:\/\/miralles1986.com\/?s={search_term_string}"},"query-input":{"@type":"PropertyValueSpecification","valueRequired":true,"valueName":"search_term_string"}}],"inLanguage":"en-GB"},{"@type":"Organization","@id":"https:\/\/miralles1986.com\/#organization","name":"Miralles 1986","alternateName":"Miralles","url":"https:\/\/miralles1986.com\/","logo":{"@type":"ImageObject","inLanguage":"en-GB","@id":"https:\/\/miralles1986.com\/#\/schema\/logo\/image\/","url":"https:\/\/miralles1986.com\/wp-content\/uploads\/2024\/09\/logo-miralles-1986-pequeno-bl.png","contentUrl":"https:\/\/miralles1986.com\/wp-content\/uploads\/2024\/09\/logo-miralles-1986-pequeno-bl.png","width":201,"height":73,"caption":"Miralles 1986"},"image":{"@id":"https:\/\/miralles1986.com\/#\/schema\/logo\/image\/"},"sameAs":["https:\/\/www.facebook.com\/miralles1986","https:\/\/www.instagram.com\/miralles1986_\/"]}]}},"brands":[{"id":902,"name":"Run Of","slug":"run-of"}],"_links":{"self":[{"href":"https:\/\/miralles1986.com\/en\/wp-json\/wp\/v2\/product\/13903","targetHints":{"allow":["GET"]}}],"collection":[{"href":"https:\/\/miralles1986.com\/en\/wp-json\/wp\/v2\/product"}],"about":[{"href":"https:\/\/miralles1986.com\/en\/wp-json\/wp\/v2\/types\/product"}],"replies":[{"embeddable":true,"href":"https:\/\/miralles1986.com\/en\/wp-json\/wp\/v2\/comments?post=13903"}],"wp:featuredmedia":[{"embeddable":true,"href":"https:\/\/miralles1986.com\/en\/wp-json\/wp\/v2\/media\/13917"}],"wp:attachment":[{"href":"https:\/\/miralles1986.com\/en\/wp-json\/wp\/v2\/media?parent=13903"}],"wp:term":[{"taxonomy":"pwb-brand","embeddable":true,"href":"https:\/\/miralles1986.com\/en\/wp-json\/wp\/v2\/pwb-brand?post=13903"},{"taxonomy":"product_brand","embeddable":true,"href":"https:\/\/miralles1986.com\/en\/wp-json\/wp\/v2\/product_brand?post=13903"},{"taxonomy":"product_cat","embeddable":true,"href":"https:\/\/miralles1986.com\/en\/wp-json\/wp\/v2\/product_cat?post=13903"},{"taxonomy":"product_tag","embeddable":true,"href":"https:\/\/miralles1986.com\/en\/wp-json\/wp\/v2\/product_tag?post=13903"}],"curies":[{"name":"wp","href":"https:\/\/api.w.org\/{rel}","templated":true}]}}