{"id":13972,"date":"2025-09-16T15:37:18","date_gmt":"2025-09-16T13:37:18","guid":{"rendered":"https:\/\/miralles1986.com\/?post_type=product&#038;p=13972"},"modified":"2026-01-07T17:18:39","modified_gmt":"2026-01-07T16:18:39","slug":"zapatillas-rev-route-burn-m-run","status":"publish","type":"product","link":"https:\/\/miralles1986.com\/en\/producto\/zapatillas-rev-route-burn-m-run\/","title":{"rendered":"Rev Route Burn M Run Of Shoes"},"content":{"rendered":"<h2>Run Of Rev Route Burn M \u00b7 Modern style with Italian quality<\/h2>\n<p>The <strong><a href=\"https:\/\/miralles1986.com\/en\/product-category\/footwear\/sneakers\/\">sneakers<\/a> Rev Route Burn M<\/strong><strong>\u00a0of <a href=\"https:\/\/miralles1986.com\/en\/brand\/run-of\/\">Run Of<\/a><\/strong> They&#039;re a statement of contemporary style. Crafted from a combination of leather, nylon, and cotton, they offer the perfect balance of durability, comfort, and breathability. Their low profile and innovative design make them the ideal complement for those looking to stand out every day. The rubber outsole provides traction and durability, while the lace-up closure ensures a secure and comfortable fit. A perfect choice for casual and urban-inspired looks, available in <a href=\"https:\/\/miralles1986.com\/en\/\">Miralles 1986<\/a>.<\/p>\n<h3 data-start=\"886\" data-end=\"919\"><strong data-start=\"886\" data-end=\"917\">Characteristics:<\/strong><\/h3>\n<ul data-start=\"920\" data-end=\"1247\">\n<li data-start=\"920\" data-end=\"967\">\n<p data-start=\"922\" data-end=\"967\">Urban and avant-garde inspired design<\/p>\n<\/li>\n<li data-start=\"968\" data-end=\"1014\">\n<p data-start=\"970\" data-end=\"1014\">Premium materials: leather, nylon, and cotton<\/p>\n<\/li>\n<li data-start=\"1015\" data-end=\"1065\">\n<p data-start=\"1017\" data-end=\"1065\">Low profile that provides lightness and versatility<\/p>\n<\/li>\n<li data-start=\"1066\" data-end=\"1115\">\n<p data-start=\"1068\" data-end=\"1115\">Rubber sole for enhanced grip and durability<\/p>\n<\/li>\n<li data-start=\"1116\" data-end=\"1168\">\n<p data-start=\"1118\" data-end=\"1168\">Classic lace-up closure for a secure fit<\/p>\n<\/li>\n<li data-start=\"1169\" data-end=\"1201\">\n<p data-start=\"1171\" data-end=\"1201\">Distinctive \u201cHash Rame\u201d color\u201d<\/p>\n<\/li>\n<li data-start=\"1202\" data-end=\"1247\">\n<p data-start=\"1204\" data-end=\"1247\">Ideal for casual and streetwear looks<\/p>\n<\/li>\n<\/ul>","protected":false},"excerpt":{"rendered":"<p><strong><a href=\"https:\/\/miralles1986.com\/en\/product-category\/footwear\/sneakers\/\">Sneakers<\/a> <\/strong>Run Of Rev Route Burn M Hash Rame urban style with a mix of premium materials and rubber sole for a distinctive look.<\/p>\n<div style=\"font-weight: bold; margin-top: 20px; font-size: 16px;\">Size conversion chart<\/div>\n<div style=\"max-height: 200px; overflow-y: auto; margin-top: 15px; border: 1px solid #ccc; padding: 10px;\">\n<table style=\"width: 100%; border-collapse: collapse; font-size: 14px;\">\n<thead>\n<tr>\n<th style=\"border: 1px solid #ccc; padding: 8px; text-align: center;\">Germany \/ France<\/th>\n<th style=\"border: 1px solid #ccc; padding: 8px; text-align: center;\">UK<\/th>\n<\/tr>\n<\/thead>\n<tbody>\n<tr>\n<td style=\"border: 1px solid #ccc; padding: 8px; text-align: center;\">36 2\/3<\/td>\n<td style=\"border: 1px solid #ccc; padding: 8px; text-align: center;\">4<\/td>\n<\/tr>\n<tr>\n<td style=\"border: 1px solid #ccc; padding: 8px; text-align: center;\">37 1\/3<\/td>\n<td style=\"border: 1px solid #ccc; padding: 8px; text-align: center;\">4.5<\/td>\n<\/tr>\n<tr>\n<td style=\"border: 1px solid #ccc; padding: 8px; text-align: center;\">38<\/td>\n<td style=\"border: 1px solid #ccc; padding: 8px; text-align: center;\">5<\/td>\n<\/tr>\n<tr>\n<td style=\"border: 1px solid #ccc; padding: 8px; text-align: center;\">38 2\/3<\/td>\n<td style=\"border: 1px solid #ccc; padding: 8px; text-align: center;\">5.5<\/td>\n<\/tr>\n<tr>\n<td style=\"border: 1px solid #ccc; padding: 8px; text-align: center;\">39 1\/3<\/td>\n<td style=\"border: 1px solid #ccc; padding: 8px; text-align: center;\">6<\/td>\n<\/tr>\n<tr>\n<td style=\"border: 1px solid #ccc; padding: 8px; text-align: center;\">40<\/td>\n<td style=\"border: 1px solid #ccc; padding: 8px; text-align: center;\">6.5<\/td>\n<\/tr>\n<tr>\n<td style=\"border: 1px solid #ccc; padding: 8px; text-align: center;\">40 2\/3<\/td>\n<td style=\"border: 1px solid #ccc; padding: 8px; text-align: center;\">7<\/td>\n<\/tr>\n<tr>\n<td style=\"border: 1px solid #ccc; padding: 8px; text-align: center;\">41 1\/3<\/td>\n<td style=\"border: 1px solid #ccc; padding: 8px; text-align: center;\">7.5<\/td>\n<\/tr>\n<tr>\n<td style=\"border: 1px solid #ccc; padding: 8px; text-align: center;\">42<\/td>\n<td style=\"border: 1px solid #ccc; padding: 8px; text-align: center;\">8<\/td>\n<\/tr>\n<tr>\n<td style=\"border: 1px solid #ccc; padding: 8px; text-align: center;\">42 2\/3<\/td>\n<td style=\"border: 1px solid #ccc; padding: 8px; text-align: center;\">8.5<\/td>\n<\/tr>\n<tr>\n<td style=\"border: 1px solid #ccc; padding: 8px; text-align: center;\">43 1\/3<\/td>\n<td style=\"border: 1px solid #ccc; padding: 8px; text-align: center;\">9<\/td>\n<\/tr>\n<tr>\n<td style=\"border: 1px solid #ccc; padding: 8px; text-align: center;\">44<\/td>\n<td style=\"border: 1px solid #ccc; padding: 8px; text-align: center;\">9.5<\/td>\n<\/tr>\n<tr>\n<td style=\"border: 1px solid #ccc; padding: 8px; text-align: center;\">44 2\/3<\/td>\n<td style=\"border: 1px solid #ccc; padding: 8px; text-align: center;\">10<\/td>\n<\/tr>\n<tr>\n<td style=\"border: 1px solid #ccc; padding: 8px; text-align: center;\">45 1\/3<\/td>\n<td style=\"border: 1px solid #ccc; padding: 8px; text-align: center;\">10.5<\/td>\n<\/tr>\n<tr>\n<td style=\"border: 1px solid #ccc; padding: 8px; text-align: center;\">46<\/td>\n<td style=\"border: 1px solid #ccc; padding: 8px; text-align: center;\">11<\/td>\n<\/tr>\n<tr>\n<td style=\"border: 1px solid #ccc; padding: 8px; text-align: center;\">46 2\/3<\/td>\n<td style=\"border: 1px solid #ccc; padding: 8px; text-align: center;\">11.5<\/td>\n<\/tr>\n<tr>\n<td style=\"border: 1px solid #ccc; padding: 8px; text-align: center;\">47 1\/3<\/td>\n<td style=\"border: 1px solid #ccc; padding: 8px; text-align: center;\">12<\/td>\n<\/tr>\n<tr>\n<td style=\"border: 1px solid #ccc; padding: 8px; text-align: center;\">48<\/td>\n<td style=\"border: 1px solid #ccc; padding: 8px; text-align: center;\">12.5<\/td>\n<\/tr>\n<tr>\n<td style=\"border: 1px solid #ccc; padding: 8px; text-align: center;\">48 2\/3<\/td>\n<td style=\"border: 1px solid #ccc; padding: 8px; text-align: center;\">13<\/td>\n<\/tr>\n<tr>\n<td style=\"border: 1px solid #ccc; padding: 8px; text-align: center;\">49 1\/3<\/td>\n<td style=\"border: 1px solid #ccc; padding: 8px; text-align: center;\">13.5<\/td>\n<\/tr>\n<tr>\n<td style=\"border: 1px solid #ccc; padding: 8px; text-align: center;\">50<\/td>\n<td style=\"border: 1px solid #ccc; padding: 8px; text-align: center;\">14<\/td>\n<\/tr>\n<\/tbody>\n<\/table>\n<\/div>","protected":false},"featured_media":13984,"comment_status":"closed","ping_status":"closed","template":"","meta":[],"pwb-brand":[902],"product_brand":[819],"product_cat":[420,423],"product_tag":[755,842,903,846],"class_list":{"0":"post-13972","1":"product","2":"type-product","3":"status-publish","4":"has-post-thumbnail","6":"pwb-brand-run-of","7":"product_brand-tienda-eleven","8":"product_cat-calzado","9":"product_cat-zapatillas","10":"product_tag-moda-hombre","11":"product_tag-otono-invierno-2025","12":"product_tag-run-of","13":"product_tag-zapatillas-de-deporte","14":"pa_composicion-ante","15":"pa_composicion-goma","16":"pa_composicion-nailon","17":"pa_tamano-59","18":"pa_tamano-60","19":"pa_tamano-61","20":"pa_tamano-62","21":"pa_tamano-63","22":"pa_tamano-64","23":"pa_tamano-65","25":"first","26":"instock","27":"featured","28":"sold-individually","29":"taxable","30":"shipping-taxable","31":"purchasable","32":"product-type-variable"},"supplier_id":null,"supplier_sku":"","barcode":null,"atum_controlled":true,"out_stock_date":null,"out_stock_threshold":null,"inheritable":true,"inbound_stock":0,"stock_on_hold":0,"sold_today":0,"sales_last_days":0,"reserved_stock":0,"customer_returns":null,"warehouse_damage":null,"lost_in_post":null,"other_logs":null,"out_stock_days":0,"lost_sales":0,"has_location":false,"update_date":"2026-04-07T14:42:22","atum_locations":[],"atum_stock_status":"instock","restock_status":false,"low_stock_amount":"","sales_update_date":"2026-04-07T14:42:22","calc_backorders":null,"yoast_head":"<!-- This site is optimized with the Yoast SEO plugin v27.5 - https:\/\/yoast.com\/product\/yoast-seo-wordpress\/ -->\n<title>Zapatillas Rev Route Burn M Run Of - Miralles 1986<\/title>\n<meta name=\"description\" content=\"Las zapatillas Rev Route Burn M\u00a0de Run Of son una declaraci\u00f3n de estilo contempor\u00e1neo. Confeccionadas en una combinaci\u00f3n de cuero, nylon y algod\u00f3n.\" \/>\n<meta name=\"robots\" content=\"index, follow, max-snippet:-1, max-image-preview:large, max-video-preview:-1\" \/>\n<link rel=\"canonical\" href=\"https:\/\/miralles1986.com\/en\/product\/zapatillas-rev-route-burn-m-run\/\" \/>\n<meta property=\"og:locale\" content=\"en_GB\" \/>\n<meta property=\"og:type\" content=\"article\" \/>\n<meta property=\"og:title\" content=\"Zapatillas Rev Route Burn M Run Of - Miralles 1986\" \/>\n<meta property=\"og:description\" content=\"Las zapatillas Rev Route Burn M\u00a0de Run Of son una declaraci\u00f3n de estilo contempor\u00e1neo. Confeccionadas en una combinaci\u00f3n de cuero, nylon y algod\u00f3n.\" \/>\n<meta property=\"og:url\" content=\"https:\/\/miralles1986.com\/en\/product\/zapatillas-rev-route-burn-m-run\/\" \/>\n<meta property=\"og:site_name\" content=\"Miralles 1986\" \/>\n<meta property=\"article:publisher\" content=\"https:\/\/www.facebook.com\/miralles1986\" \/>\n<meta property=\"article:modified_time\" content=\"2026-01-07T16:18:39+00:00\" \/>\n<meta property=\"og:image\" content=\"https:\/\/miralles1986.com\/wp-content\/uploads\/2025\/09\/zapatillas-rev-route-burn-m-run-of.jpg\" \/>\n\t<meta property=\"og:image:width\" content=\"1000\" \/>\n\t<meta property=\"og:image:height\" content=\"1000\" \/>\n\t<meta property=\"og:image:type\" content=\"image\/jpeg\" \/>\n<meta name=\"twitter:card\" content=\"summary_large_image\" \/>\n<meta name=\"twitter:label1\" content=\"Estimated reading time\" \/>\n\t<meta name=\"twitter:data1\" content=\"1 minute\" \/>\n<script type=\"application\/ld+json\" class=\"yoast-schema-graph\">{\"@context\":\"https:\\\/\\\/schema.org\",\"@graph\":[{\"@type\":\"WebPage\",\"@id\":\"https:\\\/\\\/miralles1986.com\\\/producto\\\/zapatillas-rev-route-burn-m-run\\\/\",\"url\":\"https:\\\/\\\/miralles1986.com\\\/producto\\\/zapatillas-rev-route-burn-m-run\\\/\",\"name\":\"Zapatillas Rev Route Burn M Run Of - Miralles 1986\",\"isPartOf\":{\"@id\":\"https:\\\/\\\/miralles1986.com\\\/#website\"},\"primaryImageOfPage\":{\"@id\":\"https:\\\/\\\/miralles1986.com\\\/producto\\\/zapatillas-rev-route-burn-m-run\\\/#primaryimage\"},\"image\":{\"@id\":\"https:\\\/\\\/miralles1986.com\\\/producto\\\/zapatillas-rev-route-burn-m-run\\\/#primaryimage\"},\"thumbnailUrl\":\"https:\\\/\\\/miralles1986.com\\\/wp-content\\\/uploads\\\/2025\\\/09\\\/zapatillas-rev-route-burn-m-run-of.jpg\",\"datePublished\":\"2025-09-16T13:37:18+00:00\",\"dateModified\":\"2026-01-07T16:18:39+00:00\",\"description\":\"Las zapatillas Rev Route Burn M\u00a0de Run Of son una declaraci\u00f3n de estilo contempor\u00e1neo. Confeccionadas en una combinaci\u00f3n de cuero, nylon y algod\u00f3n.\",\"breadcrumb\":{\"@id\":\"https:\\\/\\\/miralles1986.com\\\/producto\\\/zapatillas-rev-route-burn-m-run\\\/#breadcrumb\"},\"inLanguage\":\"en-GB\",\"potentialAction\":[{\"@type\":\"ReadAction\",\"target\":[\"https:\\\/\\\/miralles1986.com\\\/producto\\\/zapatillas-rev-route-burn-m-run\\\/\"]}]},{\"@type\":\"ImageObject\",\"inLanguage\":\"en-GB\",\"@id\":\"https:\\\/\\\/miralles1986.com\\\/producto\\\/zapatillas-rev-route-burn-m-run\\\/#primaryimage\",\"url\":\"https:\\\/\\\/miralles1986.com\\\/wp-content\\\/uploads\\\/2025\\\/09\\\/zapatillas-rev-route-burn-m-run-of.jpg\",\"contentUrl\":\"https:\\\/\\\/miralles1986.com\\\/wp-content\\\/uploads\\\/2025\\\/09\\\/zapatillas-rev-route-burn-m-run-of.jpg\",\"width\":1000,\"height\":1000,\"caption\":\"Zapatillas Rev Route Burn M Run Of\"},{\"@type\":\"BreadcrumbList\",\"@id\":\"https:\\\/\\\/miralles1986.com\\\/producto\\\/zapatillas-rev-route-burn-m-run\\\/#breadcrumb\",\"itemListElement\":[{\"@type\":\"ListItem\",\"position\":1,\"name\":\"Portada\",\"item\":\"https:\\\/\\\/miralles1986.com\\\/\"},{\"@type\":\"ListItem\",\"position\":2,\"name\":\"Ropa de lujo para hombre | Stone Island, Y-3, C.P. Company\",\"item\":\"https:\\\/\\\/miralles1986.com\\\/tienda\\\/\"},{\"@type\":\"ListItem\",\"position\":3,\"name\":\"Zapatillas Rev Route Burn M Run Of\"}]},{\"@type\":\"WebSite\",\"@id\":\"https:\\\/\\\/miralles1986.com\\\/#website\",\"url\":\"https:\\\/\\\/miralles1986.com\\\/\",\"name\":\"Miralles 1986\",\"description\":\"Moda masculina de lujo en Valencia\",\"publisher\":{\"@id\":\"https:\\\/\\\/miralles1986.com\\\/#organization\"},\"potentialAction\":[{\"@type\":\"SearchAction\",\"target\":{\"@type\":\"EntryPoint\",\"urlTemplate\":\"https:\\\/\\\/miralles1986.com\\\/?s={search_term_string}\"},\"query-input\":{\"@type\":\"PropertyValueSpecification\",\"valueRequired\":true,\"valueName\":\"search_term_string\"}}],\"inLanguage\":\"en-GB\"},{\"@type\":\"Organization\",\"@id\":\"https:\\\/\\\/miralles1986.com\\\/#organization\",\"name\":\"Miralles 1986\",\"alternateName\":\"Miralles\",\"url\":\"https:\\\/\\\/miralles1986.com\\\/\",\"logo\":{\"@type\":\"ImageObject\",\"inLanguage\":\"en-GB\",\"@id\":\"https:\\\/\\\/miralles1986.com\\\/#\\\/schema\\\/logo\\\/image\\\/\",\"url\":\"https:\\\/\\\/miralles1986.com\\\/wp-content\\\/uploads\\\/2024\\\/09\\\/logo-miralles-1986-pequeno-bl.png\",\"contentUrl\":\"https:\\\/\\\/miralles1986.com\\\/wp-content\\\/uploads\\\/2024\\\/09\\\/logo-miralles-1986-pequeno-bl.png\",\"width\":201,\"height\":73,\"caption\":\"Miralles 1986\"},\"image\":{\"@id\":\"https:\\\/\\\/miralles1986.com\\\/#\\\/schema\\\/logo\\\/image\\\/\"},\"sameAs\":[\"https:\\\/\\\/www.facebook.com\\\/miralles1986\",\"https:\\\/\\\/www.instagram.com\\\/miralles1986_\\\/\"]}]}<\/script>\n<!-- \/ Yoast SEO plugin. -->","yoast_head_json":{"title":"Rev Route Burn M Run Of Sneakers - Miralles 1986","description":"Run Of&#039;s Rev Route Burn M sneakers make a contemporary style statement. Crafted from a combination of leather, nylon, and cotton.","robots":{"index":"index","follow":"follow","max-snippet":"max-snippet:-1","max-image-preview":"max-image-preview:large","max-video-preview":"max-video-preview:-1"},"canonical":"https:\/\/miralles1986.com\/en\/product\/zapatillas-rev-route-burn-m-run\/","og_locale":"en_GB","og_type":"article","og_title":"Zapatillas Rev Route Burn M Run Of - Miralles 1986","og_description":"Las zapatillas Rev Route Burn M\u00a0de Run Of son una declaraci\u00f3n de estilo contempor\u00e1neo. Confeccionadas en una combinaci\u00f3n de cuero, nylon y algod\u00f3n.","og_url":"https:\/\/miralles1986.com\/en\/product\/zapatillas-rev-route-burn-m-run\/","og_site_name":"Miralles 1986","article_publisher":"https:\/\/www.facebook.com\/miralles1986","article_modified_time":"2026-01-07T16:18:39+00:00","og_image":[{"width":1000,"height":1000,"url":"https:\/\/miralles1986.com\/wp-content\/uploads\/2025\/09\/zapatillas-rev-route-burn-m-run-of.jpg","type":"image\/jpeg"}],"twitter_card":"summary_large_image","twitter_misc":{"Estimated reading time":"1 minute"},"schema":{"@context":"https:\/\/schema.org","@graph":[{"@type":"WebPage","@id":"https:\/\/miralles1986.com\/producto\/zapatillas-rev-route-burn-m-run\/","url":"https:\/\/miralles1986.com\/producto\/zapatillas-rev-route-burn-m-run\/","name":"Rev Route Burn M Run Of Sneakers - Miralles 1986","isPartOf":{"@id":"https:\/\/miralles1986.com\/#website"},"primaryImageOfPage":{"@id":"https:\/\/miralles1986.com\/producto\/zapatillas-rev-route-burn-m-run\/#primaryimage"},"image":{"@id":"https:\/\/miralles1986.com\/producto\/zapatillas-rev-route-burn-m-run\/#primaryimage"},"thumbnailUrl":"https:\/\/miralles1986.com\/wp-content\/uploads\/2025\/09\/zapatillas-rev-route-burn-m-run-of.jpg","datePublished":"2025-09-16T13:37:18+00:00","dateModified":"2026-01-07T16:18:39+00:00","description":"Run Of&#039;s Rev Route Burn M sneakers make a contemporary style statement. Crafted from a combination of leather, nylon, and cotton.","breadcrumb":{"@id":"https:\/\/miralles1986.com\/producto\/zapatillas-rev-route-burn-m-run\/#breadcrumb"},"inLanguage":"en-GB","potentialAction":[{"@type":"ReadAction","target":["https:\/\/miralles1986.com\/producto\/zapatillas-rev-route-burn-m-run\/"]}]},{"@type":"ImageObject","inLanguage":"en-GB","@id":"https:\/\/miralles1986.com\/producto\/zapatillas-rev-route-burn-m-run\/#primaryimage","url":"https:\/\/miralles1986.com\/wp-content\/uploads\/2025\/09\/zapatillas-rev-route-burn-m-run-of.jpg","contentUrl":"https:\/\/miralles1986.com\/wp-content\/uploads\/2025\/09\/zapatillas-rev-route-burn-m-run-of.jpg","width":1000,"height":1000,"caption":"Zapatillas Rev Route Burn M Run Of"},{"@type":"BreadcrumbList","@id":"https:\/\/miralles1986.com\/producto\/zapatillas-rev-route-burn-m-run\/#breadcrumb","itemListElement":[{"@type":"ListItem","position":1,"name":"Portada","item":"https:\/\/miralles1986.com\/"},{"@type":"ListItem","position":2,"name":"Ropa de lujo para hombre | Stone Island, Y-3, C.P. Company","item":"https:\/\/miralles1986.com\/tienda\/"},{"@type":"ListItem","position":3,"name":"Zapatillas Rev Route Burn M Run Of"}]},{"@type":"WebSite","@id":"https:\/\/miralles1986.com\/#website","url":"https:\/\/miralles1986.com\/","name":"Miralles 1986","description":"Luxury men&#039;s fashion in Valencia","publisher":{"@id":"https:\/\/miralles1986.com\/#organization"},"potentialAction":[{"@type":"SearchAction","target":{"@type":"EntryPoint","urlTemplate":"https:\/\/miralles1986.com\/?s={search_term_string}"},"query-input":{"@type":"PropertyValueSpecification","valueRequired":true,"valueName":"search_term_string"}}],"inLanguage":"en-GB"},{"@type":"Organization","@id":"https:\/\/miralles1986.com\/#organization","name":"Miralles 1986","alternateName":"Miralles","url":"https:\/\/miralles1986.com\/","logo":{"@type":"ImageObject","inLanguage":"en-GB","@id":"https:\/\/miralles1986.com\/#\/schema\/logo\/image\/","url":"https:\/\/miralles1986.com\/wp-content\/uploads\/2024\/09\/logo-miralles-1986-pequeno-bl.png","contentUrl":"https:\/\/miralles1986.com\/wp-content\/uploads\/2024\/09\/logo-miralles-1986-pequeno-bl.png","width":201,"height":73,"caption":"Miralles 1986"},"image":{"@id":"https:\/\/miralles1986.com\/#\/schema\/logo\/image\/"},"sameAs":["https:\/\/www.facebook.com\/miralles1986","https:\/\/www.instagram.com\/miralles1986_\/"]}]}},"brands":[{"id":902,"name":"Run Of","slug":"run-of"}],"_links":{"self":[{"href":"https:\/\/miralles1986.com\/en\/wp-json\/wp\/v2\/product\/13972","targetHints":{"allow":["GET"]}}],"collection":[{"href":"https:\/\/miralles1986.com\/en\/wp-json\/wp\/v2\/product"}],"about":[{"href":"https:\/\/miralles1986.com\/en\/wp-json\/wp\/v2\/types\/product"}],"replies":[{"embeddable":true,"href":"https:\/\/miralles1986.com\/en\/wp-json\/wp\/v2\/comments?post=13972"}],"wp:featuredmedia":[{"embeddable":true,"href":"https:\/\/miralles1986.com\/en\/wp-json\/wp\/v2\/media\/13984"}],"wp:attachment":[{"href":"https:\/\/miralles1986.com\/en\/wp-json\/wp\/v2\/media?parent=13972"}],"wp:term":[{"taxonomy":"pwb-brand","embeddable":true,"href":"https:\/\/miralles1986.com\/en\/wp-json\/wp\/v2\/pwb-brand?post=13972"},{"taxonomy":"product_brand","embeddable":true,"href":"https:\/\/miralles1986.com\/en\/wp-json\/wp\/v2\/product_brand?post=13972"},{"taxonomy":"product_cat","embeddable":true,"href":"https:\/\/miralles1986.com\/en\/wp-json\/wp\/v2\/product_cat?post=13972"},{"taxonomy":"product_tag","embeddable":true,"href":"https:\/\/miralles1986.com\/en\/wp-json\/wp\/v2\/product_tag?post=13972"}],"curies":[{"name":"wp","href":"https:\/\/api.w.org\/{rel}","templated":true}]}}