{"id":15069,"date":"2025-10-17T18:21:30","date_gmt":"2025-10-17T16:21:30","guid":{"rendered":"https:\/\/miralles1986.com\/?post_type=product&#038;p=15069"},"modified":"2026-03-11T13:46:04","modified_gmt":"2026-03-11T12:46:04","slug":"abrigo-franz-lana-doble-camel-aspesi","status":"publish","type":"product","link":"https:\/\/miralles1986.com\/en\/producto\/abrigo-franz-lana-doble-camel-aspesi\/","title":{"rendered":"Franz Double Wool Coat Camel Aspesi"},"content":{"rendered":"<p data-start=\"449\" data-end=\"733\"><strong data-start=\"452\" data-end=\"484\">The Franz Double Camel Wool Coat <a href=\"https:\/\/miralles1986.com\/en\/brand\/aspesi\/\">Aspesi<\/a><\/strong> It&#039;s an iconic piece from their ready-to-wear collection, crafted from double-layered virgin wool that provides thermal insulation without excessive bulk. Its refined structure is characterized by clean lines, defined lapels, and a straight cut that flatters both formal and casual looks.<\/p>\n<p data-start=\"856\" data-end=\"1153\">Designed with attention to detail, this coat features a concealed button front closure for a sleek look, along with generous side pockets. The interior is unlined, allowing the quality of the double-layered wool to show through and providing a natural drape.<\/p>\n<p data-start=\"1155\" data-end=\"1290\">An ideal garment for those looking for a sophisticated, functional coat with a lasting character, typical of Aspesi&#039;s Italian design.<\/p>\n<p data-start=\"974\" data-end=\"1175\">Available in <a href=\"https:\/\/miralles1986.com\/en\/\"><strong data-start=\"988\" data-end=\"1005\">Miralles 1986<\/strong><\/a>, This garment is part of an exclusive selection of men&#039;s fashion from top brands, perfect for those who appreciate refined design and quality in every detail.<\/p>\n<h3 data-start=\"1297\" data-end=\"1330\"><strong data-start=\"1297\" data-end=\"1328\">Characteristics:<\/strong><\/h3>\n<ul data-start=\"1331\" data-end=\"1657\">\n<li data-start=\"1331\" data-end=\"1348\">\n<p data-start=\"1333\" data-end=\"1348\">Model: Franz<\/p>\n<\/li>\n<li data-start=\"1349\" data-end=\"1366\">\n<p data-start=\"1351\" data-end=\"1366\">Brand: Aspesi<\/p>\n<\/li>\n<li data-start=\"1367\" data-end=\"1416\">\n<p data-start=\"1369\" data-end=\"1416\">Outer material: high-quality double wool<\/p>\n<\/li>\n<li data-start=\"1417\" data-end=\"1448\">\n<p data-start=\"1419\" data-end=\"1448\">Cut: straight \/ structured<\/p>\n<\/li>\n<li data-start=\"1449\" data-end=\"1476\">\n<p data-start=\"1451\" data-end=\"1476\">Closure: hidden buttons<\/p>\n<\/li>\n<li data-start=\"1477\" data-end=\"1515\">\n<p data-start=\"1479\" data-end=\"1515\">Pockets: two side pockets<\/p>\n<\/li>\n<li data-start=\"1516\" data-end=\"1562\">\n<p data-start=\"1518\" data-end=\"1562\">Partial lining: interior with clean finish<\/p>\n<\/li>\n<li data-start=\"1563\" data-end=\"1606\">\n<p data-start=\"1565\" data-end=\"1606\">Style: elegant, functional and timeless<\/p>\n<\/li>\n<li data-start=\"1607\" data-end=\"1657\">\n<p data-start=\"1609\" data-end=\"1657\">Manufacturing: Luxury design with an Italian touch<\/p>\n<\/li>\n<\/ul>\n<h3 data-start=\"974\" data-end=\"1175\"><strong style=\"font-size: 16px;\" data-start=\"452\" data-end=\"484\"><strong data-start=\"452\" data-end=\"484\">The Franz Double Camel Wool Coat <a href=\"https:\/\/miralles1986.com\/en\/brand\/aspesi\/\">Aspesi<\/a><\/strong> It is available in the Autumn\/Winter catalog of <a href=\"https:\/\/miralles1986.com\/en\/\">Miralles 1986<\/a>.<\/strong><\/h3>","protected":false},"excerpt":{"rendered":"<p data-start=\"227\" data-end=\"444\">The Franz coat by Aspesi is crafted from high-quality double wool. Its structured and elegant design combines warmth, lightness, and a timeless style, making it suitable for different seasons.<\/p>","protected":false},"featured_media":15078,"comment_status":"closed","ping_status":"closed","template":"","meta":[],"pwb-brand":[744],"product_brand":[818],"product_cat":[167,772,168],"product_tag":[805,955,932,755,842],"class_list":{"0":"post-15069","1":"product","2":"type-product","3":"status-publish","4":"has-post-thumbnail","6":"pwb-brand-aspesi","7":"product_brand-tienda-miralles","8":"product_cat-chaquetas","9":"product_cat-chaquetas-de-vestir","10":"product_cat-ropa","11":"product_tag-aspesi","12":"product_tag-aspesi-aw25","13":"product_tag-chaquetas-de-vestir","14":"product_tag-moda-hombre","15":"product_tag-otono-invierno-2025","16":"pa_color-camel","17":"pa_composicion-lana","18":"pa_tamano-67","19":"pa_tamano-69","20":"pa_tamano-71","21":"pa_tamano-73","22":"pa_tamano-75","23":"pa_tamano-77","25":"first","26":"instock","27":"featured","28":"sold-individually","29":"taxable","30":"shipping-taxable","31":"purchasable","32":"product-type-variable"},"supplier_id":null,"supplier_sku":"","barcode":null,"atum_controlled":true,"out_stock_date":null,"out_stock_threshold":null,"inheritable":true,"inbound_stock":0,"stock_on_hold":0,"sold_today":0,"sales_last_days":0,"reserved_stock":0,"customer_returns":null,"warehouse_damage":null,"lost_in_post":null,"other_logs":null,"out_stock_days":0,"lost_sales":0,"has_location":false,"update_date":"2026-05-02T16:26:34","atum_locations":[],"atum_stock_status":"instock","restock_status":false,"low_stock_amount":"","sales_update_date":"2026-05-02T16:26:34","calc_backorders":null,"yoast_head":"<!-- This site is optimized with the Yoast SEO plugin v27.5 - https:\/\/yoast.com\/product\/yoast-seo-wordpress\/ -->\n<title>Abrigo Franz Lana Doble Camel Aspesi - Miralles 1986<\/title>\n<meta name=\"description\" content=\"El abrigo Franz Lana Doble Camel de Aspesi es una pieza emblem\u00e1tica de su colecci\u00f3n pr\u00eat-\u00e0-porter, confeccionado en lana virgen doble.\" \/>\n<meta name=\"robots\" content=\"index, follow, max-snippet:-1, max-image-preview:large, max-video-preview:-1\" \/>\n<link rel=\"canonical\" href=\"https:\/\/miralles1986.com\/en\/product\/abrigo-franz-lana-doble-camel-aspesi\/\" \/>\n<meta property=\"og:locale\" content=\"en_GB\" \/>\n<meta property=\"og:type\" content=\"article\" \/>\n<meta property=\"og:title\" content=\"Abrigo Franz Lana Doble Camel Aspesi - Miralles 1986\" \/>\n<meta property=\"og:description\" content=\"El abrigo Franz Lana Doble Camel de Aspesi es una pieza emblem\u00e1tica de su colecci\u00f3n pr\u00eat-\u00e0-porter, confeccionado en lana virgen doble.\" \/>\n<meta property=\"og:url\" content=\"https:\/\/miralles1986.com\/en\/product\/abrigo-franz-lana-doble-camel-aspesi\/\" \/>\n<meta property=\"og:site_name\" content=\"Miralles 1986\" \/>\n<meta property=\"article:publisher\" content=\"https:\/\/www.facebook.com\/miralles1986\" \/>\n<meta property=\"article:modified_time\" content=\"2026-03-11T12:46:04+00:00\" \/>\n<meta property=\"og:image\" content=\"https:\/\/miralles1986.com\/wp-content\/uploads\/2025\/10\/abrigo-franklin-aspesi-marron-W5_A_AC43_P517_DO_12098_0004.jpg\" \/>\n\t<meta property=\"og:image:width\" content=\"1000\" \/>\n\t<meta property=\"og:image:height\" content=\"1000\" \/>\n\t<meta property=\"og:image:type\" content=\"image\/jpeg\" \/>\n<meta name=\"twitter:card\" content=\"summary_large_image\" \/>\n<meta name=\"twitter:label1\" content=\"Estimated reading time\" \/>\n\t<meta name=\"twitter:data1\" content=\"2 minutes\" \/>\n<script type=\"application\/ld+json\" class=\"yoast-schema-graph\">{\"@context\":\"https:\\\/\\\/schema.org\",\"@graph\":[{\"@type\":\"WebPage\",\"@id\":\"https:\\\/\\\/miralles1986.com\\\/producto\\\/abrigo-franz-lana-doble-camel-aspesi\\\/\",\"url\":\"https:\\\/\\\/miralles1986.com\\\/producto\\\/abrigo-franz-lana-doble-camel-aspesi\\\/\",\"name\":\"Abrigo Franz Lana Doble Camel Aspesi - Miralles 1986\",\"isPartOf\":{\"@id\":\"https:\\\/\\\/miralles1986.com\\\/#website\"},\"primaryImageOfPage\":{\"@id\":\"https:\\\/\\\/miralles1986.com\\\/producto\\\/abrigo-franz-lana-doble-camel-aspesi\\\/#primaryimage\"},\"image\":{\"@id\":\"https:\\\/\\\/miralles1986.com\\\/producto\\\/abrigo-franz-lana-doble-camel-aspesi\\\/#primaryimage\"},\"thumbnailUrl\":\"https:\\\/\\\/miralles1986.com\\\/wp-content\\\/uploads\\\/2025\\\/10\\\/abrigo-franklin-aspesi-marron-W5_A_AC43_P517_DO_12098_0004.jpg\",\"datePublished\":\"2025-10-17T16:21:30+00:00\",\"dateModified\":\"2026-03-11T12:46:04+00:00\",\"description\":\"El abrigo Franz Lana Doble Camel de Aspesi es una pieza emblem\u00e1tica de su colecci\u00f3n pr\u00eat-\u00e0-porter, confeccionado en lana virgen doble.\",\"breadcrumb\":{\"@id\":\"https:\\\/\\\/miralles1986.com\\\/producto\\\/abrigo-franz-lana-doble-camel-aspesi\\\/#breadcrumb\"},\"inLanguage\":\"en-GB\",\"potentialAction\":[{\"@type\":\"ReadAction\",\"target\":[\"https:\\\/\\\/miralles1986.com\\\/producto\\\/abrigo-franz-lana-doble-camel-aspesi\\\/\"]}]},{\"@type\":\"ImageObject\",\"inLanguage\":\"en-GB\",\"@id\":\"https:\\\/\\\/miralles1986.com\\\/producto\\\/abrigo-franz-lana-doble-camel-aspesi\\\/#primaryimage\",\"url\":\"https:\\\/\\\/miralles1986.com\\\/wp-content\\\/uploads\\\/2025\\\/10\\\/abrigo-franklin-aspesi-marron-W5_A_AC43_P517_DO_12098_0004.jpg\",\"contentUrl\":\"https:\\\/\\\/miralles1986.com\\\/wp-content\\\/uploads\\\/2025\\\/10\\\/abrigo-franklin-aspesi-marron-W5_A_AC43_P517_DO_12098_0004.jpg\",\"width\":1000,\"height\":1000,\"caption\":\"Abrigo Franz Lana Doble Camel Aspesi\"},{\"@type\":\"BreadcrumbList\",\"@id\":\"https:\\\/\\\/miralles1986.com\\\/producto\\\/abrigo-franz-lana-doble-camel-aspesi\\\/#breadcrumb\",\"itemListElement\":[{\"@type\":\"ListItem\",\"position\":1,\"name\":\"Portada\",\"item\":\"https:\\\/\\\/miralles1986.com\\\/\"},{\"@type\":\"ListItem\",\"position\":2,\"name\":\"Ropa de lujo para hombre | Stone Island, Y-3, C.P. Company\",\"item\":\"https:\\\/\\\/miralles1986.com\\\/tienda\\\/\"},{\"@type\":\"ListItem\",\"position\":3,\"name\":\"Abrigo Franz Lana Doble Camel Aspesi\"}]},{\"@type\":\"WebSite\",\"@id\":\"https:\\\/\\\/miralles1986.com\\\/#website\",\"url\":\"https:\\\/\\\/miralles1986.com\\\/\",\"name\":\"Miralles 1986\",\"description\":\"Moda masculina de lujo en Valencia\",\"publisher\":{\"@id\":\"https:\\\/\\\/miralles1986.com\\\/#organization\"},\"potentialAction\":[{\"@type\":\"SearchAction\",\"target\":{\"@type\":\"EntryPoint\",\"urlTemplate\":\"https:\\\/\\\/miralles1986.com\\\/?s={search_term_string}\"},\"query-input\":{\"@type\":\"PropertyValueSpecification\",\"valueRequired\":true,\"valueName\":\"search_term_string\"}}],\"inLanguage\":\"en-GB\"},{\"@type\":\"Organization\",\"@id\":\"https:\\\/\\\/miralles1986.com\\\/#organization\",\"name\":\"Miralles 1986\",\"alternateName\":\"Miralles\",\"url\":\"https:\\\/\\\/miralles1986.com\\\/\",\"logo\":{\"@type\":\"ImageObject\",\"inLanguage\":\"en-GB\",\"@id\":\"https:\\\/\\\/miralles1986.com\\\/#\\\/schema\\\/logo\\\/image\\\/\",\"url\":\"https:\\\/\\\/miralles1986.com\\\/wp-content\\\/uploads\\\/2024\\\/09\\\/logo-miralles-1986-pequeno-bl.png\",\"contentUrl\":\"https:\\\/\\\/miralles1986.com\\\/wp-content\\\/uploads\\\/2024\\\/09\\\/logo-miralles-1986-pequeno-bl.png\",\"width\":201,\"height\":73,\"caption\":\"Miralles 1986\"},\"image\":{\"@id\":\"https:\\\/\\\/miralles1986.com\\\/#\\\/schema\\\/logo\\\/image\\\/\"},\"sameAs\":[\"https:\\\/\\\/www.facebook.com\\\/miralles1986\",\"https:\\\/\\\/www.instagram.com\\\/miralles1986_\\\/\"]}]}<\/script>\n<!-- \/ Yoast SEO plugin. -->","yoast_head_json":{"title":"Franz Double Camel Wool Coat Aspesi - Miralles 1986","description":"The Franz Double Wool Camel coat by Aspesi is an emblematic piece of its pr\u00eat-\u00e0-porter collection, made from double virgin wool.","robots":{"index":"index","follow":"follow","max-snippet":"max-snippet:-1","max-image-preview":"max-image-preview:large","max-video-preview":"max-video-preview:-1"},"canonical":"https:\/\/miralles1986.com\/en\/product\/abrigo-franz-lana-doble-camel-aspesi\/","og_locale":"en_GB","og_type":"article","og_title":"Abrigo Franz Lana Doble Camel Aspesi - Miralles 1986","og_description":"El abrigo Franz Lana Doble Camel de Aspesi es una pieza emblem\u00e1tica de su colecci\u00f3n pr\u00eat-\u00e0-porter, confeccionado en lana virgen doble.","og_url":"https:\/\/miralles1986.com\/en\/product\/abrigo-franz-lana-doble-camel-aspesi\/","og_site_name":"Miralles 1986","article_publisher":"https:\/\/www.facebook.com\/miralles1986","article_modified_time":"2026-03-11T12:46:04+00:00","og_image":[{"width":1000,"height":1000,"url":"https:\/\/miralles1986.com\/wp-content\/uploads\/2025\/10\/abrigo-franklin-aspesi-marron-W5_A_AC43_P517_DO_12098_0004.jpg","type":"image\/jpeg"}],"twitter_card":"summary_large_image","twitter_misc":{"Estimated reading time":"2 minutes"},"schema":{"@context":"https:\/\/schema.org","@graph":[{"@type":"WebPage","@id":"https:\/\/miralles1986.com\/producto\/abrigo-franz-lana-doble-camel-aspesi\/","url":"https:\/\/miralles1986.com\/producto\/abrigo-franz-lana-doble-camel-aspesi\/","name":"Franz Double Camel Wool Coat Aspesi - Miralles 1986","isPartOf":{"@id":"https:\/\/miralles1986.com\/#website"},"primaryImageOfPage":{"@id":"https:\/\/miralles1986.com\/producto\/abrigo-franz-lana-doble-camel-aspesi\/#primaryimage"},"image":{"@id":"https:\/\/miralles1986.com\/producto\/abrigo-franz-lana-doble-camel-aspesi\/#primaryimage"},"thumbnailUrl":"https:\/\/miralles1986.com\/wp-content\/uploads\/2025\/10\/abrigo-franklin-aspesi-marron-W5_A_AC43_P517_DO_12098_0004.jpg","datePublished":"2025-10-17T16:21:30+00:00","dateModified":"2026-03-11T12:46:04+00:00","description":"The Franz Double Wool Camel coat by Aspesi is an emblematic piece of its pr\u00eat-\u00e0-porter collection, made from double virgin wool.","breadcrumb":{"@id":"https:\/\/miralles1986.com\/producto\/abrigo-franz-lana-doble-camel-aspesi\/#breadcrumb"},"inLanguage":"en-GB","potentialAction":[{"@type":"ReadAction","target":["https:\/\/miralles1986.com\/producto\/abrigo-franz-lana-doble-camel-aspesi\/"]}]},{"@type":"ImageObject","inLanguage":"en-GB","@id":"https:\/\/miralles1986.com\/producto\/abrigo-franz-lana-doble-camel-aspesi\/#primaryimage","url":"https:\/\/miralles1986.com\/wp-content\/uploads\/2025\/10\/abrigo-franklin-aspesi-marron-W5_A_AC43_P517_DO_12098_0004.jpg","contentUrl":"https:\/\/miralles1986.com\/wp-content\/uploads\/2025\/10\/abrigo-franklin-aspesi-marron-W5_A_AC43_P517_DO_12098_0004.jpg","width":1000,"height":1000,"caption":"Abrigo Franz Lana Doble Camel Aspesi"},{"@type":"BreadcrumbList","@id":"https:\/\/miralles1986.com\/producto\/abrigo-franz-lana-doble-camel-aspesi\/#breadcrumb","itemListElement":[{"@type":"ListItem","position":1,"name":"Portada","item":"https:\/\/miralles1986.com\/"},{"@type":"ListItem","position":2,"name":"Ropa de lujo para hombre | Stone Island, Y-3, C.P. Company","item":"https:\/\/miralles1986.com\/tienda\/"},{"@type":"ListItem","position":3,"name":"Abrigo Franz Lana Doble Camel Aspesi"}]},{"@type":"WebSite","@id":"https:\/\/miralles1986.com\/#website","url":"https:\/\/miralles1986.com\/","name":"Miralles 1986","description":"Luxury men&#039;s fashion in Valencia","publisher":{"@id":"https:\/\/miralles1986.com\/#organization"},"potentialAction":[{"@type":"SearchAction","target":{"@type":"EntryPoint","urlTemplate":"https:\/\/miralles1986.com\/?s={search_term_string}"},"query-input":{"@type":"PropertyValueSpecification","valueRequired":true,"valueName":"search_term_string"}}],"inLanguage":"en-GB"},{"@type":"Organization","@id":"https:\/\/miralles1986.com\/#organization","name":"Miralles 1986","alternateName":"Miralles","url":"https:\/\/miralles1986.com\/","logo":{"@type":"ImageObject","inLanguage":"en-GB","@id":"https:\/\/miralles1986.com\/#\/schema\/logo\/image\/","url":"https:\/\/miralles1986.com\/wp-content\/uploads\/2024\/09\/logo-miralles-1986-pequeno-bl.png","contentUrl":"https:\/\/miralles1986.com\/wp-content\/uploads\/2024\/09\/logo-miralles-1986-pequeno-bl.png","width":201,"height":73,"caption":"Miralles 1986"},"image":{"@id":"https:\/\/miralles1986.com\/#\/schema\/logo\/image\/"},"sameAs":["https:\/\/www.facebook.com\/miralles1986","https:\/\/www.instagram.com\/miralles1986_\/"]}]}},"brands":[{"id":744,"name":"Aspesi","slug":"aspesi"}],"_links":{"self":[{"href":"https:\/\/miralles1986.com\/en\/wp-json\/wp\/v2\/product\/15069","targetHints":{"allow":["GET"]}}],"collection":[{"href":"https:\/\/miralles1986.com\/en\/wp-json\/wp\/v2\/product"}],"about":[{"href":"https:\/\/miralles1986.com\/en\/wp-json\/wp\/v2\/types\/product"}],"replies":[{"embeddable":true,"href":"https:\/\/miralles1986.com\/en\/wp-json\/wp\/v2\/comments?post=15069"}],"wp:featuredmedia":[{"embeddable":true,"href":"https:\/\/miralles1986.com\/en\/wp-json\/wp\/v2\/media\/15078"}],"wp:attachment":[{"href":"https:\/\/miralles1986.com\/en\/wp-json\/wp\/v2\/media?parent=15069"}],"wp:term":[{"taxonomy":"pwb-brand","embeddable":true,"href":"https:\/\/miralles1986.com\/en\/wp-json\/wp\/v2\/pwb-brand?post=15069"},{"taxonomy":"product_brand","embeddable":true,"href":"https:\/\/miralles1986.com\/en\/wp-json\/wp\/v2\/product_brand?post=15069"},{"taxonomy":"product_cat","embeddable":true,"href":"https:\/\/miralles1986.com\/en\/wp-json\/wp\/v2\/product_cat?post=15069"},{"taxonomy":"product_tag","embeddable":true,"href":"https:\/\/miralles1986.com\/en\/wp-json\/wp\/v2\/product_tag?post=15069"}],"curies":[{"name":"wp","href":"https:\/\/api.w.org\/{rel}","templated":true}]}}