{"id":15169,"date":"2025-10-18T15:20:00","date_gmt":"2025-10-18T13:20:00","guid":{"rendered":"https:\/\/miralles1986.com\/?post_type=product&#038;p=15169"},"modified":"2026-01-31T13:29:00","modified_gmt":"2026-01-31T12:29:00","slug":"pantalon-cargo-negro-jw7003-neighborhood-x-3","status":"publish","type":"product","link":"https:\/\/miralles1986.com\/en\/producto\/pantalon-cargo-negro-jw7003-neighborhood-x-3\/","title":{"rendered":"Black Cargo Pants JW7003 Y-3 x NEIGHBORHOOD"},"content":{"rendered":"<p>He <strong><a href=\"https:\/\/miralles1986.com\/en\/product-category\/clothes\/pants\/miralles-sport-trousers-1986\/\">pants<\/a> <\/strong>black cargo JW7003<a href=\"https:\/\/miralles1986.com\/en\/brand\/y-3\/\"><strong>\u00a0Y-3<\/strong><\/a> x NEIGHBORHOOD represents a precise fusion of utilitarian aesthetics and contemporary luxury. The structure is made of durable ripstop fabric\u2014a combination of 66% cotton and 34% polyamide\u2014which provides durability and texture.<\/p>\n<p data-start=\"740\" data-end=\"1059\">His relaxed haircut <em data-start=\"758\" data-end=\"769\">loose fit<\/em> It enhances the modern design, while multiple cargo pockets, side pockets, and back pockets offer great functionality. The Y-3 and NBHD logos adorn the front, emphasizing the collaborative identity.<\/p>\n<p data-start=\"1061\" data-end=\"1240\">A key garment for the Autumn-Winter 2025 season, with urban style, references to motorcycling and a clear proposal of technical fashion for informal environments with character.<\/p>\n<h3 data-start=\"1247\" data-end=\"1279\">Characteristics:<\/h3>\n<ul data-start=\"1280\" data-end=\"1787\">\n<li data-start=\"1280\" data-end=\"1316\">\n<p data-start=\"1282\" data-end=\"1316\">Collaboration: <a href=\"https:\/\/miralles1986.com\/en\/brand\/y-3\/\"><strong>Y-3<\/strong><\/a> x NEIGHBORHOOD<\/p>\n<\/li>\n<li data-start=\"1317\" data-end=\"1335\">\n<p data-start=\"1319\" data-end=\"1335\">Model: JW7003<\/p>\n<\/li>\n<li data-start=\"1336\" data-end=\"1408\">\n<p data-start=\"1338\" data-end=\"1408\">Main color: Black<\/p>\n<\/li>\n<li data-start=\"1409\" data-end=\"1504\">\n<p data-start=\"1411\" data-end=\"1504\">Approximate composition: 66 % cotton \/ 34 % polyamide<\/p>\n<\/li>\n<li data-start=\"1505\" data-end=\"1535\">\n<p data-start=\"1507\" data-end=\"1535\">Cut: Loose fit<\/p>\n<\/li>\n<li data-start=\"1536\" data-end=\"1570\">\n<p data-start=\"1538\" data-end=\"1570\">Fabric: Ripstop technical fabric<\/p>\n<\/li>\n<li data-start=\"1571\" data-end=\"1652\">\n<p data-start=\"1573\" data-end=\"1652\">Details: Y-3 &amp; NBHD logos on the front, cargo pockets + side pockets + back pockets<\/p>\n<\/li>\n<li data-start=\"1653\" data-end=\"1749\">\n<p data-start=\"1655\" data-end=\"1749\">Release season: AW25 (October 25, 2025)<\/p>\n<\/li>\n<li data-start=\"1750\" data-end=\"1787\">\n<p data-start=\"1752\" data-end=\"1787\">Style: Luxury urban utility<\/p>\n<\/li>\n<\/ul>\n<p>He <strong><a href=\"https:\/\/miralles1986.com\/en\/product-category\/clothes\/pants\/miralles-sport-trousers-1986\/\">pants<\/a> <\/strong>black cargo JW7003 <a href=\"https:\/\/miralles1986.com\/en\/brand\/y-3\/\"><strong>Y-3<\/strong><\/a> x NEIGHBORHOOD is available at <strong><a href=\"https:\/\/miralles1986.com\/en\/\">Miralles 1986.<\/a><\/strong><\/p>","protected":false},"excerpt":{"rendered":"<p data-start=\"220\" data-end=\"380\">Capsule cargo pants <a href=\"https:\/\/miralles1986.com\/en\/brand\/y-3\/\"><strong>Y-3<\/strong><\/a> x NEIGHBORHOOD<strong data-start=\"249\" data-end=\"276\">\u00a0AW25<\/strong>, made of technical ripstop fabric, cut <strong data-start=\"325\" data-end=\"338\">loose fit<\/strong> and a design full of urban functionality.<\/p>","protected":false},"featured_media":15338,"comment_status":"closed","ping_status":"closed","template":"","meta":[],"pwb-brand":[163],"product_brand":[819],"product_cat":[226,227,168,914,959],"product_tag":[755,842,770,919,1030,961,915],"class_list":{"0":"post-15169","1":"product","2":"type-product","3":"status-publish","4":"has-post-thumbnail","6":"pwb-brand-y-3","7":"product_brand-tienda-eleven","8":"product_cat-pantalones","9":"product_cat-pantalones-sport-miralles-1986","10":"product_cat-ropa","11":"product_cat-y-3-aw25","12":"product_cat-neighborhood-x-y-3","13":"product_tag-moda-hombre","14":"product_tag-otono-invierno-2025","15":"product_tag-pantalon-sport","16":"product_tag-pantalones-y-3-aw25","17":"product_tag-rebajas-enero-2026-y-3","18":"product_tag-neighborhood-x-y-3","19":"product_tag-y-3-aw25","20":"pa_color-negro","21":"pa_composicion-algodon","22":"pa_tamano-l","23":"pa_tamano-m","24":"pa_tamano-s","25":"pa_tamano-xl","26":"pa_tamano-xs","27":"pa_tamano-xxl","28":"pa_tamano-xxs","30":"first","31":"outofstock","32":"featured","33":"sold-individually","34":"taxable","35":"shipping-taxable","36":"purchasable","37":"product-type-variable"},"supplier_id":null,"supplier_sku":"","barcode":null,"atum_controlled":true,"out_stock_date":null,"out_stock_threshold":null,"inheritable":true,"inbound_stock":0,"stock_on_hold":0,"sold_today":0,"sales_last_days":0,"reserved_stock":0,"customer_returns":null,"warehouse_damage":null,"lost_in_post":null,"other_logs":null,"out_stock_days":0,"lost_sales":0,"has_location":false,"update_date":"2026-05-09T11:49:57","atum_locations":[],"atum_stock_status":"outofstock","restock_status":false,"low_stock_amount":"","sales_update_date":"2026-05-09T11:49:57","calc_backorders":null,"yoast_head":"<!-- This site is optimized with the Yoast SEO plugin v27.5 - https:\/\/yoast.com\/product\/yoast-seo-wordpress\/ -->\n<title>Pantal\u00f3n Cargo Negro JW7003 Y-3 x NEIGHBORHOOD - Miralles 1986<\/title>\n<meta name=\"description\" content=\"El pantal\u00f3n de cargo negro JW7003 Y-3 x NEIGHBORHOOD representa una fusi\u00f3n precisa entre est\u00e9tica utilitaria y lujo contempor\u00e1neo.\" \/>\n<meta name=\"robots\" content=\"index, follow, max-snippet:-1, max-image-preview:large, max-video-preview:-1\" \/>\n<link rel=\"canonical\" href=\"https:\/\/miralles1986.com\/en\/product\/pantalon-cargo-negro-jw7003-neighborhood-x-3\/\" \/>\n<meta property=\"og:locale\" content=\"en_GB\" \/>\n<meta property=\"og:type\" content=\"article\" \/>\n<meta property=\"og:title\" content=\"Pantal\u00f3n Cargo Negro JW7003 Y-3 x NEIGHBORHOOD - Miralles 1986\" \/>\n<meta property=\"og:description\" content=\"El pantal\u00f3n de cargo negro JW7003 Y-3 x NEIGHBORHOOD representa una fusi\u00f3n precisa entre est\u00e9tica utilitaria y lujo contempor\u00e1neo.\" \/>\n<meta property=\"og:url\" content=\"https:\/\/miralles1986.com\/en\/product\/pantalon-cargo-negro-jw7003-neighborhood-x-3\/\" \/>\n<meta property=\"og:site_name\" content=\"Miralles 1986\" \/>\n<meta property=\"article:publisher\" content=\"https:\/\/www.facebook.com\/miralles1986\" \/>\n<meta property=\"article:modified_time\" content=\"2026-01-31T12:29:00+00:00\" \/>\n<meta property=\"og:image\" content=\"https:\/\/miralles1986.com\/wp-content\/uploads\/2025\/10\/PANTALON_DE_DISENO_TIPO_CARGO_Y-3_NBHD_Negro_JW7003_01.jpg\" \/>\n\t<meta property=\"og:image:width\" content=\"1000\" \/>\n\t<meta property=\"og:image:height\" content=\"1000\" \/>\n\t<meta property=\"og:image:type\" content=\"image\/jpeg\" \/>\n<meta name=\"twitter:card\" content=\"summary_large_image\" \/>\n<meta name=\"twitter:label1\" content=\"Estimated reading time\" \/>\n\t<meta name=\"twitter:data1\" content=\"1 minute\" \/>\n<script type=\"application\/ld+json\" class=\"yoast-schema-graph\">{\"@context\":\"https:\\\/\\\/schema.org\",\"@graph\":[{\"@type\":\"WebPage\",\"@id\":\"https:\\\/\\\/miralles1986.com\\\/producto\\\/pantalon-cargo-negro-jw7003-neighborhood-x-3\\\/\",\"url\":\"https:\\\/\\\/miralles1986.com\\\/producto\\\/pantalon-cargo-negro-jw7003-neighborhood-x-3\\\/\",\"name\":\"Pantal\u00f3n Cargo Negro JW7003 Y-3 x NEIGHBORHOOD - Miralles 1986\",\"isPartOf\":{\"@id\":\"https:\\\/\\\/miralles1986.com\\\/#website\"},\"primaryImageOfPage\":{\"@id\":\"https:\\\/\\\/miralles1986.com\\\/producto\\\/pantalon-cargo-negro-jw7003-neighborhood-x-3\\\/#primaryimage\"},\"image\":{\"@id\":\"https:\\\/\\\/miralles1986.com\\\/producto\\\/pantalon-cargo-negro-jw7003-neighborhood-x-3\\\/#primaryimage\"},\"thumbnailUrl\":\"https:\\\/\\\/miralles1986.com\\\/wp-content\\\/uploads\\\/2025\\\/10\\\/PANTALON_DE_DISENO_TIPO_CARGO_Y-3_NBHD_Negro_JW7003_01.jpg\",\"datePublished\":\"2025-10-18T13:20:00+00:00\",\"dateModified\":\"2026-01-31T12:29:00+00:00\",\"description\":\"El pantal\u00f3n de cargo negro JW7003 Y-3 x NEIGHBORHOOD representa una fusi\u00f3n precisa entre est\u00e9tica utilitaria y lujo contempor\u00e1neo.\",\"breadcrumb\":{\"@id\":\"https:\\\/\\\/miralles1986.com\\\/producto\\\/pantalon-cargo-negro-jw7003-neighborhood-x-3\\\/#breadcrumb\"},\"inLanguage\":\"en-GB\",\"potentialAction\":[{\"@type\":\"ReadAction\",\"target\":[\"https:\\\/\\\/miralles1986.com\\\/producto\\\/pantalon-cargo-negro-jw7003-neighborhood-x-3\\\/\"]}]},{\"@type\":\"ImageObject\",\"inLanguage\":\"en-GB\",\"@id\":\"https:\\\/\\\/miralles1986.com\\\/producto\\\/pantalon-cargo-negro-jw7003-neighborhood-x-3\\\/#primaryimage\",\"url\":\"https:\\\/\\\/miralles1986.com\\\/wp-content\\\/uploads\\\/2025\\\/10\\\/PANTALON_DE_DISENO_TIPO_CARGO_Y-3_NBHD_Negro_JW7003_01.jpg\",\"contentUrl\":\"https:\\\/\\\/miralles1986.com\\\/wp-content\\\/uploads\\\/2025\\\/10\\\/PANTALON_DE_DISENO_TIPO_CARGO_Y-3_NBHD_Negro_JW7003_01.jpg\",\"width\":1000,\"height\":1000,\"caption\":\"Pantal\u00f3n Cargo Negro JW7003 Y-3 x NEIGHBORHOOD\"},{\"@type\":\"BreadcrumbList\",\"@id\":\"https:\\\/\\\/miralles1986.com\\\/producto\\\/pantalon-cargo-negro-jw7003-neighborhood-x-3\\\/#breadcrumb\",\"itemListElement\":[{\"@type\":\"ListItem\",\"position\":1,\"name\":\"Portada\",\"item\":\"https:\\\/\\\/miralles1986.com\\\/\"},{\"@type\":\"ListItem\",\"position\":2,\"name\":\"Ropa de lujo para hombre | Stone Island, Y-3, C.P. Company\",\"item\":\"https:\\\/\\\/miralles1986.com\\\/tienda\\\/\"},{\"@type\":\"ListItem\",\"position\":3,\"name\":\"Pantal\u00f3n Cargo Negro JW7003 Y-3 x NEIGHBORHOOD\"}]},{\"@type\":\"WebSite\",\"@id\":\"https:\\\/\\\/miralles1986.com\\\/#website\",\"url\":\"https:\\\/\\\/miralles1986.com\\\/\",\"name\":\"Miralles 1986\",\"description\":\"Moda masculina de lujo en Valencia\",\"publisher\":{\"@id\":\"https:\\\/\\\/miralles1986.com\\\/#organization\"},\"potentialAction\":[{\"@type\":\"SearchAction\",\"target\":{\"@type\":\"EntryPoint\",\"urlTemplate\":\"https:\\\/\\\/miralles1986.com\\\/?s={search_term_string}\"},\"query-input\":{\"@type\":\"PropertyValueSpecification\",\"valueRequired\":true,\"valueName\":\"search_term_string\"}}],\"inLanguage\":\"en-GB\"},{\"@type\":\"Organization\",\"@id\":\"https:\\\/\\\/miralles1986.com\\\/#organization\",\"name\":\"Miralles 1986\",\"alternateName\":\"Miralles\",\"url\":\"https:\\\/\\\/miralles1986.com\\\/\",\"logo\":{\"@type\":\"ImageObject\",\"inLanguage\":\"en-GB\",\"@id\":\"https:\\\/\\\/miralles1986.com\\\/#\\\/schema\\\/logo\\\/image\\\/\",\"url\":\"https:\\\/\\\/miralles1986.com\\\/wp-content\\\/uploads\\\/2024\\\/09\\\/logo-miralles-1986-pequeno-bl.png\",\"contentUrl\":\"https:\\\/\\\/miralles1986.com\\\/wp-content\\\/uploads\\\/2024\\\/09\\\/logo-miralles-1986-pequeno-bl.png\",\"width\":201,\"height\":73,\"caption\":\"Miralles 1986\"},\"image\":{\"@id\":\"https:\\\/\\\/miralles1986.com\\\/#\\\/schema\\\/logo\\\/image\\\/\"},\"sameAs\":[\"https:\\\/\\\/www.facebook.com\\\/miralles1986\",\"https:\\\/\\\/www.instagram.com\\\/miralles1986_\\\/\"]}]}<\/script>\n<!-- \/ Yoast SEO plugin. -->","yoast_head_json":{"title":"Black Cargo Pants JW7003 Y-3 x NEIGHBORHOOD - Miralles 1986","description":"The JW7003 Y-3 x NEIGHBORHOOD black cargo pants represent a precise fusion between utilitarian aesthetics and contemporary luxury.","robots":{"index":"index","follow":"follow","max-snippet":"max-snippet:-1","max-image-preview":"max-image-preview:large","max-video-preview":"max-video-preview:-1"},"canonical":"https:\/\/miralles1986.com\/en\/product\/pantalon-cargo-negro-jw7003-neighborhood-x-3\/","og_locale":"en_GB","og_type":"article","og_title":"Pantal\u00f3n Cargo Negro JW7003 Y-3 x NEIGHBORHOOD - Miralles 1986","og_description":"El pantal\u00f3n de cargo negro JW7003 Y-3 x NEIGHBORHOOD representa una fusi\u00f3n precisa entre est\u00e9tica utilitaria y lujo contempor\u00e1neo.","og_url":"https:\/\/miralles1986.com\/en\/product\/pantalon-cargo-negro-jw7003-neighborhood-x-3\/","og_site_name":"Miralles 1986","article_publisher":"https:\/\/www.facebook.com\/miralles1986","article_modified_time":"2026-01-31T12:29:00+00:00","og_image":[{"width":1000,"height":1000,"url":"https:\/\/miralles1986.com\/wp-content\/uploads\/2025\/10\/PANTALON_DE_DISENO_TIPO_CARGO_Y-3_NBHD_Negro_JW7003_01.jpg","type":"image\/jpeg"}],"twitter_card":"summary_large_image","twitter_misc":{"Estimated reading time":"1 minute"},"schema":{"@context":"https:\/\/schema.org","@graph":[{"@type":"WebPage","@id":"https:\/\/miralles1986.com\/producto\/pantalon-cargo-negro-jw7003-neighborhood-x-3\/","url":"https:\/\/miralles1986.com\/producto\/pantalon-cargo-negro-jw7003-neighborhood-x-3\/","name":"Black Cargo Pants JW7003 Y-3 x NEIGHBORHOOD - Miralles 1986","isPartOf":{"@id":"https:\/\/miralles1986.com\/#website"},"primaryImageOfPage":{"@id":"https:\/\/miralles1986.com\/producto\/pantalon-cargo-negro-jw7003-neighborhood-x-3\/#primaryimage"},"image":{"@id":"https:\/\/miralles1986.com\/producto\/pantalon-cargo-negro-jw7003-neighborhood-x-3\/#primaryimage"},"thumbnailUrl":"https:\/\/miralles1986.com\/wp-content\/uploads\/2025\/10\/PANTALON_DE_DISENO_TIPO_CARGO_Y-3_NBHD_Negro_JW7003_01.jpg","datePublished":"2025-10-18T13:20:00+00:00","dateModified":"2026-01-31T12:29:00+00:00","description":"The JW7003 Y-3 x NEIGHBORHOOD black cargo pants represent a precise fusion between utilitarian aesthetics and contemporary luxury.","breadcrumb":{"@id":"https:\/\/miralles1986.com\/producto\/pantalon-cargo-negro-jw7003-neighborhood-x-3\/#breadcrumb"},"inLanguage":"en-GB","potentialAction":[{"@type":"ReadAction","target":["https:\/\/miralles1986.com\/producto\/pantalon-cargo-negro-jw7003-neighborhood-x-3\/"]}]},{"@type":"ImageObject","inLanguage":"en-GB","@id":"https:\/\/miralles1986.com\/producto\/pantalon-cargo-negro-jw7003-neighborhood-x-3\/#primaryimage","url":"https:\/\/miralles1986.com\/wp-content\/uploads\/2025\/10\/PANTALON_DE_DISENO_TIPO_CARGO_Y-3_NBHD_Negro_JW7003_01.jpg","contentUrl":"https:\/\/miralles1986.com\/wp-content\/uploads\/2025\/10\/PANTALON_DE_DISENO_TIPO_CARGO_Y-3_NBHD_Negro_JW7003_01.jpg","width":1000,"height":1000,"caption":"Pantal\u00f3n Cargo Negro JW7003 Y-3 x NEIGHBORHOOD"},{"@type":"BreadcrumbList","@id":"https:\/\/miralles1986.com\/producto\/pantalon-cargo-negro-jw7003-neighborhood-x-3\/#breadcrumb","itemListElement":[{"@type":"ListItem","position":1,"name":"Portada","item":"https:\/\/miralles1986.com\/"},{"@type":"ListItem","position":2,"name":"Ropa de lujo para hombre | Stone Island, Y-3, C.P. Company","item":"https:\/\/miralles1986.com\/tienda\/"},{"@type":"ListItem","position":3,"name":"Pantal\u00f3n Cargo Negro JW7003 Y-3 x NEIGHBORHOOD"}]},{"@type":"WebSite","@id":"https:\/\/miralles1986.com\/#website","url":"https:\/\/miralles1986.com\/","name":"Miralles 1986","description":"Luxury men&#039;s fashion in Valencia","publisher":{"@id":"https:\/\/miralles1986.com\/#organization"},"potentialAction":[{"@type":"SearchAction","target":{"@type":"EntryPoint","urlTemplate":"https:\/\/miralles1986.com\/?s={search_term_string}"},"query-input":{"@type":"PropertyValueSpecification","valueRequired":true,"valueName":"search_term_string"}}],"inLanguage":"en-GB"},{"@type":"Organization","@id":"https:\/\/miralles1986.com\/#organization","name":"Miralles 1986","alternateName":"Miralles","url":"https:\/\/miralles1986.com\/","logo":{"@type":"ImageObject","inLanguage":"en-GB","@id":"https:\/\/miralles1986.com\/#\/schema\/logo\/image\/","url":"https:\/\/miralles1986.com\/wp-content\/uploads\/2024\/09\/logo-miralles-1986-pequeno-bl.png","contentUrl":"https:\/\/miralles1986.com\/wp-content\/uploads\/2024\/09\/logo-miralles-1986-pequeno-bl.png","width":201,"height":73,"caption":"Miralles 1986"},"image":{"@id":"https:\/\/miralles1986.com\/#\/schema\/logo\/image\/"},"sameAs":["https:\/\/www.facebook.com\/miralles1986","https:\/\/www.instagram.com\/miralles1986_\/"]}]}},"brands":[{"id":163,"name":"Y-3","slug":"y-3"}],"_links":{"self":[{"href":"https:\/\/miralles1986.com\/en\/wp-json\/wp\/v2\/product\/15169","targetHints":{"allow":["GET"]}}],"collection":[{"href":"https:\/\/miralles1986.com\/en\/wp-json\/wp\/v2\/product"}],"about":[{"href":"https:\/\/miralles1986.com\/en\/wp-json\/wp\/v2\/types\/product"}],"replies":[{"embeddable":true,"href":"https:\/\/miralles1986.com\/en\/wp-json\/wp\/v2\/comments?post=15169"}],"wp:featuredmedia":[{"embeddable":true,"href":"https:\/\/miralles1986.com\/en\/wp-json\/wp\/v2\/media\/15338"}],"wp:attachment":[{"href":"https:\/\/miralles1986.com\/en\/wp-json\/wp\/v2\/media?parent=15169"}],"wp:term":[{"taxonomy":"pwb-brand","embeddable":true,"href":"https:\/\/miralles1986.com\/en\/wp-json\/wp\/v2\/pwb-brand?post=15169"},{"taxonomy":"product_brand","embeddable":true,"href":"https:\/\/miralles1986.com\/en\/wp-json\/wp\/v2\/product_brand?post=15169"},{"taxonomy":"product_cat","embeddable":true,"href":"https:\/\/miralles1986.com\/en\/wp-json\/wp\/v2\/product_cat?post=15169"},{"taxonomy":"product_tag","embeddable":true,"href":"https:\/\/miralles1986.com\/en\/wp-json\/wp\/v2\/product_tag?post=15169"}],"curies":[{"name":"wp","href":"https:\/\/api.w.org\/{rel}","templated":true}]}}