{"id":15259,"date":"2025-10-20T21:15:53","date_gmt":"2025-10-20T19:15:53","guid":{"rendered":"https:\/\/miralles1986.com\/?post_type=product&#038;p=15259"},"modified":"2026-04-20T13:03:26","modified_gmt":"2026-04-20T11:03:26","slug":"traje-l75abyc10-eleventy-milano","status":"publish","type":"product","link":"https:\/\/miralles1986.com\/en\/producto\/traje-l75abyc10-eleventy-milano\/","title":{"rendered":"Suit L75ABUC10 80 Eleventy Milano"},"content":{"rendered":"<p data-start=\"449\" data-end=\"733\"><strong data-start=\"452\" data-end=\"484\">He <a href=\"https:\/\/miralles1986.com\/en\/product-category\/clothes\/suits\/\">suit<\/a> L75ABUC10 80 <a href=\"https:\/\/miralles1986.com\/en\/brand\/eleventy-milano\/\">Eleventy Milano<\/a> <\/strong>It represents the ultimate expression of casual elegance made in Italy. Entirely crafted in the country, after approximately ten hours of artisanal work, this dress combines high-quality fabric with a cut that evokes the tradition of Neapolitan tailoring thanks to its distinctive single button on the sleeve.<\/p>\n<p data-start=\"811\" data-end=\"1145\">The premium blend (91% cotton, 8% cashmere, 1% elastane) provides a soft feel, drape, and comfort. Available in the color \u201c80-Clay,\u201d this style offers a subtle and versatile shade that is complemented by impeccable tailoring and refined finishes.<\/p>\n<p data-start=\"1147\" data-end=\"1335\">Perfect for office settings, formal events or elegant outings, this dress proves that contemporary style and artisanal tradition can converge in a unique garment.<\/p>\n<h3 data-start=\"1267\" data-end=\"1298\">Characteristics:<\/h3>\n<ul data-start=\"1299\" data-end=\"1826\">\n<li data-start=\"1299\" data-end=\"1322\">\n<p data-start=\"1301\" data-end=\"1322\"><strong data-start=\"1301\" data-end=\"1311\">Brand:<\/strong> Eleventy<\/p>\n<\/li>\n<li data-start=\"1323\" data-end=\"1358\">\n<p data-start=\"1325\" data-end=\"1358\"><strong data-start=\"1325\" data-end=\"1336\">Model:<\/strong> Cotton Cotton Dress<\/p>\n<\/li>\n<li data-start=\"1359\" data-end=\"1388\">\n<p data-start=\"1361\" data-end=\"1388\"><strong data-start=\"1361\" data-end=\"1372\">Origin:<\/strong> Made in Italy<\/p>\n<\/li>\n<li data-start=\"1389\" data-end=\"1450\">\n<p data-start=\"1391\" data-end=\"1450\"><strong data-start=\"1391\" data-end=\"1407\">Composition:<\/strong> 91 % cotton, 8 % cashmere, 1 % elastane<\/p>\n<\/li>\n<li data-start=\"1451\" data-end=\"1492\">\n<p data-start=\"1453\" data-end=\"1492\"><strong data-start=\"1453\" data-end=\"1463\">Color:<\/strong> Grey<\/p>\n<\/li>\n<li data-start=\"1493\" data-end=\"1534\">\n<p data-start=\"1495\" data-end=\"1534\"><strong data-start=\"1495\" data-end=\"1505\">Court:<\/strong> Slim fit, elegant silhouette<\/p>\n<\/li>\n<li data-start=\"1535\" data-end=\"1616\">\n<p data-start=\"1537\" data-end=\"1616\"><strong data-start=\"1537\" data-end=\"1550\">Details:<\/strong> Single button on the sleeve, inspired by Neapolitan tailoring<\/p>\n<\/li>\n<li data-start=\"1617\" data-end=\"1677\">\n<p data-start=\"1619\" data-end=\"1677\"><strong data-start=\"1619\" data-end=\"1630\">Tissue:<\/strong> Soft, breathable and with slight stretch<\/p>\n<\/li>\n<li data-start=\"1678\" data-end=\"1724\">\n<p data-start=\"1680\" data-end=\"1724\"><strong data-start=\"1680\" data-end=\"1691\">Style:<\/strong> Elegant, versatile and timeless<\/p>\n<\/li>\n<li data-start=\"1725\" data-end=\"1826\">\n<p data-start=\"1727\" data-end=\"1826\"><strong data-start=\"1727\" data-end=\"1747\">Recommended use:<\/strong> Office, formal events, special occasions or sophisticated urban looks<\/p>\n<\/li>\n<\/ul>\n<h3 data-start=\"974\" data-end=\"1175\"><strong style=\"font-size: 16px;\" data-start=\"452\" data-end=\"484\"><strong data-start=\"452\" data-end=\"484\">He <a href=\"https:\/\/miralles1986.com\/en\/product-category\/clothes\/suits\/\">suit<\/a> L75ABUC10 80 of <a href=\"https:\/\/miralles1986.com\/en\/brand\/eleventy-milano\/\">Eleventy Milano <\/a><\/strong>It is available in the Autumn\/Winter catalog of <a href=\"https:\/\/miralles1986.com\/en\/\">Miralles 1986<\/a>.<\/strong><\/h3>","protected":false},"excerpt":{"rendered":"<p data-start=\"192\" data-end=\"385\">Italian cotton dress from the brand <strong data-start=\"232\" data-end=\"244\">Eleventy<\/strong>, Combining elegance, comfort, and impeccable craftsmanship, this timeless design is ideal for stylish formal or everyday occasions.<\/p>","protected":false},"featured_media":15558,"comment_status":"closed","ping_status":"closed","template":"","meta":[],"pwb-brand":[748],"product_brand":[819],"product_cat":[167,773,168,925],"product_tag":[970,755,842,929,972],"class_list":{"0":"post-15259","1":"product","2":"type-product","3":"status-publish","4":"has-post-thumbnail","6":"pwb-brand-eleventy-milano","7":"product_brand-tienda-eleven","8":"product_cat-chaquetas","9":"product_cat-chaquetas-deportivas","10":"product_cat-ropa","11":"product_cat-trajes","12":"product_tag-eleventy-milano-aw25","13":"product_tag-moda-hombre","14":"product_tag-otono-invierno-2025","15":"product_tag-trajes","16":"product_tag-trajes-aw25","17":"pa_color-gris","18":"pa_composicion-algodon","19":"pa_composicion-cachemira","20":"pa_composicion-elastano","21":"pa_tamano-69","22":"pa_tamano-71","23":"pa_tamano-73","24":"pa_tamano-75","25":"pa_tamano-77","27":"first","28":"instock","29":"featured","30":"sold-individually","31":"taxable","32":"shipping-taxable","33":"purchasable","34":"product-type-variable"},"supplier_id":null,"supplier_sku":"","barcode":null,"atum_controlled":true,"out_stock_date":null,"out_stock_threshold":null,"inheritable":true,"inbound_stock":0,"stock_on_hold":0,"sold_today":0,"sales_last_days":0,"reserved_stock":0,"customer_returns":null,"warehouse_damage":null,"lost_in_post":null,"other_logs":null,"out_stock_days":0,"lost_sales":0,"has_location":false,"update_date":"2026-05-02T10:08:01","atum_locations":[],"atum_stock_status":"instock","restock_status":false,"low_stock_amount":"","sales_update_date":"2026-05-02T10:08:01","calc_backorders":null,"yoast_head":"<!-- This site is optimized with the Yoast SEO plugin v27.5 - https:\/\/yoast.com\/product\/yoast-seo-wordpress\/ -->\n<title>Traje L75ABUC10 80 Eleventy Milano - Miralles 1986<\/title>\n<meta name=\"description\" content=\"El traje L75ABUC10 80 Eleventy Milano representa la m\u00e1xima expresi\u00f3n de la elegancia informal hecha en Italia. Confeccionado \u00edntegramente en Italia.\" \/>\n<meta name=\"robots\" content=\"index, follow, max-snippet:-1, max-image-preview:large, max-video-preview:-1\" \/>\n<link rel=\"canonical\" href=\"https:\/\/miralles1986.com\/en\/product\/traje-l75abyc10-eleventy-milano\/\" \/>\n<meta property=\"og:locale\" content=\"en_GB\" \/>\n<meta property=\"og:type\" content=\"article\" \/>\n<meta property=\"og:title\" content=\"Traje L75ABUC10 80 Eleventy Milano - Miralles 1986\" \/>\n<meta property=\"og:description\" content=\"El traje L75ABUC10 80 Eleventy Milano representa la m\u00e1xima expresi\u00f3n de la elegancia informal hecha en Italia. Confeccionado \u00edntegramente en Italia.\" \/>\n<meta property=\"og:url\" content=\"https:\/\/miralles1986.com\/en\/product\/traje-l75abyc10-eleventy-milano\/\" \/>\n<meta property=\"og:site_name\" content=\"Miralles 1986\" \/>\n<meta property=\"article:publisher\" content=\"https:\/\/www.facebook.com\/miralles1986\" \/>\n<meta property=\"article:modified_time\" content=\"2026-04-20T11:03:26+00:00\" \/>\n<meta property=\"og:image\" content=\"https:\/\/miralles1986.com\/wp-content\/uploads\/2025\/10\/Traje-L75ABUC10-80-Eleventy-Milano.jpg\" \/>\n\t<meta property=\"og:image:width\" content=\"1000\" \/>\n\t<meta property=\"og:image:height\" content=\"1000\" \/>\n\t<meta property=\"og:image:type\" content=\"image\/jpeg\" \/>\n<meta name=\"twitter:card\" content=\"summary_large_image\" \/>\n<meta name=\"twitter:label1\" content=\"Estimated reading time\" \/>\n\t<meta name=\"twitter:data1\" content=\"2 minutes\" \/>\n<script type=\"application\/ld+json\" class=\"yoast-schema-graph\">{\"@context\":\"https:\\\/\\\/schema.org\",\"@graph\":[{\"@type\":\"WebPage\",\"@id\":\"https:\\\/\\\/miralles1986.com\\\/producto\\\/traje-l75abyc10-eleventy-milano\\\/\",\"url\":\"https:\\\/\\\/miralles1986.com\\\/producto\\\/traje-l75abyc10-eleventy-milano\\\/\",\"name\":\"Traje L75ABUC10 80 Eleventy Milano - Miralles 1986\",\"isPartOf\":{\"@id\":\"https:\\\/\\\/miralles1986.com\\\/#website\"},\"primaryImageOfPage\":{\"@id\":\"https:\\\/\\\/miralles1986.com\\\/producto\\\/traje-l75abyc10-eleventy-milano\\\/#primaryimage\"},\"image\":{\"@id\":\"https:\\\/\\\/miralles1986.com\\\/producto\\\/traje-l75abyc10-eleventy-milano\\\/#primaryimage\"},\"thumbnailUrl\":\"https:\\\/\\\/miralles1986.com\\\/wp-content\\\/uploads\\\/2025\\\/10\\\/Traje-L75ABUC10-80-Eleventy-Milano.jpg\",\"datePublished\":\"2025-10-20T19:15:53+00:00\",\"dateModified\":\"2026-04-20T11:03:26+00:00\",\"description\":\"El traje L75ABUC10 80 Eleventy Milano representa la m\u00e1xima expresi\u00f3n de la elegancia informal hecha en Italia. Confeccionado \u00edntegramente en Italia.\",\"breadcrumb\":{\"@id\":\"https:\\\/\\\/miralles1986.com\\\/producto\\\/traje-l75abyc10-eleventy-milano\\\/#breadcrumb\"},\"inLanguage\":\"en-GB\",\"potentialAction\":[{\"@type\":\"ReadAction\",\"target\":[\"https:\\\/\\\/miralles1986.com\\\/producto\\\/traje-l75abyc10-eleventy-milano\\\/\"]}]},{\"@type\":\"ImageObject\",\"inLanguage\":\"en-GB\",\"@id\":\"https:\\\/\\\/miralles1986.com\\\/producto\\\/traje-l75abyc10-eleventy-milano\\\/#primaryimage\",\"url\":\"https:\\\/\\\/miralles1986.com\\\/wp-content\\\/uploads\\\/2025\\\/10\\\/Traje-L75ABUC10-80-Eleventy-Milano.jpg\",\"contentUrl\":\"https:\\\/\\\/miralles1986.com\\\/wp-content\\\/uploads\\\/2025\\\/10\\\/Traje-L75ABUC10-80-Eleventy-Milano.jpg\",\"width\":1000,\"height\":1000,\"caption\":\"Traje L75ABUC10 80 Eleventy Milano\"},{\"@type\":\"BreadcrumbList\",\"@id\":\"https:\\\/\\\/miralles1986.com\\\/producto\\\/traje-l75abyc10-eleventy-milano\\\/#breadcrumb\",\"itemListElement\":[{\"@type\":\"ListItem\",\"position\":1,\"name\":\"Portada\",\"item\":\"https:\\\/\\\/miralles1986.com\\\/\"},{\"@type\":\"ListItem\",\"position\":2,\"name\":\"Ropa de lujo para hombre | Stone Island, Y-3, C.P. Company\",\"item\":\"https:\\\/\\\/miralles1986.com\\\/tienda\\\/\"},{\"@type\":\"ListItem\",\"position\":3,\"name\":\"Traje L75ABUC10 80 Eleventy Milano\"}]},{\"@type\":\"WebSite\",\"@id\":\"https:\\\/\\\/miralles1986.com\\\/#website\",\"url\":\"https:\\\/\\\/miralles1986.com\\\/\",\"name\":\"Miralles 1986\",\"description\":\"Moda masculina de lujo en Valencia\",\"publisher\":{\"@id\":\"https:\\\/\\\/miralles1986.com\\\/#organization\"},\"potentialAction\":[{\"@type\":\"SearchAction\",\"target\":{\"@type\":\"EntryPoint\",\"urlTemplate\":\"https:\\\/\\\/miralles1986.com\\\/?s={search_term_string}\"},\"query-input\":{\"@type\":\"PropertyValueSpecification\",\"valueRequired\":true,\"valueName\":\"search_term_string\"}}],\"inLanguage\":\"en-GB\"},{\"@type\":\"Organization\",\"@id\":\"https:\\\/\\\/miralles1986.com\\\/#organization\",\"name\":\"Miralles 1986\",\"alternateName\":\"Miralles\",\"url\":\"https:\\\/\\\/miralles1986.com\\\/\",\"logo\":{\"@type\":\"ImageObject\",\"inLanguage\":\"en-GB\",\"@id\":\"https:\\\/\\\/miralles1986.com\\\/#\\\/schema\\\/logo\\\/image\\\/\",\"url\":\"https:\\\/\\\/miralles1986.com\\\/wp-content\\\/uploads\\\/2024\\\/09\\\/logo-miralles-1986-pequeno-bl.png\",\"contentUrl\":\"https:\\\/\\\/miralles1986.com\\\/wp-content\\\/uploads\\\/2024\\\/09\\\/logo-miralles-1986-pequeno-bl.png\",\"width\":201,\"height\":73,\"caption\":\"Miralles 1986\"},\"image\":{\"@id\":\"https:\\\/\\\/miralles1986.com\\\/#\\\/schema\\\/logo\\\/image\\\/\"},\"sameAs\":[\"https:\\\/\\\/www.facebook.com\\\/miralles1986\",\"https:\\\/\\\/www.instagram.com\\\/miralles1986_\\\/\"]}]}<\/script>\n<!-- \/ Yoast SEO plugin. -->","yoast_head_json":{"title":"Suit L75ABUC10 80 Eleventy Milano - Miralles 1986","description":"The L75ABUC10 80 Eleventy Milano suit represents the ultimate expression of casual elegance made in Italy. Entirely crafted in Italy.","robots":{"index":"index","follow":"follow","max-snippet":"max-snippet:-1","max-image-preview":"max-image-preview:large","max-video-preview":"max-video-preview:-1"},"canonical":"https:\/\/miralles1986.com\/en\/product\/traje-l75abyc10-eleventy-milano\/","og_locale":"en_GB","og_type":"article","og_title":"Traje L75ABUC10 80 Eleventy Milano - Miralles 1986","og_description":"El traje L75ABUC10 80 Eleventy Milano representa la m\u00e1xima expresi\u00f3n de la elegancia informal hecha en Italia. Confeccionado \u00edntegramente en Italia.","og_url":"https:\/\/miralles1986.com\/en\/product\/traje-l75abyc10-eleventy-milano\/","og_site_name":"Miralles 1986","article_publisher":"https:\/\/www.facebook.com\/miralles1986","article_modified_time":"2026-04-20T11:03:26+00:00","og_image":[{"width":1000,"height":1000,"url":"https:\/\/miralles1986.com\/wp-content\/uploads\/2025\/10\/Traje-L75ABUC10-80-Eleventy-Milano.jpg","type":"image\/jpeg"}],"twitter_card":"summary_large_image","twitter_misc":{"Estimated reading time":"2 minutes"},"schema":{"@context":"https:\/\/schema.org","@graph":[{"@type":"WebPage","@id":"https:\/\/miralles1986.com\/producto\/traje-l75abyc10-eleventy-milano\/","url":"https:\/\/miralles1986.com\/producto\/traje-l75abyc10-eleventy-milano\/","name":"Suit L75ABUC10 80 Eleventy Milano - Miralles 1986","isPartOf":{"@id":"https:\/\/miralles1986.com\/#website"},"primaryImageOfPage":{"@id":"https:\/\/miralles1986.com\/producto\/traje-l75abyc10-eleventy-milano\/#primaryimage"},"image":{"@id":"https:\/\/miralles1986.com\/producto\/traje-l75abyc10-eleventy-milano\/#primaryimage"},"thumbnailUrl":"https:\/\/miralles1986.com\/wp-content\/uploads\/2025\/10\/Traje-L75ABUC10-80-Eleventy-Milano.jpg","datePublished":"2025-10-20T19:15:53+00:00","dateModified":"2026-04-20T11:03:26+00:00","description":"The L75ABUC10 80 Eleventy Milano suit represents the ultimate expression of casual elegance made in Italy. Entirely crafted in Italy.","breadcrumb":{"@id":"https:\/\/miralles1986.com\/producto\/traje-l75abyc10-eleventy-milano\/#breadcrumb"},"inLanguage":"en-GB","potentialAction":[{"@type":"ReadAction","target":["https:\/\/miralles1986.com\/producto\/traje-l75abyc10-eleventy-milano\/"]}]},{"@type":"ImageObject","inLanguage":"en-GB","@id":"https:\/\/miralles1986.com\/producto\/traje-l75abyc10-eleventy-milano\/#primaryimage","url":"https:\/\/miralles1986.com\/wp-content\/uploads\/2025\/10\/Traje-L75ABUC10-80-Eleventy-Milano.jpg","contentUrl":"https:\/\/miralles1986.com\/wp-content\/uploads\/2025\/10\/Traje-L75ABUC10-80-Eleventy-Milano.jpg","width":1000,"height":1000,"caption":"Traje L75ABUC10 80 Eleventy Milano"},{"@type":"BreadcrumbList","@id":"https:\/\/miralles1986.com\/producto\/traje-l75abyc10-eleventy-milano\/#breadcrumb","itemListElement":[{"@type":"ListItem","position":1,"name":"Portada","item":"https:\/\/miralles1986.com\/"},{"@type":"ListItem","position":2,"name":"Ropa de lujo para hombre | Stone Island, Y-3, C.P. Company","item":"https:\/\/miralles1986.com\/tienda\/"},{"@type":"ListItem","position":3,"name":"Traje L75ABUC10 80 Eleventy Milano"}]},{"@type":"WebSite","@id":"https:\/\/miralles1986.com\/#website","url":"https:\/\/miralles1986.com\/","name":"Miralles 1986","description":"Luxury men&#039;s fashion in Valencia","publisher":{"@id":"https:\/\/miralles1986.com\/#organization"},"potentialAction":[{"@type":"SearchAction","target":{"@type":"EntryPoint","urlTemplate":"https:\/\/miralles1986.com\/?s={search_term_string}"},"query-input":{"@type":"PropertyValueSpecification","valueRequired":true,"valueName":"search_term_string"}}],"inLanguage":"en-GB"},{"@type":"Organization","@id":"https:\/\/miralles1986.com\/#organization","name":"Miralles 1986","alternateName":"Miralles","url":"https:\/\/miralles1986.com\/","logo":{"@type":"ImageObject","inLanguage":"en-GB","@id":"https:\/\/miralles1986.com\/#\/schema\/logo\/image\/","url":"https:\/\/miralles1986.com\/wp-content\/uploads\/2024\/09\/logo-miralles-1986-pequeno-bl.png","contentUrl":"https:\/\/miralles1986.com\/wp-content\/uploads\/2024\/09\/logo-miralles-1986-pequeno-bl.png","width":201,"height":73,"caption":"Miralles 1986"},"image":{"@id":"https:\/\/miralles1986.com\/#\/schema\/logo\/image\/"},"sameAs":["https:\/\/www.facebook.com\/miralles1986","https:\/\/www.instagram.com\/miralles1986_\/"]}]}},"brands":[{"id":748,"name":"Eleventy Milano","slug":"eleventy-milano"}],"_links":{"self":[{"href":"https:\/\/miralles1986.com\/en\/wp-json\/wp\/v2\/product\/15259","targetHints":{"allow":["GET"]}}],"collection":[{"href":"https:\/\/miralles1986.com\/en\/wp-json\/wp\/v2\/product"}],"about":[{"href":"https:\/\/miralles1986.com\/en\/wp-json\/wp\/v2\/types\/product"}],"replies":[{"embeddable":true,"href":"https:\/\/miralles1986.com\/en\/wp-json\/wp\/v2\/comments?post=15259"}],"wp:featuredmedia":[{"embeddable":true,"href":"https:\/\/miralles1986.com\/en\/wp-json\/wp\/v2\/media\/15558"}],"wp:attachment":[{"href":"https:\/\/miralles1986.com\/en\/wp-json\/wp\/v2\/media?parent=15259"}],"wp:term":[{"taxonomy":"pwb-brand","embeddable":true,"href":"https:\/\/miralles1986.com\/en\/wp-json\/wp\/v2\/pwb-brand?post=15259"},{"taxonomy":"product_brand","embeddable":true,"href":"https:\/\/miralles1986.com\/en\/wp-json\/wp\/v2\/product_brand?post=15259"},{"taxonomy":"product_cat","embeddable":true,"href":"https:\/\/miralles1986.com\/en\/wp-json\/wp\/v2\/product_cat?post=15259"},{"taxonomy":"product_tag","embeddable":true,"href":"https:\/\/miralles1986.com\/en\/wp-json\/wp\/v2\/product_tag?post=15259"}],"curies":[{"name":"wp","href":"https:\/\/api.w.org\/{rel}","templated":true}]}}