{"id":15720,"date":"2025-12-10T19:47:08","date_gmt":"2025-12-10T18:47:08","guid":{"rendered":"https:\/\/miralles1986.com\/?post_type=product&#038;p=15720"},"modified":"2026-02-02T14:27:15","modified_gmt":"2026-02-02T13:27:15","slug":"chaqueta-laurel-wreath-shell-r-goggle-c-p-company","status":"publish","type":"product","link":"https:\/\/miralles1986.com\/en\/producto\/chaqueta-laurel-wreath-shell-r-goggle-c-p-company\/","title":{"rendered":"Laurel Wreath Shell R Jacket Goggle CP Company"},"content":{"rendered":"<p><strong><a href=\"https:\/\/miralles1986.com\/en\/product-category\/clothes\/jackets\/sports-jackets\/\">The Jacket<\/a><\/strong> Laurel Wreath Shell R Goggle <strong>CP Company<\/strong> It combines the best of technical tradition with a refined urban design, ideal for those seeking style without sacrificing functionality. Made of fabric. <strong data-start=\"769\" data-end=\"786\">Shell technician<\/strong>, This jacket stands out for its lightness, wind resistance and durable finish, designed for everyday or urban use.<\/p>\n<p data-start=\"909\" data-end=\"1190\">Its design incorporates characteristic details of the brand \u2014 such as the distinctive \u201cgoggle\u201d crystals on the chest or hood (depending on the version), durable zippers, technical stitching and a modern fit \u2014 giving it a distinctive, recognizable and contemporary aesthetic.<\/p>\n<p data-start=\"1192\" data-end=\"1523\">Perfect as outerwear during the transitional seasons or milder weather, the R-Goggle Jacket adapts to both a casual urban look and more sophisticated outfits. Its deep blue hue offers versatility and a sophisticated air, making it easy to combine with different garments: from jeans and sneakers to more structured looks.<\/p>\n<p data-start=\"1525\" data-end=\"1717\">This model is aimed at those who value a quality garment, with attention to detail, comfort, distinctive design and real practicality \u2014 an urban jacket with technical DNA from CP Company.<\/p>\n<h2 data-start=\"1724\" data-end=\"1756\">Main features<\/h2>\n<ul data-start=\"1758\" data-end=\"2367\">\n<li data-start=\"1758\" data-end=\"1820\">\n<p data-start=\"1760\" data-end=\"1820\">\u2713 Technical fabric <strong data-start=\"1777\" data-end=\"1786\">Shell<\/strong>, lightweight and wind-resistant.<\/p>\n<\/li>\n<li data-start=\"1821\" data-end=\"1882\">\n<p data-start=\"1823\" data-end=\"1882\">\u2713 Cut <strong data-start=\"1831\" data-end=\"1851\">modern and urban<\/strong>, designed for city use.<\/p>\n<\/li>\n<li data-start=\"1883\" data-end=\"1988\">\n<p data-start=\"1885\" data-end=\"1988\">\u2713 Design with elements <strong data-start=\"1908\" data-end=\"1922\">\u201cR-Goggle\u201d<\/strong> CP Company&#039;s signature style \u2014 distinctive and recognizable.<\/p>\n<\/li>\n<li data-start=\"1989\" data-end=\"2066\">\n<p data-start=\"1991\" data-end=\"2066\">\u2713 <strong data-start=\"1993\" data-end=\"2021\">Lightweight and easy to carry<\/strong> \u2014 ideal for between seasons or variable weather.<\/p>\n<\/li>\n<li data-start=\"2067\" data-end=\"2131\">\n<p data-start=\"2069\" data-end=\"2131\">\u2713 <strong data-start=\"2071\" data-end=\"2104\">Robust zippers and closure<\/strong>, built to last.<\/p>\n<\/li>\n<li data-start=\"2132\" data-end=\"2195\">\n<p data-start=\"2134\" data-end=\"2195\">\u2713 Color <strong data-start=\"2142\" data-end=\"2159\">deep blue<\/strong>, Versatile, combinable and elegant.<\/p>\n<\/li>\n<li data-start=\"2196\" data-end=\"2290\">\n<p data-start=\"2198\" data-end=\"2290\">\u2713 Style <strong data-start=\"2207\" data-end=\"2242\">casual \/ urban \/ contemporary<\/strong>, Perfect for modern and versatile outfits.<\/p>\n<\/li>\n<li data-start=\"2291\" data-end=\"2367\">\n<p data-start=\"2293\" data-end=\"2367\">\u2713 Premium brand quality, with attention to detail and careful finishes.<\/p>\n<\/li>\n<\/ul>\n<p><strong><a href=\"https:\/\/miralles1986.com\/en\/product-category\/clothes\/jackets\/sports-jackets\/\">The Jacket<\/a><\/strong> Laurel Wreath Shell R Goggle <strong>CP Company is available in Miralles 1986 within the campaign <a href=\"https:\/\/miralles1986.com\/en\/c-p-company-otono-invierno-2025\/\">CP. Company Fall Winter 2025<\/a>.\u00a0<\/strong><\/p>","protected":false},"excerpt":{"rendered":"<p data-start=\"308\" data-end=\"541\">CP Company R-Goggle technical jacket in Shell fabric, urban design with distinctive &quot;goggle&quot; details, contemporary cut, and deep blue finish. Lightweight, functional, and perfect for changeable weather in the city or for modern urban style.<\/p>","protected":false},"featured_media":15727,"comment_status":"closed","ping_status":"closed","template":"","meta":[],"pwb-brand":[166],"product_brand":[818],"product_cat":[167,168],"product_tag":[546,1004,171],"class_list":{"0":"post-15720","1":"product","2":"type-product","3":"status-publish","4":"has-post-thumbnail","6":"pwb-brand-cp-company","7":"product_brand-tienda-miralles","8":"product_cat-chaquetas","9":"product_cat-ropa","10":"product_tag-cp-company","11":"product_tag-c-p-company-aw-2025","12":"product_tag-chaquetas","13":"pa_color-azul-total-eclipse","14":"pa_composicion-tejido-tecnico-shell","15":"pa_tamano-l","16":"pa_tamano-m","17":"pa_tamano-s","18":"pa_tamano-xl","19":"pa_tamano-xs","20":"pa_tamano-xxl","22":"first","23":"instock","24":"featured","25":"sold-individually","26":"taxable","27":"shipping-taxable","28":"purchasable","29":"product-type-variable"},"supplier_id":null,"supplier_sku":"","barcode":null,"atum_controlled":true,"out_stock_date":null,"out_stock_threshold":null,"inheritable":true,"inbound_stock":0,"stock_on_hold":0,"sold_today":null,"sales_last_days":null,"reserved_stock":0,"customer_returns":null,"warehouse_damage":null,"lost_in_post":null,"other_logs":null,"out_stock_days":null,"lost_sales":null,"has_location":false,"update_date":"2026-04-16T15:28:47","atum_locations":[],"atum_stock_status":"instock","restock_status":false,"low_stock_amount":"","sales_update_date":"2026-04-16T15:28:47","calc_backorders":null,"yoast_head":"<!-- This site is optimized with the Yoast SEO plugin v27.5 - https:\/\/yoast.com\/product\/yoast-seo-wordpress\/ -->\n<title>Chaqueta Laurel Wreath Shell R Goggle C.P. Company - Miralles 1986<\/title>\n<meta name=\"description\" content=\"La Chaqueta Laurel Wreath Shell R Goggle de C.P. Company combina lo mejor de la tradici\u00f3n t\u00e9cnica con un dise\u00f1o urbano refinado, para gente con estilo.\" \/>\n<meta name=\"robots\" content=\"index, follow, max-snippet:-1, max-image-preview:large, max-video-preview:-1\" \/>\n<link rel=\"canonical\" href=\"https:\/\/miralles1986.com\/en\/product\/chaqueta-laurel-wreath-shell-r-goggle-c-p-company\/\" \/>\n<meta property=\"og:locale\" content=\"en_GB\" \/>\n<meta property=\"og:type\" content=\"article\" \/>\n<meta property=\"og:title\" content=\"Chaqueta Laurel Wreath Shell R Goggle C.P. Company - Miralles 1986\" \/>\n<meta property=\"og:description\" content=\"La Chaqueta Laurel Wreath Shell R Goggle de C.P. Company combina lo mejor de la tradici\u00f3n t\u00e9cnica con un dise\u00f1o urbano refinado, para gente con estilo.\" \/>\n<meta property=\"og:url\" content=\"https:\/\/miralles1986.com\/en\/product\/chaqueta-laurel-wreath-shell-r-goggle-c-p-company\/\" \/>\n<meta property=\"og:site_name\" content=\"Miralles 1986\" \/>\n<meta property=\"article:publisher\" content=\"https:\/\/www.facebook.com\/miralles1986\" \/>\n<meta property=\"article:modified_time\" content=\"2026-02-02T13:27:15+00:00\" \/>\n<meta property=\"og:image\" content=\"https:\/\/miralles1986.com\/wp-content\/uploads\/2025\/12\/chaqueta-c-p-shell-r-goggle-cp-company-laurel-wreath-668.jpg\" \/>\n\t<meta property=\"og:image:width\" content=\"1000\" \/>\n\t<meta property=\"og:image:height\" content=\"1000\" \/>\n\t<meta property=\"og:image:type\" content=\"image\/jpeg\" \/>\n<meta name=\"twitter:card\" content=\"summary_large_image\" \/>\n<meta name=\"twitter:label1\" content=\"Estimated reading time\" \/>\n\t<meta name=\"twitter:data1\" content=\"2 minutes\" \/>\n<script type=\"application\/ld+json\" class=\"yoast-schema-graph\">{\"@context\":\"https:\\\/\\\/schema.org\",\"@graph\":[{\"@type\":\"WebPage\",\"@id\":\"https:\\\/\\\/miralles1986.com\\\/producto\\\/chaqueta-laurel-wreath-shell-r-goggle-c-p-company\\\/\",\"url\":\"https:\\\/\\\/miralles1986.com\\\/producto\\\/chaqueta-laurel-wreath-shell-r-goggle-c-p-company\\\/\",\"name\":\"Chaqueta Laurel Wreath Shell R Goggle C.P. Company - Miralles 1986\",\"isPartOf\":{\"@id\":\"https:\\\/\\\/miralles1986.com\\\/#website\"},\"primaryImageOfPage\":{\"@id\":\"https:\\\/\\\/miralles1986.com\\\/producto\\\/chaqueta-laurel-wreath-shell-r-goggle-c-p-company\\\/#primaryimage\"},\"image\":{\"@id\":\"https:\\\/\\\/miralles1986.com\\\/producto\\\/chaqueta-laurel-wreath-shell-r-goggle-c-p-company\\\/#primaryimage\"},\"thumbnailUrl\":\"https:\\\/\\\/miralles1986.com\\\/wp-content\\\/uploads\\\/2025\\\/12\\\/chaqueta-c-p-shell-r-goggle-cp-company-laurel-wreath-668.jpg\",\"datePublished\":\"2025-12-10T18:47:08+00:00\",\"dateModified\":\"2026-02-02T13:27:15+00:00\",\"description\":\"La Chaqueta Laurel Wreath Shell R Goggle de C.P. Company combina lo mejor de la tradici\u00f3n t\u00e9cnica con un dise\u00f1o urbano refinado, para gente con estilo.\",\"breadcrumb\":{\"@id\":\"https:\\\/\\\/miralles1986.com\\\/producto\\\/chaqueta-laurel-wreath-shell-r-goggle-c-p-company\\\/#breadcrumb\"},\"inLanguage\":\"en-GB\",\"potentialAction\":[{\"@type\":\"ReadAction\",\"target\":[\"https:\\\/\\\/miralles1986.com\\\/producto\\\/chaqueta-laurel-wreath-shell-r-goggle-c-p-company\\\/\"]}]},{\"@type\":\"ImageObject\",\"inLanguage\":\"en-GB\",\"@id\":\"https:\\\/\\\/miralles1986.com\\\/producto\\\/chaqueta-laurel-wreath-shell-r-goggle-c-p-company\\\/#primaryimage\",\"url\":\"https:\\\/\\\/miralles1986.com\\\/wp-content\\\/uploads\\\/2025\\\/12\\\/chaqueta-c-p-shell-r-goggle-cp-company-laurel-wreath-668.jpg\",\"contentUrl\":\"https:\\\/\\\/miralles1986.com\\\/wp-content\\\/uploads\\\/2025\\\/12\\\/chaqueta-c-p-shell-r-goggle-cp-company-laurel-wreath-668.jpg\",\"width\":1000,\"height\":1000,\"caption\":\"Chaqueta Laurel Wreath Shell R Goggle C.P. Company\"},{\"@type\":\"BreadcrumbList\",\"@id\":\"https:\\\/\\\/miralles1986.com\\\/producto\\\/chaqueta-laurel-wreath-shell-r-goggle-c-p-company\\\/#breadcrumb\",\"itemListElement\":[{\"@type\":\"ListItem\",\"position\":1,\"name\":\"Portada\",\"item\":\"https:\\\/\\\/miralles1986.com\\\/\"},{\"@type\":\"ListItem\",\"position\":2,\"name\":\"Ropa de lujo para hombre | Stone Island, Y-3, C.P. Company\",\"item\":\"https:\\\/\\\/miralles1986.com\\\/tienda\\\/\"},{\"@type\":\"ListItem\",\"position\":3,\"name\":\"Chaqueta Laurel Wreath Shell R Goggle C.P. Company\"}]},{\"@type\":\"WebSite\",\"@id\":\"https:\\\/\\\/miralles1986.com\\\/#website\",\"url\":\"https:\\\/\\\/miralles1986.com\\\/\",\"name\":\"Miralles 1986\",\"description\":\"Moda masculina de lujo en Valencia\",\"publisher\":{\"@id\":\"https:\\\/\\\/miralles1986.com\\\/#organization\"},\"potentialAction\":[{\"@type\":\"SearchAction\",\"target\":{\"@type\":\"EntryPoint\",\"urlTemplate\":\"https:\\\/\\\/miralles1986.com\\\/?s={search_term_string}\"},\"query-input\":{\"@type\":\"PropertyValueSpecification\",\"valueRequired\":true,\"valueName\":\"search_term_string\"}}],\"inLanguage\":\"en-GB\"},{\"@type\":\"Organization\",\"@id\":\"https:\\\/\\\/miralles1986.com\\\/#organization\",\"name\":\"Miralles 1986\",\"alternateName\":\"Miralles\",\"url\":\"https:\\\/\\\/miralles1986.com\\\/\",\"logo\":{\"@type\":\"ImageObject\",\"inLanguage\":\"en-GB\",\"@id\":\"https:\\\/\\\/miralles1986.com\\\/#\\\/schema\\\/logo\\\/image\\\/\",\"url\":\"https:\\\/\\\/miralles1986.com\\\/wp-content\\\/uploads\\\/2024\\\/09\\\/logo-miralles-1986-pequeno-bl.png\",\"contentUrl\":\"https:\\\/\\\/miralles1986.com\\\/wp-content\\\/uploads\\\/2024\\\/09\\\/logo-miralles-1986-pequeno-bl.png\",\"width\":201,\"height\":73,\"caption\":\"Miralles 1986\"},\"image\":{\"@id\":\"https:\\\/\\\/miralles1986.com\\\/#\\\/schema\\\/logo\\\/image\\\/\"},\"sameAs\":[\"https:\\\/\\\/www.facebook.com\\\/miralles1986\",\"https:\\\/\\\/www.instagram.com\\\/miralles1986_\\\/\"]}]}<\/script>\n<!-- \/ Yoast SEO plugin. -->","yoast_head_json":{"title":"Laurel Wreath Shell R Goggle CP Company Jacket - Miralles 1986","description":"The CP Company Laurel Wreath Shell R Goggle Jacket combines the best of technical tradition with a refined urban design, for stylish people.","robots":{"index":"index","follow":"follow","max-snippet":"max-snippet:-1","max-image-preview":"max-image-preview:large","max-video-preview":"max-video-preview:-1"},"canonical":"https:\/\/miralles1986.com\/en\/product\/chaqueta-laurel-wreath-shell-r-goggle-c-p-company\/","og_locale":"en_GB","og_type":"article","og_title":"Chaqueta Laurel Wreath Shell R Goggle C.P. Company - Miralles 1986","og_description":"La Chaqueta Laurel Wreath Shell R Goggle de C.P. Company combina lo mejor de la tradici\u00f3n t\u00e9cnica con un dise\u00f1o urbano refinado, para gente con estilo.","og_url":"https:\/\/miralles1986.com\/en\/product\/chaqueta-laurel-wreath-shell-r-goggle-c-p-company\/","og_site_name":"Miralles 1986","article_publisher":"https:\/\/www.facebook.com\/miralles1986","article_modified_time":"2026-02-02T13:27:15+00:00","og_image":[{"width":1000,"height":1000,"url":"https:\/\/miralles1986.com\/wp-content\/uploads\/2025\/12\/chaqueta-c-p-shell-r-goggle-cp-company-laurel-wreath-668.jpg","type":"image\/jpeg"}],"twitter_card":"summary_large_image","twitter_misc":{"Estimated reading time":"2 minutes"},"schema":{"@context":"https:\/\/schema.org","@graph":[{"@type":"WebPage","@id":"https:\/\/miralles1986.com\/producto\/chaqueta-laurel-wreath-shell-r-goggle-c-p-company\/","url":"https:\/\/miralles1986.com\/producto\/chaqueta-laurel-wreath-shell-r-goggle-c-p-company\/","name":"Laurel Wreath Shell R Goggle CP Company Jacket - Miralles 1986","isPartOf":{"@id":"https:\/\/miralles1986.com\/#website"},"primaryImageOfPage":{"@id":"https:\/\/miralles1986.com\/producto\/chaqueta-laurel-wreath-shell-r-goggle-c-p-company\/#primaryimage"},"image":{"@id":"https:\/\/miralles1986.com\/producto\/chaqueta-laurel-wreath-shell-r-goggle-c-p-company\/#primaryimage"},"thumbnailUrl":"https:\/\/miralles1986.com\/wp-content\/uploads\/2025\/12\/chaqueta-c-p-shell-r-goggle-cp-company-laurel-wreath-668.jpg","datePublished":"2025-12-10T18:47:08+00:00","dateModified":"2026-02-02T13:27:15+00:00","description":"The CP Company Laurel Wreath Shell R Goggle Jacket combines the best of technical tradition with a refined urban design, for stylish people.","breadcrumb":{"@id":"https:\/\/miralles1986.com\/producto\/chaqueta-laurel-wreath-shell-r-goggle-c-p-company\/#breadcrumb"},"inLanguage":"en-GB","potentialAction":[{"@type":"ReadAction","target":["https:\/\/miralles1986.com\/producto\/chaqueta-laurel-wreath-shell-r-goggle-c-p-company\/"]}]},{"@type":"ImageObject","inLanguage":"en-GB","@id":"https:\/\/miralles1986.com\/producto\/chaqueta-laurel-wreath-shell-r-goggle-c-p-company\/#primaryimage","url":"https:\/\/miralles1986.com\/wp-content\/uploads\/2025\/12\/chaqueta-c-p-shell-r-goggle-cp-company-laurel-wreath-668.jpg","contentUrl":"https:\/\/miralles1986.com\/wp-content\/uploads\/2025\/12\/chaqueta-c-p-shell-r-goggle-cp-company-laurel-wreath-668.jpg","width":1000,"height":1000,"caption":"Chaqueta Laurel Wreath Shell R Goggle C.P. Company"},{"@type":"BreadcrumbList","@id":"https:\/\/miralles1986.com\/producto\/chaqueta-laurel-wreath-shell-r-goggle-c-p-company\/#breadcrumb","itemListElement":[{"@type":"ListItem","position":1,"name":"Portada","item":"https:\/\/miralles1986.com\/"},{"@type":"ListItem","position":2,"name":"Ropa de lujo para hombre | Stone Island, Y-3, C.P. Company","item":"https:\/\/miralles1986.com\/tienda\/"},{"@type":"ListItem","position":3,"name":"Chaqueta Laurel Wreath Shell R Goggle C.P. Company"}]},{"@type":"WebSite","@id":"https:\/\/miralles1986.com\/#website","url":"https:\/\/miralles1986.com\/","name":"Miralles 1986","description":"Luxury men&#039;s fashion in Valencia","publisher":{"@id":"https:\/\/miralles1986.com\/#organization"},"potentialAction":[{"@type":"SearchAction","target":{"@type":"EntryPoint","urlTemplate":"https:\/\/miralles1986.com\/?s={search_term_string}"},"query-input":{"@type":"PropertyValueSpecification","valueRequired":true,"valueName":"search_term_string"}}],"inLanguage":"en-GB"},{"@type":"Organization","@id":"https:\/\/miralles1986.com\/#organization","name":"Miralles 1986","alternateName":"Miralles","url":"https:\/\/miralles1986.com\/","logo":{"@type":"ImageObject","inLanguage":"en-GB","@id":"https:\/\/miralles1986.com\/#\/schema\/logo\/image\/","url":"https:\/\/miralles1986.com\/wp-content\/uploads\/2024\/09\/logo-miralles-1986-pequeno-bl.png","contentUrl":"https:\/\/miralles1986.com\/wp-content\/uploads\/2024\/09\/logo-miralles-1986-pequeno-bl.png","width":201,"height":73,"caption":"Miralles 1986"},"image":{"@id":"https:\/\/miralles1986.com\/#\/schema\/logo\/image\/"},"sameAs":["https:\/\/www.facebook.com\/miralles1986","https:\/\/www.instagram.com\/miralles1986_\/"]}]}},"brands":[{"id":166,"name":"CP Company","slug":"cp-company"}],"_links":{"self":[{"href":"https:\/\/miralles1986.com\/en\/wp-json\/wp\/v2\/product\/15720","targetHints":{"allow":["GET"]}}],"collection":[{"href":"https:\/\/miralles1986.com\/en\/wp-json\/wp\/v2\/product"}],"about":[{"href":"https:\/\/miralles1986.com\/en\/wp-json\/wp\/v2\/types\/product"}],"replies":[{"embeddable":true,"href":"https:\/\/miralles1986.com\/en\/wp-json\/wp\/v2\/comments?post=15720"}],"wp:featuredmedia":[{"embeddable":true,"href":"https:\/\/miralles1986.com\/en\/wp-json\/wp\/v2\/media\/15727"}],"wp:attachment":[{"href":"https:\/\/miralles1986.com\/en\/wp-json\/wp\/v2\/media?parent=15720"}],"wp:term":[{"taxonomy":"pwb-brand","embeddable":true,"href":"https:\/\/miralles1986.com\/en\/wp-json\/wp\/v2\/pwb-brand?post=15720"},{"taxonomy":"product_brand","embeddable":true,"href":"https:\/\/miralles1986.com\/en\/wp-json\/wp\/v2\/product_brand?post=15720"},{"taxonomy":"product_cat","embeddable":true,"href":"https:\/\/miralles1986.com\/en\/wp-json\/wp\/v2\/product_cat?post=15720"},{"taxonomy":"product_tag","embeddable":true,"href":"https:\/\/miralles1986.com\/en\/wp-json\/wp\/v2\/product_tag?post=15720"}],"curies":[{"name":"wp","href":"https:\/\/api.w.org\/{rel}","templated":true}]}}