{"id":15735,"date":"2025-12-10T21:02:14","date_gmt":"2025-12-10T20:02:14","guid":{"rendered":"https:\/\/miralles1986.com\/?post_type=product&#038;p=15735"},"modified":"2026-01-08T17:21:33","modified_gmt":"2026-01-08T16:21:33","slug":"pantalon-stretch-sateen-ergonomic-cargo-888-c-p-company","status":"publish","type":"product","link":"https:\/\/miralles1986.com\/en\/producto\/pantalon-stretch-sateen-ergonomic-cargo-888-c-p-company\/","title":{"rendered":"Stretch Sateen Ergonomic Cargo Pants 888 CP Company"},"content":{"rendered":"<p data-start=\"570\" data-end=\"852\">He <strong data-start=\"573\" data-end=\"632\"><a href=\"https:\/\/miralles1986.com\/en\/product-category\/clothes\/pants\/miralles-sport-trousers-1986\/\">Pants<\/a> Stretch Sateen Ergonomic Cargo 888 <a href=\"https:\/\/miralles1986.com\/en\/brand\/cp-company\/\">CP Company<\/a><\/strong> It offers a perfect combination of comfort, functional design, and urban aesthetics. Made in <strong data-start=\"728\" data-end=\"765\">soft textured stretch cotton<\/strong>, It guarantees freedom of movement and an ergonomic fit designed for everyday use.<\/p>\n<p data-start=\"854\" data-end=\"1212\">Its construction includes <strong data-start=\"878\" data-end=\"910\">button and zip closure<\/strong>, Belt loops and easily accessible side pockets. <strong data-start=\"979\" data-end=\"1030\">cargo pockets with flap and snap buttons<\/strong> They provide extra capacity without compromising the silhouette. The back features welt pockets finished with <strong data-start=\"1152\" data-end=\"1173\">label applied<\/strong>, reinforcing the design identity.<\/p>\n<p data-start=\"1214\" data-end=\"1513\">This model is <strong data-start=\"1231\" data-end=\"1251\">garment dyeing<\/strong>, A signature CP Company process that adds depth of color and a unique finish to each piece. Its contemporary style and functionality make it a premium staple, ideal for both casual looks and more sophisticated urban outfits.<\/p>\n<h3 data-start=\"1520\" data-end=\"1577\"><strong data-start=\"1524\" data-end=\"1575\">Characteristics:<\/strong><\/h3>\n<ul data-start=\"1578\" data-end=\"2090\">\n<li data-start=\"1578\" data-end=\"1636\">\n<p data-start=\"1580\" data-end=\"1636\">\u2713 Made in <strong data-start=\"1599\" data-end=\"1619\">stretch cotton<\/strong> soft to the touch<\/p>\n<\/li>\n<li data-start=\"1637\" data-end=\"1683\">\n<p data-start=\"1639\" data-end=\"1683\">\u2713 <strong data-start=\"1641\" data-end=\"1673\">Button and zip closure<\/strong> frontal<\/p>\n<\/li>\n<li data-start=\"1684\" data-end=\"1717\">\n<p data-start=\"1686\" data-end=\"1717\">\u2713 <strong data-start=\"1688\" data-end=\"1701\">Loops<\/strong> for belt<\/p>\n<\/li>\n<li data-start=\"1718\" data-end=\"1764\">\n<p data-start=\"1720\" data-end=\"1764\">\u2713 <strong data-start=\"1722\" data-end=\"1745\">Side pockets<\/strong> quick access<\/p>\n<\/li>\n<li data-start=\"1765\" data-end=\"1820\">\n<p data-start=\"1767\" data-end=\"1820\">\u2713 <strong data-start=\"1769\" data-end=\"1788\">Cargo pockets<\/strong> with flap and snap closure<\/p>\n<\/li>\n<li data-start=\"1821\" data-end=\"1882\">\n<p data-start=\"1823\" data-end=\"1882\">\u2713 <strong data-start=\"1825\" data-end=\"1847\">Back pockets<\/strong> trimmed with applied label<\/p>\n<\/li>\n<li data-start=\"1883\" data-end=\"1937\">\n<p data-start=\"1885\" data-end=\"1937\">\u2713 <strong data-start=\"1887\" data-end=\"1920\">Iconic CP Company tongue<\/strong> in the pocket<\/p>\n<\/li>\n<li data-start=\"1938\" data-end=\"1986\">\n<p data-start=\"1940\" data-end=\"1986\">\u2713 <strong data-start=\"1942\" data-end=\"1962\">Garment dyeing<\/strong> for a unique finish<\/p>\n<\/li>\n<li data-start=\"1987\" data-end=\"2035\">\n<p data-start=\"1989\" data-end=\"2035\">\u2713 <strong data-start=\"1991\" data-end=\"2012\">Ergonomic fit<\/strong> for greater convenience<\/p>\n<\/li>\n<li data-start=\"2036\" data-end=\"2090\">\n<p data-start=\"2038\" data-end=\"2090\">\u2713 Functional and urban design, ideal for everyday use<\/p>\n<\/li>\n<li data-start=\"2036\" data-end=\"2090\">Total Color Eclipse 888<\/li>\n<\/ul>\n<p data-start=\"1214\" data-end=\"1513\">He <strong data-start=\"573\" data-end=\"632\"><a href=\"https:\/\/miralles1986.com\/en\/product-category\/clothes\/pants\/miralles-sport-trousers-1986\/\">Pants<\/a> Stretch Sateen Ergonomic Cargo 888 <a href=\"https:\/\/miralles1986.com\/en\/brand\/cp-company\/\">CP Company<\/a> is available in <a href=\"https:\/\/miralles1986.com\/en\/\">Miralles 1986<\/a> within the campaign <a href=\"https:\/\/miralles1986.com\/en\/c-p-company-otono-invierno-2025\/\">CP. Company Fall Winter 2025<\/a>.<\/strong><\/p>","protected":false},"excerpt":{"rendered":"<p data-start=\"307\" data-end=\"528\">CP Company cargo pants made from soft-touch stretch cotton. Ergonomic design with cargo pockets, button and zip fastening, and the brand&#039;s iconic tab. Garment-dyed for a unique finish.<\/p>","protected":false},"featured_media":15744,"comment_status":"closed","ping_status":"closed","template":"","meta":[],"pwb-brand":[166],"product_brand":[818],"product_cat":[226,227,168],"product_tag":[546,1004,501],"class_list":{"0":"post-15735","1":"product","2":"type-product","3":"status-publish","4":"has-post-thumbnail","6":"pwb-brand-cp-company","7":"product_brand-tienda-miralles","8":"product_cat-pantalones","9":"product_cat-pantalones-sport-miralles-1986","10":"product_cat-ropa","11":"product_tag-cp-company","12":"product_tag-c-p-company-aw-2025","13":"product_tag-pantalones-cargo","14":"pa_color-azul-eclipse-total","15":"pa_composicion-algodon","16":"pa_tamano-63","17":"pa_tamano-65","18":"pa_tamano-67","19":"pa_tamano-69","20":"pa_tamano-71","21":"pa_tamano-73","22":"pa_tamano-75","24":"first","25":"instock","26":"featured","27":"sold-individually","28":"taxable","29":"shipping-taxable","30":"purchasable","31":"product-type-variable"},"supplier_id":null,"supplier_sku":"","barcode":null,"atum_controlled":true,"out_stock_date":null,"out_stock_threshold":null,"inheritable":true,"inbound_stock":0,"stock_on_hold":0,"sold_today":null,"sales_last_days":null,"reserved_stock":0,"customer_returns":null,"warehouse_damage":null,"lost_in_post":null,"other_logs":null,"out_stock_days":null,"lost_sales":null,"has_location":false,"update_date":"2026-05-11T11:52:41","atum_locations":[],"atum_stock_status":"instock","restock_status":false,"low_stock_amount":"","sales_update_date":"2026-05-11T11:52:41","calc_backorders":null,"yoast_head":"<!-- This site is optimized with the Yoast SEO plugin v27.5 - https:\/\/yoast.com\/product\/yoast-seo-wordpress\/ -->\n<title>Pantal\u00f3n Stretch Sateen Ergonomic Cargo 888 C.P. Company - Miralles 1986<\/title>\n<meta name=\"description\" content=\"El Pantal\u00f3n Stretch Sateen Ergonomic Cargo 888 de C.P. Company ofrece una combinaci\u00f3n perfecta de comodidad, dise\u00f1o funcional y est\u00e9tica urbana.\" \/>\n<meta name=\"robots\" content=\"index, follow, max-snippet:-1, max-image-preview:large, max-video-preview:-1\" \/>\n<link rel=\"canonical\" href=\"https:\/\/miralles1986.com\/en\/product\/pantalon-stretch-sateen-ergonomic-cargo-888-c-p-company\/\" \/>\n<meta property=\"og:locale\" content=\"en_GB\" \/>\n<meta property=\"og:type\" content=\"article\" \/>\n<meta property=\"og:title\" content=\"Pantal\u00f3n Stretch Sateen Ergonomic Cargo 888 C.P. Company - Miralles 1986\" \/>\n<meta property=\"og:description\" content=\"El Pantal\u00f3n Stretch Sateen Ergonomic Cargo 888 de C.P. Company ofrece una combinaci\u00f3n perfecta de comodidad, dise\u00f1o funcional y est\u00e9tica urbana.\" \/>\n<meta property=\"og:url\" content=\"https:\/\/miralles1986.com\/en\/product\/pantalon-stretch-sateen-ergonomic-cargo-888-c-p-company\/\" \/>\n<meta property=\"og:site_name\" content=\"Miralles 1986\" \/>\n<meta property=\"article:publisher\" content=\"https:\/\/www.facebook.com\/miralles1986\" \/>\n<meta property=\"article:modified_time\" content=\"2026-01-08T16:21:33+00:00\" \/>\n<meta property=\"og:image\" content=\"https:\/\/miralles1986.com\/wp-content\/uploads\/2025\/12\/pantalon-stretch-sateen-ergonomic-cargo-cp-company-total-eclipse.jpg\" \/>\n\t<meta property=\"og:image:width\" content=\"1000\" \/>\n\t<meta property=\"og:image:height\" content=\"1000\" \/>\n\t<meta property=\"og:image:type\" content=\"image\/jpeg\" \/>\n<meta name=\"twitter:card\" content=\"summary_large_image\" \/>\n<meta name=\"twitter:label1\" content=\"Estimated reading time\" \/>\n\t<meta name=\"twitter:data1\" content=\"2 minutes\" \/>\n<script type=\"application\/ld+json\" class=\"yoast-schema-graph\">{\"@context\":\"https:\\\/\\\/schema.org\",\"@graph\":[{\"@type\":\"WebPage\",\"@id\":\"https:\\\/\\\/miralles1986.com\\\/producto\\\/pantalon-stretch-sateen-ergonomic-cargo-888-c-p-company\\\/\",\"url\":\"https:\\\/\\\/miralles1986.com\\\/producto\\\/pantalon-stretch-sateen-ergonomic-cargo-888-c-p-company\\\/\",\"name\":\"Pantal\u00f3n Stretch Sateen Ergonomic Cargo 888 C.P. Company - Miralles 1986\",\"isPartOf\":{\"@id\":\"https:\\\/\\\/miralles1986.com\\\/#website\"},\"primaryImageOfPage\":{\"@id\":\"https:\\\/\\\/miralles1986.com\\\/producto\\\/pantalon-stretch-sateen-ergonomic-cargo-888-c-p-company\\\/#primaryimage\"},\"image\":{\"@id\":\"https:\\\/\\\/miralles1986.com\\\/producto\\\/pantalon-stretch-sateen-ergonomic-cargo-888-c-p-company\\\/#primaryimage\"},\"thumbnailUrl\":\"https:\\\/\\\/miralles1986.com\\\/wp-content\\\/uploads\\\/2025\\\/12\\\/pantalon-stretch-sateen-ergonomic-cargo-cp-company-total-eclipse.jpg\",\"datePublished\":\"2025-12-10T20:02:14+00:00\",\"dateModified\":\"2026-01-08T16:21:33+00:00\",\"description\":\"El Pantal\u00f3n Stretch Sateen Ergonomic Cargo 888 de C.P. Company ofrece una combinaci\u00f3n perfecta de comodidad, dise\u00f1o funcional y est\u00e9tica urbana.\",\"breadcrumb\":{\"@id\":\"https:\\\/\\\/miralles1986.com\\\/producto\\\/pantalon-stretch-sateen-ergonomic-cargo-888-c-p-company\\\/#breadcrumb\"},\"inLanguage\":\"en-GB\",\"potentialAction\":[{\"@type\":\"ReadAction\",\"target\":[\"https:\\\/\\\/miralles1986.com\\\/producto\\\/pantalon-stretch-sateen-ergonomic-cargo-888-c-p-company\\\/\"]}]},{\"@type\":\"ImageObject\",\"inLanguage\":\"en-GB\",\"@id\":\"https:\\\/\\\/miralles1986.com\\\/producto\\\/pantalon-stretch-sateen-ergonomic-cargo-888-c-p-company\\\/#primaryimage\",\"url\":\"https:\\\/\\\/miralles1986.com\\\/wp-content\\\/uploads\\\/2025\\\/12\\\/pantalon-stretch-sateen-ergonomic-cargo-cp-company-total-eclipse.jpg\",\"contentUrl\":\"https:\\\/\\\/miralles1986.com\\\/wp-content\\\/uploads\\\/2025\\\/12\\\/pantalon-stretch-sateen-ergonomic-cargo-cp-company-total-eclipse.jpg\",\"width\":1000,\"height\":1000,\"caption\":\"Pantal\u00f3n Stretch Sateen Ergonomic Cargo Total 888 C.P. Company\"},{\"@type\":\"BreadcrumbList\",\"@id\":\"https:\\\/\\\/miralles1986.com\\\/producto\\\/pantalon-stretch-sateen-ergonomic-cargo-888-c-p-company\\\/#breadcrumb\",\"itemListElement\":[{\"@type\":\"ListItem\",\"position\":1,\"name\":\"Portada\",\"item\":\"https:\\\/\\\/miralles1986.com\\\/\"},{\"@type\":\"ListItem\",\"position\":2,\"name\":\"Ropa de lujo para hombre | Stone Island, Y-3, C.P. Company\",\"item\":\"https:\\\/\\\/miralles1986.com\\\/tienda\\\/\"},{\"@type\":\"ListItem\",\"position\":3,\"name\":\"Pantal\u00f3n Stretch Sateen Ergonomic Cargo 888 C.P. Company\"}]},{\"@type\":\"WebSite\",\"@id\":\"https:\\\/\\\/miralles1986.com\\\/#website\",\"url\":\"https:\\\/\\\/miralles1986.com\\\/\",\"name\":\"Miralles 1986\",\"description\":\"Moda masculina de lujo en Valencia\",\"publisher\":{\"@id\":\"https:\\\/\\\/miralles1986.com\\\/#organization\"},\"potentialAction\":[{\"@type\":\"SearchAction\",\"target\":{\"@type\":\"EntryPoint\",\"urlTemplate\":\"https:\\\/\\\/miralles1986.com\\\/?s={search_term_string}\"},\"query-input\":{\"@type\":\"PropertyValueSpecification\",\"valueRequired\":true,\"valueName\":\"search_term_string\"}}],\"inLanguage\":\"en-GB\"},{\"@type\":\"Organization\",\"@id\":\"https:\\\/\\\/miralles1986.com\\\/#organization\",\"name\":\"Miralles 1986\",\"alternateName\":\"Miralles\",\"url\":\"https:\\\/\\\/miralles1986.com\\\/\",\"logo\":{\"@type\":\"ImageObject\",\"inLanguage\":\"en-GB\",\"@id\":\"https:\\\/\\\/miralles1986.com\\\/#\\\/schema\\\/logo\\\/image\\\/\",\"url\":\"https:\\\/\\\/miralles1986.com\\\/wp-content\\\/uploads\\\/2024\\\/09\\\/logo-miralles-1986-pequeno-bl.png\",\"contentUrl\":\"https:\\\/\\\/miralles1986.com\\\/wp-content\\\/uploads\\\/2024\\\/09\\\/logo-miralles-1986-pequeno-bl.png\",\"width\":201,\"height\":73,\"caption\":\"Miralles 1986\"},\"image\":{\"@id\":\"https:\\\/\\\/miralles1986.com\\\/#\\\/schema\\\/logo\\\/image\\\/\"},\"sameAs\":[\"https:\\\/\\\/www.facebook.com\\\/miralles1986\",\"https:\\\/\\\/www.instagram.com\\\/miralles1986_\\\/\"]}]}<\/script>\n<!-- \/ Yoast SEO plugin. -->","yoast_head_json":{"title":"Stretch Sateen Ergonomic Cargo Trousers 888 CP Company - Miralles 1986","description":"The CP Company Stretch Sateen Ergonomic Cargo 888 Pants offer a perfect combination of comfort, functional design and urban aesthetics.","robots":{"index":"index","follow":"follow","max-snippet":"max-snippet:-1","max-image-preview":"max-image-preview:large","max-video-preview":"max-video-preview:-1"},"canonical":"https:\/\/miralles1986.com\/en\/product\/pantalon-stretch-sateen-ergonomic-cargo-888-c-p-company\/","og_locale":"en_GB","og_type":"article","og_title":"Pantal\u00f3n Stretch Sateen Ergonomic Cargo 888 C.P. Company - Miralles 1986","og_description":"El Pantal\u00f3n Stretch Sateen Ergonomic Cargo 888 de C.P. Company ofrece una combinaci\u00f3n perfecta de comodidad, dise\u00f1o funcional y est\u00e9tica urbana.","og_url":"https:\/\/miralles1986.com\/en\/product\/pantalon-stretch-sateen-ergonomic-cargo-888-c-p-company\/","og_site_name":"Miralles 1986","article_publisher":"https:\/\/www.facebook.com\/miralles1986","article_modified_time":"2026-01-08T16:21:33+00:00","og_image":[{"width":1000,"height":1000,"url":"https:\/\/miralles1986.com\/wp-content\/uploads\/2025\/12\/pantalon-stretch-sateen-ergonomic-cargo-cp-company-total-eclipse.jpg","type":"image\/jpeg"}],"twitter_card":"summary_large_image","twitter_misc":{"Estimated reading time":"2 minutes"},"schema":{"@context":"https:\/\/schema.org","@graph":[{"@type":"WebPage","@id":"https:\/\/miralles1986.com\/producto\/pantalon-stretch-sateen-ergonomic-cargo-888-c-p-company\/","url":"https:\/\/miralles1986.com\/producto\/pantalon-stretch-sateen-ergonomic-cargo-888-c-p-company\/","name":"Stretch Sateen Ergonomic Cargo Trousers 888 CP Company - Miralles 1986","isPartOf":{"@id":"https:\/\/miralles1986.com\/#website"},"primaryImageOfPage":{"@id":"https:\/\/miralles1986.com\/producto\/pantalon-stretch-sateen-ergonomic-cargo-888-c-p-company\/#primaryimage"},"image":{"@id":"https:\/\/miralles1986.com\/producto\/pantalon-stretch-sateen-ergonomic-cargo-888-c-p-company\/#primaryimage"},"thumbnailUrl":"https:\/\/miralles1986.com\/wp-content\/uploads\/2025\/12\/pantalon-stretch-sateen-ergonomic-cargo-cp-company-total-eclipse.jpg","datePublished":"2025-12-10T20:02:14+00:00","dateModified":"2026-01-08T16:21:33+00:00","description":"The CP Company Stretch Sateen Ergonomic Cargo 888 Pants offer a perfect combination of comfort, functional design and urban aesthetics.","breadcrumb":{"@id":"https:\/\/miralles1986.com\/producto\/pantalon-stretch-sateen-ergonomic-cargo-888-c-p-company\/#breadcrumb"},"inLanguage":"en-GB","potentialAction":[{"@type":"ReadAction","target":["https:\/\/miralles1986.com\/producto\/pantalon-stretch-sateen-ergonomic-cargo-888-c-p-company\/"]}]},{"@type":"ImageObject","inLanguage":"en-GB","@id":"https:\/\/miralles1986.com\/producto\/pantalon-stretch-sateen-ergonomic-cargo-888-c-p-company\/#primaryimage","url":"https:\/\/miralles1986.com\/wp-content\/uploads\/2025\/12\/pantalon-stretch-sateen-ergonomic-cargo-cp-company-total-eclipse.jpg","contentUrl":"https:\/\/miralles1986.com\/wp-content\/uploads\/2025\/12\/pantalon-stretch-sateen-ergonomic-cargo-cp-company-total-eclipse.jpg","width":1000,"height":1000,"caption":"Pantal\u00f3n Stretch Sateen Ergonomic Cargo Total 888 C.P. Company"},{"@type":"BreadcrumbList","@id":"https:\/\/miralles1986.com\/producto\/pantalon-stretch-sateen-ergonomic-cargo-888-c-p-company\/#breadcrumb","itemListElement":[{"@type":"ListItem","position":1,"name":"Portada","item":"https:\/\/miralles1986.com\/"},{"@type":"ListItem","position":2,"name":"Ropa de lujo para hombre | Stone Island, Y-3, C.P. Company","item":"https:\/\/miralles1986.com\/tienda\/"},{"@type":"ListItem","position":3,"name":"Pantal\u00f3n Stretch Sateen Ergonomic Cargo 888 C.P. Company"}]},{"@type":"WebSite","@id":"https:\/\/miralles1986.com\/#website","url":"https:\/\/miralles1986.com\/","name":"Miralles 1986","description":"Luxury men&#039;s fashion in Valencia","publisher":{"@id":"https:\/\/miralles1986.com\/#organization"},"potentialAction":[{"@type":"SearchAction","target":{"@type":"EntryPoint","urlTemplate":"https:\/\/miralles1986.com\/?s={search_term_string}"},"query-input":{"@type":"PropertyValueSpecification","valueRequired":true,"valueName":"search_term_string"}}],"inLanguage":"en-GB"},{"@type":"Organization","@id":"https:\/\/miralles1986.com\/#organization","name":"Miralles 1986","alternateName":"Miralles","url":"https:\/\/miralles1986.com\/","logo":{"@type":"ImageObject","inLanguage":"en-GB","@id":"https:\/\/miralles1986.com\/#\/schema\/logo\/image\/","url":"https:\/\/miralles1986.com\/wp-content\/uploads\/2024\/09\/logo-miralles-1986-pequeno-bl.png","contentUrl":"https:\/\/miralles1986.com\/wp-content\/uploads\/2024\/09\/logo-miralles-1986-pequeno-bl.png","width":201,"height":73,"caption":"Miralles 1986"},"image":{"@id":"https:\/\/miralles1986.com\/#\/schema\/logo\/image\/"},"sameAs":["https:\/\/www.facebook.com\/miralles1986","https:\/\/www.instagram.com\/miralles1986_\/"]}]}},"brands":[{"id":166,"name":"CP Company","slug":"cp-company"}],"_links":{"self":[{"href":"https:\/\/miralles1986.com\/en\/wp-json\/wp\/v2\/product\/15735","targetHints":{"allow":["GET"]}}],"collection":[{"href":"https:\/\/miralles1986.com\/en\/wp-json\/wp\/v2\/product"}],"about":[{"href":"https:\/\/miralles1986.com\/en\/wp-json\/wp\/v2\/types\/product"}],"replies":[{"embeddable":true,"href":"https:\/\/miralles1986.com\/en\/wp-json\/wp\/v2\/comments?post=15735"}],"wp:featuredmedia":[{"embeddable":true,"href":"https:\/\/miralles1986.com\/en\/wp-json\/wp\/v2\/media\/15744"}],"wp:attachment":[{"href":"https:\/\/miralles1986.com\/en\/wp-json\/wp\/v2\/media?parent=15735"}],"wp:term":[{"taxonomy":"pwb-brand","embeddable":true,"href":"https:\/\/miralles1986.com\/en\/wp-json\/wp\/v2\/pwb-brand?post=15735"},{"taxonomy":"product_brand","embeddable":true,"href":"https:\/\/miralles1986.com\/en\/wp-json\/wp\/v2\/product_brand?post=15735"},{"taxonomy":"product_cat","embeddable":true,"href":"https:\/\/miralles1986.com\/en\/wp-json\/wp\/v2\/product_cat?post=15735"},{"taxonomy":"product_tag","embeddable":true,"href":"https:\/\/miralles1986.com\/en\/wp-json\/wp\/v2\/product_tag?post=15735"}],"curies":[{"name":"wp","href":"https:\/\/api.w.org\/{rel}","templated":true}]}}