{"id":15760,"date":"2025-12-11T20:29:47","date_gmt":"2025-12-11T19:29:47","guid":{"rendered":"https:\/\/miralles1986.com\/?post_type=product&#038;p=15760"},"modified":"2025-12-21T21:04:33","modified_gmt":"2025-12-21T20:04:33","slug":"sudadera-diagonal-raised-fleece-hooded-lens-cp-company","status":"publish","type":"product","link":"https:\/\/miralles1986.com\/en\/producto\/sudadera-diagonal-raised-fleece-hooded-lens-cp-company\/","title":{"rendered":"Diagonal Raised Fleece Hooded Lens Sweatshirt CP Company"},"content":{"rendered":"<p>The <strong><a href=\"https:\/\/miralles1986.com\/en\/product-category\/clothes\/sweatshirts\/\">hoodie<\/a> <\/strong>Diagonal Raised Fleece Hooded Lens <a href=\"https:\/\/miralles1986.com\/en\/brand\/cp-company\/\"><strong>CP Company<\/strong><\/a> It&#039;s one of the brand&#039;s most iconic sweatshirts, designed to offer warmth, comfort, and a premium urban aesthetic. Made from the brand&#039;s signature fabric. <strong data-start=\"777\" data-end=\"803\">Diagonal Raised Fleece<\/strong>, A medium-weight cotton with a soft, brushed interior provides a comfortable feel and a durable structure ideal for everyday wear.<\/p>\n<p data-start=\"951\" data-end=\"1246\">The design includes <strong data-start=\"969\" data-end=\"990\">adjustable hood<\/strong>, a wide <strong data-start=\"1002\" data-end=\"1022\">kangaroo pocket<\/strong> y <strong data-start=\"1025\" data-end=\"1052\">ribbed cuffs and hem<\/strong> that improve fit and durability. The iconic <strong data-start=\"1104\" data-end=\"1119\">Lens Detail<\/strong> Located on the sleeve, it provides the distinctive CP Company signature, blending functionality with a contemporary technical style.<\/p>\n<p data-start=\"1248\" data-end=\"1466\">His <strong data-start=\"1251\" data-end=\"1269\">regular fit<\/strong> It allows for great freedom of movement and makes it perfect for pairing with joggers, technical trousers, or denim. It&#039;s a versatile, practical garment designed for intensive use year-round.<\/p>\n<p data-start=\"1468\" data-end=\"1595\">Ideal for those looking for a premium sweatshirt with its own identity and a perfect balance between design, comfort and quality.<\/p>\n<h3 data-start=\"1602\" data-end=\"1636\"><strong data-start=\"1606\" data-end=\"1636\">Characteristics:<\/strong><\/h3>\n<ul data-start=\"1637\" data-end=\"2032\">\n<li data-start=\"1637\" data-end=\"1719\">\n<p data-start=\"1639\" data-end=\"1719\">\u2713 Fabric <strong data-start=\"1648\" data-end=\"1674\">Diagonal Raised Fleece<\/strong>: structured cotton, warm and durable<\/p>\n<\/li>\n<li data-start=\"1720\" data-end=\"1758\">\n<p data-start=\"1722\" data-end=\"1758\">\u2713 <strong data-start=\"1724\" data-end=\"1745\">Adjustable hood<\/strong> with cord<\/p>\n<\/li>\n<li data-start=\"1759\" data-end=\"1793\">\n<p data-start=\"1761\" data-end=\"1793\">\u2713 <strong data-start=\"1763\" data-end=\"1783\">Kangaroo pocket<\/strong> frontal<\/p>\n<\/li>\n<li data-start=\"1794\" data-end=\"1858\">\n<p data-start=\"1796\" data-end=\"1858\">\u2713 <strong data-start=\"1798\" data-end=\"1813\">Lens Detail<\/strong> On the sleeve, the iconic CP Company logo<\/p>\n<\/li>\n<li data-start=\"1859\" data-end=\"1910\">\n<p data-start=\"1861\" data-end=\"1910\">\u2713 <strong data-start=\"1863\" data-end=\"1890\">Ribbed cuffs and hem<\/strong> for a better fit<\/p>\n<\/li>\n<li data-start=\"1911\" data-end=\"1954\">\n<p data-start=\"1913\" data-end=\"1954\">\u2713 <strong data-start=\"1915\" data-end=\"1933\">Regular fit<\/strong>, comfortable and versatile<\/p>\n<\/li>\n<li data-start=\"1955\" data-end=\"1985\">\n<p data-start=\"1957\" data-end=\"1985\">\u2713 Smooth and durable finish<\/p>\n<\/li>\n<li data-start=\"1986\" data-end=\"2032\">\n<p data-start=\"1988\" data-end=\"2032\">\u2713 Perfect for everyday use and urban looks<\/p>\n<\/li>\n<li data-start=\"1986\" data-end=\"2032\">\u2713 Color 114 FROZEN DEW (LIGHT BEIGE)<\/li>\n<\/ul>\n<p><strong>The <a href=\"https:\/\/miralles1986.com\/en\/product-category\/clothes\/sweatshirts\/\">hoodie<\/a> Diagonal Raised Fleece Hooded Lens <a href=\"https:\/\/miralles1986.com\/en\/brand\/cp-company\/\">CP Company,<\/a> It is available at Miralles 1986 as part of the campaign <a href=\"https:\/\/miralles1986.com\/en\/c-p-company-otono-invierno-2025\/\">CP. Company Fall Winter 2025<\/a>.<\/strong><\/p>","protected":false},"excerpt":{"rendered":"<p data-start=\"314\" data-end=\"498\">CP Company sweatshirt in Diagonal Raised Fleece fabric with an adjustable hood, kangaroo pocket, and the iconic Lens Detail on the sleeve. Regular fit and soft finish for maximum comfort.<\/p>","protected":false},"featured_media":15770,"comment_status":"closed","ping_status":"closed","template":"","meta":[],"pwb-brand":[166],"product_brand":[818],"product_cat":[168,238],"product_tag":[546,1004,239],"class_list":{"0":"post-15760","1":"product","2":"type-product","3":"status-publish","4":"has-post-thumbnail","6":"pwb-brand-cp-company","7":"product_brand-tienda-miralles","8":"product_cat-ropa","9":"product_cat-sudaderas","10":"product_tag-cp-company","11":"product_tag-c-p-company-aw-2025","12":"product_tag-sudadera","13":"pa_color-114-frozen-dew","14":"pa_composicion-algodon","15":"pa_tamano-l","16":"pa_tamano-m","17":"pa_tamano-s","18":"pa_tamano-xl","19":"pa_tamano-xs","20":"pa_tamano-xxl","22":"first","23":"instock","24":"featured","25":"sold-individually","26":"taxable","27":"shipping-taxable","28":"purchasable","29":"product-type-variable"},"supplier_id":null,"supplier_sku":"","barcode":null,"atum_controlled":true,"out_stock_date":null,"out_stock_threshold":null,"inheritable":true,"inbound_stock":0,"stock_on_hold":0,"sold_today":null,"sales_last_days":null,"reserved_stock":0,"customer_returns":null,"warehouse_damage":null,"lost_in_post":null,"other_logs":null,"out_stock_days":null,"lost_sales":null,"has_location":false,"update_date":"2026-04-16T15:28:46","atum_locations":[],"atum_stock_status":"instock","restock_status":false,"low_stock_amount":"","sales_update_date":"2026-04-16T15:28:46","calc_backorders":null,"yoast_head":"<!-- This site is optimized with the Yoast SEO plugin v27.5 - https:\/\/yoast.com\/product\/yoast-seo-wordpress\/ -->\n<title>Sudadera Diagonal Raised Fleece Hooded Lens C.P. Company - Miralles 1986<\/title>\n<meta name=\"description\" content=\"La sudadera Diagonal Raised Fleece Hooded Lens C.P. Company es una de las sudaderas m\u00e1s emblem\u00e1ticas de la marca, dise\u00f1ada para ofrecer calidez y comodidad.\" \/>\n<meta name=\"robots\" content=\"index, follow, max-snippet:-1, max-image-preview:large, max-video-preview:-1\" \/>\n<link rel=\"canonical\" href=\"https:\/\/miralles1986.com\/en\/product\/sudadera-diagonal-raised-fleece-hooded-lens-cp-company\/\" \/>\n<meta property=\"og:locale\" content=\"en_GB\" \/>\n<meta property=\"og:type\" content=\"article\" \/>\n<meta property=\"og:title\" content=\"Sudadera Diagonal Raised Fleece Hooded Lens C.P. Company - Miralles 1986\" \/>\n<meta property=\"og:description\" content=\"La sudadera Diagonal Raised Fleece Hooded Lens C.P. Company es una de las sudaderas m\u00e1s emblem\u00e1ticas de la marca, dise\u00f1ada para ofrecer calidez y comodidad.\" \/>\n<meta property=\"og:url\" content=\"https:\/\/miralles1986.com\/en\/product\/sudadera-diagonal-raised-fleece-hooded-lens-cp-company\/\" \/>\n<meta property=\"og:site_name\" content=\"Miralles 1986\" \/>\n<meta property=\"article:publisher\" content=\"https:\/\/www.facebook.com\/miralles1986\" \/>\n<meta property=\"article:modified_time\" content=\"2025-12-21T20:04:33+00:00\" \/>\n<meta property=\"og:image\" content=\"https:\/\/miralles1986.com\/wp-content\/uploads\/2025\/12\/Sudadera-Diagonal-Raised-Fleece-Hooded-Lens-C.P.-company.jpg\" \/>\n\t<meta property=\"og:image:width\" content=\"1000\" \/>\n\t<meta property=\"og:image:height\" content=\"1000\" \/>\n\t<meta property=\"og:image:type\" content=\"image\/jpeg\" \/>\n<meta name=\"twitter:card\" content=\"summary_large_image\" \/>\n<meta name=\"twitter:label1\" content=\"Estimated reading time\" \/>\n\t<meta name=\"twitter:data1\" content=\"2 minutes\" \/>\n<script type=\"application\/ld+json\" class=\"yoast-schema-graph\">{\"@context\":\"https:\\\/\\\/schema.org\",\"@graph\":[{\"@type\":\"WebPage\",\"@id\":\"https:\\\/\\\/miralles1986.com\\\/producto\\\/sudadera-diagonal-raised-fleece-hooded-lens-cp-company\\\/\",\"url\":\"https:\\\/\\\/miralles1986.com\\\/producto\\\/sudadera-diagonal-raised-fleece-hooded-lens-cp-company\\\/\",\"name\":\"Sudadera Diagonal Raised Fleece Hooded Lens C.P. Company - Miralles 1986\",\"isPartOf\":{\"@id\":\"https:\\\/\\\/miralles1986.com\\\/#website\"},\"primaryImageOfPage\":{\"@id\":\"https:\\\/\\\/miralles1986.com\\\/producto\\\/sudadera-diagonal-raised-fleece-hooded-lens-cp-company\\\/#primaryimage\"},\"image\":{\"@id\":\"https:\\\/\\\/miralles1986.com\\\/producto\\\/sudadera-diagonal-raised-fleece-hooded-lens-cp-company\\\/#primaryimage\"},\"thumbnailUrl\":\"https:\\\/\\\/miralles1986.com\\\/wp-content\\\/uploads\\\/2025\\\/12\\\/Sudadera-Diagonal-Raised-Fleece-Hooded-Lens-C.P.-company.jpg\",\"datePublished\":\"2025-12-11T19:29:47+00:00\",\"dateModified\":\"2025-12-21T20:04:33+00:00\",\"description\":\"La sudadera Diagonal Raised Fleece Hooded Lens C.P. Company es una de las sudaderas m\u00e1s emblem\u00e1ticas de la marca, dise\u00f1ada para ofrecer calidez y comodidad.\",\"breadcrumb\":{\"@id\":\"https:\\\/\\\/miralles1986.com\\\/producto\\\/sudadera-diagonal-raised-fleece-hooded-lens-cp-company\\\/#breadcrumb\"},\"inLanguage\":\"en-GB\",\"potentialAction\":[{\"@type\":\"ReadAction\",\"target\":[\"https:\\\/\\\/miralles1986.com\\\/producto\\\/sudadera-diagonal-raised-fleece-hooded-lens-cp-company\\\/\"]}]},{\"@type\":\"ImageObject\",\"inLanguage\":\"en-GB\",\"@id\":\"https:\\\/\\\/miralles1986.com\\\/producto\\\/sudadera-diagonal-raised-fleece-hooded-lens-cp-company\\\/#primaryimage\",\"url\":\"https:\\\/\\\/miralles1986.com\\\/wp-content\\\/uploads\\\/2025\\\/12\\\/Sudadera-Diagonal-Raised-Fleece-Hooded-Lens-C.P.-company.jpg\",\"contentUrl\":\"https:\\\/\\\/miralles1986.com\\\/wp-content\\\/uploads\\\/2025\\\/12\\\/Sudadera-Diagonal-Raised-Fleece-Hooded-Lens-C.P.-company.jpg\",\"width\":1000,\"height\":1000,\"caption\":\"Sudadera Diagonal Raised Fleece Hooded Lens C.P. Company\"},{\"@type\":\"BreadcrumbList\",\"@id\":\"https:\\\/\\\/miralles1986.com\\\/producto\\\/sudadera-diagonal-raised-fleece-hooded-lens-cp-company\\\/#breadcrumb\",\"itemListElement\":[{\"@type\":\"ListItem\",\"position\":1,\"name\":\"Portada\",\"item\":\"https:\\\/\\\/miralles1986.com\\\/\"},{\"@type\":\"ListItem\",\"position\":2,\"name\":\"Ropa de lujo para hombre | Stone Island, Y-3, C.P. Company\",\"item\":\"https:\\\/\\\/miralles1986.com\\\/tienda\\\/\"},{\"@type\":\"ListItem\",\"position\":3,\"name\":\"Sudadera Diagonal Raised Fleece Hooded Lens C.P. Company\"}]},{\"@type\":\"WebSite\",\"@id\":\"https:\\\/\\\/miralles1986.com\\\/#website\",\"url\":\"https:\\\/\\\/miralles1986.com\\\/\",\"name\":\"Miralles 1986\",\"description\":\"Moda masculina de lujo en Valencia\",\"publisher\":{\"@id\":\"https:\\\/\\\/miralles1986.com\\\/#organization\"},\"potentialAction\":[{\"@type\":\"SearchAction\",\"target\":{\"@type\":\"EntryPoint\",\"urlTemplate\":\"https:\\\/\\\/miralles1986.com\\\/?s={search_term_string}\"},\"query-input\":{\"@type\":\"PropertyValueSpecification\",\"valueRequired\":true,\"valueName\":\"search_term_string\"}}],\"inLanguage\":\"en-GB\"},{\"@type\":\"Organization\",\"@id\":\"https:\\\/\\\/miralles1986.com\\\/#organization\",\"name\":\"Miralles 1986\",\"alternateName\":\"Miralles\",\"url\":\"https:\\\/\\\/miralles1986.com\\\/\",\"logo\":{\"@type\":\"ImageObject\",\"inLanguage\":\"en-GB\",\"@id\":\"https:\\\/\\\/miralles1986.com\\\/#\\\/schema\\\/logo\\\/image\\\/\",\"url\":\"https:\\\/\\\/miralles1986.com\\\/wp-content\\\/uploads\\\/2024\\\/09\\\/logo-miralles-1986-pequeno-bl.png\",\"contentUrl\":\"https:\\\/\\\/miralles1986.com\\\/wp-content\\\/uploads\\\/2024\\\/09\\\/logo-miralles-1986-pequeno-bl.png\",\"width\":201,\"height\":73,\"caption\":\"Miralles 1986\"},\"image\":{\"@id\":\"https:\\\/\\\/miralles1986.com\\\/#\\\/schema\\\/logo\\\/image\\\/\"},\"sameAs\":[\"https:\\\/\\\/www.facebook.com\\\/miralles1986\",\"https:\\\/\\\/www.instagram.com\\\/miralles1986_\\\/\"]}]}<\/script>\n<!-- \/ Yoast SEO plugin. -->","yoast_head_json":{"title":"CP Company Diagonal Raised Fleece Hooded Lens Sweatshirt - Miralles 1986","description":"The Diagonal Raised Fleece Hooded Lens CP Company sweatshirt is one of the brand&#039;s most iconic sweatshirts, designed to offer warmth and comfort.","robots":{"index":"index","follow":"follow","max-snippet":"max-snippet:-1","max-image-preview":"max-image-preview:large","max-video-preview":"max-video-preview:-1"},"canonical":"https:\/\/miralles1986.com\/en\/product\/sudadera-diagonal-raised-fleece-hooded-lens-cp-company\/","og_locale":"en_GB","og_type":"article","og_title":"Sudadera Diagonal Raised Fleece Hooded Lens C.P. Company - Miralles 1986","og_description":"La sudadera Diagonal Raised Fleece Hooded Lens C.P. Company es una de las sudaderas m\u00e1s emblem\u00e1ticas de la marca, dise\u00f1ada para ofrecer calidez y comodidad.","og_url":"https:\/\/miralles1986.com\/en\/product\/sudadera-diagonal-raised-fleece-hooded-lens-cp-company\/","og_site_name":"Miralles 1986","article_publisher":"https:\/\/www.facebook.com\/miralles1986","article_modified_time":"2025-12-21T20:04:33+00:00","og_image":[{"width":1000,"height":1000,"url":"https:\/\/miralles1986.com\/wp-content\/uploads\/2025\/12\/Sudadera-Diagonal-Raised-Fleece-Hooded-Lens-C.P.-company.jpg","type":"image\/jpeg"}],"twitter_card":"summary_large_image","twitter_misc":{"Estimated reading time":"2 minutes"},"schema":{"@context":"https:\/\/schema.org","@graph":[{"@type":"WebPage","@id":"https:\/\/miralles1986.com\/producto\/sudadera-diagonal-raised-fleece-hooded-lens-cp-company\/","url":"https:\/\/miralles1986.com\/producto\/sudadera-diagonal-raised-fleece-hooded-lens-cp-company\/","name":"CP Company Diagonal Raised Fleece Hooded Lens Sweatshirt - Miralles 1986","isPartOf":{"@id":"https:\/\/miralles1986.com\/#website"},"primaryImageOfPage":{"@id":"https:\/\/miralles1986.com\/producto\/sudadera-diagonal-raised-fleece-hooded-lens-cp-company\/#primaryimage"},"image":{"@id":"https:\/\/miralles1986.com\/producto\/sudadera-diagonal-raised-fleece-hooded-lens-cp-company\/#primaryimage"},"thumbnailUrl":"https:\/\/miralles1986.com\/wp-content\/uploads\/2025\/12\/Sudadera-Diagonal-Raised-Fleece-Hooded-Lens-C.P.-company.jpg","datePublished":"2025-12-11T19:29:47+00:00","dateModified":"2025-12-21T20:04:33+00:00","description":"The Diagonal Raised Fleece Hooded Lens CP Company sweatshirt is one of the brand&#039;s most iconic sweatshirts, designed to offer warmth and comfort.","breadcrumb":{"@id":"https:\/\/miralles1986.com\/producto\/sudadera-diagonal-raised-fleece-hooded-lens-cp-company\/#breadcrumb"},"inLanguage":"en-GB","potentialAction":[{"@type":"ReadAction","target":["https:\/\/miralles1986.com\/producto\/sudadera-diagonal-raised-fleece-hooded-lens-cp-company\/"]}]},{"@type":"ImageObject","inLanguage":"en-GB","@id":"https:\/\/miralles1986.com\/producto\/sudadera-diagonal-raised-fleece-hooded-lens-cp-company\/#primaryimage","url":"https:\/\/miralles1986.com\/wp-content\/uploads\/2025\/12\/Sudadera-Diagonal-Raised-Fleece-Hooded-Lens-C.P.-company.jpg","contentUrl":"https:\/\/miralles1986.com\/wp-content\/uploads\/2025\/12\/Sudadera-Diagonal-Raised-Fleece-Hooded-Lens-C.P.-company.jpg","width":1000,"height":1000,"caption":"Sudadera Diagonal Raised Fleece Hooded Lens C.P. Company"},{"@type":"BreadcrumbList","@id":"https:\/\/miralles1986.com\/producto\/sudadera-diagonal-raised-fleece-hooded-lens-cp-company\/#breadcrumb","itemListElement":[{"@type":"ListItem","position":1,"name":"Portada","item":"https:\/\/miralles1986.com\/"},{"@type":"ListItem","position":2,"name":"Ropa de lujo para hombre | Stone Island, Y-3, C.P. Company","item":"https:\/\/miralles1986.com\/tienda\/"},{"@type":"ListItem","position":3,"name":"Sudadera Diagonal Raised Fleece Hooded Lens C.P. Company"}]},{"@type":"WebSite","@id":"https:\/\/miralles1986.com\/#website","url":"https:\/\/miralles1986.com\/","name":"Miralles 1986","description":"Luxury men&#039;s fashion in Valencia","publisher":{"@id":"https:\/\/miralles1986.com\/#organization"},"potentialAction":[{"@type":"SearchAction","target":{"@type":"EntryPoint","urlTemplate":"https:\/\/miralles1986.com\/?s={search_term_string}"},"query-input":{"@type":"PropertyValueSpecification","valueRequired":true,"valueName":"search_term_string"}}],"inLanguage":"en-GB"},{"@type":"Organization","@id":"https:\/\/miralles1986.com\/#organization","name":"Miralles 1986","alternateName":"Miralles","url":"https:\/\/miralles1986.com\/","logo":{"@type":"ImageObject","inLanguage":"en-GB","@id":"https:\/\/miralles1986.com\/#\/schema\/logo\/image\/","url":"https:\/\/miralles1986.com\/wp-content\/uploads\/2024\/09\/logo-miralles-1986-pequeno-bl.png","contentUrl":"https:\/\/miralles1986.com\/wp-content\/uploads\/2024\/09\/logo-miralles-1986-pequeno-bl.png","width":201,"height":73,"caption":"Miralles 1986"},"image":{"@id":"https:\/\/miralles1986.com\/#\/schema\/logo\/image\/"},"sameAs":["https:\/\/www.facebook.com\/miralles1986","https:\/\/www.instagram.com\/miralles1986_\/"]}]}},"brands":[{"id":166,"name":"CP Company","slug":"cp-company"}],"_links":{"self":[{"href":"https:\/\/miralles1986.com\/en\/wp-json\/wp\/v2\/product\/15760","targetHints":{"allow":["GET"]}}],"collection":[{"href":"https:\/\/miralles1986.com\/en\/wp-json\/wp\/v2\/product"}],"about":[{"href":"https:\/\/miralles1986.com\/en\/wp-json\/wp\/v2\/types\/product"}],"replies":[{"embeddable":true,"href":"https:\/\/miralles1986.com\/en\/wp-json\/wp\/v2\/comments?post=15760"}],"wp:featuredmedia":[{"embeddable":true,"href":"https:\/\/miralles1986.com\/en\/wp-json\/wp\/v2\/media\/15770"}],"wp:attachment":[{"href":"https:\/\/miralles1986.com\/en\/wp-json\/wp\/v2\/media?parent=15760"}],"wp:term":[{"taxonomy":"pwb-brand","embeddable":true,"href":"https:\/\/miralles1986.com\/en\/wp-json\/wp\/v2\/pwb-brand?post=15760"},{"taxonomy":"product_brand","embeddable":true,"href":"https:\/\/miralles1986.com\/en\/wp-json\/wp\/v2\/product_brand?post=15760"},{"taxonomy":"product_cat","embeddable":true,"href":"https:\/\/miralles1986.com\/en\/wp-json\/wp\/v2\/product_cat?post=15760"},{"taxonomy":"product_tag","embeddable":true,"href":"https:\/\/miralles1986.com\/en\/wp-json\/wp\/v2\/product_tag?post=15760"}],"curies":[{"name":"wp","href":"https:\/\/api.w.org\/{rel}","templated":true}]}}