{"id":15782,"date":"2025-12-12T18:04:06","date_gmt":"2025-12-12T17:04:06","guid":{"rendered":"https:\/\/miralles1986.com\/?post_type=product&#038;p=15782"},"modified":"2026-02-12T17:52:07","modified_gmt":"2026-02-12T16:52:07","slug":"pantalon-sport-diagonal-raised-fleece-cargo-lens-cp-company","status":"publish","type":"product","link":"https:\/\/miralles1986.com\/en\/producto\/pantalon-sport-diagonal-raised-fleece-cargo-lens-cp-company\/","title":{"rendered":"Diagonal Raised Fleece Cargo Lens Sport Pants CP Company"},"content":{"rendered":"<p data-start=\"570\" data-end=\"852\">He <strong data-start=\"573\" data-end=\"632\"><a href=\"https:\/\/miralles1986.com\/en\/product-category\/clothes\/pants\/miralles-sport-trousers-1986\/\">Pants<\/a> sport Diagonal Raised Fleece Cargo Lens <a href=\"https:\/\/miralles1986.com\/en\/brand\/cp-company\/\">CP Company<\/a> <\/strong>They combine technical comfort and utilitarian aesthetics in a garment designed for everyday use. They are made of <strong data-start=\"666\" data-end=\"721\">medium-weight cotton fleece with diagonal embossing<\/strong>, A soft brushed fabric that guarantees comfort, breathability and freedom of movement.<\/p>\n<p data-start=\"818\" data-end=\"1174\">The design incorporates <strong data-start=\"838\" data-end=\"870\">Adjustable waist with drawstring<\/strong>, Concealed button closure and functional side pockets. Highlights include: <strong data-start=\"944\" data-end=\"992\">cargo pocket with flap and snap closure<\/strong>, finished with the <strong data-start=\"1010\" data-end=\"1047\">CP Company&#039;s iconic lens<\/strong>, which provides the brand&#039;s distinctive touch. The back includes an additional open pocket for added convenience.<\/p>\n<p data-start=\"1176\" data-end=\"1439\">The <strong data-start=\"1180\" data-end=\"1211\">Adjustable hems with drawstring<\/strong> allow for customization of the fit, while the <strong data-start=\"1261\" data-end=\"1278\">regular cut<\/strong> It offers a balanced and versatile silhouette. A garment that reflects CP Company&#039;s technical DNA, ideal for urban, casual, or sporty looks.<\/p>\n<h3 data-start=\"1446\" data-end=\"1479\"><strong data-start=\"1449\" data-end=\"1479\">Characteristics:<\/strong><\/h3>\n<ul data-start=\"1480\" data-end=\"1784\">\n<li data-start=\"1480\" data-end=\"1538\">\n<p data-start=\"1482\" data-end=\"1538\">Tissue <strong data-start=\"1489\" data-end=\"1515\">Diagonal Raised Fleece<\/strong> brushed cotton<\/p>\n<\/li>\n<li data-start=\"1539\" data-end=\"1575\">\n<p data-start=\"1541\" data-end=\"1575\">Waist with <strong data-start=\"1553\" data-end=\"1573\">adjustable cord<\/strong><\/p>\n<\/li>\n<li data-start=\"1576\" data-end=\"1608\">\n<p data-start=\"1578\" data-end=\"1608\"><strong data-start=\"1578\" data-end=\"1606\">Hidden button closure<\/strong><\/p>\n<\/li>\n<li data-start=\"1609\" data-end=\"1632\">\n<p data-start=\"1611\" data-end=\"1632\">Side pockets<\/p>\n<\/li>\n<li data-start=\"1633\" data-end=\"1699\">\n<p data-start=\"1635\" data-end=\"1699\">Cargo pocket with flap, snap closure and <strong data-start=\"1681\" data-end=\"1697\">Lens detail<\/strong><\/p>\n<\/li>\n<li data-start=\"1700\" data-end=\"1728\">\n<p data-start=\"1702\" data-end=\"1728\">Open back pocket<\/p>\n<\/li>\n<li data-start=\"1729\" data-end=\"1764\">\n<p data-start=\"1731\" data-end=\"1764\"><strong data-start=\"1731\" data-end=\"1762\">Adjustable hems with drawstring<\/strong><\/p>\n<\/li>\n<li data-start=\"1765\" data-end=\"1784\">\n<p data-start=\"1767\" data-end=\"1784\"><strong data-start=\"1767\" data-end=\"1784\">Regular cut<\/strong><\/p>\n<\/li>\n<li data-start=\"1765\" data-end=\"1784\">Color Frozen Dew 114 Light Beige<\/li>\n<\/ul>\n<p data-start=\"1214\" data-end=\"1513\">He <strong data-start=\"573\" data-end=\"632\"><a href=\"https:\/\/miralles1986.com\/en\/product-category\/clothes\/pants\/miralles-sport-trousers-1986\/\">Pants<\/a> sport Diagonal Raised Fleece Cargo Lens <a href=\"https:\/\/miralles1986.com\/en\/brand\/cp-company\/\">CP Company,<\/a> is available in <a href=\"https:\/\/miralles1986.com\/en\/\">Miralles 1986<\/a> within the campaign <a href=\"https:\/\/miralles1986.com\/en\/c-p-company-otono-invierno-2025\/\">CP. Company Fall Winter 2025<\/a>.<\/strong><\/p>","protected":false},"excerpt":{"rendered":"<p data-start=\"307\" data-end=\"528\">CP Company cargo pants made from soft-touch stretch cotton. Ergonomic design with cargo pockets, button and zip fastening, and the brand&#039;s iconic tab. Garment-dyed for a unique finish.<\/p>","protected":false},"featured_media":17055,"comment_status":"closed","ping_status":"closed","template":"","meta":[],"pwb-brand":[166],"product_brand":[818],"product_cat":[226,227,168],"product_tag":[546,1004,501],"class_list":{"0":"post-15782","1":"product","2":"type-product","3":"status-publish","4":"has-post-thumbnail","6":"pwb-brand-cp-company","7":"product_brand-tienda-miralles","8":"product_cat-pantalones","9":"product_cat-pantalones-sport-miralles-1986","10":"product_cat-ropa","11":"product_tag-cp-company","12":"product_tag-c-p-company-aw-2025","13":"product_tag-pantalones-cargo","14":"pa_color-114-frozen-dew","15":"pa_composicion-algodon","16":"pa_tamano-l","17":"pa_tamano-m","18":"pa_tamano-s","19":"pa_tamano-xl","20":"pa_tamano-xs","21":"pa_tamano-xxl","23":"first","24":"instock","25":"featured","26":"sold-individually","27":"taxable","28":"shipping-taxable","29":"purchasable","30":"product-type-variable"},"supplier_id":null,"supplier_sku":"","barcode":null,"atum_controlled":true,"out_stock_date":null,"out_stock_threshold":null,"inheritable":true,"inbound_stock":0,"stock_on_hold":0,"sold_today":null,"sales_last_days":null,"reserved_stock":0,"customer_returns":null,"warehouse_damage":null,"lost_in_post":null,"other_logs":null,"out_stock_days":null,"lost_sales":null,"has_location":false,"update_date":"2026-04-21T18:06:15","atum_locations":[],"atum_stock_status":"instock","restock_status":false,"low_stock_amount":"","sales_update_date":"2026-04-21T18:06:15","calc_backorders":null,"yoast_head":"<!-- This site is optimized with the Yoast SEO plugin v27.5 - https:\/\/yoast.com\/product\/yoast-seo-wordpress\/ -->\n<title>Pantal\u00f3n sport Diagonal Raised Fleece Cargo Lens C.P. Company - Miralles 1986<\/title>\n<meta name=\"description\" content=\"El Pantal\u00f3n sport Diagonal Raised Fleece Cargo Lens de C.P. Company combinan confort t\u00e9cnico y est\u00e9tica utilitaria en una prenda pensada para el uso diario.\" \/>\n<meta name=\"robots\" content=\"index, follow, max-snippet:-1, max-image-preview:large, max-video-preview:-1\" \/>\n<link rel=\"canonical\" href=\"https:\/\/miralles1986.com\/en\/product\/pantalon-sport-diagonal-raised-fleece-cargo-lens-cp-company\/\" \/>\n<meta property=\"og:locale\" content=\"en_GB\" \/>\n<meta property=\"og:type\" content=\"article\" \/>\n<meta property=\"og:title\" content=\"Pantal\u00f3n sport Diagonal Raised Fleece Cargo Lens C.P. Company - Miralles 1986\" \/>\n<meta property=\"og:description\" content=\"El Pantal\u00f3n sport Diagonal Raised Fleece Cargo Lens de C.P. Company combinan confort t\u00e9cnico y est\u00e9tica utilitaria en una prenda pensada para el uso diario.\" \/>\n<meta property=\"og:url\" content=\"https:\/\/miralles1986.com\/en\/product\/pantalon-sport-diagonal-raised-fleece-cargo-lens-cp-company\/\" \/>\n<meta property=\"og:site_name\" content=\"Miralles 1986\" \/>\n<meta property=\"article:publisher\" content=\"https:\/\/www.facebook.com\/miralles1986\" \/>\n<meta property=\"article:modified_time\" content=\"2026-02-12T16:52:07+00:00\" \/>\n<meta property=\"og:image\" content=\"https:\/\/miralles1986.com\/wp-content\/uploads\/2025\/12\/20CMSP717A005086W114_PE_26-cp_company-20CMSP717A005086W114-2.jpg\" \/>\n\t<meta property=\"og:image:width\" content=\"1000\" \/>\n\t<meta property=\"og:image:height\" content=\"1000\" \/>\n\t<meta property=\"og:image:type\" content=\"image\/jpeg\" \/>\n<meta name=\"twitter:card\" content=\"summary_large_image\" \/>\n<meta name=\"twitter:label1\" content=\"Estimated reading time\" \/>\n\t<meta name=\"twitter:data1\" content=\"2 minutes\" \/>\n<script type=\"application\/ld+json\" class=\"yoast-schema-graph\">{\"@context\":\"https:\\\/\\\/schema.org\",\"@graph\":[{\"@type\":\"WebPage\",\"@id\":\"https:\\\/\\\/miralles1986.com\\\/producto\\\/pantalon-sport-diagonal-raised-fleece-cargo-lens-cp-company\\\/\",\"url\":\"https:\\\/\\\/miralles1986.com\\\/producto\\\/pantalon-sport-diagonal-raised-fleece-cargo-lens-cp-company\\\/\",\"name\":\"Pantal\u00f3n sport Diagonal Raised Fleece Cargo Lens C.P. Company - Miralles 1986\",\"isPartOf\":{\"@id\":\"https:\\\/\\\/miralles1986.com\\\/#website\"},\"primaryImageOfPage\":{\"@id\":\"https:\\\/\\\/miralles1986.com\\\/producto\\\/pantalon-sport-diagonal-raised-fleece-cargo-lens-cp-company\\\/#primaryimage\"},\"image\":{\"@id\":\"https:\\\/\\\/miralles1986.com\\\/producto\\\/pantalon-sport-diagonal-raised-fleece-cargo-lens-cp-company\\\/#primaryimage\"},\"thumbnailUrl\":\"https:\\\/\\\/miralles1986.com\\\/wp-content\\\/uploads\\\/2025\\\/12\\\/20CMSP717A005086W114_PE_26-cp_company-20CMSP717A005086W114-2.jpg\",\"datePublished\":\"2025-12-12T17:04:06+00:00\",\"dateModified\":\"2026-02-12T16:52:07+00:00\",\"description\":\"El Pantal\u00f3n sport Diagonal Raised Fleece Cargo Lens de C.P. Company combinan confort t\u00e9cnico y est\u00e9tica utilitaria en una prenda pensada para el uso diario.\",\"breadcrumb\":{\"@id\":\"https:\\\/\\\/miralles1986.com\\\/producto\\\/pantalon-sport-diagonal-raised-fleece-cargo-lens-cp-company\\\/#breadcrumb\"},\"inLanguage\":\"en-GB\",\"potentialAction\":[{\"@type\":\"ReadAction\",\"target\":[\"https:\\\/\\\/miralles1986.com\\\/producto\\\/pantalon-sport-diagonal-raised-fleece-cargo-lens-cp-company\\\/\"]}]},{\"@type\":\"ImageObject\",\"inLanguage\":\"en-GB\",\"@id\":\"https:\\\/\\\/miralles1986.com\\\/producto\\\/pantalon-sport-diagonal-raised-fleece-cargo-lens-cp-company\\\/#primaryimage\",\"url\":\"https:\\\/\\\/miralles1986.com\\\/wp-content\\\/uploads\\\/2025\\\/12\\\/20CMSP717A005086W114_PE_26-cp_company-20CMSP717A005086W114-2.jpg\",\"contentUrl\":\"https:\\\/\\\/miralles1986.com\\\/wp-content\\\/uploads\\\/2025\\\/12\\\/20CMSP717A005086W114_PE_26-cp_company-20CMSP717A005086W114-2.jpg\",\"width\":1000,\"height\":1000,\"caption\":\"Pantal\u00f3n sport Diagonal Raised Fleece Cargo Lens C.P. Company\"},{\"@type\":\"BreadcrumbList\",\"@id\":\"https:\\\/\\\/miralles1986.com\\\/producto\\\/pantalon-sport-diagonal-raised-fleece-cargo-lens-cp-company\\\/#breadcrumb\",\"itemListElement\":[{\"@type\":\"ListItem\",\"position\":1,\"name\":\"Portada\",\"item\":\"https:\\\/\\\/miralles1986.com\\\/\"},{\"@type\":\"ListItem\",\"position\":2,\"name\":\"Ropa de lujo para hombre | Stone Island, Y-3, C.P. Company\",\"item\":\"https:\\\/\\\/miralles1986.com\\\/tienda\\\/\"},{\"@type\":\"ListItem\",\"position\":3,\"name\":\"Pantal\u00f3n sport Diagonal Raised Fleece Cargo Lens C.P. Company\"}]},{\"@type\":\"WebSite\",\"@id\":\"https:\\\/\\\/miralles1986.com\\\/#website\",\"url\":\"https:\\\/\\\/miralles1986.com\\\/\",\"name\":\"Miralles 1986\",\"description\":\"Moda masculina de lujo en Valencia\",\"publisher\":{\"@id\":\"https:\\\/\\\/miralles1986.com\\\/#organization\"},\"potentialAction\":[{\"@type\":\"SearchAction\",\"target\":{\"@type\":\"EntryPoint\",\"urlTemplate\":\"https:\\\/\\\/miralles1986.com\\\/?s={search_term_string}\"},\"query-input\":{\"@type\":\"PropertyValueSpecification\",\"valueRequired\":true,\"valueName\":\"search_term_string\"}}],\"inLanguage\":\"en-GB\"},{\"@type\":\"Organization\",\"@id\":\"https:\\\/\\\/miralles1986.com\\\/#organization\",\"name\":\"Miralles 1986\",\"alternateName\":\"Miralles\",\"url\":\"https:\\\/\\\/miralles1986.com\\\/\",\"logo\":{\"@type\":\"ImageObject\",\"inLanguage\":\"en-GB\",\"@id\":\"https:\\\/\\\/miralles1986.com\\\/#\\\/schema\\\/logo\\\/image\\\/\",\"url\":\"https:\\\/\\\/miralles1986.com\\\/wp-content\\\/uploads\\\/2024\\\/09\\\/logo-miralles-1986-pequeno-bl.png\",\"contentUrl\":\"https:\\\/\\\/miralles1986.com\\\/wp-content\\\/uploads\\\/2024\\\/09\\\/logo-miralles-1986-pequeno-bl.png\",\"width\":201,\"height\":73,\"caption\":\"Miralles 1986\"},\"image\":{\"@id\":\"https:\\\/\\\/miralles1986.com\\\/#\\\/schema\\\/logo\\\/image\\\/\"},\"sameAs\":[\"https:\\\/\\\/www.facebook.com\\\/miralles1986\",\"https:\\\/\\\/www.instagram.com\\\/miralles1986_\\\/\"]}]}<\/script>\n<!-- \/ Yoast SEO plugin. -->","yoast_head_json":{"title":"Diagonal Raised Fleece Cargo Lens Sport Trousers CP Company - Miralles 1986","description":"The CP Company Diagonal Raised Fleece Cargo Lens Sport Trousers combine technical comfort and utilitarian aesthetics in a garment designed for everyday use.","robots":{"index":"index","follow":"follow","max-snippet":"max-snippet:-1","max-image-preview":"max-image-preview:large","max-video-preview":"max-video-preview:-1"},"canonical":"https:\/\/miralles1986.com\/en\/product\/pantalon-sport-diagonal-raised-fleece-cargo-lens-cp-company\/","og_locale":"en_GB","og_type":"article","og_title":"Pantal\u00f3n sport Diagonal Raised Fleece Cargo Lens C.P. Company - Miralles 1986","og_description":"El Pantal\u00f3n sport Diagonal Raised Fleece Cargo Lens de C.P. Company combinan confort t\u00e9cnico y est\u00e9tica utilitaria en una prenda pensada para el uso diario.","og_url":"https:\/\/miralles1986.com\/en\/product\/pantalon-sport-diagonal-raised-fleece-cargo-lens-cp-company\/","og_site_name":"Miralles 1986","article_publisher":"https:\/\/www.facebook.com\/miralles1986","article_modified_time":"2026-02-12T16:52:07+00:00","og_image":[{"width":1000,"height":1000,"url":"https:\/\/miralles1986.com\/wp-content\/uploads\/2025\/12\/20CMSP717A005086W114_PE_26-cp_company-20CMSP717A005086W114-2.jpg","type":"image\/jpeg"}],"twitter_card":"summary_large_image","twitter_misc":{"Estimated reading time":"2 minutes"},"schema":{"@context":"https:\/\/schema.org","@graph":[{"@type":"WebPage","@id":"https:\/\/miralles1986.com\/producto\/pantalon-sport-diagonal-raised-fleece-cargo-lens-cp-company\/","url":"https:\/\/miralles1986.com\/producto\/pantalon-sport-diagonal-raised-fleece-cargo-lens-cp-company\/","name":"Diagonal Raised Fleece Cargo Lens Sport Trousers CP Company - Miralles 1986","isPartOf":{"@id":"https:\/\/miralles1986.com\/#website"},"primaryImageOfPage":{"@id":"https:\/\/miralles1986.com\/producto\/pantalon-sport-diagonal-raised-fleece-cargo-lens-cp-company\/#primaryimage"},"image":{"@id":"https:\/\/miralles1986.com\/producto\/pantalon-sport-diagonal-raised-fleece-cargo-lens-cp-company\/#primaryimage"},"thumbnailUrl":"https:\/\/miralles1986.com\/wp-content\/uploads\/2025\/12\/20CMSP717A005086W114_PE_26-cp_company-20CMSP717A005086W114-2.jpg","datePublished":"2025-12-12T17:04:06+00:00","dateModified":"2026-02-12T16:52:07+00:00","description":"The CP Company Diagonal Raised Fleece Cargo Lens Sport Trousers combine technical comfort and utilitarian aesthetics in a garment designed for everyday use.","breadcrumb":{"@id":"https:\/\/miralles1986.com\/producto\/pantalon-sport-diagonal-raised-fleece-cargo-lens-cp-company\/#breadcrumb"},"inLanguage":"en-GB","potentialAction":[{"@type":"ReadAction","target":["https:\/\/miralles1986.com\/producto\/pantalon-sport-diagonal-raised-fleece-cargo-lens-cp-company\/"]}]},{"@type":"ImageObject","inLanguage":"en-GB","@id":"https:\/\/miralles1986.com\/producto\/pantalon-sport-diagonal-raised-fleece-cargo-lens-cp-company\/#primaryimage","url":"https:\/\/miralles1986.com\/wp-content\/uploads\/2025\/12\/20CMSP717A005086W114_PE_26-cp_company-20CMSP717A005086W114-2.jpg","contentUrl":"https:\/\/miralles1986.com\/wp-content\/uploads\/2025\/12\/20CMSP717A005086W114_PE_26-cp_company-20CMSP717A005086W114-2.jpg","width":1000,"height":1000,"caption":"Pantal\u00f3n sport Diagonal Raised Fleece Cargo Lens C.P. Company"},{"@type":"BreadcrumbList","@id":"https:\/\/miralles1986.com\/producto\/pantalon-sport-diagonal-raised-fleece-cargo-lens-cp-company\/#breadcrumb","itemListElement":[{"@type":"ListItem","position":1,"name":"Portada","item":"https:\/\/miralles1986.com\/"},{"@type":"ListItem","position":2,"name":"Ropa de lujo para hombre | Stone Island, Y-3, C.P. Company","item":"https:\/\/miralles1986.com\/tienda\/"},{"@type":"ListItem","position":3,"name":"Pantal\u00f3n sport Diagonal Raised Fleece Cargo Lens C.P. Company"}]},{"@type":"WebSite","@id":"https:\/\/miralles1986.com\/#website","url":"https:\/\/miralles1986.com\/","name":"Miralles 1986","description":"Luxury men&#039;s fashion in Valencia","publisher":{"@id":"https:\/\/miralles1986.com\/#organization"},"potentialAction":[{"@type":"SearchAction","target":{"@type":"EntryPoint","urlTemplate":"https:\/\/miralles1986.com\/?s={search_term_string}"},"query-input":{"@type":"PropertyValueSpecification","valueRequired":true,"valueName":"search_term_string"}}],"inLanguage":"en-GB"},{"@type":"Organization","@id":"https:\/\/miralles1986.com\/#organization","name":"Miralles 1986","alternateName":"Miralles","url":"https:\/\/miralles1986.com\/","logo":{"@type":"ImageObject","inLanguage":"en-GB","@id":"https:\/\/miralles1986.com\/#\/schema\/logo\/image\/","url":"https:\/\/miralles1986.com\/wp-content\/uploads\/2024\/09\/logo-miralles-1986-pequeno-bl.png","contentUrl":"https:\/\/miralles1986.com\/wp-content\/uploads\/2024\/09\/logo-miralles-1986-pequeno-bl.png","width":201,"height":73,"caption":"Miralles 1986"},"image":{"@id":"https:\/\/miralles1986.com\/#\/schema\/logo\/image\/"},"sameAs":["https:\/\/www.facebook.com\/miralles1986","https:\/\/www.instagram.com\/miralles1986_\/"]}]}},"brands":[{"id":166,"name":"CP Company","slug":"cp-company"}],"_links":{"self":[{"href":"https:\/\/miralles1986.com\/en\/wp-json\/wp\/v2\/product\/15782","targetHints":{"allow":["GET"]}}],"collection":[{"href":"https:\/\/miralles1986.com\/en\/wp-json\/wp\/v2\/product"}],"about":[{"href":"https:\/\/miralles1986.com\/en\/wp-json\/wp\/v2\/types\/product"}],"replies":[{"embeddable":true,"href":"https:\/\/miralles1986.com\/en\/wp-json\/wp\/v2\/comments?post=15782"}],"wp:featuredmedia":[{"embeddable":true,"href":"https:\/\/miralles1986.com\/en\/wp-json\/wp\/v2\/media\/17055"}],"wp:attachment":[{"href":"https:\/\/miralles1986.com\/en\/wp-json\/wp\/v2\/media?parent=15782"}],"wp:term":[{"taxonomy":"pwb-brand","embeddable":true,"href":"https:\/\/miralles1986.com\/en\/wp-json\/wp\/v2\/pwb-brand?post=15782"},{"taxonomy":"product_brand","embeddable":true,"href":"https:\/\/miralles1986.com\/en\/wp-json\/wp\/v2\/product_brand?post=15782"},{"taxonomy":"product_cat","embeddable":true,"href":"https:\/\/miralles1986.com\/en\/wp-json\/wp\/v2\/product_cat?post=15782"},{"taxonomy":"product_tag","embeddable":true,"href":"https:\/\/miralles1986.com\/en\/wp-json\/wp\/v2\/product_tag?post=15782"}],"curies":[{"name":"wp","href":"https:\/\/api.w.org\/{rel}","templated":true}]}}