{"id":16695,"date":"2026-01-25T23:53:21","date_gmt":"2026-01-25T22:53:21","guid":{"rendered":"https:\/\/miralles1986.com\/?post_type=product&#038;p=16695"},"modified":"2026-02-16T18:09:51","modified_gmt":"2026-02-16T17:09:51","slug":"chaqueta-deportiva-con-cremallera-5600018-v00935-marfil-stone-island","status":"publish","type":"product","link":"https:\/\/miralles1986.com\/en\/producto\/chaqueta-deportiva-con-cremallera-5600018-v00935-marfil-stone-island\/","title":{"rendered":"Stone Island Zip-Up Sports Jacket 6100018 V0093 Ivory"},"content":{"rendered":"<p data-start=\"352\" data-end=\"796\">The <a href=\"https:\/\/miralles1986.com\/en\/product-category\/stone-island\/chaquetas-stone-island\/\"><strong>jacket<\/strong> <\/a><strong>Zip-up sports jacket 6100018 V0093 Ivory<\/strong><strong>\u00a0<a href=\"https:\/\/miralles1986.com\/en\/brand\/stone-island\/\">Stone Island<\/a> <\/strong>It represents the perfect combination of textile innovation and the utilitarian design characteristic of the brand. Made from medium-weight cotton terry cloth, it offers a comfortable feel without sacrificing structure and durability.<\/p>\n<p data-start=\"704\" data-end=\"1010\">The model incorporates a <strong data-start=\"727\" data-end=\"780\">ripstop cotton patch pocket on the sleeve<\/strong>, with functional pleating and the Stone Island logo, which reinforces its technical and contemporary aesthetic. <strong data-start=\"882\" data-end=\"902\">garment dyeing<\/strong> It adds depth to the ivory color and a unique finish to each piece, a hallmark of the Italian firm.<\/p>\n<p data-start=\"1012\" data-end=\"1237\">The double-layered high collar, vertical hand pockets, and elasticated hem ensure comfort and protection, while the <strong data-start=\"1152\" data-end=\"1169\">regular cut<\/strong> It allows you to easily combine it in both urban and casual looks.<\/p>\n<h3 data-start=\"1244\" data-end=\"1275\">Characteristics:<\/h3>\n<ul data-start=\"1276\" data-end=\"1921\">\n<li data-start=\"1276\" data-end=\"1303\">\n<p data-start=\"1278\" data-end=\"1303\"><strong data-start=\"1278\" data-end=\"1288\">Brand:<\/strong> Stone Island<\/p>\n<\/li>\n<li data-start=\"1304\" data-end=\"1341\">\n<p data-start=\"1306\" data-end=\"1341\"><strong data-start=\"1306\" data-end=\"1317\">Model:<\/strong> 6100018 Cotton Fleece<\/p>\n<\/li>\n<li data-start=\"1342\" data-end=\"1377\">\n<p data-start=\"1344\" data-end=\"1377\"><strong data-start=\"1344\" data-end=\"1352\">SKU:<\/strong> L1S156100018S0410V0093<\/p>\n<\/li>\n<li data-start=\"1378\" data-end=\"1425\">\n<p data-start=\"1380\" data-end=\"1425\"><strong data-start=\"1380\" data-end=\"1389\">Guy:<\/strong> Zip-up sports jacket<\/p>\n<\/li>\n<li data-start=\"1426\" data-end=\"1448\">\n<p data-start=\"1428\" data-end=\"1448\"><strong data-start=\"1428\" data-end=\"1438\">Court:<\/strong> Regular<\/p>\n<\/li>\n<li data-start=\"1449\" data-end=\"1470\">\n<p data-start=\"1451\" data-end=\"1470\"><strong data-start=\"1451\" data-end=\"1461\">Color:<\/strong> Ivory<\/p>\n<\/li>\n<li data-start=\"1471\" data-end=\"1509\">\n<p data-start=\"1473\" data-end=\"1509\"><strong data-start=\"1473\" data-end=\"1494\">Main fabric:<\/strong> 100% cotton<\/p>\n<\/li>\n<li data-start=\"1510\" data-end=\"1561\">\n<p data-start=\"1512\" data-end=\"1561\"><strong data-start=\"1512\" data-end=\"1531\">Sleeve pocket:<\/strong> Ripstop cotton with pleats<\/p>\n<\/li>\n<li data-start=\"1562\" data-end=\"1602\">\n<p data-start=\"1564\" data-end=\"1602\"><strong data-start=\"1564\" data-end=\"1575\">Canal\u00e9:<\/strong> 99% cotton, 1% elastane<\/p>\n<\/li>\n<li data-start=\"1603\" data-end=\"1856\">\n<p data-start=\"1605\" data-end=\"1620\"><strong data-start=\"1605\" data-end=\"1618\">Details:<\/strong><\/p>\n<ul data-start=\"1623\" data-end=\"1856\">\n<li data-start=\"1623\" data-end=\"1652\">\n<p data-start=\"1625\" data-end=\"1652\">Double-layered high neck<\/p>\n<\/li>\n<li data-start=\"1655\" data-end=\"1694\">\n<p data-start=\"1657\" data-end=\"1694\">Vertical hand pockets<\/p>\n<\/li>\n<li data-start=\"1697\" data-end=\"1721\">\n<p data-start=\"1699\" data-end=\"1721\">Interior pockets<\/p>\n<\/li>\n<li data-start=\"1724\" data-end=\"1785\">\n<p data-start=\"1726\" data-end=\"1785\">Seasonal patch pocket with Stone Island badge<\/p>\n<\/li>\n<li data-start=\"1788\" data-end=\"1808\">\n<p data-start=\"1790\" data-end=\"1808\">Ribbed cuffs<\/p>\n<\/li>\n<li data-start=\"1811\" data-end=\"1828\">\n<p data-start=\"1813\" data-end=\"1828\">Low elastic waistband<\/p>\n<\/li>\n<li data-start=\"1831\" data-end=\"1856\">\n<p data-start=\"1833\" data-end=\"1856\">Zip closure<\/p>\n<\/li>\n<\/ul>\n<\/li>\n<li data-start=\"1857\" data-end=\"1894\">\n<p data-start=\"1859\" data-end=\"1894\"><strong data-start=\"1859\" data-end=\"1875\">Treatment:<\/strong> Garment dyeing<\/p>\n<\/li>\n<li data-start=\"1895\" data-end=\"1921\">\n<p data-start=\"1897\" data-end=\"1921\"><strong data-start=\"1897\" data-end=\"1913\">Manufacturing:<\/strong> Tunisia<\/p>\n<\/li>\n<\/ul>\n<h2 data-start=\"1928\" data-end=\"1964\">Why buy this product?<\/h2>\n<p data-start=\"1965\" data-end=\"2288\">Because it&#039;s a garment <strong data-start=\"1986\" data-end=\"2013\">iconic of Stone Island<\/strong>, Designed for those who value quality, functionality, and technical design, this jacket features a seasonal pocket and garment-dyed construction, making it a distinctive, durable, and timeless piece\u2014perfect for elevating any urban wardrobe with authenticity and character.<\/p>\n<p data-start=\"1085\" data-end=\"1309\"><strong data-start=\"355\" data-end=\"388\">The <a href=\"https:\/\/miralles1986.com\/en\/product-category\/stone-island\/chaquetas-stone-island\/\">jacket <\/a>Zip-up sports jacket 6100018 V0093 Ivory <a href=\"https:\/\/miralles1986.com\/en\/brand\/stone-island\/\">Stone Island<\/a> is available in <a href=\"https:\/\/miralles1986.com\/en\/\">Miralles 1986<\/a>.<\/strong><\/p>","protected":false},"excerpt":{"rendered":"<p data-start=\"175\" data-end=\"381\"><em><span style=\"color: #339966;\"><strong>COMING SOON TO THE STORE<\/strong><\/span><\/em><\/p>\n<p data-start=\"175\" data-end=\"381\">Stone Island track jacket made from cotton fleece, with a front zip and seasonal sleeve pocket. Functional design, garment-dyed, and a regular fit for versatile everyday wear.<\/p>","protected":false},"featured_media":16705,"comment_status":"closed","ping_status":"closed","template":"","meta":[],"pwb-brand":[165],"product_brand":[818],"product_cat":[167,773,993,168,992],"product_tag":[986,857,1021,183,1043,1042],"class_list":{"0":"post-16695","1":"product","2":"type-product","3":"status-publish","4":"has-post-thumbnail","6":"pwb-brand-stone-island","7":"product_brand-tienda-miralles","8":"product_cat-chaquetas","9":"product_cat-chaquetas-deportivas","10":"product_cat-chaquetas-stone-island","11":"product_cat-ropa","12":"product_cat-stone-island","13":"product_tag-chaquetas-sport","14":"product_tag-chaquetas-stone-island","15":"product_tag-primavera-verano-2026","16":"product_tag-stone-island","17":"product_tag-stone-island-primavera-verano-2026","18":"product_tag-stone-island-ss26","19":"pa_color-gris-carbon","20":"pa_composicion-algodon","21":"pa_composicion-felpa","22":"pa_tamano-l","23":"pa_tamano-m","24":"pa_tamano-s","25":"pa_tamano-xl","26":"pa_tamano-xs","27":"pa_tamano-xxl","29":"first","30":"instock","31":"featured","32":"sold-individually","33":"taxable","34":"shipping-taxable","35":"product-type-variable"},"supplier_id":null,"supplier_sku":"","barcode":null,"atum_controlled":true,"out_stock_date":null,"out_stock_threshold":null,"inheritable":true,"inbound_stock":0,"stock_on_hold":0,"sold_today":null,"sales_last_days":null,"reserved_stock":0,"customer_returns":null,"warehouse_damage":null,"lost_in_post":null,"other_logs":null,"out_stock_days":null,"lost_sales":null,"has_location":false,"update_date":"2026-05-11T10:37:07","atum_locations":[],"atum_stock_status":"instock","restock_status":false,"low_stock_amount":"","sales_update_date":"2026-05-11T10:37:07","calc_backorders":null,"yoast_head":"<!-- This site is optimized with the Yoast SEO plugin v27.5 - https:\/\/yoast.com\/product\/yoast-seo-wordpress\/ -->\n<title>Chaqueta Deportiva con cremallera 6100018 V0093 Marfil Stone Island - Miralles 1986<\/title>\n<meta name=\"description\" content=\"La chaqueta deportiva con cremallera 6100018 V0093 Marfil de\u00a0Stone Island representa la combinaci\u00f3n perfecta entre innovaci\u00f3n textil y dise\u00f1o utilitario.\" \/>\n<meta name=\"robots\" content=\"index, follow, max-snippet:-1, max-image-preview:large, max-video-preview:-1\" \/>\n<link rel=\"canonical\" href=\"https:\/\/miralles1986.com\/en\/product\/chaqueta-deportiva-con-cremallera-5600018-v00935-marfil-stone-island\/\" \/>\n<meta property=\"og:locale\" content=\"en_GB\" \/>\n<meta property=\"og:type\" content=\"article\" \/>\n<meta property=\"og:title\" content=\"Chaqueta Deportiva con cremallera 6100018 V0093 Marfil Stone Island - Miralles 1986\" \/>\n<meta property=\"og:description\" content=\"La chaqueta deportiva con cremallera 6100018 V0093 Marfil de\u00a0Stone Island representa la combinaci\u00f3n perfecta entre innovaci\u00f3n textil y dise\u00f1o utilitario.\" \/>\n<meta property=\"og:url\" content=\"https:\/\/miralles1986.com\/en\/product\/chaqueta-deportiva-con-cremallera-5600018-v00935-marfil-stone-island\/\" \/>\n<meta property=\"og:site_name\" content=\"Miralles 1986\" \/>\n<meta property=\"article:publisher\" content=\"https:\/\/www.facebook.com\/miralles1986\" \/>\n<meta property=\"article:modified_time\" content=\"2026-02-16T17:09:51+00:00\" \/>\n<meta property=\"og:image\" content=\"https:\/\/miralles1986.com\/wp-content\/uploads\/2026\/01\/cardigan-cremallera-6100018-cotton-fleece-marfil-stone-island-2.jpg\" \/>\n\t<meta property=\"og:image:width\" content=\"1000\" \/>\n\t<meta property=\"og:image:height\" content=\"1000\" \/>\n\t<meta property=\"og:image:type\" content=\"image\/jpeg\" \/>\n<meta name=\"twitter:card\" content=\"summary_large_image\" \/>\n<meta name=\"twitter:label1\" content=\"Estimated reading time\" \/>\n\t<meta name=\"twitter:data1\" content=\"2 minutes\" \/>\n<script type=\"application\/ld+json\" class=\"yoast-schema-graph\">{\"@context\":\"https:\\\/\\\/schema.org\",\"@graph\":[{\"@type\":\"WebPage\",\"@id\":\"https:\\\/\\\/miralles1986.com\\\/producto\\\/chaqueta-deportiva-con-cremallera-5600018-v00935-marfil-stone-island\\\/\",\"url\":\"https:\\\/\\\/miralles1986.com\\\/producto\\\/chaqueta-deportiva-con-cremallera-5600018-v00935-marfil-stone-island\\\/\",\"name\":\"Chaqueta Deportiva con cremallera 6100018 V0093 Marfil Stone Island - Miralles 1986\",\"isPartOf\":{\"@id\":\"https:\\\/\\\/miralles1986.com\\\/#website\"},\"primaryImageOfPage\":{\"@id\":\"https:\\\/\\\/miralles1986.com\\\/producto\\\/chaqueta-deportiva-con-cremallera-5600018-v00935-marfil-stone-island\\\/#primaryimage\"},\"image\":{\"@id\":\"https:\\\/\\\/miralles1986.com\\\/producto\\\/chaqueta-deportiva-con-cremallera-5600018-v00935-marfil-stone-island\\\/#primaryimage\"},\"thumbnailUrl\":\"https:\\\/\\\/miralles1986.com\\\/wp-content\\\/uploads\\\/2026\\\/01\\\/cardigan-cremallera-6100018-cotton-fleece-marfil-stone-island-2.jpg\",\"datePublished\":\"2026-01-25T22:53:21+00:00\",\"dateModified\":\"2026-02-16T17:09:51+00:00\",\"description\":\"La chaqueta deportiva con cremallera 6100018 V0093 Marfil de\u00a0Stone Island representa la combinaci\u00f3n perfecta entre innovaci\u00f3n textil y dise\u00f1o utilitario.\",\"breadcrumb\":{\"@id\":\"https:\\\/\\\/miralles1986.com\\\/producto\\\/chaqueta-deportiva-con-cremallera-5600018-v00935-marfil-stone-island\\\/#breadcrumb\"},\"inLanguage\":\"en-GB\",\"potentialAction\":[{\"@type\":\"ReadAction\",\"target\":[\"https:\\\/\\\/miralles1986.com\\\/producto\\\/chaqueta-deportiva-con-cremallera-5600018-v00935-marfil-stone-island\\\/\"]}]},{\"@type\":\"ImageObject\",\"inLanguage\":\"en-GB\",\"@id\":\"https:\\\/\\\/miralles1986.com\\\/producto\\\/chaqueta-deportiva-con-cremallera-5600018-v00935-marfil-stone-island\\\/#primaryimage\",\"url\":\"https:\\\/\\\/miralles1986.com\\\/wp-content\\\/uploads\\\/2026\\\/01\\\/cardigan-cremallera-6100018-cotton-fleece-marfil-stone-island-2.jpg\",\"contentUrl\":\"https:\\\/\\\/miralles1986.com\\\/wp-content\\\/uploads\\\/2026\\\/01\\\/cardigan-cremallera-6100018-cotton-fleece-marfil-stone-island-2.jpg\",\"width\":1000,\"height\":1000,\"caption\":\"Chaqueta Deportiva con cremallera 6100018 V0093 Marfil Stone Island\"},{\"@type\":\"BreadcrumbList\",\"@id\":\"https:\\\/\\\/miralles1986.com\\\/producto\\\/chaqueta-deportiva-con-cremallera-5600018-v00935-marfil-stone-island\\\/#breadcrumb\",\"itemListElement\":[{\"@type\":\"ListItem\",\"position\":1,\"name\":\"Portada\",\"item\":\"https:\\\/\\\/miralles1986.com\\\/\"},{\"@type\":\"ListItem\",\"position\":2,\"name\":\"Ropa de lujo para hombre | Stone Island, Y-3, C.P. Company\",\"item\":\"https:\\\/\\\/miralles1986.com\\\/tienda\\\/\"},{\"@type\":\"ListItem\",\"position\":3,\"name\":\"Chaqueta Deportiva con cremallera 6100018 V0093 Marfil Stone Island\"}]},{\"@type\":\"WebSite\",\"@id\":\"https:\\\/\\\/miralles1986.com\\\/#website\",\"url\":\"https:\\\/\\\/miralles1986.com\\\/\",\"name\":\"Miralles 1986\",\"description\":\"Moda masculina de lujo en Valencia\",\"publisher\":{\"@id\":\"https:\\\/\\\/miralles1986.com\\\/#organization\"},\"potentialAction\":[{\"@type\":\"SearchAction\",\"target\":{\"@type\":\"EntryPoint\",\"urlTemplate\":\"https:\\\/\\\/miralles1986.com\\\/?s={search_term_string}\"},\"query-input\":{\"@type\":\"PropertyValueSpecification\",\"valueRequired\":true,\"valueName\":\"search_term_string\"}}],\"inLanguage\":\"en-GB\"},{\"@type\":\"Organization\",\"@id\":\"https:\\\/\\\/miralles1986.com\\\/#organization\",\"name\":\"Miralles 1986\",\"alternateName\":\"Miralles\",\"url\":\"https:\\\/\\\/miralles1986.com\\\/\",\"logo\":{\"@type\":\"ImageObject\",\"inLanguage\":\"en-GB\",\"@id\":\"https:\\\/\\\/miralles1986.com\\\/#\\\/schema\\\/logo\\\/image\\\/\",\"url\":\"https:\\\/\\\/miralles1986.com\\\/wp-content\\\/uploads\\\/2024\\\/09\\\/logo-miralles-1986-pequeno-bl.png\",\"contentUrl\":\"https:\\\/\\\/miralles1986.com\\\/wp-content\\\/uploads\\\/2024\\\/09\\\/logo-miralles-1986-pequeno-bl.png\",\"width\":201,\"height\":73,\"caption\":\"Miralles 1986\"},\"image\":{\"@id\":\"https:\\\/\\\/miralles1986.com\\\/#\\\/schema\\\/logo\\\/image\\\/\"},\"sameAs\":[\"https:\\\/\\\/www.facebook.com\\\/miralles1986\",\"https:\\\/\\\/www.instagram.com\\\/miralles1986_\\\/\"]}]}<\/script>\n<!-- \/ Yoast SEO plugin. -->","yoast_head_json":{"title":"Stone Island - Miralles 1986 Zip-Up Sports Jacket 6100018 V0093 Ivory","description":"The Stone Island 6100018 V0093 Ivory Zip-Up Sports Jacket represents the perfect combination of textile innovation and utilitarian design.","robots":{"index":"index","follow":"follow","max-snippet":"max-snippet:-1","max-image-preview":"max-image-preview:large","max-video-preview":"max-video-preview:-1"},"canonical":"https:\/\/miralles1986.com\/en\/product\/chaqueta-deportiva-con-cremallera-5600018-v00935-marfil-stone-island\/","og_locale":"en_GB","og_type":"article","og_title":"Chaqueta Deportiva con cremallera 6100018 V0093 Marfil Stone Island - Miralles 1986","og_description":"La chaqueta deportiva con cremallera 6100018 V0093 Marfil de\u00a0Stone Island representa la combinaci\u00f3n perfecta entre innovaci\u00f3n textil y dise\u00f1o utilitario.","og_url":"https:\/\/miralles1986.com\/en\/product\/chaqueta-deportiva-con-cremallera-5600018-v00935-marfil-stone-island\/","og_site_name":"Miralles 1986","article_publisher":"https:\/\/www.facebook.com\/miralles1986","article_modified_time":"2026-02-16T17:09:51+00:00","og_image":[{"width":1000,"height":1000,"url":"https:\/\/miralles1986.com\/wp-content\/uploads\/2026\/01\/cardigan-cremallera-6100018-cotton-fleece-marfil-stone-island-2.jpg","type":"image\/jpeg"}],"twitter_card":"summary_large_image","twitter_misc":{"Estimated reading time":"2 minutes"},"schema":{"@context":"https:\/\/schema.org","@graph":[{"@type":"WebPage","@id":"https:\/\/miralles1986.com\/producto\/chaqueta-deportiva-con-cremallera-5600018-v00935-marfil-stone-island\/","url":"https:\/\/miralles1986.com\/producto\/chaqueta-deportiva-con-cremallera-5600018-v00935-marfil-stone-island\/","name":"Stone Island - Miralles 1986 Zip-Up Sports Jacket 6100018 V0093 Ivory","isPartOf":{"@id":"https:\/\/miralles1986.com\/#website"},"primaryImageOfPage":{"@id":"https:\/\/miralles1986.com\/producto\/chaqueta-deportiva-con-cremallera-5600018-v00935-marfil-stone-island\/#primaryimage"},"image":{"@id":"https:\/\/miralles1986.com\/producto\/chaqueta-deportiva-con-cremallera-5600018-v00935-marfil-stone-island\/#primaryimage"},"thumbnailUrl":"https:\/\/miralles1986.com\/wp-content\/uploads\/2026\/01\/cardigan-cremallera-6100018-cotton-fleece-marfil-stone-island-2.jpg","datePublished":"2026-01-25T22:53:21+00:00","dateModified":"2026-02-16T17:09:51+00:00","description":"The Stone Island 6100018 V0093 Ivory Zip-Up Sports Jacket represents the perfect combination of textile innovation and utilitarian design.","breadcrumb":{"@id":"https:\/\/miralles1986.com\/producto\/chaqueta-deportiva-con-cremallera-5600018-v00935-marfil-stone-island\/#breadcrumb"},"inLanguage":"en-GB","potentialAction":[{"@type":"ReadAction","target":["https:\/\/miralles1986.com\/producto\/chaqueta-deportiva-con-cremallera-5600018-v00935-marfil-stone-island\/"]}]},{"@type":"ImageObject","inLanguage":"en-GB","@id":"https:\/\/miralles1986.com\/producto\/chaqueta-deportiva-con-cremallera-5600018-v00935-marfil-stone-island\/#primaryimage","url":"https:\/\/miralles1986.com\/wp-content\/uploads\/2026\/01\/cardigan-cremallera-6100018-cotton-fleece-marfil-stone-island-2.jpg","contentUrl":"https:\/\/miralles1986.com\/wp-content\/uploads\/2026\/01\/cardigan-cremallera-6100018-cotton-fleece-marfil-stone-island-2.jpg","width":1000,"height":1000,"caption":"Chaqueta Deportiva con cremallera 6100018 V0093 Marfil Stone Island"},{"@type":"BreadcrumbList","@id":"https:\/\/miralles1986.com\/producto\/chaqueta-deportiva-con-cremallera-5600018-v00935-marfil-stone-island\/#breadcrumb","itemListElement":[{"@type":"ListItem","position":1,"name":"Portada","item":"https:\/\/miralles1986.com\/"},{"@type":"ListItem","position":2,"name":"Ropa de lujo para hombre | Stone Island, Y-3, C.P. Company","item":"https:\/\/miralles1986.com\/tienda\/"},{"@type":"ListItem","position":3,"name":"Chaqueta Deportiva con cremallera 6100018 V0093 Marfil Stone Island"}]},{"@type":"WebSite","@id":"https:\/\/miralles1986.com\/#website","url":"https:\/\/miralles1986.com\/","name":"Miralles 1986","description":"Luxury men&#039;s fashion in Valencia","publisher":{"@id":"https:\/\/miralles1986.com\/#organization"},"potentialAction":[{"@type":"SearchAction","target":{"@type":"EntryPoint","urlTemplate":"https:\/\/miralles1986.com\/?s={search_term_string}"},"query-input":{"@type":"PropertyValueSpecification","valueRequired":true,"valueName":"search_term_string"}}],"inLanguage":"en-GB"},{"@type":"Organization","@id":"https:\/\/miralles1986.com\/#organization","name":"Miralles 1986","alternateName":"Miralles","url":"https:\/\/miralles1986.com\/","logo":{"@type":"ImageObject","inLanguage":"en-GB","@id":"https:\/\/miralles1986.com\/#\/schema\/logo\/image\/","url":"https:\/\/miralles1986.com\/wp-content\/uploads\/2024\/09\/logo-miralles-1986-pequeno-bl.png","contentUrl":"https:\/\/miralles1986.com\/wp-content\/uploads\/2024\/09\/logo-miralles-1986-pequeno-bl.png","width":201,"height":73,"caption":"Miralles 1986"},"image":{"@id":"https:\/\/miralles1986.com\/#\/schema\/logo\/image\/"},"sameAs":["https:\/\/www.facebook.com\/miralles1986","https:\/\/www.instagram.com\/miralles1986_\/"]}]}},"brands":[{"id":165,"name":"Stone Island","slug":"stone-island"}],"_links":{"self":[{"href":"https:\/\/miralles1986.com\/en\/wp-json\/wp\/v2\/product\/16695","targetHints":{"allow":["GET"]}}],"collection":[{"href":"https:\/\/miralles1986.com\/en\/wp-json\/wp\/v2\/product"}],"about":[{"href":"https:\/\/miralles1986.com\/en\/wp-json\/wp\/v2\/types\/product"}],"replies":[{"embeddable":true,"href":"https:\/\/miralles1986.com\/en\/wp-json\/wp\/v2\/comments?post=16695"}],"wp:featuredmedia":[{"embeddable":true,"href":"https:\/\/miralles1986.com\/en\/wp-json\/wp\/v2\/media\/16705"}],"wp:attachment":[{"href":"https:\/\/miralles1986.com\/en\/wp-json\/wp\/v2\/media?parent=16695"}],"wp:term":[{"taxonomy":"pwb-brand","embeddable":true,"href":"https:\/\/miralles1986.com\/en\/wp-json\/wp\/v2\/pwb-brand?post=16695"},{"taxonomy":"product_brand","embeddable":true,"href":"https:\/\/miralles1986.com\/en\/wp-json\/wp\/v2\/product_brand?post=16695"},{"taxonomy":"product_cat","embeddable":true,"href":"https:\/\/miralles1986.com\/en\/wp-json\/wp\/v2\/product_cat?post=16695"},{"taxonomy":"product_tag","embeddable":true,"href":"https:\/\/miralles1986.com\/en\/wp-json\/wp\/v2\/product_tag?post=16695"}],"curies":[{"name":"wp","href":"https:\/\/api.w.org\/{rel}","templated":true}]}}