{"id":16766,"date":"2026-01-26T20:12:15","date_gmt":"2026-01-26T19:12:15","guid":{"rendered":"https:\/\/miralles1986.com\/?post_type=product&#038;p=16766"},"modified":"2026-03-25T18:58:07","modified_gmt":"2026-03-25T17:58:07","slug":"pantalones-sport-3100010-v0129-negro-stone-island","status":"publish","type":"product","link":"https:\/\/miralles1986.com\/en\/producto\/pantalones-sport-3100010-v0129-negro-stone-island\/","title":{"rendered":"Stone Island Organic Cotton Stretch Trousers, Ripped Twill Effect, Old Black"},"content":{"rendered":"<p data-start=\"445\" data-end=\"893\">These <strong><a href=\"https:\/\/miralles1986.com\/en\/product-category\/clothes\/pants\/miralles-sport-trousers-1986\/\">pants<\/a> in stretch organic cotton with broken twill old effect in black<\/strong>\u00a0of <a href=\"https:\/\/miralles1986.com\/en\/brand\/stone-island\/\"><strong>Stone Island<\/strong><\/a> They combine technical functionality and urban aesthetics in a versatile and timeless silhouette. Made from a cotton and elastane blend, they offer comfort, durability, and freedom of movement for everyday wear.<\/p>\n<p data-start=\"570\" data-end=\"878\">The design incorporates utilitarian pockets inspired by functional clothing, one of which is finished with the iconic Stone Island logo, adding identity and character to the garment. The elasticated hem reinforces the modern and practical style, making it suitable for both urban looks and more technical outfits.<\/p>\n<h3 data-start=\"1010\" data-end=\"1044\"><strong data-start=\"1014\" data-end=\"1044\">Characteristics:<\/strong><\/h3>\n<ul data-start=\"1045\" data-end=\"1392\">\n<li data-start=\"1045\" data-end=\"1082\">\n<p data-start=\"1047\" data-end=\"1082\"><strong data-start=\"1047\" data-end=\"1055\">SKU:<\/strong> L1S153100010.S0004 V0129<\/p>\n<\/li>\n<li data-start=\"1083\" data-end=\"1103\">\n<p data-start=\"1085\" data-end=\"1103\"><strong data-start=\"1085\" data-end=\"1095\">Color:<\/strong> Black<\/p>\n<\/li>\n<li data-start=\"1104\" data-end=\"1127\">\n<p data-start=\"1106\" data-end=\"1127\"><strong data-start=\"1106\" data-end=\"1120\">Season:<\/strong> SS26<\/p>\n<\/li>\n<li data-start=\"1128\" data-end=\"1150\">\n<p data-start=\"1130\" data-end=\"1150\"><strong data-start=\"1130\" data-end=\"1140\">Court:<\/strong> Regular<\/p>\n<\/li>\n<li data-start=\"1151\" data-end=\"1190\">\n<p data-start=\"1153\" data-end=\"1190\"><strong data-start=\"1153\" data-end=\"1169\">Composition:<\/strong> Cotton \/ elastane<\/p>\n<\/li>\n<li data-start=\"1191\" data-end=\"1225\">\n<p data-start=\"1193\" data-end=\"1225\"><strong data-start=\"1193\" data-end=\"1204\">Closing:<\/strong> Button and zipper<\/p>\n<\/li>\n<li data-start=\"1226\" data-end=\"1262\">\n<p data-start=\"1228\" data-end=\"1262\"><strong data-start=\"1228\" data-end=\"1242\">Pockets:<\/strong> Functional roles<\/p>\n<\/li>\n<li data-start=\"1263\" data-end=\"1285\">\n<p data-start=\"1265\" data-end=\"1285\"><strong data-start=\"1265\" data-end=\"1274\">Low:<\/strong> Elastic<\/p>\n<\/li>\n<li data-start=\"1286\" data-end=\"1335\">\n<p data-start=\"1288\" data-end=\"1335\"><strong data-start=\"1288\" data-end=\"1311\">Distinctive detail:<\/strong> Stone Island Insignia<\/p>\n<\/li>\n<li data-start=\"1336\" data-end=\"1359\">\n<p data-start=\"1338\" data-end=\"1359\"><strong data-start=\"1338\" data-end=\"1349\">Origin:<\/strong> Vietnam<\/p>\n<\/li>\n<li data-start=\"1360\" data-end=\"1392\">\n<p data-start=\"1362\" data-end=\"1392\"><strong data-start=\"1362\" data-end=\"1376\">Designer:<\/strong> Carlo Rivetti<\/p>\n<\/li>\n<\/ul>\n<h3 data-start=\"1399\" data-end=\"1438\"><strong data-start=\"1403\" data-end=\"1438\">Why buy this product?<\/strong><\/h3>\n<ul data-start=\"1439\" data-end=\"1728\">\n<li data-start=\"1439\" data-end=\"1515\">\n<p data-start=\"1441\" data-end=\"1515\">Because it offers the perfect balance between technical design and urban style.<\/p>\n<\/li>\n<li data-start=\"1516\" data-end=\"1575\">\n<p data-start=\"1518\" data-end=\"1575\">For its comfort and versatility, ideal for everyday use.<\/p>\n<\/li>\n<li data-start=\"1576\" data-end=\"1639\">\n<p data-start=\"1578\" data-end=\"1639\">Because of the quality and durability characteristic of Stone Island.<\/p>\n<\/li>\n<li data-start=\"1640\" data-end=\"1728\">\n<p data-start=\"1642\" data-end=\"1728\">Because it&#039;s a functional garment with identity, designed to evolve with your wardrobe.<\/p>\n<\/li>\n<\/ul>\n<p>These <strong><a href=\"https:\/\/miralles1986.com\/en\/product-category\/clothes\/pants\/miralles-sport-trousers-1986\/\">pants<\/a> in stretch organic cotton with broken twill old effect in black <\/strong>of <a href=\"https:\/\/miralles1986.com\/en\/brand\/stone-island\/\"><strong>Stone Island<\/strong><\/a> They are available at Miralles 1986.<\/p>","protected":false},"excerpt":{"rendered":"<p data-start=\"102\" data-end=\"277\">Stone Island black regular-fit trousers made from cotton with elastane. Functional design with cargo pockets and an elasticated hem for a comfortable, contemporary fit.<\/p>","protected":false},"featured_media":18715,"comment_status":"closed","ping_status":"closed","template":"","meta":[],"pwb-brand":[165],"product_brand":[818],"product_cat":[226,227,994,168,992],"product_tag":[392,859,1057,1021,183,1043,1042],"class_list":{"0":"post-16766","1":"product","2":"type-product","3":"status-publish","4":"has-post-thumbnail","6":"pwb-brand-stone-island","7":"product_brand-tienda-miralles","8":"product_cat-pantalones","9":"product_cat-pantalones-sport-miralles-1986","10":"product_cat-pantalones-stone-island","11":"product_cat-ropa","12":"product_cat-stone-island","13":"product_tag-pantalones-sport","14":"product_tag-pantalones-stone-island","15":"product_tag-pantalones-y-accesorios-stone-island","16":"product_tag-primavera-verano-2026","17":"product_tag-stone-island","18":"product_tag-stone-island-primavera-verano-2026","19":"product_tag-stone-island-ss26","20":"pa_color-desierto","21":"pa_composicion-poliamida","22":"pa_composicion-poliester","23":"pa_tamano-49","24":"pa_tamano-50","25":"pa_tamano-51","26":"pa_tamano-52","27":"pa_tamano-53","28":"pa_tamano-54","29":"pa_tamano-55","31":"first","32":"instock","33":"sold-individually","34":"taxable","35":"shipping-taxable","36":"purchasable","37":"product-type-variable"},"supplier_id":null,"supplier_sku":"","barcode":null,"atum_controlled":true,"out_stock_date":null,"out_stock_threshold":null,"inheritable":true,"inbound_stock":0,"stock_on_hold":0,"sold_today":null,"sales_last_days":null,"reserved_stock":0,"customer_returns":null,"warehouse_damage":null,"lost_in_post":null,"other_logs":null,"out_stock_days":null,"lost_sales":null,"has_location":false,"update_date":"2026-05-11T10:37:06","atum_locations":[],"atum_stock_status":"instock","restock_status":false,"low_stock_amount":"","sales_update_date":"2026-05-11T10:37:06","calc_backorders":null,"yoast_head":"<!-- This site is optimized with the Yoast SEO plugin v27.5 - https:\/\/yoast.com\/product\/yoast-seo-wordpress\/ -->\n<title>Pantalones algod\u00f3n org\u00e1nico el\u00e1stico sarga rota efecto Old negro Stone Island - Miralles 1986<\/title>\n<meta name=\"description\" content=\"Estos pantalones en algod\u00f3n org\u00e1nico el\u00e1stico con sarga rota efecto Old en color negro\u00a0de Stone Island combinan funcionalidad t\u00e9cnica y est\u00e9tica urbana.\" \/>\n<meta name=\"robots\" content=\"index, follow, max-snippet:-1, max-image-preview:large, max-video-preview:-1\" \/>\n<link rel=\"canonical\" href=\"https:\/\/miralles1986.com\/en\/product\/pantalones-sport-3100010-v0129-negro-stone-island\/\" \/>\n<meta property=\"og:locale\" content=\"en_GB\" \/>\n<meta property=\"og:type\" content=\"article\" \/>\n<meta property=\"og:title\" content=\"Pantalones algod\u00f3n org\u00e1nico el\u00e1stico sarga rota efecto Old negro Stone Island - Miralles 1986\" \/>\n<meta property=\"og:description\" content=\"Estos pantalones en algod\u00f3n org\u00e1nico el\u00e1stico con sarga rota efecto Old en color negro\u00a0de Stone Island combinan funcionalidad t\u00e9cnica y est\u00e9tica urbana.\" \/>\n<meta property=\"og:url\" content=\"https:\/\/miralles1986.com\/en\/product\/pantalones-sport-3100010-v0129-negro-stone-island\/\" \/>\n<meta property=\"og:site_name\" content=\"Miralles 1986\" \/>\n<meta property=\"article:publisher\" content=\"https:\/\/www.facebook.com\/miralles1986\" \/>\n<meta property=\"article:modified_time\" content=\"2026-03-25T17:58:07+00:00\" \/>\n<meta property=\"og:image\" content=\"https:\/\/miralles1986.com\/wp-content\/uploads\/2026\/01\/Pantalones-algodon-orgsnico-elsstico-sarga-rota-efecto-Old-negro-Stone-Island-2.jpg\" \/>\n\t<meta property=\"og:image:width\" content=\"1000\" \/>\n\t<meta property=\"og:image:height\" content=\"1000\" \/>\n\t<meta property=\"og:image:type\" content=\"image\/jpeg\" \/>\n<meta name=\"twitter:card\" content=\"summary_large_image\" \/>\n<meta name=\"twitter:label1\" content=\"Estimated reading time\" \/>\n\t<meta name=\"twitter:data1\" content=\"2 minutes\" \/>\n<script type=\"application\/ld+json\" class=\"yoast-schema-graph\">{\"@context\":\"https:\\\/\\\/schema.org\",\"@graph\":[{\"@type\":\"WebPage\",\"@id\":\"https:\\\/\\\/miralles1986.com\\\/producto\\\/pantalones-sport-3100010-v0129-negro-stone-island\\\/\",\"url\":\"https:\\\/\\\/miralles1986.com\\\/producto\\\/pantalones-sport-3100010-v0129-negro-stone-island\\\/\",\"name\":\"Pantalones algod\u00f3n org\u00e1nico el\u00e1stico sarga rota efecto Old negro Stone Island - Miralles 1986\",\"isPartOf\":{\"@id\":\"https:\\\/\\\/miralles1986.com\\\/#website\"},\"primaryImageOfPage\":{\"@id\":\"https:\\\/\\\/miralles1986.com\\\/producto\\\/pantalones-sport-3100010-v0129-negro-stone-island\\\/#primaryimage\"},\"image\":{\"@id\":\"https:\\\/\\\/miralles1986.com\\\/producto\\\/pantalones-sport-3100010-v0129-negro-stone-island\\\/#primaryimage\"},\"thumbnailUrl\":\"https:\\\/\\\/miralles1986.com\\\/wp-content\\\/uploads\\\/2026\\\/01\\\/Pantalones-algodon-orgsnico-elsstico-sarga-rota-efecto-Old-negro-Stone-Island-2.jpg\",\"datePublished\":\"2026-01-26T19:12:15+00:00\",\"dateModified\":\"2026-03-25T17:58:07+00:00\",\"description\":\"Estos pantalones en algod\u00f3n org\u00e1nico el\u00e1stico con sarga rota efecto Old en color negro\u00a0de Stone Island combinan funcionalidad t\u00e9cnica y est\u00e9tica urbana.\",\"breadcrumb\":{\"@id\":\"https:\\\/\\\/miralles1986.com\\\/producto\\\/pantalones-sport-3100010-v0129-negro-stone-island\\\/#breadcrumb\"},\"inLanguage\":\"en-GB\",\"potentialAction\":[{\"@type\":\"ReadAction\",\"target\":[\"https:\\\/\\\/miralles1986.com\\\/producto\\\/pantalones-sport-3100010-v0129-negro-stone-island\\\/\"]}]},{\"@type\":\"ImageObject\",\"inLanguage\":\"en-GB\",\"@id\":\"https:\\\/\\\/miralles1986.com\\\/producto\\\/pantalones-sport-3100010-v0129-negro-stone-island\\\/#primaryimage\",\"url\":\"https:\\\/\\\/miralles1986.com\\\/wp-content\\\/uploads\\\/2026\\\/01\\\/Pantalones-algodon-orgsnico-elsstico-sarga-rota-efecto-Old-negro-Stone-Island-2.jpg\",\"contentUrl\":\"https:\\\/\\\/miralles1986.com\\\/wp-content\\\/uploads\\\/2026\\\/01\\\/Pantalones-algodon-orgsnico-elsstico-sarga-rota-efecto-Old-negro-Stone-Island-2.jpg\",\"width\":1000,\"height\":1000,\"caption\":\"Pantalones algod\u00f3n org\u00e1nico el\u00e1stico sarga rota efecto Old negro Stone Island\"},{\"@type\":\"BreadcrumbList\",\"@id\":\"https:\\\/\\\/miralles1986.com\\\/producto\\\/pantalones-sport-3100010-v0129-negro-stone-island\\\/#breadcrumb\",\"itemListElement\":[{\"@type\":\"ListItem\",\"position\":1,\"name\":\"Portada\",\"item\":\"https:\\\/\\\/miralles1986.com\\\/\"},{\"@type\":\"ListItem\",\"position\":2,\"name\":\"Ropa de lujo para hombre | Stone Island, Y-3, C.P. Company\",\"item\":\"https:\\\/\\\/miralles1986.com\\\/tienda\\\/\"},{\"@type\":\"ListItem\",\"position\":3,\"name\":\"Pantalones algod\u00f3n org\u00e1nico el\u00e1stico sarga rota efecto Old negro Stone Island\"}]},{\"@type\":\"WebSite\",\"@id\":\"https:\\\/\\\/miralles1986.com\\\/#website\",\"url\":\"https:\\\/\\\/miralles1986.com\\\/\",\"name\":\"Miralles 1986\",\"description\":\"Moda masculina de lujo en Valencia\",\"publisher\":{\"@id\":\"https:\\\/\\\/miralles1986.com\\\/#organization\"},\"potentialAction\":[{\"@type\":\"SearchAction\",\"target\":{\"@type\":\"EntryPoint\",\"urlTemplate\":\"https:\\\/\\\/miralles1986.com\\\/?s={search_term_string}\"},\"query-input\":{\"@type\":\"PropertyValueSpecification\",\"valueRequired\":true,\"valueName\":\"search_term_string\"}}],\"inLanguage\":\"en-GB\"},{\"@type\":\"Organization\",\"@id\":\"https:\\\/\\\/miralles1986.com\\\/#organization\",\"name\":\"Miralles 1986\",\"alternateName\":\"Miralles\",\"url\":\"https:\\\/\\\/miralles1986.com\\\/\",\"logo\":{\"@type\":\"ImageObject\",\"inLanguage\":\"en-GB\",\"@id\":\"https:\\\/\\\/miralles1986.com\\\/#\\\/schema\\\/logo\\\/image\\\/\",\"url\":\"https:\\\/\\\/miralles1986.com\\\/wp-content\\\/uploads\\\/2024\\\/09\\\/logo-miralles-1986-pequeno-bl.png\",\"contentUrl\":\"https:\\\/\\\/miralles1986.com\\\/wp-content\\\/uploads\\\/2024\\\/09\\\/logo-miralles-1986-pequeno-bl.png\",\"width\":201,\"height\":73,\"caption\":\"Miralles 1986\"},\"image\":{\"@id\":\"https:\\\/\\\/miralles1986.com\\\/#\\\/schema\\\/logo\\\/image\\\/\"},\"sameAs\":[\"https:\\\/\\\/www.facebook.com\\\/miralles1986\",\"https:\\\/\\\/www.instagram.com\\\/miralles1986_\\\/\"]}]}<\/script>\n<!-- \/ Yoast SEO plugin. -->","yoast_head_json":{"title":"Stone Island - Miralles 1986 stretch organic cotton trousers with a distressed twill effect in black","description":"These Stone Island stretch organic cotton trousers with a distressed twill texture and vintage effect in black combine technical functionality with urban aesthetics.","robots":{"index":"index","follow":"follow","max-snippet":"max-snippet:-1","max-image-preview":"max-image-preview:large","max-video-preview":"max-video-preview:-1"},"canonical":"https:\/\/miralles1986.com\/en\/product\/pantalones-sport-3100010-v0129-negro-stone-island\/","og_locale":"en_GB","og_type":"article","og_title":"Pantalones algod\u00f3n org\u00e1nico el\u00e1stico sarga rota efecto Old negro Stone Island - Miralles 1986","og_description":"Estos pantalones en algod\u00f3n org\u00e1nico el\u00e1stico con sarga rota efecto Old en color negro\u00a0de Stone Island combinan funcionalidad t\u00e9cnica y est\u00e9tica urbana.","og_url":"https:\/\/miralles1986.com\/en\/product\/pantalones-sport-3100010-v0129-negro-stone-island\/","og_site_name":"Miralles 1986","article_publisher":"https:\/\/www.facebook.com\/miralles1986","article_modified_time":"2026-03-25T17:58:07+00:00","og_image":[{"width":1000,"height":1000,"url":"https:\/\/miralles1986.com\/wp-content\/uploads\/2026\/01\/Pantalones-algodon-orgsnico-elsstico-sarga-rota-efecto-Old-negro-Stone-Island-2.jpg","type":"image\/jpeg"}],"twitter_card":"summary_large_image","twitter_misc":{"Estimated reading time":"2 minutes"},"schema":{"@context":"https:\/\/schema.org","@graph":[{"@type":"WebPage","@id":"https:\/\/miralles1986.com\/producto\/pantalones-sport-3100010-v0129-negro-stone-island\/","url":"https:\/\/miralles1986.com\/producto\/pantalones-sport-3100010-v0129-negro-stone-island\/","name":"Stone Island - Miralles 1986 stretch organic cotton trousers with a distressed twill effect in black","isPartOf":{"@id":"https:\/\/miralles1986.com\/#website"},"primaryImageOfPage":{"@id":"https:\/\/miralles1986.com\/producto\/pantalones-sport-3100010-v0129-negro-stone-island\/#primaryimage"},"image":{"@id":"https:\/\/miralles1986.com\/producto\/pantalones-sport-3100010-v0129-negro-stone-island\/#primaryimage"},"thumbnailUrl":"https:\/\/miralles1986.com\/wp-content\/uploads\/2026\/01\/Pantalones-algodon-orgsnico-elsstico-sarga-rota-efecto-Old-negro-Stone-Island-2.jpg","datePublished":"2026-01-26T19:12:15+00:00","dateModified":"2026-03-25T17:58:07+00:00","description":"These Stone Island stretch organic cotton trousers with a distressed twill texture and vintage effect in black combine technical functionality with urban aesthetics.","breadcrumb":{"@id":"https:\/\/miralles1986.com\/producto\/pantalones-sport-3100010-v0129-negro-stone-island\/#breadcrumb"},"inLanguage":"en-GB","potentialAction":[{"@type":"ReadAction","target":["https:\/\/miralles1986.com\/producto\/pantalones-sport-3100010-v0129-negro-stone-island\/"]}]},{"@type":"ImageObject","inLanguage":"en-GB","@id":"https:\/\/miralles1986.com\/producto\/pantalones-sport-3100010-v0129-negro-stone-island\/#primaryimage","url":"https:\/\/miralles1986.com\/wp-content\/uploads\/2026\/01\/Pantalones-algodon-orgsnico-elsstico-sarga-rota-efecto-Old-negro-Stone-Island-2.jpg","contentUrl":"https:\/\/miralles1986.com\/wp-content\/uploads\/2026\/01\/Pantalones-algodon-orgsnico-elsstico-sarga-rota-efecto-Old-negro-Stone-Island-2.jpg","width":1000,"height":1000,"caption":"Pantalones algod\u00f3n org\u00e1nico el\u00e1stico sarga rota efecto Old negro Stone Island"},{"@type":"BreadcrumbList","@id":"https:\/\/miralles1986.com\/producto\/pantalones-sport-3100010-v0129-negro-stone-island\/#breadcrumb","itemListElement":[{"@type":"ListItem","position":1,"name":"Portada","item":"https:\/\/miralles1986.com\/"},{"@type":"ListItem","position":2,"name":"Ropa de lujo para hombre | Stone Island, Y-3, C.P. Company","item":"https:\/\/miralles1986.com\/tienda\/"},{"@type":"ListItem","position":3,"name":"Pantalones algod\u00f3n org\u00e1nico el\u00e1stico sarga rota efecto Old negro Stone Island"}]},{"@type":"WebSite","@id":"https:\/\/miralles1986.com\/#website","url":"https:\/\/miralles1986.com\/","name":"Miralles 1986","description":"Luxury men&#039;s fashion in Valencia","publisher":{"@id":"https:\/\/miralles1986.com\/#organization"},"potentialAction":[{"@type":"SearchAction","target":{"@type":"EntryPoint","urlTemplate":"https:\/\/miralles1986.com\/?s={search_term_string}"},"query-input":{"@type":"PropertyValueSpecification","valueRequired":true,"valueName":"search_term_string"}}],"inLanguage":"en-GB"},{"@type":"Organization","@id":"https:\/\/miralles1986.com\/#organization","name":"Miralles 1986","alternateName":"Miralles","url":"https:\/\/miralles1986.com\/","logo":{"@type":"ImageObject","inLanguage":"en-GB","@id":"https:\/\/miralles1986.com\/#\/schema\/logo\/image\/","url":"https:\/\/miralles1986.com\/wp-content\/uploads\/2024\/09\/logo-miralles-1986-pequeno-bl.png","contentUrl":"https:\/\/miralles1986.com\/wp-content\/uploads\/2024\/09\/logo-miralles-1986-pequeno-bl.png","width":201,"height":73,"caption":"Miralles 1986"},"image":{"@id":"https:\/\/miralles1986.com\/#\/schema\/logo\/image\/"},"sameAs":["https:\/\/www.facebook.com\/miralles1986","https:\/\/www.instagram.com\/miralles1986_\/"]}]}},"brands":[{"id":165,"name":"Stone Island","slug":"stone-island"}],"_links":{"self":[{"href":"https:\/\/miralles1986.com\/en\/wp-json\/wp\/v2\/product\/16766","targetHints":{"allow":["GET"]}}],"collection":[{"href":"https:\/\/miralles1986.com\/en\/wp-json\/wp\/v2\/product"}],"about":[{"href":"https:\/\/miralles1986.com\/en\/wp-json\/wp\/v2\/types\/product"}],"replies":[{"embeddable":true,"href":"https:\/\/miralles1986.com\/en\/wp-json\/wp\/v2\/comments?post=16766"}],"wp:featuredmedia":[{"embeddable":true,"href":"https:\/\/miralles1986.com\/en\/wp-json\/wp\/v2\/media\/18715"}],"wp:attachment":[{"href":"https:\/\/miralles1986.com\/en\/wp-json\/wp\/v2\/media?parent=16766"}],"wp:term":[{"taxonomy":"pwb-brand","embeddable":true,"href":"https:\/\/miralles1986.com\/en\/wp-json\/wp\/v2\/pwb-brand?post=16766"},{"taxonomy":"product_brand","embeddable":true,"href":"https:\/\/miralles1986.com\/en\/wp-json\/wp\/v2\/product_brand?post=16766"},{"taxonomy":"product_cat","embeddable":true,"href":"https:\/\/miralles1986.com\/en\/wp-json\/wp\/v2\/product_cat?post=16766"},{"taxonomy":"product_tag","embeddable":true,"href":"https:\/\/miralles1986.com\/en\/wp-json\/wp\/v2\/product_tag?post=16766"}],"curies":[{"name":"wp","href":"https:\/\/api.w.org\/{rel}","templated":true}]}}