{"id":16856,"date":"2026-01-28T17:42:15","date_gmt":"2026-01-28T16:42:15","guid":{"rendered":"https:\/\/miralles1986.com\/?post_type=product&#038;p=16856"},"modified":"2026-03-31T17:27:24","modified_gmt":"2026-03-31T15:27:24","slug":"sobrecamisa-1200005-algodon-organico-mercerizado-ripstop-desert-stone-island","status":"publish","type":"product","link":"https:\/\/miralles1986.com\/en\/producto\/sobrecamisa-1200005-algodon-organico-mercerizado-ripstop-desert-stone-island\/","title":{"rendered":"Overshirt 1200005 Organic Mercerized Cotton Ripstop Desert Stone Island"},"content":{"rendered":"<p data-start=\"616\" data-end=\"926\"><strong data-start=\"619\" data-end=\"670\">The 1200005 Organic Mercerized Cotton Ripstop Desert Overshirt <a href=\"https:\/\/miralles1986.com\/en\/brand\/stone-island\/\">Stone Island,<\/a> <\/strong>It offers durability without sacrificing comfort. Garment dyeing gives it a unique finish, with distinctive nuances and a contemporary look.<\/p>\n<p data-start=\"703\" data-end=\"1046\">It features a functional design with vertical front patch pockets with snap closures and pleats, a double-slider zip fastening, and adjustable snap-button cuffs. The back yoke enhances the fit and reinforces the garment&#039;s structure. The Stone Island logo on the left sleeve adds the brand&#039;s signature touch.<\/p>\n<p data-start=\"1048\" data-end=\"1182\">A versatile overshirt, ideal for use as a mid-layer or outer layer in between seasons, combining technical style and urban aesthetics.<\/p>\n<p data-start=\"1184\" data-end=\"1237\">Made in Romania to high quality standards.<\/p>\n<h3 data-start=\"1244\" data-end=\"1276\">Characteristics:<\/h3>\n<ul data-start=\"1277\" data-end=\"1591\">\n<li data-start=\"1277\" data-end=\"1317\">\n<p data-start=\"1279\" data-end=\"1317\">Mercerized organic ripstop cotton<\/p>\n<\/li>\n<li data-start=\"1318\" data-end=\"1338\">\n<p data-start=\"1320\" data-end=\"1338\">Garment dyeing<\/p>\n<\/li>\n<li data-start=\"1339\" data-end=\"1355\">\n<p data-start=\"1341\" data-end=\"1355\">Comfortable fit<\/p>\n<\/li>\n<li data-start=\"1356\" data-end=\"1410\">\n<p data-start=\"1358\" data-end=\"1410\">Front patch pockets with snap button<\/p>\n<\/li>\n<li data-start=\"1411\" data-end=\"1441\">\n<p data-start=\"1413\" data-end=\"1441\">Double-slider zipper<\/p>\n<\/li>\n<li data-start=\"1442\" data-end=\"1482\">\n<p data-start=\"1444\" data-end=\"1482\">Adjustable cuffs with snap button<\/p>\n<\/li>\n<li data-start=\"1483\" data-end=\"1501\">\n<p data-start=\"1485\" data-end=\"1501\">Rear yoke<\/p>\n<\/li>\n<li data-start=\"1502\" data-end=\"1549\">\n<p data-start=\"1504\" data-end=\"1549\">Stone Island insignia on the left sleeve<\/p>\n<\/li>\n<li data-start=\"1550\" data-end=\"1566\">\n<p data-start=\"1552\" data-end=\"1566\">100% cotton<\/p>\n<\/li>\n<li data-start=\"1567\" data-end=\"1591\">\n<p data-start=\"1569\" data-end=\"1591\">Made in Romania<\/p>\n<\/li>\n<\/ul>\n<h3 data-start=\"1598\" data-end=\"1623\">Garment care<\/h3>\n<ul data-start=\"1624\" data-end=\"1811\">\n<li data-start=\"1624\" data-end=\"1662\">\n<p data-start=\"1626\" data-end=\"1662\">Wash delicately at maximum 30\u00b0C<\/p>\n<\/li>\n<li data-start=\"1663\" data-end=\"1680\">\n<p data-start=\"1665\" data-end=\"1680\">Do not use chlorine<\/p>\n<\/li>\n<li data-start=\"1681\" data-end=\"1705\">\n<p data-start=\"1683\" data-end=\"1705\">Do not tumble dry<\/p>\n<\/li>\n<li data-start=\"1706\" data-end=\"1760\">\n<p data-start=\"1708\" data-end=\"1760\">Iron at a maximum temperature of 110\u00b0C, without steam<\/p>\n<\/li>\n<li data-start=\"1761\" data-end=\"1781\">\n<p data-start=\"1763\" data-end=\"1781\">Do not dry clean<\/p>\n<\/li>\n<li data-start=\"1782\" data-end=\"1811\">\n<p data-start=\"1784\" data-end=\"1811\">Hang to dry in the shade<\/p>\n<\/li>\n<\/ul>\n<h3 data-start=\"1818\" data-end=\"1854\">Why buy this product?<\/h3>\n<ul data-start=\"1855\" data-end=\"2222\">\n<li data-start=\"1855\" data-end=\"1918\">\n<p data-start=\"1857\" data-end=\"1918\">High-quality organic cotton, more sustainable and durable<\/p>\n<\/li>\n<li data-start=\"1919\" data-end=\"1967\">\n<p data-start=\"1921\" data-end=\"1967\">Technical and timeless design, easy to combine<\/p>\n<\/li>\n<li data-start=\"1968\" data-end=\"2031\">\n<p data-start=\"1970\" data-end=\"2031\">Garment-dyed finish that adds character and exclusivity<\/p>\n<\/li>\n<li data-start=\"2032\" data-end=\"2096\">\n<p data-start=\"2034\" data-end=\"2096\">A versatile garment for everyday wear or more polished urban looks.<\/p>\n<\/li>\n<li data-start=\"2097\" data-end=\"2159\">\n<p data-start=\"2099\" data-end=\"2159\">Functional details designed for comfort and practicality<\/p>\n<\/li>\n<li data-start=\"2160\" data-end=\"2222\">\n<p data-start=\"2162\" data-end=\"2222\">The Stone Island brand as a guarantee of innovation and style<\/p>\n<\/li>\n<\/ul>\n<p data-start=\"1212\" data-end=\"1496\"><strong data-start=\"619\" data-end=\"670\">The 1200005 Organic Mercerized Cotton Ripstop Desert Overshirt <a href=\"https:\/\/miralles1986.com\/en\/brand\/stone-island\/\">Stone Island<\/a> It is available in Miralles 1986.<\/strong><\/p>","protected":false},"excerpt":{"rendered":"<p data-start=\"202\" data-end=\"407\">Mercerized, garment-dyed, organic ripstop cotton overshirt with a comfortable fit. Functional design with patch pockets, a double-slider zipper, and the iconic Stone Island logo on the sleeve.<\/p>","protected":false},"featured_media":16863,"comment_status":"closed","ping_status":"closed","template":"","meta":[],"pwb-brand":[165],"product_brand":[818],"product_cat":[291,167,773,993,168,992],"product_tag":[171,986,857,1021,293,183,1042],"class_list":{"0":"post-16856","1":"product","2":"type-product","3":"status-publish","4":"has-post-thumbnail","6":"pwb-brand-stone-island","7":"product_brand-tienda-miralles","8":"product_cat-camisas","9":"product_cat-chaquetas","10":"product_cat-chaquetas-deportivas","11":"product_cat-chaquetas-stone-island","12":"product_cat-ropa","13":"product_cat-stone-island","14":"product_tag-chaquetas","15":"product_tag-chaquetas-sport","16":"product_tag-chaquetas-stone-island","17":"product_tag-primavera-verano-2026","18":"product_tag-sobrecamisa","19":"product_tag-stone-island","20":"product_tag-stone-island-ss26","21":"pa_color-desierto","22":"pa_composicion-algodon-oranico-ripstop-mercerizado","23":"pa_tamano-l","24":"pa_tamano-m","25":"pa_tamano-s","26":"pa_tamano-xl","27":"pa_tamano-xs","28":"pa_tamano-xxl","30":"first","31":"instock","32":"sold-individually","33":"taxable","34":"shipping-taxable","35":"purchasable","36":"product-type-variable"},"supplier_id":null,"supplier_sku":"","barcode":null,"atum_controlled":true,"out_stock_date":null,"out_stock_threshold":null,"inheritable":true,"inbound_stock":0,"stock_on_hold":0,"sold_today":null,"sales_last_days":null,"reserved_stock":0,"customer_returns":null,"warehouse_damage":null,"lost_in_post":null,"other_logs":null,"out_stock_days":null,"lost_sales":null,"has_location":false,"update_date":"2026-05-11T10:36:52","atum_locations":[],"atum_stock_status":"instock","restock_status":false,"low_stock_amount":"","sales_update_date":"2026-05-11T10:36:52","calc_backorders":null,"yoast_head":"<!-- This site is optimized with the Yoast SEO plugin v27.5 - https:\/\/yoast.com\/product\/yoast-seo-wordpress\/ -->\n<title>Sobrecamisa 1200005 algod\u00f3n org\u00e1nico mercerizado Ripstop Desert Stone Island - Miralles 1986<\/title>\n<meta name=\"description\" content=\"La sobrecamisa 1200005 algod\u00f3n org\u00e1nico mercerizado Ripstop Desert de Stone Island, aporta durabilidad sin renunciar a la comodidad.\" \/>\n<meta name=\"robots\" content=\"index, follow, max-snippet:-1, max-image-preview:large, max-video-preview:-1\" \/>\n<link rel=\"canonical\" href=\"https:\/\/miralles1986.com\/en\/product\/sobrecamisa-1200005-algodon-organico-mercerizado-ripstop-desert-stone-island\/\" \/>\n<meta property=\"og:locale\" content=\"en_GB\" \/>\n<meta property=\"og:type\" content=\"article\" \/>\n<meta property=\"og:title\" content=\"Sobrecamisa 1200005 algod\u00f3n org\u00e1nico mercerizado Ripstop Desert Stone Island - Miralles 1986\" \/>\n<meta property=\"og:description\" content=\"La sobrecamisa 1200005 algod\u00f3n org\u00e1nico mercerizado Ripstop Desert de Stone Island, aporta durabilidad sin renunciar a la comodidad.\" \/>\n<meta property=\"og:url\" content=\"https:\/\/miralles1986.com\/en\/product\/sobrecamisa-1200005-algodon-organico-mercerizado-ripstop-desert-stone-island\/\" \/>\n<meta property=\"og:site_name\" content=\"Miralles 1986\" \/>\n<meta property=\"article:publisher\" content=\"https:\/\/www.facebook.com\/miralles1986\" \/>\n<meta property=\"article:modified_time\" content=\"2026-03-31T15:27:24+00:00\" \/>\n<meta property=\"og:image\" content=\"https:\/\/miralles1986.com\/wp-content\/uploads\/2026\/01\/sobrecamisa-de-corte-comodo-con-cremallera-y-bolsillos-1200005-mercerised-organic-cotton-ripstop-L1S151200005S0298V005G-2.jpg\" \/>\n\t<meta property=\"og:image:width\" content=\"1000\" \/>\n\t<meta property=\"og:image:height\" content=\"1000\" \/>\n\t<meta property=\"og:image:type\" content=\"image\/jpeg\" \/>\n<meta name=\"twitter:card\" content=\"summary_large_image\" \/>\n<meta name=\"twitter:label1\" content=\"Estimated reading time\" \/>\n\t<meta name=\"twitter:data1\" content=\"2 minutes\" \/>\n<script type=\"application\/ld+json\" class=\"yoast-schema-graph\">{\"@context\":\"https:\\\/\\\/schema.org\",\"@graph\":[{\"@type\":\"WebPage\",\"@id\":\"https:\\\/\\\/miralles1986.com\\\/producto\\\/sobrecamisa-1200005-algodon-organico-mercerizado-ripstop-desert-stone-island\\\/\",\"url\":\"https:\\\/\\\/miralles1986.com\\\/producto\\\/sobrecamisa-1200005-algodon-organico-mercerizado-ripstop-desert-stone-island\\\/\",\"name\":\"Sobrecamisa 1200005 algod\u00f3n org\u00e1nico mercerizado Ripstop Desert Stone Island - Miralles 1986\",\"isPartOf\":{\"@id\":\"https:\\\/\\\/miralles1986.com\\\/#website\"},\"primaryImageOfPage\":{\"@id\":\"https:\\\/\\\/miralles1986.com\\\/producto\\\/sobrecamisa-1200005-algodon-organico-mercerizado-ripstop-desert-stone-island\\\/#primaryimage\"},\"image\":{\"@id\":\"https:\\\/\\\/miralles1986.com\\\/producto\\\/sobrecamisa-1200005-algodon-organico-mercerizado-ripstop-desert-stone-island\\\/#primaryimage\"},\"thumbnailUrl\":\"https:\\\/\\\/miralles1986.com\\\/wp-content\\\/uploads\\\/2026\\\/01\\\/sobrecamisa-de-corte-comodo-con-cremallera-y-bolsillos-1200005-mercerised-organic-cotton-ripstop-L1S151200005S0298V005G-2.jpg\",\"datePublished\":\"2026-01-28T16:42:15+00:00\",\"dateModified\":\"2026-03-31T15:27:24+00:00\",\"description\":\"La sobrecamisa 1200005 algod\u00f3n org\u00e1nico mercerizado Ripstop Desert de Stone Island, aporta durabilidad sin renunciar a la comodidad.\",\"breadcrumb\":{\"@id\":\"https:\\\/\\\/miralles1986.com\\\/producto\\\/sobrecamisa-1200005-algodon-organico-mercerizado-ripstop-desert-stone-island\\\/#breadcrumb\"},\"inLanguage\":\"en-GB\",\"potentialAction\":[{\"@type\":\"ReadAction\",\"target\":[\"https:\\\/\\\/miralles1986.com\\\/producto\\\/sobrecamisa-1200005-algodon-organico-mercerizado-ripstop-desert-stone-island\\\/\"]}]},{\"@type\":\"ImageObject\",\"inLanguage\":\"en-GB\",\"@id\":\"https:\\\/\\\/miralles1986.com\\\/producto\\\/sobrecamisa-1200005-algodon-organico-mercerizado-ripstop-desert-stone-island\\\/#primaryimage\",\"url\":\"https:\\\/\\\/miralles1986.com\\\/wp-content\\\/uploads\\\/2026\\\/01\\\/sobrecamisa-de-corte-comodo-con-cremallera-y-bolsillos-1200005-mercerised-organic-cotton-ripstop-L1S151200005S0298V005G-2.jpg\",\"contentUrl\":\"https:\\\/\\\/miralles1986.com\\\/wp-content\\\/uploads\\\/2026\\\/01\\\/sobrecamisa-de-corte-comodo-con-cremallera-y-bolsillos-1200005-mercerised-organic-cotton-ripstop-L1S151200005S0298V005G-2.jpg\",\"width\":1000,\"height\":1000,\"caption\":\"Sobrecamisa 1200005 algod\u00f3n org\u00e1nico mercerizado Ripstop Desert Stone Island\"},{\"@type\":\"BreadcrumbList\",\"@id\":\"https:\\\/\\\/miralles1986.com\\\/producto\\\/sobrecamisa-1200005-algodon-organico-mercerizado-ripstop-desert-stone-island\\\/#breadcrumb\",\"itemListElement\":[{\"@type\":\"ListItem\",\"position\":1,\"name\":\"Portada\",\"item\":\"https:\\\/\\\/miralles1986.com\\\/\"},{\"@type\":\"ListItem\",\"position\":2,\"name\":\"Ropa de lujo para hombre | Stone Island, Y-3, C.P. Company\",\"item\":\"https:\\\/\\\/miralles1986.com\\\/tienda\\\/\"},{\"@type\":\"ListItem\",\"position\":3,\"name\":\"Sobrecamisa 1200005 algod\u00f3n org\u00e1nico mercerizado Ripstop Desert Stone Island\"}]},{\"@type\":\"WebSite\",\"@id\":\"https:\\\/\\\/miralles1986.com\\\/#website\",\"url\":\"https:\\\/\\\/miralles1986.com\\\/\",\"name\":\"Miralles 1986\",\"description\":\"Moda masculina de lujo en Valencia\",\"publisher\":{\"@id\":\"https:\\\/\\\/miralles1986.com\\\/#organization\"},\"potentialAction\":[{\"@type\":\"SearchAction\",\"target\":{\"@type\":\"EntryPoint\",\"urlTemplate\":\"https:\\\/\\\/miralles1986.com\\\/?s={search_term_string}\"},\"query-input\":{\"@type\":\"PropertyValueSpecification\",\"valueRequired\":true,\"valueName\":\"search_term_string\"}}],\"inLanguage\":\"en-GB\"},{\"@type\":\"Organization\",\"@id\":\"https:\\\/\\\/miralles1986.com\\\/#organization\",\"name\":\"Miralles 1986\",\"alternateName\":\"Miralles\",\"url\":\"https:\\\/\\\/miralles1986.com\\\/\",\"logo\":{\"@type\":\"ImageObject\",\"inLanguage\":\"en-GB\",\"@id\":\"https:\\\/\\\/miralles1986.com\\\/#\\\/schema\\\/logo\\\/image\\\/\",\"url\":\"https:\\\/\\\/miralles1986.com\\\/wp-content\\\/uploads\\\/2024\\\/09\\\/logo-miralles-1986-pequeno-bl.png\",\"contentUrl\":\"https:\\\/\\\/miralles1986.com\\\/wp-content\\\/uploads\\\/2024\\\/09\\\/logo-miralles-1986-pequeno-bl.png\",\"width\":201,\"height\":73,\"caption\":\"Miralles 1986\"},\"image\":{\"@id\":\"https:\\\/\\\/miralles1986.com\\\/#\\\/schema\\\/logo\\\/image\\\/\"},\"sameAs\":[\"https:\\\/\\\/www.facebook.com\\\/miralles1986\",\"https:\\\/\\\/www.instagram.com\\\/miralles1986_\\\/\"]}]}<\/script>\n<!-- \/ Yoast SEO plugin. -->","yoast_head_json":{"title":"Overshirt 1200005 Organic Mercerized Cotton Ripstop Desert Stone Island - Miralles 1986","description":"The Stone Island 1200005 Organic Mercerized Cotton Ripstop Desert Overshirt provides durability without sacrificing comfort.","robots":{"index":"index","follow":"follow","max-snippet":"max-snippet:-1","max-image-preview":"max-image-preview:large","max-video-preview":"max-video-preview:-1"},"canonical":"https:\/\/miralles1986.com\/en\/product\/sobrecamisa-1200005-algodon-organico-mercerizado-ripstop-desert-stone-island\/","og_locale":"en_GB","og_type":"article","og_title":"Sobrecamisa 1200005 algod\u00f3n org\u00e1nico mercerizado Ripstop Desert Stone Island - Miralles 1986","og_description":"La sobrecamisa 1200005 algod\u00f3n org\u00e1nico mercerizado Ripstop Desert de Stone Island, aporta durabilidad sin renunciar a la comodidad.","og_url":"https:\/\/miralles1986.com\/en\/product\/sobrecamisa-1200005-algodon-organico-mercerizado-ripstop-desert-stone-island\/","og_site_name":"Miralles 1986","article_publisher":"https:\/\/www.facebook.com\/miralles1986","article_modified_time":"2026-03-31T15:27:24+00:00","og_image":[{"width":1000,"height":1000,"url":"https:\/\/miralles1986.com\/wp-content\/uploads\/2026\/01\/sobrecamisa-de-corte-comodo-con-cremallera-y-bolsillos-1200005-mercerised-organic-cotton-ripstop-L1S151200005S0298V005G-2.jpg","type":"image\/jpeg"}],"twitter_card":"summary_large_image","twitter_misc":{"Estimated reading time":"2 minutes"},"schema":{"@context":"https:\/\/schema.org","@graph":[{"@type":"WebPage","@id":"https:\/\/miralles1986.com\/producto\/sobrecamisa-1200005-algodon-organico-mercerizado-ripstop-desert-stone-island\/","url":"https:\/\/miralles1986.com\/producto\/sobrecamisa-1200005-algodon-organico-mercerizado-ripstop-desert-stone-island\/","name":"Overshirt 1200005 Organic Mercerized Cotton Ripstop Desert Stone Island - Miralles 1986","isPartOf":{"@id":"https:\/\/miralles1986.com\/#website"},"primaryImageOfPage":{"@id":"https:\/\/miralles1986.com\/producto\/sobrecamisa-1200005-algodon-organico-mercerizado-ripstop-desert-stone-island\/#primaryimage"},"image":{"@id":"https:\/\/miralles1986.com\/producto\/sobrecamisa-1200005-algodon-organico-mercerizado-ripstop-desert-stone-island\/#primaryimage"},"thumbnailUrl":"https:\/\/miralles1986.com\/wp-content\/uploads\/2026\/01\/sobrecamisa-de-corte-comodo-con-cremallera-y-bolsillos-1200005-mercerised-organic-cotton-ripstop-L1S151200005S0298V005G-2.jpg","datePublished":"2026-01-28T16:42:15+00:00","dateModified":"2026-03-31T15:27:24+00:00","description":"The Stone Island 1200005 Organic Mercerized Cotton Ripstop Desert Overshirt provides durability without sacrificing comfort.","breadcrumb":{"@id":"https:\/\/miralles1986.com\/producto\/sobrecamisa-1200005-algodon-organico-mercerizado-ripstop-desert-stone-island\/#breadcrumb"},"inLanguage":"en-GB","potentialAction":[{"@type":"ReadAction","target":["https:\/\/miralles1986.com\/producto\/sobrecamisa-1200005-algodon-organico-mercerizado-ripstop-desert-stone-island\/"]}]},{"@type":"ImageObject","inLanguage":"en-GB","@id":"https:\/\/miralles1986.com\/producto\/sobrecamisa-1200005-algodon-organico-mercerizado-ripstop-desert-stone-island\/#primaryimage","url":"https:\/\/miralles1986.com\/wp-content\/uploads\/2026\/01\/sobrecamisa-de-corte-comodo-con-cremallera-y-bolsillos-1200005-mercerised-organic-cotton-ripstop-L1S151200005S0298V005G-2.jpg","contentUrl":"https:\/\/miralles1986.com\/wp-content\/uploads\/2026\/01\/sobrecamisa-de-corte-comodo-con-cremallera-y-bolsillos-1200005-mercerised-organic-cotton-ripstop-L1S151200005S0298V005G-2.jpg","width":1000,"height":1000,"caption":"Sobrecamisa 1200005 algod\u00f3n org\u00e1nico mercerizado Ripstop Desert Stone Island"},{"@type":"BreadcrumbList","@id":"https:\/\/miralles1986.com\/producto\/sobrecamisa-1200005-algodon-organico-mercerizado-ripstop-desert-stone-island\/#breadcrumb","itemListElement":[{"@type":"ListItem","position":1,"name":"Portada","item":"https:\/\/miralles1986.com\/"},{"@type":"ListItem","position":2,"name":"Ropa de lujo para hombre | Stone Island, Y-3, C.P. Company","item":"https:\/\/miralles1986.com\/tienda\/"},{"@type":"ListItem","position":3,"name":"Sobrecamisa 1200005 algod\u00f3n org\u00e1nico mercerizado Ripstop Desert Stone Island"}]},{"@type":"WebSite","@id":"https:\/\/miralles1986.com\/#website","url":"https:\/\/miralles1986.com\/","name":"Miralles 1986","description":"Luxury men&#039;s fashion in Valencia","publisher":{"@id":"https:\/\/miralles1986.com\/#organization"},"potentialAction":[{"@type":"SearchAction","target":{"@type":"EntryPoint","urlTemplate":"https:\/\/miralles1986.com\/?s={search_term_string}"},"query-input":{"@type":"PropertyValueSpecification","valueRequired":true,"valueName":"search_term_string"}}],"inLanguage":"en-GB"},{"@type":"Organization","@id":"https:\/\/miralles1986.com\/#organization","name":"Miralles 1986","alternateName":"Miralles","url":"https:\/\/miralles1986.com\/","logo":{"@type":"ImageObject","inLanguage":"en-GB","@id":"https:\/\/miralles1986.com\/#\/schema\/logo\/image\/","url":"https:\/\/miralles1986.com\/wp-content\/uploads\/2024\/09\/logo-miralles-1986-pequeno-bl.png","contentUrl":"https:\/\/miralles1986.com\/wp-content\/uploads\/2024\/09\/logo-miralles-1986-pequeno-bl.png","width":201,"height":73,"caption":"Miralles 1986"},"image":{"@id":"https:\/\/miralles1986.com\/#\/schema\/logo\/image\/"},"sameAs":["https:\/\/www.facebook.com\/miralles1986","https:\/\/www.instagram.com\/miralles1986_\/"]}]}},"brands":[{"id":165,"name":"Stone Island","slug":"stone-island"}],"_links":{"self":[{"href":"https:\/\/miralles1986.com\/en\/wp-json\/wp\/v2\/product\/16856","targetHints":{"allow":["GET"]}}],"collection":[{"href":"https:\/\/miralles1986.com\/en\/wp-json\/wp\/v2\/product"}],"about":[{"href":"https:\/\/miralles1986.com\/en\/wp-json\/wp\/v2\/types\/product"}],"replies":[{"embeddable":true,"href":"https:\/\/miralles1986.com\/en\/wp-json\/wp\/v2\/comments?post=16856"}],"wp:featuredmedia":[{"embeddable":true,"href":"https:\/\/miralles1986.com\/en\/wp-json\/wp\/v2\/media\/16863"}],"wp:attachment":[{"href":"https:\/\/miralles1986.com\/en\/wp-json\/wp\/v2\/media?parent=16856"}],"wp:term":[{"taxonomy":"pwb-brand","embeddable":true,"href":"https:\/\/miralles1986.com\/en\/wp-json\/wp\/v2\/pwb-brand?post=16856"},{"taxonomy":"product_brand","embeddable":true,"href":"https:\/\/miralles1986.com\/en\/wp-json\/wp\/v2\/product_brand?post=16856"},{"taxonomy":"product_cat","embeddable":true,"href":"https:\/\/miralles1986.com\/en\/wp-json\/wp\/v2\/product_cat?post=16856"},{"taxonomy":"product_tag","embeddable":true,"href":"https:\/\/miralles1986.com\/en\/wp-json\/wp\/v2\/product_tag?post=16856"}],"curies":[{"name":"wp","href":"https:\/\/api.w.org\/{rel}","templated":true}]}}