{"id":16865,"date":"2026-01-28T18:10:19","date_gmt":"2026-01-28T17:10:19","guid":{"rendered":"https:\/\/miralles1986.com\/?post_type=product&#038;p=16865"},"modified":"2026-03-31T17:27:52","modified_gmt":"2026-03-31T15:27:52","slug":"pantalones-algodon-organico-stretch-broken-twill-efecto-old-3100008-v009a-stone-island","status":"publish","type":"product","link":"https:\/\/miralles1986.com\/en\/producto\/pantalones-algodon-organico-stretch-broken-twill-efecto-old-3100008-v009a-stone-island\/","title":{"rendered":"Organic Cotton Stretch Trousers Broken Twill Effect Old 3100008 V009A Stone Island"},"content":{"rendered":"<p data-start=\"445\" data-end=\"893\">These <strong><a href=\"https:\/\/miralles1986.com\/en\/product-category\/clothes\/pants\/miralles-sport-trousers-1986\/\">pants<\/a> Organic Cotton Stretch Broken Twill Effect Old 3100008 V009A<\/strong>\u00a0<a href=\"https:\/\/miralles1986.com\/en\/brand\/stone-island\/\"><strong>Stone Island<\/strong><\/a> They are made from organic, stretchy, broken twill cotton, a durable fabric with a soft, supple texture that ensures comfort and longevity. The garment has been garment-dyed with an &quot;OLD&quot; effect, an exclusive treatment that combines dyeing and subsequent bleaching to achieve a slightly worn finish with visual depth and a three-dimensional look.<\/p>\n<p data-start=\"786\" data-end=\"1094\">The design features embossed hand pockets, a back pocket, and a cargo pocket on each leg with a flap, snap closure, and topstitching detail. The Stone Island logo is positioned on the left cargo pocket, providing the brand&#039;s iconic signature. It has a zip and button front closure.<\/p>\n<p data-start=\"1096\" data-end=\"1236\">Its regular tapered cut offers a balanced and modern silhouette, ideal for both urban looks and comfortable and functional everyday use.<\/p>\n<p data-start=\"1238\" data-end=\"1301\">Made in Italy with high standards of quality and finishes.<\/p>\n<h3 data-start=\"1308\" data-end=\"1340\">Characteristics:<\/h3>\n<ul data-start=\"1341\" data-end=\"1709\">\n<li data-start=\"1341\" data-end=\"1383\">\n<p data-start=\"1343\" data-end=\"1383\">Organic stretch cotton broken twill<\/p>\n<\/li>\n<li data-start=\"1384\" data-end=\"1421\">\n<p data-start=\"1386\" data-end=\"1421\">Garment dyeing with an &quot;OLD&quot; effect\u00ab<\/p>\n<\/li>\n<li data-start=\"1422\" data-end=\"1446\">\n<p data-start=\"1424\" data-end=\"1446\">Regular tapered cut<\/p>\n<\/li>\n<li data-start=\"1447\" data-end=\"1486\">\n<p data-start=\"1449\" data-end=\"1486\">Embossed hand pockets<\/p>\n<\/li>\n<li data-start=\"1487\" data-end=\"1507\">\n<p data-start=\"1489\" data-end=\"1507\">Back pocket<\/p>\n<\/li>\n<li data-start=\"1508\" data-end=\"1572\">\n<p data-start=\"1510\" data-end=\"1572\">Cargo pockets on the legs with flap and snap button<\/p>\n<\/li>\n<li data-start=\"1573\" data-end=\"1623\">\n<p data-start=\"1575\" data-end=\"1623\">Stone Island badge on left pocket<\/p>\n<\/li>\n<li data-start=\"1624\" data-end=\"1656\">\n<p data-start=\"1626\" data-end=\"1656\">Zip and button closure<\/p>\n<\/li>\n<li data-start=\"1657\" data-end=\"1685\">\n<p data-start=\"1659\" data-end=\"1685\">98% cotton, 2% elastane<\/p>\n<\/li>\n<li data-start=\"1686\" data-end=\"1709\">\n<p data-start=\"1688\" data-end=\"1709\">Made in Italy<\/p>\n<\/li>\n<\/ul>\n<h3 data-start=\"1716\" data-end=\"1741\">Garment care:<\/h3>\n<ul data-start=\"1742\" data-end=\"1929\">\n<li data-start=\"1742\" data-end=\"1780\">\n<p data-start=\"1744\" data-end=\"1780\">Wash delicately at maximum 30\u00b0C<\/p>\n<\/li>\n<li data-start=\"1781\" data-end=\"1798\">\n<p data-start=\"1783\" data-end=\"1798\">Do not use chlorine<\/p>\n<\/li>\n<li data-start=\"1799\" data-end=\"1823\">\n<p data-start=\"1801\" data-end=\"1823\">Do not tumble dry<\/p>\n<\/li>\n<li data-start=\"1824\" data-end=\"1878\">\n<p data-start=\"1826\" data-end=\"1878\">Iron at a maximum temperature of 110\u00b0C, without steam<\/p>\n<\/li>\n<li data-start=\"1879\" data-end=\"1899\">\n<p data-start=\"1881\" data-end=\"1899\">Do not dry clean<\/p>\n<\/li>\n<li data-start=\"1900\" data-end=\"1929\">\n<p data-start=\"1902\" data-end=\"1929\">Hang to dry in the shade<\/p>\n<\/li>\n<\/ul>\n<h3 data-start=\"1936\" data-end=\"1972\">Why buy this product?<\/h3>\n<ul data-start=\"1973\" data-end=\"2271\">\n<li data-start=\"1973\" data-end=\"2028\">\n<p data-start=\"1975\" data-end=\"2028\">Organic cotton with stretch for added comfort<\/p>\n<\/li>\n<li data-start=\"2029\" data-end=\"2095\">\n<p data-start=\"2031\" data-end=\"2095\">Exclusive &quot;OLD&quot; treatment that adds character and authenticity<\/p>\n<\/li>\n<li data-start=\"2096\" data-end=\"2146\">\n<p data-start=\"2098\" data-end=\"2146\">Functional cargo design with multiple pockets<\/p>\n<\/li>\n<li data-start=\"2147\" data-end=\"2182\">\n<p data-start=\"2149\" data-end=\"2182\">Modern cut easy to combine<\/p>\n<\/li>\n<li data-start=\"2183\" data-end=\"2223\">\n<p data-start=\"2185\" data-end=\"2223\">High quality, Italian made<\/p>\n<\/li>\n<li data-start=\"2224\" data-end=\"2271\">\n<p data-start=\"2226\" data-end=\"2271\">Recognizable and timeless Stone Island style<\/p>\n<\/li>\n<\/ul>\n<p>These <strong><a href=\"https:\/\/miralles1986.com\/en\/product-category\/clothes\/pants\/miralles-sport-trousers-1986\/\">pants<\/a> Organic Cotton Stretch Broken Twill Effect Old 3100008 V009A<\/strong>\u00a0<strong>of<\/strong> <a href=\"https:\/\/miralles1986.com\/en\/brand\/stone-island\/\"><strong>Stone Island<\/strong><\/a> They are available at Miralles 1986.<\/p>","protected":false},"excerpt":{"rendered":"<p data-start=\"185\" data-end=\"358\">Organic cotton stretch cargo pants with broken twill fabric and an &quot;OLD&quot; effect. Regular tapered fit, multiple functional pockets, and distinctive Stone Island logo.<\/p>","protected":false},"featured_media":16873,"comment_status":"closed","ping_status":"closed","template":"","meta":[],"pwb-brand":[165],"product_brand":[818],"product_cat":[226,227,994,168,992],"product_tag":[392,859,1057,1021,183,1043,1042],"class_list":{"0":"post-16865","1":"product","2":"type-product","3":"status-publish","4":"has-post-thumbnail","6":"pwb-brand-stone-island","7":"product_brand-tienda-miralles","8":"product_cat-pantalones","9":"product_cat-pantalones-sport-miralles-1986","10":"product_cat-pantalones-stone-island","11":"product_cat-ropa","12":"product_cat-stone-island","13":"product_tag-pantalones-sport","14":"product_tag-pantalones-stone-island","15":"product_tag-pantalones-y-accesorios-stone-island","16":"product_tag-primavera-verano-2026","17":"product_tag-stone-island","18":"product_tag-stone-island-primavera-verano-2026","19":"product_tag-stone-island-ss26","20":"pa_color-desierto","21":"pa_composicion-algodon-organico","22":"pa_tamano-49","23":"pa_tamano-50","24":"pa_tamano-51","25":"pa_tamano-52","26":"pa_tamano-53","27":"pa_tamano-54","28":"pa_tamano-55","30":"first","31":"instock","32":"sold-individually","33":"taxable","34":"shipping-taxable","35":"purchasable","36":"product-type-variable"},"supplier_id":null,"supplier_sku":"","barcode":null,"atum_controlled":true,"out_stock_date":null,"out_stock_threshold":null,"inheritable":true,"inbound_stock":0,"stock_on_hold":0,"sold_today":null,"sales_last_days":null,"reserved_stock":0,"customer_returns":null,"warehouse_damage":null,"lost_in_post":null,"other_logs":null,"out_stock_days":null,"lost_sales":null,"has_location":false,"update_date":"2026-05-11T10:36:52","atum_locations":[],"atum_stock_status":"instock","restock_status":false,"low_stock_amount":"","sales_update_date":"2026-05-11T10:36:52","calc_backorders":null,"yoast_head":"<!-- This site is optimized with the Yoast SEO plugin v27.5 - https:\/\/yoast.com\/product\/yoast-seo-wordpress\/ -->\n<title>Pantalones algod\u00f3n org\u00e1nico Stretch Broken Twill efecto Old 3100008 V009A Stone Island - Miralles 1986<\/title>\n<meta name=\"description\" content=\"Estos pantalones Supima\u00ae Cotton Twill Stretch-TC 3100032 V0061\u00a0Stone Island est\u00e1 confeccionado en sarga el\u00e1stica de algod\u00f3n de gran suavidad.\" \/>\n<meta name=\"robots\" content=\"index, follow, max-snippet:-1, max-image-preview:large, max-video-preview:-1\" \/>\n<link rel=\"canonical\" href=\"https:\/\/miralles1986.com\/en\/product\/pantalones-algodon-organico-stretch-broken-twill-efecto-old-3100008-v009a-stone-island\/\" \/>\n<meta property=\"og:locale\" content=\"en_GB\" \/>\n<meta property=\"og:type\" content=\"article\" \/>\n<meta property=\"og:title\" content=\"Pantalones algod\u00f3n org\u00e1nico Stretch Broken Twill efecto Old 3100008 V009A Stone Island - Miralles 1986\" \/>\n<meta property=\"og:description\" content=\"Estos pantalones Supima\u00ae Cotton Twill Stretch-TC 3100032 V0061\u00a0Stone Island est\u00e1 confeccionado en sarga el\u00e1stica de algod\u00f3n de gran suavidad.\" \/>\n<meta property=\"og:url\" content=\"https:\/\/miralles1986.com\/en\/product\/pantalones-algodon-organico-stretch-broken-twill-efecto-old-3100008-v009a-stone-island\/\" \/>\n<meta property=\"og:site_name\" content=\"Miralles 1986\" \/>\n<meta property=\"article:publisher\" content=\"https:\/\/www.facebook.com\/miralles1986\" \/>\n<meta property=\"article:modified_time\" content=\"2026-03-31T15:27:52+00:00\" \/>\n<meta property=\"og:image\" content=\"https:\/\/miralles1986.com\/wp-content\/uploads\/2026\/01\/Pantalones-algodon-organico-Stretch-Broken-Twill-efecto-Old-3100008-V009A-Stone-Island-2.jpg\" \/>\n\t<meta property=\"og:image:width\" content=\"1000\" \/>\n\t<meta property=\"og:image:height\" content=\"1000\" \/>\n\t<meta property=\"og:image:type\" content=\"image\/jpeg\" \/>\n<meta name=\"twitter:card\" content=\"summary_large_image\" \/>\n<meta name=\"twitter:label1\" content=\"Estimated reading time\" \/>\n\t<meta name=\"twitter:data1\" content=\"2 minutes\" \/>\n<script type=\"application\/ld+json\" class=\"yoast-schema-graph\">{\"@context\":\"https:\\\/\\\/schema.org\",\"@graph\":[{\"@type\":\"WebPage\",\"@id\":\"https:\\\/\\\/miralles1986.com\\\/producto\\\/pantalones-algodon-organico-stretch-broken-twill-efecto-old-3100008-v009a-stone-island\\\/\",\"url\":\"https:\\\/\\\/miralles1986.com\\\/producto\\\/pantalones-algodon-organico-stretch-broken-twill-efecto-old-3100008-v009a-stone-island\\\/\",\"name\":\"Pantalones algod\u00f3n org\u00e1nico Stretch Broken Twill efecto Old 3100008 V009A Stone Island - Miralles 1986\",\"isPartOf\":{\"@id\":\"https:\\\/\\\/miralles1986.com\\\/#website\"},\"primaryImageOfPage\":{\"@id\":\"https:\\\/\\\/miralles1986.com\\\/producto\\\/pantalones-algodon-organico-stretch-broken-twill-efecto-old-3100008-v009a-stone-island\\\/#primaryimage\"},\"image\":{\"@id\":\"https:\\\/\\\/miralles1986.com\\\/producto\\\/pantalones-algodon-organico-stretch-broken-twill-efecto-old-3100008-v009a-stone-island\\\/#primaryimage\"},\"thumbnailUrl\":\"https:\\\/\\\/miralles1986.com\\\/wp-content\\\/uploads\\\/2026\\\/01\\\/Pantalones-algodon-organico-Stretch-Broken-Twill-efecto-Old-3100008-V009A-Stone-Island-2.jpg\",\"datePublished\":\"2026-01-28T17:10:19+00:00\",\"dateModified\":\"2026-03-31T15:27:52+00:00\",\"description\":\"Estos pantalones Supima\u00ae Cotton Twill Stretch-TC 3100032 V0061\u00a0Stone Island est\u00e1 confeccionado en sarga el\u00e1stica de algod\u00f3n de gran suavidad.\",\"breadcrumb\":{\"@id\":\"https:\\\/\\\/miralles1986.com\\\/producto\\\/pantalones-algodon-organico-stretch-broken-twill-efecto-old-3100008-v009a-stone-island\\\/#breadcrumb\"},\"inLanguage\":\"en-GB\",\"potentialAction\":[{\"@type\":\"ReadAction\",\"target\":[\"https:\\\/\\\/miralles1986.com\\\/producto\\\/pantalones-algodon-organico-stretch-broken-twill-efecto-old-3100008-v009a-stone-island\\\/\"]}]},{\"@type\":\"ImageObject\",\"inLanguage\":\"en-GB\",\"@id\":\"https:\\\/\\\/miralles1986.com\\\/producto\\\/pantalones-algodon-organico-stretch-broken-twill-efecto-old-3100008-v009a-stone-island\\\/#primaryimage\",\"url\":\"https:\\\/\\\/miralles1986.com\\\/wp-content\\\/uploads\\\/2026\\\/01\\\/Pantalones-algodon-organico-Stretch-Broken-Twill-efecto-Old-3100008-V009A-Stone-Island-2.jpg\",\"contentUrl\":\"https:\\\/\\\/miralles1986.com\\\/wp-content\\\/uploads\\\/2026\\\/01\\\/Pantalones-algodon-organico-Stretch-Broken-Twill-efecto-Old-3100008-V009A-Stone-Island-2.jpg\",\"width\":1000,\"height\":1000,\"caption\":\"Pantalones algod\u00f3n org\u00e1nico Stretch Broken Twill efecto Old 3100008 V009A Stone Island\"},{\"@type\":\"BreadcrumbList\",\"@id\":\"https:\\\/\\\/miralles1986.com\\\/producto\\\/pantalones-algodon-organico-stretch-broken-twill-efecto-old-3100008-v009a-stone-island\\\/#breadcrumb\",\"itemListElement\":[{\"@type\":\"ListItem\",\"position\":1,\"name\":\"Portada\",\"item\":\"https:\\\/\\\/miralles1986.com\\\/\"},{\"@type\":\"ListItem\",\"position\":2,\"name\":\"Ropa de lujo para hombre | Stone Island, Y-3, C.P. Company\",\"item\":\"https:\\\/\\\/miralles1986.com\\\/tienda\\\/\"},{\"@type\":\"ListItem\",\"position\":3,\"name\":\"Pantalones algod\u00f3n org\u00e1nico Stretch Broken Twill efecto Old 3100008 V009A Stone Island\"}]},{\"@type\":\"WebSite\",\"@id\":\"https:\\\/\\\/miralles1986.com\\\/#website\",\"url\":\"https:\\\/\\\/miralles1986.com\\\/\",\"name\":\"Miralles 1986\",\"description\":\"Moda masculina de lujo en Valencia\",\"publisher\":{\"@id\":\"https:\\\/\\\/miralles1986.com\\\/#organization\"},\"potentialAction\":[{\"@type\":\"SearchAction\",\"target\":{\"@type\":\"EntryPoint\",\"urlTemplate\":\"https:\\\/\\\/miralles1986.com\\\/?s={search_term_string}\"},\"query-input\":{\"@type\":\"PropertyValueSpecification\",\"valueRequired\":true,\"valueName\":\"search_term_string\"}}],\"inLanguage\":\"en-GB\"},{\"@type\":\"Organization\",\"@id\":\"https:\\\/\\\/miralles1986.com\\\/#organization\",\"name\":\"Miralles 1986\",\"alternateName\":\"Miralles\",\"url\":\"https:\\\/\\\/miralles1986.com\\\/\",\"logo\":{\"@type\":\"ImageObject\",\"inLanguage\":\"en-GB\",\"@id\":\"https:\\\/\\\/miralles1986.com\\\/#\\\/schema\\\/logo\\\/image\\\/\",\"url\":\"https:\\\/\\\/miralles1986.com\\\/wp-content\\\/uploads\\\/2024\\\/09\\\/logo-miralles-1986-pequeno-bl.png\",\"contentUrl\":\"https:\\\/\\\/miralles1986.com\\\/wp-content\\\/uploads\\\/2024\\\/09\\\/logo-miralles-1986-pequeno-bl.png\",\"width\":201,\"height\":73,\"caption\":\"Miralles 1986\"},\"image\":{\"@id\":\"https:\\\/\\\/miralles1986.com\\\/#\\\/schema\\\/logo\\\/image\\\/\"},\"sameAs\":[\"https:\\\/\\\/www.facebook.com\\\/miralles1986\",\"https:\\\/\\\/www.instagram.com\\\/miralles1986_\\\/\"]}]}<\/script>\n<!-- \/ Yoast SEO plugin. -->","yoast_head_json":{"title":"Organic cotton stretch trousers, broken twill effect, old 3100008 V009A Stone Island - Miralles 1986","description":"These Supima\u00ae Cotton Twill Stretch-TC 3100032 V0061 Stone Island pants are made from very soft stretch cotton twill.","robots":{"index":"index","follow":"follow","max-snippet":"max-snippet:-1","max-image-preview":"max-image-preview:large","max-video-preview":"max-video-preview:-1"},"canonical":"https:\/\/miralles1986.com\/en\/product\/pantalones-algodon-organico-stretch-broken-twill-efecto-old-3100008-v009a-stone-island\/","og_locale":"en_GB","og_type":"article","og_title":"Pantalones algod\u00f3n org\u00e1nico Stretch Broken Twill efecto Old 3100008 V009A Stone Island - Miralles 1986","og_description":"Estos pantalones Supima\u00ae Cotton Twill Stretch-TC 3100032 V0061\u00a0Stone Island est\u00e1 confeccionado en sarga el\u00e1stica de algod\u00f3n de gran suavidad.","og_url":"https:\/\/miralles1986.com\/en\/product\/pantalones-algodon-organico-stretch-broken-twill-efecto-old-3100008-v009a-stone-island\/","og_site_name":"Miralles 1986","article_publisher":"https:\/\/www.facebook.com\/miralles1986","article_modified_time":"2026-03-31T15:27:52+00:00","og_image":[{"width":1000,"height":1000,"url":"https:\/\/miralles1986.com\/wp-content\/uploads\/2026\/01\/Pantalones-algodon-organico-Stretch-Broken-Twill-efecto-Old-3100008-V009A-Stone-Island-2.jpg","type":"image\/jpeg"}],"twitter_card":"summary_large_image","twitter_misc":{"Estimated reading time":"2 minutes"},"schema":{"@context":"https:\/\/schema.org","@graph":[{"@type":"WebPage","@id":"https:\/\/miralles1986.com\/producto\/pantalones-algodon-organico-stretch-broken-twill-efecto-old-3100008-v009a-stone-island\/","url":"https:\/\/miralles1986.com\/producto\/pantalones-algodon-organico-stretch-broken-twill-efecto-old-3100008-v009a-stone-island\/","name":"Organic cotton stretch trousers, broken twill effect, old 3100008 V009A Stone Island - Miralles 1986","isPartOf":{"@id":"https:\/\/miralles1986.com\/#website"},"primaryImageOfPage":{"@id":"https:\/\/miralles1986.com\/producto\/pantalones-algodon-organico-stretch-broken-twill-efecto-old-3100008-v009a-stone-island\/#primaryimage"},"image":{"@id":"https:\/\/miralles1986.com\/producto\/pantalones-algodon-organico-stretch-broken-twill-efecto-old-3100008-v009a-stone-island\/#primaryimage"},"thumbnailUrl":"https:\/\/miralles1986.com\/wp-content\/uploads\/2026\/01\/Pantalones-algodon-organico-Stretch-Broken-Twill-efecto-Old-3100008-V009A-Stone-Island-2.jpg","datePublished":"2026-01-28T17:10:19+00:00","dateModified":"2026-03-31T15:27:52+00:00","description":"These Supima\u00ae Cotton Twill Stretch-TC 3100032 V0061 Stone Island pants are made from very soft stretch cotton twill.","breadcrumb":{"@id":"https:\/\/miralles1986.com\/producto\/pantalones-algodon-organico-stretch-broken-twill-efecto-old-3100008-v009a-stone-island\/#breadcrumb"},"inLanguage":"en-GB","potentialAction":[{"@type":"ReadAction","target":["https:\/\/miralles1986.com\/producto\/pantalones-algodon-organico-stretch-broken-twill-efecto-old-3100008-v009a-stone-island\/"]}]},{"@type":"ImageObject","inLanguage":"en-GB","@id":"https:\/\/miralles1986.com\/producto\/pantalones-algodon-organico-stretch-broken-twill-efecto-old-3100008-v009a-stone-island\/#primaryimage","url":"https:\/\/miralles1986.com\/wp-content\/uploads\/2026\/01\/Pantalones-algodon-organico-Stretch-Broken-Twill-efecto-Old-3100008-V009A-Stone-Island-2.jpg","contentUrl":"https:\/\/miralles1986.com\/wp-content\/uploads\/2026\/01\/Pantalones-algodon-organico-Stretch-Broken-Twill-efecto-Old-3100008-V009A-Stone-Island-2.jpg","width":1000,"height":1000,"caption":"Pantalones algod\u00f3n org\u00e1nico Stretch Broken Twill efecto Old 3100008 V009A Stone Island"},{"@type":"BreadcrumbList","@id":"https:\/\/miralles1986.com\/producto\/pantalones-algodon-organico-stretch-broken-twill-efecto-old-3100008-v009a-stone-island\/#breadcrumb","itemListElement":[{"@type":"ListItem","position":1,"name":"Portada","item":"https:\/\/miralles1986.com\/"},{"@type":"ListItem","position":2,"name":"Ropa de lujo para hombre | Stone Island, Y-3, C.P. Company","item":"https:\/\/miralles1986.com\/tienda\/"},{"@type":"ListItem","position":3,"name":"Pantalones algod\u00f3n org\u00e1nico Stretch Broken Twill efecto Old 3100008 V009A Stone Island"}]},{"@type":"WebSite","@id":"https:\/\/miralles1986.com\/#website","url":"https:\/\/miralles1986.com\/","name":"Miralles 1986","description":"Luxury men&#039;s fashion in Valencia","publisher":{"@id":"https:\/\/miralles1986.com\/#organization"},"potentialAction":[{"@type":"SearchAction","target":{"@type":"EntryPoint","urlTemplate":"https:\/\/miralles1986.com\/?s={search_term_string}"},"query-input":{"@type":"PropertyValueSpecification","valueRequired":true,"valueName":"search_term_string"}}],"inLanguage":"en-GB"},{"@type":"Organization","@id":"https:\/\/miralles1986.com\/#organization","name":"Miralles 1986","alternateName":"Miralles","url":"https:\/\/miralles1986.com\/","logo":{"@type":"ImageObject","inLanguage":"en-GB","@id":"https:\/\/miralles1986.com\/#\/schema\/logo\/image\/","url":"https:\/\/miralles1986.com\/wp-content\/uploads\/2024\/09\/logo-miralles-1986-pequeno-bl.png","contentUrl":"https:\/\/miralles1986.com\/wp-content\/uploads\/2024\/09\/logo-miralles-1986-pequeno-bl.png","width":201,"height":73,"caption":"Miralles 1986"},"image":{"@id":"https:\/\/miralles1986.com\/#\/schema\/logo\/image\/"},"sameAs":["https:\/\/www.facebook.com\/miralles1986","https:\/\/www.instagram.com\/miralles1986_\/"]}]}},"brands":[{"id":165,"name":"Stone Island","slug":"stone-island"}],"_links":{"self":[{"href":"https:\/\/miralles1986.com\/en\/wp-json\/wp\/v2\/product\/16865","targetHints":{"allow":["GET"]}}],"collection":[{"href":"https:\/\/miralles1986.com\/en\/wp-json\/wp\/v2\/product"}],"about":[{"href":"https:\/\/miralles1986.com\/en\/wp-json\/wp\/v2\/types\/product"}],"replies":[{"embeddable":true,"href":"https:\/\/miralles1986.com\/en\/wp-json\/wp\/v2\/comments?post=16865"}],"wp:featuredmedia":[{"embeddable":true,"href":"https:\/\/miralles1986.com\/en\/wp-json\/wp\/v2\/media\/16873"}],"wp:attachment":[{"href":"https:\/\/miralles1986.com\/en\/wp-json\/wp\/v2\/media?parent=16865"}],"wp:term":[{"taxonomy":"pwb-brand","embeddable":true,"href":"https:\/\/miralles1986.com\/en\/wp-json\/wp\/v2\/pwb-brand?post=16865"},{"taxonomy":"product_brand","embeddable":true,"href":"https:\/\/miralles1986.com\/en\/wp-json\/wp\/v2\/product_brand?post=16865"},{"taxonomy":"product_cat","embeddable":true,"href":"https:\/\/miralles1986.com\/en\/wp-json\/wp\/v2\/product_cat?post=16865"},{"taxonomy":"product_tag","embeddable":true,"href":"https:\/\/miralles1986.com\/en\/wp-json\/wp\/v2\/product_tag?post=16865"}],"curies":[{"name":"wp","href":"https:\/\/api.w.org\/{rel}","templated":true}]}}