{"id":16875,"date":"2026-01-28T18:22:10","date_gmt":"2026-01-28T17:22:10","guid":{"rendered":"https:\/\/miralles1986.com\/?post_type=product&#038;p=16875"},"modified":"2026-05-06T20:32:43","modified_gmt":"2026-05-06T18:32:43","slug":"chaqueta-overshirt-tecnica-1200036-algodon-organico-v0029-stone-island","status":"publish","type":"product","link":"https:\/\/miralles1986.com\/en\/producto\/chaqueta-overshirt-tecnica-1200036-algodon-organico-v0029-stone-island\/","title":{"rendered":"Stone Island Technical Overshirt Jacket 1200036 Organic Cotton V0029"},"content":{"rendered":"<p data-start=\"616\" data-end=\"926\"><strong data-start=\"619\" data-end=\"670\">The <a href=\"https:\/\/miralles1986.com\/en\/product-category\/stone-island\/chaquetas-stone-island\/\">jacket<\/a> Technical Overshirt 1200036 organic cotton V0029 <a href=\"https:\/\/miralles1986.com\/en\/brand\/stone-island\/\">Stone Island,<\/a> <\/strong>This black technical overshirt combines functionality with contemporary design. Made from lightweight technical fabric with slight stretch, it offers comfort, durability, and the brand&#039;s signature clean silhouette.<\/p>\n<p data-start=\"682\" data-end=\"942\">Its design features a full zip closure, a diagonal zip chest pocket, and the iconic detachable Stone Island Compass patch on the left sleeve. The high collar and elasticated trims provide a comfortable fit and a modern look.<\/p>\n<p data-start=\"944\" data-end=\"1180\">Designed as a hybrid garment between a shirt and a light jacket, this overshirt is perfect for transitional weather or as a mid-layer in the colder months. A versatile piece that fits seamlessly into both casual and more technical looks.<\/p>\n<h3 data-start=\"1187\" data-end=\"1213\">Characteristics:<\/h3>\n<ul data-start=\"1215\" data-end=\"1525\">\n<li data-start=\"1215\" data-end=\"1234\">\n<p data-start=\"1217\" data-end=\"1234\">Model: 1200036<\/p>\n<\/li>\n<li data-start=\"1235\" data-end=\"1252\">\n<p data-start=\"1237\" data-end=\"1252\">Fabric: S0375<\/p>\n<\/li>\n<li data-start=\"1253\" data-end=\"1275\">\n<p data-start=\"1255\" data-end=\"1275\">Color: V0029 Black<\/p>\n<\/li>\n<li data-start=\"1276\" data-end=\"1303\">\n<p data-start=\"1278\" data-end=\"1303\">Type: Technical overshirt<\/p>\n<\/li>\n<li data-start=\"1304\" data-end=\"1346\">\n<p data-start=\"1306\" data-end=\"1346\">Full zip front closure<\/p>\n<\/li>\n<li data-start=\"1347\" data-end=\"1383\">\n<p data-start=\"1349\" data-end=\"1383\">Chest pocket with zipper<\/p>\n<\/li>\n<li data-start=\"1384\" data-end=\"1436\">\n<p data-start=\"1386\" data-end=\"1436\">Detachable Stone Island Compass patch on sleeve<\/p>\n<\/li>\n<li data-start=\"1437\" data-end=\"1452\">\n<p data-start=\"1439\" data-end=\"1452\">High neck<\/p>\n<\/li>\n<li data-start=\"1453\" data-end=\"1483\">\n<p data-start=\"1455\" data-end=\"1483\">Elasticated cuffs<\/p>\n<\/li>\n<li data-start=\"1484\" data-end=\"1501\">\n<p data-start=\"1486\" data-end=\"1501\">Regular cut<\/p>\n<\/li>\n<li data-start=\"1502\" data-end=\"1525\">\n<p data-start=\"1504\" data-end=\"1525\">Premium manufacturing<\/p>\n<\/li>\n<\/ul>\n<h3 data-start=\"79\" data-end=\"108\">Why buy this jacket?<\/h3>\n<ul data-start=\"110\" data-end=\"735\">\n<li data-start=\"110\" data-end=\"194\">\n<p data-start=\"112\" data-end=\"194\">It&#039;s a versatile garment that works as a light shirt or a mid-season jacket<\/p>\n<\/li>\n<li data-start=\"195\" data-end=\"268\">\n<p data-start=\"197\" data-end=\"268\">Timeless design in black, easy to match with any look<\/p>\n<\/li>\n<li data-start=\"269\" data-end=\"329\">\n<p data-start=\"271\" data-end=\"329\">Comfortable, lightweight technical fabric that is durable for everyday use.<\/p>\n<\/li>\n<li data-start=\"330\" data-end=\"405\">\n<p data-start=\"332\" data-end=\"405\">Premium finishes and high-quality construction, typical of Stone Island<\/p>\n<\/li>\n<li data-start=\"406\" data-end=\"477\">\n<p data-start=\"408\" data-end=\"477\">Urban style icon with the renowned detachable Compass patch<\/p>\n<\/li>\n<li data-start=\"478\" data-end=\"558\">\n<p data-start=\"480\" data-end=\"558\">Ideal for wearing alone in spring and autumn or as a mid-layer in winter<\/p>\n<\/li>\n<li data-start=\"559\" data-end=\"623\">\n<p data-start=\"561\" data-end=\"623\">It adds a technical and sophisticated touch without losing minimalism<\/p>\n<\/li>\n<li data-start=\"624\" data-end=\"679\">\n<p data-start=\"626\" data-end=\"679\">Invest in a durable piece that never goes out of style<\/p>\n<\/li>\n<li data-start=\"680\" data-end=\"735\">\n<p data-start=\"682\" data-end=\"735\">Excellent balance between functionality and aesthetics<\/p>\n<\/li>\n<\/ul>\n<p data-start=\"1212\" data-end=\"1496\"><strong data-start=\"619\" data-end=\"670\">The <a href=\"https:\/\/miralles1986.com\/en\/product-category\/stone-island\/chaquetas-stone-island\/\">jacket<\/a> Technical Overshirt 1200036 organic cotton V0029 <a href=\"https:\/\/miralles1986.com\/en\/brand\/stone-island\/\">Stone Island<\/a> It is available in Miralles 1986.<\/strong><\/p>","protected":false},"excerpt":{"rendered":"<p data-start=\"202\" data-end=\"407\"><strong data-start=\"619\" data-end=\"670\">The 1200036 organic cotton shirt V0029 from <a href=\"https:\/\/miralles1986.com\/en\/brand\/stone-island\/\">Stone Island,<\/a> <\/strong>It provides durability without sacrificing comfort.<\/p>","protected":false},"featured_media":17616,"comment_status":"closed","ping_status":"closed","template":"","meta":[],"pwb-brand":[165],"product_brand":[818],"product_cat":[167,773,168,992],"product_tag":[171,1021,183,1042],"class_list":{"0":"post-16875","1":"product","2":"type-product","3":"status-publish","4":"has-post-thumbnail","6":"pwb-brand-stone-island","7":"product_brand-tienda-miralles","8":"product_cat-chaquetas","9":"product_cat-chaquetas-deportivas","10":"product_cat-ropa","11":"product_cat-stone-island","12":"product_tag-chaquetas","13":"product_tag-primavera-verano-2026","14":"product_tag-stone-island","15":"product_tag-stone-island-ss26","16":"pa_color-negro","17":"pa_composicion-algodon-oranico-ripstop-mercerizado","18":"pa_tamano-l","19":"pa_tamano-m","20":"pa_tamano-s","21":"pa_tamano-xl","22":"pa_tamano-xs","23":"pa_tamano-xxl","25":"first","26":"instock","27":"sold-individually","28":"taxable","29":"shipping-taxable","30":"purchasable","31":"product-type-variable"},"supplier_id":null,"supplier_sku":"","barcode":null,"atum_controlled":true,"out_stock_date":null,"out_stock_threshold":null,"inheritable":true,"inbound_stock":0,"stock_on_hold":0,"sold_today":null,"sales_last_days":null,"reserved_stock":0,"customer_returns":null,"warehouse_damage":null,"lost_in_post":null,"other_logs":null,"out_stock_days":null,"lost_sales":null,"has_location":false,"update_date":"2026-05-11T10:36:51","atum_locations":[],"atum_stock_status":"instock","restock_status":false,"low_stock_amount":"","sales_update_date":"2026-05-11T10:36:51","calc_backorders":null,"yoast_head":"<!-- This site is optimized with the Yoast SEO plugin v27.5 - https:\/\/yoast.com\/product\/yoast-seo-wordpress\/ -->\n<title>Chaqueta Overshirt T\u00e9cnica 1200036 algod\u00f3n org\u00e1nico V0029 Stone Island - Miralles 1986<\/title>\n<meta name=\"description\" content=\"La chaqueta Overshirt T\u00e9cnica 1200036 algod\u00f3n org\u00e1nico V0029 de Stone Island, negro es una overshirt t\u00e9cnica que combina funcionalidad y dise\u00f1o contempor\u00e1neo.\" \/>\n<meta name=\"robots\" content=\"index, follow, max-snippet:-1, max-image-preview:large, max-video-preview:-1\" \/>\n<link rel=\"canonical\" href=\"https:\/\/miralles1986.com\/en\/product\/chaqueta-overshirt-tecnica-1200036-algodon-organico-v0029-stone-island\/\" \/>\n<meta property=\"og:locale\" content=\"en_GB\" \/>\n<meta property=\"og:type\" content=\"article\" \/>\n<meta property=\"og:title\" content=\"Chaqueta Overshirt T\u00e9cnica 1200036 algod\u00f3n org\u00e1nico V0029 Stone Island - Miralles 1986\" \/>\n<meta property=\"og:description\" content=\"La chaqueta Overshirt T\u00e9cnica 1200036 algod\u00f3n org\u00e1nico V0029 de Stone Island, negro es una overshirt t\u00e9cnica que combina funcionalidad y dise\u00f1o contempor\u00e1neo.\" \/>\n<meta property=\"og:url\" content=\"https:\/\/miralles1986.com\/en\/product\/chaqueta-overshirt-tecnica-1200036-algodon-organico-v0029-stone-island\/\" \/>\n<meta property=\"og:site_name\" content=\"Miralles 1986\" \/>\n<meta property=\"article:publisher\" content=\"https:\/\/www.facebook.com\/miralles1986\" \/>\n<meta property=\"article:modified_time\" content=\"2026-05-06T18:32:43+00:00\" \/>\n<meta property=\"og:image\" content=\"https:\/\/miralles1986.com\/wp-content\/uploads\/2026\/01\/Chaqueta-Overshirt-Tecnica-1200036-algodon-organico-V0029-Stone-Island.jpg\" \/>\n\t<meta property=\"og:image:width\" content=\"1000\" \/>\n\t<meta property=\"og:image:height\" content=\"1000\" \/>\n\t<meta property=\"og:image:type\" content=\"image\/jpeg\" \/>\n<meta name=\"twitter:card\" content=\"summary_large_image\" \/>\n<meta name=\"twitter:label1\" content=\"Estimated reading time\" \/>\n\t<meta name=\"twitter:data1\" content=\"2 minutes\" \/>\n<script type=\"application\/ld+json\" class=\"yoast-schema-graph\">{\"@context\":\"https:\\\/\\\/schema.org\",\"@graph\":[{\"@type\":\"WebPage\",\"@id\":\"https:\\\/\\\/miralles1986.com\\\/producto\\\/chaqueta-overshirt-tecnica-1200036-algodon-organico-v0029-stone-island\\\/\",\"url\":\"https:\\\/\\\/miralles1986.com\\\/producto\\\/chaqueta-overshirt-tecnica-1200036-algodon-organico-v0029-stone-island\\\/\",\"name\":\"Chaqueta Overshirt T\u00e9cnica 1200036 algod\u00f3n org\u00e1nico V0029 Stone Island - Miralles 1986\",\"isPartOf\":{\"@id\":\"https:\\\/\\\/miralles1986.com\\\/#website\"},\"primaryImageOfPage\":{\"@id\":\"https:\\\/\\\/miralles1986.com\\\/producto\\\/chaqueta-overshirt-tecnica-1200036-algodon-organico-v0029-stone-island\\\/#primaryimage\"},\"image\":{\"@id\":\"https:\\\/\\\/miralles1986.com\\\/producto\\\/chaqueta-overshirt-tecnica-1200036-algodon-organico-v0029-stone-island\\\/#primaryimage\"},\"thumbnailUrl\":\"https:\\\/\\\/miralles1986.com\\\/wp-content\\\/uploads\\\/2026\\\/01\\\/Chaqueta-Overshirt-Tecnica-1200036-algodon-organico-V0029-Stone-Island.jpg\",\"datePublished\":\"2026-01-28T17:22:10+00:00\",\"dateModified\":\"2026-05-06T18:32:43+00:00\",\"description\":\"La chaqueta Overshirt T\u00e9cnica 1200036 algod\u00f3n org\u00e1nico V0029 de Stone Island, negro es una overshirt t\u00e9cnica que combina funcionalidad y dise\u00f1o contempor\u00e1neo.\",\"breadcrumb\":{\"@id\":\"https:\\\/\\\/miralles1986.com\\\/producto\\\/chaqueta-overshirt-tecnica-1200036-algodon-organico-v0029-stone-island\\\/#breadcrumb\"},\"inLanguage\":\"en-GB\",\"potentialAction\":[{\"@type\":\"ReadAction\",\"target\":[\"https:\\\/\\\/miralles1986.com\\\/producto\\\/chaqueta-overshirt-tecnica-1200036-algodon-organico-v0029-stone-island\\\/\"]}]},{\"@type\":\"ImageObject\",\"inLanguage\":\"en-GB\",\"@id\":\"https:\\\/\\\/miralles1986.com\\\/producto\\\/chaqueta-overshirt-tecnica-1200036-algodon-organico-v0029-stone-island\\\/#primaryimage\",\"url\":\"https:\\\/\\\/miralles1986.com\\\/wp-content\\\/uploads\\\/2026\\\/01\\\/Chaqueta-Overshirt-Tecnica-1200036-algodon-organico-V0029-Stone-Island.jpg\",\"contentUrl\":\"https:\\\/\\\/miralles1986.com\\\/wp-content\\\/uploads\\\/2026\\\/01\\\/Chaqueta-Overshirt-Tecnica-1200036-algodon-organico-V0029-Stone-Island.jpg\",\"width\":1000,\"height\":1000,\"caption\":\"Chaqueta Overshirt T\u00e9cnica 1200036 algod\u00f3n org\u00e1nico V0029 Stone Island\"},{\"@type\":\"BreadcrumbList\",\"@id\":\"https:\\\/\\\/miralles1986.com\\\/producto\\\/chaqueta-overshirt-tecnica-1200036-algodon-organico-v0029-stone-island\\\/#breadcrumb\",\"itemListElement\":[{\"@type\":\"ListItem\",\"position\":1,\"name\":\"Portada\",\"item\":\"https:\\\/\\\/miralles1986.com\\\/\"},{\"@type\":\"ListItem\",\"position\":2,\"name\":\"Ropa de lujo para hombre | Stone Island, Y-3, C.P. Company\",\"item\":\"https:\\\/\\\/miralles1986.com\\\/tienda\\\/\"},{\"@type\":\"ListItem\",\"position\":3,\"name\":\"Chaqueta Overshirt T\u00e9cnica 1200036 algod\u00f3n org\u00e1nico V0029 Stone Island\"}]},{\"@type\":\"WebSite\",\"@id\":\"https:\\\/\\\/miralles1986.com\\\/#website\",\"url\":\"https:\\\/\\\/miralles1986.com\\\/\",\"name\":\"Miralles 1986\",\"description\":\"Moda masculina de lujo en Valencia\",\"publisher\":{\"@id\":\"https:\\\/\\\/miralles1986.com\\\/#organization\"},\"potentialAction\":[{\"@type\":\"SearchAction\",\"target\":{\"@type\":\"EntryPoint\",\"urlTemplate\":\"https:\\\/\\\/miralles1986.com\\\/?s={search_term_string}\"},\"query-input\":{\"@type\":\"PropertyValueSpecification\",\"valueRequired\":true,\"valueName\":\"search_term_string\"}}],\"inLanguage\":\"en-GB\"},{\"@type\":\"Organization\",\"@id\":\"https:\\\/\\\/miralles1986.com\\\/#organization\",\"name\":\"Miralles 1986\",\"alternateName\":\"Miralles\",\"url\":\"https:\\\/\\\/miralles1986.com\\\/\",\"logo\":{\"@type\":\"ImageObject\",\"inLanguage\":\"en-GB\",\"@id\":\"https:\\\/\\\/miralles1986.com\\\/#\\\/schema\\\/logo\\\/image\\\/\",\"url\":\"https:\\\/\\\/miralles1986.com\\\/wp-content\\\/uploads\\\/2024\\\/09\\\/logo-miralles-1986-pequeno-bl.png\",\"contentUrl\":\"https:\\\/\\\/miralles1986.com\\\/wp-content\\\/uploads\\\/2024\\\/09\\\/logo-miralles-1986-pequeno-bl.png\",\"width\":201,\"height\":73,\"caption\":\"Miralles 1986\"},\"image\":{\"@id\":\"https:\\\/\\\/miralles1986.com\\\/#\\\/schema\\\/logo\\\/image\\\/\"},\"sameAs\":[\"https:\\\/\\\/www.facebook.com\\\/miralles1986\",\"https:\\\/\\\/www.instagram.com\\\/miralles1986_\\\/\"]}]}<\/script>\n<!-- \/ Yoast SEO plugin. -->","yoast_head_json":{"title":"Technical Overshirt Jacket 1200036 organic cotton V0029 Stone Island - Miralles 1986","description":"The Stone Island 1200036 Organic Cotton Technical Overshirt Jacket V0029, Black is a technical overshirt that combines functionality and contemporary design.","robots":{"index":"index","follow":"follow","max-snippet":"max-snippet:-1","max-image-preview":"max-image-preview:large","max-video-preview":"max-video-preview:-1"},"canonical":"https:\/\/miralles1986.com\/en\/product\/chaqueta-overshirt-tecnica-1200036-algodon-organico-v0029-stone-island\/","og_locale":"en_GB","og_type":"article","og_title":"Chaqueta Overshirt T\u00e9cnica 1200036 algod\u00f3n org\u00e1nico V0029 Stone Island - Miralles 1986","og_description":"La chaqueta Overshirt T\u00e9cnica 1200036 algod\u00f3n org\u00e1nico V0029 de Stone Island, negro es una overshirt t\u00e9cnica que combina funcionalidad y dise\u00f1o contempor\u00e1neo.","og_url":"https:\/\/miralles1986.com\/en\/product\/chaqueta-overshirt-tecnica-1200036-algodon-organico-v0029-stone-island\/","og_site_name":"Miralles 1986","article_publisher":"https:\/\/www.facebook.com\/miralles1986","article_modified_time":"2026-05-06T18:32:43+00:00","og_image":[{"width":1000,"height":1000,"url":"https:\/\/miralles1986.com\/wp-content\/uploads\/2026\/01\/Chaqueta-Overshirt-Tecnica-1200036-algodon-organico-V0029-Stone-Island.jpg","type":"image\/jpeg"}],"twitter_card":"summary_large_image","twitter_misc":{"Estimated reading time":"2 minutes"},"schema":{"@context":"https:\/\/schema.org","@graph":[{"@type":"WebPage","@id":"https:\/\/miralles1986.com\/producto\/chaqueta-overshirt-tecnica-1200036-algodon-organico-v0029-stone-island\/","url":"https:\/\/miralles1986.com\/producto\/chaqueta-overshirt-tecnica-1200036-algodon-organico-v0029-stone-island\/","name":"Technical Overshirt Jacket 1200036 organic cotton V0029 Stone Island - Miralles 1986","isPartOf":{"@id":"https:\/\/miralles1986.com\/#website"},"primaryImageOfPage":{"@id":"https:\/\/miralles1986.com\/producto\/chaqueta-overshirt-tecnica-1200036-algodon-organico-v0029-stone-island\/#primaryimage"},"image":{"@id":"https:\/\/miralles1986.com\/producto\/chaqueta-overshirt-tecnica-1200036-algodon-organico-v0029-stone-island\/#primaryimage"},"thumbnailUrl":"https:\/\/miralles1986.com\/wp-content\/uploads\/2026\/01\/Chaqueta-Overshirt-Tecnica-1200036-algodon-organico-V0029-Stone-Island.jpg","datePublished":"2026-01-28T17:22:10+00:00","dateModified":"2026-05-06T18:32:43+00:00","description":"The Stone Island 1200036 Organic Cotton Technical Overshirt Jacket V0029, Black is a technical overshirt that combines functionality and contemporary design.","breadcrumb":{"@id":"https:\/\/miralles1986.com\/producto\/chaqueta-overshirt-tecnica-1200036-algodon-organico-v0029-stone-island\/#breadcrumb"},"inLanguage":"en-GB","potentialAction":[{"@type":"ReadAction","target":["https:\/\/miralles1986.com\/producto\/chaqueta-overshirt-tecnica-1200036-algodon-organico-v0029-stone-island\/"]}]},{"@type":"ImageObject","inLanguage":"en-GB","@id":"https:\/\/miralles1986.com\/producto\/chaqueta-overshirt-tecnica-1200036-algodon-organico-v0029-stone-island\/#primaryimage","url":"https:\/\/miralles1986.com\/wp-content\/uploads\/2026\/01\/Chaqueta-Overshirt-Tecnica-1200036-algodon-organico-V0029-Stone-Island.jpg","contentUrl":"https:\/\/miralles1986.com\/wp-content\/uploads\/2026\/01\/Chaqueta-Overshirt-Tecnica-1200036-algodon-organico-V0029-Stone-Island.jpg","width":1000,"height":1000,"caption":"Chaqueta Overshirt T\u00e9cnica 1200036 algod\u00f3n org\u00e1nico V0029 Stone Island"},{"@type":"BreadcrumbList","@id":"https:\/\/miralles1986.com\/producto\/chaqueta-overshirt-tecnica-1200036-algodon-organico-v0029-stone-island\/#breadcrumb","itemListElement":[{"@type":"ListItem","position":1,"name":"Portada","item":"https:\/\/miralles1986.com\/"},{"@type":"ListItem","position":2,"name":"Ropa de lujo para hombre | Stone Island, Y-3, C.P. Company","item":"https:\/\/miralles1986.com\/tienda\/"},{"@type":"ListItem","position":3,"name":"Chaqueta Overshirt T\u00e9cnica 1200036 algod\u00f3n org\u00e1nico V0029 Stone Island"}]},{"@type":"WebSite","@id":"https:\/\/miralles1986.com\/#website","url":"https:\/\/miralles1986.com\/","name":"Miralles 1986","description":"Luxury men&#039;s fashion in Valencia","publisher":{"@id":"https:\/\/miralles1986.com\/#organization"},"potentialAction":[{"@type":"SearchAction","target":{"@type":"EntryPoint","urlTemplate":"https:\/\/miralles1986.com\/?s={search_term_string}"},"query-input":{"@type":"PropertyValueSpecification","valueRequired":true,"valueName":"search_term_string"}}],"inLanguage":"en-GB"},{"@type":"Organization","@id":"https:\/\/miralles1986.com\/#organization","name":"Miralles 1986","alternateName":"Miralles","url":"https:\/\/miralles1986.com\/","logo":{"@type":"ImageObject","inLanguage":"en-GB","@id":"https:\/\/miralles1986.com\/#\/schema\/logo\/image\/","url":"https:\/\/miralles1986.com\/wp-content\/uploads\/2024\/09\/logo-miralles-1986-pequeno-bl.png","contentUrl":"https:\/\/miralles1986.com\/wp-content\/uploads\/2024\/09\/logo-miralles-1986-pequeno-bl.png","width":201,"height":73,"caption":"Miralles 1986"},"image":{"@id":"https:\/\/miralles1986.com\/#\/schema\/logo\/image\/"},"sameAs":["https:\/\/www.facebook.com\/miralles1986","https:\/\/www.instagram.com\/miralles1986_\/"]}]}},"brands":[{"id":165,"name":"Stone Island","slug":"stone-island"}],"_links":{"self":[{"href":"https:\/\/miralles1986.com\/en\/wp-json\/wp\/v2\/product\/16875","targetHints":{"allow":["GET"]}}],"collection":[{"href":"https:\/\/miralles1986.com\/en\/wp-json\/wp\/v2\/product"}],"about":[{"href":"https:\/\/miralles1986.com\/en\/wp-json\/wp\/v2\/types\/product"}],"replies":[{"embeddable":true,"href":"https:\/\/miralles1986.com\/en\/wp-json\/wp\/v2\/comments?post=16875"}],"wp:featuredmedia":[{"embeddable":true,"href":"https:\/\/miralles1986.com\/en\/wp-json\/wp\/v2\/media\/17616"}],"wp:attachment":[{"href":"https:\/\/miralles1986.com\/en\/wp-json\/wp\/v2\/media?parent=16875"}],"wp:term":[{"taxonomy":"pwb-brand","embeddable":true,"href":"https:\/\/miralles1986.com\/en\/wp-json\/wp\/v2\/pwb-brand?post=16875"},{"taxonomy":"product_brand","embeddable":true,"href":"https:\/\/miralles1986.com\/en\/wp-json\/wp\/v2\/product_brand?post=16875"},{"taxonomy":"product_cat","embeddable":true,"href":"https:\/\/miralles1986.com\/en\/wp-json\/wp\/v2\/product_cat?post=16875"},{"taxonomy":"product_tag","embeddable":true,"href":"https:\/\/miralles1986.com\/en\/wp-json\/wp\/v2\/product_tag?post=16875"}],"curies":[{"name":"wp","href":"https:\/\/api.w.org\/{rel}","templated":true}]}}