{"id":16914,"date":"2026-01-29T22:31:04","date_gmt":"2026-01-29T21:31:04","guid":{"rendered":"https:\/\/miralles1986.com\/?post_type=product&#038;p=16914"},"modified":"2026-04-28T19:15:20","modified_gmt":"2026-04-28T17:15:20","slug":"shorts-l100019-v019a-algodon-organico-cepillado-canvas-efecto-old-stone-island","status":"publish","type":"product","link":"https:\/\/miralles1986.com\/en\/producto\/shorts-l100019-v019a-algodon-organico-cepillado-canvas-efecto-old-stone-island\/","title":{"rendered":"Shorts L100019 V019A Organic Cotton Brushed Canvas Effect Old Stone Island"},"content":{"rendered":"<p data-start=\"616\" data-end=\"926\"><strong data-start=\"619\" data-end=\"670\">These L100019 V019A Brushed Organic Cotton Canvas Shorts with an Old Effect <a href=\"https:\/\/miralles1986.com\/en\/brand\/stone-island\/\">Stone Island,<\/a> <\/strong>These cargo shorts combine workwear tradition with Stone Island&#039;s signature textile innovation. They are made of canvas. <strong data-start=\"698\" data-end=\"727\">organic brushed cotton<\/strong>, A robust and comfortable fabric, subjected to the exclusive treatment <strong data-start=\"791\" data-end=\"800\">\u00ab&quot;OLD&quot;\u00bb<\/strong>, a dyeing and subsequent bleaching process on the finished garment that creates a lived-in, irregular and three-dimensional appearance.<\/p>\n<p data-start=\"928\" data-end=\"1250\">The design incorporates vertical hand pockets with fixed flaps and concealed zippers, a gusseted cargo pocket with flaps and double snap closures, and a slanted back pocket with fixed flaps and concealed snap closures. Each element is designed to offer functionality without compromising aesthetic appeal.<\/p>\n<p data-start=\"1252\" data-end=\"1499\">He <strong data-start=\"1255\" data-end=\"1273\">slim fit<\/strong> It offers a defined, contemporary silhouette, balancing the utilitarian nature of the design with a refined finish. The Stone Island logo on the left cargo pocket completes the garment with the brand&#039;s iconic signature.<\/p>\n<h3 data-start=\"1506\" data-end=\"1526\">Characteristics:<\/h3>\n<ul data-start=\"1527\" data-end=\"2026\">\n<li data-start=\"1527\" data-end=\"1564\">\n<p data-start=\"1529\" data-end=\"1564\">Brushed organic cotton canvas<\/p>\n<\/li>\n<li data-start=\"1565\" data-end=\"1635\">\n<p data-start=\"1567\" data-end=\"1635\">Exclusive &quot;OLD&quot; treatment with a worn and three-dimensional effect<\/p>\n<\/li>\n<li data-start=\"1636\" data-end=\"1671\">\n<p data-start=\"1638\" data-end=\"1671\">Durable and comfortable fabric<\/p>\n<\/li>\n<li data-start=\"1672\" data-end=\"1690\">\n<p data-start=\"1674\" data-end=\"1690\">Slim fit<\/p>\n<\/li>\n<li data-start=\"1691\" data-end=\"1766\">\n<p data-start=\"1693\" data-end=\"1766\">Vertical hand pockets with fixed flap and concealed zipper<\/p>\n<\/li>\n<li data-start=\"1767\" data-end=\"1830\">\n<p data-start=\"1769\" data-end=\"1830\">Bellows cargo pocket with flap and double snap button<\/p>\n<\/li>\n<li data-start=\"1831\" data-end=\"1902\">\n<p data-start=\"1833\" data-end=\"1902\">Slanted back pocket with fixed flap and concealed snap button<\/p>\n<\/li>\n<li data-start=\"1903\" data-end=\"1944\">\n<p data-start=\"1905\" data-end=\"1944\">Front zip and button closure<\/p>\n<\/li>\n<li data-start=\"1945\" data-end=\"2001\">\n<p data-start=\"1947\" data-end=\"2001\">Stone Island insignia on left cargo pocket<\/p>\n<\/li>\n<li data-start=\"2002\" data-end=\"2026\">\n<p data-start=\"2004\" data-end=\"2026\">Made in Romania<\/p>\n<\/li>\n<li data-start=\"2002\" data-end=\"2026\">Color: Desert<\/li>\n<\/ul>\n<p data-start=\"2028\" data-end=\"2045\"><strong data-start=\"2028\" data-end=\"2043\">Composition<\/strong><\/p>\n<ul data-start=\"2046\" data-end=\"2121\">\n<li data-start=\"2046\" data-end=\"2080\">\n<p data-start=\"2048\" data-end=\"2080\">Main fabric: 100% Cotton<\/p>\n<\/li>\n<li data-start=\"2081\" data-end=\"2121\">\n<p data-start=\"2083\" data-end=\"2121\">Pocket lining: 100% Cotton<\/p>\n<\/li>\n<\/ul>\n<p data-start=\"2123\" data-end=\"2137\"><strong data-start=\"2123\" data-end=\"2135\">Care<\/strong><\/p>\n<ul data-start=\"2138\" data-end=\"2297\">\n<li data-start=\"2138\" data-end=\"2172\">\n<p data-start=\"2140\" data-end=\"2172\">Wash delicately max. 30\u00b0C<\/p>\n<\/li>\n<li data-start=\"2173\" data-end=\"2190\">\n<p data-start=\"2175\" data-end=\"2190\">Do not use chlorine<\/p>\n<\/li>\n<li data-start=\"2191\" data-end=\"2211\">\n<p data-start=\"2193\" data-end=\"2211\">Do not tumble dry<\/p>\n<\/li>\n<li data-start=\"2212\" data-end=\"2246\">\n<p data-start=\"2214\" data-end=\"2246\">Iron at max. 110 \u00b0C without steam<\/p>\n<\/li>\n<li data-start=\"2247\" data-end=\"2267\">\n<p data-start=\"2249\" data-end=\"2267\">Do not dry clean<\/p>\n<\/li>\n<li data-start=\"2268\" data-end=\"2297\">\n<p data-start=\"2270\" data-end=\"2297\">Hang to dry in the shade<\/p>\n<\/li>\n<\/ul>\n<h3 data-start=\"2304\" data-end=\"2338\">Why buy this garment?<\/h3>\n<p data-start=\"2339\" data-end=\"2680\">Because it offers a sophisticated take on cargo shorts. Organic cotton, an &quot;OLD&quot; treatment, and careful construction make this garment a durable choice with personality and character. Ideal for those seeking a balance between urban style, utilitarian heritage, and the unmistakable Stone Island identity.<\/p>\n<p data-start=\"1212\" data-end=\"1496\"><strong data-start=\"619\" data-end=\"670\">The L100019 V019A Brushed Organic Cotton Canvas Shorts with Old Effect <a href=\"https:\/\/miralles1986.com\/en\/brand\/stone-island\/\">Stone Island<\/a> It is available in Miralles 1986.<\/strong><\/p>","protected":false},"excerpt":{"rendered":"<p data-start=\"199\" data-end=\"458\">Slim-fit cargo shorts crafted from brushed organic cotton canvas. Treated with Stone Island&#039;s exclusive &quot;OLD&quot; effect, which provides a subtly distressed, three-dimensional finish. Utilitarian functionality with a contemporary edge.<\/p>\n<h3 data-start=\"304\" data-end=\"327\"><\/h3>","protected":false},"featured_media":16925,"comment_status":"closed","ping_status":"closed","template":"","meta":[],"pwb-brand":[165],"product_brand":[818],"product_cat":[418,226,227,997,168,992],"product_tag":[345,392,859,1057,1021,347,1042],"class_list":{"0":"post-16914","1":"product","2":"type-product","3":"status-publish","4":"has-post-thumbnail","6":"pwb-brand-stone-island","7":"product_brand-tienda-miralles","8":"product_cat-bermudas-premium","9":"product_cat-pantalones","10":"product_cat-pantalones-sport-miralles-1986","11":"product_cat-polos-stone-island","12":"product_cat-ropa","13":"product_cat-stone-island","14":"product_tag-pantalones-cortos","15":"product_tag-pantalones-sport","16":"product_tag-pantalones-stone-island","17":"product_tag-pantalones-y-accesorios-stone-island","18":"product_tag-primavera-verano-2026","19":"product_tag-shorts","20":"product_tag-stone-island-ss26","21":"pa_color-desierto","22":"pa_composicion-lona-de-algodon-organico-pechado","23":"pa_tamano-49","24":"pa_tamano-50","25":"pa_tamano-51","26":"pa_tamano-52","27":"pa_tamano-53","28":"pa_tamano-54","29":"pa_tamano-55","31":"first","32":"instock","33":"sold-individually","34":"taxable","35":"shipping-taxable","36":"purchasable","37":"product-type-variable"},"supplier_id":null,"supplier_sku":"","barcode":null,"atum_controlled":true,"out_stock_date":null,"out_stock_threshold":null,"inheritable":true,"inbound_stock":0,"stock_on_hold":0,"sold_today":null,"sales_last_days":null,"reserved_stock":0,"customer_returns":null,"warehouse_damage":null,"lost_in_post":null,"other_logs":null,"out_stock_days":null,"lost_sales":null,"has_location":false,"update_date":"2026-05-11T10:36:51","atum_locations":[],"atum_stock_status":"instock","restock_status":false,"low_stock_amount":"","sales_update_date":"2026-05-11T10:36:51","calc_backorders":null,"yoast_head":"<!-- This site is optimized with the Yoast SEO plugin v27.5 - https:\/\/yoast.com\/product\/yoast-seo-wordpress\/ -->\n<title>Shorts L100019 V019A Algod\u00f3n Org\u00e1nico Cepillado Canvas efecto Old Stone Island - Miralles 1986<\/title>\n<meta name=\"description\" content=\"Estos shorts L100019 V019A Algod\u00f3n Org\u00e1nico Cepillado Canvas efecto Old de Stone Island, es un pantal\u00f3n corto cargo que combina la tradici\u00f3n y la innovaci\u00f3n.\" \/>\n<meta name=\"robots\" content=\"index, follow, max-snippet:-1, max-image-preview:large, max-video-preview:-1\" \/>\n<link rel=\"canonical\" href=\"https:\/\/miralles1986.com\/en\/product\/shorts-l100019-v019a-algodon-organico-cepillado-canvas-efecto-old-stone-island\/\" \/>\n<meta property=\"og:locale\" content=\"en_GB\" \/>\n<meta property=\"og:type\" content=\"article\" \/>\n<meta property=\"og:title\" content=\"Shorts L100019 V019A Algod\u00f3n Org\u00e1nico Cepillado Canvas efecto Old Stone Island - Miralles 1986\" \/>\n<meta property=\"og:description\" content=\"Estos shorts L100019 V019A Algod\u00f3n Org\u00e1nico Cepillado Canvas efecto Old de Stone Island, es un pantal\u00f3n corto cargo que combina la tradici\u00f3n y la innovaci\u00f3n.\" \/>\n<meta property=\"og:url\" content=\"https:\/\/miralles1986.com\/en\/product\/shorts-l100019-v019a-algodon-organico-cepillado-canvas-efecto-old-stone-island\/\" \/>\n<meta property=\"og:site_name\" content=\"Miralles 1986\" \/>\n<meta property=\"article:publisher\" content=\"https:\/\/www.facebook.com\/miralles1986\" \/>\n<meta property=\"article:modified_time\" content=\"2026-04-28T17:15:20+00:00\" \/>\n<meta property=\"og:image\" content=\"https:\/\/miralles1986.com\/wp-content\/uploads\/2026\/01\/shorts-l100019-brushed-organic-cotton-canvas-old-effect-desierto-stone-island-5.jpg\" \/>\n\t<meta property=\"og:image:width\" content=\"1000\" \/>\n\t<meta property=\"og:image:height\" content=\"1000\" \/>\n\t<meta property=\"og:image:type\" content=\"image\/jpeg\" \/>\n<meta name=\"twitter:card\" content=\"summary_large_image\" \/>\n<meta name=\"twitter:label1\" content=\"Estimated reading time\" \/>\n\t<meta name=\"twitter:data1\" content=\"2 minutes\" \/>\n<script type=\"application\/ld+json\" class=\"yoast-schema-graph\">{\"@context\":\"https:\\\/\\\/schema.org\",\"@graph\":[{\"@type\":\"WebPage\",\"@id\":\"https:\\\/\\\/miralles1986.com\\\/producto\\\/shorts-l100019-v019a-algodon-organico-cepillado-canvas-efecto-old-stone-island\\\/\",\"url\":\"https:\\\/\\\/miralles1986.com\\\/producto\\\/shorts-l100019-v019a-algodon-organico-cepillado-canvas-efecto-old-stone-island\\\/\",\"name\":\"Shorts L100019 V019A Algod\u00f3n Org\u00e1nico Cepillado Canvas efecto Old Stone Island - Miralles 1986\",\"isPartOf\":{\"@id\":\"https:\\\/\\\/miralles1986.com\\\/#website\"},\"primaryImageOfPage\":{\"@id\":\"https:\\\/\\\/miralles1986.com\\\/producto\\\/shorts-l100019-v019a-algodon-organico-cepillado-canvas-efecto-old-stone-island\\\/#primaryimage\"},\"image\":{\"@id\":\"https:\\\/\\\/miralles1986.com\\\/producto\\\/shorts-l100019-v019a-algodon-organico-cepillado-canvas-efecto-old-stone-island\\\/#primaryimage\"},\"thumbnailUrl\":\"https:\\\/\\\/miralles1986.com\\\/wp-content\\\/uploads\\\/2026\\\/01\\\/shorts-l100019-brushed-organic-cotton-canvas-old-effect-desierto-stone-island-5.jpg\",\"datePublished\":\"2026-01-29T21:31:04+00:00\",\"dateModified\":\"2026-04-28T17:15:20+00:00\",\"description\":\"Estos shorts L100019 V019A Algod\u00f3n Org\u00e1nico Cepillado Canvas efecto Old de Stone Island, es un pantal\u00f3n corto cargo que combina la tradici\u00f3n y la innovaci\u00f3n.\",\"breadcrumb\":{\"@id\":\"https:\\\/\\\/miralles1986.com\\\/producto\\\/shorts-l100019-v019a-algodon-organico-cepillado-canvas-efecto-old-stone-island\\\/#breadcrumb\"},\"inLanguage\":\"en-GB\",\"potentialAction\":[{\"@type\":\"ReadAction\",\"target\":[\"https:\\\/\\\/miralles1986.com\\\/producto\\\/shorts-l100019-v019a-algodon-organico-cepillado-canvas-efecto-old-stone-island\\\/\"]}]},{\"@type\":\"ImageObject\",\"inLanguage\":\"en-GB\",\"@id\":\"https:\\\/\\\/miralles1986.com\\\/producto\\\/shorts-l100019-v019a-algodon-organico-cepillado-canvas-efecto-old-stone-island\\\/#primaryimage\",\"url\":\"https:\\\/\\\/miralles1986.com\\\/wp-content\\\/uploads\\\/2026\\\/01\\\/shorts-l100019-brushed-organic-cotton-canvas-old-effect-desierto-stone-island-5.jpg\",\"contentUrl\":\"https:\\\/\\\/miralles1986.com\\\/wp-content\\\/uploads\\\/2026\\\/01\\\/shorts-l100019-brushed-organic-cotton-canvas-old-effect-desierto-stone-island-5.jpg\",\"width\":1000,\"height\":1000,\"caption\":\"Shorts L100019 V019A Algod\u00f3n Org\u00e1nico Cepillado Canvas efecto Old Stone Island\"},{\"@type\":\"BreadcrumbList\",\"@id\":\"https:\\\/\\\/miralles1986.com\\\/producto\\\/shorts-l100019-v019a-algodon-organico-cepillado-canvas-efecto-old-stone-island\\\/#breadcrumb\",\"itemListElement\":[{\"@type\":\"ListItem\",\"position\":1,\"name\":\"Portada\",\"item\":\"https:\\\/\\\/miralles1986.com\\\/\"},{\"@type\":\"ListItem\",\"position\":2,\"name\":\"Ropa de lujo para hombre | Stone Island, Y-3, C.P. Company\",\"item\":\"https:\\\/\\\/miralles1986.com\\\/tienda\\\/\"},{\"@type\":\"ListItem\",\"position\":3,\"name\":\"Shorts L100019 V019A Algod\u00f3n Org\u00e1nico Cepillado Canvas efecto Old Stone Island\"}]},{\"@type\":\"WebSite\",\"@id\":\"https:\\\/\\\/miralles1986.com\\\/#website\",\"url\":\"https:\\\/\\\/miralles1986.com\\\/\",\"name\":\"Miralles 1986\",\"description\":\"Moda masculina de lujo en Valencia\",\"publisher\":{\"@id\":\"https:\\\/\\\/miralles1986.com\\\/#organization\"},\"potentialAction\":[{\"@type\":\"SearchAction\",\"target\":{\"@type\":\"EntryPoint\",\"urlTemplate\":\"https:\\\/\\\/miralles1986.com\\\/?s={search_term_string}\"},\"query-input\":{\"@type\":\"PropertyValueSpecification\",\"valueRequired\":true,\"valueName\":\"search_term_string\"}}],\"inLanguage\":\"en-GB\"},{\"@type\":\"Organization\",\"@id\":\"https:\\\/\\\/miralles1986.com\\\/#organization\",\"name\":\"Miralles 1986\",\"alternateName\":\"Miralles\",\"url\":\"https:\\\/\\\/miralles1986.com\\\/\",\"logo\":{\"@type\":\"ImageObject\",\"inLanguage\":\"en-GB\",\"@id\":\"https:\\\/\\\/miralles1986.com\\\/#\\\/schema\\\/logo\\\/image\\\/\",\"url\":\"https:\\\/\\\/miralles1986.com\\\/wp-content\\\/uploads\\\/2024\\\/09\\\/logo-miralles-1986-pequeno-bl.png\",\"contentUrl\":\"https:\\\/\\\/miralles1986.com\\\/wp-content\\\/uploads\\\/2024\\\/09\\\/logo-miralles-1986-pequeno-bl.png\",\"width\":201,\"height\":73,\"caption\":\"Miralles 1986\"},\"image\":{\"@id\":\"https:\\\/\\\/miralles1986.com\\\/#\\\/schema\\\/logo\\\/image\\\/\"},\"sameAs\":[\"https:\\\/\\\/www.facebook.com\\\/miralles1986\",\"https:\\\/\\\/www.instagram.com\\\/miralles1986_\\\/\"]}]}<\/script>\n<!-- \/ Yoast SEO plugin. -->","yoast_head_json":{"title":"Shorts L100019 V019A Brushed Organic Cotton Canvas Effect Old Stone Island - Miralles 1986","description":"These L100019 V019A Organic Cotton Brushed Canvas Old Effect shorts from Stone Island are cargo shorts that combine tradition and innovation.","robots":{"index":"index","follow":"follow","max-snippet":"max-snippet:-1","max-image-preview":"max-image-preview:large","max-video-preview":"max-video-preview:-1"},"canonical":"https:\/\/miralles1986.com\/en\/product\/shorts-l100019-v019a-algodon-organico-cepillado-canvas-efecto-old-stone-island\/","og_locale":"en_GB","og_type":"article","og_title":"Shorts L100019 V019A Algod\u00f3n Org\u00e1nico Cepillado Canvas efecto Old Stone Island - Miralles 1986","og_description":"Estos shorts L100019 V019A Algod\u00f3n Org\u00e1nico Cepillado Canvas efecto Old de Stone Island, es un pantal\u00f3n corto cargo que combina la tradici\u00f3n y la innovaci\u00f3n.","og_url":"https:\/\/miralles1986.com\/en\/product\/shorts-l100019-v019a-algodon-organico-cepillado-canvas-efecto-old-stone-island\/","og_site_name":"Miralles 1986","article_publisher":"https:\/\/www.facebook.com\/miralles1986","article_modified_time":"2026-04-28T17:15:20+00:00","og_image":[{"width":1000,"height":1000,"url":"https:\/\/miralles1986.com\/wp-content\/uploads\/2026\/01\/shorts-l100019-brushed-organic-cotton-canvas-old-effect-desierto-stone-island-5.jpg","type":"image\/jpeg"}],"twitter_card":"summary_large_image","twitter_misc":{"Estimated reading time":"2 minutes"},"schema":{"@context":"https:\/\/schema.org","@graph":[{"@type":"WebPage","@id":"https:\/\/miralles1986.com\/producto\/shorts-l100019-v019a-algodon-organico-cepillado-canvas-efecto-old-stone-island\/","url":"https:\/\/miralles1986.com\/producto\/shorts-l100019-v019a-algodon-organico-cepillado-canvas-efecto-old-stone-island\/","name":"Shorts L100019 V019A Brushed Organic Cotton Canvas Effect Old Stone Island - Miralles 1986","isPartOf":{"@id":"https:\/\/miralles1986.com\/#website"},"primaryImageOfPage":{"@id":"https:\/\/miralles1986.com\/producto\/shorts-l100019-v019a-algodon-organico-cepillado-canvas-efecto-old-stone-island\/#primaryimage"},"image":{"@id":"https:\/\/miralles1986.com\/producto\/shorts-l100019-v019a-algodon-organico-cepillado-canvas-efecto-old-stone-island\/#primaryimage"},"thumbnailUrl":"https:\/\/miralles1986.com\/wp-content\/uploads\/2026\/01\/shorts-l100019-brushed-organic-cotton-canvas-old-effect-desierto-stone-island-5.jpg","datePublished":"2026-01-29T21:31:04+00:00","dateModified":"2026-04-28T17:15:20+00:00","description":"These L100019 V019A Organic Cotton Brushed Canvas Old Effect shorts from Stone Island are cargo shorts that combine tradition and innovation.","breadcrumb":{"@id":"https:\/\/miralles1986.com\/producto\/shorts-l100019-v019a-algodon-organico-cepillado-canvas-efecto-old-stone-island\/#breadcrumb"},"inLanguage":"en-GB","potentialAction":[{"@type":"ReadAction","target":["https:\/\/miralles1986.com\/producto\/shorts-l100019-v019a-algodon-organico-cepillado-canvas-efecto-old-stone-island\/"]}]},{"@type":"ImageObject","inLanguage":"en-GB","@id":"https:\/\/miralles1986.com\/producto\/shorts-l100019-v019a-algodon-organico-cepillado-canvas-efecto-old-stone-island\/#primaryimage","url":"https:\/\/miralles1986.com\/wp-content\/uploads\/2026\/01\/shorts-l100019-brushed-organic-cotton-canvas-old-effect-desierto-stone-island-5.jpg","contentUrl":"https:\/\/miralles1986.com\/wp-content\/uploads\/2026\/01\/shorts-l100019-brushed-organic-cotton-canvas-old-effect-desierto-stone-island-5.jpg","width":1000,"height":1000,"caption":"Shorts L100019 V019A Algod\u00f3n Org\u00e1nico Cepillado Canvas efecto Old Stone Island"},{"@type":"BreadcrumbList","@id":"https:\/\/miralles1986.com\/producto\/shorts-l100019-v019a-algodon-organico-cepillado-canvas-efecto-old-stone-island\/#breadcrumb","itemListElement":[{"@type":"ListItem","position":1,"name":"Portada","item":"https:\/\/miralles1986.com\/"},{"@type":"ListItem","position":2,"name":"Ropa de lujo para hombre | Stone Island, Y-3, C.P. Company","item":"https:\/\/miralles1986.com\/tienda\/"},{"@type":"ListItem","position":3,"name":"Shorts L100019 V019A Algod\u00f3n Org\u00e1nico Cepillado Canvas efecto Old Stone Island"}]},{"@type":"WebSite","@id":"https:\/\/miralles1986.com\/#website","url":"https:\/\/miralles1986.com\/","name":"Miralles 1986","description":"Luxury men&#039;s fashion in Valencia","publisher":{"@id":"https:\/\/miralles1986.com\/#organization"},"potentialAction":[{"@type":"SearchAction","target":{"@type":"EntryPoint","urlTemplate":"https:\/\/miralles1986.com\/?s={search_term_string}"},"query-input":{"@type":"PropertyValueSpecification","valueRequired":true,"valueName":"search_term_string"}}],"inLanguage":"en-GB"},{"@type":"Organization","@id":"https:\/\/miralles1986.com\/#organization","name":"Miralles 1986","alternateName":"Miralles","url":"https:\/\/miralles1986.com\/","logo":{"@type":"ImageObject","inLanguage":"en-GB","@id":"https:\/\/miralles1986.com\/#\/schema\/logo\/image\/","url":"https:\/\/miralles1986.com\/wp-content\/uploads\/2024\/09\/logo-miralles-1986-pequeno-bl.png","contentUrl":"https:\/\/miralles1986.com\/wp-content\/uploads\/2024\/09\/logo-miralles-1986-pequeno-bl.png","width":201,"height":73,"caption":"Miralles 1986"},"image":{"@id":"https:\/\/miralles1986.com\/#\/schema\/logo\/image\/"},"sameAs":["https:\/\/www.facebook.com\/miralles1986","https:\/\/www.instagram.com\/miralles1986_\/"]}]}},"brands":[{"id":165,"name":"Stone Island","slug":"stone-island"}],"_links":{"self":[{"href":"https:\/\/miralles1986.com\/en\/wp-json\/wp\/v2\/product\/16914","targetHints":{"allow":["GET"]}}],"collection":[{"href":"https:\/\/miralles1986.com\/en\/wp-json\/wp\/v2\/product"}],"about":[{"href":"https:\/\/miralles1986.com\/en\/wp-json\/wp\/v2\/types\/product"}],"replies":[{"embeddable":true,"href":"https:\/\/miralles1986.com\/en\/wp-json\/wp\/v2\/comments?post=16914"}],"wp:featuredmedia":[{"embeddable":true,"href":"https:\/\/miralles1986.com\/en\/wp-json\/wp\/v2\/media\/16925"}],"wp:attachment":[{"href":"https:\/\/miralles1986.com\/en\/wp-json\/wp\/v2\/media?parent=16914"}],"wp:term":[{"taxonomy":"pwb-brand","embeddable":true,"href":"https:\/\/miralles1986.com\/en\/wp-json\/wp\/v2\/pwb-brand?post=16914"},{"taxonomy":"product_brand","embeddable":true,"href":"https:\/\/miralles1986.com\/en\/wp-json\/wp\/v2\/product_brand?post=16914"},{"taxonomy":"product_cat","embeddable":true,"href":"https:\/\/miralles1986.com\/en\/wp-json\/wp\/v2\/product_cat?post=16914"},{"taxonomy":"product_tag","embeddable":true,"href":"https:\/\/miralles1986.com\/en\/wp-json\/wp\/v2\/product_tag?post=16914"}],"curies":[{"name":"wp","href":"https:\/\/api.w.org\/{rel}","templated":true}]}}