{"id":16926,"date":"2026-01-29T22:39:52","date_gmt":"2026-01-29T21:39:52","guid":{"rendered":"https:\/\/miralles1986.com\/?post_type=product&#038;p=16926"},"modified":"2026-05-11T12:38:22","modified_gmt":"2026-05-11T10:38:22","slug":"polo-stretch-2200008-v0020-en-algodon-organico-pique-stone-island","status":"publish","type":"product","link":"https:\/\/miralles1986.com\/en\/producto\/polo-stretch-2200008-v0020-en-algodon-organico-pique-stone-island\/","title":{"rendered":"Polo Stretch 2200008 V0020 in organic cotton piqu\u00e9 Stone Island"},"content":{"rendered":"<p data-start=\"616\" data-end=\"926\"><strong data-start=\"619\" data-end=\"670\">He <a href=\"https:\/\/miralles1986.com\/en\/product-category\/stone-island\/polos-stone-island\/\">pole<\/a> stretch 2200008 V0020 in organic cotton piqu\u00e9 <a href=\"https:\/\/miralles1986.com\/en\/brand\/stone-island\/\">Stone Island,<\/a> <\/strong>It&#039;s a contemporary reinterpretation of the classic polo shirt, developed with the attention to detail and quality that define Stone Island. It&#039;s made of <strong data-start=\"692\" data-end=\"721\">organic cotton piqu\u00e9<\/strong> with added elastane, which guarantees a soft feel to the touch, greater elasticity and comfort throughout the day.<\/p>\n<p data-start=\"848\" data-end=\"1206\">The design features a <strong data-start=\"870\" data-end=\"888\">slim fit<\/strong> It defines the silhouette without restricting movement. The ribbed collar and cuffs provide structure and durability, while the two-button front closure maintains a clean and balanced aesthetic. Side vents with internal taping reinforcement enhance comfort and durability for everyday wear.<\/p>\n<p data-start=\"1208\" data-end=\"1436\">The iconic <strong data-start=\"1219\" data-end=\"1237\">Compass patch<\/strong> The logo applied to the chest gives the garment the unmistakable identity of the brand, making this polo shirt a versatile piece that works in both casual looks and more sophisticated combinations.<\/p>\n<h2 data-start=\"1443\" data-end=\"1463\">Characteristics<\/h2>\n<ul data-start=\"1464\" data-end=\"1780\">\n<li data-start=\"1464\" data-end=\"1509\">\n<p data-start=\"1466\" data-end=\"1509\">Organic cotton piqu\u00e9 with stretch<\/p>\n<\/li>\n<li data-start=\"1510\" data-end=\"1554\">\n<p data-start=\"1512\" data-end=\"1554\">Soft, breathable and comfortable fabric<\/p>\n<\/li>\n<li data-start=\"1555\" data-end=\"1573\">\n<p data-start=\"1557\" data-end=\"1573\">Slim fit<\/p>\n<\/li>\n<li data-start=\"1574\" data-end=\"1594\">\n<p data-start=\"1576\" data-end=\"1594\">Ribbed collar<\/p>\n<\/li>\n<li data-start=\"1595\" data-end=\"1615\">\n<p data-start=\"1597\" data-end=\"1615\">Ribbed cuffs<\/p>\n<\/li>\n<li data-start=\"1616\" data-end=\"1650\">\n<p data-start=\"1618\" data-end=\"1650\">Front closure with two buttons<\/p>\n<\/li>\n<li data-start=\"1651\" data-end=\"1708\">\n<p data-start=\"1653\" data-end=\"1708\">Side vents with internal tape reinforcement<\/p>\n<\/li>\n<li data-start=\"1709\" data-end=\"1755\">\n<p data-start=\"1711\" data-end=\"1755\">Stone Island Compass patch on the chest<\/p>\n<\/li>\n<li data-start=\"1756\" data-end=\"1780\">\n<p data-start=\"1758\" data-end=\"1780\">Made in T\u00fcrkiye<\/p>\n<\/li>\n<\/ul>\n<p data-start=\"1782\" data-end=\"1799\"><strong data-start=\"1782\" data-end=\"1797\">Composition<\/strong><\/p>\n<ul data-start=\"1800\" data-end=\"1861\">\n<li data-start=\"1800\" data-end=\"1836\">\n<p data-start=\"1802\" data-end=\"1836\">Garment: 95% Cotton, 5% Elastane<\/p>\n<\/li>\n<li data-start=\"1837\" data-end=\"1861\">\n<p data-start=\"1839\" data-end=\"1861\">Ribbed: 100% Cotton<\/p>\n<\/li>\n<\/ul>\n<p data-start=\"1863\" data-end=\"1877\"><strong data-start=\"1863\" data-end=\"1875\">Care<\/strong><\/p>\n<ul data-start=\"1878\" data-end=\"2037\">\n<li data-start=\"1878\" data-end=\"1912\">\n<p data-start=\"1880\" data-end=\"1912\">Wash delicately max. 30\u00b0C<\/p>\n<\/li>\n<li data-start=\"1913\" data-end=\"1930\">\n<p data-start=\"1915\" data-end=\"1930\">Do not use chlorine<\/p>\n<\/li>\n<li data-start=\"1931\" data-end=\"1951\">\n<p data-start=\"1933\" data-end=\"1951\">Do not tumble dry<\/p>\n<\/li>\n<li data-start=\"1952\" data-end=\"1986\">\n<p data-start=\"1954\" data-end=\"1986\">Iron at max. 110 \u00b0C without steam<\/p>\n<\/li>\n<li data-start=\"1987\" data-end=\"2007\">\n<p data-start=\"1989\" data-end=\"2007\">Do not dry clean<\/p>\n<\/li>\n<li data-start=\"2008\" data-end=\"2037\">\n<p data-start=\"2010\" data-end=\"2037\">Hang to dry in the shade<\/p>\n<\/li>\n<\/ul>\n<h3 data-start=\"2044\" data-end=\"2078\">Why buy this garment?<\/h3>\n<p data-start=\"2079\" data-end=\"2392\">Because it&#039;s a wardrobe staple elevated to the highest level of quality. The stretchy organic cotton, precise fit, and meticulous finishing make this polo shirt versatile, durable, and easy to style. Ideal for those seeking a balance of comfort, timeless design, and the distinctive character of Stone Island.<\/p>\n<p data-start=\"1212\" data-end=\"1496\"><strong data-start=\"619\" data-end=\"670\">He <a href=\"https:\/\/miralles1986.com\/en\/product-category\/stone-island\/polos-stone-island\/\">pole<\/a> stretch 2200008 V0020 in organic cotton piqu\u00e9 <a href=\"https:\/\/miralles1986.com\/en\/brand\/stone-island\/\">Stone Island<\/a> It is available in Miralles 1986.<\/strong><\/p>","protected":false},"excerpt":{"rendered":"<p data-start=\"207\" data-end=\"454\">Slim-fit short-sleeved polo shirt crafted from stretch organic cotton piqu\u00e9. An essential design featuring ribbed collar and cuffs, a two-button closure, and a Stone Island Compass patch on the chest. A refined basic with a technical edge.<\/p>","protected":false},"featured_media":16933,"comment_status":"closed","ping_status":"closed","template":"","meta":[],"pwb-brand":[165],"product_brand":[818],"product_cat":[197,997,168,992],"product_tag":[171,986,1021,293,183,1042],"class_list":{"0":"post-16926","1":"product","2":"type-product","3":"status-publish","4":"has-post-thumbnail","6":"pwb-brand-stone-island","7":"product_brand-tienda-miralles","8":"product_cat-polos","9":"product_cat-polos-stone-island","10":"product_cat-ropa","11":"product_cat-stone-island","12":"product_tag-chaquetas","13":"product_tag-chaquetas-sport","14":"product_tag-primavera-verano-2026","15":"product_tag-sobrecamisa","16":"product_tag-stone-island","17":"product_tag-stone-island-ss26","18":"pa_color-azul-marino","19":"pa_composicion-algodon","20":"pa_composicion-elastano","21":"pa_tamano-l","22":"pa_tamano-m","23":"pa_tamano-s","24":"pa_tamano-xl","25":"pa_tamano-xs","26":"pa_tamano-xxl","28":"first","29":"instock","30":"sold-individually","31":"taxable","32":"shipping-taxable","33":"purchasable","34":"product-type-variable"},"supplier_id":null,"supplier_sku":"","barcode":null,"atum_controlled":true,"out_stock_date":null,"out_stock_threshold":null,"inheritable":true,"inbound_stock":0,"stock_on_hold":0,"sold_today":null,"sales_last_days":null,"reserved_stock":0,"customer_returns":null,"warehouse_damage":null,"lost_in_post":null,"other_logs":null,"out_stock_days":null,"lost_sales":null,"has_location":false,"update_date":"2026-05-11T10:36:51","atum_locations":[],"atum_stock_status":"instock","restock_status":false,"low_stock_amount":"","sales_update_date":"2026-05-11T10:36:51","calc_backorders":null,"yoast_head":"<!-- This site is optimized with the Yoast SEO plugin v27.5 - https:\/\/yoast.com\/product\/yoast-seo-wordpress\/ -->\n<title>Polo Stretch 2200008 V0020 en algod\u00f3n org\u00e1nico piqu\u00e9 Stone Island - Miralles 1986<\/title>\n<meta name=\"description\" content=\"El polo stretch 2200008 V0020 en algod\u00f3n org\u00e1nico piqu\u00e9 de Stone Island, es una reinterpretaci\u00f3n contempor\u00e1nea del polo cl\u00e1sico.\" \/>\n<meta name=\"robots\" content=\"index, follow, max-snippet:-1, max-image-preview:large, max-video-preview:-1\" \/>\n<link rel=\"canonical\" href=\"https:\/\/miralles1986.com\/en\/product\/polo-stretch-2200008-v0020-en-algodon-organico-pique-stone-island\/\" \/>\n<meta property=\"og:locale\" content=\"en_GB\" \/>\n<meta property=\"og:type\" content=\"article\" \/>\n<meta property=\"og:title\" content=\"Polo Stretch 2200008 V0020 en algod\u00f3n org\u00e1nico piqu\u00e9 Stone Island - Miralles 1986\" \/>\n<meta property=\"og:description\" content=\"El polo stretch 2200008 V0020 en algod\u00f3n org\u00e1nico piqu\u00e9 de Stone Island, es una reinterpretaci\u00f3n contempor\u00e1nea del polo cl\u00e1sico.\" \/>\n<meta property=\"og:url\" content=\"https:\/\/miralles1986.com\/en\/product\/polo-stretch-2200008-v0020-en-algodon-organico-pique-stone-island\/\" \/>\n<meta property=\"og:site_name\" content=\"Miralles 1986\" \/>\n<meta property=\"article:publisher\" content=\"https:\/\/www.facebook.com\/miralles1986\" \/>\n<meta property=\"article:modified_time\" content=\"2026-05-11T10:38:22+00:00\" \/>\n<meta property=\"og:image\" content=\"https:\/\/miralles1986.com\/wp-content\/uploads\/2026\/01\/polo-azul-marino-2200008-organic-cotton-pique-with-stretch-stone-island-4.jpg\" \/>\n\t<meta property=\"og:image:width\" content=\"1000\" \/>\n\t<meta property=\"og:image:height\" content=\"1000\" \/>\n\t<meta property=\"og:image:type\" content=\"image\/jpeg\" \/>\n<meta name=\"twitter:card\" content=\"summary_large_image\" \/>\n<meta name=\"twitter:label1\" content=\"Estimated reading time\" \/>\n\t<meta name=\"twitter:data1\" content=\"2 minutes\" \/>\n<script type=\"application\/ld+json\" class=\"yoast-schema-graph\">{\"@context\":\"https:\\\/\\\/schema.org\",\"@graph\":[{\"@type\":\"WebPage\",\"@id\":\"https:\\\/\\\/miralles1986.com\\\/producto\\\/polo-stretch-2200008-v0020-en-algodon-organico-pique-stone-island\\\/\",\"url\":\"https:\\\/\\\/miralles1986.com\\\/producto\\\/polo-stretch-2200008-v0020-en-algodon-organico-pique-stone-island\\\/\",\"name\":\"Polo Stretch 2200008 V0020 en algod\u00f3n org\u00e1nico piqu\u00e9 Stone Island - Miralles 1986\",\"isPartOf\":{\"@id\":\"https:\\\/\\\/miralles1986.com\\\/#website\"},\"primaryImageOfPage\":{\"@id\":\"https:\\\/\\\/miralles1986.com\\\/producto\\\/polo-stretch-2200008-v0020-en-algodon-organico-pique-stone-island\\\/#primaryimage\"},\"image\":{\"@id\":\"https:\\\/\\\/miralles1986.com\\\/producto\\\/polo-stretch-2200008-v0020-en-algodon-organico-pique-stone-island\\\/#primaryimage\"},\"thumbnailUrl\":\"https:\\\/\\\/miralles1986.com\\\/wp-content\\\/uploads\\\/2026\\\/01\\\/polo-azul-marino-2200008-organic-cotton-pique-with-stretch-stone-island-4.jpg\",\"datePublished\":\"2026-01-29T21:39:52+00:00\",\"dateModified\":\"2026-05-11T10:38:22+00:00\",\"description\":\"El polo stretch 2200008 V0020 en algod\u00f3n org\u00e1nico piqu\u00e9 de Stone Island, es una reinterpretaci\u00f3n contempor\u00e1nea del polo cl\u00e1sico.\",\"breadcrumb\":{\"@id\":\"https:\\\/\\\/miralles1986.com\\\/producto\\\/polo-stretch-2200008-v0020-en-algodon-organico-pique-stone-island\\\/#breadcrumb\"},\"inLanguage\":\"en-GB\",\"potentialAction\":[{\"@type\":\"ReadAction\",\"target\":[\"https:\\\/\\\/miralles1986.com\\\/producto\\\/polo-stretch-2200008-v0020-en-algodon-organico-pique-stone-island\\\/\"]}]},{\"@type\":\"ImageObject\",\"inLanguage\":\"en-GB\",\"@id\":\"https:\\\/\\\/miralles1986.com\\\/producto\\\/polo-stretch-2200008-v0020-en-algodon-organico-pique-stone-island\\\/#primaryimage\",\"url\":\"https:\\\/\\\/miralles1986.com\\\/wp-content\\\/uploads\\\/2026\\\/01\\\/polo-azul-marino-2200008-organic-cotton-pique-with-stretch-stone-island-4.jpg\",\"contentUrl\":\"https:\\\/\\\/miralles1986.com\\\/wp-content\\\/uploads\\\/2026\\\/01\\\/polo-azul-marino-2200008-organic-cotton-pique-with-stretch-stone-island-4.jpg\",\"width\":1000,\"height\":1000,\"caption\":\"Polo Stretch 2200008 V0020 en algod\u00f3n org\u00e1nico piqu\u00e9 Stone Island\"},{\"@type\":\"BreadcrumbList\",\"@id\":\"https:\\\/\\\/miralles1986.com\\\/producto\\\/polo-stretch-2200008-v0020-en-algodon-organico-pique-stone-island\\\/#breadcrumb\",\"itemListElement\":[{\"@type\":\"ListItem\",\"position\":1,\"name\":\"Portada\",\"item\":\"https:\\\/\\\/miralles1986.com\\\/\"},{\"@type\":\"ListItem\",\"position\":2,\"name\":\"Ropa de lujo para hombre | Stone Island, Y-3, C.P. Company\",\"item\":\"https:\\\/\\\/miralles1986.com\\\/tienda\\\/\"},{\"@type\":\"ListItem\",\"position\":3,\"name\":\"Polo Stretch 2200008 V0020 en algod\u00f3n org\u00e1nico piqu\u00e9 Stone Island\"}]},{\"@type\":\"WebSite\",\"@id\":\"https:\\\/\\\/miralles1986.com\\\/#website\",\"url\":\"https:\\\/\\\/miralles1986.com\\\/\",\"name\":\"Miralles 1986\",\"description\":\"Moda masculina de lujo en Valencia\",\"publisher\":{\"@id\":\"https:\\\/\\\/miralles1986.com\\\/#organization\"},\"potentialAction\":[{\"@type\":\"SearchAction\",\"target\":{\"@type\":\"EntryPoint\",\"urlTemplate\":\"https:\\\/\\\/miralles1986.com\\\/?s={search_term_string}\"},\"query-input\":{\"@type\":\"PropertyValueSpecification\",\"valueRequired\":true,\"valueName\":\"search_term_string\"}}],\"inLanguage\":\"en-GB\"},{\"@type\":\"Organization\",\"@id\":\"https:\\\/\\\/miralles1986.com\\\/#organization\",\"name\":\"Miralles 1986\",\"alternateName\":\"Miralles\",\"url\":\"https:\\\/\\\/miralles1986.com\\\/\",\"logo\":{\"@type\":\"ImageObject\",\"inLanguage\":\"en-GB\",\"@id\":\"https:\\\/\\\/miralles1986.com\\\/#\\\/schema\\\/logo\\\/image\\\/\",\"url\":\"https:\\\/\\\/miralles1986.com\\\/wp-content\\\/uploads\\\/2024\\\/09\\\/logo-miralles-1986-pequeno-bl.png\",\"contentUrl\":\"https:\\\/\\\/miralles1986.com\\\/wp-content\\\/uploads\\\/2024\\\/09\\\/logo-miralles-1986-pequeno-bl.png\",\"width\":201,\"height\":73,\"caption\":\"Miralles 1986\"},\"image\":{\"@id\":\"https:\\\/\\\/miralles1986.com\\\/#\\\/schema\\\/logo\\\/image\\\/\"},\"sameAs\":[\"https:\\\/\\\/www.facebook.com\\\/miralles1986\",\"https:\\\/\\\/www.instagram.com\\\/miralles1986_\\\/\"]}]}<\/script>\n<!-- \/ Yoast SEO plugin. -->","yoast_head_json":{"title":"Stretch Polo Shirt 2200008 V0020 in organic cotton piqu\u00e9 Stone Island - Miralles 1986","description":"The Stone Island 2200008 V0020 stretch polo shirt in organic cotton piqu\u00e9 is a contemporary reinterpretation of the classic polo shirt.","robots":{"index":"index","follow":"follow","max-snippet":"max-snippet:-1","max-image-preview":"max-image-preview:large","max-video-preview":"max-video-preview:-1"},"canonical":"https:\/\/miralles1986.com\/en\/product\/polo-stretch-2200008-v0020-en-algodon-organico-pique-stone-island\/","og_locale":"en_GB","og_type":"article","og_title":"Polo Stretch 2200008 V0020 en algod\u00f3n org\u00e1nico piqu\u00e9 Stone Island - Miralles 1986","og_description":"El polo stretch 2200008 V0020 en algod\u00f3n org\u00e1nico piqu\u00e9 de Stone Island, es una reinterpretaci\u00f3n contempor\u00e1nea del polo cl\u00e1sico.","og_url":"https:\/\/miralles1986.com\/en\/product\/polo-stretch-2200008-v0020-en-algodon-organico-pique-stone-island\/","og_site_name":"Miralles 1986","article_publisher":"https:\/\/www.facebook.com\/miralles1986","article_modified_time":"2026-05-11T10:38:22+00:00","og_image":[{"width":1000,"height":1000,"url":"https:\/\/miralles1986.com\/wp-content\/uploads\/2026\/01\/polo-azul-marino-2200008-organic-cotton-pique-with-stretch-stone-island-4.jpg","type":"image\/jpeg"}],"twitter_card":"summary_large_image","twitter_misc":{"Estimated reading time":"2 minutes"},"schema":{"@context":"https:\/\/schema.org","@graph":[{"@type":"WebPage","@id":"https:\/\/miralles1986.com\/producto\/polo-stretch-2200008-v0020-en-algodon-organico-pique-stone-island\/","url":"https:\/\/miralles1986.com\/producto\/polo-stretch-2200008-v0020-en-algodon-organico-pique-stone-island\/","name":"Stretch Polo Shirt 2200008 V0020 in organic cotton piqu\u00e9 Stone Island - Miralles 1986","isPartOf":{"@id":"https:\/\/miralles1986.com\/#website"},"primaryImageOfPage":{"@id":"https:\/\/miralles1986.com\/producto\/polo-stretch-2200008-v0020-en-algodon-organico-pique-stone-island\/#primaryimage"},"image":{"@id":"https:\/\/miralles1986.com\/producto\/polo-stretch-2200008-v0020-en-algodon-organico-pique-stone-island\/#primaryimage"},"thumbnailUrl":"https:\/\/miralles1986.com\/wp-content\/uploads\/2026\/01\/polo-azul-marino-2200008-organic-cotton-pique-with-stretch-stone-island-4.jpg","datePublished":"2026-01-29T21:39:52+00:00","dateModified":"2026-05-11T10:38:22+00:00","description":"The Stone Island 2200008 V0020 stretch polo shirt in organic cotton piqu\u00e9 is a contemporary reinterpretation of the classic polo shirt.","breadcrumb":{"@id":"https:\/\/miralles1986.com\/producto\/polo-stretch-2200008-v0020-en-algodon-organico-pique-stone-island\/#breadcrumb"},"inLanguage":"en-GB","potentialAction":[{"@type":"ReadAction","target":["https:\/\/miralles1986.com\/producto\/polo-stretch-2200008-v0020-en-algodon-organico-pique-stone-island\/"]}]},{"@type":"ImageObject","inLanguage":"en-GB","@id":"https:\/\/miralles1986.com\/producto\/polo-stretch-2200008-v0020-en-algodon-organico-pique-stone-island\/#primaryimage","url":"https:\/\/miralles1986.com\/wp-content\/uploads\/2026\/01\/polo-azul-marino-2200008-organic-cotton-pique-with-stretch-stone-island-4.jpg","contentUrl":"https:\/\/miralles1986.com\/wp-content\/uploads\/2026\/01\/polo-azul-marino-2200008-organic-cotton-pique-with-stretch-stone-island-4.jpg","width":1000,"height":1000,"caption":"Polo Stretch 2200008 V0020 en algod\u00f3n org\u00e1nico piqu\u00e9 Stone Island"},{"@type":"BreadcrumbList","@id":"https:\/\/miralles1986.com\/producto\/polo-stretch-2200008-v0020-en-algodon-organico-pique-stone-island\/#breadcrumb","itemListElement":[{"@type":"ListItem","position":1,"name":"Portada","item":"https:\/\/miralles1986.com\/"},{"@type":"ListItem","position":2,"name":"Ropa de lujo para hombre | Stone Island, Y-3, C.P. Company","item":"https:\/\/miralles1986.com\/tienda\/"},{"@type":"ListItem","position":3,"name":"Polo Stretch 2200008 V0020 en algod\u00f3n org\u00e1nico piqu\u00e9 Stone Island"}]},{"@type":"WebSite","@id":"https:\/\/miralles1986.com\/#website","url":"https:\/\/miralles1986.com\/","name":"Miralles 1986","description":"Luxury men&#039;s fashion in Valencia","publisher":{"@id":"https:\/\/miralles1986.com\/#organization"},"potentialAction":[{"@type":"SearchAction","target":{"@type":"EntryPoint","urlTemplate":"https:\/\/miralles1986.com\/?s={search_term_string}"},"query-input":{"@type":"PropertyValueSpecification","valueRequired":true,"valueName":"search_term_string"}}],"inLanguage":"en-GB"},{"@type":"Organization","@id":"https:\/\/miralles1986.com\/#organization","name":"Miralles 1986","alternateName":"Miralles","url":"https:\/\/miralles1986.com\/","logo":{"@type":"ImageObject","inLanguage":"en-GB","@id":"https:\/\/miralles1986.com\/#\/schema\/logo\/image\/","url":"https:\/\/miralles1986.com\/wp-content\/uploads\/2024\/09\/logo-miralles-1986-pequeno-bl.png","contentUrl":"https:\/\/miralles1986.com\/wp-content\/uploads\/2024\/09\/logo-miralles-1986-pequeno-bl.png","width":201,"height":73,"caption":"Miralles 1986"},"image":{"@id":"https:\/\/miralles1986.com\/#\/schema\/logo\/image\/"},"sameAs":["https:\/\/www.facebook.com\/miralles1986","https:\/\/www.instagram.com\/miralles1986_\/"]}]}},"brands":[{"id":165,"name":"Stone Island","slug":"stone-island"}],"_links":{"self":[{"href":"https:\/\/miralles1986.com\/en\/wp-json\/wp\/v2\/product\/16926","targetHints":{"allow":["GET"]}}],"collection":[{"href":"https:\/\/miralles1986.com\/en\/wp-json\/wp\/v2\/product"}],"about":[{"href":"https:\/\/miralles1986.com\/en\/wp-json\/wp\/v2\/types\/product"}],"replies":[{"embeddable":true,"href":"https:\/\/miralles1986.com\/en\/wp-json\/wp\/v2\/comments?post=16926"}],"wp:featuredmedia":[{"embeddable":true,"href":"https:\/\/miralles1986.com\/en\/wp-json\/wp\/v2\/media\/16933"}],"wp:attachment":[{"href":"https:\/\/miralles1986.com\/en\/wp-json\/wp\/v2\/media?parent=16926"}],"wp:term":[{"taxonomy":"pwb-brand","embeddable":true,"href":"https:\/\/miralles1986.com\/en\/wp-json\/wp\/v2\/pwb-brand?post=16926"},{"taxonomy":"product_brand","embeddable":true,"href":"https:\/\/miralles1986.com\/en\/wp-json\/wp\/v2\/product_brand?post=16926"},{"taxonomy":"product_cat","embeddable":true,"href":"https:\/\/miralles1986.com\/en\/wp-json\/wp\/v2\/product_cat?post=16926"},{"taxonomy":"product_tag","embeddable":true,"href":"https:\/\/miralles1986.com\/en\/wp-json\/wp\/v2\/product_tag?post=16926"}],"curies":[{"name":"wp","href":"https:\/\/api.w.org\/{rel}","templated":true}]}}