{"id":17012,"date":"2026-01-30T18:49:58","date_gmt":"2026-01-30T17:49:58","guid":{"rendered":"https:\/\/miralles1986.com\/?post_type=product&#038;p=17012"},"modified":"2026-05-06T20:32:42","modified_gmt":"2026-05-06T18:32:42","slug":"gorra-9100002-v0020-nylon-metal-econyl-stone-island","status":"publish","type":"product","link":"https:\/\/miralles1986.com\/en\/producto\/gorra-9100002-v0020-nylon-metal-econyl-stone-island\/","title":{"rendered":"Stone Island 9100002 V0029 Brushed Cotton Gabardine Cap"},"content":{"rendered":"<p data-start=\"616\" data-end=\"926\"><strong data-start=\"619\" data-end=\"670\">The <a href=\"https:\/\/miralles1986.com\/en\/product-category\/accessories\/caps\/\">cap<\/a> 9100002 V0029 brushed cotton gabardine <a href=\"https:\/\/miralles1986.com\/en\/brand\/stone-island\/\">Stone Island,<\/a> <\/strong>It&#039;s a cap that combines a classic aesthetic with Stone Island&#039;s signature textile quality. It&#039;s made of <strong data-start=\"659\" data-end=\"692\">brushed cotton gabardine<\/strong>, a resistant and soft-to-the-touch fabric that offers comfort and durability in daily use.<\/p>\n<p data-start=\"784\" data-end=\"1148\">It presents a <strong data-start=\"797\" data-end=\"829\">construction of six panels<\/strong> with embroidered eyelets that improve breathability. <strong data-start=\"886\" data-end=\"926\">Tonal embroidered Stone Island logo<\/strong> The front provides a discreet and elegant identity. The back incorporates a <strong data-start=\"1024\" data-end=\"1075\">Adjustable strap with metal snap buckle<\/strong>, engraved with the iconic Compass logo, allowing for precise adjustment.<\/p>\n<p data-start=\"1150\" data-end=\"1357\">The interior is completed with a <strong data-start=\"1182\" data-end=\"1201\">cotton strip<\/strong> which improves comfort during prolonged use. A versatile accessory, designed to complement urban and contemporary looks with a distinctive touch.<\/p>\n<h3 data-start=\"1364\" data-end=\"1384\">Characteristics<\/h3>\n<ul data-start=\"1385\" data-end=\"1726\">\n<li data-start=\"1385\" data-end=\"1418\">\n<p data-start=\"1387\" data-end=\"1418\">Brushed cotton gabardine<\/p>\n<\/li>\n<li data-start=\"1419\" data-end=\"1457\">\n<p data-start=\"1421\" data-end=\"1457\">Durable fabric that is soft to the touch<\/p>\n<\/li>\n<li data-start=\"1458\" data-end=\"1490\">\n<p data-start=\"1460\" data-end=\"1490\">Construction of six panels<\/p>\n<\/li>\n<li data-start=\"1491\" data-end=\"1538\">\n<p data-start=\"1493\" data-end=\"1538\">Embroidered eyelets for greater breathability<\/p>\n<\/li>\n<li data-start=\"1539\" data-end=\"1593\">\n<p data-start=\"1541\" data-end=\"1593\">Stone Island logo embroidered in tone on the front<\/p>\n<\/li>\n<li data-start=\"1594\" data-end=\"1622\">\n<p data-start=\"1596\" data-end=\"1622\">Adjustable back strap<\/p>\n<\/li>\n<li data-start=\"1623\" data-end=\"1675\">\n<p data-start=\"1625\" data-end=\"1675\">Metal buckle engraved with the Compass logo<\/p>\n<\/li>\n<li data-start=\"1676\" data-end=\"1703\">\n<p data-start=\"1678\" data-end=\"1703\">Inner cotton strip<\/p>\n<\/li>\n<li data-start=\"1704\" data-end=\"1726\">\n<p data-start=\"1706\" data-end=\"1726\">Made in China<\/p>\n<\/li>\n<\/ul>\n<h3 data-start=\"1733\" data-end=\"1749\">Composition<\/h3>\n<ul data-start=\"1750\" data-end=\"1766\">\n<li data-start=\"1750\" data-end=\"1766\">\n<p data-start=\"1752\" data-end=\"1766\">100% Cotton<\/p>\n<\/li>\n<\/ul>\n<h3 data-start=\"1773\" data-end=\"1786\">Care<\/h3>\n<ul data-start=\"1787\" data-end=\"1924\">\n<li data-start=\"1787\" data-end=\"1803\">\n<p data-start=\"1789\" data-end=\"1803\">Hand wash<\/p>\n<\/li>\n<li data-start=\"1804\" data-end=\"1821\">\n<p data-start=\"1806\" data-end=\"1821\">Do not use chlorine<\/p>\n<\/li>\n<li data-start=\"1822\" data-end=\"1846\">\n<p data-start=\"1824\" data-end=\"1846\">Do not tumble dry<\/p>\n<\/li>\n<li data-start=\"1847\" data-end=\"1862\">\n<p data-start=\"1849\" data-end=\"1862\">Do not iron<\/p>\n<\/li>\n<li data-start=\"1863\" data-end=\"1883\">\n<p data-start=\"1865\" data-end=\"1883\">Do not dry clean<\/p>\n<\/li>\n<li data-start=\"1884\" data-end=\"1924\">\n<p data-start=\"1886\" data-end=\"1924\">Dry hanging, dripping, in the shade<\/p>\n<\/li>\n<\/ul>\n<h3 data-start=\"2012\" data-end=\"2046\">Why buy this garment?<\/h3>\n<p data-start=\"2047\" data-end=\"2389\">Because it&#039;s an essential cap reimagined with quality materials and meticulous details. The brushed cotton gabardine, tonal embroidery, and metal buckle with the Compass logo strike a perfect balance between functionality, understated elegance, and style. An ideal accessory to complete any Stone Island look with sophistication and character.<\/p>\n<p data-start=\"1212\" data-end=\"1496\"><strong data-start=\"619\" data-end=\"670\">The <a href=\"https:\/\/miralles1986.com\/en\/product-category\/accessories\/caps\/\">cap<\/a> 9100002 V0029 brushed cotton gabardine <a href=\"https:\/\/miralles1986.com\/en\/brand\/stone-island\/\">Stone Island<\/a> It is available in Miralles 1986.<\/strong><\/p>","protected":false},"excerpt":{"rendered":"<p data-start=\"221\" data-end=\"463\">Cap crafted from brushed cotton gabardine. Classic six-panel design with tone-on-tone embroidered Stone Island logo and adjustable back strap with metal buckle engraved with the Compass. A timeless accessory with a refined finish.<\/p>\n<h3 data-start=\"304\" data-end=\"327\"><\/h3>","protected":false},"featured_media":18702,"comment_status":"closed","ping_status":"closed","template":"","meta":[],"pwb-brand":[165],"product_brand":[818],"product_cat":[215,335,992],"product_tag":[339,1057,1021,183,1042],"class_list":{"0":"post-17012","1":"product","2":"type-product","3":"status-publish","4":"has-post-thumbnail","6":"pwb-brand-stone-island","7":"product_brand-tienda-miralles","8":"product_cat-accesorios","9":"product_cat-gorras","10":"product_cat-stone-island","11":"product_tag-gorras","12":"product_tag-pantalones-y-accesorios-stone-island","13":"product_tag-primavera-verano-2026","14":"product_tag-stone-island","15":"product_tag-stone-island-ss26","16":"pa_color-negro","17":"pa_composicion-algodon","19":"first","20":"instock","21":"sold-individually","22":"taxable","23":"shipping-taxable","24":"purchasable","25":"product-type-simple"},"supplier_id":null,"supplier_sku":"","barcode":null,"atum_controlled":true,"out_stock_date":null,"out_stock_threshold":null,"inheritable":false,"inbound_stock":0,"stock_on_hold":0,"sold_today":null,"sales_last_days":0,"reserved_stock":0,"customer_returns":null,"warehouse_damage":null,"lost_in_post":null,"other_logs":null,"out_stock_days":0,"lost_sales":0,"has_location":false,"update_date":"2026-05-11T10:36:50","atum_locations":[],"atum_stock_status":"instock","restock_status":false,"low_stock_amount":"","sales_update_date":"2026-05-11T10:36:50","calc_backorders":null,"yoast_head":"<!-- This site is optimized with the Yoast SEO plugin v27.5 - https:\/\/yoast.com\/product\/yoast-seo-wordpress\/ -->\n<title>Gorra 9100002 V0029 algod\u00f3n cepillado gabardina Stone Island - Miralles 1986<\/title>\n<meta name=\"description\" content=\"La gorra 9100002 V0029 algod\u00f3n cepillado gabardina de Stone Island, es una gorra que resume la investigaci\u00f3n textil y el enfoque sostenible.\" \/>\n<meta name=\"robots\" content=\"index, follow, max-snippet:-1, max-image-preview:large, max-video-preview:-1\" \/>\n<link rel=\"canonical\" href=\"https:\/\/miralles1986.com\/en\/product\/gorra-9100002-v0020-nylon-metal-econyl-stone-island\/\" \/>\n<meta property=\"og:locale\" content=\"en_GB\" \/>\n<meta property=\"og:type\" content=\"article\" \/>\n<meta property=\"og:title\" content=\"Gorra 9100002 V0029 algod\u00f3n cepillado gabardina Stone Island - Miralles 1986\" \/>\n<meta property=\"og:description\" content=\"La gorra 9100002 V0029 algod\u00f3n cepillado gabardina de Stone Island, es una gorra que resume la investigaci\u00f3n textil y el enfoque sostenible.\" \/>\n<meta property=\"og:url\" content=\"https:\/\/miralles1986.com\/en\/product\/gorra-9100002-v0020-nylon-metal-econyl-stone-island\/\" \/>\n<meta property=\"og:site_name\" content=\"Miralles 1986\" \/>\n<meta property=\"article:publisher\" content=\"https:\/\/www.facebook.com\/miralles1986\" \/>\n<meta property=\"article:modified_time\" content=\"2026-05-06T18:32:42+00:00\" \/>\n<meta property=\"og:image\" content=\"https:\/\/miralles1986.com\/wp-content\/uploads\/2026\/01\/Gorra-9100002-V0029-algodon-cepillado-gabardina-Stone-Island-4.jpg\" \/>\n\t<meta property=\"og:image:width\" content=\"1000\" \/>\n\t<meta property=\"og:image:height\" content=\"1000\" \/>\n\t<meta property=\"og:image:type\" content=\"image\/jpeg\" \/>\n<meta name=\"twitter:card\" content=\"summary_large_image\" \/>\n<meta name=\"twitter:label1\" content=\"Estimated reading time\" \/>\n\t<meta name=\"twitter:data1\" content=\"2 minutes\" \/>\n<script type=\"application\/ld+json\" class=\"yoast-schema-graph\">{\"@context\":\"https:\\\/\\\/schema.org\",\"@graph\":[{\"@type\":\"WebPage\",\"@id\":\"https:\\\/\\\/miralles1986.com\\\/producto\\\/gorra-9100002-v0020-nylon-metal-econyl-stone-island\\\/\",\"url\":\"https:\\\/\\\/miralles1986.com\\\/producto\\\/gorra-9100002-v0020-nylon-metal-econyl-stone-island\\\/\",\"name\":\"Gorra 9100002 V0029 algod\u00f3n cepillado gabardina Stone Island - Miralles 1986\",\"isPartOf\":{\"@id\":\"https:\\\/\\\/miralles1986.com\\\/#website\"},\"primaryImageOfPage\":{\"@id\":\"https:\\\/\\\/miralles1986.com\\\/producto\\\/gorra-9100002-v0020-nylon-metal-econyl-stone-island\\\/#primaryimage\"},\"image\":{\"@id\":\"https:\\\/\\\/miralles1986.com\\\/producto\\\/gorra-9100002-v0020-nylon-metal-econyl-stone-island\\\/#primaryimage\"},\"thumbnailUrl\":\"https:\\\/\\\/miralles1986.com\\\/wp-content\\\/uploads\\\/2026\\\/01\\\/Gorra-9100002-V0029-algodon-cepillado-gabardina-Stone-Island-4.jpg\",\"datePublished\":\"2026-01-30T17:49:58+00:00\",\"dateModified\":\"2026-05-06T18:32:42+00:00\",\"description\":\"La gorra 9100002 V0029 algod\u00f3n cepillado gabardina de Stone Island, es una gorra que resume la investigaci\u00f3n textil y el enfoque sostenible.\",\"breadcrumb\":{\"@id\":\"https:\\\/\\\/miralles1986.com\\\/producto\\\/gorra-9100002-v0020-nylon-metal-econyl-stone-island\\\/#breadcrumb\"},\"inLanguage\":\"en-GB\",\"potentialAction\":[{\"@type\":\"ReadAction\",\"target\":[\"https:\\\/\\\/miralles1986.com\\\/producto\\\/gorra-9100002-v0020-nylon-metal-econyl-stone-island\\\/\"]}]},{\"@type\":\"ImageObject\",\"inLanguage\":\"en-GB\",\"@id\":\"https:\\\/\\\/miralles1986.com\\\/producto\\\/gorra-9100002-v0020-nylon-metal-econyl-stone-island\\\/#primaryimage\",\"url\":\"https:\\\/\\\/miralles1986.com\\\/wp-content\\\/uploads\\\/2026\\\/01\\\/Gorra-9100002-V0029-algodon-cepillado-gabardina-Stone-Island-4.jpg\",\"contentUrl\":\"https:\\\/\\\/miralles1986.com\\\/wp-content\\\/uploads\\\/2026\\\/01\\\/Gorra-9100002-V0029-algodon-cepillado-gabardina-Stone-Island-4.jpg\",\"width\":1000,\"height\":1000,\"caption\":\"Gorra 9100002 V0029 algod\u00f3n cepillado gabardina Stone Island\"},{\"@type\":\"BreadcrumbList\",\"@id\":\"https:\\\/\\\/miralles1986.com\\\/producto\\\/gorra-9100002-v0020-nylon-metal-econyl-stone-island\\\/#breadcrumb\",\"itemListElement\":[{\"@type\":\"ListItem\",\"position\":1,\"name\":\"Portada\",\"item\":\"https:\\\/\\\/miralles1986.com\\\/\"},{\"@type\":\"ListItem\",\"position\":2,\"name\":\"Ropa de lujo para hombre | Stone Island, Y-3, C.P. Company\",\"item\":\"https:\\\/\\\/miralles1986.com\\\/tienda\\\/\"},{\"@type\":\"ListItem\",\"position\":3,\"name\":\"Gorra 9100002 V0029 algod\u00f3n cepillado gabardina Stone Island\"}]},{\"@type\":\"WebSite\",\"@id\":\"https:\\\/\\\/miralles1986.com\\\/#website\",\"url\":\"https:\\\/\\\/miralles1986.com\\\/\",\"name\":\"Miralles 1986\",\"description\":\"Moda masculina de lujo en Valencia\",\"publisher\":{\"@id\":\"https:\\\/\\\/miralles1986.com\\\/#organization\"},\"potentialAction\":[{\"@type\":\"SearchAction\",\"target\":{\"@type\":\"EntryPoint\",\"urlTemplate\":\"https:\\\/\\\/miralles1986.com\\\/?s={search_term_string}\"},\"query-input\":{\"@type\":\"PropertyValueSpecification\",\"valueRequired\":true,\"valueName\":\"search_term_string\"}}],\"inLanguage\":\"en-GB\"},{\"@type\":\"Organization\",\"@id\":\"https:\\\/\\\/miralles1986.com\\\/#organization\",\"name\":\"Miralles 1986\",\"alternateName\":\"Miralles\",\"url\":\"https:\\\/\\\/miralles1986.com\\\/\",\"logo\":{\"@type\":\"ImageObject\",\"inLanguage\":\"en-GB\",\"@id\":\"https:\\\/\\\/miralles1986.com\\\/#\\\/schema\\\/logo\\\/image\\\/\",\"url\":\"https:\\\/\\\/miralles1986.com\\\/wp-content\\\/uploads\\\/2024\\\/09\\\/logo-miralles-1986-pequeno-bl.png\",\"contentUrl\":\"https:\\\/\\\/miralles1986.com\\\/wp-content\\\/uploads\\\/2024\\\/09\\\/logo-miralles-1986-pequeno-bl.png\",\"width\":201,\"height\":73,\"caption\":\"Miralles 1986\"},\"image\":{\"@id\":\"https:\\\/\\\/miralles1986.com\\\/#\\\/schema\\\/logo\\\/image\\\/\"},\"sameAs\":[\"https:\\\/\\\/www.facebook.com\\\/miralles1986\",\"https:\\\/\\\/www.instagram.com\\\/miralles1986_\\\/\"]}]}<\/script>\n<!-- \/ Yoast SEO plugin. -->","yoast_head_json":{"title":"Cap 9100002 V0029 brushed cotton gabardine Stone Island - Miralles 1986","description":"The Stone Island 9100002 V0029 brushed cotton gabardine cap is a cap that summarizes textile research and a sustainable approach.","robots":{"index":"index","follow":"follow","max-snippet":"max-snippet:-1","max-image-preview":"max-image-preview:large","max-video-preview":"max-video-preview:-1"},"canonical":"https:\/\/miralles1986.com\/en\/product\/gorra-9100002-v0020-nylon-metal-econyl-stone-island\/","og_locale":"en_GB","og_type":"article","og_title":"Gorra 9100002 V0029 algod\u00f3n cepillado gabardina Stone Island - Miralles 1986","og_description":"La gorra 9100002 V0029 algod\u00f3n cepillado gabardina de Stone Island, es una gorra que resume la investigaci\u00f3n textil y el enfoque sostenible.","og_url":"https:\/\/miralles1986.com\/en\/product\/gorra-9100002-v0020-nylon-metal-econyl-stone-island\/","og_site_name":"Miralles 1986","article_publisher":"https:\/\/www.facebook.com\/miralles1986","article_modified_time":"2026-05-06T18:32:42+00:00","og_image":[{"width":1000,"height":1000,"url":"https:\/\/miralles1986.com\/wp-content\/uploads\/2026\/01\/Gorra-9100002-V0029-algodon-cepillado-gabardina-Stone-Island-4.jpg","type":"image\/jpeg"}],"twitter_card":"summary_large_image","twitter_misc":{"Estimated reading time":"2 minutes"},"schema":{"@context":"https:\/\/schema.org","@graph":[{"@type":"WebPage","@id":"https:\/\/miralles1986.com\/producto\/gorra-9100002-v0020-nylon-metal-econyl-stone-island\/","url":"https:\/\/miralles1986.com\/producto\/gorra-9100002-v0020-nylon-metal-econyl-stone-island\/","name":"Cap 9100002 V0029 brushed cotton gabardine Stone Island - Miralles 1986","isPartOf":{"@id":"https:\/\/miralles1986.com\/#website"},"primaryImageOfPage":{"@id":"https:\/\/miralles1986.com\/producto\/gorra-9100002-v0020-nylon-metal-econyl-stone-island\/#primaryimage"},"image":{"@id":"https:\/\/miralles1986.com\/producto\/gorra-9100002-v0020-nylon-metal-econyl-stone-island\/#primaryimage"},"thumbnailUrl":"https:\/\/miralles1986.com\/wp-content\/uploads\/2026\/01\/Gorra-9100002-V0029-algodon-cepillado-gabardina-Stone-Island-4.jpg","datePublished":"2026-01-30T17:49:58+00:00","dateModified":"2026-05-06T18:32:42+00:00","description":"The Stone Island 9100002 V0029 brushed cotton gabardine cap is a cap that summarizes textile research and a sustainable approach.","breadcrumb":{"@id":"https:\/\/miralles1986.com\/producto\/gorra-9100002-v0020-nylon-metal-econyl-stone-island\/#breadcrumb"},"inLanguage":"en-GB","potentialAction":[{"@type":"ReadAction","target":["https:\/\/miralles1986.com\/producto\/gorra-9100002-v0020-nylon-metal-econyl-stone-island\/"]}]},{"@type":"ImageObject","inLanguage":"en-GB","@id":"https:\/\/miralles1986.com\/producto\/gorra-9100002-v0020-nylon-metal-econyl-stone-island\/#primaryimage","url":"https:\/\/miralles1986.com\/wp-content\/uploads\/2026\/01\/Gorra-9100002-V0029-algodon-cepillado-gabardina-Stone-Island-4.jpg","contentUrl":"https:\/\/miralles1986.com\/wp-content\/uploads\/2026\/01\/Gorra-9100002-V0029-algodon-cepillado-gabardina-Stone-Island-4.jpg","width":1000,"height":1000,"caption":"Gorra 9100002 V0029 algod\u00f3n cepillado gabardina Stone Island"},{"@type":"BreadcrumbList","@id":"https:\/\/miralles1986.com\/producto\/gorra-9100002-v0020-nylon-metal-econyl-stone-island\/#breadcrumb","itemListElement":[{"@type":"ListItem","position":1,"name":"Portada","item":"https:\/\/miralles1986.com\/"},{"@type":"ListItem","position":2,"name":"Ropa de lujo para hombre | Stone Island, Y-3, C.P. Company","item":"https:\/\/miralles1986.com\/tienda\/"},{"@type":"ListItem","position":3,"name":"Gorra 9100002 V0029 algod\u00f3n cepillado gabardina Stone Island"}]},{"@type":"WebSite","@id":"https:\/\/miralles1986.com\/#website","url":"https:\/\/miralles1986.com\/","name":"Miralles 1986","description":"Luxury men&#039;s fashion in Valencia","publisher":{"@id":"https:\/\/miralles1986.com\/#organization"},"potentialAction":[{"@type":"SearchAction","target":{"@type":"EntryPoint","urlTemplate":"https:\/\/miralles1986.com\/?s={search_term_string}"},"query-input":{"@type":"PropertyValueSpecification","valueRequired":true,"valueName":"search_term_string"}}],"inLanguage":"en-GB"},{"@type":"Organization","@id":"https:\/\/miralles1986.com\/#organization","name":"Miralles 1986","alternateName":"Miralles","url":"https:\/\/miralles1986.com\/","logo":{"@type":"ImageObject","inLanguage":"en-GB","@id":"https:\/\/miralles1986.com\/#\/schema\/logo\/image\/","url":"https:\/\/miralles1986.com\/wp-content\/uploads\/2024\/09\/logo-miralles-1986-pequeno-bl.png","contentUrl":"https:\/\/miralles1986.com\/wp-content\/uploads\/2024\/09\/logo-miralles-1986-pequeno-bl.png","width":201,"height":73,"caption":"Miralles 1986"},"image":{"@id":"https:\/\/miralles1986.com\/#\/schema\/logo\/image\/"},"sameAs":["https:\/\/www.facebook.com\/miralles1986","https:\/\/www.instagram.com\/miralles1986_\/"]}]}},"brands":[{"id":165,"name":"Stone Island","slug":"stone-island"}],"_links":{"self":[{"href":"https:\/\/miralles1986.com\/en\/wp-json\/wp\/v2\/product\/17012","targetHints":{"allow":["GET"]}}],"collection":[{"href":"https:\/\/miralles1986.com\/en\/wp-json\/wp\/v2\/product"}],"about":[{"href":"https:\/\/miralles1986.com\/en\/wp-json\/wp\/v2\/types\/product"}],"replies":[{"embeddable":true,"href":"https:\/\/miralles1986.com\/en\/wp-json\/wp\/v2\/comments?post=17012"}],"wp:featuredmedia":[{"embeddable":true,"href":"https:\/\/miralles1986.com\/en\/wp-json\/wp\/v2\/media\/18702"}],"wp:attachment":[{"href":"https:\/\/miralles1986.com\/en\/wp-json\/wp\/v2\/media?parent=17012"}],"wp:term":[{"taxonomy":"pwb-brand","embeddable":true,"href":"https:\/\/miralles1986.com\/en\/wp-json\/wp\/v2\/pwb-brand?post=17012"},{"taxonomy":"product_brand","embeddable":true,"href":"https:\/\/miralles1986.com\/en\/wp-json\/wp\/v2\/product_brand?post=17012"},{"taxonomy":"product_cat","embeddable":true,"href":"https:\/\/miralles1986.com\/en\/wp-json\/wp\/v2\/product_cat?post=17012"},{"taxonomy":"product_tag","embeddable":true,"href":"https:\/\/miralles1986.com\/en\/wp-json\/wp\/v2\/product_tag?post=17012"}],"curies":[{"name":"wp","href":"https:\/\/api.w.org\/{rel}","templated":true}]}}