{"id":17097,"date":"2026-02-12T21:23:49","date_gmt":"2026-02-12T20:23:49","guid":{"rendered":"https:\/\/miralles1986.com\/?post_type=product&#038;p=17097"},"modified":"2026-04-04T16:37:30","modified_gmt":"2026-04-04T14:37:30","slug":"camiseta-manga-corta-algodon-888-c-p-company","status":"publish","type":"product","link":"https:\/\/miralles1986.com\/en\/producto\/camiseta-manga-corta-algodon-888-c-p-company\/","title":{"rendered":"Short-sleeved cotton t-shirt 888 CP Company"},"content":{"rendered":"<p><b>The short-sleeved cotton t-shirt 888 <\/b>of <a href=\"https:\/\/miralles1986.com\/en\/brand\/cp-company\/\"><strong>CP Company<\/strong> <\/a>It embodies the essence of contemporary design with a clean and functional approach. Made from 100% cotton 3T, it offers a soft and comfortable texture that ensures freshness and lightness throughout the day.<\/p>\n<p data-start=\"568\" data-end=\"872\">The garment features a classic crew neck, short sleeves, and a regular fit that naturally adapts to the silhouette without being too tight. A contrasting logo patch on the chest adds a subtle detail that reinforces CP Company&#039;s technical and urban identity.<\/p>\n<p data-start=\"874\" data-end=\"1106\">Made in Italy, it stands out for the quality of its finishes and its versatility. It&#039;s an essential garment that can be easily incorporated into casual looks or combined with more technical pieces for a contemporary and balanced style.<\/p>\n<h3 data-start=\"1108\" data-end=\"1128\">Characteristics<\/h3>\n<p data-start=\"1129\" data-end=\"1300\">\u2022 Made from 100% cotton TP3T<br data-start=\"1160\" data-end=\"1163\" \/>\u2022 Round neck (gyrocollo)<br data-start=\"1191\" data-end=\"1194\" \/>\u2022 Short sleeve<br data-start=\"1207\" data-end=\"1210\" \/>\u2022 CP Company logo patch on the chest<br data-start=\"1256\" data-end=\"1259\" \/>\u2022 Regular cut<br data-start=\"1274\" data-end=\"1277\" \/>\u2022 Made in Italy<\/p>\n<h3 data-start=\"1302\" data-end=\"1318\">Composition<\/h3>\n<p data-start=\"1319\" data-end=\"1350\">Outer fabric: 100% Cotton<\/p>\n<h3 data-start=\"1536\" data-end=\"1549\">Care<\/h3>\n<ul data-start=\"1550\" data-end=\"1937\">\n<li data-start=\"1550\" data-end=\"1587\">\n<p data-start=\"1552\" data-end=\"1587\">Wash at a maximum of 30\u00b0C, gentle cycle<\/p>\n<\/li>\n<li data-start=\"1588\" data-end=\"1605\">\n<p data-start=\"1590\" data-end=\"1605\">Do not use bleach<\/p>\n<\/li>\n<li data-start=\"1606\" data-end=\"1630\">\n<p data-start=\"1608\" data-end=\"1630\">Do not tumble dry<\/p>\n<\/li>\n<li data-start=\"1631\" data-end=\"1681\">\n<p data-start=\"1633\" data-end=\"1681\">Iron at a maximum temperature of 110\u00b0C without steam<\/p>\n<\/li>\n<li data-start=\"1682\" data-end=\"1702\">\n<p data-start=\"1684\" data-end=\"1702\">Do not dry clean<\/p>\n<\/li>\n<li data-start=\"1703\" data-end=\"1733\">\n<p data-start=\"1705\" data-end=\"1733\">Dry flat in the shade<\/p>\n<\/li>\n<li data-start=\"1734\" data-end=\"1756\">\n<p data-start=\"1736\" data-end=\"1756\">Wash separately<\/p>\n<\/li>\n<li data-start=\"1757\" data-end=\"1788\">\n<p data-start=\"1759\" data-end=\"1788\">Wash with like colors<\/p>\n<\/li>\n<li data-start=\"1789\" data-end=\"1808\">\n<p data-start=\"1791\" data-end=\"1808\">Wash inside out<\/p>\n<\/li>\n<li data-start=\"1809\" data-end=\"1861\">\n<p data-start=\"1811\" data-end=\"1861\">Remove detachable accessories before washing<\/p>\n<\/li>\n<li data-start=\"1862\" data-end=\"1937\">\n<p data-start=\"1864\" data-end=\"1937\">Do not expose the garment to direct sunlight or prolonged artificial light.<\/p>\n<\/li>\n<\/ul>\n<h3 data-start=\"1352\" data-end=\"1388\">Why buy this product?<\/h3>\n<p data-start=\"1389\" data-end=\"1711\" data-is-last-node=\"\" data-is-only-node=\"\">Because it&#039;s a basic elevated by quality and detail. Made in Italy, with high-quality cotton and a distinctive logo patch, this T-shirt is a versatile, durable piece with its own unique identity. Ideal for those seeking essential garments with character and the authentic CP Company touch.<\/p>\n<p><strong><b>He <a href=\"https:\/\/miralles1986.com\/en\/product-category\/clothes\/sweaters\/\">sweater<\/a> short sleeve cotton 888 <\/b>of <a href=\"https:\/\/miralles1986.com\/en\/brand\/cp-company\/\">CP Company,\u00a0<\/a> It is available in Miralles 1986.<\/strong><\/p>","protected":false},"excerpt":{"rendered":"<p data-start=\"121\" data-end=\"310\">Short-sleeved T-shirt made from 100% cotton, with a round neck and CP Company logo patch on the chest. Minimalist design, regular fit, and made in Italy.<\/p>","protected":false},"featured_media":17093,"comment_status":"closed","ping_status":"closed","template":"","meta":[],"pwb-brand":[166],"product_brand":[818],"product_cat":[243,244,168],"product_tag":[546,1061,247,1072,1021],"class_list":{"0":"post-17097","1":"product","2":"type-product","3":"status-publish","4":"has-post-thumbnail","6":"pwb-brand-cp-company","7":"product_brand-tienda-miralles","8":"product_cat-camisetas","9":"product_cat-camisetas-manga-corta","10":"product_cat-ropa","11":"product_tag-cp-company","12":"product_tag-c-p-company-primavera-verano-2026","13":"product_tag-camiseta","14":"product_tag-camisetas-c-p-company-primavera-verano-2026","15":"product_tag-primavera-verano-2026","16":"pa_color-azul-oscuro","17":"pa_composicion-algodon","18":"pa_tamano-l","19":"pa_tamano-m","20":"pa_tamano-s","21":"pa_tamano-xl","22":"pa_tamano-xs","23":"pa_tamano-xxl","25":"first","26":"instock","27":"featured","28":"sold-individually","29":"taxable","30":"shipping-taxable","31":"purchasable","32":"product-type-variable"},"supplier_id":null,"supplier_sku":"","barcode":null,"atum_controlled":true,"out_stock_date":null,"out_stock_threshold":null,"inheritable":true,"inbound_stock":0,"stock_on_hold":0,"sold_today":null,"sales_last_days":null,"reserved_stock":0,"customer_returns":null,"warehouse_damage":null,"lost_in_post":null,"other_logs":null,"out_stock_days":null,"lost_sales":null,"has_location":false,"update_date":"2026-05-11T11:54:02","atum_locations":[],"atum_stock_status":"instock","restock_status":false,"low_stock_amount":"","sales_update_date":"2026-05-11T11:54:02","calc_backorders":null,"yoast_head":"<!-- This site is optimized with the Yoast SEO plugin v27.5 - https:\/\/yoast.com\/product\/yoast-seo-wordpress\/ -->\n<title>Camiseta manga corta algod\u00f3n 888 C.P. Company - Miralles 1986<\/title>\n<meta name=\"description\" content=\"El su\u00e9ter manga corta algod\u00f3n 888 de C.P. Company representa la esencia del dise\u00f1o contempor\u00e1neo con un enfoque limpio y funcional.\" \/>\n<meta name=\"robots\" content=\"index, follow, max-snippet:-1, max-image-preview:large, max-video-preview:-1\" \/>\n<link rel=\"canonical\" href=\"https:\/\/miralles1986.com\/en\/product\/camiseta-manga-corta-algodon-888-c-p-company\/\" \/>\n<meta property=\"og:locale\" content=\"en_GB\" \/>\n<meta property=\"og:type\" content=\"article\" \/>\n<meta property=\"og:title\" content=\"Camiseta manga corta algod\u00f3n 888 C.P. Company - Miralles 1986\" \/>\n<meta property=\"og:description\" content=\"El su\u00e9ter manga corta algod\u00f3n 888 de C.P. Company representa la esencia del dise\u00f1o contempor\u00e1neo con un enfoque limpio y funcional.\" \/>\n<meta property=\"og:url\" content=\"https:\/\/miralles1986.com\/en\/product\/camiseta-manga-corta-algodon-888-c-p-company\/\" \/>\n<meta property=\"og:site_name\" content=\"Miralles 1986\" \/>\n<meta property=\"article:publisher\" content=\"https:\/\/www.facebook.com\/miralles1986\" \/>\n<meta property=\"article:modified_time\" content=\"2026-04-04T14:37:30+00:00\" \/>\n<meta property=\"og:image\" content=\"https:\/\/miralles1986.com\/wp-content\/uploads\/2026\/02\/camiseta-manga-corta-algodon-888-cp-company-888.jpg\" \/>\n\t<meta property=\"og:image:width\" content=\"1000\" \/>\n\t<meta property=\"og:image:height\" content=\"1000\" \/>\n\t<meta property=\"og:image:type\" content=\"image\/jpeg\" \/>\n<meta name=\"twitter:card\" content=\"summary_large_image\" \/>\n<meta name=\"twitter:label1\" content=\"Estimated reading time\" \/>\n\t<meta name=\"twitter:data1\" content=\"2 minutes\" \/>\n<script type=\"application\/ld+json\" class=\"yoast-schema-graph\">{\"@context\":\"https:\\\/\\\/schema.org\",\"@graph\":[{\"@type\":\"WebPage\",\"@id\":\"https:\\\/\\\/miralles1986.com\\\/producto\\\/camiseta-manga-corta-algodon-888-c-p-company\\\/\",\"url\":\"https:\\\/\\\/miralles1986.com\\\/producto\\\/camiseta-manga-corta-algodon-888-c-p-company\\\/\",\"name\":\"Camiseta manga corta algod\u00f3n 888 C.P. Company - Miralles 1986\",\"isPartOf\":{\"@id\":\"https:\\\/\\\/miralles1986.com\\\/#website\"},\"primaryImageOfPage\":{\"@id\":\"https:\\\/\\\/miralles1986.com\\\/producto\\\/camiseta-manga-corta-algodon-888-c-p-company\\\/#primaryimage\"},\"image\":{\"@id\":\"https:\\\/\\\/miralles1986.com\\\/producto\\\/camiseta-manga-corta-algodon-888-c-p-company\\\/#primaryimage\"},\"thumbnailUrl\":\"https:\\\/\\\/miralles1986.com\\\/wp-content\\\/uploads\\\/2026\\\/02\\\/camiseta-manga-corta-algodon-888-cp-company-888.jpg\",\"datePublished\":\"2026-02-12T20:23:49+00:00\",\"dateModified\":\"2026-04-04T14:37:30+00:00\",\"description\":\"El su\u00e9ter manga corta algod\u00f3n 888 de C.P. Company representa la esencia del dise\u00f1o contempor\u00e1neo con un enfoque limpio y funcional.\",\"breadcrumb\":{\"@id\":\"https:\\\/\\\/miralles1986.com\\\/producto\\\/camiseta-manga-corta-algodon-888-c-p-company\\\/#breadcrumb\"},\"inLanguage\":\"en-GB\",\"potentialAction\":[{\"@type\":\"ReadAction\",\"target\":[\"https:\\\/\\\/miralles1986.com\\\/producto\\\/camiseta-manga-corta-algodon-888-c-p-company\\\/\"]}]},{\"@type\":\"ImageObject\",\"inLanguage\":\"en-GB\",\"@id\":\"https:\\\/\\\/miralles1986.com\\\/producto\\\/camiseta-manga-corta-algodon-888-c-p-company\\\/#primaryimage\",\"url\":\"https:\\\/\\\/miralles1986.com\\\/wp-content\\\/uploads\\\/2026\\\/02\\\/camiseta-manga-corta-algodon-888-cp-company-888.jpg\",\"contentUrl\":\"https:\\\/\\\/miralles1986.com\\\/wp-content\\\/uploads\\\/2026\\\/02\\\/camiseta-manga-corta-algodon-888-cp-company-888.jpg\",\"width\":1000,\"height\":1000,\"caption\":\"Camiseta manga corta algod\u00f3n 888 C.P. Company\"},{\"@type\":\"BreadcrumbList\",\"@id\":\"https:\\\/\\\/miralles1986.com\\\/producto\\\/camiseta-manga-corta-algodon-888-c-p-company\\\/#breadcrumb\",\"itemListElement\":[{\"@type\":\"ListItem\",\"position\":1,\"name\":\"Portada\",\"item\":\"https:\\\/\\\/miralles1986.com\\\/\"},{\"@type\":\"ListItem\",\"position\":2,\"name\":\"Ropa de lujo para hombre | Stone Island, Y-3, C.P. Company\",\"item\":\"https:\\\/\\\/miralles1986.com\\\/tienda\\\/\"},{\"@type\":\"ListItem\",\"position\":3,\"name\":\"Camiseta manga corta algod\u00f3n 888 C.P. Company\"}]},{\"@type\":\"WebSite\",\"@id\":\"https:\\\/\\\/miralles1986.com\\\/#website\",\"url\":\"https:\\\/\\\/miralles1986.com\\\/\",\"name\":\"Miralles 1986\",\"description\":\"Moda masculina de lujo en Valencia\",\"publisher\":{\"@id\":\"https:\\\/\\\/miralles1986.com\\\/#organization\"},\"potentialAction\":[{\"@type\":\"SearchAction\",\"target\":{\"@type\":\"EntryPoint\",\"urlTemplate\":\"https:\\\/\\\/miralles1986.com\\\/?s={search_term_string}\"},\"query-input\":{\"@type\":\"PropertyValueSpecification\",\"valueRequired\":true,\"valueName\":\"search_term_string\"}}],\"inLanguage\":\"en-GB\"},{\"@type\":\"Organization\",\"@id\":\"https:\\\/\\\/miralles1986.com\\\/#organization\",\"name\":\"Miralles 1986\",\"alternateName\":\"Miralles\",\"url\":\"https:\\\/\\\/miralles1986.com\\\/\",\"logo\":{\"@type\":\"ImageObject\",\"inLanguage\":\"en-GB\",\"@id\":\"https:\\\/\\\/miralles1986.com\\\/#\\\/schema\\\/logo\\\/image\\\/\",\"url\":\"https:\\\/\\\/miralles1986.com\\\/wp-content\\\/uploads\\\/2024\\\/09\\\/logo-miralles-1986-pequeno-bl.png\",\"contentUrl\":\"https:\\\/\\\/miralles1986.com\\\/wp-content\\\/uploads\\\/2024\\\/09\\\/logo-miralles-1986-pequeno-bl.png\",\"width\":201,\"height\":73,\"caption\":\"Miralles 1986\"},\"image\":{\"@id\":\"https:\\\/\\\/miralles1986.com\\\/#\\\/schema\\\/logo\\\/image\\\/\"},\"sameAs\":[\"https:\\\/\\\/www.facebook.com\\\/miralles1986\",\"https:\\\/\\\/www.instagram.com\\\/miralles1986_\\\/\"]}]}<\/script>\n<!-- \/ Yoast SEO plugin. -->","yoast_head_json":{"title":"Short-sleeved cotton T-shirt 888 CP Company - Miralles 1986","description":"The CP Company 888 cotton short-sleeved sweater represents the essence of contemporary design with a clean and functional approach.","robots":{"index":"index","follow":"follow","max-snippet":"max-snippet:-1","max-image-preview":"max-image-preview:large","max-video-preview":"max-video-preview:-1"},"canonical":"https:\/\/miralles1986.com\/en\/product\/camiseta-manga-corta-algodon-888-c-p-company\/","og_locale":"en_GB","og_type":"article","og_title":"Camiseta manga corta algod\u00f3n 888 C.P. Company - Miralles 1986","og_description":"El su\u00e9ter manga corta algod\u00f3n 888 de C.P. Company representa la esencia del dise\u00f1o contempor\u00e1neo con un enfoque limpio y funcional.","og_url":"https:\/\/miralles1986.com\/en\/product\/camiseta-manga-corta-algodon-888-c-p-company\/","og_site_name":"Miralles 1986","article_publisher":"https:\/\/www.facebook.com\/miralles1986","article_modified_time":"2026-04-04T14:37:30+00:00","og_image":[{"width":1000,"height":1000,"url":"https:\/\/miralles1986.com\/wp-content\/uploads\/2026\/02\/camiseta-manga-corta-algodon-888-cp-company-888.jpg","type":"image\/jpeg"}],"twitter_card":"summary_large_image","twitter_misc":{"Estimated reading time":"2 minutes"},"schema":{"@context":"https:\/\/schema.org","@graph":[{"@type":"WebPage","@id":"https:\/\/miralles1986.com\/producto\/camiseta-manga-corta-algodon-888-c-p-company\/","url":"https:\/\/miralles1986.com\/producto\/camiseta-manga-corta-algodon-888-c-p-company\/","name":"Short-sleeved cotton T-shirt 888 CP Company - Miralles 1986","isPartOf":{"@id":"https:\/\/miralles1986.com\/#website"},"primaryImageOfPage":{"@id":"https:\/\/miralles1986.com\/producto\/camiseta-manga-corta-algodon-888-c-p-company\/#primaryimage"},"image":{"@id":"https:\/\/miralles1986.com\/producto\/camiseta-manga-corta-algodon-888-c-p-company\/#primaryimage"},"thumbnailUrl":"https:\/\/miralles1986.com\/wp-content\/uploads\/2026\/02\/camiseta-manga-corta-algodon-888-cp-company-888.jpg","datePublished":"2026-02-12T20:23:49+00:00","dateModified":"2026-04-04T14:37:30+00:00","description":"The CP Company 888 cotton short-sleeved sweater represents the essence of contemporary design with a clean and functional approach.","breadcrumb":{"@id":"https:\/\/miralles1986.com\/producto\/camiseta-manga-corta-algodon-888-c-p-company\/#breadcrumb"},"inLanguage":"en-GB","potentialAction":[{"@type":"ReadAction","target":["https:\/\/miralles1986.com\/producto\/camiseta-manga-corta-algodon-888-c-p-company\/"]}]},{"@type":"ImageObject","inLanguage":"en-GB","@id":"https:\/\/miralles1986.com\/producto\/camiseta-manga-corta-algodon-888-c-p-company\/#primaryimage","url":"https:\/\/miralles1986.com\/wp-content\/uploads\/2026\/02\/camiseta-manga-corta-algodon-888-cp-company-888.jpg","contentUrl":"https:\/\/miralles1986.com\/wp-content\/uploads\/2026\/02\/camiseta-manga-corta-algodon-888-cp-company-888.jpg","width":1000,"height":1000,"caption":"Camiseta manga corta algod\u00f3n 888 C.P. Company"},{"@type":"BreadcrumbList","@id":"https:\/\/miralles1986.com\/producto\/camiseta-manga-corta-algodon-888-c-p-company\/#breadcrumb","itemListElement":[{"@type":"ListItem","position":1,"name":"Portada","item":"https:\/\/miralles1986.com\/"},{"@type":"ListItem","position":2,"name":"Ropa de lujo para hombre | Stone Island, Y-3, C.P. Company","item":"https:\/\/miralles1986.com\/tienda\/"},{"@type":"ListItem","position":3,"name":"Camiseta manga corta algod\u00f3n 888 C.P. Company"}]},{"@type":"WebSite","@id":"https:\/\/miralles1986.com\/#website","url":"https:\/\/miralles1986.com\/","name":"Miralles 1986","description":"Luxury men&#039;s fashion in Valencia","publisher":{"@id":"https:\/\/miralles1986.com\/#organization"},"potentialAction":[{"@type":"SearchAction","target":{"@type":"EntryPoint","urlTemplate":"https:\/\/miralles1986.com\/?s={search_term_string}"},"query-input":{"@type":"PropertyValueSpecification","valueRequired":true,"valueName":"search_term_string"}}],"inLanguage":"en-GB"},{"@type":"Organization","@id":"https:\/\/miralles1986.com\/#organization","name":"Miralles 1986","alternateName":"Miralles","url":"https:\/\/miralles1986.com\/","logo":{"@type":"ImageObject","inLanguage":"en-GB","@id":"https:\/\/miralles1986.com\/#\/schema\/logo\/image\/","url":"https:\/\/miralles1986.com\/wp-content\/uploads\/2024\/09\/logo-miralles-1986-pequeno-bl.png","contentUrl":"https:\/\/miralles1986.com\/wp-content\/uploads\/2024\/09\/logo-miralles-1986-pequeno-bl.png","width":201,"height":73,"caption":"Miralles 1986"},"image":{"@id":"https:\/\/miralles1986.com\/#\/schema\/logo\/image\/"},"sameAs":["https:\/\/www.facebook.com\/miralles1986","https:\/\/www.instagram.com\/miralles1986_\/"]}]}},"brands":[{"id":166,"name":"CP Company","slug":"cp-company"}],"_links":{"self":[{"href":"https:\/\/miralles1986.com\/en\/wp-json\/wp\/v2\/product\/17097","targetHints":{"allow":["GET"]}}],"collection":[{"href":"https:\/\/miralles1986.com\/en\/wp-json\/wp\/v2\/product"}],"about":[{"href":"https:\/\/miralles1986.com\/en\/wp-json\/wp\/v2\/types\/product"}],"replies":[{"embeddable":true,"href":"https:\/\/miralles1986.com\/en\/wp-json\/wp\/v2\/comments?post=17097"}],"wp:featuredmedia":[{"embeddable":true,"href":"https:\/\/miralles1986.com\/en\/wp-json\/wp\/v2\/media\/17093"}],"wp:attachment":[{"href":"https:\/\/miralles1986.com\/en\/wp-json\/wp\/v2\/media?parent=17097"}],"wp:term":[{"taxonomy":"pwb-brand","embeddable":true,"href":"https:\/\/miralles1986.com\/en\/wp-json\/wp\/v2\/pwb-brand?post=17097"},{"taxonomy":"product_brand","embeddable":true,"href":"https:\/\/miralles1986.com\/en\/wp-json\/wp\/v2\/product_brand?post=17097"},{"taxonomy":"product_cat","embeddable":true,"href":"https:\/\/miralles1986.com\/en\/wp-json\/wp\/v2\/product_cat?post=17097"},{"taxonomy":"product_tag","embeddable":true,"href":"https:\/\/miralles1986.com\/en\/wp-json\/wp\/v2\/product_tag?post=17097"}],"curies":[{"name":"wp","href":"https:\/\/api.w.org\/{rel}","templated":true}]}}