{"id":17172,"date":"2026-02-13T13:55:34","date_gmt":"2026-02-13T12:55:34","guid":{"rendered":"https:\/\/miralles1986.com\/?post_type=product&#038;p=17172"},"modified":"2026-03-27T20:26:20","modified_gmt":"2026-03-27T19:26:20","slug":"chaqueta-panama-r-mixed-goggle-jacket-246-cp-company","status":"publish","type":"product","link":"https:\/\/miralles1986.com\/en\/producto\/chaqueta-panama-r-mixed-goggle-jacket-246-cp-company\/","title":{"rendered":"Panama-R Mixed Goggle Jacket 246 CP Company"},"content":{"rendered":"<p data-start=\"616\" data-end=\"926\"><strong data-start=\"619\" data-end=\"670\">The <a href=\"https:\/\/miralles1986.com\/en\/product-category\/stone-island\/chaquetas-stone-island\/\">jacket<\/a> Panama-R Mixed Goggle Jacket 246 <a href=\"https:\/\/miralles1986.com\/en\/brand\/cp-company\/\">CP Company,<\/a> <\/strong>It&#039;s a high-performance technical garment that combines textile innovation with functional aesthetics. It&#039;s made from Panama-R, an Oxford fabric developed with recycled nylon yarns that offers durability, lightness, and sustainability.<\/p>\n<p data-start=\"534\" data-end=\"911\">It features an outer hood with a storm flap and snap button closure, along with an adjustable inner hood made of Taylon P, a robust, weather-resistant nylon that provides additional protection from wind and weather. The front closure has a concealed two-way zipper under a storm flap with snap buttons, reinforcing its clean and technical design.<\/p>\n<p data-start=\"913\" data-end=\"1287\">It features zipped front pockets and chest pockets with flaps and buttons, offering both functionality and secure storage. The iconic Lens detail on the sleeve pocket reinforces the brand&#039;s identity. Adjustable snap-button cuffs, along with adjustable drawcords at the waist and hem, allow for a customized fit and enhanced protection.<\/p>\n<p data-start=\"1289\" data-end=\"1453\">The pigment-dyed finish provides a slightly worn effect and unique tonal variations that evolve with use, giving each garment an exclusive character.<\/p>\n<h3 data-start=\"1455\" data-end=\"1481\">Characteristics:<\/h3>\n<p data-start=\"1483\" data-end=\"2076\">\u2022 Panama-R fabric made from recycled nylon<br data-start=\"1519\" data-end=\"1522\" \/>\u2022 color antique moss-yellow<br data-start=\"1549\" data-end=\"1552\" \/>\u2022 Outer hood with face protection and snap buttons<br data-start=\"1612\" data-end=\"1615\" \/>\u2022 Adjustable inner hood for goggles in Taylon P<br data-start=\"1662\" data-end=\"1665\" \/>\u2022 Front closure with concealed two-way zip and storm flap<br data-start=\"1726\" data-end=\"1729\" \/>\u2022 Chest pockets with flap and button<br data-start=\"1768\" data-end=\"1771\" \/>\u2022 Front zip pockets<br data-start=\"1807\" data-end=\"1810\" \/>\u2022 Iconic Lens detail on the sleeve<br data-start=\"1844\" data-end=\"1847\" \/>\u2022 Adjustable cuffs with snap button<br data-start=\"1885\" data-end=\"1888\" \/>\u2022 Adjustable drawstring waist and hem<br data-start=\"1925\" data-end=\"1928\" \/>\u2022 pigment dyed finish<br data-start=\"1950\" data-end=\"1953\" \/>\u2022 regular cut<br data-start=\"1968\" data-end=\"1971\" \/>\u2022 Outer composition: 100% polyamide \/ nylon<br data-start=\"2017\" data-end=\"2020\" \/>\u2022 Linings and secondary fabrics: 100% polyamide \/ nylon<\/p>\n<h3 data-start=\"2523\" data-end=\"2557\">Why buy this garment?<\/h3>\n<p data-start=\"2558\" data-end=\"2925\">Because it embodies the technical essence of CP Company. It combines innovative recycled fabrics, functional design, and a pigmented finish that adds depth and unique character. It&#039;s a versatile, durable jacket with its own distinct identity, ideal for those seeking a distinctive garment with high performance and contemporary aesthetics.<\/p>\n<p data-start=\"1212\" data-end=\"1496\"><strong data-start=\"619\" data-end=\"670\">The <a href=\"https:\/\/miralles1986.com\/en\/product-category\/stone-island\/chaquetas-stone-island\/\">jacket<\/a> Panama-R Mixed Goggle Jacket 246 <a href=\"https:\/\/miralles1986.com\/en\/brand\/cp-company\/\">CP Company<\/a>\u00a0It is available in Miralles 1986.<\/strong><\/p>","protected":false},"excerpt":{"rendered":"<p data-start=\"19\" data-end=\"223\">CP Company Panama-R Mixed Goggle Jacket made from recycled nylon, with a double hood and Lens detail on the sleeve. Technical design, pigment dyed, and regular fit in an antique moss-yellow tone.<\/p>\n<h3 data-start=\"304\" data-end=\"327\"><\/h3>","protected":false},"featured_media":17182,"comment_status":"closed","ping_status":"closed","template":"","meta":[],"pwb-brand":[166],"product_brand":[818],"product_cat":[167,773,168],"product_tag":[1061,171,1073,986,1021],"class_list":{"0":"post-17172","1":"product","2":"type-product","3":"status-publish","4":"has-post-thumbnail","6":"pwb-brand-cp-company","7":"product_brand-tienda-miralles","8":"product_cat-chaquetas","9":"product_cat-chaquetas-deportivas","10":"product_cat-ropa","11":"product_tag-c-p-company-primavera-verano-2026","12":"product_tag-chaquetas","13":"product_tag-chaquetas-c-p-company-primavera-verano-2026","14":"product_tag-chaquetas-sport","15":"product_tag-primavera-verano-2026","16":"pa_color-246-musgo-antiguo","17":"pa_composicion-nailon","18":"pa_composicion-poliamida","19":"pa_tamano-l","20":"pa_tamano-m","21":"pa_tamano-s","22":"pa_tamano-xl","23":"pa_tamano-xs","24":"pa_tamano-xxl","26":"first","27":"instock","28":"sold-individually","29":"taxable","30":"shipping-taxable","31":"purchasable","32":"product-type-variable"},"supplier_id":null,"supplier_sku":"","barcode":null,"atum_controlled":true,"out_stock_date":null,"out_stock_threshold":null,"inheritable":true,"inbound_stock":0,"stock_on_hold":0,"sold_today":null,"sales_last_days":null,"reserved_stock":0,"customer_returns":null,"warehouse_damage":null,"lost_in_post":null,"other_logs":null,"out_stock_days":null,"lost_sales":null,"has_location":false,"update_date":"2026-05-11T11:54:01","atum_locations":[],"atum_stock_status":"instock","restock_status":false,"low_stock_amount":"","sales_update_date":"2026-05-11T11:54:01","calc_backorders":null,"yoast_head":"<!-- This site is optimized with the Yoast SEO plugin v27.5 - https:\/\/yoast.com\/product\/yoast-seo-wordpress\/ -->\n<title>Chaqueta Panama-R Mixed Goggle Jacket 246 C.P. Company - Miralles 1986<\/title>\n<meta name=\"description\" content=\"La chaqueta Panama-R Mixed Goggle Jacket 246 de C.P. Company, es una prenda t\u00e9cnica de alto rendimiento que combina innovaci\u00f3n textil y est\u00e9tica funcional.\" \/>\n<meta name=\"robots\" content=\"index, follow, max-snippet:-1, max-image-preview:large, max-video-preview:-1\" \/>\n<link rel=\"canonical\" href=\"https:\/\/miralles1986.com\/en\/product\/chaqueta-panama-r-mixed-goggle-jacket-246-cp-company\/\" \/>\n<meta property=\"og:locale\" content=\"en_GB\" \/>\n<meta property=\"og:type\" content=\"article\" \/>\n<meta property=\"og:title\" content=\"Chaqueta Panama-R Mixed Goggle Jacket 246 C.P. Company - Miralles 1986\" \/>\n<meta property=\"og:description\" content=\"La chaqueta Panama-R Mixed Goggle Jacket 246 de C.P. Company, es una prenda t\u00e9cnica de alto rendimiento que combina innovaci\u00f3n textil y est\u00e9tica funcional.\" \/>\n<meta property=\"og:url\" content=\"https:\/\/miralles1986.com\/en\/product\/chaqueta-panama-r-mixed-goggle-jacket-246-cp-company\/\" \/>\n<meta property=\"og:site_name\" content=\"Miralles 1986\" \/>\n<meta property=\"article:publisher\" content=\"https:\/\/www.facebook.com\/miralles1986\" \/>\n<meta property=\"article:modified_time\" content=\"2026-03-27T19:26:20+00:00\" \/>\n<meta property=\"og:image\" content=\"https:\/\/miralles1986.com\/wp-content\/uploads\/2026\/02\/chaqueta-panama-r-mixed-goggle-jacket-246-cp-company.jpg\" \/>\n\t<meta property=\"og:image:width\" content=\"1000\" \/>\n\t<meta property=\"og:image:height\" content=\"1000\" \/>\n\t<meta property=\"og:image:type\" content=\"image\/jpeg\" \/>\n<meta name=\"twitter:card\" content=\"summary_large_image\" \/>\n<meta name=\"twitter:label1\" content=\"Estimated reading time\" \/>\n\t<meta name=\"twitter:data1\" content=\"2 minutes\" \/>\n<script type=\"application\/ld+json\" class=\"yoast-schema-graph\">{\"@context\":\"https:\\\/\\\/schema.org\",\"@graph\":[{\"@type\":\"WebPage\",\"@id\":\"https:\\\/\\\/miralles1986.com\\\/producto\\\/chaqueta-panama-r-mixed-goggle-jacket-246-cp-company\\\/\",\"url\":\"https:\\\/\\\/miralles1986.com\\\/producto\\\/chaqueta-panama-r-mixed-goggle-jacket-246-cp-company\\\/\",\"name\":\"Chaqueta Panama-R Mixed Goggle Jacket 246 C.P. Company - Miralles 1986\",\"isPartOf\":{\"@id\":\"https:\\\/\\\/miralles1986.com\\\/#website\"},\"primaryImageOfPage\":{\"@id\":\"https:\\\/\\\/miralles1986.com\\\/producto\\\/chaqueta-panama-r-mixed-goggle-jacket-246-cp-company\\\/#primaryimage\"},\"image\":{\"@id\":\"https:\\\/\\\/miralles1986.com\\\/producto\\\/chaqueta-panama-r-mixed-goggle-jacket-246-cp-company\\\/#primaryimage\"},\"thumbnailUrl\":\"https:\\\/\\\/miralles1986.com\\\/wp-content\\\/uploads\\\/2026\\\/02\\\/chaqueta-panama-r-mixed-goggle-jacket-246-cp-company.jpg\",\"datePublished\":\"2026-02-13T12:55:34+00:00\",\"dateModified\":\"2026-03-27T19:26:20+00:00\",\"description\":\"La chaqueta Panama-R Mixed Goggle Jacket 246 de C.P. Company, es una prenda t\u00e9cnica de alto rendimiento que combina innovaci\u00f3n textil y est\u00e9tica funcional.\",\"breadcrumb\":{\"@id\":\"https:\\\/\\\/miralles1986.com\\\/producto\\\/chaqueta-panama-r-mixed-goggle-jacket-246-cp-company\\\/#breadcrumb\"},\"inLanguage\":\"en-GB\",\"potentialAction\":[{\"@type\":\"ReadAction\",\"target\":[\"https:\\\/\\\/miralles1986.com\\\/producto\\\/chaqueta-panama-r-mixed-goggle-jacket-246-cp-company\\\/\"]}]},{\"@type\":\"ImageObject\",\"inLanguage\":\"en-GB\",\"@id\":\"https:\\\/\\\/miralles1986.com\\\/producto\\\/chaqueta-panama-r-mixed-goggle-jacket-246-cp-company\\\/#primaryimage\",\"url\":\"https:\\\/\\\/miralles1986.com\\\/wp-content\\\/uploads\\\/2026\\\/02\\\/chaqueta-panama-r-mixed-goggle-jacket-246-cp-company.jpg\",\"contentUrl\":\"https:\\\/\\\/miralles1986.com\\\/wp-content\\\/uploads\\\/2026\\\/02\\\/chaqueta-panama-r-mixed-goggle-jacket-246-cp-company.jpg\",\"width\":1000,\"height\":1000,\"caption\":\"Chaqueta Panama-R Mixed Goggle Jacket 246 C.P. Company\"},{\"@type\":\"BreadcrumbList\",\"@id\":\"https:\\\/\\\/miralles1986.com\\\/producto\\\/chaqueta-panama-r-mixed-goggle-jacket-246-cp-company\\\/#breadcrumb\",\"itemListElement\":[{\"@type\":\"ListItem\",\"position\":1,\"name\":\"Portada\",\"item\":\"https:\\\/\\\/miralles1986.com\\\/\"},{\"@type\":\"ListItem\",\"position\":2,\"name\":\"Ropa de lujo para hombre | Stone Island, Y-3, C.P. Company\",\"item\":\"https:\\\/\\\/miralles1986.com\\\/tienda\\\/\"},{\"@type\":\"ListItem\",\"position\":3,\"name\":\"Chaqueta Panama-R Mixed Goggle Jacket 246 C.P. Company\"}]},{\"@type\":\"WebSite\",\"@id\":\"https:\\\/\\\/miralles1986.com\\\/#website\",\"url\":\"https:\\\/\\\/miralles1986.com\\\/\",\"name\":\"Miralles 1986\",\"description\":\"Moda masculina de lujo en Valencia\",\"publisher\":{\"@id\":\"https:\\\/\\\/miralles1986.com\\\/#organization\"},\"potentialAction\":[{\"@type\":\"SearchAction\",\"target\":{\"@type\":\"EntryPoint\",\"urlTemplate\":\"https:\\\/\\\/miralles1986.com\\\/?s={search_term_string}\"},\"query-input\":{\"@type\":\"PropertyValueSpecification\",\"valueRequired\":true,\"valueName\":\"search_term_string\"}}],\"inLanguage\":\"en-GB\"},{\"@type\":\"Organization\",\"@id\":\"https:\\\/\\\/miralles1986.com\\\/#organization\",\"name\":\"Miralles 1986\",\"alternateName\":\"Miralles\",\"url\":\"https:\\\/\\\/miralles1986.com\\\/\",\"logo\":{\"@type\":\"ImageObject\",\"inLanguage\":\"en-GB\",\"@id\":\"https:\\\/\\\/miralles1986.com\\\/#\\\/schema\\\/logo\\\/image\\\/\",\"url\":\"https:\\\/\\\/miralles1986.com\\\/wp-content\\\/uploads\\\/2024\\\/09\\\/logo-miralles-1986-pequeno-bl.png\",\"contentUrl\":\"https:\\\/\\\/miralles1986.com\\\/wp-content\\\/uploads\\\/2024\\\/09\\\/logo-miralles-1986-pequeno-bl.png\",\"width\":201,\"height\":73,\"caption\":\"Miralles 1986\"},\"image\":{\"@id\":\"https:\\\/\\\/miralles1986.com\\\/#\\\/schema\\\/logo\\\/image\\\/\"},\"sameAs\":[\"https:\\\/\\\/www.facebook.com\\\/miralles1986\",\"https:\\\/\\\/www.instagram.com\\\/miralles1986_\\\/\"]}]}<\/script>\n<!-- \/ Yoast SEO plugin. -->","yoast_head_json":{"title":"Panama-R Mixed Goggle Jacket 246 CP Company - Miralles 1986","description":"The Panama-R Mixed Goggle Jacket 246 from CP Company is a high-performance technical garment that combines textile innovation and functional aesthetics.","robots":{"index":"index","follow":"follow","max-snippet":"max-snippet:-1","max-image-preview":"max-image-preview:large","max-video-preview":"max-video-preview:-1"},"canonical":"https:\/\/miralles1986.com\/en\/product\/chaqueta-panama-r-mixed-goggle-jacket-246-cp-company\/","og_locale":"en_GB","og_type":"article","og_title":"Chaqueta Panama-R Mixed Goggle Jacket 246 C.P. Company - Miralles 1986","og_description":"La chaqueta Panama-R Mixed Goggle Jacket 246 de C.P. Company, es una prenda t\u00e9cnica de alto rendimiento que combina innovaci\u00f3n textil y est\u00e9tica funcional.","og_url":"https:\/\/miralles1986.com\/en\/product\/chaqueta-panama-r-mixed-goggle-jacket-246-cp-company\/","og_site_name":"Miralles 1986","article_publisher":"https:\/\/www.facebook.com\/miralles1986","article_modified_time":"2026-03-27T19:26:20+00:00","og_image":[{"width":1000,"height":1000,"url":"https:\/\/miralles1986.com\/wp-content\/uploads\/2026\/02\/chaqueta-panama-r-mixed-goggle-jacket-246-cp-company.jpg","type":"image\/jpeg"}],"twitter_card":"summary_large_image","twitter_misc":{"Estimated reading time":"2 minutes"},"schema":{"@context":"https:\/\/schema.org","@graph":[{"@type":"WebPage","@id":"https:\/\/miralles1986.com\/producto\/chaqueta-panama-r-mixed-goggle-jacket-246-cp-company\/","url":"https:\/\/miralles1986.com\/producto\/chaqueta-panama-r-mixed-goggle-jacket-246-cp-company\/","name":"Panama-R Mixed Goggle Jacket 246 CP Company - Miralles 1986","isPartOf":{"@id":"https:\/\/miralles1986.com\/#website"},"primaryImageOfPage":{"@id":"https:\/\/miralles1986.com\/producto\/chaqueta-panama-r-mixed-goggle-jacket-246-cp-company\/#primaryimage"},"image":{"@id":"https:\/\/miralles1986.com\/producto\/chaqueta-panama-r-mixed-goggle-jacket-246-cp-company\/#primaryimage"},"thumbnailUrl":"https:\/\/miralles1986.com\/wp-content\/uploads\/2026\/02\/chaqueta-panama-r-mixed-goggle-jacket-246-cp-company.jpg","datePublished":"2026-02-13T12:55:34+00:00","dateModified":"2026-03-27T19:26:20+00:00","description":"The Panama-R Mixed Goggle Jacket 246 from CP Company is a high-performance technical garment that combines textile innovation and functional aesthetics.","breadcrumb":{"@id":"https:\/\/miralles1986.com\/producto\/chaqueta-panama-r-mixed-goggle-jacket-246-cp-company\/#breadcrumb"},"inLanguage":"en-GB","potentialAction":[{"@type":"ReadAction","target":["https:\/\/miralles1986.com\/producto\/chaqueta-panama-r-mixed-goggle-jacket-246-cp-company\/"]}]},{"@type":"ImageObject","inLanguage":"en-GB","@id":"https:\/\/miralles1986.com\/producto\/chaqueta-panama-r-mixed-goggle-jacket-246-cp-company\/#primaryimage","url":"https:\/\/miralles1986.com\/wp-content\/uploads\/2026\/02\/chaqueta-panama-r-mixed-goggle-jacket-246-cp-company.jpg","contentUrl":"https:\/\/miralles1986.com\/wp-content\/uploads\/2026\/02\/chaqueta-panama-r-mixed-goggle-jacket-246-cp-company.jpg","width":1000,"height":1000,"caption":"Chaqueta Panama-R Mixed Goggle Jacket 246 C.P. Company"},{"@type":"BreadcrumbList","@id":"https:\/\/miralles1986.com\/producto\/chaqueta-panama-r-mixed-goggle-jacket-246-cp-company\/#breadcrumb","itemListElement":[{"@type":"ListItem","position":1,"name":"Portada","item":"https:\/\/miralles1986.com\/"},{"@type":"ListItem","position":2,"name":"Ropa de lujo para hombre | Stone Island, Y-3, C.P. Company","item":"https:\/\/miralles1986.com\/tienda\/"},{"@type":"ListItem","position":3,"name":"Chaqueta Panama-R Mixed Goggle Jacket 246 C.P. Company"}]},{"@type":"WebSite","@id":"https:\/\/miralles1986.com\/#website","url":"https:\/\/miralles1986.com\/","name":"Miralles 1986","description":"Luxury men&#039;s fashion in Valencia","publisher":{"@id":"https:\/\/miralles1986.com\/#organization"},"potentialAction":[{"@type":"SearchAction","target":{"@type":"EntryPoint","urlTemplate":"https:\/\/miralles1986.com\/?s={search_term_string}"},"query-input":{"@type":"PropertyValueSpecification","valueRequired":true,"valueName":"search_term_string"}}],"inLanguage":"en-GB"},{"@type":"Organization","@id":"https:\/\/miralles1986.com\/#organization","name":"Miralles 1986","alternateName":"Miralles","url":"https:\/\/miralles1986.com\/","logo":{"@type":"ImageObject","inLanguage":"en-GB","@id":"https:\/\/miralles1986.com\/#\/schema\/logo\/image\/","url":"https:\/\/miralles1986.com\/wp-content\/uploads\/2024\/09\/logo-miralles-1986-pequeno-bl.png","contentUrl":"https:\/\/miralles1986.com\/wp-content\/uploads\/2024\/09\/logo-miralles-1986-pequeno-bl.png","width":201,"height":73,"caption":"Miralles 1986"},"image":{"@id":"https:\/\/miralles1986.com\/#\/schema\/logo\/image\/"},"sameAs":["https:\/\/www.facebook.com\/miralles1986","https:\/\/www.instagram.com\/miralles1986_\/"]}]}},"brands":[{"id":166,"name":"CP Company","slug":"cp-company"}],"_links":{"self":[{"href":"https:\/\/miralles1986.com\/en\/wp-json\/wp\/v2\/product\/17172","targetHints":{"allow":["GET"]}}],"collection":[{"href":"https:\/\/miralles1986.com\/en\/wp-json\/wp\/v2\/product"}],"about":[{"href":"https:\/\/miralles1986.com\/en\/wp-json\/wp\/v2\/types\/product"}],"replies":[{"embeddable":true,"href":"https:\/\/miralles1986.com\/en\/wp-json\/wp\/v2\/comments?post=17172"}],"wp:featuredmedia":[{"embeddable":true,"href":"https:\/\/miralles1986.com\/en\/wp-json\/wp\/v2\/media\/17182"}],"wp:attachment":[{"href":"https:\/\/miralles1986.com\/en\/wp-json\/wp\/v2\/media?parent=17172"}],"wp:term":[{"taxonomy":"pwb-brand","embeddable":true,"href":"https:\/\/miralles1986.com\/en\/wp-json\/wp\/v2\/pwb-brand?post=17172"},{"taxonomy":"product_brand","embeddable":true,"href":"https:\/\/miralles1986.com\/en\/wp-json\/wp\/v2\/product_brand?post=17172"},{"taxonomy":"product_cat","embeddable":true,"href":"https:\/\/miralles1986.com\/en\/wp-json\/wp\/v2\/product_cat?post=17172"},{"taxonomy":"product_tag","embeddable":true,"href":"https:\/\/miralles1986.com\/en\/wp-json\/wp\/v2\/product_tag?post=17172"}],"curies":[{"name":"wp","href":"https:\/\/api.w.org\/{rel}","templated":true}]}}