{"id":17370,"date":"2026-02-16T20:46:17","date_gmt":"2026-02-16T19:46:17","guid":{"rendered":"https:\/\/miralles1986.com\/?post_type=product&#038;p=17370"},"modified":"2026-03-27T13:09:58","modified_gmt":"2026-03-27T12:09:58","slug":"chaqueta-50-fili-indigo-goggle-883-cp-company","status":"publish","type":"product","link":"https:\/\/miralles1986.com\/en\/producto\/chaqueta-50-fili-indigo-goggle-883-cp-company\/","title":{"rendered":"Jacket 50 Fili Indigo Goggle 883 CP Company"},"content":{"rendered":"<p data-start=\"616\" data-end=\"926\"><strong data-start=\"619\" data-end=\"670\">The <a href=\"https:\/\/miralles1986.com\/en\/product-category\/stone-island\/chaquetas-stone-island\/\">jacket<\/a> 50 Fili Indigo Goggle 883 of <a href=\"https:\/\/miralles1986.com\/en\/brand\/cp-company\/\">CP Company,<\/a> <\/strong>It&#039;s crafted from the iconic 50 Fili fabric, a cotton-nylon blend that combines durability, lightness, and technical character. The indigo dyeing process adds chromatic depth and unique nuances that evolve with wear.<\/p>\n<p data-start=\"673\" data-end=\"945\">It features a detachable and adjustable mesh goggle hood, an iconic element of the brand that reinforces its functional identity. The button-front closure and chest and front pockets with flaps and snap closures provide practicality and a utilitarian aesthetic.<\/p>\n<p data-start=\"947\" data-end=\"1261\">Adjustable cuffs with snaps and rear adjusters enhance the fit, while logo patches on the back and inside reinforce CP Company&#039;s DNA. The interior features a mesh lining for breathability. The regular fit ensures comfort and versatility.<\/p>\n<h3 data-start=\"1455\" data-end=\"1481\">Characteristics:<\/h3>\n<p data-start=\"1483\" data-end=\"2076\">\u2022 50 Fili fabric in a cotton and nylon blend<br data-start=\"1329\" data-end=\"1332\" \/>\u2022 Indigo dyed<br data-start=\"1347\" data-end=\"1350\" \/>\u2022 Detachable and adjustable mesh goggle hood<br data-start=\"1399\" data-end=\"1402\" \/>\u2022 Button front closure<br data-start=\"1430\" data-end=\"1433\" \/>\u2022 Chest and front pockets with flap and snap closure<br data-start=\"1498\" data-end=\"1501\" \/>\u2022 Adjustable cuffs with button<br data-start=\"1529\" data-end=\"1532\" \/>\u2022 Rear adjusters with push button<br data-start=\"1564\" data-end=\"1567\" \/>\u2022 Logo patch applied to the back and inside<br data-start=\"1625\" data-end=\"1628\" \/>\u2022 Mesh inner lining<br data-start=\"1653\" data-end=\"1656\" \/>\u2022 Regular cut<\/p>\n<p data-start=\"1675\" data-end=\"1687\"><strong data-start=\"1675\" data-end=\"1687\">Care<\/strong><\/p>\n<p data-start=\"1689\" data-end=\"2025\">\u2022 Wash at a maximum of 30\u00b0C \u2013 gentle cycle<br data-start=\"1724\" data-end=\"1727\" \/>\u2022 Do not use bleach<br data-start=\"1742\" data-end=\"1745\" \/>\u2022 Do not use a dryer<br data-start=\"1763\" data-end=\"1766\" \/>\u2022 Iron at a maximum temperature of 110\u00b0C without steam<br data-start=\"1799\" data-end=\"1802\" \/>\u2022 Do not dry clean<br data-start=\"1820\" data-end=\"1823\" \/>\u2022 Hang to dry in the shade<br data-start=\"1850\" data-end=\"1853\" \/>\u2022 It can release color<br data-start=\"1873\" data-end=\"1876\" \/>\u2022 Wash separately and inside out<br data-start=\"1908\" data-end=\"1911\" \/>\u2022 Remove detachable accessories before washing<br data-start=\"1961\" data-end=\"1964\" \/>\u2022 Do not expose the garment to direct sunlight or artificial light<\/p>\n<p data-start=\"2027\" data-end=\"2042\"><strong data-start=\"2027\" data-end=\"2042\">Composition<\/strong><\/p>\n<p data-start=\"2044\" data-end=\"2160\">\u2022 Outer fabric: 67% Cotton, 33% Polyamide \/ Nylon<br data-start=\"2097\" data-end=\"2100\" \/>\u2022 Lining: 100% Polyester<br data-start=\"2123\" data-end=\"2126\" \/>\u2022 Secondary lining: 100% Cotton<\/p>\n<h3 data-start=\"2523\" data-end=\"2557\">Why buy this garment?<\/h3>\n<p data-start=\"2558\" data-end=\"2925\">Because it combines one of CP Company&#039;s most iconic fabrics with a functional and timeless design. Its indigo finish, detachable goggle hood, and technical details make it a piece with a strong identity, ideal for those looking for a versatile jacket with authentic character and a natural evolution over time.<\/p>\n<p data-start=\"1212\" data-end=\"1496\"><strong data-start=\"619\" data-end=\"670\">The <a href=\"https:\/\/miralles1986.com\/en\/product-category\/stone-island\/chaquetas-stone-island\/\">jacket<\/a> 50 Fili Indigo Goggle 883 of <a href=\"https:\/\/miralles1986.com\/en\/brand\/cp-company\/\">CP Company<\/a>\u00a0It is available in Miralles 1986.<\/strong><\/p>","protected":false},"excerpt":{"rendered":"<p data-start=\"104\" data-end=\"353\">The CP Company 50 Fili Indigo Goggle Jacket is crafted from the iconic 50 Fili nylon\/cotton blend fabric with an indigo dye. It features a detachable goggle hood, flap pockets, and a button-front closure in a technical, regular-fit design.<\/p>\n<h3 data-start=\"304\" data-end=\"327\"><\/h3>","protected":false},"featured_media":17377,"comment_status":"closed","ping_status":"closed","template":"","meta":[],"pwb-brand":[166],"product_brand":[818],"product_cat":[167,773,168],"product_tag":[1061,171,1073,986,1021],"class_list":{"0":"post-17370","1":"product","2":"type-product","3":"status-publish","4":"has-post-thumbnail","6":"pwb-brand-cp-company","7":"product_brand-tienda-miralles","8":"product_cat-chaquetas","9":"product_cat-chaquetas-deportivas","10":"product_cat-ropa","11":"product_tag-c-p-company-primavera-verano-2026","12":"product_tag-chaquetas","13":"product_tag-chaquetas-c-p-company-primavera-verano-2026","14":"product_tag-chaquetas-sport","15":"product_tag-primavera-verano-2026","16":"pa_color-insignia-blue-883","17":"pa_composicion-algodon","18":"pa_composicion-poliamida","19":"pa_composicion-poliester","20":"pa_tamano-l","21":"pa_tamano-m","22":"pa_tamano-s","23":"pa_tamano-xl","24":"pa_tamano-xs","25":"pa_tamano-xxl","27":"first","28":"instock","29":"sold-individually","30":"taxable","31":"shipping-taxable","32":"purchasable","33":"product-type-variable"},"supplier_id":null,"supplier_sku":"","barcode":null,"atum_controlled":true,"out_stock_date":null,"out_stock_threshold":null,"inheritable":true,"inbound_stock":0,"stock_on_hold":0,"sold_today":null,"sales_last_days":null,"reserved_stock":0,"customer_returns":null,"warehouse_damage":null,"lost_in_post":null,"other_logs":null,"out_stock_days":null,"lost_sales":null,"has_location":false,"update_date":"2026-05-11T11:53:51","atum_locations":[],"atum_stock_status":"instock","restock_status":false,"low_stock_amount":"","sales_update_date":"2026-05-11T11:53:51","calc_backorders":null,"yoast_head":"<!-- This site is optimized with the Yoast SEO plugin v27.5 - https:\/\/yoast.com\/product\/yoast-seo-wordpress\/ -->\n<title>Chaqueta 50 Fili Indigo Goggle 883 C.P. Company - Miralles 1986<\/title>\n<meta name=\"description\" content=\"La chaqueta 50 Fili Indigo Goggle 883 de C.P. Company, est\u00e1 confeccionada en el emblem\u00e1tico tejido 50 Fili, una mezcla de algod\u00f3n y nylon.\" \/>\n<meta name=\"robots\" content=\"index, follow, max-snippet:-1, max-image-preview:large, max-video-preview:-1\" \/>\n<link rel=\"canonical\" href=\"https:\/\/miralles1986.com\/en\/product\/chaqueta-50-fili-indigo-goggle-883-cp-company\/\" \/>\n<meta property=\"og:locale\" content=\"en_GB\" \/>\n<meta property=\"og:type\" content=\"article\" \/>\n<meta property=\"og:title\" content=\"Chaqueta 50 Fili Indigo Goggle 883 C.P. Company - Miralles 1986\" \/>\n<meta property=\"og:description\" content=\"La chaqueta 50 Fili Indigo Goggle 883 de C.P. Company, est\u00e1 confeccionada en el emblem\u00e1tico tejido 50 Fili, una mezcla de algod\u00f3n y nylon.\" \/>\n<meta property=\"og:url\" content=\"https:\/\/miralles1986.com\/en\/product\/chaqueta-50-fili-indigo-goggle-883-cp-company\/\" \/>\n<meta property=\"og:site_name\" content=\"Miralles 1986\" \/>\n<meta property=\"article:publisher\" content=\"https:\/\/www.facebook.com\/miralles1986\" \/>\n<meta property=\"article:modified_time\" content=\"2026-03-27T12:09:58+00:00\" \/>\n<meta property=\"og:image\" content=\"https:\/\/miralles1986.com\/wp-content\/uploads\/2026\/02\/50-Fili-Indigo-Goggle-Jacket-cp-company-5.jpg\" \/>\n\t<meta property=\"og:image:width\" content=\"1000\" \/>\n\t<meta property=\"og:image:height\" content=\"1000\" \/>\n\t<meta property=\"og:image:type\" content=\"image\/jpeg\" \/>\n<meta name=\"twitter:card\" content=\"summary_large_image\" \/>\n<meta name=\"twitter:label1\" content=\"Estimated reading time\" \/>\n\t<meta name=\"twitter:data1\" content=\"2 minutes\" \/>\n<script type=\"application\/ld+json\" class=\"yoast-schema-graph\">{\"@context\":\"https:\\\/\\\/schema.org\",\"@graph\":[{\"@type\":\"WebPage\",\"@id\":\"https:\\\/\\\/miralles1986.com\\\/producto\\\/chaqueta-50-fili-indigo-goggle-883-cp-company\\\/\",\"url\":\"https:\\\/\\\/miralles1986.com\\\/producto\\\/chaqueta-50-fili-indigo-goggle-883-cp-company\\\/\",\"name\":\"Chaqueta 50 Fili Indigo Goggle 883 C.P. Company - Miralles 1986\",\"isPartOf\":{\"@id\":\"https:\\\/\\\/miralles1986.com\\\/#website\"},\"primaryImageOfPage\":{\"@id\":\"https:\\\/\\\/miralles1986.com\\\/producto\\\/chaqueta-50-fili-indigo-goggle-883-cp-company\\\/#primaryimage\"},\"image\":{\"@id\":\"https:\\\/\\\/miralles1986.com\\\/producto\\\/chaqueta-50-fili-indigo-goggle-883-cp-company\\\/#primaryimage\"},\"thumbnailUrl\":\"https:\\\/\\\/miralles1986.com\\\/wp-content\\\/uploads\\\/2026\\\/02\\\/50-Fili-Indigo-Goggle-Jacket-cp-company-5.jpg\",\"datePublished\":\"2026-02-16T19:46:17+00:00\",\"dateModified\":\"2026-03-27T12:09:58+00:00\",\"description\":\"La chaqueta 50 Fili Indigo Goggle 883 de C.P. Company, est\u00e1 confeccionada en el emblem\u00e1tico tejido 50 Fili, una mezcla de algod\u00f3n y nylon.\",\"breadcrumb\":{\"@id\":\"https:\\\/\\\/miralles1986.com\\\/producto\\\/chaqueta-50-fili-indigo-goggle-883-cp-company\\\/#breadcrumb\"},\"inLanguage\":\"en-GB\",\"potentialAction\":[{\"@type\":\"ReadAction\",\"target\":[\"https:\\\/\\\/miralles1986.com\\\/producto\\\/chaqueta-50-fili-indigo-goggle-883-cp-company\\\/\"]}]},{\"@type\":\"ImageObject\",\"inLanguage\":\"en-GB\",\"@id\":\"https:\\\/\\\/miralles1986.com\\\/producto\\\/chaqueta-50-fili-indigo-goggle-883-cp-company\\\/#primaryimage\",\"url\":\"https:\\\/\\\/miralles1986.com\\\/wp-content\\\/uploads\\\/2026\\\/02\\\/50-Fili-Indigo-Goggle-Jacket-cp-company-5.jpg\",\"contentUrl\":\"https:\\\/\\\/miralles1986.com\\\/wp-content\\\/uploads\\\/2026\\\/02\\\/50-Fili-Indigo-Goggle-Jacket-cp-company-5.jpg\",\"width\":1000,\"height\":1000,\"caption\":\"Chaqueta 50 Fili Indigo Goggle 883 C.P. Company\"},{\"@type\":\"BreadcrumbList\",\"@id\":\"https:\\\/\\\/miralles1986.com\\\/producto\\\/chaqueta-50-fili-indigo-goggle-883-cp-company\\\/#breadcrumb\",\"itemListElement\":[{\"@type\":\"ListItem\",\"position\":1,\"name\":\"Portada\",\"item\":\"https:\\\/\\\/miralles1986.com\\\/\"},{\"@type\":\"ListItem\",\"position\":2,\"name\":\"Ropa de lujo para hombre | Stone Island, Y-3, C.P. Company\",\"item\":\"https:\\\/\\\/miralles1986.com\\\/tienda\\\/\"},{\"@type\":\"ListItem\",\"position\":3,\"name\":\"Chaqueta 50 Fili Indigo Goggle 883 C.P. Company\"}]},{\"@type\":\"WebSite\",\"@id\":\"https:\\\/\\\/miralles1986.com\\\/#website\",\"url\":\"https:\\\/\\\/miralles1986.com\\\/\",\"name\":\"Miralles 1986\",\"description\":\"Moda masculina de lujo en Valencia\",\"publisher\":{\"@id\":\"https:\\\/\\\/miralles1986.com\\\/#organization\"},\"potentialAction\":[{\"@type\":\"SearchAction\",\"target\":{\"@type\":\"EntryPoint\",\"urlTemplate\":\"https:\\\/\\\/miralles1986.com\\\/?s={search_term_string}\"},\"query-input\":{\"@type\":\"PropertyValueSpecification\",\"valueRequired\":true,\"valueName\":\"search_term_string\"}}],\"inLanguage\":\"en-GB\"},{\"@type\":\"Organization\",\"@id\":\"https:\\\/\\\/miralles1986.com\\\/#organization\",\"name\":\"Miralles 1986\",\"alternateName\":\"Miralles\",\"url\":\"https:\\\/\\\/miralles1986.com\\\/\",\"logo\":{\"@type\":\"ImageObject\",\"inLanguage\":\"en-GB\",\"@id\":\"https:\\\/\\\/miralles1986.com\\\/#\\\/schema\\\/logo\\\/image\\\/\",\"url\":\"https:\\\/\\\/miralles1986.com\\\/wp-content\\\/uploads\\\/2024\\\/09\\\/logo-miralles-1986-pequeno-bl.png\",\"contentUrl\":\"https:\\\/\\\/miralles1986.com\\\/wp-content\\\/uploads\\\/2024\\\/09\\\/logo-miralles-1986-pequeno-bl.png\",\"width\":201,\"height\":73,\"caption\":\"Miralles 1986\"},\"image\":{\"@id\":\"https:\\\/\\\/miralles1986.com\\\/#\\\/schema\\\/logo\\\/image\\\/\"},\"sameAs\":[\"https:\\\/\\\/www.facebook.com\\\/miralles1986\",\"https:\\\/\\\/www.instagram.com\\\/miralles1986_\\\/\"]}]}<\/script>\n<!-- \/ Yoast SEO plugin. -->","yoast_head_json":{"title":"Jacket 50 Fili Indigo Goggle 883 CP Company - Miralles 1986","description":"The CP Company 50 Fili Indigo Goggle 883 jacket is made from the iconic 50 Fili fabric, a blend of cotton and nylon.","robots":{"index":"index","follow":"follow","max-snippet":"max-snippet:-1","max-image-preview":"max-image-preview:large","max-video-preview":"max-video-preview:-1"},"canonical":"https:\/\/miralles1986.com\/en\/product\/chaqueta-50-fili-indigo-goggle-883-cp-company\/","og_locale":"en_GB","og_type":"article","og_title":"Chaqueta 50 Fili Indigo Goggle 883 C.P. Company - Miralles 1986","og_description":"La chaqueta 50 Fili Indigo Goggle 883 de C.P. Company, est\u00e1 confeccionada en el emblem\u00e1tico tejido 50 Fili, una mezcla de algod\u00f3n y nylon.","og_url":"https:\/\/miralles1986.com\/en\/product\/chaqueta-50-fili-indigo-goggle-883-cp-company\/","og_site_name":"Miralles 1986","article_publisher":"https:\/\/www.facebook.com\/miralles1986","article_modified_time":"2026-03-27T12:09:58+00:00","og_image":[{"width":1000,"height":1000,"url":"https:\/\/miralles1986.com\/wp-content\/uploads\/2026\/02\/50-Fili-Indigo-Goggle-Jacket-cp-company-5.jpg","type":"image\/jpeg"}],"twitter_card":"summary_large_image","twitter_misc":{"Estimated reading time":"2 minutes"},"schema":{"@context":"https:\/\/schema.org","@graph":[{"@type":"WebPage","@id":"https:\/\/miralles1986.com\/producto\/chaqueta-50-fili-indigo-goggle-883-cp-company\/","url":"https:\/\/miralles1986.com\/producto\/chaqueta-50-fili-indigo-goggle-883-cp-company\/","name":"Jacket 50 Fili Indigo Goggle 883 CP Company - Miralles 1986","isPartOf":{"@id":"https:\/\/miralles1986.com\/#website"},"primaryImageOfPage":{"@id":"https:\/\/miralles1986.com\/producto\/chaqueta-50-fili-indigo-goggle-883-cp-company\/#primaryimage"},"image":{"@id":"https:\/\/miralles1986.com\/producto\/chaqueta-50-fili-indigo-goggle-883-cp-company\/#primaryimage"},"thumbnailUrl":"https:\/\/miralles1986.com\/wp-content\/uploads\/2026\/02\/50-Fili-Indigo-Goggle-Jacket-cp-company-5.jpg","datePublished":"2026-02-16T19:46:17+00:00","dateModified":"2026-03-27T12:09:58+00:00","description":"The CP Company 50 Fili Indigo Goggle 883 jacket is made from the iconic 50 Fili fabric, a blend of cotton and nylon.","breadcrumb":{"@id":"https:\/\/miralles1986.com\/producto\/chaqueta-50-fili-indigo-goggle-883-cp-company\/#breadcrumb"},"inLanguage":"en-GB","potentialAction":[{"@type":"ReadAction","target":["https:\/\/miralles1986.com\/producto\/chaqueta-50-fili-indigo-goggle-883-cp-company\/"]}]},{"@type":"ImageObject","inLanguage":"en-GB","@id":"https:\/\/miralles1986.com\/producto\/chaqueta-50-fili-indigo-goggle-883-cp-company\/#primaryimage","url":"https:\/\/miralles1986.com\/wp-content\/uploads\/2026\/02\/50-Fili-Indigo-Goggle-Jacket-cp-company-5.jpg","contentUrl":"https:\/\/miralles1986.com\/wp-content\/uploads\/2026\/02\/50-Fili-Indigo-Goggle-Jacket-cp-company-5.jpg","width":1000,"height":1000,"caption":"Chaqueta 50 Fili Indigo Goggle 883 C.P. Company"},{"@type":"BreadcrumbList","@id":"https:\/\/miralles1986.com\/producto\/chaqueta-50-fili-indigo-goggle-883-cp-company\/#breadcrumb","itemListElement":[{"@type":"ListItem","position":1,"name":"Portada","item":"https:\/\/miralles1986.com\/"},{"@type":"ListItem","position":2,"name":"Ropa de lujo para hombre | Stone Island, Y-3, C.P. Company","item":"https:\/\/miralles1986.com\/tienda\/"},{"@type":"ListItem","position":3,"name":"Chaqueta 50 Fili Indigo Goggle 883 C.P. Company"}]},{"@type":"WebSite","@id":"https:\/\/miralles1986.com\/#website","url":"https:\/\/miralles1986.com\/","name":"Miralles 1986","description":"Luxury men&#039;s fashion in Valencia","publisher":{"@id":"https:\/\/miralles1986.com\/#organization"},"potentialAction":[{"@type":"SearchAction","target":{"@type":"EntryPoint","urlTemplate":"https:\/\/miralles1986.com\/?s={search_term_string}"},"query-input":{"@type":"PropertyValueSpecification","valueRequired":true,"valueName":"search_term_string"}}],"inLanguage":"en-GB"},{"@type":"Organization","@id":"https:\/\/miralles1986.com\/#organization","name":"Miralles 1986","alternateName":"Miralles","url":"https:\/\/miralles1986.com\/","logo":{"@type":"ImageObject","inLanguage":"en-GB","@id":"https:\/\/miralles1986.com\/#\/schema\/logo\/image\/","url":"https:\/\/miralles1986.com\/wp-content\/uploads\/2024\/09\/logo-miralles-1986-pequeno-bl.png","contentUrl":"https:\/\/miralles1986.com\/wp-content\/uploads\/2024\/09\/logo-miralles-1986-pequeno-bl.png","width":201,"height":73,"caption":"Miralles 1986"},"image":{"@id":"https:\/\/miralles1986.com\/#\/schema\/logo\/image\/"},"sameAs":["https:\/\/www.facebook.com\/miralles1986","https:\/\/www.instagram.com\/miralles1986_\/"]}]}},"brands":[{"id":166,"name":"CP Company","slug":"cp-company"}],"_links":{"self":[{"href":"https:\/\/miralles1986.com\/en\/wp-json\/wp\/v2\/product\/17370","targetHints":{"allow":["GET"]}}],"collection":[{"href":"https:\/\/miralles1986.com\/en\/wp-json\/wp\/v2\/product"}],"about":[{"href":"https:\/\/miralles1986.com\/en\/wp-json\/wp\/v2\/types\/product"}],"replies":[{"embeddable":true,"href":"https:\/\/miralles1986.com\/en\/wp-json\/wp\/v2\/comments?post=17370"}],"wp:featuredmedia":[{"embeddable":true,"href":"https:\/\/miralles1986.com\/en\/wp-json\/wp\/v2\/media\/17377"}],"wp:attachment":[{"href":"https:\/\/miralles1986.com\/en\/wp-json\/wp\/v2\/media?parent=17370"}],"wp:term":[{"taxonomy":"pwb-brand","embeddable":true,"href":"https:\/\/miralles1986.com\/en\/wp-json\/wp\/v2\/pwb-brand?post=17370"},{"taxonomy":"product_brand","embeddable":true,"href":"https:\/\/miralles1986.com\/en\/wp-json\/wp\/v2\/product_brand?post=17370"},{"taxonomy":"product_cat","embeddable":true,"href":"https:\/\/miralles1986.com\/en\/wp-json\/wp\/v2\/product_cat?post=17370"},{"taxonomy":"product_tag","embeddable":true,"href":"https:\/\/miralles1986.com\/en\/wp-json\/wp\/v2\/product_tag?post=17370"}],"curies":[{"name":"wp","href":"https:\/\/api.w.org\/{rel}","templated":true}]}}