{"id":17400,"date":"2026-02-19T10:09:24","date_gmt":"2026-02-19T09:09:24","guid":{"rendered":"https:\/\/miralles1986.com\/?post_type=product&#038;p=17400"},"modified":"2026-03-21T23:00:39","modified_gmt":"2026-03-21T22:00:39","slug":"chaqueta-pinstripe-track-sj2100-fred-perry-x-kris-van-assche","status":"publish","type":"product","link":"https:\/\/miralles1986.com\/en\/producto\/chaqueta-pinstripe-track-sj2100-fred-perry-x-kris-van-assche\/","title":{"rendered":"Pinstripe Track Jacket SJ2100 Fred Perry x Kris Van Assche"},"content":{"rendered":"<p><strong>The <a href=\"https:\/\/miralles1986.com\/en\/product-category\/clothes\/jackets\/sports-jackets\/\">jacket<\/a> Pinstripe Track SJ2100 <a href=\"https:\/\/miralles1986.com\/en\/coleccion-fred-perry-x-kris-van-assche\/\">Fred Perry x Kris Van Assche<\/a><\/strong> It&#039;s a collaboration that elevates the classic tracksuit to a more sartorial aesthetic. Kris Van Assche reinterprets the sportswear garment with a minimalist and elegant approach, using the <strong>pinstripe<\/strong> as a nod to traditional tailoring.<\/p>\n<p>This track jacket becomes a key piece in the contemporary wardrobe: it maintains the Fred Perry DNA, but with a cleaner and more sophisticated look, ideal for those looking for <strong>premium streetwear<\/strong> and clothes with personality. Wear it as a set with the <strong>Pinstripe Track Pant ST2101<\/strong> Or integrate it into more formal looks to contrast styles without losing coherence.<\/p>\n<h3>Design and highlights<\/h3>\n<ul>\n<li>Official reference: <strong>SJ2100<\/strong><\/li>\n<li>Collaboration: <a href=\"https:\/\/miralles1986.com\/en\/coleccion-fred-perry-x-kris-van-assche\/\"><strong>Fred Perry x Kris Van Assche<\/strong><\/a><\/li>\n<li>Pinstripe aesthetic inspired by tailoring<\/li>\n<li>A sporty silhouette reinterpreted in a premium style<\/li>\n<li>Perfect to pair with trousers <strong>ST2101<\/strong><\/li>\n<li>Versatile for urban or smart casual looks<\/li>\n<li>Material: Cotton and recycled polyester.<\/li>\n<\/ul>\n<h3>Buy Fred Perry x Kris Van Assche SJ2100 in Spain<\/h3>\n<p>In <strong>Miralles 1986<\/strong> We selected the most representative garments from the collaboration <a href=\"https:\/\/miralles1986.com\/en\/coleccion-fred-perry-x-kris-van-assche\/\"><strong>Fred Perry x Kris Van Assche<\/strong><\/a>. If you are looking for <strong>buy the SJ2100 Pinstripe Track Jacket online<\/strong>, At miralles1986.com you will find it with an official warranty and fast shipping in Spain.<\/p>\n<p><strong>The <a href=\"https:\/\/miralles1986.com\/en\/product-category\/clothes\/jackets\/sports-jackets\/\">jacket<\/a> Pinstripe Track SJ2100 <a href=\"https:\/\/miralles1986.com\/en\/coleccion-fred-perry-x-kris-van-assche\/\">Fred Perry x Kris Van Assche<\/a> It is available in Miralles 1986.<\/strong><\/p>","protected":false},"excerpt":{"rendered":"<p data-start=\"1756\" data-end=\"2013\">Fred Perry x Kris Van Assche SJ2100 Pinstripe Track Jacket. A pinstripe track jacket that elevates the tracksuit to a sartorial and contemporary aesthetic. Limited edition premium streetwear available at Miralles 1986 with fast shipping in Spain.<\/p>\n<h3 data-start=\"304\" data-end=\"327\"><\/h3>","protected":false},"featured_media":17405,"comment_status":"closed","ping_status":"closed","template":"","meta":[],"pwb-brand":[1067],"product_brand":[818],"product_cat":[167,773,168],"product_tag":[986,1068,1021],"class_list":{"0":"post-17400","1":"product","2":"type-product","3":"status-publish","4":"has-post-thumbnail","6":"pwb-brand-fred-perry","7":"product_brand-tienda-miralles","8":"product_cat-chaquetas","9":"product_cat-chaquetas-deportivas","10":"product_cat-ropa","11":"product_tag-chaquetas-sport","12":"product_tag-fred-perry-x-kris-van-assche","13":"product_tag-primavera-verano-2026","14":"pa_color-negro","15":"pa_composicion-100-poliester-reciclado","16":"pa_composicion-algodon-100","17":"pa_tamano-l","18":"pa_tamano-m","19":"pa_tamano-s","20":"pa_tamano-xl","21":"pa_tamano-xs","22":"pa_tamano-xxl","24":"first","25":"instock","26":"sold-individually","27":"taxable","28":"shipping-taxable","29":"purchasable","30":"product-type-variable"},"supplier_id":null,"supplier_sku":"","barcode":null,"atum_controlled":true,"out_stock_date":null,"out_stock_threshold":null,"inheritable":true,"inbound_stock":0,"stock_on_hold":0,"sold_today":0,"sales_last_days":1,"reserved_stock":0,"customer_returns":null,"warehouse_damage":null,"lost_in_post":null,"other_logs":null,"out_stock_days":null,"lost_sales":0,"has_location":false,"update_date":"2026-05-11T11:53:50","atum_locations":[],"atum_stock_status":"instock","restock_status":false,"low_stock_amount":"","sales_update_date":"2026-05-11T11:53:50","calc_backorders":null,"yoast_head":"<!-- This site is optimized with the Yoast SEO plugin v27.5 - https:\/\/yoast.com\/product\/yoast-seo-wordpress\/ -->\n<title>Chaqueta Pinstripe Track SJ2100 Fred Perry x Kris Van Assche - Miralles 1986<\/title>\n<meta name=\"description\" content=\"La chaqueta Pinstripe Track SJ2100 de Fred Perry x Kris Van Assche es una colaboraci\u00f3n que eleva el ch\u00e1ndal cl\u00e1sico hacia una est\u00e9tica m\u00e1s sartorial.\" \/>\n<meta name=\"robots\" content=\"index, follow, max-snippet:-1, max-image-preview:large, max-video-preview:-1\" \/>\n<link rel=\"canonical\" href=\"https:\/\/miralles1986.com\/en\/product\/chaqueta-pinstripe-track-sj2100-fred-perry-x-kris-van-assche\/\" \/>\n<meta property=\"og:locale\" content=\"en_GB\" \/>\n<meta property=\"og:type\" content=\"article\" \/>\n<meta property=\"og:title\" content=\"Chaqueta Pinstripe Track SJ2100 Fred Perry x Kris Van Assche - Miralles 1986\" \/>\n<meta property=\"og:description\" content=\"La chaqueta Pinstripe Track SJ2100 de Fred Perry x Kris Van Assche es una colaboraci\u00f3n que eleva el ch\u00e1ndal cl\u00e1sico hacia una est\u00e9tica m\u00e1s sartorial.\" \/>\n<meta property=\"og:url\" content=\"https:\/\/miralles1986.com\/en\/product\/chaqueta-pinstripe-track-sj2100-fred-perry-x-kris-van-assche\/\" \/>\n<meta property=\"og:site_name\" content=\"Miralles 1986\" \/>\n<meta property=\"article:publisher\" content=\"https:\/\/www.facebook.com\/miralles1986\" \/>\n<meta property=\"article:modified_time\" content=\"2026-03-21T22:00:39+00:00\" \/>\n<meta property=\"og:image\" content=\"https:\/\/miralles1986.com\/wp-content\/uploads\/2026\/02\/chaqueta-pinstripe-track-fred-sj2100-perry-x-kris-van-assche-11.jpg\" \/>\n\t<meta property=\"og:image:width\" content=\"1000\" \/>\n\t<meta property=\"og:image:height\" content=\"1000\" \/>\n\t<meta property=\"og:image:type\" content=\"image\/jpeg\" \/>\n<meta name=\"twitter:card\" content=\"summary_large_image\" \/>\n<meta name=\"twitter:label1\" content=\"Estimated reading time\" \/>\n\t<meta name=\"twitter:data1\" content=\"2 minutes\" \/>\n<script type=\"application\/ld+json\" class=\"yoast-schema-graph\">{\"@context\":\"https:\\\/\\\/schema.org\",\"@graph\":[{\"@type\":\"WebPage\",\"@id\":\"https:\\\/\\\/miralles1986.com\\\/producto\\\/chaqueta-pinstripe-track-sj2100-fred-perry-x-kris-van-assche\\\/\",\"url\":\"https:\\\/\\\/miralles1986.com\\\/producto\\\/chaqueta-pinstripe-track-sj2100-fred-perry-x-kris-van-assche\\\/\",\"name\":\"Chaqueta Pinstripe Track SJ2100 Fred Perry x Kris Van Assche - Miralles 1986\",\"isPartOf\":{\"@id\":\"https:\\\/\\\/miralles1986.com\\\/#website\"},\"primaryImageOfPage\":{\"@id\":\"https:\\\/\\\/miralles1986.com\\\/producto\\\/chaqueta-pinstripe-track-sj2100-fred-perry-x-kris-van-assche\\\/#primaryimage\"},\"image\":{\"@id\":\"https:\\\/\\\/miralles1986.com\\\/producto\\\/chaqueta-pinstripe-track-sj2100-fred-perry-x-kris-van-assche\\\/#primaryimage\"},\"thumbnailUrl\":\"https:\\\/\\\/miralles1986.com\\\/wp-content\\\/uploads\\\/2026\\\/02\\\/chaqueta-pinstripe-track-fred-sj2100-perry-x-kris-van-assche-11.jpg\",\"datePublished\":\"2026-02-19T09:09:24+00:00\",\"dateModified\":\"2026-03-21T22:00:39+00:00\",\"description\":\"La chaqueta Pinstripe Track SJ2100 de Fred Perry x Kris Van Assche es una colaboraci\u00f3n que eleva el ch\u00e1ndal cl\u00e1sico hacia una est\u00e9tica m\u00e1s sartorial.\",\"breadcrumb\":{\"@id\":\"https:\\\/\\\/miralles1986.com\\\/producto\\\/chaqueta-pinstripe-track-sj2100-fred-perry-x-kris-van-assche\\\/#breadcrumb\"},\"inLanguage\":\"en-GB\",\"potentialAction\":[{\"@type\":\"ReadAction\",\"target\":[\"https:\\\/\\\/miralles1986.com\\\/producto\\\/chaqueta-pinstripe-track-sj2100-fred-perry-x-kris-van-assche\\\/\"]}]},{\"@type\":\"ImageObject\",\"inLanguage\":\"en-GB\",\"@id\":\"https:\\\/\\\/miralles1986.com\\\/producto\\\/chaqueta-pinstripe-track-sj2100-fred-perry-x-kris-van-assche\\\/#primaryimage\",\"url\":\"https:\\\/\\\/miralles1986.com\\\/wp-content\\\/uploads\\\/2026\\\/02\\\/chaqueta-pinstripe-track-fred-sj2100-perry-x-kris-van-assche-11.jpg\",\"contentUrl\":\"https:\\\/\\\/miralles1986.com\\\/wp-content\\\/uploads\\\/2026\\\/02\\\/chaqueta-pinstripe-track-fred-sj2100-perry-x-kris-van-assche-11.jpg\",\"width\":1000,\"height\":1000,\"caption\":\"Chaqueta Pinstripe Track SJ2100 Fred Perry x Kris Van Assche\"},{\"@type\":\"BreadcrumbList\",\"@id\":\"https:\\\/\\\/miralles1986.com\\\/producto\\\/chaqueta-pinstripe-track-sj2100-fred-perry-x-kris-van-assche\\\/#breadcrumb\",\"itemListElement\":[{\"@type\":\"ListItem\",\"position\":1,\"name\":\"Portada\",\"item\":\"https:\\\/\\\/miralles1986.com\\\/\"},{\"@type\":\"ListItem\",\"position\":2,\"name\":\"Ropa de lujo para hombre | Stone Island, Y-3, C.P. Company\",\"item\":\"https:\\\/\\\/miralles1986.com\\\/tienda\\\/\"},{\"@type\":\"ListItem\",\"position\":3,\"name\":\"Chaqueta Pinstripe Track SJ2100 Fred Perry x Kris Van Assche\"}]},{\"@type\":\"WebSite\",\"@id\":\"https:\\\/\\\/miralles1986.com\\\/#website\",\"url\":\"https:\\\/\\\/miralles1986.com\\\/\",\"name\":\"Miralles 1986\",\"description\":\"Moda masculina de lujo en Valencia\",\"publisher\":{\"@id\":\"https:\\\/\\\/miralles1986.com\\\/#organization\"},\"potentialAction\":[{\"@type\":\"SearchAction\",\"target\":{\"@type\":\"EntryPoint\",\"urlTemplate\":\"https:\\\/\\\/miralles1986.com\\\/?s={search_term_string}\"},\"query-input\":{\"@type\":\"PropertyValueSpecification\",\"valueRequired\":true,\"valueName\":\"search_term_string\"}}],\"inLanguage\":\"en-GB\"},{\"@type\":\"Organization\",\"@id\":\"https:\\\/\\\/miralles1986.com\\\/#organization\",\"name\":\"Miralles 1986\",\"alternateName\":\"Miralles\",\"url\":\"https:\\\/\\\/miralles1986.com\\\/\",\"logo\":{\"@type\":\"ImageObject\",\"inLanguage\":\"en-GB\",\"@id\":\"https:\\\/\\\/miralles1986.com\\\/#\\\/schema\\\/logo\\\/image\\\/\",\"url\":\"https:\\\/\\\/miralles1986.com\\\/wp-content\\\/uploads\\\/2024\\\/09\\\/logo-miralles-1986-pequeno-bl.png\",\"contentUrl\":\"https:\\\/\\\/miralles1986.com\\\/wp-content\\\/uploads\\\/2024\\\/09\\\/logo-miralles-1986-pequeno-bl.png\",\"width\":201,\"height\":73,\"caption\":\"Miralles 1986\"},\"image\":{\"@id\":\"https:\\\/\\\/miralles1986.com\\\/#\\\/schema\\\/logo\\\/image\\\/\"},\"sameAs\":[\"https:\\\/\\\/www.facebook.com\\\/miralles1986\",\"https:\\\/\\\/www.instagram.com\\\/miralles1986_\\\/\"]}]}<\/script>\n<!-- \/ Yoast SEO plugin. -->","yoast_head_json":{"title":"Pinstripe Track Jacket SJ2100 Fred Perry x Kris Van Assche - Miralles 1986","description":"The Fred Perry x Kris Van Assche Pinstripe Track SJ2100 jacket is a collaboration that elevates the classic tracksuit to a more sartorial aesthetic.","robots":{"index":"index","follow":"follow","max-snippet":"max-snippet:-1","max-image-preview":"max-image-preview:large","max-video-preview":"max-video-preview:-1"},"canonical":"https:\/\/miralles1986.com\/en\/product\/chaqueta-pinstripe-track-sj2100-fred-perry-x-kris-van-assche\/","og_locale":"en_GB","og_type":"article","og_title":"Chaqueta Pinstripe Track SJ2100 Fred Perry x Kris Van Assche - Miralles 1986","og_description":"La chaqueta Pinstripe Track SJ2100 de Fred Perry x Kris Van Assche es una colaboraci\u00f3n que eleva el ch\u00e1ndal cl\u00e1sico hacia una est\u00e9tica m\u00e1s sartorial.","og_url":"https:\/\/miralles1986.com\/en\/product\/chaqueta-pinstripe-track-sj2100-fred-perry-x-kris-van-assche\/","og_site_name":"Miralles 1986","article_publisher":"https:\/\/www.facebook.com\/miralles1986","article_modified_time":"2026-03-21T22:00:39+00:00","og_image":[{"width":1000,"height":1000,"url":"https:\/\/miralles1986.com\/wp-content\/uploads\/2026\/02\/chaqueta-pinstripe-track-fred-sj2100-perry-x-kris-van-assche-11.jpg","type":"image\/jpeg"}],"twitter_card":"summary_large_image","twitter_misc":{"Estimated reading time":"2 minutes"},"schema":{"@context":"https:\/\/schema.org","@graph":[{"@type":"WebPage","@id":"https:\/\/miralles1986.com\/producto\/chaqueta-pinstripe-track-sj2100-fred-perry-x-kris-van-assche\/","url":"https:\/\/miralles1986.com\/producto\/chaqueta-pinstripe-track-sj2100-fred-perry-x-kris-van-assche\/","name":"Pinstripe Track Jacket SJ2100 Fred Perry x Kris Van Assche - Miralles 1986","isPartOf":{"@id":"https:\/\/miralles1986.com\/#website"},"primaryImageOfPage":{"@id":"https:\/\/miralles1986.com\/producto\/chaqueta-pinstripe-track-sj2100-fred-perry-x-kris-van-assche\/#primaryimage"},"image":{"@id":"https:\/\/miralles1986.com\/producto\/chaqueta-pinstripe-track-sj2100-fred-perry-x-kris-van-assche\/#primaryimage"},"thumbnailUrl":"https:\/\/miralles1986.com\/wp-content\/uploads\/2026\/02\/chaqueta-pinstripe-track-fred-sj2100-perry-x-kris-van-assche-11.jpg","datePublished":"2026-02-19T09:09:24+00:00","dateModified":"2026-03-21T22:00:39+00:00","description":"The Fred Perry x Kris Van Assche Pinstripe Track SJ2100 jacket is a collaboration that elevates the classic tracksuit to a more sartorial aesthetic.","breadcrumb":{"@id":"https:\/\/miralles1986.com\/producto\/chaqueta-pinstripe-track-sj2100-fred-perry-x-kris-van-assche\/#breadcrumb"},"inLanguage":"en-GB","potentialAction":[{"@type":"ReadAction","target":["https:\/\/miralles1986.com\/producto\/chaqueta-pinstripe-track-sj2100-fred-perry-x-kris-van-assche\/"]}]},{"@type":"ImageObject","inLanguage":"en-GB","@id":"https:\/\/miralles1986.com\/producto\/chaqueta-pinstripe-track-sj2100-fred-perry-x-kris-van-assche\/#primaryimage","url":"https:\/\/miralles1986.com\/wp-content\/uploads\/2026\/02\/chaqueta-pinstripe-track-fred-sj2100-perry-x-kris-van-assche-11.jpg","contentUrl":"https:\/\/miralles1986.com\/wp-content\/uploads\/2026\/02\/chaqueta-pinstripe-track-fred-sj2100-perry-x-kris-van-assche-11.jpg","width":1000,"height":1000,"caption":"Chaqueta Pinstripe Track SJ2100 Fred Perry x Kris Van Assche"},{"@type":"BreadcrumbList","@id":"https:\/\/miralles1986.com\/producto\/chaqueta-pinstripe-track-sj2100-fred-perry-x-kris-van-assche\/#breadcrumb","itemListElement":[{"@type":"ListItem","position":1,"name":"Portada","item":"https:\/\/miralles1986.com\/"},{"@type":"ListItem","position":2,"name":"Ropa de lujo para hombre | Stone Island, Y-3, C.P. Company","item":"https:\/\/miralles1986.com\/tienda\/"},{"@type":"ListItem","position":3,"name":"Chaqueta Pinstripe Track SJ2100 Fred Perry x Kris Van Assche"}]},{"@type":"WebSite","@id":"https:\/\/miralles1986.com\/#website","url":"https:\/\/miralles1986.com\/","name":"Miralles 1986","description":"Luxury men&#039;s fashion in Valencia","publisher":{"@id":"https:\/\/miralles1986.com\/#organization"},"potentialAction":[{"@type":"SearchAction","target":{"@type":"EntryPoint","urlTemplate":"https:\/\/miralles1986.com\/?s={search_term_string}"},"query-input":{"@type":"PropertyValueSpecification","valueRequired":true,"valueName":"search_term_string"}}],"inLanguage":"en-GB"},{"@type":"Organization","@id":"https:\/\/miralles1986.com\/#organization","name":"Miralles 1986","alternateName":"Miralles","url":"https:\/\/miralles1986.com\/","logo":{"@type":"ImageObject","inLanguage":"en-GB","@id":"https:\/\/miralles1986.com\/#\/schema\/logo\/image\/","url":"https:\/\/miralles1986.com\/wp-content\/uploads\/2024\/09\/logo-miralles-1986-pequeno-bl.png","contentUrl":"https:\/\/miralles1986.com\/wp-content\/uploads\/2024\/09\/logo-miralles-1986-pequeno-bl.png","width":201,"height":73,"caption":"Miralles 1986"},"image":{"@id":"https:\/\/miralles1986.com\/#\/schema\/logo\/image\/"},"sameAs":["https:\/\/www.facebook.com\/miralles1986","https:\/\/www.instagram.com\/miralles1986_\/"]}]}},"brands":[{"id":1067,"name":"Fred Perry","slug":"fred-perry"}],"_links":{"self":[{"href":"https:\/\/miralles1986.com\/en\/wp-json\/wp\/v2\/product\/17400","targetHints":{"allow":["GET"]}}],"collection":[{"href":"https:\/\/miralles1986.com\/en\/wp-json\/wp\/v2\/product"}],"about":[{"href":"https:\/\/miralles1986.com\/en\/wp-json\/wp\/v2\/types\/product"}],"replies":[{"embeddable":true,"href":"https:\/\/miralles1986.com\/en\/wp-json\/wp\/v2\/comments?post=17400"}],"wp:featuredmedia":[{"embeddable":true,"href":"https:\/\/miralles1986.com\/en\/wp-json\/wp\/v2\/media\/17405"}],"wp:attachment":[{"href":"https:\/\/miralles1986.com\/en\/wp-json\/wp\/v2\/media?parent=17400"}],"wp:term":[{"taxonomy":"pwb-brand","embeddable":true,"href":"https:\/\/miralles1986.com\/en\/wp-json\/wp\/v2\/pwb-brand?post=17400"},{"taxonomy":"product_brand","embeddable":true,"href":"https:\/\/miralles1986.com\/en\/wp-json\/wp\/v2\/product_brand?post=17400"},{"taxonomy":"product_cat","embeddable":true,"href":"https:\/\/miralles1986.com\/en\/wp-json\/wp\/v2\/product_cat?post=17400"},{"taxonomy":"product_tag","embeddable":true,"href":"https:\/\/miralles1986.com\/en\/wp-json\/wp\/v2\/product_tag?post=17400"}],"curies":[{"name":"wp","href":"https:\/\/api.w.org\/{rel}","templated":true}]}}