{"id":17591,"date":"2026-02-24T20:16:30","date_gmt":"2026-02-24T19:16:30","guid":{"rendered":"https:\/\/miralles1986.com\/?post_type=product&#038;p=17591"},"modified":"2026-02-25T20:20:36","modified_gmt":"2026-02-25T19:20:36","slug":"pantalon-gris-claro-100-lana-virgen-a-suit-to-travel-in-paul-smith","status":"publish","type":"product","link":"https:\/\/miralles1986.com\/en\/producto\/pantalon-gris-claro-100-lana-virgen-a-suit-to-travel-in-paul-smith\/","title":{"rendered":"Light grey trousers 100% Virgin Wool A suit to Travel In Paul Smith"},"content":{"rendered":"<p data-start=\"570\" data-end=\"852\">He <strong data-start=\"573\" data-end=\"632\"><a href=\"https:\/\/miralles1986.com\/en\/product-category\/clothes\/pants\/miralles-sport-trousers-1986\/\">pants<\/a> light gray 100% Virgin Wool A suit to Travel In <a href=\"https:\/\/miralles1986.com\/en\/brand\/paul-smith\/\">Paul Smith <\/a><\/strong>It is designed to offer elegance, functionality, and performance in motion. Made from 100% virgin wool with a high-twist yarn (worsted wool), the fabric provides excellent shape recovery and great wrinkle resistance.<\/p>\n<p data-start=\"658\" data-end=\"961\">Its lightweight, technical construction allows you to maintain a polished look all day long, even while traveling or during long workdays. The elasticated waistband with adjustable drawstring adds contemporary comfort to a refined tailored silhouette, achieving a perfect balance between formality and practicality.<\/p>\n<p data-start=\"963\" data-end=\"1114\">Versatile and sophisticated, it is a garment designed for those looking for a functional, comfortable and easy-to-maintain dress pant, without sacrificing style.<\/p>\n<h3 data-start=\"1116\" data-end=\"1135\"><strong data-start=\"1116\" data-end=\"1135\">Characteristics:<\/strong><\/h3>\n<p data-start=\"1137\" data-end=\"1468\">\u2022 Collection: A Suit To Travel In<br data-start=\"1169\" data-end=\"1172\" \/>\u2022 Color: Light Gray<br data-start=\"1186\" data-end=\"1189\" \/>\u2022 Virgin wool fabric 100%<br data-start=\"1217\" data-end=\"1220\" \/>\u2022 High-twist worsted wool<br data-start=\"1260\" data-end=\"1263\" \/>\u2022 Wrinkle-resistant fabric<br data-start=\"1296\" data-end=\"1299\" \/>\u2022 High shape recovery<br data-start=\"1330\" data-end=\"1333\" \/>\u2022 Elastic waistband with adjustable drawstring<br data-start=\"1372\" data-end=\"1375\" \/>\u2022 Made in Portugal<br data-start=\"1402\" data-end=\"1405\" data-is-only-node=\"\" \/>\u2022 Product code: M1R-921T-G00001-49<br data-start=\"1445\" data-end=\"1448\" \/>\u2022 Dry cleaning<\/p>\n<h3 data-start=\"1470\" data-end=\"1503\"><strong data-start=\"1470\" data-end=\"1503\">Why buy these pants?<\/strong><\/h3>\n<p data-start=\"1505\" data-end=\"1833\" data-is-last-node=\"\" data-is-only-node=\"\">Because it combines the elegance of classic tailoring with innovative textiles designed for travel. Its high-twist technical wool keeps the trousers looking impeccable for longer, offering comfort, durability, and versatility in a single garment. Ideal for work, travel, or formal looks with a contemporary touch.<\/p>\n<p data-start=\"1214\" data-end=\"1513\"><strong data-start=\"573\" data-end=\"632\">He <a href=\"https:\/\/miralles1986.com\/en\/product-category\/clothes\/pants\/miralles-sport-trousers-1986\/\">pants<\/a> light gray 100% Virgin Wool A suit to Travel In <a href=\"https:\/\/miralles1986.com\/en\/brand\/paul-smith\/\">Paul Smith,<\/a> is available in <a href=\"https:\/\/miralles1986.com\/en\/\">Miralles 1986.<\/a><\/strong><\/p>","protected":false},"excerpt":{"rendered":"<p data-start=\"72\" data-end=\"285\">Light gray burgundy trousers made from high-twist 100% virgin wool, part of the \u201cA Suit To Travel In\u201d collection. Elegant design, wrinkle-resistant and quick-recovery, ideal for travel and everyday wear.<\/p>\n<h3 data-start=\"190\" data-end=\"211\"><\/h3>","protected":false},"featured_media":17607,"comment_status":"closed","ping_status":"closed","template":"","meta":[],"pwb-brand":[652],"product_brand":[818],"product_cat":[226,227,168],"product_tag":[392,653,1074,1021],"class_list":{"0":"post-17591","1":"product","2":"type-product","3":"status-publish","4":"has-post-thumbnail","6":"pwb-brand-paul-smith","7":"product_brand-tienda-miralles","8":"product_cat-pantalones","9":"product_cat-pantalones-sport-miralles-1986","10":"product_cat-ropa","11":"product_tag-pantalones-sport","12":"product_tag-paul-smith","13":"product_tag-paul-smith-primavera-verano-2026","14":"product_tag-primavera-verano-2026","15":"pa_color-gris-claro","16":"pa_composicion-pura-lana-virgen","17":"pa_tamano-53","18":"pa_tamano-55","19":"pa_tamano-57","20":"pa_tamano-59","21":"pa_tamano-61","22":"pa_tamano-63","23":"pa_tamano-65","25":"first","26":"instock","27":"featured","28":"sold-individually","29":"taxable","30":"shipping-taxable","31":"purchasable","32":"product-type-variable"},"supplier_id":null,"supplier_sku":"","barcode":null,"atum_controlled":true,"out_stock_date":null,"out_stock_threshold":null,"inheritable":true,"inbound_stock":0,"stock_on_hold":0,"sold_today":null,"sales_last_days":null,"reserved_stock":0,"customer_returns":null,"warehouse_damage":null,"lost_in_post":null,"other_logs":null,"out_stock_days":null,"lost_sales":null,"has_location":false,"update_date":"2026-05-11T11:53:49","atum_locations":[],"atum_stock_status":"instock","restock_status":false,"low_stock_amount":"","sales_update_date":"2026-05-11T11:53:49","calc_backorders":null,"yoast_head":"<!-- This site is optimized with the Yoast SEO plugin v27.5 - https:\/\/yoast.com\/product\/yoast-seo-wordpress\/ -->\n<title>Pantal\u00f3n gris claro 100% Lana Virgen A suit to Travel In Paul Smith - Miralles 1986<\/title>\n<meta name=\"description\" content=\"El pantal\u00f3n gris claro 100% Lana Virgen A suit to Travel In de Paul Smith est\u00e1 dise\u00f1ado para ofrecer elegancia y funcionalidad.\" \/>\n<meta name=\"robots\" content=\"index, follow, max-snippet:-1, max-image-preview:large, max-video-preview:-1\" \/>\n<link rel=\"canonical\" href=\"https:\/\/miralles1986.com\/en\/product\/pantalon-gris-claro-100-lana-virgen-a-suit-to-travel-in-paul-smith\/\" \/>\n<meta property=\"og:locale\" content=\"en_GB\" \/>\n<meta property=\"og:type\" content=\"article\" \/>\n<meta property=\"og:title\" content=\"Pantal\u00f3n gris claro 100% Lana Virgen A suit to Travel In Paul Smith - Miralles 1986\" \/>\n<meta property=\"og:description\" content=\"El pantal\u00f3n gris claro 100% Lana Virgen A suit to Travel In de Paul Smith est\u00e1 dise\u00f1ado para ofrecer elegancia y funcionalidad.\" \/>\n<meta property=\"og:url\" content=\"https:\/\/miralles1986.com\/en\/product\/pantalon-gris-claro-100-lana-virgen-a-suit-to-travel-in-paul-smith\/\" \/>\n<meta property=\"og:site_name\" content=\"Miralles 1986\" \/>\n<meta property=\"article:publisher\" content=\"https:\/\/www.facebook.com\/miralles1986\" \/>\n<meta property=\"article:modified_time\" content=\"2026-02-25T19:20:36+00:00\" \/>\n<meta property=\"og:image\" content=\"https:\/\/miralles1986.com\/wp-content\/uploads\/2026\/02\/pantalon-gris-claro-lana-virgen-a-suit-to-travel-in-M1R-921T-G00001-3.jpg\" \/>\n\t<meta property=\"og:image:width\" content=\"1000\" \/>\n\t<meta property=\"og:image:height\" content=\"1000\" \/>\n\t<meta property=\"og:image:type\" content=\"image\/jpeg\" \/>\n<meta name=\"twitter:card\" content=\"summary_large_image\" \/>\n<meta name=\"twitter:label1\" content=\"Estimated reading time\" \/>\n\t<meta name=\"twitter:data1\" content=\"2 minutes\" \/>\n<script type=\"application\/ld+json\" class=\"yoast-schema-graph\">{\"@context\":\"https:\\\/\\\/schema.org\",\"@graph\":[{\"@type\":\"WebPage\",\"@id\":\"https:\\\/\\\/miralles1986.com\\\/producto\\\/pantalon-gris-claro-100-lana-virgen-a-suit-to-travel-in-paul-smith\\\/\",\"url\":\"https:\\\/\\\/miralles1986.com\\\/producto\\\/pantalon-gris-claro-100-lana-virgen-a-suit-to-travel-in-paul-smith\\\/\",\"name\":\"Pantal\u00f3n gris claro 100% Lana Virgen A suit to Travel In Paul Smith - Miralles 1986\",\"isPartOf\":{\"@id\":\"https:\\\/\\\/miralles1986.com\\\/#website\"},\"primaryImageOfPage\":{\"@id\":\"https:\\\/\\\/miralles1986.com\\\/producto\\\/pantalon-gris-claro-100-lana-virgen-a-suit-to-travel-in-paul-smith\\\/#primaryimage\"},\"image\":{\"@id\":\"https:\\\/\\\/miralles1986.com\\\/producto\\\/pantalon-gris-claro-100-lana-virgen-a-suit-to-travel-in-paul-smith\\\/#primaryimage\"},\"thumbnailUrl\":\"https:\\\/\\\/miralles1986.com\\\/wp-content\\\/uploads\\\/2026\\\/02\\\/pantalon-gris-claro-lana-virgen-a-suit-to-travel-in-M1R-921T-G00001-3.jpg\",\"datePublished\":\"2026-02-24T19:16:30+00:00\",\"dateModified\":\"2026-02-25T19:20:36+00:00\",\"description\":\"El pantal\u00f3n gris claro 100% Lana Virgen A suit to Travel In de Paul Smith est\u00e1 dise\u00f1ado para ofrecer elegancia y funcionalidad.\",\"breadcrumb\":{\"@id\":\"https:\\\/\\\/miralles1986.com\\\/producto\\\/pantalon-gris-claro-100-lana-virgen-a-suit-to-travel-in-paul-smith\\\/#breadcrumb\"},\"inLanguage\":\"en-GB\",\"potentialAction\":[{\"@type\":\"ReadAction\",\"target\":[\"https:\\\/\\\/miralles1986.com\\\/producto\\\/pantalon-gris-claro-100-lana-virgen-a-suit-to-travel-in-paul-smith\\\/\"]}]},{\"@type\":\"ImageObject\",\"inLanguage\":\"en-GB\",\"@id\":\"https:\\\/\\\/miralles1986.com\\\/producto\\\/pantalon-gris-claro-100-lana-virgen-a-suit-to-travel-in-paul-smith\\\/#primaryimage\",\"url\":\"https:\\\/\\\/miralles1986.com\\\/wp-content\\\/uploads\\\/2026\\\/02\\\/pantalon-gris-claro-lana-virgen-a-suit-to-travel-in-M1R-921T-G00001-3.jpg\",\"contentUrl\":\"https:\\\/\\\/miralles1986.com\\\/wp-content\\\/uploads\\\/2026\\\/02\\\/pantalon-gris-claro-lana-virgen-a-suit-to-travel-in-M1R-921T-G00001-3.jpg\",\"width\":1000,\"height\":1000,\"caption\":\"Pantal\u00f3n gris claro 100% Lana Virgen A suit to Travel In Paul Smith\"},{\"@type\":\"BreadcrumbList\",\"@id\":\"https:\\\/\\\/miralles1986.com\\\/producto\\\/pantalon-gris-claro-100-lana-virgen-a-suit-to-travel-in-paul-smith\\\/#breadcrumb\",\"itemListElement\":[{\"@type\":\"ListItem\",\"position\":1,\"name\":\"Portada\",\"item\":\"https:\\\/\\\/miralles1986.com\\\/\"},{\"@type\":\"ListItem\",\"position\":2,\"name\":\"Ropa de lujo para hombre | Stone Island, Y-3, C.P. Company\",\"item\":\"https:\\\/\\\/miralles1986.com\\\/tienda\\\/\"},{\"@type\":\"ListItem\",\"position\":3,\"name\":\"Pantal\u00f3n gris claro 100% Lana Virgen A suit to Travel In Paul Smith\"}]},{\"@type\":\"WebSite\",\"@id\":\"https:\\\/\\\/miralles1986.com\\\/#website\",\"url\":\"https:\\\/\\\/miralles1986.com\\\/\",\"name\":\"Miralles 1986\",\"description\":\"Moda masculina de lujo en Valencia\",\"publisher\":{\"@id\":\"https:\\\/\\\/miralles1986.com\\\/#organization\"},\"potentialAction\":[{\"@type\":\"SearchAction\",\"target\":{\"@type\":\"EntryPoint\",\"urlTemplate\":\"https:\\\/\\\/miralles1986.com\\\/?s={search_term_string}\"},\"query-input\":{\"@type\":\"PropertyValueSpecification\",\"valueRequired\":true,\"valueName\":\"search_term_string\"}}],\"inLanguage\":\"en-GB\"},{\"@type\":\"Organization\",\"@id\":\"https:\\\/\\\/miralles1986.com\\\/#organization\",\"name\":\"Miralles 1986\",\"alternateName\":\"Miralles\",\"url\":\"https:\\\/\\\/miralles1986.com\\\/\",\"logo\":{\"@type\":\"ImageObject\",\"inLanguage\":\"en-GB\",\"@id\":\"https:\\\/\\\/miralles1986.com\\\/#\\\/schema\\\/logo\\\/image\\\/\",\"url\":\"https:\\\/\\\/miralles1986.com\\\/wp-content\\\/uploads\\\/2024\\\/09\\\/logo-miralles-1986-pequeno-bl.png\",\"contentUrl\":\"https:\\\/\\\/miralles1986.com\\\/wp-content\\\/uploads\\\/2024\\\/09\\\/logo-miralles-1986-pequeno-bl.png\",\"width\":201,\"height\":73,\"caption\":\"Miralles 1986\"},\"image\":{\"@id\":\"https:\\\/\\\/miralles1986.com\\\/#\\\/schema\\\/logo\\\/image\\\/\"},\"sameAs\":[\"https:\\\/\\\/www.facebook.com\\\/miralles1986\",\"https:\\\/\\\/www.instagram.com\\\/miralles1986_\\\/\"]}]}<\/script>\n<!-- \/ Yoast SEO plugin. -->","yoast_head_json":{"title":"Light grey trousers 100% Virgin Wool A suit to Travel In Paul Smith - Miralles 1986","description":"The Paul Smith 100% Virgin Wool Light Grey Trousers A Suit to Travel In are designed to offer elegance and functionality.","robots":{"index":"index","follow":"follow","max-snippet":"max-snippet:-1","max-image-preview":"max-image-preview:large","max-video-preview":"max-video-preview:-1"},"canonical":"https:\/\/miralles1986.com\/en\/product\/pantalon-gris-claro-100-lana-virgen-a-suit-to-travel-in-paul-smith\/","og_locale":"en_GB","og_type":"article","og_title":"Pantal\u00f3n gris claro 100% Lana Virgen A suit to Travel In Paul Smith - Miralles 1986","og_description":"El pantal\u00f3n gris claro 100% Lana Virgen A suit to Travel In de Paul Smith est\u00e1 dise\u00f1ado para ofrecer elegancia y funcionalidad.","og_url":"https:\/\/miralles1986.com\/en\/product\/pantalon-gris-claro-100-lana-virgen-a-suit-to-travel-in-paul-smith\/","og_site_name":"Miralles 1986","article_publisher":"https:\/\/www.facebook.com\/miralles1986","article_modified_time":"2026-02-25T19:20:36+00:00","og_image":[{"width":1000,"height":1000,"url":"https:\/\/miralles1986.com\/wp-content\/uploads\/2026\/02\/pantalon-gris-claro-lana-virgen-a-suit-to-travel-in-M1R-921T-G00001-3.jpg","type":"image\/jpeg"}],"twitter_card":"summary_large_image","twitter_misc":{"Estimated reading time":"2 minutes"},"schema":{"@context":"https:\/\/schema.org","@graph":[{"@type":"WebPage","@id":"https:\/\/miralles1986.com\/producto\/pantalon-gris-claro-100-lana-virgen-a-suit-to-travel-in-paul-smith\/","url":"https:\/\/miralles1986.com\/producto\/pantalon-gris-claro-100-lana-virgen-a-suit-to-travel-in-paul-smith\/","name":"Light grey trousers 100% Virgin Wool A suit to Travel In Paul Smith - Miralles 1986","isPartOf":{"@id":"https:\/\/miralles1986.com\/#website"},"primaryImageOfPage":{"@id":"https:\/\/miralles1986.com\/producto\/pantalon-gris-claro-100-lana-virgen-a-suit-to-travel-in-paul-smith\/#primaryimage"},"image":{"@id":"https:\/\/miralles1986.com\/producto\/pantalon-gris-claro-100-lana-virgen-a-suit-to-travel-in-paul-smith\/#primaryimage"},"thumbnailUrl":"https:\/\/miralles1986.com\/wp-content\/uploads\/2026\/02\/pantalon-gris-claro-lana-virgen-a-suit-to-travel-in-M1R-921T-G00001-3.jpg","datePublished":"2026-02-24T19:16:30+00:00","dateModified":"2026-02-25T19:20:36+00:00","description":"The Paul Smith 100% Virgin Wool Light Grey Trousers A Suit to Travel In are designed to offer elegance and functionality.","breadcrumb":{"@id":"https:\/\/miralles1986.com\/producto\/pantalon-gris-claro-100-lana-virgen-a-suit-to-travel-in-paul-smith\/#breadcrumb"},"inLanguage":"en-GB","potentialAction":[{"@type":"ReadAction","target":["https:\/\/miralles1986.com\/producto\/pantalon-gris-claro-100-lana-virgen-a-suit-to-travel-in-paul-smith\/"]}]},{"@type":"ImageObject","inLanguage":"en-GB","@id":"https:\/\/miralles1986.com\/producto\/pantalon-gris-claro-100-lana-virgen-a-suit-to-travel-in-paul-smith\/#primaryimage","url":"https:\/\/miralles1986.com\/wp-content\/uploads\/2026\/02\/pantalon-gris-claro-lana-virgen-a-suit-to-travel-in-M1R-921T-G00001-3.jpg","contentUrl":"https:\/\/miralles1986.com\/wp-content\/uploads\/2026\/02\/pantalon-gris-claro-lana-virgen-a-suit-to-travel-in-M1R-921T-G00001-3.jpg","width":1000,"height":1000,"caption":"Pantal\u00f3n gris claro 100% Lana Virgen A suit to Travel In Paul Smith"},{"@type":"BreadcrumbList","@id":"https:\/\/miralles1986.com\/producto\/pantalon-gris-claro-100-lana-virgen-a-suit-to-travel-in-paul-smith\/#breadcrumb","itemListElement":[{"@type":"ListItem","position":1,"name":"Portada","item":"https:\/\/miralles1986.com\/"},{"@type":"ListItem","position":2,"name":"Ropa de lujo para hombre | Stone Island, Y-3, C.P. Company","item":"https:\/\/miralles1986.com\/tienda\/"},{"@type":"ListItem","position":3,"name":"Pantal\u00f3n gris claro 100% Lana Virgen A suit to Travel In Paul Smith"}]},{"@type":"WebSite","@id":"https:\/\/miralles1986.com\/#website","url":"https:\/\/miralles1986.com\/","name":"Miralles 1986","description":"Luxury men&#039;s fashion in Valencia","publisher":{"@id":"https:\/\/miralles1986.com\/#organization"},"potentialAction":[{"@type":"SearchAction","target":{"@type":"EntryPoint","urlTemplate":"https:\/\/miralles1986.com\/?s={search_term_string}"},"query-input":{"@type":"PropertyValueSpecification","valueRequired":true,"valueName":"search_term_string"}}],"inLanguage":"en-GB"},{"@type":"Organization","@id":"https:\/\/miralles1986.com\/#organization","name":"Miralles 1986","alternateName":"Miralles","url":"https:\/\/miralles1986.com\/","logo":{"@type":"ImageObject","inLanguage":"en-GB","@id":"https:\/\/miralles1986.com\/#\/schema\/logo\/image\/","url":"https:\/\/miralles1986.com\/wp-content\/uploads\/2024\/09\/logo-miralles-1986-pequeno-bl.png","contentUrl":"https:\/\/miralles1986.com\/wp-content\/uploads\/2024\/09\/logo-miralles-1986-pequeno-bl.png","width":201,"height":73,"caption":"Miralles 1986"},"image":{"@id":"https:\/\/miralles1986.com\/#\/schema\/logo\/image\/"},"sameAs":["https:\/\/www.facebook.com\/miralles1986","https:\/\/www.instagram.com\/miralles1986_\/"]}]}},"brands":[{"id":652,"name":"Paul Smith","slug":"paul-smith"}],"_links":{"self":[{"href":"https:\/\/miralles1986.com\/en\/wp-json\/wp\/v2\/product\/17591","targetHints":{"allow":["GET"]}}],"collection":[{"href":"https:\/\/miralles1986.com\/en\/wp-json\/wp\/v2\/product"}],"about":[{"href":"https:\/\/miralles1986.com\/en\/wp-json\/wp\/v2\/types\/product"}],"replies":[{"embeddable":true,"href":"https:\/\/miralles1986.com\/en\/wp-json\/wp\/v2\/comments?post=17591"}],"wp:featuredmedia":[{"embeddable":true,"href":"https:\/\/miralles1986.com\/en\/wp-json\/wp\/v2\/media\/17607"}],"wp:attachment":[{"href":"https:\/\/miralles1986.com\/en\/wp-json\/wp\/v2\/media?parent=17591"}],"wp:term":[{"taxonomy":"pwb-brand","embeddable":true,"href":"https:\/\/miralles1986.com\/en\/wp-json\/wp\/v2\/pwb-brand?post=17591"},{"taxonomy":"product_brand","embeddable":true,"href":"https:\/\/miralles1986.com\/en\/wp-json\/wp\/v2\/product_brand?post=17591"},{"taxonomy":"product_cat","embeddable":true,"href":"https:\/\/miralles1986.com\/en\/wp-json\/wp\/v2\/product_cat?post=17591"},{"taxonomy":"product_tag","embeddable":true,"href":"https:\/\/miralles1986.com\/en\/wp-json\/wp\/v2\/product_tag?post=17591"}],"curies":[{"name":"wp","href":"https:\/\/api.w.org\/{rel}","templated":true}]}}