{"id":17668,"date":"2026-03-03T13:27:22","date_gmt":"2026-03-03T12:27:22","guid":{"rendered":"https:\/\/miralles1986.com\/?post_type=product&#038;p=17668"},"modified":"2026-04-09T10:18:36","modified_gmt":"2026-04-09T08:18:36","slug":"sudadera-hibrida-elliot-0269-pelican-parajumper","status":"publish","type":"product","link":"https:\/\/miralles1986.com\/en\/producto\/sudadera-hibrida-elliot-0269-pelican-parajumper\/","title":{"rendered":"Elliot 0269 Pelican Parajumpers Hybrid Sweatshirt"},"content":{"rendered":"<p>The <strong><a href=\"https:\/\/miralles1986.com\/en\/product-category\/clothes\/sweatshirts\/\">hoodie<\/a> <\/strong>Elliot 0269 Pelican hybrid <strong><a href=\"https:\/\/miralles1986.com\/en\/brand\/parajumpers\/\">Parajumpers<\/a> <\/strong>belonging to the collection <strong data-start=\"485\" data-end=\"510\">Spring-Summer 2026<\/strong>, It is part of the Fleece &amp; Puffer line, a series that merges comfort and technology in the same garment.<\/p>\n<p data-start=\"655\" data-end=\"873\">Its hybrid construction combines <strong data-start=\"687\" data-end=\"757\">recycled polyester taffeta with a matte finish and light quilting<\/strong>, along with <strong data-start=\"769\" data-end=\"798\">stretchy cotton fleece<\/strong>, offering a balance between thermal insulation and freedom of movement.<\/p>\n<p data-start=\"875\" data-end=\"1144\">The interior incorporates <strong data-start=\"897\" data-end=\"977\">20 denier recycled nylon taffeta lining with a semi-gloss finish<\/strong>, providing lightness and comfort. The filling of <strong data-start=\"1023\" data-end=\"1054\">120g polyester wadding<\/strong> It provides moderate protection against mild temperatures without adding excessive bulk.<\/p>\n<p data-start=\"1146\" data-end=\"1322\">Includes front closure with <strong data-start=\"1173\" data-end=\"1204\">two-way zipper<\/strong>, three front zip pockets and two interior pockets with velcro, providing functionality and security.<\/p>\n<p data-start=\"1324\" data-end=\"1439\">The ribbed cuffs, hem, and side panels enhance the fit and reinforce the sporty silhouette.<\/p>\n<p data-start=\"1441\" data-end=\"1596\">As a distinctive feature, it incorporates the <strong data-start=\"1477\" data-end=\"1511\">Parajumpers patch on the sleeve<\/strong> and the iconic <strong data-start=\"1525\" data-end=\"1556\">yellow ribbon around the neck<\/strong>, characteristic elements of the brand.<\/p>\n<p data-start=\"1598\" data-end=\"1709\">The Elliot is a garment designed for between seasons, travel and active days in urban or outdoor environments.<\/p>\n<p data-start=\"1711\" data-end=\"1747\">Product code: 26SMPMHYFP02P060269<\/p>\n<h3 data-start=\"1083\" data-end=\"1102\"><strong data-start=\"1083\" data-end=\"1102\">Components:<\/strong><\/h3>\n<p data-start=\"1104\" data-end=\"1289\">Layer 1: 100% polyester<br data-start=\"1786\" data-end=\"1789\" \/>Layer 2: 95% cotton, 5% elastane<br data-start=\"1821\" data-end=\"1824\" \/>Lining: 100% polyamide<br data-start=\"1845\" data-end=\"1848\" \/>Filling: 100% polyester<\/p>\n<h3 data-start=\"1104\" data-end=\"1289\">Characteristics:<\/h3>\n<p>Collection: Spring-Summer 2026<br data-start=\"2576\" data-end=\"2579\" \/>Line: Fleece &amp; Puffer<br data-start=\"2601\" data-end=\"2604\" \/>Main fabric: Recycled polyester taffeta with a matte finish<br data-start=\"2665\" data-end=\"2668\" \/>Second fabric: Elastic cotton fleece<br data-start=\"2709\" data-end=\"2712\" \/>Lining: 20 denier recycled nylon taffeta<br data-start=\"2757\" data-end=\"2760\" \/>Filling: 120g polyester wadding<br data-start=\"2793\" data-end=\"2796\" \/>Front closure with two-way zip<br data-start=\"2842\" data-end=\"2845\" \/>Three zippered exterior pockets<br data-start=\"2885\" data-end=\"2888\" \/>Two interior pockets with Velcro closures<br data-start=\"2923\" data-end=\"2926\" \/>Ribbed cuffs and hem<br data-start=\"2949\" data-end=\"2952\" \/>Parajumpers patch on the sleeve<br data-start=\"2982\" data-end=\"2985\" \/>Iconic yellow ribbon around the neck<\/p>\n<h3 data-start=\"1880\" data-end=\"1926\">Why choose the Elliot from Parajumpers?<\/h3>\n<p data-start=\"1928\" data-end=\"2038\">The Elliot is perfect if you&#039;re looking for a lightweight yet structured garment that combines comfort and technical aesthetics.<\/p>\n<p data-start=\"2040\" data-end=\"2054\">It is ideal for:<\/p>\n<p data-start=\"2056\" data-end=\"2198\">\u2022 Mid-season and spring<br data-start=\"2081\" data-end=\"2084\" \/>\u2022 Urban looks with a technical touch<br data-start=\"2117\" data-end=\"2120\" \/>\u2022 Travel and commuting<br data-start=\"2146\" data-end=\"2149\" \/>\u2022 Layer with t-shirts or light shirts<\/p>\n<p data-start=\"2200\" data-end=\"2361\">Its hybrid construction allows for greater versatility than a traditional sweatshirt or a lightweight down jacket, making it a functional and easy-to-match piece.<\/p>\n<p data-start=\"2363\" data-end=\"2487\">Furthermore, the use of recycled fabrics reinforces the commitment to more responsible manufacturing within the premium segment.<\/p>\n<p>The <strong><a href=\"https:\/\/miralles1986.com\/en\/product-category\/clothes\/sweatshirts\/\">hoodie<\/a> <\/strong>Elliot 0269 Pelican hybrid <strong><a href=\"https:\/\/miralles1986.com\/en\/brand\/parajumpers\/\">Parajumpers<\/a> <\/strong> It&#039;s available at Eleven by <strong><a href=\"https:\/\/miralles1986.com\/en\/\">Miralles 1986.<\/a><\/strong><\/p>","protected":false},"excerpt":{"rendered":"<p data-start=\"194\" data-end=\"430\">The <strong data-start=\"197\" data-end=\"222\">Elliot from Parajumpers<\/strong> This hybrid sweatshirt from the Spring\/Summer 2026 collection combines stretch fleece with quilted panels in recycled taffeta. A technical and versatile garment, ideal for between seasons and days outdoors.<\/p>\n<p data-start=\"402\" data-end=\"423\">","protected":false},"featured_media":17675,"comment_status":"closed","ping_status":"closed","template":"","meta":[],"pwb-brand":[1076],"product_brand":[819],"product_cat":[168,238],"product_tag":[755,1080,1081,1021,239],"class_list":{"0":"post-17668","1":"product","2":"type-product","3":"status-publish","4":"has-post-thumbnail","6":"pwb-brand-parajumpers","7":"product_brand-tienda-eleven","8":"product_cat-ropa","9":"product_cat-sudaderas","10":"product_tag-moda-hombre","11":"product_tag-parajumpers","12":"product_tag-parajumpers-primavera-verano-2026","13":"product_tag-primavera-verano-2026","14":"product_tag-sudadera","15":"pa_color-gris-claro","16":"pa_composicion-felpa-de-algodon-elastico","17":"pa_composicion-nailon","18":"pa_composicion-poliester","19":"pa_tamano-l","20":"pa_tamano-m","21":"pa_tamano-s","22":"pa_tamano-xl","23":"pa_tamano-xs","24":"pa_tamano-xxl","26":"first","27":"instock","28":"featured","29":"sold-individually","30":"taxable","31":"shipping-taxable","32":"purchasable","33":"product-type-variable"},"supplier_id":null,"supplier_sku":"","barcode":null,"atum_controlled":true,"out_stock_date":null,"out_stock_threshold":null,"inheritable":true,"inbound_stock":0,"stock_on_hold":0,"sold_today":null,"sales_last_days":null,"reserved_stock":0,"customer_returns":null,"warehouse_damage":null,"lost_in_post":null,"other_logs":null,"out_stock_days":null,"lost_sales":null,"has_location":false,"update_date":"2026-05-11T11:53:45","atum_locations":[],"atum_stock_status":"instock","restock_status":false,"low_stock_amount":"","sales_update_date":"2026-05-11T11:53:45","calc_backorders":null,"yoast_head":"<!-- This site is optimized with the Yoast SEO plugin v27.5 - https:\/\/yoast.com\/product\/yoast-seo-wordpress\/ -->\n<title>Sudadera h\u00edbrida Elliot 0269 Pelican Parajumpers - Miralles 1986<\/title>\n<meta name=\"description\" content=\"La sudadera h\u00edbrida Elliot 0269 Pelican de Parajumpers pertenciente a la colecci\u00f3n Primavera-Verano 2026, forma parte de la l\u00ednea Fleece &amp; Puffer.\" \/>\n<meta name=\"robots\" content=\"index, follow, max-snippet:-1, max-image-preview:large, max-video-preview:-1\" \/>\n<link rel=\"canonical\" href=\"https:\/\/miralles1986.com\/en\/product\/sudadera-hibrida-elliot-0269-pelican-parajumper\/\" \/>\n<meta property=\"og:locale\" content=\"en_GB\" \/>\n<meta property=\"og:type\" content=\"article\" \/>\n<meta property=\"og:title\" content=\"Sudadera h\u00edbrida Elliot 0269 Pelican Parajumpers - Miralles 1986\" \/>\n<meta property=\"og:description\" content=\"La sudadera h\u00edbrida Elliot 0269 Pelican de Parajumpers pertenciente a la colecci\u00f3n Primavera-Verano 2026, forma parte de la l\u00ednea Fleece &amp; Puffer.\" \/>\n<meta property=\"og:url\" content=\"https:\/\/miralles1986.com\/en\/product\/sudadera-hibrida-elliot-0269-pelican-parajumper\/\" \/>\n<meta property=\"og:site_name\" content=\"Miralles 1986\" \/>\n<meta property=\"article:publisher\" content=\"https:\/\/www.facebook.com\/miralles1986\" \/>\n<meta property=\"article:modified_time\" content=\"2026-04-09T08:18:36+00:00\" \/>\n<meta property=\"og:image\" content=\"https:\/\/miralles1986.com\/wp-content\/uploads\/2026\/03\/sudadera-hibrida-elliot-0269-pelican-parajumpers-5.jpg\" \/>\n\t<meta property=\"og:image:width\" content=\"1000\" \/>\n\t<meta property=\"og:image:height\" content=\"1000\" \/>\n\t<meta property=\"og:image:type\" content=\"image\/jpeg\" \/>\n<meta name=\"twitter:card\" content=\"summary_large_image\" \/>\n<meta name=\"twitter:label1\" content=\"Estimated reading time\" \/>\n\t<meta name=\"twitter:data1\" content=\"2 minutes\" \/>\n<script type=\"application\/ld+json\" class=\"yoast-schema-graph\">{\"@context\":\"https:\\\/\\\/schema.org\",\"@graph\":[{\"@type\":\"WebPage\",\"@id\":\"https:\\\/\\\/miralles1986.com\\\/producto\\\/sudadera-hibrida-elliot-0269-pelican-parajumper\\\/\",\"url\":\"https:\\\/\\\/miralles1986.com\\\/producto\\\/sudadera-hibrida-elliot-0269-pelican-parajumper\\\/\",\"name\":\"Sudadera h\u00edbrida Elliot 0269 Pelican Parajumpers - Miralles 1986\",\"isPartOf\":{\"@id\":\"https:\\\/\\\/miralles1986.com\\\/#website\"},\"primaryImageOfPage\":{\"@id\":\"https:\\\/\\\/miralles1986.com\\\/producto\\\/sudadera-hibrida-elliot-0269-pelican-parajumper\\\/#primaryimage\"},\"image\":{\"@id\":\"https:\\\/\\\/miralles1986.com\\\/producto\\\/sudadera-hibrida-elliot-0269-pelican-parajumper\\\/#primaryimage\"},\"thumbnailUrl\":\"https:\\\/\\\/miralles1986.com\\\/wp-content\\\/uploads\\\/2026\\\/03\\\/sudadera-hibrida-elliot-0269-pelican-parajumpers-5.jpg\",\"datePublished\":\"2026-03-03T12:27:22+00:00\",\"dateModified\":\"2026-04-09T08:18:36+00:00\",\"description\":\"La sudadera h\u00edbrida Elliot 0269 Pelican de Parajumpers pertenciente a la colecci\u00f3n Primavera-Verano 2026, forma parte de la l\u00ednea Fleece & Puffer.\",\"breadcrumb\":{\"@id\":\"https:\\\/\\\/miralles1986.com\\\/producto\\\/sudadera-hibrida-elliot-0269-pelican-parajumper\\\/#breadcrumb\"},\"inLanguage\":\"en-GB\",\"potentialAction\":[{\"@type\":\"ReadAction\",\"target\":[\"https:\\\/\\\/miralles1986.com\\\/producto\\\/sudadera-hibrida-elliot-0269-pelican-parajumper\\\/\"]}]},{\"@type\":\"ImageObject\",\"inLanguage\":\"en-GB\",\"@id\":\"https:\\\/\\\/miralles1986.com\\\/producto\\\/sudadera-hibrida-elliot-0269-pelican-parajumper\\\/#primaryimage\",\"url\":\"https:\\\/\\\/miralles1986.com\\\/wp-content\\\/uploads\\\/2026\\\/03\\\/sudadera-hibrida-elliot-0269-pelican-parajumpers-5.jpg\",\"contentUrl\":\"https:\\\/\\\/miralles1986.com\\\/wp-content\\\/uploads\\\/2026\\\/03\\\/sudadera-hibrida-elliot-0269-pelican-parajumpers-5.jpg\",\"width\":1000,\"height\":1000,\"caption\":\"Sudadera h\u00edbrida Elliot 0269 Pelican Parajumpers\"},{\"@type\":\"BreadcrumbList\",\"@id\":\"https:\\\/\\\/miralles1986.com\\\/producto\\\/sudadera-hibrida-elliot-0269-pelican-parajumper\\\/#breadcrumb\",\"itemListElement\":[{\"@type\":\"ListItem\",\"position\":1,\"name\":\"Portada\",\"item\":\"https:\\\/\\\/miralles1986.com\\\/\"},{\"@type\":\"ListItem\",\"position\":2,\"name\":\"Ropa de lujo para hombre | Stone Island, Y-3, C.P. Company\",\"item\":\"https:\\\/\\\/miralles1986.com\\\/tienda\\\/\"},{\"@type\":\"ListItem\",\"position\":3,\"name\":\"Sudadera h\u00edbrida Elliot 0269 Pelican Parajumpers\"}]},{\"@type\":\"WebSite\",\"@id\":\"https:\\\/\\\/miralles1986.com\\\/#website\",\"url\":\"https:\\\/\\\/miralles1986.com\\\/\",\"name\":\"Miralles 1986\",\"description\":\"Moda masculina de lujo en Valencia\",\"publisher\":{\"@id\":\"https:\\\/\\\/miralles1986.com\\\/#organization\"},\"potentialAction\":[{\"@type\":\"SearchAction\",\"target\":{\"@type\":\"EntryPoint\",\"urlTemplate\":\"https:\\\/\\\/miralles1986.com\\\/?s={search_term_string}\"},\"query-input\":{\"@type\":\"PropertyValueSpecification\",\"valueRequired\":true,\"valueName\":\"search_term_string\"}}],\"inLanguage\":\"en-GB\"},{\"@type\":\"Organization\",\"@id\":\"https:\\\/\\\/miralles1986.com\\\/#organization\",\"name\":\"Miralles 1986\",\"alternateName\":\"Miralles\",\"url\":\"https:\\\/\\\/miralles1986.com\\\/\",\"logo\":{\"@type\":\"ImageObject\",\"inLanguage\":\"en-GB\",\"@id\":\"https:\\\/\\\/miralles1986.com\\\/#\\\/schema\\\/logo\\\/image\\\/\",\"url\":\"https:\\\/\\\/miralles1986.com\\\/wp-content\\\/uploads\\\/2024\\\/09\\\/logo-miralles-1986-pequeno-bl.png\",\"contentUrl\":\"https:\\\/\\\/miralles1986.com\\\/wp-content\\\/uploads\\\/2024\\\/09\\\/logo-miralles-1986-pequeno-bl.png\",\"width\":201,\"height\":73,\"caption\":\"Miralles 1986\"},\"image\":{\"@id\":\"https:\\\/\\\/miralles1986.com\\\/#\\\/schema\\\/logo\\\/image\\\/\"},\"sameAs\":[\"https:\\\/\\\/www.facebook.com\\\/miralles1986\",\"https:\\\/\\\/www.instagram.com\\\/miralles1986_\\\/\"]}]}<\/script>\n<!-- \/ Yoast SEO plugin. -->","yoast_head_json":{"title":"Elliot 0269 Pelican Parajumpers Hybrid Sweatshirt - Miralles 1986","description":"The Elliot 0269 Pelican hybrid sweatshirt from Parajumpers, belonging to the Spring-Summer 2026 collection, is part of the Fleece &amp; Puffer line.","robots":{"index":"index","follow":"follow","max-snippet":"max-snippet:-1","max-image-preview":"max-image-preview:large","max-video-preview":"max-video-preview:-1"},"canonical":"https:\/\/miralles1986.com\/en\/product\/sudadera-hibrida-elliot-0269-pelican-parajumper\/","og_locale":"en_GB","og_type":"article","og_title":"Sudadera h\u00edbrida Elliot 0269 Pelican Parajumpers - Miralles 1986","og_description":"La sudadera h\u00edbrida Elliot 0269 Pelican de Parajumpers pertenciente a la colecci\u00f3n Primavera-Verano 2026, forma parte de la l\u00ednea Fleece & Puffer.","og_url":"https:\/\/miralles1986.com\/en\/product\/sudadera-hibrida-elliot-0269-pelican-parajumper\/","og_site_name":"Miralles 1986","article_publisher":"https:\/\/www.facebook.com\/miralles1986","article_modified_time":"2026-04-09T08:18:36+00:00","og_image":[{"width":1000,"height":1000,"url":"https:\/\/miralles1986.com\/wp-content\/uploads\/2026\/03\/sudadera-hibrida-elliot-0269-pelican-parajumpers-5.jpg","type":"image\/jpeg"}],"twitter_card":"summary_large_image","twitter_misc":{"Estimated reading time":"2 minutes"},"schema":{"@context":"https:\/\/schema.org","@graph":[{"@type":"WebPage","@id":"https:\/\/miralles1986.com\/producto\/sudadera-hibrida-elliot-0269-pelican-parajumper\/","url":"https:\/\/miralles1986.com\/producto\/sudadera-hibrida-elliot-0269-pelican-parajumper\/","name":"Elliot 0269 Pelican Parajumpers Hybrid Sweatshirt - Miralles 1986","isPartOf":{"@id":"https:\/\/miralles1986.com\/#website"},"primaryImageOfPage":{"@id":"https:\/\/miralles1986.com\/producto\/sudadera-hibrida-elliot-0269-pelican-parajumper\/#primaryimage"},"image":{"@id":"https:\/\/miralles1986.com\/producto\/sudadera-hibrida-elliot-0269-pelican-parajumper\/#primaryimage"},"thumbnailUrl":"https:\/\/miralles1986.com\/wp-content\/uploads\/2026\/03\/sudadera-hibrida-elliot-0269-pelican-parajumpers-5.jpg","datePublished":"2026-03-03T12:27:22+00:00","dateModified":"2026-04-09T08:18:36+00:00","description":"The Elliot 0269 Pelican hybrid sweatshirt from Parajumpers, belonging to the Spring-Summer 2026 collection, is part of the Fleece &amp; Puffer line.","breadcrumb":{"@id":"https:\/\/miralles1986.com\/producto\/sudadera-hibrida-elliot-0269-pelican-parajumper\/#breadcrumb"},"inLanguage":"en-GB","potentialAction":[{"@type":"ReadAction","target":["https:\/\/miralles1986.com\/producto\/sudadera-hibrida-elliot-0269-pelican-parajumper\/"]}]},{"@type":"ImageObject","inLanguage":"en-GB","@id":"https:\/\/miralles1986.com\/producto\/sudadera-hibrida-elliot-0269-pelican-parajumper\/#primaryimage","url":"https:\/\/miralles1986.com\/wp-content\/uploads\/2026\/03\/sudadera-hibrida-elliot-0269-pelican-parajumpers-5.jpg","contentUrl":"https:\/\/miralles1986.com\/wp-content\/uploads\/2026\/03\/sudadera-hibrida-elliot-0269-pelican-parajumpers-5.jpg","width":1000,"height":1000,"caption":"Sudadera h\u00edbrida Elliot 0269 Pelican Parajumpers"},{"@type":"BreadcrumbList","@id":"https:\/\/miralles1986.com\/producto\/sudadera-hibrida-elliot-0269-pelican-parajumper\/#breadcrumb","itemListElement":[{"@type":"ListItem","position":1,"name":"Portada","item":"https:\/\/miralles1986.com\/"},{"@type":"ListItem","position":2,"name":"Ropa de lujo para hombre | Stone Island, Y-3, C.P. Company","item":"https:\/\/miralles1986.com\/tienda\/"},{"@type":"ListItem","position":3,"name":"Sudadera h\u00edbrida Elliot 0269 Pelican Parajumpers"}]},{"@type":"WebSite","@id":"https:\/\/miralles1986.com\/#website","url":"https:\/\/miralles1986.com\/","name":"Miralles 1986","description":"Luxury men&#039;s fashion in Valencia","publisher":{"@id":"https:\/\/miralles1986.com\/#organization"},"potentialAction":[{"@type":"SearchAction","target":{"@type":"EntryPoint","urlTemplate":"https:\/\/miralles1986.com\/?s={search_term_string}"},"query-input":{"@type":"PropertyValueSpecification","valueRequired":true,"valueName":"search_term_string"}}],"inLanguage":"en-GB"},{"@type":"Organization","@id":"https:\/\/miralles1986.com\/#organization","name":"Miralles 1986","alternateName":"Miralles","url":"https:\/\/miralles1986.com\/","logo":{"@type":"ImageObject","inLanguage":"en-GB","@id":"https:\/\/miralles1986.com\/#\/schema\/logo\/image\/","url":"https:\/\/miralles1986.com\/wp-content\/uploads\/2024\/09\/logo-miralles-1986-pequeno-bl.png","contentUrl":"https:\/\/miralles1986.com\/wp-content\/uploads\/2024\/09\/logo-miralles-1986-pequeno-bl.png","width":201,"height":73,"caption":"Miralles 1986"},"image":{"@id":"https:\/\/miralles1986.com\/#\/schema\/logo\/image\/"},"sameAs":["https:\/\/www.facebook.com\/miralles1986","https:\/\/www.instagram.com\/miralles1986_\/"]}]}},"brands":[{"id":1076,"name":"Parajumpers","slug":"parajumpers"}],"_links":{"self":[{"href":"https:\/\/miralles1986.com\/en\/wp-json\/wp\/v2\/product\/17668","targetHints":{"allow":["GET"]}}],"collection":[{"href":"https:\/\/miralles1986.com\/en\/wp-json\/wp\/v2\/product"}],"about":[{"href":"https:\/\/miralles1986.com\/en\/wp-json\/wp\/v2\/types\/product"}],"replies":[{"embeddable":true,"href":"https:\/\/miralles1986.com\/en\/wp-json\/wp\/v2\/comments?post=17668"}],"wp:featuredmedia":[{"embeddable":true,"href":"https:\/\/miralles1986.com\/en\/wp-json\/wp\/v2\/media\/17675"}],"wp:attachment":[{"href":"https:\/\/miralles1986.com\/en\/wp-json\/wp\/v2\/media?parent=17668"}],"wp:term":[{"taxonomy":"pwb-brand","embeddable":true,"href":"https:\/\/miralles1986.com\/en\/wp-json\/wp\/v2\/pwb-brand?post=17668"},{"taxonomy":"product_brand","embeddable":true,"href":"https:\/\/miralles1986.com\/en\/wp-json\/wp\/v2\/product_brand?post=17668"},{"taxonomy":"product_cat","embeddable":true,"href":"https:\/\/miralles1986.com\/en\/wp-json\/wp\/v2\/product_cat?post=17668"},{"taxonomy":"product_tag","embeddable":true,"href":"https:\/\/miralles1986.com\/en\/wp-json\/wp\/v2\/product_tag?post=17668"}],"curies":[{"name":"wp","href":"https:\/\/api.w.org\/{rel}","templated":true}]}}