{"id":17706,"date":"2026-03-03T17:56:21","date_gmt":"2026-03-03T16:56:21","guid":{"rendered":"https:\/\/miralles1986.com\/?post_type=product&#038;p=17706"},"modified":"2026-04-09T10:18:02","modified_gmt":"2026-04-09T08:18:02","slug":"chaqueta-hibrida-jayden-pelican-0269-parajumpers","status":"publish","type":"product","link":"https:\/\/miralles1986.com\/en\/producto\/chaqueta-hibrida-jayden-pelican-0269-parajumpers\/","title":{"rendered":"Jayden Pelican 0269 Parajumpers Hybrid Jacket"},"content":{"rendered":"<p>The <strong><a href=\"https:\/\/miralles1986.com\/en\/product-category\/clothes\/jackets\/sports-jackets\/\">jacket<\/a> <\/strong>hybrid Jayden Pelican 0269 of <strong><a href=\"https:\/\/miralles1986.com\/en\/brand\/parajumpers\/\">Parajumpers<\/a> <\/strong>belonging to the collection <strong data-start=\"485\" data-end=\"510\">Spring-Summer 2026<\/strong>, It belongs to the iconic Warm Up series, one of the brand&#039;s most recognized lines for its balance between technical performance and urban aesthetics.<\/p>\n<p data-start=\"701\" data-end=\"977\">Its hybrid construction combines a <strong data-start=\"736\" data-end=\"808\">20 denier recycled nylon taffeta with a semi-gloss finish<\/strong> and a honeycomb-structured fabric bonded to a soft inner jersey made of stretch polyester. This combination allows freedom of movement without sacrificing warmth.<\/p>\n<p data-start=\"979\" data-end=\"1117\">The filling of <strong data-start=\"993\" data-end=\"1035\">100% duck down with 750 fill power<\/strong> It guarantees lightweight and efficient insulation, ideal for between seasons and mild climates.<\/p>\n<p data-start=\"1119\" data-end=\"1355\">It features a front closure with <strong data-start=\"1148\" data-end=\"1176\">two-way zipper<\/strong>, three front pockets (one with a zipper) and two inner pockets with Velcro, plus underarm ventilation to improve breathability during active use.<\/p>\n<p data-start=\"1357\" data-end=\"1617\">The cuffs, hem, and pockets are trimmed in Lycra for a comfortable, clean fit. The design is completed with the <strong data-start=\"1479\" data-end=\"1513\">Parajumpers patch on the sleeve<\/strong> and the iconic <strong data-start=\"1527\" data-end=\"1570\">Detachable yellow neckband<\/strong>, one of the brand&#039;s distinctive elements.<\/p>\n<p data-start=\"1619\" data-end=\"1757\">65% of the fabrics used are recycled, reinforcing their commitment to more responsible production within the premium segment.<\/p>\n<p data-start=\"1759\" data-end=\"1797\">Product code: 26SMPMHYWU01P050541<\/p>\n<p data-start=\"1799\" data-end=\"1954\">Composition:<br data-start=\"1811\" data-end=\"1814\" \/>Outer 1: 100% polyamide<br data-start=\"1840\" data-end=\"1843\" \/>Outer layer 2: 48% polyamide, 40% polyester, 12% elastane<br data-start=\"1897\" data-end=\"1900\" \/>Lining: 100% polyamide<br data-start=\"1921\" data-end=\"1924\" \/>Filling: 100% duck down<\/p>\n<p data-start=\"1956\" data-end=\"2058\">Care:<br data-start=\"1965\" data-end=\"1968\" \/>Gentle wash at 30\u00b0, do not bleach, do not tumble dry, do not iron, do not dry clean.<\/p>\n<h3 data-start=\"2020\" data-end=\"2124\">Characteristics:<\/h3>\n<p data-start=\"2020\" data-end=\"2124\">Model: Jayden<br data-start=\"2698\" data-end=\"2701\" \/>Collection: Spring-Summer 2026<br data-start=\"2733\" data-end=\"2736\" \/>Line: Warm Up<br data-start=\"2750\" data-end=\"2753\" \/>Main fabric: 20 denier recycled nylon taffeta with a semi-gloss finish<br data-start=\"2832\" data-end=\"2835\" \/>Second fabric: Honeycomb structure with elastic inner jersey<br data-start=\"2899\" data-end=\"2902\" \/>Filling: 100% duck down<br data-start=\"2930\" data-end=\"2933\" \/>Fill power: 750<br data-start=\"2948\" data-end=\"2951\" \/>Front closure with two-way zip<br data-start=\"2994\" data-end=\"2997\" \/>Three exterior pockets (one with a zipper)<br data-start=\"3043\" data-end=\"3046\" \/>Two interior pockets with Velcro closures<br data-start=\"3081\" data-end=\"3084\" \/>Underarm ventilation<br data-start=\"3105\" data-end=\"3108\" \/>Cuffs and hem trimmed in Lycra<br data-start=\"3140\" data-end=\"3143\" \/>Parajumpers patch on the sleeve<br data-start=\"3173\" data-end=\"3176\" \/>Detachable yellow neckband<br data-start=\"3215\" data-end=\"3218\" \/>Wind-resistant fabric<br data-start=\"3245\" data-end=\"3248\" \/>Breathable fabric<br data-start=\"3267\" data-end=\"3270\" \/>65% made from recycled fabrics<\/p>\n<h3 data-start=\"2065\" data-end=\"2111\">Why choose the Jayden from Parajumpers?<\/h3>\n<p data-start=\"2113\" data-end=\"2209\">The Jayden is ideal if you&#039;re looking for a lightweight jacket with real insulation but without excessive bulk.<\/p>\n<p data-start=\"2211\" data-end=\"2228\">It&#039;s perfect for:<\/p>\n<p data-start=\"2230\" data-end=\"2374\">\u2022 Mid-season and spring<br data-start=\"2255\" data-end=\"2258\" \/>\u2022 Urban looks with a technical aesthetic<br data-start=\"2294\" data-end=\"2297\" \/>\u2022 Travel and everyday use<br data-start=\"2318\" data-end=\"2321\" \/>\u2022 Layer over t-shirts or light sweatshirts<\/p>\n<p data-start=\"2376\" data-end=\"2565\">The down filling with a fill power of 750 provides efficient warmth without unnecessary weight, while its hybrid structure offers greater comfort than a traditional quilted jacket.<\/p>\n<p data-start=\"2567\" data-end=\"2644\">A versatile, sporty and recognizable garment within the Parajumpers universe.<\/p>\n<p>The <strong><a href=\"https:\/\/miralles1986.com\/en\/product-category\/clothes\/jackets\/sports-jackets\/\">jacket<\/a> <\/strong>Pelican Jayden 0269 hybrid <strong><a href=\"https:\/\/miralles1986.com\/en\/brand\/parajumpers\/\">Parajumpers<\/a> <\/strong> It&#039;s available at Eleven by <strong><a href=\"https:\/\/miralles1986.com\/en\/\">Miralles 1986.<\/a><\/strong><\/p>","protected":false},"excerpt":{"rendered":"<p data-start=\"144\" data-end=\"439\">The <strong data-start=\"147\" data-end=\"172\">Jayden from Parajumpers<\/strong> It is a hybrid jacket from the iconic Warm Up series belonging to the Spring-Summer 2026 collection. It combines stretch technical fabric with quilted panels in recycled nylon and duck down filling, offering lightness, insulation and sporty versatility.<\/p>\n<p data-start=\"402\" data-end=\"423\">","protected":false},"featured_media":17836,"comment_status":"closed","ping_status":"closed","template":"","meta":[],"pwb-brand":[1076],"product_brand":[819],"product_cat":[167,773,168],"product_tag":[171,1087,755,1080,1081,1021],"class_list":{"0":"post-17706","1":"product","2":"type-product","3":"status-publish","4":"has-post-thumbnail","6":"pwb-brand-parajumpers","7":"product_brand-tienda-eleven","8":"product_cat-chaquetas","9":"product_cat-chaquetas-deportivas","10":"product_cat-ropa","11":"product_tag-chaquetas","12":"product_tag-chaquetas-parajumpers","13":"product_tag-moda-hombre","14":"product_tag-parajumpers","15":"product_tag-parajumpers-primavera-verano-2026","16":"product_tag-primavera-verano-2026","17":"pa_color-gris-claro","18":"pa_composicion-poliester","19":"pa_tamano-l","20":"pa_tamano-m","21":"pa_tamano-s","22":"pa_tamano-xl","23":"pa_tamano-xs","24":"pa_tamano-xxl","26":"first","27":"instock","28":"featured","29":"sold-individually","30":"taxable","31":"shipping-taxable","32":"purchasable","33":"product-type-variable"},"supplier_id":null,"supplier_sku":"","barcode":null,"atum_controlled":true,"out_stock_date":null,"out_stock_threshold":null,"inheritable":true,"inbound_stock":0,"stock_on_hold":0,"sold_today":null,"sales_last_days":null,"reserved_stock":0,"customer_returns":null,"warehouse_damage":null,"lost_in_post":null,"other_logs":null,"out_stock_days":null,"lost_sales":null,"has_location":false,"update_date":"2026-05-11T11:53:44","atum_locations":[],"atum_stock_status":"instock","restock_status":false,"low_stock_amount":"","sales_update_date":"2026-05-11T11:53:44","calc_backorders":null,"yoast_head":"<!-- This site is optimized with the Yoast SEO plugin v27.5 - https:\/\/yoast.com\/product\/yoast-seo-wordpress\/ -->\n<title>Chaqueta h\u00edbrida Jayden Pelican 0269 Parajumpers - Miralles 1986<\/title>\n<meta name=\"description\" content=\"La chaqueta h\u00edbrida Jayden Pelican 0269 de Parajumpers perteneciente a la colecci\u00f3n Primavera-Verano 2026, pertenece a la emblem\u00e1tica serie Warm Up.\" \/>\n<meta name=\"robots\" content=\"index, follow, max-snippet:-1, max-image-preview:large, max-video-preview:-1\" \/>\n<link rel=\"canonical\" href=\"https:\/\/miralles1986.com\/en\/product\/chaqueta-hibrida-jayden-pelican-0269-parajumpers\/\" \/>\n<meta property=\"og:locale\" content=\"en_GB\" \/>\n<meta property=\"og:type\" content=\"article\" \/>\n<meta property=\"og:title\" content=\"Chaqueta h\u00edbrida Jayden Pelican 0269 Parajumpers - Miralles 1986\" \/>\n<meta property=\"og:description\" content=\"La chaqueta h\u00edbrida Jayden Pelican 0269 de Parajumpers perteneciente a la colecci\u00f3n Primavera-Verano 2026, pertenece a la emblem\u00e1tica serie Warm Up.\" \/>\n<meta property=\"og:url\" content=\"https:\/\/miralles1986.com\/en\/product\/chaqueta-hibrida-jayden-pelican-0269-parajumpers\/\" \/>\n<meta property=\"og:site_name\" content=\"Miralles 1986\" \/>\n<meta property=\"article:publisher\" content=\"https:\/\/www.facebook.com\/miralles1986\" \/>\n<meta property=\"article:modified_time\" content=\"2026-04-09T08:18:02+00:00\" \/>\n<meta property=\"og:image\" content=\"https:\/\/miralles1986.com\/wp-content\/uploads\/2026\/03\/chaqueta-hibrida-pelican-0269-jayden-parajumpers-5.jpg\" \/>\n\t<meta property=\"og:image:width\" content=\"1000\" \/>\n\t<meta property=\"og:image:height\" content=\"1000\" \/>\n\t<meta property=\"og:image:type\" content=\"image\/jpeg\" \/>\n<meta name=\"twitter:card\" content=\"summary_large_image\" \/>\n<meta name=\"twitter:label1\" content=\"Estimated reading time\" \/>\n\t<meta name=\"twitter:data1\" content=\"3 minutes\" \/>\n<script type=\"application\/ld+json\" class=\"yoast-schema-graph\">{\"@context\":\"https:\\\/\\\/schema.org\",\"@graph\":[{\"@type\":\"WebPage\",\"@id\":\"https:\\\/\\\/miralles1986.com\\\/producto\\\/chaqueta-hibrida-jayden-pelican-0269-parajumpers\\\/\",\"url\":\"https:\\\/\\\/miralles1986.com\\\/producto\\\/chaqueta-hibrida-jayden-pelican-0269-parajumpers\\\/\",\"name\":\"Chaqueta h\u00edbrida Jayden Pelican 0269 Parajumpers - Miralles 1986\",\"isPartOf\":{\"@id\":\"https:\\\/\\\/miralles1986.com\\\/#website\"},\"primaryImageOfPage\":{\"@id\":\"https:\\\/\\\/miralles1986.com\\\/producto\\\/chaqueta-hibrida-jayden-pelican-0269-parajumpers\\\/#primaryimage\"},\"image\":{\"@id\":\"https:\\\/\\\/miralles1986.com\\\/producto\\\/chaqueta-hibrida-jayden-pelican-0269-parajumpers\\\/#primaryimage\"},\"thumbnailUrl\":\"https:\\\/\\\/miralles1986.com\\\/wp-content\\\/uploads\\\/2026\\\/03\\\/chaqueta-hibrida-pelican-0269-jayden-parajumpers-5.jpg\",\"datePublished\":\"2026-03-03T16:56:21+00:00\",\"dateModified\":\"2026-04-09T08:18:02+00:00\",\"description\":\"La chaqueta h\u00edbrida Jayden Pelican 0269 de Parajumpers perteneciente a la colecci\u00f3n Primavera-Verano 2026, pertenece a la emblem\u00e1tica serie Warm Up.\",\"breadcrumb\":{\"@id\":\"https:\\\/\\\/miralles1986.com\\\/producto\\\/chaqueta-hibrida-jayden-pelican-0269-parajumpers\\\/#breadcrumb\"},\"inLanguage\":\"en-GB\",\"potentialAction\":[{\"@type\":\"ReadAction\",\"target\":[\"https:\\\/\\\/miralles1986.com\\\/producto\\\/chaqueta-hibrida-jayden-pelican-0269-parajumpers\\\/\"]}]},{\"@type\":\"ImageObject\",\"inLanguage\":\"en-GB\",\"@id\":\"https:\\\/\\\/miralles1986.com\\\/producto\\\/chaqueta-hibrida-jayden-pelican-0269-parajumpers\\\/#primaryimage\",\"url\":\"https:\\\/\\\/miralles1986.com\\\/wp-content\\\/uploads\\\/2026\\\/03\\\/chaqueta-hibrida-pelican-0269-jayden-parajumpers-5.jpg\",\"contentUrl\":\"https:\\\/\\\/miralles1986.com\\\/wp-content\\\/uploads\\\/2026\\\/03\\\/chaqueta-hibrida-pelican-0269-jayden-parajumpers-5.jpg\",\"width\":1000,\"height\":1000,\"caption\":\"Chaqueta h\u00edbrida Jayden Pelican 0269 Parajumpers\"},{\"@type\":\"BreadcrumbList\",\"@id\":\"https:\\\/\\\/miralles1986.com\\\/producto\\\/chaqueta-hibrida-jayden-pelican-0269-parajumpers\\\/#breadcrumb\",\"itemListElement\":[{\"@type\":\"ListItem\",\"position\":1,\"name\":\"Portada\",\"item\":\"https:\\\/\\\/miralles1986.com\\\/\"},{\"@type\":\"ListItem\",\"position\":2,\"name\":\"Ropa de lujo para hombre | Stone Island, Y-3, C.P. Company\",\"item\":\"https:\\\/\\\/miralles1986.com\\\/tienda\\\/\"},{\"@type\":\"ListItem\",\"position\":3,\"name\":\"Chaqueta h\u00edbrida Jayden Pelican 0269 Parajumpers\"}]},{\"@type\":\"WebSite\",\"@id\":\"https:\\\/\\\/miralles1986.com\\\/#website\",\"url\":\"https:\\\/\\\/miralles1986.com\\\/\",\"name\":\"Miralles 1986\",\"description\":\"Moda masculina de lujo en Valencia\",\"publisher\":{\"@id\":\"https:\\\/\\\/miralles1986.com\\\/#organization\"},\"potentialAction\":[{\"@type\":\"SearchAction\",\"target\":{\"@type\":\"EntryPoint\",\"urlTemplate\":\"https:\\\/\\\/miralles1986.com\\\/?s={search_term_string}\"},\"query-input\":{\"@type\":\"PropertyValueSpecification\",\"valueRequired\":true,\"valueName\":\"search_term_string\"}}],\"inLanguage\":\"en-GB\"},{\"@type\":\"Organization\",\"@id\":\"https:\\\/\\\/miralles1986.com\\\/#organization\",\"name\":\"Miralles 1986\",\"alternateName\":\"Miralles\",\"url\":\"https:\\\/\\\/miralles1986.com\\\/\",\"logo\":{\"@type\":\"ImageObject\",\"inLanguage\":\"en-GB\",\"@id\":\"https:\\\/\\\/miralles1986.com\\\/#\\\/schema\\\/logo\\\/image\\\/\",\"url\":\"https:\\\/\\\/miralles1986.com\\\/wp-content\\\/uploads\\\/2024\\\/09\\\/logo-miralles-1986-pequeno-bl.png\",\"contentUrl\":\"https:\\\/\\\/miralles1986.com\\\/wp-content\\\/uploads\\\/2024\\\/09\\\/logo-miralles-1986-pequeno-bl.png\",\"width\":201,\"height\":73,\"caption\":\"Miralles 1986\"},\"image\":{\"@id\":\"https:\\\/\\\/miralles1986.com\\\/#\\\/schema\\\/logo\\\/image\\\/\"},\"sameAs\":[\"https:\\\/\\\/www.facebook.com\\\/miralles1986\",\"https:\\\/\\\/www.instagram.com\\\/miralles1986_\\\/\"]}]}<\/script>\n<!-- \/ Yoast SEO plugin. -->","yoast_head_json":{"title":"Jayden Pelican 0269 Parajumpers Hybrid Jacket - Miralles 1986","description":"The Jayden Pelican 0269 hybrid jacket from Parajumpers, belonging to the Spring-Summer 2026 collection, is part of the iconic Warm Up series.","robots":{"index":"index","follow":"follow","max-snippet":"max-snippet:-1","max-image-preview":"max-image-preview:large","max-video-preview":"max-video-preview:-1"},"canonical":"https:\/\/miralles1986.com\/en\/product\/chaqueta-hibrida-jayden-pelican-0269-parajumpers\/","og_locale":"en_GB","og_type":"article","og_title":"Chaqueta h\u00edbrida Jayden Pelican 0269 Parajumpers - Miralles 1986","og_description":"La chaqueta h\u00edbrida Jayden Pelican 0269 de Parajumpers perteneciente a la colecci\u00f3n Primavera-Verano 2026, pertenece a la emblem\u00e1tica serie Warm Up.","og_url":"https:\/\/miralles1986.com\/en\/product\/chaqueta-hibrida-jayden-pelican-0269-parajumpers\/","og_site_name":"Miralles 1986","article_publisher":"https:\/\/www.facebook.com\/miralles1986","article_modified_time":"2026-04-09T08:18:02+00:00","og_image":[{"width":1000,"height":1000,"url":"https:\/\/miralles1986.com\/wp-content\/uploads\/2026\/03\/chaqueta-hibrida-pelican-0269-jayden-parajumpers-5.jpg","type":"image\/jpeg"}],"twitter_card":"summary_large_image","twitter_misc":{"Estimated reading time":"3 minutes"},"schema":{"@context":"https:\/\/schema.org","@graph":[{"@type":"WebPage","@id":"https:\/\/miralles1986.com\/producto\/chaqueta-hibrida-jayden-pelican-0269-parajumpers\/","url":"https:\/\/miralles1986.com\/producto\/chaqueta-hibrida-jayden-pelican-0269-parajumpers\/","name":"Jayden Pelican 0269 Parajumpers Hybrid Jacket - Miralles 1986","isPartOf":{"@id":"https:\/\/miralles1986.com\/#website"},"primaryImageOfPage":{"@id":"https:\/\/miralles1986.com\/producto\/chaqueta-hibrida-jayden-pelican-0269-parajumpers\/#primaryimage"},"image":{"@id":"https:\/\/miralles1986.com\/producto\/chaqueta-hibrida-jayden-pelican-0269-parajumpers\/#primaryimage"},"thumbnailUrl":"https:\/\/miralles1986.com\/wp-content\/uploads\/2026\/03\/chaqueta-hibrida-pelican-0269-jayden-parajumpers-5.jpg","datePublished":"2026-03-03T16:56:21+00:00","dateModified":"2026-04-09T08:18:02+00:00","description":"The Jayden Pelican 0269 hybrid jacket from Parajumpers, belonging to the Spring-Summer 2026 collection, is part of the iconic Warm Up series.","breadcrumb":{"@id":"https:\/\/miralles1986.com\/producto\/chaqueta-hibrida-jayden-pelican-0269-parajumpers\/#breadcrumb"},"inLanguage":"en-GB","potentialAction":[{"@type":"ReadAction","target":["https:\/\/miralles1986.com\/producto\/chaqueta-hibrida-jayden-pelican-0269-parajumpers\/"]}]},{"@type":"ImageObject","inLanguage":"en-GB","@id":"https:\/\/miralles1986.com\/producto\/chaqueta-hibrida-jayden-pelican-0269-parajumpers\/#primaryimage","url":"https:\/\/miralles1986.com\/wp-content\/uploads\/2026\/03\/chaqueta-hibrida-pelican-0269-jayden-parajumpers-5.jpg","contentUrl":"https:\/\/miralles1986.com\/wp-content\/uploads\/2026\/03\/chaqueta-hibrida-pelican-0269-jayden-parajumpers-5.jpg","width":1000,"height":1000,"caption":"Chaqueta h\u00edbrida Jayden Pelican 0269 Parajumpers"},{"@type":"BreadcrumbList","@id":"https:\/\/miralles1986.com\/producto\/chaqueta-hibrida-jayden-pelican-0269-parajumpers\/#breadcrumb","itemListElement":[{"@type":"ListItem","position":1,"name":"Portada","item":"https:\/\/miralles1986.com\/"},{"@type":"ListItem","position":2,"name":"Ropa de lujo para hombre | Stone Island, Y-3, C.P. Company","item":"https:\/\/miralles1986.com\/tienda\/"},{"@type":"ListItem","position":3,"name":"Chaqueta h\u00edbrida Jayden Pelican 0269 Parajumpers"}]},{"@type":"WebSite","@id":"https:\/\/miralles1986.com\/#website","url":"https:\/\/miralles1986.com\/","name":"Miralles 1986","description":"Luxury men&#039;s fashion in Valencia","publisher":{"@id":"https:\/\/miralles1986.com\/#organization"},"potentialAction":[{"@type":"SearchAction","target":{"@type":"EntryPoint","urlTemplate":"https:\/\/miralles1986.com\/?s={search_term_string}"},"query-input":{"@type":"PropertyValueSpecification","valueRequired":true,"valueName":"search_term_string"}}],"inLanguage":"en-GB"},{"@type":"Organization","@id":"https:\/\/miralles1986.com\/#organization","name":"Miralles 1986","alternateName":"Miralles","url":"https:\/\/miralles1986.com\/","logo":{"@type":"ImageObject","inLanguage":"en-GB","@id":"https:\/\/miralles1986.com\/#\/schema\/logo\/image\/","url":"https:\/\/miralles1986.com\/wp-content\/uploads\/2024\/09\/logo-miralles-1986-pequeno-bl.png","contentUrl":"https:\/\/miralles1986.com\/wp-content\/uploads\/2024\/09\/logo-miralles-1986-pequeno-bl.png","width":201,"height":73,"caption":"Miralles 1986"},"image":{"@id":"https:\/\/miralles1986.com\/#\/schema\/logo\/image\/"},"sameAs":["https:\/\/www.facebook.com\/miralles1986","https:\/\/www.instagram.com\/miralles1986_\/"]}]}},"brands":[{"id":1076,"name":"Parajumpers","slug":"parajumpers"}],"_links":{"self":[{"href":"https:\/\/miralles1986.com\/en\/wp-json\/wp\/v2\/product\/17706","targetHints":{"allow":["GET"]}}],"collection":[{"href":"https:\/\/miralles1986.com\/en\/wp-json\/wp\/v2\/product"}],"about":[{"href":"https:\/\/miralles1986.com\/en\/wp-json\/wp\/v2\/types\/product"}],"replies":[{"embeddable":true,"href":"https:\/\/miralles1986.com\/en\/wp-json\/wp\/v2\/comments?post=17706"}],"wp:featuredmedia":[{"embeddable":true,"href":"https:\/\/miralles1986.com\/en\/wp-json\/wp\/v2\/media\/17836"}],"wp:attachment":[{"href":"https:\/\/miralles1986.com\/en\/wp-json\/wp\/v2\/media?parent=17706"}],"wp:term":[{"taxonomy":"pwb-brand","embeddable":true,"href":"https:\/\/miralles1986.com\/en\/wp-json\/wp\/v2\/pwb-brand?post=17706"},{"taxonomy":"product_brand","embeddable":true,"href":"https:\/\/miralles1986.com\/en\/wp-json\/wp\/v2\/product_brand?post=17706"},{"taxonomy":"product_cat","embeddable":true,"href":"https:\/\/miralles1986.com\/en\/wp-json\/wp\/v2\/product_cat?post=17706"},{"taxonomy":"product_tag","embeddable":true,"href":"https:\/\/miralles1986.com\/en\/wp-json\/wp\/v2\/product_tag?post=17706"}],"curies":[{"name":"wp","href":"https:\/\/api.w.org\/{rel}","templated":true}]}}